{"id":126,"date":"2020-01-05T21:53:09","date_gmt":"2020-01-05T20:53:09","guid":{"rendered":"https:\/\/stagpartynight.com\/es\/?post_type=product&#038;p=126"},"modified":"2026-04-16T06:16:59","modified_gmt":"2026-04-16T04:16:59","slug":"strippers-oporto","status":"publish","type":"product","link":"https:\/\/stagpartynight.com\/es\/product\/strippers-oporto\/","title":{"rendered":"Strippers Oporto"},"content":{"rendered":"<p>\u00bfBuscas a\u00f1adir un toque de elegancia y belleza a tu pr\u00f3ximo evento? Has llegado al lugar adecuado \u00a1Contrata a las Strippers <a href=\"https:\/\/es.wikipedia.org\/wiki\/Oporto\">Oporto<\/a>! No especules y d\u00e9jate seducir por las mas profesionales.<\/p>\n<p>Las Strippers en Oporto son artistas vers\u00e1tiles que pueden a\u00f1adir un toque de gracia y estilo a cualquier evento. Ya sea una <a href=\"https:\/\/stagpartynight.com\/es\/despedidas\/\">despedida de soltero<\/a>, una fiesta de cumplea\u00f1os, una recepci\u00f3n de empresa o cualquier otro tipo de evento. Nos desplazamos por toda la ciudad, adem\u00e1s cada Girl lleva su propio equipo de m\u00fasica para que no os preocup\u00e9is por nada. Siempre tendr\u00e1s a un coordinador al tel\u00e9fono por si necesitas contactarlo sea la hora que sea! As\u00ed, nunca estar\u00e9is solo en el d\u00eda de tu evento.<\/p>\n<p>Oporto es una ciudad portuguesa con muchos lugares especiales que ver y explorar. Algunos de los lugares m\u00e1s populares incluyen:<\/p>\n<ol>\n<li>El Castillo de los Moros: un impresionante castillo del siglo IX con vistas panor\u00e1micas de la ciudad y el r\u00edo Duero.<\/li>\n<li>El Mercado de Bolh\u00e3o: un animado mercado de comestibles que tambi\u00e9n ofrece excelentes opciones de comida y bebida.<\/li>\n<li>La Torre dos Cl\u00e9rigos: una torre del siglo XVIII con vistas panor\u00e1micas de la ciudad.<\/li>\n<li>El Parque de Serralves: un hermoso parque con jardines y una gran variedad de \u00e1rboles y plantas.<\/li>\n<li>El Puente de Don Lu\u00eds I: un impresionante puente del siglo XIX que cruza el r\u00edo Duero.<\/li>\n<\/ol>\n<p>\u00a1Estos son solo algunos de los muchos lugares especiales que encontrar\u00e1s en Oporto!<\/p>\n<h3>Las Strippers Oporto puede a\u00f1adir un toque especial y entretener a tus invitados en tu pr\u00f3ximo evento<\/h3>\n<p>Hay muchas bailarinas disponibles para eventos en toda ciudad. Puedes elegir entre diferentes estilos de baile, como por ejemplo, enfermera, polic\u00eda, colegiala, elegante, ballet, danza contempor\u00e1nea o el flamenco. Algunas bailarinas tambi\u00e9n ofrecen espect\u00e1culos en grupo o presentaciones tem\u00e1ticas, como bailes ex\u00f3ticos o con extras mas picantes. Por otro lado, tienes diferentes estilos de Girls. Desde rubias, morenas, tatuadas, con pechos grandes,\u00a0 strippers del este, latinas y mucho mas! De esta manera, ser\u00e1 mas f\u00e1cil sorprender al homenajeado.<\/p>\n<h4>Girls a domicilio Oporto \u2013 Strippers a domicilio \u2013 Stripers en Porto \u2013 Portugal<\/h4>\n<p>Cuando contrates a una bailarina para tu evento, aseg\u00farate de considerar su estilo de baile y c\u00f3mo encajar\u00e1 en tu evento. Tambi\u00e9n es importante asegurarse de que la bailarina tenga una amplia experiencia y sea profesional y confiable. Una vez que hayas encontrado a la bailarina perfecta para tu evento, puedes estar seguro de que tu evento ser\u00e1 inolvidable y lleno de elegancia y belleza.<\/p>\n<p>Sal de dudas y contacta ya! Tu striper te esta esperando\u2026<\/p>\n","protected":false},"excerpt":{"rendered":"<p>Espect\u00e1culo de striptease en privado. Elija con su grupo d\u00f3nde hacer el show ya sea en vuestro apartamento, limusina, restaurante o pub con habitaci\u00f3n privada. Chicas espectaculares, elegantes y sensuales a elecci\u00f3n.<\/p>\n","protected":false},"featured_media":1882,"comment_status":"open","ping_status":"closed","template":"","meta":{"_et_pb_use_builder":"","_et_pb_old_content":"","_et_gb_content_width":""},"product_brand":[],"product_cat":[20],"product_tag":[908,909,22,724,21],"class_list":{"0":"post-126","1":"product","2":"type-product","3":"status-publish","4":"has-post-thumbnail","6":"product_cat-oporto","7":"product_tag-girls-a-porto","8":"product_tag-hot-girls","9":"product_tag-stripers-oporto","10":"product_tag-stripers-porto","11":"product_tag-strippers-oporto","13":"first","14":"instock","15":"virtual","16":"product-type-simple"},"yoast_head":"<!-- This site is optimized with the Yoast SEO plugin v26.4 - https:\/\/yoast.com\/wordpress\/plugins\/seo\/ -->\n<title>Strippers Oporto - Girls a domicilio Oporto - Striper Porto<\/title>\n<meta name=\"description\" content=\"En Stagpartynight ponemos a tu alcance las mejores Strippers Oporto - Girls Oporto - Stripers Oporto - Strip Porto\" \/>\n<meta name=\"robots\" content=\"index, follow, max-snippet:-1, max-image-preview:large, max-video-preview:-1\" \/>\n<link rel=\"canonical\" href=\"https:\/\/stagpartynight.com\/es\/product\/strippers-oporto\/\" \/>\n<meta property=\"og:locale\" content=\"es_ES\" \/>\n<meta property=\"og:type\" content=\"article\" \/>\n<meta property=\"og:title\" content=\"Strippers Oporto - Girls a domicilio Oporto - Striper Porto\" \/>\n<meta property=\"og:description\" content=\"En Stagpartynight ponemos a tu alcance las mejores Strippers Oporto - Girls Oporto - Stripers Oporto - Strip Porto\" \/>\n<meta property=\"og:url\" content=\"https:\/\/stagpartynight.com\/es\/product\/strippers-oporto\/\" \/>\n<meta property=\"og:site_name\" content=\"Despedida de Soltero\" \/>\n<meta property=\"article:modified_time\" content=\"2026-04-16T04:16:59+00:00\" \/>\n<meta property=\"og:image\" content=\"https:\/\/stagpartynight.com\/es\/wp-content\/uploads\/sites\/2\/2021\/01\/morena-marbella.jpg\" \/>\n\t<meta property=\"og:image:width\" content=\"720\" \/>\n\t<meta property=\"og:image:height\" content=\"960\" \/>\n\t<meta property=\"og:image:type\" content=\"image\/jpeg\" \/>\n<meta name=\"twitter:card\" content=\"summary_large_image\" \/>\n<meta name=\"twitter:label1\" content=\"Tiempo de lectura\" \/>\n\t<meta name=\"twitter:data1\" content=\"2 minutos\" \/>\n<script type=\"application\/ld+json\" class=\"yoast-schema-graph\">{\"@context\":\"https:\/\/schema.org\",\"@graph\":[{\"@type\":\"WebPage\",\"@id\":\"https:\/\/stagpartynight.com\/es\/product\/strippers-oporto\/\",\"url\":\"https:\/\/stagpartynight.com\/es\/product\/strippers-oporto\/\",\"name\":\"Strippers Oporto - Girls a domicilio Oporto - Striper Porto\",\"isPartOf\":{\"@id\":\"https:\/\/stagpartynight.com\/es\/#website\"},\"primaryImageOfPage\":{\"@id\":\"https:\/\/stagpartynight.com\/es\/product\/strippers-oporto\/#primaryimage\"},\"image\":{\"@id\":\"https:\/\/stagpartynight.com\/es\/product\/strippers-oporto\/#primaryimage\"},\"thumbnailUrl\":\"https:\/\/stagpartynight.com\/es\/wp-content\/uploads\/sites\/2\/2021\/01\/morena-marbella.jpg\",\"datePublished\":\"2020-01-05T20:53:09+00:00\",\"dateModified\":\"2026-04-16T04:16:59+00:00\",\"description\":\"En Stagpartynight ponemos a tu alcance las mejores Strippers Oporto - Girls Oporto - Stripers Oporto - Strip Porto\",\"breadcrumb\":{\"@id\":\"https:\/\/stagpartynight.com\/es\/product\/strippers-oporto\/#breadcrumb\"},\"inLanguage\":\"es\",\"potentialAction\":[{\"@type\":\"ReadAction\",\"target\":[\"https:\/\/stagpartynight.com\/es\/product\/strippers-oporto\/\"]}]},{\"@type\":\"ImageObject\",\"inLanguage\":\"es\",\"@id\":\"https:\/\/stagpartynight.com\/es\/product\/strippers-oporto\/#primaryimage\",\"url\":\"https:\/\/stagpartynight.com\/es\/wp-content\/uploads\/sites\/2\/2021\/01\/morena-marbella.jpg\",\"contentUrl\":\"https:\/\/stagpartynight.com\/es\/wp-content\/uploads\/sites\/2\/2021\/01\/morena-marbella.jpg\",\"width\":720,\"height\":960},{\"@type\":\"BreadcrumbList\",\"@id\":\"https:\/\/stagpartynight.com\/es\/product\/strippers-oporto\/#breadcrumb\",\"itemListElement\":[{\"@type\":\"ListItem\",\"position\":1,\"name\":\"Home\",\"item\":\"https:\/\/stagpartynight.com\/es\/\"},{\"@type\":\"ListItem\",\"position\":2,\"name\":\"Tienda\",\"item\":\"https:\/\/stagpartynight.com\/es\/tienda\/\"},{\"@type\":\"ListItem\",\"position\":3,\"name\":\"Strippers Oporto\"}]},{\"@type\":\"WebSite\",\"@id\":\"https:\/\/stagpartynight.com\/es\/#website\",\"url\":\"https:\/\/stagpartynight.com\/es\/\",\"name\":\"Stag Party Night\",\"description\":\"Your Stag Party Customized\",\"publisher\":{\"@id\":\"https:\/\/stagpartynight.com\/es\/#organization\"},\"potentialAction\":[{\"@type\":\"SearchAction\",\"target\":{\"@type\":\"EntryPoint\",\"urlTemplate\":\"https:\/\/stagpartynight.com\/es\/?s={search_term_string}\"},\"query-input\":{\"@type\":\"PropertyValueSpecification\",\"valueRequired\":true,\"valueName\":\"search_term_string\"}}],\"inLanguage\":\"es\"},{\"@type\":\"Organization\",\"@id\":\"https:\/\/stagpartynight.com\/es\/#organization\",\"name\":\"Stag Party Night\",\"url\":\"https:\/\/stagpartynight.com\/es\/\",\"logo\":{\"@type\":\"ImageObject\",\"inLanguage\":\"es\",\"@id\":\"https:\/\/stagpartynight.com\/es\/#\/schema\/logo\/image\/\",\"url\":\"https:\/\/stagpartynight.com\/es\/wp-content\/uploads\/sites\/2\/2019\/12\/stagpartynight-e1578565505687.png\",\"contentUrl\":\"https:\/\/stagpartynight.com\/es\/wp-content\/uploads\/sites\/2\/2019\/12\/stagpartynight-e1578565505687.png\",\"width\":400,\"height\":400,\"caption\":\"Stag Party Night\"},\"image\":{\"@id\":\"https:\/\/stagpartynight.com\/es\/#\/schema\/logo\/image\/\"}}]}<\/script>\n<!-- \/ Yoast SEO plugin. -->","yoast_head_json":{"title":"Strippers Oporto - Girls a domicilio Oporto - Striper Porto","description":"En Stagpartynight ponemos a tu alcance las mejores Strippers Oporto - Girls Oporto - Stripers Oporto - Strip Porto","robots":{"index":"index","follow":"follow","max-snippet":"max-snippet:-1","max-image-preview":"max-image-preview:large","max-video-preview":"max-video-preview:-1"},"canonical":"https:\/\/stagpartynight.com\/es\/product\/strippers-oporto\/","og_locale":"es_ES","og_type":"article","og_title":"Strippers Oporto - Girls a domicilio Oporto - Striper Porto","og_description":"En Stagpartynight ponemos a tu alcance las mejores Strippers Oporto - Girls Oporto - Stripers Oporto - Strip Porto","og_url":"https:\/\/stagpartynight.com\/es\/product\/strippers-oporto\/","og_site_name":"Despedida de Soltero","article_modified_time":"2026-04-16T04:16:59+00:00","og_image":[{"width":720,"height":960,"url":"https:\/\/stagpartynight.com\/es\/wp-content\/uploads\/sites\/2\/2021\/01\/morena-marbella.jpg","type":"image\/jpeg"}],"twitter_card":"summary_large_image","twitter_misc":{"Tiempo de lectura":"2 minutos"},"schema":{"@context":"https:\/\/schema.org","@graph":[{"@type":"WebPage","@id":"https:\/\/stagpartynight.com\/es\/product\/strippers-oporto\/","url":"https:\/\/stagpartynight.com\/es\/product\/strippers-oporto\/","name":"Strippers Oporto - Girls a domicilio Oporto - Striper Porto","isPartOf":{"@id":"https:\/\/stagpartynight.com\/es\/#website"},"primaryImageOfPage":{"@id":"https:\/\/stagpartynight.com\/es\/product\/strippers-oporto\/#primaryimage"},"image":{"@id":"https:\/\/stagpartynight.com\/es\/product\/strippers-oporto\/#primaryimage"},"thumbnailUrl":"https:\/\/stagpartynight.com\/es\/wp-content\/uploads\/sites\/2\/2021\/01\/morena-marbella.jpg","datePublished":"2020-01-05T20:53:09+00:00","dateModified":"2026-04-16T04:16:59+00:00","description":"En Stagpartynight ponemos a tu alcance las mejores Strippers Oporto - Girls Oporto - Stripers Oporto - Strip Porto","breadcrumb":{"@id":"https:\/\/stagpartynight.com\/es\/product\/strippers-oporto\/#breadcrumb"},"inLanguage":"es","potentialAction":[{"@type":"ReadAction","target":["https:\/\/stagpartynight.com\/es\/product\/strippers-oporto\/"]}]},{"@type":"ImageObject","inLanguage":"es","@id":"https:\/\/stagpartynight.com\/es\/product\/strippers-oporto\/#primaryimage","url":"https:\/\/stagpartynight.com\/es\/wp-content\/uploads\/sites\/2\/2021\/01\/morena-marbella.jpg","contentUrl":"https:\/\/stagpartynight.com\/es\/wp-content\/uploads\/sites\/2\/2021\/01\/morena-marbella.jpg","width":720,"height":960},{"@type":"BreadcrumbList","@id":"https:\/\/stagpartynight.com\/es\/product\/strippers-oporto\/#breadcrumb","itemListElement":[{"@type":"ListItem","position":1,"name":"Home","item":"https:\/\/stagpartynight.com\/es\/"},{"@type":"ListItem","position":2,"name":"Tienda","item":"https:\/\/stagpartynight.com\/es\/tienda\/"},{"@type":"ListItem","position":3,"name":"Strippers Oporto"}]},{"@type":"WebSite","@id":"https:\/\/stagpartynight.com\/es\/#website","url":"https:\/\/stagpartynight.com\/es\/","name":"Stag Party Night","description":"Your Stag Party Customized","publisher":{"@id":"https:\/\/stagpartynight.com\/es\/#organization"},"potentialAction":[{"@type":"SearchAction","target":{"@type":"EntryPoint","urlTemplate":"https:\/\/stagpartynight.com\/es\/?s={search_term_string}"},"query-input":{"@type":"PropertyValueSpecification","valueRequired":true,"valueName":"search_term_string"}}],"inLanguage":"es"},{"@type":"Organization","@id":"https:\/\/stagpartynight.com\/es\/#organization","name":"Stag Party Night","url":"https:\/\/stagpartynight.com\/es\/","logo":{"@type":"ImageObject","inLanguage":"es","@id":"https:\/\/stagpartynight.com\/es\/#\/schema\/logo\/image\/","url":"https:\/\/stagpartynight.com\/es\/wp-content\/uploads\/sites\/2\/2019\/12\/stagpartynight-e1578565505687.png","contentUrl":"https:\/\/stagpartynight.com\/es\/wp-content\/uploads\/sites\/2\/2019\/12\/stagpartynight-e1578565505687.png","width":400,"height":400,"caption":"Stag Party Night"},"image":{"@id":"https:\/\/stagpartynight.com\/es\/#\/schema\/logo\/image\/"}}]}},"_links":{"self":[{"href":"https:\/\/stagpartynight.com\/es\/wp-json\/wp\/v2\/product\/126","targetHints":{"allow":["GET"]}}],"collection":[{"href":"https:\/\/stagpartynight.com\/es\/wp-json\/wp\/v2\/product"}],"about":[{"href":"https:\/\/stagpartynight.com\/es\/wp-json\/wp\/v2\/types\/product"}],"replies":[{"embeddable":true,"href":"https:\/\/stagpartynight.com\/es\/wp-json\/wp\/v2\/comments?post=126"}],"wp:featuredmedia":[{"embeddable":true,"href":"https:\/\/stagpartynight.com\/es\/wp-json\/wp\/v2\/media\/1882"}],"wp:attachment":[{"href":"https:\/\/stagpartynight.com\/es\/wp-json\/wp\/v2\/media?parent=126"}],"wp:term":[{"taxonomy":"product_brand","embeddable":true,"href":"https:\/\/stagpartynight.com\/es\/wp-json\/wp\/v2\/product_brand?post=126"},{"taxonomy":"product_cat","embeddable":true,"href":"https:\/\/stagpartynight.com\/es\/wp-json\/wp\/v2\/product_cat?post=126"},{"taxonomy":"product_tag","embeddable":true,"href":"https:\/\/stagpartynight.com\/es\/wp-json\/wp\/v2\/product_tag?post=126"}],"curies":[{"name":"wp","href":"https:\/\/api.w.org\/{rel}","templated":true}]}}