{"id":143,"date":"2020-01-05T22:50:53","date_gmt":"2020-01-05T21:50:53","guid":{"rendered":"https:\/\/stagpartynight.com\/es\/?post_type=product&#038;p=143"},"modified":"2022-12-22T15:48:33","modified_gmt":"2022-12-22T14:48:33","slug":"dinner-oporto","status":"publish","type":"product","link":"https:\/\/stagpartynight.com\/es\/product\/dinner-oporto\/","title":{"rendered":"Cenas Oporto"},"content":{"rendered":"<p>La comida portuguesa es una gran atracci\u00f3n para los turistas. Elige entre sus restaurantes sus comidas como las t\u00edpicas tapas portuguesas hasta los diferentes men\u00fas de grupo. Posibilidad de men\u00fas para vegetarianos, cel\u00edacos o sin gluten. Posibilidad de sala privada.<\/p>\n","protected":false},"excerpt":{"rendered":"<p>La comida portuguesa es una gran atracci\u00f3n para los turistas. Elige entre sus restaurantes sus comidas como las t\u00edpicas tapas portuguesas hasta los diferentes men\u00fas de grupo. Posibilidad de men\u00fas para vegetarianos, cel\u00edacos o sin gluten. Posibilidad de sala privada.<\/p>\n","protected":false},"featured_media":134,"comment_status":"open","ping_status":"closed","template":"","meta":{"_et_pb_use_builder":"","_et_pb_old_content":"","_et_gb_content_width":""},"product_brand":[],"product_cat":[20],"product_tag":[708,707,709,30],"class_list":{"0":"post-143","1":"product","2":"type-product","3":"status-publish","4":"has-post-thumbnail","6":"product_cat-oporto","7":"product_tag-cena-oporto","8":"product_tag-cenas-oporto","9":"product_tag-cenas-para-grupos","10":"product_tag-dinner-oporto","12":"first","13":"instock","14":"virtual","15":"product-type-simple"},"yoast_head":"<!-- This site is optimized with the Yoast SEO plugin v26.4 - https:\/\/yoast.com\/wordpress\/plugins\/seo\/ -->\n<title>Cenas Oporto - Cenas en Oporto - Cena Porto - Dinner<\/title>\n<meta name=\"description\" content=\"Cenas Oporto - La comida portuguesa es una gran atracci\u00f3n para los turistas. Elige entre sus restaurantes sus comidas como las t\u00edpicas tapas portuguesas hasta los diferentes platos tradicionales.\" \/>\n<meta name=\"robots\" content=\"index, follow, max-snippet:-1, max-image-preview:large, max-video-preview:-1\" \/>\n<link rel=\"canonical\" href=\"https:\/\/stagpartynight.com\/es\/product\/dinner-oporto\/\" \/>\n<meta property=\"og:locale\" content=\"es_ES\" \/>\n<meta property=\"og:type\" content=\"article\" \/>\n<meta property=\"og:title\" content=\"Cenas Oporto - Cenas en Oporto - Cena Porto - Dinner\" \/>\n<meta property=\"og:description\" content=\"Cenas Oporto - La comida portuguesa es una gran atracci\u00f3n para los turistas. Elige entre sus restaurantes sus comidas como las t\u00edpicas tapas portuguesas hasta los diferentes platos tradicionales.\" \/>\n<meta property=\"og:url\" content=\"https:\/\/stagpartynight.com\/es\/product\/dinner-oporto\/\" \/>\n<meta property=\"og:site_name\" content=\"Despedida de Soltero\" \/>\n<meta property=\"article:modified_time\" content=\"2022-12-22T14:48:33+00:00\" \/>\n<meta property=\"og:image\" content=\"https:\/\/stagpartynight.com\/es\/wp-content\/uploads\/sites\/2\/2020\/01\/erotic-show-dinner.jpg\" \/>\n\t<meta property=\"og:image:width\" content=\"720\" \/>\n\t<meta property=\"og:image:height\" content=\"480\" \/>\n\t<meta property=\"og:image:type\" content=\"image\/jpeg\" \/>\n<meta name=\"twitter:card\" content=\"summary_large_image\" \/>\n<script type=\"application\/ld+json\" class=\"yoast-schema-graph\">{\"@context\":\"https:\/\/schema.org\",\"@graph\":[{\"@type\":\"WebPage\",\"@id\":\"https:\/\/stagpartynight.com\/es\/product\/dinner-oporto\/\",\"url\":\"https:\/\/stagpartynight.com\/es\/product\/dinner-oporto\/\",\"name\":\"Cenas Oporto - Cenas en Oporto - Cena Porto - Dinner\",\"isPartOf\":{\"@id\":\"https:\/\/stagpartynight.com\/es\/#website\"},\"primaryImageOfPage\":{\"@id\":\"https:\/\/stagpartynight.com\/es\/product\/dinner-oporto\/#primaryimage\"},\"image\":{\"@id\":\"https:\/\/stagpartynight.com\/es\/product\/dinner-oporto\/#primaryimage\"},\"thumbnailUrl\":\"https:\/\/stagpartynight.com\/es\/wp-content\/uploads\/sites\/2\/2020\/01\/erotic-show-dinner.jpg\",\"datePublished\":\"2020-01-05T21:50:53+00:00\",\"dateModified\":\"2022-12-22T14:48:33+00:00\",\"description\":\"Cenas Oporto - La comida portuguesa es una gran atracci\u00f3n para los turistas. Elige entre sus restaurantes sus comidas como las t\u00edpicas tapas portuguesas hasta los diferentes platos tradicionales.\",\"breadcrumb\":{\"@id\":\"https:\/\/stagpartynight.com\/es\/product\/dinner-oporto\/#breadcrumb\"},\"inLanguage\":\"es\",\"potentialAction\":[{\"@type\":\"ReadAction\",\"target\":[\"https:\/\/stagpartynight.com\/es\/product\/dinner-oporto\/\"]}]},{\"@type\":\"ImageObject\",\"inLanguage\":\"es\",\"@id\":\"https:\/\/stagpartynight.com\/es\/product\/dinner-oporto\/#primaryimage\",\"url\":\"https:\/\/stagpartynight.com\/es\/wp-content\/uploads\/sites\/2\/2020\/01\/erotic-show-dinner.jpg\",\"contentUrl\":\"https:\/\/stagpartynight.com\/es\/wp-content\/uploads\/sites\/2\/2020\/01\/erotic-show-dinner.jpg\",\"width\":720,\"height\":480},{\"@type\":\"BreadcrumbList\",\"@id\":\"https:\/\/stagpartynight.com\/es\/product\/dinner-oporto\/#breadcrumb\",\"itemListElement\":[{\"@type\":\"ListItem\",\"position\":1,\"name\":\"Home\",\"item\":\"https:\/\/stagpartynight.com\/es\/\"},{\"@type\":\"ListItem\",\"position\":2,\"name\":\"Tienda\",\"item\":\"https:\/\/stagpartynight.com\/es\/tienda\/\"},{\"@type\":\"ListItem\",\"position\":3,\"name\":\"Cenas Oporto\"}]},{\"@type\":\"WebSite\",\"@id\":\"https:\/\/stagpartynight.com\/es\/#website\",\"url\":\"https:\/\/stagpartynight.com\/es\/\",\"name\":\"Stag Party Night\",\"description\":\"Your Stag Party Customized\",\"publisher\":{\"@id\":\"https:\/\/stagpartynight.com\/es\/#organization\"},\"potentialAction\":[{\"@type\":\"SearchAction\",\"target\":{\"@type\":\"EntryPoint\",\"urlTemplate\":\"https:\/\/stagpartynight.com\/es\/?s={search_term_string}\"},\"query-input\":{\"@type\":\"PropertyValueSpecification\",\"valueRequired\":true,\"valueName\":\"search_term_string\"}}],\"inLanguage\":\"es\"},{\"@type\":\"Organization\",\"@id\":\"https:\/\/stagpartynight.com\/es\/#organization\",\"name\":\"Stag Party Night\",\"url\":\"https:\/\/stagpartynight.com\/es\/\",\"logo\":{\"@type\":\"ImageObject\",\"inLanguage\":\"es\",\"@id\":\"https:\/\/stagpartynight.com\/es\/#\/schema\/logo\/image\/\",\"url\":\"https:\/\/stagpartynight.com\/es\/wp-content\/uploads\/sites\/2\/2019\/12\/stagpartynight-e1578565505687.png\",\"contentUrl\":\"https:\/\/stagpartynight.com\/es\/wp-content\/uploads\/sites\/2\/2019\/12\/stagpartynight-e1578565505687.png\",\"width\":400,\"height\":400,\"caption\":\"Stag Party Night\"},\"image\":{\"@id\":\"https:\/\/stagpartynight.com\/es\/#\/schema\/logo\/image\/\"}}]}<\/script>\n<!-- \/ Yoast SEO plugin. -->","yoast_head_json":{"title":"Cenas Oporto - Cenas en Oporto - Cena Porto - Dinner","description":"Cenas Oporto - La comida portuguesa es una gran atracci\u00f3n para los turistas. Elige entre sus restaurantes sus comidas como las t\u00edpicas tapas portuguesas hasta los diferentes platos tradicionales.","robots":{"index":"index","follow":"follow","max-snippet":"max-snippet:-1","max-image-preview":"max-image-preview:large","max-video-preview":"max-video-preview:-1"},"canonical":"https:\/\/stagpartynight.com\/es\/product\/dinner-oporto\/","og_locale":"es_ES","og_type":"article","og_title":"Cenas Oporto - Cenas en Oporto - Cena Porto - Dinner","og_description":"Cenas Oporto - La comida portuguesa es una gran atracci\u00f3n para los turistas. Elige entre sus restaurantes sus comidas como las t\u00edpicas tapas portuguesas hasta los diferentes platos tradicionales.","og_url":"https:\/\/stagpartynight.com\/es\/product\/dinner-oporto\/","og_site_name":"Despedida de Soltero","article_modified_time":"2022-12-22T14:48:33+00:00","og_image":[{"width":720,"height":480,"url":"https:\/\/stagpartynight.com\/es\/wp-content\/uploads\/sites\/2\/2020\/01\/erotic-show-dinner.jpg","type":"image\/jpeg"}],"twitter_card":"summary_large_image","schema":{"@context":"https:\/\/schema.org","@graph":[{"@type":"WebPage","@id":"https:\/\/stagpartynight.com\/es\/product\/dinner-oporto\/","url":"https:\/\/stagpartynight.com\/es\/product\/dinner-oporto\/","name":"Cenas Oporto - Cenas en Oporto - Cena Porto - Dinner","isPartOf":{"@id":"https:\/\/stagpartynight.com\/es\/#website"},"primaryImageOfPage":{"@id":"https:\/\/stagpartynight.com\/es\/product\/dinner-oporto\/#primaryimage"},"image":{"@id":"https:\/\/stagpartynight.com\/es\/product\/dinner-oporto\/#primaryimage"},"thumbnailUrl":"https:\/\/stagpartynight.com\/es\/wp-content\/uploads\/sites\/2\/2020\/01\/erotic-show-dinner.jpg","datePublished":"2020-01-05T21:50:53+00:00","dateModified":"2022-12-22T14:48:33+00:00","description":"Cenas Oporto - La comida portuguesa es una gran atracci\u00f3n para los turistas. Elige entre sus restaurantes sus comidas como las t\u00edpicas tapas portuguesas hasta los diferentes platos tradicionales.","breadcrumb":{"@id":"https:\/\/stagpartynight.com\/es\/product\/dinner-oporto\/#breadcrumb"},"inLanguage":"es","potentialAction":[{"@type":"ReadAction","target":["https:\/\/stagpartynight.com\/es\/product\/dinner-oporto\/"]}]},{"@type":"ImageObject","inLanguage":"es","@id":"https:\/\/stagpartynight.com\/es\/product\/dinner-oporto\/#primaryimage","url":"https:\/\/stagpartynight.com\/es\/wp-content\/uploads\/sites\/2\/2020\/01\/erotic-show-dinner.jpg","contentUrl":"https:\/\/stagpartynight.com\/es\/wp-content\/uploads\/sites\/2\/2020\/01\/erotic-show-dinner.jpg","width":720,"height":480},{"@type":"BreadcrumbList","@id":"https:\/\/stagpartynight.com\/es\/product\/dinner-oporto\/#breadcrumb","itemListElement":[{"@type":"ListItem","position":1,"name":"Home","item":"https:\/\/stagpartynight.com\/es\/"},{"@type":"ListItem","position":2,"name":"Tienda","item":"https:\/\/stagpartynight.com\/es\/tienda\/"},{"@type":"ListItem","position":3,"name":"Cenas Oporto"}]},{"@type":"WebSite","@id":"https:\/\/stagpartynight.com\/es\/#website","url":"https:\/\/stagpartynight.com\/es\/","name":"Stag Party Night","description":"Your Stag Party Customized","publisher":{"@id":"https:\/\/stagpartynight.com\/es\/#organization"},"potentialAction":[{"@type":"SearchAction","target":{"@type":"EntryPoint","urlTemplate":"https:\/\/stagpartynight.com\/es\/?s={search_term_string}"},"query-input":{"@type":"PropertyValueSpecification","valueRequired":true,"valueName":"search_term_string"}}],"inLanguage":"es"},{"@type":"Organization","@id":"https:\/\/stagpartynight.com\/es\/#organization","name":"Stag Party Night","url":"https:\/\/stagpartynight.com\/es\/","logo":{"@type":"ImageObject","inLanguage":"es","@id":"https:\/\/stagpartynight.com\/es\/#\/schema\/logo\/image\/","url":"https:\/\/stagpartynight.com\/es\/wp-content\/uploads\/sites\/2\/2019\/12\/stagpartynight-e1578565505687.png","contentUrl":"https:\/\/stagpartynight.com\/es\/wp-content\/uploads\/sites\/2\/2019\/12\/stagpartynight-e1578565505687.png","width":400,"height":400,"caption":"Stag Party Night"},"image":{"@id":"https:\/\/stagpartynight.com\/es\/#\/schema\/logo\/image\/"}}]}},"_links":{"self":[{"href":"https:\/\/stagpartynight.com\/es\/wp-json\/wp\/v2\/product\/143","targetHints":{"allow":["GET"]}}],"collection":[{"href":"https:\/\/stagpartynight.com\/es\/wp-json\/wp\/v2\/product"}],"about":[{"href":"https:\/\/stagpartynight.com\/es\/wp-json\/wp\/v2\/types\/product"}],"replies":[{"embeddable":true,"href":"https:\/\/stagpartynight.com\/es\/wp-json\/wp\/v2\/comments?post=143"}],"wp:featuredmedia":[{"embeddable":true,"href":"https:\/\/stagpartynight.com\/es\/wp-json\/wp\/v2\/media\/134"}],"wp:attachment":[{"href":"https:\/\/stagpartynight.com\/es\/wp-json\/wp\/v2\/media?parent=143"}],"wp:term":[{"taxonomy":"product_brand","embeddable":true,"href":"https:\/\/stagpartynight.com\/es\/wp-json\/wp\/v2\/product_brand?post=143"},{"taxonomy":"product_cat","embeddable":true,"href":"https:\/\/stagpartynight.com\/es\/wp-json\/wp\/v2\/product_cat?post=143"},{"taxonomy":"product_tag","embeddable":true,"href":"https:\/\/stagpartynight.com\/es\/wp-json\/wp\/v2\/product_tag?post=143"}],"curies":[{"name":"wp","href":"https:\/\/api.w.org\/{rel}","templated":true}]}}