{"id":153,"date":"2020-01-06T11:54:55","date_gmt":"2020-01-06T10:54:55","guid":{"rendered":"https:\/\/stagpartynight.com\/es\/?post_type=product&#038;p=153"},"modified":"2022-12-23T15:52:39","modified_gmt":"2022-12-23T14:52:39","slug":"tour-guimaraes-braga","status":"publish","type":"product","link":"https:\/\/stagpartynight.com\/es\/product\/tour-guimaraes-braga\/","title":{"rendered":"Tour Guimaraes\/Braga"},"content":{"rendered":"<p>Todo el d\u00eda en un tour por Braga-Guimaraes con un gu\u00eda local, para conocer la historia, las costumbres y tradiciones de estas ciudades milenarias. Est\u00e1n incluidos bocadillos ligeros y agua. Reserva anticipada con un m\u00ednimo de 48 horas de antelaci\u00f3n. Salida y regreso de Oporto en transporte privado.<\/p>\n","protected":false},"excerpt":{"rendered":"<p>Todo el d\u00eda en un tour por Braga-Guimaraes con un gu\u00eda local, para conocer la historia, las costumbres y tradiciones de estas ciudades milenarias. Est\u00e1n incluidos bocadillos ligeros y agua. Reserva anticipada con un m\u00ednimo de 48 horas de antelaci\u00f3n. Salida y regreso de Oporto en transporte privado.<\/p>\n","protected":false},"featured_media":154,"comment_status":"open","ping_status":"closed","template":"","meta":{"_et_pb_use_builder":"","_et_pb_old_content":"","_et_gb_content_width":""},"product_brand":[],"product_cat":[20],"product_tag":[37,36,934],"class_list":{"0":"post-153","1":"product","2":"type-product","3":"status-publish","4":"has-post-thumbnail","6":"product_cat-oporto","7":"product_tag-tour-braga","8":"product_tag-tour-guimaraes","9":"product_tag-tour-guimaraes-braga","11":"first","12":"instock","13":"virtual","14":"product-type-simple"},"yoast_head":"<!-- This site is optimized with the Yoast SEO plugin v26.4 - https:\/\/yoast.com\/wordpress\/plugins\/seo\/ -->\n<title>Tour Guimaraes\/Braga - Guimaraes Tour - Braga Tour - Porto Tour<\/title>\n<meta name=\"description\" content=\"Tour Guimaraes\/Braga - Todo el d\u00eda en un tour con un gu\u00eda local para conocer la historia, las costumbres y tradiciones de estas ciudades milenarias.\" \/>\n<meta name=\"robots\" content=\"index, follow, max-snippet:-1, max-image-preview:large, max-video-preview:-1\" \/>\n<link rel=\"canonical\" href=\"https:\/\/stagpartynight.com\/es\/product\/tour-guimaraes-braga\/\" \/>\n<meta property=\"og:locale\" content=\"es_ES\" \/>\n<meta property=\"og:type\" content=\"article\" \/>\n<meta property=\"og:title\" content=\"Tour Guimaraes\/Braga - Guimaraes Tour - Braga Tour - Porto Tour\" \/>\n<meta property=\"og:description\" content=\"Tour Guimaraes\/Braga - Todo el d\u00eda en un tour con un gu\u00eda local para conocer la historia, las costumbres y tradiciones de estas ciudades milenarias.\" \/>\n<meta property=\"og:url\" content=\"https:\/\/stagpartynight.com\/es\/product\/tour-guimaraes-braga\/\" \/>\n<meta property=\"og:site_name\" content=\"Despedida de Soltero\" \/>\n<meta property=\"article:modified_time\" content=\"2022-12-23T14:52:39+00:00\" \/>\n<meta property=\"og:image\" content=\"https:\/\/stagpartynight.com\/es\/wp-content\/uploads\/sites\/2\/2020\/01\/castillo-guimaraes-panoramica.jpg\" \/>\n\t<meta property=\"og:image:width\" content=\"1200\" \/>\n\t<meta property=\"og:image:height\" content=\"800\" \/>\n\t<meta property=\"og:image:type\" content=\"image\/jpeg\" \/>\n<meta name=\"twitter:card\" content=\"summary_large_image\" \/>\n<script type=\"application\/ld+json\" class=\"yoast-schema-graph\">{\"@context\":\"https:\/\/schema.org\",\"@graph\":[{\"@type\":\"WebPage\",\"@id\":\"https:\/\/stagpartynight.com\/es\/product\/tour-guimaraes-braga\/\",\"url\":\"https:\/\/stagpartynight.com\/es\/product\/tour-guimaraes-braga\/\",\"name\":\"Tour Guimaraes\/Braga - Guimaraes Tour - Braga Tour - Porto Tour\",\"isPartOf\":{\"@id\":\"https:\/\/stagpartynight.com\/es\/#website\"},\"primaryImageOfPage\":{\"@id\":\"https:\/\/stagpartynight.com\/es\/product\/tour-guimaraes-braga\/#primaryimage\"},\"image\":{\"@id\":\"https:\/\/stagpartynight.com\/es\/product\/tour-guimaraes-braga\/#primaryimage\"},\"thumbnailUrl\":\"https:\/\/stagpartynight.com\/es\/wp-content\/uploads\/sites\/2\/2020\/01\/castillo-guimaraes-panoramica.jpg\",\"datePublished\":\"2020-01-06T10:54:55+00:00\",\"dateModified\":\"2022-12-23T14:52:39+00:00\",\"description\":\"Tour Guimaraes\/Braga - Todo el d\u00eda en un tour con un gu\u00eda local para conocer la historia, las costumbres y tradiciones de estas ciudades milenarias.\",\"breadcrumb\":{\"@id\":\"https:\/\/stagpartynight.com\/es\/product\/tour-guimaraes-braga\/#breadcrumb\"},\"inLanguage\":\"es\",\"potentialAction\":[{\"@type\":\"ReadAction\",\"target\":[\"https:\/\/stagpartynight.com\/es\/product\/tour-guimaraes-braga\/\"]}]},{\"@type\":\"ImageObject\",\"inLanguage\":\"es\",\"@id\":\"https:\/\/stagpartynight.com\/es\/product\/tour-guimaraes-braga\/#primaryimage\",\"url\":\"https:\/\/stagpartynight.com\/es\/wp-content\/uploads\/sites\/2\/2020\/01\/castillo-guimaraes-panoramica.jpg\",\"contentUrl\":\"https:\/\/stagpartynight.com\/es\/wp-content\/uploads\/sites\/2\/2020\/01\/castillo-guimaraes-panoramica.jpg\",\"width\":1200,\"height\":800},{\"@type\":\"BreadcrumbList\",\"@id\":\"https:\/\/stagpartynight.com\/es\/product\/tour-guimaraes-braga\/#breadcrumb\",\"itemListElement\":[{\"@type\":\"ListItem\",\"position\":1,\"name\":\"Home\",\"item\":\"https:\/\/stagpartynight.com\/es\/\"},{\"@type\":\"ListItem\",\"position\":2,\"name\":\"Tienda\",\"item\":\"https:\/\/stagpartynight.com\/es\/tienda\/\"},{\"@type\":\"ListItem\",\"position\":3,\"name\":\"Tour Guimaraes\/Braga\"}]},{\"@type\":\"WebSite\",\"@id\":\"https:\/\/stagpartynight.com\/es\/#website\",\"url\":\"https:\/\/stagpartynight.com\/es\/\",\"name\":\"Stag Party Night\",\"description\":\"Your Stag Party Customized\",\"publisher\":{\"@id\":\"https:\/\/stagpartynight.com\/es\/#organization\"},\"potentialAction\":[{\"@type\":\"SearchAction\",\"target\":{\"@type\":\"EntryPoint\",\"urlTemplate\":\"https:\/\/stagpartynight.com\/es\/?s={search_term_string}\"},\"query-input\":{\"@type\":\"PropertyValueSpecification\",\"valueRequired\":true,\"valueName\":\"search_term_string\"}}],\"inLanguage\":\"es\"},{\"@type\":\"Organization\",\"@id\":\"https:\/\/stagpartynight.com\/es\/#organization\",\"name\":\"Stag Party Night\",\"url\":\"https:\/\/stagpartynight.com\/es\/\",\"logo\":{\"@type\":\"ImageObject\",\"inLanguage\":\"es\",\"@id\":\"https:\/\/stagpartynight.com\/es\/#\/schema\/logo\/image\/\",\"url\":\"https:\/\/stagpartynight.com\/es\/wp-content\/uploads\/sites\/2\/2019\/12\/stagpartynight-e1578565505687.png\",\"contentUrl\":\"https:\/\/stagpartynight.com\/es\/wp-content\/uploads\/sites\/2\/2019\/12\/stagpartynight-e1578565505687.png\",\"width\":400,\"height\":400,\"caption\":\"Stag Party Night\"},\"image\":{\"@id\":\"https:\/\/stagpartynight.com\/es\/#\/schema\/logo\/image\/\"}}]}<\/script>\n<!-- \/ Yoast SEO plugin. -->","yoast_head_json":{"title":"Tour Guimaraes\/Braga - Guimaraes Tour - Braga Tour - Porto Tour","description":"Tour Guimaraes\/Braga - Todo el d\u00eda en un tour con un gu\u00eda local para conocer la historia, las costumbres y tradiciones de estas ciudades milenarias.","robots":{"index":"index","follow":"follow","max-snippet":"max-snippet:-1","max-image-preview":"max-image-preview:large","max-video-preview":"max-video-preview:-1"},"canonical":"https:\/\/stagpartynight.com\/es\/product\/tour-guimaraes-braga\/","og_locale":"es_ES","og_type":"article","og_title":"Tour Guimaraes\/Braga - Guimaraes Tour - Braga Tour - Porto Tour","og_description":"Tour Guimaraes\/Braga - Todo el d\u00eda en un tour con un gu\u00eda local para conocer la historia, las costumbres y tradiciones de estas ciudades milenarias.","og_url":"https:\/\/stagpartynight.com\/es\/product\/tour-guimaraes-braga\/","og_site_name":"Despedida de Soltero","article_modified_time":"2022-12-23T14:52:39+00:00","og_image":[{"width":1200,"height":800,"url":"https:\/\/stagpartynight.com\/es\/wp-content\/uploads\/sites\/2\/2020\/01\/castillo-guimaraes-panoramica.jpg","type":"image\/jpeg"}],"twitter_card":"summary_large_image","schema":{"@context":"https:\/\/schema.org","@graph":[{"@type":"WebPage","@id":"https:\/\/stagpartynight.com\/es\/product\/tour-guimaraes-braga\/","url":"https:\/\/stagpartynight.com\/es\/product\/tour-guimaraes-braga\/","name":"Tour Guimaraes\/Braga - Guimaraes Tour - Braga Tour - Porto Tour","isPartOf":{"@id":"https:\/\/stagpartynight.com\/es\/#website"},"primaryImageOfPage":{"@id":"https:\/\/stagpartynight.com\/es\/product\/tour-guimaraes-braga\/#primaryimage"},"image":{"@id":"https:\/\/stagpartynight.com\/es\/product\/tour-guimaraes-braga\/#primaryimage"},"thumbnailUrl":"https:\/\/stagpartynight.com\/es\/wp-content\/uploads\/sites\/2\/2020\/01\/castillo-guimaraes-panoramica.jpg","datePublished":"2020-01-06T10:54:55+00:00","dateModified":"2022-12-23T14:52:39+00:00","description":"Tour Guimaraes\/Braga - Todo el d\u00eda en un tour con un gu\u00eda local para conocer la historia, las costumbres y tradiciones de estas ciudades milenarias.","breadcrumb":{"@id":"https:\/\/stagpartynight.com\/es\/product\/tour-guimaraes-braga\/#breadcrumb"},"inLanguage":"es","potentialAction":[{"@type":"ReadAction","target":["https:\/\/stagpartynight.com\/es\/product\/tour-guimaraes-braga\/"]}]},{"@type":"ImageObject","inLanguage":"es","@id":"https:\/\/stagpartynight.com\/es\/product\/tour-guimaraes-braga\/#primaryimage","url":"https:\/\/stagpartynight.com\/es\/wp-content\/uploads\/sites\/2\/2020\/01\/castillo-guimaraes-panoramica.jpg","contentUrl":"https:\/\/stagpartynight.com\/es\/wp-content\/uploads\/sites\/2\/2020\/01\/castillo-guimaraes-panoramica.jpg","width":1200,"height":800},{"@type":"BreadcrumbList","@id":"https:\/\/stagpartynight.com\/es\/product\/tour-guimaraes-braga\/#breadcrumb","itemListElement":[{"@type":"ListItem","position":1,"name":"Home","item":"https:\/\/stagpartynight.com\/es\/"},{"@type":"ListItem","position":2,"name":"Tienda","item":"https:\/\/stagpartynight.com\/es\/tienda\/"},{"@type":"ListItem","position":3,"name":"Tour Guimaraes\/Braga"}]},{"@type":"WebSite","@id":"https:\/\/stagpartynight.com\/es\/#website","url":"https:\/\/stagpartynight.com\/es\/","name":"Stag Party Night","description":"Your Stag Party Customized","publisher":{"@id":"https:\/\/stagpartynight.com\/es\/#organization"},"potentialAction":[{"@type":"SearchAction","target":{"@type":"EntryPoint","urlTemplate":"https:\/\/stagpartynight.com\/es\/?s={search_term_string}"},"query-input":{"@type":"PropertyValueSpecification","valueRequired":true,"valueName":"search_term_string"}}],"inLanguage":"es"},{"@type":"Organization","@id":"https:\/\/stagpartynight.com\/es\/#organization","name":"Stag Party Night","url":"https:\/\/stagpartynight.com\/es\/","logo":{"@type":"ImageObject","inLanguage":"es","@id":"https:\/\/stagpartynight.com\/es\/#\/schema\/logo\/image\/","url":"https:\/\/stagpartynight.com\/es\/wp-content\/uploads\/sites\/2\/2019\/12\/stagpartynight-e1578565505687.png","contentUrl":"https:\/\/stagpartynight.com\/es\/wp-content\/uploads\/sites\/2\/2019\/12\/stagpartynight-e1578565505687.png","width":400,"height":400,"caption":"Stag Party Night"},"image":{"@id":"https:\/\/stagpartynight.com\/es\/#\/schema\/logo\/image\/"}}]}},"_links":{"self":[{"href":"https:\/\/stagpartynight.com\/es\/wp-json\/wp\/v2\/product\/153","targetHints":{"allow":["GET"]}}],"collection":[{"href":"https:\/\/stagpartynight.com\/es\/wp-json\/wp\/v2\/product"}],"about":[{"href":"https:\/\/stagpartynight.com\/es\/wp-json\/wp\/v2\/types\/product"}],"replies":[{"embeddable":true,"href":"https:\/\/stagpartynight.com\/es\/wp-json\/wp\/v2\/comments?post=153"}],"wp:featuredmedia":[{"embeddable":true,"href":"https:\/\/stagpartynight.com\/es\/wp-json\/wp\/v2\/media\/154"}],"wp:attachment":[{"href":"https:\/\/stagpartynight.com\/es\/wp-json\/wp\/v2\/media?parent=153"}],"wp:term":[{"taxonomy":"product_brand","embeddable":true,"href":"https:\/\/stagpartynight.com\/es\/wp-json\/wp\/v2\/product_brand?post=153"},{"taxonomy":"product_cat","embeddable":true,"href":"https:\/\/stagpartynight.com\/es\/wp-json\/wp\/v2\/product_cat?post=153"},{"taxonomy":"product_tag","embeddable":true,"href":"https:\/\/stagpartynight.com\/es\/wp-json\/wp\/v2\/product_tag?post=153"}],"curies":[{"name":"wp","href":"https:\/\/api.w.org\/{rel}","templated":true}]}}