{"id":167,"date":"2020-01-06T12:51:00","date_gmt":"2020-01-06T11:51:00","guid":{"rendered":"https:\/\/stagpartynight.com\/es\/?post_type=product&#038;p=167"},"modified":"2024-07-07T20:16:38","modified_gmt":"2024-07-07T18:16:38","slug":"cruzero-yatchh-privado-2h-3h","status":"publish","type":"product","link":"https:\/\/stagpartynight.com\/es\/product\/cruzero-yatchh-privado-2h-3h\/","title":{"rendered":"Yates Oporto"},"content":{"rendered":"<p>Recorrido por el R\u00edo Duero, en un yate privado. Descubra Oporto y sus lugares m\u00e1s emblem\u00e1ticos desde el r\u00edo. Actividad diurna o nocturna. Servicios adicionales disponibles como comida, DJ y animadores. Capacidad de 12 o 16 personas . Servicio de 2 horas, posibilidad de hacer m\u00e1s horas. <strong>Yates Oporto<\/strong><\/p>\n","protected":false},"excerpt":{"rendered":"<p>Recorrido por el R\u00edo Duero, en un yate privado. Descubra Oporto y sus lugares m\u00e1s emblem\u00e1ticos desde el r\u00edo. Actividad diurna o nocturna. Servicios adicionales disponibles como comida, DJ y animadores. Capacidad de 12 o 16 personas . Servicio de 2 horas, posibilidad de hacer m\u00e1s horas. <strong>Yates Oporto<\/strong><\/p>\n","protected":false},"featured_media":2142,"comment_status":"open","ping_status":"closed","template":"","meta":{"_et_pb_use_builder":"","_et_pb_old_content":"","_et_gb_content_width":""},"product_brand":[],"product_cat":[20],"product_tag":[45,46],"class_list":{"0":"post-167","1":"product","2":"type-product","3":"status-publish","4":"has-post-thumbnail","6":"product_cat-oporto","7":"product_tag-cruzero-privado","8":"product_tag-yatch-privado","10":"first","11":"instock","12":"virtual","13":"product-type-simple"},"yoast_head":"<!-- This site is optimized with the Yoast SEO plugin v26.4 - https:\/\/yoast.com\/wordpress\/plugins\/seo\/ -->\n<title>Yates Oporto - Alquiler de Yates en Oporto - Barcos Porto<\/title>\n<meta name=\"description\" content=\"Yates Oporto - Recorrido por el R\u00edo Duero, en un yate privado. Descubra Oporto y sus lugares m\u00e1s emblem\u00e1ticos desde el r\u00edo. Actividad diurna o nocturna.\" \/>\n<meta name=\"robots\" content=\"index, follow, max-snippet:-1, max-image-preview:large, max-video-preview:-1\" \/>\n<link rel=\"canonical\" href=\"https:\/\/stagpartynight.com\/es\/product\/cruzero-yatchh-privado-2h-3h\/\" \/>\n<meta property=\"og:locale\" content=\"es_ES\" \/>\n<meta property=\"og:type\" content=\"article\" \/>\n<meta property=\"og:title\" content=\"Yates Oporto - Alquiler de Yates en Oporto - Barcos Porto\" \/>\n<meta property=\"og:description\" content=\"Yates Oporto - Recorrido por el R\u00edo Duero, en un yate privado. Descubra Oporto y sus lugares m\u00e1s emblem\u00e1ticos desde el r\u00edo. Actividad diurna o nocturna.\" \/>\n<meta property=\"og:url\" content=\"https:\/\/stagpartynight.com\/es\/product\/cruzero-yatchh-privado-2h-3h\/\" \/>\n<meta property=\"og:site_name\" content=\"Despedida de Soltero\" \/>\n<meta property=\"article:modified_time\" content=\"2024-07-07T18:16:38+00:00\" \/>\n<meta property=\"og:image\" content=\"https:\/\/stagpartynight.com\/es\/wp-content\/uploads\/sites\/2\/2020\/01\/yatch-1.jpg\" \/>\n\t<meta property=\"og:image:width\" content=\"720\" \/>\n\t<meta property=\"og:image:height\" content=\"466\" \/>\n\t<meta property=\"og:image:type\" content=\"image\/jpeg\" \/>\n<meta name=\"twitter:card\" content=\"summary_large_image\" \/>\n<meta name=\"twitter:label1\" content=\"Tiempo de lectura\" \/>\n\t<meta name=\"twitter:data1\" content=\"1 minuto\" \/>\n<script type=\"application\/ld+json\" class=\"yoast-schema-graph\">{\"@context\":\"https:\/\/schema.org\",\"@graph\":[{\"@type\":\"WebPage\",\"@id\":\"https:\/\/stagpartynight.com\/es\/product\/cruzero-yatchh-privado-2h-3h\/\",\"url\":\"https:\/\/stagpartynight.com\/es\/product\/cruzero-yatchh-privado-2h-3h\/\",\"name\":\"Yates Oporto - Alquiler de Yates en Oporto - Barcos Porto\",\"isPartOf\":{\"@id\":\"https:\/\/stagpartynight.com\/es\/#website\"},\"primaryImageOfPage\":{\"@id\":\"https:\/\/stagpartynight.com\/es\/product\/cruzero-yatchh-privado-2h-3h\/#primaryimage\"},\"image\":{\"@id\":\"https:\/\/stagpartynight.com\/es\/product\/cruzero-yatchh-privado-2h-3h\/#primaryimage\"},\"thumbnailUrl\":\"https:\/\/stagpartynight.com\/es\/wp-content\/uploads\/sites\/2\/2020\/01\/yatch-1.jpg\",\"datePublished\":\"2020-01-06T11:51:00+00:00\",\"dateModified\":\"2024-07-07T18:16:38+00:00\",\"description\":\"Yates Oporto - Recorrido por el R\u00edo Duero, en un yate privado. Descubra Oporto y sus lugares m\u00e1s emblem\u00e1ticos desde el r\u00edo. Actividad diurna o nocturna.\",\"breadcrumb\":{\"@id\":\"https:\/\/stagpartynight.com\/es\/product\/cruzero-yatchh-privado-2h-3h\/#breadcrumb\"},\"inLanguage\":\"es\",\"potentialAction\":[{\"@type\":\"ReadAction\",\"target\":[\"https:\/\/stagpartynight.com\/es\/product\/cruzero-yatchh-privado-2h-3h\/\"]}]},{\"@type\":\"ImageObject\",\"inLanguage\":\"es\",\"@id\":\"https:\/\/stagpartynight.com\/es\/product\/cruzero-yatchh-privado-2h-3h\/#primaryimage\",\"url\":\"https:\/\/stagpartynight.com\/es\/wp-content\/uploads\/sites\/2\/2020\/01\/yatch-1.jpg\",\"contentUrl\":\"https:\/\/stagpartynight.com\/es\/wp-content\/uploads\/sites\/2\/2020\/01\/yatch-1.jpg\",\"width\":720,\"height\":466},{\"@type\":\"BreadcrumbList\",\"@id\":\"https:\/\/stagpartynight.com\/es\/product\/cruzero-yatchh-privado-2h-3h\/#breadcrumb\",\"itemListElement\":[{\"@type\":\"ListItem\",\"position\":1,\"name\":\"Home\",\"item\":\"https:\/\/stagpartynight.com\/es\/\"},{\"@type\":\"ListItem\",\"position\":2,\"name\":\"Tienda\",\"item\":\"https:\/\/stagpartynight.com\/es\/tienda\/\"},{\"@type\":\"ListItem\",\"position\":3,\"name\":\"Yates Oporto\"}]},{\"@type\":\"WebSite\",\"@id\":\"https:\/\/stagpartynight.com\/es\/#website\",\"url\":\"https:\/\/stagpartynight.com\/es\/\",\"name\":\"Stag Party Night\",\"description\":\"Your Stag Party Customized\",\"publisher\":{\"@id\":\"https:\/\/stagpartynight.com\/es\/#organization\"},\"potentialAction\":[{\"@type\":\"SearchAction\",\"target\":{\"@type\":\"EntryPoint\",\"urlTemplate\":\"https:\/\/stagpartynight.com\/es\/?s={search_term_string}\"},\"query-input\":{\"@type\":\"PropertyValueSpecification\",\"valueRequired\":true,\"valueName\":\"search_term_string\"}}],\"inLanguage\":\"es\"},{\"@type\":\"Organization\",\"@id\":\"https:\/\/stagpartynight.com\/es\/#organization\",\"name\":\"Stag Party Night\",\"url\":\"https:\/\/stagpartynight.com\/es\/\",\"logo\":{\"@type\":\"ImageObject\",\"inLanguage\":\"es\",\"@id\":\"https:\/\/stagpartynight.com\/es\/#\/schema\/logo\/image\/\",\"url\":\"https:\/\/stagpartynight.com\/es\/wp-content\/uploads\/sites\/2\/2019\/12\/stagpartynight-e1578565505687.png\",\"contentUrl\":\"https:\/\/stagpartynight.com\/es\/wp-content\/uploads\/sites\/2\/2019\/12\/stagpartynight-e1578565505687.png\",\"width\":400,\"height\":400,\"caption\":\"Stag Party Night\"},\"image\":{\"@id\":\"https:\/\/stagpartynight.com\/es\/#\/schema\/logo\/image\/\"}}]}<\/script>\n<!-- \/ Yoast SEO plugin. -->","yoast_head_json":{"title":"Yates Oporto - Alquiler de Yates en Oporto - Barcos Porto","description":"Yates Oporto - Recorrido por el R\u00edo Duero, en un yate privado. Descubra Oporto y sus lugares m\u00e1s emblem\u00e1ticos desde el r\u00edo. Actividad diurna o nocturna.","robots":{"index":"index","follow":"follow","max-snippet":"max-snippet:-1","max-image-preview":"max-image-preview:large","max-video-preview":"max-video-preview:-1"},"canonical":"https:\/\/stagpartynight.com\/es\/product\/cruzero-yatchh-privado-2h-3h\/","og_locale":"es_ES","og_type":"article","og_title":"Yates Oporto - Alquiler de Yates en Oporto - Barcos Porto","og_description":"Yates Oporto - Recorrido por el R\u00edo Duero, en un yate privado. Descubra Oporto y sus lugares m\u00e1s emblem\u00e1ticos desde el r\u00edo. Actividad diurna o nocturna.","og_url":"https:\/\/stagpartynight.com\/es\/product\/cruzero-yatchh-privado-2h-3h\/","og_site_name":"Despedida de Soltero","article_modified_time":"2024-07-07T18:16:38+00:00","og_image":[{"width":720,"height":466,"url":"https:\/\/stagpartynight.com\/es\/wp-content\/uploads\/sites\/2\/2020\/01\/yatch-1.jpg","type":"image\/jpeg"}],"twitter_card":"summary_large_image","twitter_misc":{"Tiempo de lectura":"1 minuto"},"schema":{"@context":"https:\/\/schema.org","@graph":[{"@type":"WebPage","@id":"https:\/\/stagpartynight.com\/es\/product\/cruzero-yatchh-privado-2h-3h\/","url":"https:\/\/stagpartynight.com\/es\/product\/cruzero-yatchh-privado-2h-3h\/","name":"Yates Oporto - Alquiler de Yates en Oporto - Barcos Porto","isPartOf":{"@id":"https:\/\/stagpartynight.com\/es\/#website"},"primaryImageOfPage":{"@id":"https:\/\/stagpartynight.com\/es\/product\/cruzero-yatchh-privado-2h-3h\/#primaryimage"},"image":{"@id":"https:\/\/stagpartynight.com\/es\/product\/cruzero-yatchh-privado-2h-3h\/#primaryimage"},"thumbnailUrl":"https:\/\/stagpartynight.com\/es\/wp-content\/uploads\/sites\/2\/2020\/01\/yatch-1.jpg","datePublished":"2020-01-06T11:51:00+00:00","dateModified":"2024-07-07T18:16:38+00:00","description":"Yates Oporto - Recorrido por el R\u00edo Duero, en un yate privado. Descubra Oporto y sus lugares m\u00e1s emblem\u00e1ticos desde el r\u00edo. Actividad diurna o nocturna.","breadcrumb":{"@id":"https:\/\/stagpartynight.com\/es\/product\/cruzero-yatchh-privado-2h-3h\/#breadcrumb"},"inLanguage":"es","potentialAction":[{"@type":"ReadAction","target":["https:\/\/stagpartynight.com\/es\/product\/cruzero-yatchh-privado-2h-3h\/"]}]},{"@type":"ImageObject","inLanguage":"es","@id":"https:\/\/stagpartynight.com\/es\/product\/cruzero-yatchh-privado-2h-3h\/#primaryimage","url":"https:\/\/stagpartynight.com\/es\/wp-content\/uploads\/sites\/2\/2020\/01\/yatch-1.jpg","contentUrl":"https:\/\/stagpartynight.com\/es\/wp-content\/uploads\/sites\/2\/2020\/01\/yatch-1.jpg","width":720,"height":466},{"@type":"BreadcrumbList","@id":"https:\/\/stagpartynight.com\/es\/product\/cruzero-yatchh-privado-2h-3h\/#breadcrumb","itemListElement":[{"@type":"ListItem","position":1,"name":"Home","item":"https:\/\/stagpartynight.com\/es\/"},{"@type":"ListItem","position":2,"name":"Tienda","item":"https:\/\/stagpartynight.com\/es\/tienda\/"},{"@type":"ListItem","position":3,"name":"Yates Oporto"}]},{"@type":"WebSite","@id":"https:\/\/stagpartynight.com\/es\/#website","url":"https:\/\/stagpartynight.com\/es\/","name":"Stag Party Night","description":"Your Stag Party Customized","publisher":{"@id":"https:\/\/stagpartynight.com\/es\/#organization"},"potentialAction":[{"@type":"SearchAction","target":{"@type":"EntryPoint","urlTemplate":"https:\/\/stagpartynight.com\/es\/?s={search_term_string}"},"query-input":{"@type":"PropertyValueSpecification","valueRequired":true,"valueName":"search_term_string"}}],"inLanguage":"es"},{"@type":"Organization","@id":"https:\/\/stagpartynight.com\/es\/#organization","name":"Stag Party Night","url":"https:\/\/stagpartynight.com\/es\/","logo":{"@type":"ImageObject","inLanguage":"es","@id":"https:\/\/stagpartynight.com\/es\/#\/schema\/logo\/image\/","url":"https:\/\/stagpartynight.com\/es\/wp-content\/uploads\/sites\/2\/2019\/12\/stagpartynight-e1578565505687.png","contentUrl":"https:\/\/stagpartynight.com\/es\/wp-content\/uploads\/sites\/2\/2019\/12\/stagpartynight-e1578565505687.png","width":400,"height":400,"caption":"Stag Party Night"},"image":{"@id":"https:\/\/stagpartynight.com\/es\/#\/schema\/logo\/image\/"}}]}},"_links":{"self":[{"href":"https:\/\/stagpartynight.com\/es\/wp-json\/wp\/v2\/product\/167","targetHints":{"allow":["GET"]}}],"collection":[{"href":"https:\/\/stagpartynight.com\/es\/wp-json\/wp\/v2\/product"}],"about":[{"href":"https:\/\/stagpartynight.com\/es\/wp-json\/wp\/v2\/types\/product"}],"replies":[{"embeddable":true,"href":"https:\/\/stagpartynight.com\/es\/wp-json\/wp\/v2\/comments?post=167"}],"wp:featuredmedia":[{"embeddable":true,"href":"https:\/\/stagpartynight.com\/es\/wp-json\/wp\/v2\/media\/2142"}],"wp:attachment":[{"href":"https:\/\/stagpartynight.com\/es\/wp-json\/wp\/v2\/media?parent=167"}],"wp:term":[{"taxonomy":"product_brand","embeddable":true,"href":"https:\/\/stagpartynight.com\/es\/wp-json\/wp\/v2\/product_brand?post=167"},{"taxonomy":"product_cat","embeddable":true,"href":"https:\/\/stagpartynight.com\/es\/wp-json\/wp\/v2\/product_cat?post=167"},{"taxonomy":"product_tag","embeddable":true,"href":"https:\/\/stagpartynight.com\/es\/wp-json\/wp\/v2\/product_tag?post=167"}],"curies":[{"name":"wp","href":"https:\/\/api.w.org\/{rel}","templated":true}]}}