{"id":1884,"date":"2021-01-04T18:41:41","date_gmt":"2021-01-04T17:41:41","guid":{"rendered":"https:\/\/stagpartynight.com\/es\/?post_type=product&#038;p=1884"},"modified":"2023-01-04T17:58:44","modified_gmt":"2023-01-04T16:58:44","slug":"strippers-marbella","status":"publish","type":"product","link":"https:\/\/stagpartynight.com\/es\/product\/strippers-marbella\/","title":{"rendered":"Strippers Marbella"},"content":{"rendered":"<p>\u00bfBuscas a\u00f1adir un toque de elegancia y belleza a tu pr\u00f3ximo evento? Has llegado al lugar adecuado \u00a1Contrata a las Strippers <a href=\"https:\/\/es.wikipedia.org\/wiki\/Marbella\">Marbella<\/a>! No especules y d\u00e9jate seducir por las mas profesionales.<\/p>\n<p>Las Strippers en Marbella son artistas vers\u00e1tiles que pueden a\u00f1adir un toque de gracia y estilo a cualquier evento. Ya sea una <a href=\"https:\/\/stagpartynight.com\/es\/despedidas\/\">despedida de soltero<\/a>, una fiesta de cumplea\u00f1os, una recepci\u00f3n de empresa o cualquier otro tipo de evento. Nos desplazamos por toda la ciudad, adem\u00e1s cada Girl lleva su propio equipo de m\u00fasica para que no os preocup\u00e9is por nada. Siempre tendr\u00e1s a un coordinador al tel\u00e9fono por si necesitas contactarlo sea la hora que sea! As\u00ed, nunca estar\u00e9is solo en el d\u00eda de tu evento.<\/p>\n<p>Marbella es una ciudad costera en Andaluc\u00eda, Espa\u00f1a, con muchos lugares especiales que ver y explorar. Algunos de los lugares m\u00e1s populares incluyen:<\/p>\n<ol>\n<li>La Playa de la Venus: una hermosa playa con arena blanca y aguas cristalinas.<\/li>\n<li>El Castillo de Marbella: un impresionante castillo del siglo XV con vistas panor\u00e1micas de la ciudad y la costa.<\/li>\n<li>El Parque de La Alameda: un hermoso parque con jardines y una gran variedad de \u00e1rboles y plantas.<\/li>\n<li>El Mercado Municipal: un animado mercado de comestibles que tambi\u00e9n ofrece excelentes opciones de comida y bebida.<\/li>\n<li>El Parque de la Constituci\u00f3n: un parque con jardines y un lago.<\/li>\n<\/ol>\n<p>\u00a1Estos son solo algunos de los muchos lugares especiales que encontrar\u00e1s en Marbella!<\/p>\n<h3>Las Strippers Marbella puede a\u00f1adir un toque especial y entretener a tus invitados en tu pr\u00f3ximo evento<\/h3>\n<p>Hay muchas bailarinas disponibles para eventos en toda ciudad. Puedes elegir entre diferentes estilos de baile, como por ejemplo, enfermera, polic\u00eda, colegiala, elegante, ballet, danza contempor\u00e1nea o el flamenco. Algunas bailarinas tambi\u00e9n ofrecen espect\u00e1culos en grupo o presentaciones tem\u00e1ticas, como bailes ex\u00f3ticos o con extras mas picantes. Por otro lado, tienes diferentes estilos de Girls. Desde rubias, morenas, tatuadas, con pechos grandes,\u00a0 strippers del este, latinas y mucho mas! De esta manera, ser\u00e1 mas f\u00e1cil sorprender al homenajeado.<\/p>\n<h4>Girls a domicilio Marbella \u2013 Strippers a domicilio \u2013 Stripers en Malaga \u2013 Girls Malaga<\/h4>\n<p>Cuando contrates a una bailarina para tu evento, aseg\u00farate de considerar su estilo de baile y c\u00f3mo encajar\u00e1 en tu evento. Tambi\u00e9n es importante asegurarse de que la bailarina tenga una amplia experiencia y sea profesional y confiable. Una vez que hayas encontrado a la bailarina perfecta para tu evento, puedes estar seguro de que tu evento ser\u00e1 inolvidable y lleno de elegancia y belleza.<\/p>\n<p>Sal de dudas y contacta ya! Tu striper te esta esperando\u2026<\/p>\n","protected":false},"excerpt":{"rendered":"<p>Striptease privado para vuestro grupo. Participa en un evento er\u00f3tico, sensual y explosivo. Posibilidad de actuar en apartamento, pub, restaurante con habitaci\u00f3n privada o limusina. Strippers Malaga &#8211; Strippers Marbella<\/p>\n","protected":false},"featured_media":1526,"comment_status":"open","ping_status":"closed","template":"","meta":{"_et_pb_use_builder":"","_et_pb_old_content":"","_et_gb_content_width":""},"product_brand":[],"product_cat":[214],"product_tag":[230,229,223,855,779],"class_list":{"0":"post-1884","1":"product","2":"type-product","3":"status-publish","4":"has-post-thumbnail","6":"product_cat-marbella","7":"product_tag-girls-marbella","8":"product_tag-stripers-marbella","9":"product_tag-strippers-en-marbella","10":"product_tag-strippers-malaga","11":"product_tag-strippers-marbella","13":"first","14":"instock","15":"virtual","16":"product-type-simple"},"yoast_head":"<!-- This site is optimized with the Yoast SEO Premium plugin v27.5 (Yoast SEO v27.5) - https:\/\/yoast.com\/product\/yoast-seo-premium-wordpress\/ -->\n<title>Strippers Marbella - Despedida de Soltero -Stripers en Malaga<\/title>\n<meta name=\"description\" content=\"Strippers Marbella - En stagpartynight tenemos las ideas mas originales para tu despedida de soltero en Marbella - Malaga\" \/>\n<meta name=\"robots\" content=\"index, follow, max-snippet:-1, max-image-preview:large, max-video-preview:-1\" \/>\n<link rel=\"canonical\" href=\"https:\/\/stagpartynight.com\/es\/product\/strippers-marbella\/\" \/>\n<meta property=\"og:locale\" content=\"es_ES\" \/>\n<meta property=\"og:type\" content=\"article\" \/>\n<meta property=\"og:title\" content=\"Strippers Marbella\" \/>\n<meta property=\"og:description\" content=\"Strippers Marbella - En stagpartynight tenemos las ideas mas originales para tu despedida de soltero en Marbella - Malaga\" \/>\n<meta property=\"og:url\" content=\"https:\/\/stagpartynight.com\/es\/product\/strippers-marbella\/\" \/>\n<meta property=\"og:site_name\" content=\"Despedida de Soltero\" \/>\n<meta property=\"article:modified_time\" content=\"2023-01-04T16:58:44+00:00\" \/>\n<meta property=\"og:image\" content=\"https:\/\/stagpartynight.com\/es\/wp-content\/uploads\/sites\/2\/2020\/08\/WhatsApp-Image-2020-08-01-at-15.36.40.jpeg\" \/>\n\t<meta property=\"og:image:width\" content=\"926\" \/>\n\t<meta property=\"og:image:height\" content=\"1240\" \/>\n\t<meta property=\"og:image:type\" content=\"image\/jpeg\" \/>\n<meta name=\"twitter:card\" content=\"summary_large_image\" \/>\n<meta name=\"twitter:label1\" content=\"Tiempo de lectura\" \/>\n\t<meta name=\"twitter:data1\" content=\"2 minutos\" \/>\n<script type=\"application\/ld+json\" class=\"yoast-schema-graph\">{\"@context\":\"https:\\\/\\\/schema.org\",\"@graph\":[{\"@type\":\"WebPage\",\"@id\":\"https:\\\/\\\/stagpartynight.com\\\/es\\\/product\\\/strippers-marbella\\\/\",\"url\":\"https:\\\/\\\/stagpartynight.com\\\/es\\\/product\\\/strippers-marbella\\\/\",\"name\":\"Strippers Marbella - Despedida de Soltero -Stripers en Malaga\",\"isPartOf\":{\"@id\":\"https:\\\/\\\/stagpartynight.com\\\/es\\\/#website\"},\"primaryImageOfPage\":{\"@id\":\"https:\\\/\\\/stagpartynight.com\\\/es\\\/product\\\/strippers-marbella\\\/#primaryimage\"},\"image\":{\"@id\":\"https:\\\/\\\/stagpartynight.com\\\/es\\\/product\\\/strippers-marbella\\\/#primaryimage\"},\"thumbnailUrl\":\"https:\\\/\\\/stagpartynight.com\\\/es\\\/wp-content\\\/uploads\\\/sites\\\/2\\\/2020\\\/08\\\/WhatsApp-Image-2020-08-01-at-15.36.40.jpeg\",\"datePublished\":\"2021-01-04T17:41:41+00:00\",\"dateModified\":\"2023-01-04T16:58:44+00:00\",\"description\":\"Strippers Marbella - En stagpartynight tenemos las ideas mas originales para tu despedida de soltero en Marbella - Malaga\",\"breadcrumb\":{\"@id\":\"https:\\\/\\\/stagpartynight.com\\\/es\\\/product\\\/strippers-marbella\\\/#breadcrumb\"},\"inLanguage\":\"es\",\"potentialAction\":[{\"@type\":\"ReadAction\",\"target\":[\"https:\\\/\\\/stagpartynight.com\\\/es\\\/product\\\/strippers-marbella\\\/\"]}]},{\"@type\":\"ImageObject\",\"inLanguage\":\"es\",\"@id\":\"https:\\\/\\\/stagpartynight.com\\\/es\\\/product\\\/strippers-marbella\\\/#primaryimage\",\"url\":\"https:\\\/\\\/stagpartynight.com\\\/es\\\/wp-content\\\/uploads\\\/sites\\\/2\\\/2020\\\/08\\\/WhatsApp-Image-2020-08-01-at-15.36.40.jpeg\",\"contentUrl\":\"https:\\\/\\\/stagpartynight.com\\\/es\\\/wp-content\\\/uploads\\\/sites\\\/2\\\/2020\\\/08\\\/WhatsApp-Image-2020-08-01-at-15.36.40.jpeg\",\"width\":926,\"height\":1240},{\"@type\":\"BreadcrumbList\",\"@id\":\"https:\\\/\\\/stagpartynight.com\\\/es\\\/product\\\/strippers-marbella\\\/#breadcrumb\",\"itemListElement\":[{\"@type\":\"ListItem\",\"position\":1,\"name\":\"Home\",\"item\":\"https:\\\/\\\/stagpartynight.com\\\/es\\\/\"},{\"@type\":\"ListItem\",\"position\":2,\"name\":\"Tienda\",\"item\":\"https:\\\/\\\/stagpartynight.com\\\/es\\\/tienda\\\/\"},{\"@type\":\"ListItem\",\"position\":3,\"name\":\"Strippers Marbella\"}]},{\"@type\":\"WebSite\",\"@id\":\"https:\\\/\\\/stagpartynight.com\\\/es\\\/#website\",\"url\":\"https:\\\/\\\/stagpartynight.com\\\/es\\\/\",\"name\":\"Stag Party Night\",\"description\":\"Your Stag Party Customized\",\"publisher\":{\"@id\":\"https:\\\/\\\/stagpartynight.com\\\/es\\\/#organization\"},\"potentialAction\":[{\"@type\":\"SearchAction\",\"target\":{\"@type\":\"EntryPoint\",\"urlTemplate\":\"https:\\\/\\\/stagpartynight.com\\\/es\\\/?s={search_term_string}\"},\"query-input\":{\"@type\":\"PropertyValueSpecification\",\"valueRequired\":true,\"valueName\":\"search_term_string\"}}],\"inLanguage\":\"es\"},{\"@type\":\"Organization\",\"@id\":\"https:\\\/\\\/stagpartynight.com\\\/es\\\/#organization\",\"name\":\"Stag Party Night\",\"url\":\"https:\\\/\\\/stagpartynight.com\\\/es\\\/\",\"logo\":{\"@type\":\"ImageObject\",\"inLanguage\":\"es\",\"@id\":\"https:\\\/\\\/stagpartynight.com\\\/es\\\/#\\\/schema\\\/logo\\\/image\\\/\",\"url\":\"https:\\\/\\\/stagpartynight.com\\\/es\\\/wp-content\\\/uploads\\\/sites\\\/2\\\/2019\\\/12\\\/stagpartynight-e1578565505687.png\",\"contentUrl\":\"https:\\\/\\\/stagpartynight.com\\\/es\\\/wp-content\\\/uploads\\\/sites\\\/2\\\/2019\\\/12\\\/stagpartynight-e1578565505687.png\",\"width\":400,\"height\":400,\"caption\":\"Stag Party Night\"},\"image\":{\"@id\":\"https:\\\/\\\/stagpartynight.com\\\/es\\\/#\\\/schema\\\/logo\\\/image\\\/\"}}]}<\/script>\n<!-- \/ Yoast SEO Premium plugin. -->","yoast_head_json":{"title":"Strippers Marbella - Despedida de Soltero -Stripers en Malaga","description":"Strippers Marbella - En stagpartynight tenemos las ideas mas originales para tu despedida de soltero en Marbella - Malaga","robots":{"index":"index","follow":"follow","max-snippet":"max-snippet:-1","max-image-preview":"max-image-preview:large","max-video-preview":"max-video-preview:-1"},"canonical":"https:\/\/stagpartynight.com\/es\/product\/strippers-marbella\/","og_locale":"es_ES","og_type":"article","og_title":"Strippers Marbella","og_description":"Strippers Marbella - En stagpartynight tenemos las ideas mas originales para tu despedida de soltero en Marbella - Malaga","og_url":"https:\/\/stagpartynight.com\/es\/product\/strippers-marbella\/","og_site_name":"Despedida de Soltero","article_modified_time":"2023-01-04T16:58:44+00:00","og_image":[{"width":926,"height":1240,"url":"https:\/\/stagpartynight.com\/es\/wp-content\/uploads\/sites\/2\/2020\/08\/WhatsApp-Image-2020-08-01-at-15.36.40.jpeg","type":"image\/jpeg"}],"twitter_card":"summary_large_image","twitter_misc":{"Tiempo de lectura":"2 minutos"},"schema":{"@context":"https:\/\/schema.org","@graph":[{"@type":"WebPage","@id":"https:\/\/stagpartynight.com\/es\/product\/strippers-marbella\/","url":"https:\/\/stagpartynight.com\/es\/product\/strippers-marbella\/","name":"Strippers Marbella - Despedida de Soltero -Stripers en Malaga","isPartOf":{"@id":"https:\/\/stagpartynight.com\/es\/#website"},"primaryImageOfPage":{"@id":"https:\/\/stagpartynight.com\/es\/product\/strippers-marbella\/#primaryimage"},"image":{"@id":"https:\/\/stagpartynight.com\/es\/product\/strippers-marbella\/#primaryimage"},"thumbnailUrl":"https:\/\/stagpartynight.com\/es\/wp-content\/uploads\/sites\/2\/2020\/08\/WhatsApp-Image-2020-08-01-at-15.36.40.jpeg","datePublished":"2021-01-04T17:41:41+00:00","dateModified":"2023-01-04T16:58:44+00:00","description":"Strippers Marbella - En stagpartynight tenemos las ideas mas originales para tu despedida de soltero en Marbella - Malaga","breadcrumb":{"@id":"https:\/\/stagpartynight.com\/es\/product\/strippers-marbella\/#breadcrumb"},"inLanguage":"es","potentialAction":[{"@type":"ReadAction","target":["https:\/\/stagpartynight.com\/es\/product\/strippers-marbella\/"]}]},{"@type":"ImageObject","inLanguage":"es","@id":"https:\/\/stagpartynight.com\/es\/product\/strippers-marbella\/#primaryimage","url":"https:\/\/stagpartynight.com\/es\/wp-content\/uploads\/sites\/2\/2020\/08\/WhatsApp-Image-2020-08-01-at-15.36.40.jpeg","contentUrl":"https:\/\/stagpartynight.com\/es\/wp-content\/uploads\/sites\/2\/2020\/08\/WhatsApp-Image-2020-08-01-at-15.36.40.jpeg","width":926,"height":1240},{"@type":"BreadcrumbList","@id":"https:\/\/stagpartynight.com\/es\/product\/strippers-marbella\/#breadcrumb","itemListElement":[{"@type":"ListItem","position":1,"name":"Home","item":"https:\/\/stagpartynight.com\/es\/"},{"@type":"ListItem","position":2,"name":"Tienda","item":"https:\/\/stagpartynight.com\/es\/tienda\/"},{"@type":"ListItem","position":3,"name":"Strippers Marbella"}]},{"@type":"WebSite","@id":"https:\/\/stagpartynight.com\/es\/#website","url":"https:\/\/stagpartynight.com\/es\/","name":"Stag Party Night","description":"Your Stag Party Customized","publisher":{"@id":"https:\/\/stagpartynight.com\/es\/#organization"},"potentialAction":[{"@type":"SearchAction","target":{"@type":"EntryPoint","urlTemplate":"https:\/\/stagpartynight.com\/es\/?s={search_term_string}"},"query-input":{"@type":"PropertyValueSpecification","valueRequired":true,"valueName":"search_term_string"}}],"inLanguage":"es"},{"@type":"Organization","@id":"https:\/\/stagpartynight.com\/es\/#organization","name":"Stag Party Night","url":"https:\/\/stagpartynight.com\/es\/","logo":{"@type":"ImageObject","inLanguage":"es","@id":"https:\/\/stagpartynight.com\/es\/#\/schema\/logo\/image\/","url":"https:\/\/stagpartynight.com\/es\/wp-content\/uploads\/sites\/2\/2019\/12\/stagpartynight-e1578565505687.png","contentUrl":"https:\/\/stagpartynight.com\/es\/wp-content\/uploads\/sites\/2\/2019\/12\/stagpartynight-e1578565505687.png","width":400,"height":400,"caption":"Stag Party Night"},"image":{"@id":"https:\/\/stagpartynight.com\/es\/#\/schema\/logo\/image\/"}}]}},"_links":{"self":[{"href":"https:\/\/stagpartynight.com\/es\/wp-json\/wp\/v2\/product\/1884","targetHints":{"allow":["GET"]}}],"collection":[{"href":"https:\/\/stagpartynight.com\/es\/wp-json\/wp\/v2\/product"}],"about":[{"href":"https:\/\/stagpartynight.com\/es\/wp-json\/wp\/v2\/types\/product"}],"replies":[{"embeddable":true,"href":"https:\/\/stagpartynight.com\/es\/wp-json\/wp\/v2\/comments?post=1884"}],"wp:featuredmedia":[{"embeddable":true,"href":"https:\/\/stagpartynight.com\/es\/wp-json\/wp\/v2\/media\/1526"}],"wp:attachment":[{"href":"https:\/\/stagpartynight.com\/es\/wp-json\/wp\/v2\/media?parent=1884"}],"wp:term":[{"taxonomy":"product_brand","embeddable":true,"href":"https:\/\/stagpartynight.com\/es\/wp-json\/wp\/v2\/product_brand?post=1884"},{"taxonomy":"product_cat","embeddable":true,"href":"https:\/\/stagpartynight.com\/es\/wp-json\/wp\/v2\/product_cat?post=1884"},{"taxonomy":"product_tag","embeddable":true,"href":"https:\/\/stagpartynight.com\/es\/wp-json\/wp\/v2\/product_tag?post=1884"}],"curies":[{"name":"wp","href":"https:\/\/api.w.org\/{rel}","templated":true}]}}