{"id":1900,"date":"2021-01-04T19:55:37","date_gmt":"2021-01-04T18:55:37","guid":{"rendered":"https:\/\/stagpartynight.com\/es\/?post_type=product&#038;p=1900"},"modified":"2023-01-04T13:49:04","modified_gmt":"2023-01-04T12:49:04","slug":"fiesta-en-barco-en-marbella","status":"publish","type":"product","link":"https:\/\/stagpartynight.com\/es\/product\/fiesta-en-barco-en-marbella\/","title":{"rendered":"Fiesta en Barco en Marbella"},"content":{"rendered":"<p class=\"p1\"><em><strong>Fiesta en Barco en Marbella<\/strong>\u00a0<\/em>\u00bfQu\u00e9 hay m\u00e1s divertido que celebrar una fiesta en un barco en Marbella? Esta lugar perfecto para disfrutar de una fiesta \u00fanica y diferente. Si est\u00e1s buscando una opci\u00f3n diferente para celebrar tu cumplea\u00f1os, despedida de soltero o simplemente una fiesta con amigos, una fiesta en barco en Marbella es la opci\u00f3n perfecta.<\/p>\n<p class=\"p1\">Disponemos de distintos barcos y yates con capacidad para grupos desde 6, 8, 12 y hasta 80 personas, con servicio de catering y bar abierto si lo deseas. Adem\u00e1s, nuestros barcos cuentan con m\u00fasica en directo y DJ para que puedas disfrutar de la mejor m\u00fasica y pasar una noche inolvidable.<\/p>\n<p class=\"p1\">Pero una fiesta en barco en Marbella tambi\u00e9n puedes optar por una tour privado de d\u00eda con un crucero por la Costa y sus calas m\u00e1s exclusivas. Disfruta del sol y el mar mientras te relajas con tus amigos o celebras alg\u00fan evento especial.<\/p>\n<h3 class=\"p1\">No dudes en ponerte en contacto con nosotros para m\u00e1s informaci\u00f3n y reserve su fiesta en barco en Marbella ahora mismo. \u00a1Te garantizamos una experiencia inolvidable!<\/h3>\n<p class=\"p1\">Boat Party Marbella \u00bfBuscas una fiesta \u00fanica en Marbella? \u00a1Una Boat Party es lo que necesitas! Disfruta de una noche inolvidable a bordo de un barco con tus amigos mientras navegas por la Costa Mediterr\u00e1nea.<\/p>\n<p class=\"p1\">Nuestras Boat Parties en <a href=\"https:\/\/es.wikipedia.org\/wiki\/Marbella\">Marbella<\/a>\u00a0cuentan con m\u00fasica en directo y DJ para que puedas bailar y disfrutar de la mejor m\u00fasica. Adem\u00e1s, nuestros barcos tienen capacidad para grupos desde 6 hasta 80 personas.Si lo tuyo es celebrar en plena naturaleza, tambi\u00e9n ofrecemos Boat Parties de d\u00eda con cruceros por las calas m\u00e1s exclusivas de la Costa. Disfruta del sol y el mar mientras te relajas con tus amigos o celebra alg\u00fan evento especial. No dudes en ponerte en <a href=\"https:\/\/stagpartynight.com\/es\/budget-now\/\">contacto<\/a> con nosotros para m\u00e1s informaci\u00f3n y reserve su Boat Party Marbella ahora mismo.<\/p>\n<p class=\"p1\">\u00a1Te garantizamos una experiencia inolvidable!<\/p>\n","protected":false},"excerpt":{"rendered":"<p><strong>Fiesta en barco en Marbella<\/strong> con m\u00e1s grupos de despedidas en las aguas c\u00e1lidas y refrescantes del Mediterr\u00e1neo. Incluye DJ, bar, animaci\u00f3n y mucha fiesta!<\/p>\n","protected":false},"featured_media":1901,"comment_status":"open","ping_status":"closed","template":"","meta":{"_et_pb_use_builder":"","_et_pb_old_content":"","_et_gb_content_width":""},"product_brand":[],"product_cat":[214],"product_tag":[252,251,253,215],"class_list":{"0":"post-1900","1":"product","2":"type-product","3":"status-publish","4":"has-post-thumbnail","6":"product_cat-marbella","7":"product_tag-fiesta-en-barco","8":"product_tag-fiesta-en-barco-en-marbella","9":"product_tag-fiesta-en-catamaran","10":"product_tag-marbella","12":"first","13":"instock","14":"virtual","15":"product-type-simple"},"yoast_head":"<!-- This site is optimized with the Yoast SEO plugin v26.4 - https:\/\/yoast.com\/wordpress\/plugins\/seo\/ -->\n<title>Fiesta en Barco en Marbella - Boat Party Marbella - Boat Parties Malaga<\/title>\n<meta name=\"description\" content=\"Fiesta en barco en Marbella con m\u00e1s grupos de despedidas en las aguas c\u00e1lidas y refrescantes del Mediterr\u00e1neo. Incluye DJ, bar, animaci\u00f3n y mucha fiesta!\" \/>\n<meta name=\"robots\" content=\"index, follow, max-snippet:-1, max-image-preview:large, max-video-preview:-1\" \/>\n<link rel=\"canonical\" href=\"https:\/\/stagpartynight.com\/es\/product\/fiesta-en-barco-en-marbella\/\" \/>\n<meta property=\"og:locale\" content=\"es_ES\" \/>\n<meta property=\"og:type\" content=\"article\" \/>\n<meta property=\"og:title\" content=\"Fiesta en Barco en Marbella - Boat Party Marbella - Boat Parties Malaga\" \/>\n<meta property=\"og:description\" content=\"Fiesta en barco en Marbella con m\u00e1s grupos de despedidas en las aguas c\u00e1lidas y refrescantes del Mediterr\u00e1neo. Incluye DJ, bar, animaci\u00f3n y mucha fiesta!\" \/>\n<meta property=\"og:url\" content=\"https:\/\/stagpartynight.com\/es\/product\/fiesta-en-barco-en-marbella\/\" \/>\n<meta property=\"og:site_name\" content=\"Despedida de Soltero\" \/>\n<meta property=\"article:modified_time\" content=\"2023-01-04T12:49:04+00:00\" \/>\n<meta property=\"og:image\" content=\"https:\/\/stagpartynight.com\/es\/wp-content\/uploads\/sites\/2\/2021\/01\/Party-Boat.jpeg\" \/>\n\t<meta property=\"og:image:width\" content=\"720\" \/>\n\t<meta property=\"og:image:height\" content=\"935\" \/>\n\t<meta property=\"og:image:type\" content=\"image\/jpeg\" \/>\n<meta name=\"twitter:card\" content=\"summary_large_image\" \/>\n<meta name=\"twitter:label1\" content=\"Tiempo de lectura\" \/>\n\t<meta name=\"twitter:data1\" content=\"2 minutos\" \/>\n<script type=\"application\/ld+json\" class=\"yoast-schema-graph\">{\"@context\":\"https:\/\/schema.org\",\"@graph\":[{\"@type\":\"WebPage\",\"@id\":\"https:\/\/stagpartynight.com\/es\/product\/fiesta-en-barco-en-marbella\/\",\"url\":\"https:\/\/stagpartynight.com\/es\/product\/fiesta-en-barco-en-marbella\/\",\"name\":\"Fiesta en Barco en Marbella - Boat Party Marbella - Boat Parties Malaga\",\"isPartOf\":{\"@id\":\"https:\/\/stagpartynight.com\/es\/#website\"},\"primaryImageOfPage\":{\"@id\":\"https:\/\/stagpartynight.com\/es\/product\/fiesta-en-barco-en-marbella\/#primaryimage\"},\"image\":{\"@id\":\"https:\/\/stagpartynight.com\/es\/product\/fiesta-en-barco-en-marbella\/#primaryimage\"},\"thumbnailUrl\":\"https:\/\/stagpartynight.com\/es\/wp-content\/uploads\/sites\/2\/2021\/01\/Party-Boat.jpeg\",\"datePublished\":\"2021-01-04T18:55:37+00:00\",\"dateModified\":\"2023-01-04T12:49:04+00:00\",\"description\":\"Fiesta en barco en Marbella con m\u00e1s grupos de despedidas en las aguas c\u00e1lidas y refrescantes del Mediterr\u00e1neo. Incluye DJ, bar, animaci\u00f3n y mucha fiesta!\",\"breadcrumb\":{\"@id\":\"https:\/\/stagpartynight.com\/es\/product\/fiesta-en-barco-en-marbella\/#breadcrumb\"},\"inLanguage\":\"es\",\"potentialAction\":[{\"@type\":\"ReadAction\",\"target\":[\"https:\/\/stagpartynight.com\/es\/product\/fiesta-en-barco-en-marbella\/\"]}]},{\"@type\":\"ImageObject\",\"inLanguage\":\"es\",\"@id\":\"https:\/\/stagpartynight.com\/es\/product\/fiesta-en-barco-en-marbella\/#primaryimage\",\"url\":\"https:\/\/stagpartynight.com\/es\/wp-content\/uploads\/sites\/2\/2021\/01\/Party-Boat.jpeg\",\"contentUrl\":\"https:\/\/stagpartynight.com\/es\/wp-content\/uploads\/sites\/2\/2021\/01\/Party-Boat.jpeg\",\"width\":720,\"height\":935},{\"@type\":\"BreadcrumbList\",\"@id\":\"https:\/\/stagpartynight.com\/es\/product\/fiesta-en-barco-en-marbella\/#breadcrumb\",\"itemListElement\":[{\"@type\":\"ListItem\",\"position\":1,\"name\":\"Home\",\"item\":\"https:\/\/stagpartynight.com\/es\/\"},{\"@type\":\"ListItem\",\"position\":2,\"name\":\"Tienda\",\"item\":\"https:\/\/stagpartynight.com\/es\/tienda\/\"},{\"@type\":\"ListItem\",\"position\":3,\"name\":\"Fiesta en Barco en Marbella\"}]},{\"@type\":\"WebSite\",\"@id\":\"https:\/\/stagpartynight.com\/es\/#website\",\"url\":\"https:\/\/stagpartynight.com\/es\/\",\"name\":\"Stag Party Night\",\"description\":\"Your Stag Party Customized\",\"publisher\":{\"@id\":\"https:\/\/stagpartynight.com\/es\/#organization\"},\"potentialAction\":[{\"@type\":\"SearchAction\",\"target\":{\"@type\":\"EntryPoint\",\"urlTemplate\":\"https:\/\/stagpartynight.com\/es\/?s={search_term_string}\"},\"query-input\":{\"@type\":\"PropertyValueSpecification\",\"valueRequired\":true,\"valueName\":\"search_term_string\"}}],\"inLanguage\":\"es\"},{\"@type\":\"Organization\",\"@id\":\"https:\/\/stagpartynight.com\/es\/#organization\",\"name\":\"Stag Party Night\",\"url\":\"https:\/\/stagpartynight.com\/es\/\",\"logo\":{\"@type\":\"ImageObject\",\"inLanguage\":\"es\",\"@id\":\"https:\/\/stagpartynight.com\/es\/#\/schema\/logo\/image\/\",\"url\":\"https:\/\/stagpartynight.com\/es\/wp-content\/uploads\/sites\/2\/2019\/12\/stagpartynight-e1578565505687.png\",\"contentUrl\":\"https:\/\/stagpartynight.com\/es\/wp-content\/uploads\/sites\/2\/2019\/12\/stagpartynight-e1578565505687.png\",\"width\":400,\"height\":400,\"caption\":\"Stag Party Night\"},\"image\":{\"@id\":\"https:\/\/stagpartynight.com\/es\/#\/schema\/logo\/image\/\"}}]}<\/script>\n<!-- \/ Yoast SEO plugin. -->","yoast_head_json":{"title":"Fiesta en Barco en Marbella - Boat Party Marbella - Boat Parties Malaga","description":"Fiesta en barco en Marbella con m\u00e1s grupos de despedidas en las aguas c\u00e1lidas y refrescantes del Mediterr\u00e1neo. Incluye DJ, bar, animaci\u00f3n y mucha fiesta!","robots":{"index":"index","follow":"follow","max-snippet":"max-snippet:-1","max-image-preview":"max-image-preview:large","max-video-preview":"max-video-preview:-1"},"canonical":"https:\/\/stagpartynight.com\/es\/product\/fiesta-en-barco-en-marbella\/","og_locale":"es_ES","og_type":"article","og_title":"Fiesta en Barco en Marbella - Boat Party Marbella - Boat Parties Malaga","og_description":"Fiesta en barco en Marbella con m\u00e1s grupos de despedidas en las aguas c\u00e1lidas y refrescantes del Mediterr\u00e1neo. Incluye DJ, bar, animaci\u00f3n y mucha fiesta!","og_url":"https:\/\/stagpartynight.com\/es\/product\/fiesta-en-barco-en-marbella\/","og_site_name":"Despedida de Soltero","article_modified_time":"2023-01-04T12:49:04+00:00","og_image":[{"width":720,"height":935,"url":"https:\/\/stagpartynight.com\/es\/wp-content\/uploads\/sites\/2\/2021\/01\/Party-Boat.jpeg","type":"image\/jpeg"}],"twitter_card":"summary_large_image","twitter_misc":{"Tiempo de lectura":"2 minutos"},"schema":{"@context":"https:\/\/schema.org","@graph":[{"@type":"WebPage","@id":"https:\/\/stagpartynight.com\/es\/product\/fiesta-en-barco-en-marbella\/","url":"https:\/\/stagpartynight.com\/es\/product\/fiesta-en-barco-en-marbella\/","name":"Fiesta en Barco en Marbella - Boat Party Marbella - Boat Parties Malaga","isPartOf":{"@id":"https:\/\/stagpartynight.com\/es\/#website"},"primaryImageOfPage":{"@id":"https:\/\/stagpartynight.com\/es\/product\/fiesta-en-barco-en-marbella\/#primaryimage"},"image":{"@id":"https:\/\/stagpartynight.com\/es\/product\/fiesta-en-barco-en-marbella\/#primaryimage"},"thumbnailUrl":"https:\/\/stagpartynight.com\/es\/wp-content\/uploads\/sites\/2\/2021\/01\/Party-Boat.jpeg","datePublished":"2021-01-04T18:55:37+00:00","dateModified":"2023-01-04T12:49:04+00:00","description":"Fiesta en barco en Marbella con m\u00e1s grupos de despedidas en las aguas c\u00e1lidas y refrescantes del Mediterr\u00e1neo. Incluye DJ, bar, animaci\u00f3n y mucha fiesta!","breadcrumb":{"@id":"https:\/\/stagpartynight.com\/es\/product\/fiesta-en-barco-en-marbella\/#breadcrumb"},"inLanguage":"es","potentialAction":[{"@type":"ReadAction","target":["https:\/\/stagpartynight.com\/es\/product\/fiesta-en-barco-en-marbella\/"]}]},{"@type":"ImageObject","inLanguage":"es","@id":"https:\/\/stagpartynight.com\/es\/product\/fiesta-en-barco-en-marbella\/#primaryimage","url":"https:\/\/stagpartynight.com\/es\/wp-content\/uploads\/sites\/2\/2021\/01\/Party-Boat.jpeg","contentUrl":"https:\/\/stagpartynight.com\/es\/wp-content\/uploads\/sites\/2\/2021\/01\/Party-Boat.jpeg","width":720,"height":935},{"@type":"BreadcrumbList","@id":"https:\/\/stagpartynight.com\/es\/product\/fiesta-en-barco-en-marbella\/#breadcrumb","itemListElement":[{"@type":"ListItem","position":1,"name":"Home","item":"https:\/\/stagpartynight.com\/es\/"},{"@type":"ListItem","position":2,"name":"Tienda","item":"https:\/\/stagpartynight.com\/es\/tienda\/"},{"@type":"ListItem","position":3,"name":"Fiesta en Barco en Marbella"}]},{"@type":"WebSite","@id":"https:\/\/stagpartynight.com\/es\/#website","url":"https:\/\/stagpartynight.com\/es\/","name":"Stag Party Night","description":"Your Stag Party Customized","publisher":{"@id":"https:\/\/stagpartynight.com\/es\/#organization"},"potentialAction":[{"@type":"SearchAction","target":{"@type":"EntryPoint","urlTemplate":"https:\/\/stagpartynight.com\/es\/?s={search_term_string}"},"query-input":{"@type":"PropertyValueSpecification","valueRequired":true,"valueName":"search_term_string"}}],"inLanguage":"es"},{"@type":"Organization","@id":"https:\/\/stagpartynight.com\/es\/#organization","name":"Stag Party Night","url":"https:\/\/stagpartynight.com\/es\/","logo":{"@type":"ImageObject","inLanguage":"es","@id":"https:\/\/stagpartynight.com\/es\/#\/schema\/logo\/image\/","url":"https:\/\/stagpartynight.com\/es\/wp-content\/uploads\/sites\/2\/2019\/12\/stagpartynight-e1578565505687.png","contentUrl":"https:\/\/stagpartynight.com\/es\/wp-content\/uploads\/sites\/2\/2019\/12\/stagpartynight-e1578565505687.png","width":400,"height":400,"caption":"Stag Party Night"},"image":{"@id":"https:\/\/stagpartynight.com\/es\/#\/schema\/logo\/image\/"}}]}},"_links":{"self":[{"href":"https:\/\/stagpartynight.com\/es\/wp-json\/wp\/v2\/product\/1900","targetHints":{"allow":["GET"]}}],"collection":[{"href":"https:\/\/stagpartynight.com\/es\/wp-json\/wp\/v2\/product"}],"about":[{"href":"https:\/\/stagpartynight.com\/es\/wp-json\/wp\/v2\/types\/product"}],"replies":[{"embeddable":true,"href":"https:\/\/stagpartynight.com\/es\/wp-json\/wp\/v2\/comments?post=1900"}],"wp:featuredmedia":[{"embeddable":true,"href":"https:\/\/stagpartynight.com\/es\/wp-json\/wp\/v2\/media\/1901"}],"wp:attachment":[{"href":"https:\/\/stagpartynight.com\/es\/wp-json\/wp\/v2\/media?parent=1900"}],"wp:term":[{"taxonomy":"product_brand","embeddable":true,"href":"https:\/\/stagpartynight.com\/es\/wp-json\/wp\/v2\/product_brand?post=1900"},{"taxonomy":"product_cat","embeddable":true,"href":"https:\/\/stagpartynight.com\/es\/wp-json\/wp\/v2\/product_cat?post=1900"},{"taxonomy":"product_tag","embeddable":true,"href":"https:\/\/stagpartynight.com\/es\/wp-json\/wp\/v2\/product_tag?post=1900"}],"curies":[{"name":"wp","href":"https:\/\/api.w.org\/{rel}","templated":true}]}}