{"id":1940,"date":"2021-01-05T19:52:09","date_gmt":"2021-01-05T18:52:09","guid":{"rendered":"https:\/\/stagpartynight.com\/es\/?post_type=product&#038;p=1940"},"modified":"2022-12-22T12:44:18","modified_gmt":"2022-12-22T11:44:18","slug":"alojamiento-en-valencia","status":"publish","type":"product","link":"https:\/\/stagpartynight.com\/es\/product\/alojamiento-en-valencia\/","title":{"rendered":"Alojamiento en Valencia"},"content":{"rendered":"<p>Descubra la oferta de apartamentos tur\u00edsticos, villas y hoteles en Valencia. Nos adaptamos a sus necesidades. El precio var\u00eda seg\u00fan la \u00e9poca del a\u00f1o.<\/p>\n","protected":false},"excerpt":{"rendered":"<p>Descubra la oferta de alojamiento en Valencia ,desde apartamentos tur\u00edsticos, hoteles y villas en Valencia. El precio var\u00eda seg\u00fan la \u00e9poca del a\u00f1o.<\/p>\n","protected":false},"featured_media":1898,"comment_status":"open","ping_status":"closed","template":"","meta":{"_et_pb_use_builder":"","_et_pb_old_content":"","_et_gb_content_width":""},"product_brand":[],"product_cat":[264],"product_tag":[274,271,244,272,270,273],"class_list":{"0":"post-1940","1":"product","2":"type-product","3":"status-publish","4":"has-post-thumbnail","6":"product_cat-valencia","7":"product_tag-airbnb-valencia","8":"product_tag-alojamiento-valencia","9":"product_tag-apartamentos-turisticos","10":"product_tag-apartamentos-turisticos-valencia","11":"product_tag-hoteles-valencia","12":"product_tag-villas-valencia","14":"first","15":"instock","16":"virtual","17":"product-type-simple"},"yoast_head":"<!-- This site is optimized with the Yoast SEO plugin v26.4 - https:\/\/yoast.com\/wordpress\/plugins\/seo\/ -->\n<title>Alojamiento en Valencia - Apartamentos turisticos para grupos<\/title>\n<meta name=\"description\" content=\"Descubra la oferta de alojamiento en Valencia ,desde apartamentos tur\u00edsticos, hoteles y villas en Valencia. Nos adaptamos a sus necesidades.\" \/>\n<meta name=\"robots\" content=\"index, follow, max-snippet:-1, max-image-preview:large, max-video-preview:-1\" \/>\n<link rel=\"canonical\" href=\"https:\/\/stagpartynight.com\/es\/product\/alojamiento-en-valencia\/\" \/>\n<meta property=\"og:locale\" content=\"es_ES\" \/>\n<meta property=\"og:type\" content=\"article\" \/>\n<meta property=\"og:title\" content=\"Alojamiento en Valencia - Apartamentos turisticos para grupos\" \/>\n<meta property=\"og:description\" content=\"Descubra la oferta de alojamiento en Valencia ,desde apartamentos tur\u00edsticos, hoteles y villas en Valencia. Nos adaptamos a sus necesidades.\" \/>\n<meta property=\"og:url\" content=\"https:\/\/stagpartynight.com\/es\/product\/alojamiento-en-valencia\/\" \/>\n<meta property=\"og:site_name\" content=\"Despedida de Soltero\" \/>\n<meta property=\"article:modified_time\" content=\"2022-12-22T11:44:18+00:00\" \/>\n<meta property=\"og:image\" content=\"https:\/\/stagpartynight.com\/es\/wp-content\/uploads\/sites\/2\/2021\/01\/Villas.jpg\" \/>\n\t<meta property=\"og:image:width\" content=\"640\" \/>\n\t<meta property=\"og:image:height\" content=\"426\" \/>\n\t<meta property=\"og:image:type\" content=\"image\/jpeg\" \/>\n<meta name=\"twitter:card\" content=\"summary_large_image\" \/>\n<script type=\"application\/ld+json\" class=\"yoast-schema-graph\">{\"@context\":\"https:\/\/schema.org\",\"@graph\":[{\"@type\":\"WebPage\",\"@id\":\"https:\/\/stagpartynight.com\/es\/product\/alojamiento-en-valencia\/\",\"url\":\"https:\/\/stagpartynight.com\/es\/product\/alojamiento-en-valencia\/\",\"name\":\"Alojamiento en Valencia - Apartamentos turisticos para grupos\",\"isPartOf\":{\"@id\":\"https:\/\/stagpartynight.com\/es\/#website\"},\"primaryImageOfPage\":{\"@id\":\"https:\/\/stagpartynight.com\/es\/product\/alojamiento-en-valencia\/#primaryimage\"},\"image\":{\"@id\":\"https:\/\/stagpartynight.com\/es\/product\/alojamiento-en-valencia\/#primaryimage\"},\"thumbnailUrl\":\"https:\/\/stagpartynight.com\/es\/wp-content\/uploads\/sites\/2\/2021\/01\/Villas.jpg\",\"datePublished\":\"2021-01-05T18:52:09+00:00\",\"dateModified\":\"2022-12-22T11:44:18+00:00\",\"description\":\"Descubra la oferta de alojamiento en Valencia ,desde apartamentos tur\u00edsticos, hoteles y villas en Valencia. Nos adaptamos a sus necesidades.\",\"breadcrumb\":{\"@id\":\"https:\/\/stagpartynight.com\/es\/product\/alojamiento-en-valencia\/#breadcrumb\"},\"inLanguage\":\"es\",\"potentialAction\":[{\"@type\":\"ReadAction\",\"target\":[\"https:\/\/stagpartynight.com\/es\/product\/alojamiento-en-valencia\/\"]}]},{\"@type\":\"ImageObject\",\"inLanguage\":\"es\",\"@id\":\"https:\/\/stagpartynight.com\/es\/product\/alojamiento-en-valencia\/#primaryimage\",\"url\":\"https:\/\/stagpartynight.com\/es\/wp-content\/uploads\/sites\/2\/2021\/01\/Villas.jpg\",\"contentUrl\":\"https:\/\/stagpartynight.com\/es\/wp-content\/uploads\/sites\/2\/2021\/01\/Villas.jpg\",\"width\":640,\"height\":426,\"caption\":\"Alojamiento en Ibiza\"},{\"@type\":\"BreadcrumbList\",\"@id\":\"https:\/\/stagpartynight.com\/es\/product\/alojamiento-en-valencia\/#breadcrumb\",\"itemListElement\":[{\"@type\":\"ListItem\",\"position\":1,\"name\":\"Home\",\"item\":\"https:\/\/stagpartynight.com\/es\/\"},{\"@type\":\"ListItem\",\"position\":2,\"name\":\"Tienda\",\"item\":\"https:\/\/stagpartynight.com\/es\/tienda\/\"},{\"@type\":\"ListItem\",\"position\":3,\"name\":\"Alojamiento en Valencia\"}]},{\"@type\":\"WebSite\",\"@id\":\"https:\/\/stagpartynight.com\/es\/#website\",\"url\":\"https:\/\/stagpartynight.com\/es\/\",\"name\":\"Stag Party Night\",\"description\":\"Your Stag Party Customized\",\"publisher\":{\"@id\":\"https:\/\/stagpartynight.com\/es\/#organization\"},\"potentialAction\":[{\"@type\":\"SearchAction\",\"target\":{\"@type\":\"EntryPoint\",\"urlTemplate\":\"https:\/\/stagpartynight.com\/es\/?s={search_term_string}\"},\"query-input\":{\"@type\":\"PropertyValueSpecification\",\"valueRequired\":true,\"valueName\":\"search_term_string\"}}],\"inLanguage\":\"es\"},{\"@type\":\"Organization\",\"@id\":\"https:\/\/stagpartynight.com\/es\/#organization\",\"name\":\"Stag Party Night\",\"url\":\"https:\/\/stagpartynight.com\/es\/\",\"logo\":{\"@type\":\"ImageObject\",\"inLanguage\":\"es\",\"@id\":\"https:\/\/stagpartynight.com\/es\/#\/schema\/logo\/image\/\",\"url\":\"https:\/\/stagpartynight.com\/es\/wp-content\/uploads\/sites\/2\/2019\/12\/stagpartynight-e1578565505687.png\",\"contentUrl\":\"https:\/\/stagpartynight.com\/es\/wp-content\/uploads\/sites\/2\/2019\/12\/stagpartynight-e1578565505687.png\",\"width\":400,\"height\":400,\"caption\":\"Stag Party Night\"},\"image\":{\"@id\":\"https:\/\/stagpartynight.com\/es\/#\/schema\/logo\/image\/\"}}]}<\/script>\n<!-- \/ Yoast SEO plugin. -->","yoast_head_json":{"title":"Alojamiento en Valencia - Apartamentos turisticos para grupos","description":"Descubra la oferta de alojamiento en Valencia ,desde apartamentos tur\u00edsticos, hoteles y villas en Valencia. Nos adaptamos a sus necesidades.","robots":{"index":"index","follow":"follow","max-snippet":"max-snippet:-1","max-image-preview":"max-image-preview:large","max-video-preview":"max-video-preview:-1"},"canonical":"https:\/\/stagpartynight.com\/es\/product\/alojamiento-en-valencia\/","og_locale":"es_ES","og_type":"article","og_title":"Alojamiento en Valencia - Apartamentos turisticos para grupos","og_description":"Descubra la oferta de alojamiento en Valencia ,desde apartamentos tur\u00edsticos, hoteles y villas en Valencia. Nos adaptamos a sus necesidades.","og_url":"https:\/\/stagpartynight.com\/es\/product\/alojamiento-en-valencia\/","og_site_name":"Despedida de Soltero","article_modified_time":"2022-12-22T11:44:18+00:00","og_image":[{"width":640,"height":426,"url":"https:\/\/stagpartynight.com\/es\/wp-content\/uploads\/sites\/2\/2021\/01\/Villas.jpg","type":"image\/jpeg"}],"twitter_card":"summary_large_image","schema":{"@context":"https:\/\/schema.org","@graph":[{"@type":"WebPage","@id":"https:\/\/stagpartynight.com\/es\/product\/alojamiento-en-valencia\/","url":"https:\/\/stagpartynight.com\/es\/product\/alojamiento-en-valencia\/","name":"Alojamiento en Valencia - Apartamentos turisticos para grupos","isPartOf":{"@id":"https:\/\/stagpartynight.com\/es\/#website"},"primaryImageOfPage":{"@id":"https:\/\/stagpartynight.com\/es\/product\/alojamiento-en-valencia\/#primaryimage"},"image":{"@id":"https:\/\/stagpartynight.com\/es\/product\/alojamiento-en-valencia\/#primaryimage"},"thumbnailUrl":"https:\/\/stagpartynight.com\/es\/wp-content\/uploads\/sites\/2\/2021\/01\/Villas.jpg","datePublished":"2021-01-05T18:52:09+00:00","dateModified":"2022-12-22T11:44:18+00:00","description":"Descubra la oferta de alojamiento en Valencia ,desde apartamentos tur\u00edsticos, hoteles y villas en Valencia. Nos adaptamos a sus necesidades.","breadcrumb":{"@id":"https:\/\/stagpartynight.com\/es\/product\/alojamiento-en-valencia\/#breadcrumb"},"inLanguage":"es","potentialAction":[{"@type":"ReadAction","target":["https:\/\/stagpartynight.com\/es\/product\/alojamiento-en-valencia\/"]}]},{"@type":"ImageObject","inLanguage":"es","@id":"https:\/\/stagpartynight.com\/es\/product\/alojamiento-en-valencia\/#primaryimage","url":"https:\/\/stagpartynight.com\/es\/wp-content\/uploads\/sites\/2\/2021\/01\/Villas.jpg","contentUrl":"https:\/\/stagpartynight.com\/es\/wp-content\/uploads\/sites\/2\/2021\/01\/Villas.jpg","width":640,"height":426,"caption":"Alojamiento en Ibiza"},{"@type":"BreadcrumbList","@id":"https:\/\/stagpartynight.com\/es\/product\/alojamiento-en-valencia\/#breadcrumb","itemListElement":[{"@type":"ListItem","position":1,"name":"Home","item":"https:\/\/stagpartynight.com\/es\/"},{"@type":"ListItem","position":2,"name":"Tienda","item":"https:\/\/stagpartynight.com\/es\/tienda\/"},{"@type":"ListItem","position":3,"name":"Alojamiento en Valencia"}]},{"@type":"WebSite","@id":"https:\/\/stagpartynight.com\/es\/#website","url":"https:\/\/stagpartynight.com\/es\/","name":"Stag Party Night","description":"Your Stag Party Customized","publisher":{"@id":"https:\/\/stagpartynight.com\/es\/#organization"},"potentialAction":[{"@type":"SearchAction","target":{"@type":"EntryPoint","urlTemplate":"https:\/\/stagpartynight.com\/es\/?s={search_term_string}"},"query-input":{"@type":"PropertyValueSpecification","valueRequired":true,"valueName":"search_term_string"}}],"inLanguage":"es"},{"@type":"Organization","@id":"https:\/\/stagpartynight.com\/es\/#organization","name":"Stag Party Night","url":"https:\/\/stagpartynight.com\/es\/","logo":{"@type":"ImageObject","inLanguage":"es","@id":"https:\/\/stagpartynight.com\/es\/#\/schema\/logo\/image\/","url":"https:\/\/stagpartynight.com\/es\/wp-content\/uploads\/sites\/2\/2019\/12\/stagpartynight-e1578565505687.png","contentUrl":"https:\/\/stagpartynight.com\/es\/wp-content\/uploads\/sites\/2\/2019\/12\/stagpartynight-e1578565505687.png","width":400,"height":400,"caption":"Stag Party Night"},"image":{"@id":"https:\/\/stagpartynight.com\/es\/#\/schema\/logo\/image\/"}}]}},"_links":{"self":[{"href":"https:\/\/stagpartynight.com\/es\/wp-json\/wp\/v2\/product\/1940","targetHints":{"allow":["GET"]}}],"collection":[{"href":"https:\/\/stagpartynight.com\/es\/wp-json\/wp\/v2\/product"}],"about":[{"href":"https:\/\/stagpartynight.com\/es\/wp-json\/wp\/v2\/types\/product"}],"replies":[{"embeddable":true,"href":"https:\/\/stagpartynight.com\/es\/wp-json\/wp\/v2\/comments?post=1940"}],"wp:featuredmedia":[{"embeddable":true,"href":"https:\/\/stagpartynight.com\/es\/wp-json\/wp\/v2\/media\/1898"}],"wp:attachment":[{"href":"https:\/\/stagpartynight.com\/es\/wp-json\/wp\/v2\/media?parent=1940"}],"wp:term":[{"taxonomy":"product_brand","embeddable":true,"href":"https:\/\/stagpartynight.com\/es\/wp-json\/wp\/v2\/product_brand?post=1940"},{"taxonomy":"product_cat","embeddable":true,"href":"https:\/\/stagpartynight.com\/es\/wp-json\/wp\/v2\/product_cat?post=1940"},{"taxonomy":"product_tag","embeddable":true,"href":"https:\/\/stagpartynight.com\/es\/wp-json\/wp\/v2\/product_tag?post=1940"}],"curies":[{"name":"wp","href":"https:\/\/api.w.org\/{rel}","templated":true}]}}