{"id":1987,"date":"2021-01-06T13:53:24","date_gmt":"2021-01-06T12:53:24","guid":{"rendered":"https:\/\/stagpartynight.com\/es\/?post_type=product&#038;p=1987"},"modified":"2022-12-22T12:30:18","modified_gmt":"2022-12-22T11:30:18","slug":"clase-de-cocina-polaca","status":"publish","type":"product","link":"https:\/\/stagpartynight.com\/es\/product\/clase-de-cocina-polaca\/","title":{"rendered":"Clase de cocina Polaca"},"content":{"rendered":"<p>Aprenda a cocinar comidas tradicionales de Polonia con un cocinero profesional. Os ense\u00f1ar\u00e1 sus t\u00e9cnicas, ingredientes y secretos para preparar 5 platos t\u00edpicos Polacos. 3 horas de servicio en diferentes idiomas<\/p>\n","protected":false},"excerpt":{"rendered":"<p>Aprenda a cocinar comidas tradicionales de Polonia con un cocinero profesional. Os ense\u00f1ar\u00e1 sus t\u00e9cnicas, ingredientes y secretos para preparar 5 platos t\u00edpicos Polacos. 3 horas de servicio en diferentes idiomas<\/p>\n","protected":false},"featured_media":1988,"comment_status":"open","ping_status":"closed","template":"","meta":{"_et_pb_use_builder":"","_et_pb_old_content":"","_et_gb_content_width":""},"product_brand":[],"product_cat":[291],"product_tag":[312,314,313],"class_list":{"0":"post-1987","1":"product","2":"type-product","3":"status-publish","4":"has-post-thumbnail","6":"product_cat-varsovia","7":"product_tag-clases-de-cocina-en-polonia","8":"product_tag-clases-de-cocina-en-varsovia","9":"product_tag-clases-de-cocina-para-grupos","11":"first","12":"instock","13":"virtual","14":"product-type-simple"},"yoast_head":"<!-- This site is optimized with the Yoast SEO plugin v26.4 - https:\/\/yoast.com\/wordpress\/plugins\/seo\/ -->\n<title>Clase de cocina Polaca - Clases privadas de cocina de Polonia<\/title>\n<meta name=\"description\" content=\"Clase de cocina Polaca - Aprenda a cocinar comidas tradicionales de Polonia con un cocinero profesional. 3 horas de servicio en diferentes idiomas\" \/>\n<meta name=\"robots\" content=\"index, follow, max-snippet:-1, max-image-preview:large, max-video-preview:-1\" \/>\n<link rel=\"canonical\" href=\"https:\/\/stagpartynight.com\/es\/product\/clase-de-cocina-polaca\/\" \/>\n<meta property=\"og:locale\" content=\"es_ES\" \/>\n<meta property=\"og:type\" content=\"article\" \/>\n<meta property=\"og:title\" content=\"Clase de cocina Polaca - Clases privadas de cocina de Polonia\" \/>\n<meta property=\"og:description\" content=\"Clase de cocina Polaca - Aprenda a cocinar comidas tradicionales de Polonia con un cocinero profesional. 3 horas de servicio en diferentes idiomas\" \/>\n<meta property=\"og:url\" content=\"https:\/\/stagpartynight.com\/es\/product\/clase-de-cocina-polaca\/\" \/>\n<meta property=\"og:site_name\" content=\"Despedida de Soltero\" \/>\n<meta property=\"article:modified_time\" content=\"2022-12-22T11:30:18+00:00\" \/>\n<meta property=\"og:image\" content=\"https:\/\/stagpartynight.com\/es\/wp-content\/uploads\/sites\/2\/2021\/01\/pexels-karolina-grabowska-4084924.jpg\" \/>\n\t<meta property=\"og:image:width\" content=\"640\" \/>\n\t<meta property=\"og:image:height\" content=\"426\" \/>\n\t<meta property=\"og:image:type\" content=\"image\/jpeg\" \/>\n<meta name=\"twitter:card\" content=\"summary_large_image\" \/>\n<script type=\"application\/ld+json\" class=\"yoast-schema-graph\">{\"@context\":\"https:\/\/schema.org\",\"@graph\":[{\"@type\":\"WebPage\",\"@id\":\"https:\/\/stagpartynight.com\/es\/product\/clase-de-cocina-polaca\/\",\"url\":\"https:\/\/stagpartynight.com\/es\/product\/clase-de-cocina-polaca\/\",\"name\":\"Clase de cocina Polaca - Clases privadas de cocina de Polonia\",\"isPartOf\":{\"@id\":\"https:\/\/stagpartynight.com\/es\/#website\"},\"primaryImageOfPage\":{\"@id\":\"https:\/\/stagpartynight.com\/es\/product\/clase-de-cocina-polaca\/#primaryimage\"},\"image\":{\"@id\":\"https:\/\/stagpartynight.com\/es\/product\/clase-de-cocina-polaca\/#primaryimage\"},\"thumbnailUrl\":\"https:\/\/stagpartynight.com\/es\/wp-content\/uploads\/sites\/2\/2021\/01\/pexels-karolina-grabowska-4084924.jpg\",\"datePublished\":\"2021-01-06T12:53:24+00:00\",\"dateModified\":\"2022-12-22T11:30:18+00:00\",\"description\":\"Clase de cocina Polaca - Aprenda a cocinar comidas tradicionales de Polonia con un cocinero profesional. 3 horas de servicio en diferentes idiomas\",\"breadcrumb\":{\"@id\":\"https:\/\/stagpartynight.com\/es\/product\/clase-de-cocina-polaca\/#breadcrumb\"},\"inLanguage\":\"es\",\"potentialAction\":[{\"@type\":\"ReadAction\",\"target\":[\"https:\/\/stagpartynight.com\/es\/product\/clase-de-cocina-polaca\/\"]}]},{\"@type\":\"ImageObject\",\"inLanguage\":\"es\",\"@id\":\"https:\/\/stagpartynight.com\/es\/product\/clase-de-cocina-polaca\/#primaryimage\",\"url\":\"https:\/\/stagpartynight.com\/es\/wp-content\/uploads\/sites\/2\/2021\/01\/pexels-karolina-grabowska-4084924.jpg\",\"contentUrl\":\"https:\/\/stagpartynight.com\/es\/wp-content\/uploads\/sites\/2\/2021\/01\/pexels-karolina-grabowska-4084924.jpg\",\"width\":640,\"height\":426},{\"@type\":\"BreadcrumbList\",\"@id\":\"https:\/\/stagpartynight.com\/es\/product\/clase-de-cocina-polaca\/#breadcrumb\",\"itemListElement\":[{\"@type\":\"ListItem\",\"position\":1,\"name\":\"Home\",\"item\":\"https:\/\/stagpartynight.com\/es\/\"},{\"@type\":\"ListItem\",\"position\":2,\"name\":\"Tienda\",\"item\":\"https:\/\/stagpartynight.com\/es\/tienda\/\"},{\"@type\":\"ListItem\",\"position\":3,\"name\":\"Clase de cocina Polaca\"}]},{\"@type\":\"WebSite\",\"@id\":\"https:\/\/stagpartynight.com\/es\/#website\",\"url\":\"https:\/\/stagpartynight.com\/es\/\",\"name\":\"Stag Party Night\",\"description\":\"Your Stag Party Customized\",\"publisher\":{\"@id\":\"https:\/\/stagpartynight.com\/es\/#organization\"},\"potentialAction\":[{\"@type\":\"SearchAction\",\"target\":{\"@type\":\"EntryPoint\",\"urlTemplate\":\"https:\/\/stagpartynight.com\/es\/?s={search_term_string}\"},\"query-input\":{\"@type\":\"PropertyValueSpecification\",\"valueRequired\":true,\"valueName\":\"search_term_string\"}}],\"inLanguage\":\"es\"},{\"@type\":\"Organization\",\"@id\":\"https:\/\/stagpartynight.com\/es\/#organization\",\"name\":\"Stag Party Night\",\"url\":\"https:\/\/stagpartynight.com\/es\/\",\"logo\":{\"@type\":\"ImageObject\",\"inLanguage\":\"es\",\"@id\":\"https:\/\/stagpartynight.com\/es\/#\/schema\/logo\/image\/\",\"url\":\"https:\/\/stagpartynight.com\/es\/wp-content\/uploads\/sites\/2\/2019\/12\/stagpartynight-e1578565505687.png\",\"contentUrl\":\"https:\/\/stagpartynight.com\/es\/wp-content\/uploads\/sites\/2\/2019\/12\/stagpartynight-e1578565505687.png\",\"width\":400,\"height\":400,\"caption\":\"Stag Party Night\"},\"image\":{\"@id\":\"https:\/\/stagpartynight.com\/es\/#\/schema\/logo\/image\/\"}}]}<\/script>\n<!-- \/ Yoast SEO plugin. -->","yoast_head_json":{"title":"Clase de cocina Polaca - Clases privadas de cocina de Polonia","description":"Clase de cocina Polaca - Aprenda a cocinar comidas tradicionales de Polonia con un cocinero profesional. 3 horas de servicio en diferentes idiomas","robots":{"index":"index","follow":"follow","max-snippet":"max-snippet:-1","max-image-preview":"max-image-preview:large","max-video-preview":"max-video-preview:-1"},"canonical":"https:\/\/stagpartynight.com\/es\/product\/clase-de-cocina-polaca\/","og_locale":"es_ES","og_type":"article","og_title":"Clase de cocina Polaca - Clases privadas de cocina de Polonia","og_description":"Clase de cocina Polaca - Aprenda a cocinar comidas tradicionales de Polonia con un cocinero profesional. 3 horas de servicio en diferentes idiomas","og_url":"https:\/\/stagpartynight.com\/es\/product\/clase-de-cocina-polaca\/","og_site_name":"Despedida de Soltero","article_modified_time":"2022-12-22T11:30:18+00:00","og_image":[{"width":640,"height":426,"url":"https:\/\/stagpartynight.com\/es\/wp-content\/uploads\/sites\/2\/2021\/01\/pexels-karolina-grabowska-4084924.jpg","type":"image\/jpeg"}],"twitter_card":"summary_large_image","schema":{"@context":"https:\/\/schema.org","@graph":[{"@type":"WebPage","@id":"https:\/\/stagpartynight.com\/es\/product\/clase-de-cocina-polaca\/","url":"https:\/\/stagpartynight.com\/es\/product\/clase-de-cocina-polaca\/","name":"Clase de cocina Polaca - Clases privadas de cocina de Polonia","isPartOf":{"@id":"https:\/\/stagpartynight.com\/es\/#website"},"primaryImageOfPage":{"@id":"https:\/\/stagpartynight.com\/es\/product\/clase-de-cocina-polaca\/#primaryimage"},"image":{"@id":"https:\/\/stagpartynight.com\/es\/product\/clase-de-cocina-polaca\/#primaryimage"},"thumbnailUrl":"https:\/\/stagpartynight.com\/es\/wp-content\/uploads\/sites\/2\/2021\/01\/pexels-karolina-grabowska-4084924.jpg","datePublished":"2021-01-06T12:53:24+00:00","dateModified":"2022-12-22T11:30:18+00:00","description":"Clase de cocina Polaca - Aprenda a cocinar comidas tradicionales de Polonia con un cocinero profesional. 3 horas de servicio en diferentes idiomas","breadcrumb":{"@id":"https:\/\/stagpartynight.com\/es\/product\/clase-de-cocina-polaca\/#breadcrumb"},"inLanguage":"es","potentialAction":[{"@type":"ReadAction","target":["https:\/\/stagpartynight.com\/es\/product\/clase-de-cocina-polaca\/"]}]},{"@type":"ImageObject","inLanguage":"es","@id":"https:\/\/stagpartynight.com\/es\/product\/clase-de-cocina-polaca\/#primaryimage","url":"https:\/\/stagpartynight.com\/es\/wp-content\/uploads\/sites\/2\/2021\/01\/pexels-karolina-grabowska-4084924.jpg","contentUrl":"https:\/\/stagpartynight.com\/es\/wp-content\/uploads\/sites\/2\/2021\/01\/pexels-karolina-grabowska-4084924.jpg","width":640,"height":426},{"@type":"BreadcrumbList","@id":"https:\/\/stagpartynight.com\/es\/product\/clase-de-cocina-polaca\/#breadcrumb","itemListElement":[{"@type":"ListItem","position":1,"name":"Home","item":"https:\/\/stagpartynight.com\/es\/"},{"@type":"ListItem","position":2,"name":"Tienda","item":"https:\/\/stagpartynight.com\/es\/tienda\/"},{"@type":"ListItem","position":3,"name":"Clase de cocina Polaca"}]},{"@type":"WebSite","@id":"https:\/\/stagpartynight.com\/es\/#website","url":"https:\/\/stagpartynight.com\/es\/","name":"Stag Party Night","description":"Your Stag Party Customized","publisher":{"@id":"https:\/\/stagpartynight.com\/es\/#organization"},"potentialAction":[{"@type":"SearchAction","target":{"@type":"EntryPoint","urlTemplate":"https:\/\/stagpartynight.com\/es\/?s={search_term_string}"},"query-input":{"@type":"PropertyValueSpecification","valueRequired":true,"valueName":"search_term_string"}}],"inLanguage":"es"},{"@type":"Organization","@id":"https:\/\/stagpartynight.com\/es\/#organization","name":"Stag Party Night","url":"https:\/\/stagpartynight.com\/es\/","logo":{"@type":"ImageObject","inLanguage":"es","@id":"https:\/\/stagpartynight.com\/es\/#\/schema\/logo\/image\/","url":"https:\/\/stagpartynight.com\/es\/wp-content\/uploads\/sites\/2\/2019\/12\/stagpartynight-e1578565505687.png","contentUrl":"https:\/\/stagpartynight.com\/es\/wp-content\/uploads\/sites\/2\/2019\/12\/stagpartynight-e1578565505687.png","width":400,"height":400,"caption":"Stag Party Night"},"image":{"@id":"https:\/\/stagpartynight.com\/es\/#\/schema\/logo\/image\/"}}]}},"_links":{"self":[{"href":"https:\/\/stagpartynight.com\/es\/wp-json\/wp\/v2\/product\/1987","targetHints":{"allow":["GET"]}}],"collection":[{"href":"https:\/\/stagpartynight.com\/es\/wp-json\/wp\/v2\/product"}],"about":[{"href":"https:\/\/stagpartynight.com\/es\/wp-json\/wp\/v2\/types\/product"}],"replies":[{"embeddable":true,"href":"https:\/\/stagpartynight.com\/es\/wp-json\/wp\/v2\/comments?post=1987"}],"wp:featuredmedia":[{"embeddable":true,"href":"https:\/\/stagpartynight.com\/es\/wp-json\/wp\/v2\/media\/1988"}],"wp:attachment":[{"href":"https:\/\/stagpartynight.com\/es\/wp-json\/wp\/v2\/media?parent=1987"}],"wp:term":[{"taxonomy":"product_brand","embeddable":true,"href":"https:\/\/stagpartynight.com\/es\/wp-json\/wp\/v2\/product_brand?post=1987"},{"taxonomy":"product_cat","embeddable":true,"href":"https:\/\/stagpartynight.com\/es\/wp-json\/wp\/v2\/product_cat?post=1987"},{"taxonomy":"product_tag","embeddable":true,"href":"https:\/\/stagpartynight.com\/es\/wp-json\/wp\/v2\/product_tag?post=1987"}],"curies":[{"name":"wp","href":"https:\/\/api.w.org\/{rel}","templated":true}]}}