{"id":1989,"date":"2021-01-06T14:01:45","date_gmt":"2021-01-06T13:01:45","guid":{"rendered":"https:\/\/stagpartynight.com\/es\/?post_type=product&#038;p=1989"},"modified":"2022-12-22T12:29:44","modified_gmt":"2022-12-22T11:29:44","slug":"tour-de-cerveza-en-varsovia","status":"publish","type":"product","link":"https:\/\/stagpartynight.com\/es\/product\/tour-de-cerveza-en-varsovia\/","title":{"rendered":"Tour de cerveza en Varsovia"},"content":{"rendered":"<p>Descubre las cervezas artesanales de Polonia. Diferentes variedades donde visitar\u00e1s de 3 a 5 lugares con un gu\u00eda profesional de la cerveza, donde te explicar\u00e1 todos los secretos y los probar\u00e1. Duraci\u00f3n aproximada de 3 horas . Servicio en diferentes idiomas.<\/p>\n","protected":false},"excerpt":{"rendered":"<p>Descubre las cervezas artesanales de Polonia. Diferentes variedades donde visitar\u00e1s de 3 a 5 lugares con un gu\u00eda profesional de la cerveza, donde te explicar\u00e1 todos los secretos y los probar\u00e1. Duraci\u00f3n aproximada de 3 horas . Servicio en diferentes idiomas.<\/p>\n","protected":false},"featured_media":217,"comment_status":"open","ping_status":"closed","template":"","meta":{"_et_pb_use_builder":"","_et_pb_old_content":"","_et_gb_content_width":""},"product_brand":[],"product_cat":[291],"product_tag":[318,317,316,315],"class_list":{"0":"post-1989","1":"product","2":"type-product","3":"status-publish","4":"has-post-thumbnail","6":"product_cat-varsovia","7":"product_tag-barra-libre-de-cerveza-en-varsovia","8":"product_tag-cerveza-en-varsovia","9":"product_tag-ruta-de-cerveza-en-varsovia","10":"product_tag-tour-de-cerveza","12":"first","13":"instock","14":"virtual","15":"product-type-simple"},"yoast_head":"<!-- This site is optimized with the Yoast SEO plugin v26.4 - https:\/\/yoast.com\/wordpress\/plugins\/seo\/ -->\n<title>Tour de cerveza en Varsovia - Ruta de cerveza en Varsovia<\/title>\n<meta name=\"description\" content=\"Tour de cerveza en Varsovia - Descubre las cervezas artesanales de Polonia. Diferentes variedades donde visitar\u00e1s de 3 a 5 lugares con un gu\u00eda profesional.\" \/>\n<meta name=\"robots\" content=\"index, follow, max-snippet:-1, max-image-preview:large, max-video-preview:-1\" \/>\n<link rel=\"canonical\" href=\"https:\/\/stagpartynight.com\/es\/product\/tour-de-cerveza-en-varsovia\/\" \/>\n<meta property=\"og:locale\" content=\"es_ES\" \/>\n<meta property=\"og:type\" content=\"article\" \/>\n<meta property=\"og:title\" content=\"Tour de cerveza en Varsovia - Ruta de cerveza en Varsovia\" \/>\n<meta property=\"og:description\" content=\"Tour de cerveza en Varsovia - Descubre las cervezas artesanales de Polonia. Diferentes variedades donde visitar\u00e1s de 3 a 5 lugares con un gu\u00eda profesional.\" \/>\n<meta property=\"og:url\" content=\"https:\/\/stagpartynight.com\/es\/product\/tour-de-cerveza-en-varsovia\/\" \/>\n<meta property=\"og:site_name\" content=\"Despedida de Soltero\" \/>\n<meta property=\"article:modified_time\" content=\"2022-12-22T11:29:44+00:00\" \/>\n<meta property=\"og:image\" content=\"https:\/\/stagpartynight.com\/es\/wp-content\/uploads\/sites\/2\/2020\/01\/Ber-Tasting-Barcelona.jpg\" \/>\n\t<meta property=\"og:image:width\" content=\"630\" \/>\n\t<meta property=\"og:image:height\" content=\"472\" \/>\n\t<meta property=\"og:image:type\" content=\"image\/jpeg\" \/>\n<meta name=\"twitter:card\" content=\"summary_large_image\" \/>\n<script type=\"application\/ld+json\" class=\"yoast-schema-graph\">{\"@context\":\"https:\/\/schema.org\",\"@graph\":[{\"@type\":\"WebPage\",\"@id\":\"https:\/\/stagpartynight.com\/es\/product\/tour-de-cerveza-en-varsovia\/\",\"url\":\"https:\/\/stagpartynight.com\/es\/product\/tour-de-cerveza-en-varsovia\/\",\"name\":\"Tour de cerveza en Varsovia - Ruta de cerveza en Varsovia\",\"isPartOf\":{\"@id\":\"https:\/\/stagpartynight.com\/es\/#website\"},\"primaryImageOfPage\":{\"@id\":\"https:\/\/stagpartynight.com\/es\/product\/tour-de-cerveza-en-varsovia\/#primaryimage\"},\"image\":{\"@id\":\"https:\/\/stagpartynight.com\/es\/product\/tour-de-cerveza-en-varsovia\/#primaryimage\"},\"thumbnailUrl\":\"https:\/\/stagpartynight.com\/es\/wp-content\/uploads\/sites\/2\/2020\/01\/Ber-Tasting-Barcelona.jpg\",\"datePublished\":\"2021-01-06T13:01:45+00:00\",\"dateModified\":\"2022-12-22T11:29:44+00:00\",\"description\":\"Tour de cerveza en Varsovia - Descubre las cervezas artesanales de Polonia. Diferentes variedades donde visitar\u00e1s de 3 a 5 lugares con un gu\u00eda profesional.\",\"breadcrumb\":{\"@id\":\"https:\/\/stagpartynight.com\/es\/product\/tour-de-cerveza-en-varsovia\/#breadcrumb\"},\"inLanguage\":\"es\",\"potentialAction\":[{\"@type\":\"ReadAction\",\"target\":[\"https:\/\/stagpartynight.com\/es\/product\/tour-de-cerveza-en-varsovia\/\"]}]},{\"@type\":\"ImageObject\",\"inLanguage\":\"es\",\"@id\":\"https:\/\/stagpartynight.com\/es\/product\/tour-de-cerveza-en-varsovia\/#primaryimage\",\"url\":\"https:\/\/stagpartynight.com\/es\/wp-content\/uploads\/sites\/2\/2020\/01\/Ber-Tasting-Barcelona.jpg\",\"contentUrl\":\"https:\/\/stagpartynight.com\/es\/wp-content\/uploads\/sites\/2\/2020\/01\/Ber-Tasting-Barcelona.jpg\",\"width\":630,\"height\":472},{\"@type\":\"BreadcrumbList\",\"@id\":\"https:\/\/stagpartynight.com\/es\/product\/tour-de-cerveza-en-varsovia\/#breadcrumb\",\"itemListElement\":[{\"@type\":\"ListItem\",\"position\":1,\"name\":\"Home\",\"item\":\"https:\/\/stagpartynight.com\/es\/\"},{\"@type\":\"ListItem\",\"position\":2,\"name\":\"Tienda\",\"item\":\"https:\/\/stagpartynight.com\/es\/tienda\/\"},{\"@type\":\"ListItem\",\"position\":3,\"name\":\"Tour de cerveza en Varsovia\"}]},{\"@type\":\"WebSite\",\"@id\":\"https:\/\/stagpartynight.com\/es\/#website\",\"url\":\"https:\/\/stagpartynight.com\/es\/\",\"name\":\"Stag Party Night\",\"description\":\"Your Stag Party Customized\",\"publisher\":{\"@id\":\"https:\/\/stagpartynight.com\/es\/#organization\"},\"potentialAction\":[{\"@type\":\"SearchAction\",\"target\":{\"@type\":\"EntryPoint\",\"urlTemplate\":\"https:\/\/stagpartynight.com\/es\/?s={search_term_string}\"},\"query-input\":{\"@type\":\"PropertyValueSpecification\",\"valueRequired\":true,\"valueName\":\"search_term_string\"}}],\"inLanguage\":\"es\"},{\"@type\":\"Organization\",\"@id\":\"https:\/\/stagpartynight.com\/es\/#organization\",\"name\":\"Stag Party Night\",\"url\":\"https:\/\/stagpartynight.com\/es\/\",\"logo\":{\"@type\":\"ImageObject\",\"inLanguage\":\"es\",\"@id\":\"https:\/\/stagpartynight.com\/es\/#\/schema\/logo\/image\/\",\"url\":\"https:\/\/stagpartynight.com\/es\/wp-content\/uploads\/sites\/2\/2019\/12\/stagpartynight-e1578565505687.png\",\"contentUrl\":\"https:\/\/stagpartynight.com\/es\/wp-content\/uploads\/sites\/2\/2019\/12\/stagpartynight-e1578565505687.png\",\"width\":400,\"height\":400,\"caption\":\"Stag Party Night\"},\"image\":{\"@id\":\"https:\/\/stagpartynight.com\/es\/#\/schema\/logo\/image\/\"}}]}<\/script>\n<!-- \/ Yoast SEO plugin. -->","yoast_head_json":{"title":"Tour de cerveza en Varsovia - Ruta de cerveza en Varsovia","description":"Tour de cerveza en Varsovia - Descubre las cervezas artesanales de Polonia. Diferentes variedades donde visitar\u00e1s de 3 a 5 lugares con un gu\u00eda profesional.","robots":{"index":"index","follow":"follow","max-snippet":"max-snippet:-1","max-image-preview":"max-image-preview:large","max-video-preview":"max-video-preview:-1"},"canonical":"https:\/\/stagpartynight.com\/es\/product\/tour-de-cerveza-en-varsovia\/","og_locale":"es_ES","og_type":"article","og_title":"Tour de cerveza en Varsovia - Ruta de cerveza en Varsovia","og_description":"Tour de cerveza en Varsovia - Descubre las cervezas artesanales de Polonia. Diferentes variedades donde visitar\u00e1s de 3 a 5 lugares con un gu\u00eda profesional.","og_url":"https:\/\/stagpartynight.com\/es\/product\/tour-de-cerveza-en-varsovia\/","og_site_name":"Despedida de Soltero","article_modified_time":"2022-12-22T11:29:44+00:00","og_image":[{"width":630,"height":472,"url":"https:\/\/stagpartynight.com\/es\/wp-content\/uploads\/sites\/2\/2020\/01\/Ber-Tasting-Barcelona.jpg","type":"image\/jpeg"}],"twitter_card":"summary_large_image","schema":{"@context":"https:\/\/schema.org","@graph":[{"@type":"WebPage","@id":"https:\/\/stagpartynight.com\/es\/product\/tour-de-cerveza-en-varsovia\/","url":"https:\/\/stagpartynight.com\/es\/product\/tour-de-cerveza-en-varsovia\/","name":"Tour de cerveza en Varsovia - Ruta de cerveza en Varsovia","isPartOf":{"@id":"https:\/\/stagpartynight.com\/es\/#website"},"primaryImageOfPage":{"@id":"https:\/\/stagpartynight.com\/es\/product\/tour-de-cerveza-en-varsovia\/#primaryimage"},"image":{"@id":"https:\/\/stagpartynight.com\/es\/product\/tour-de-cerveza-en-varsovia\/#primaryimage"},"thumbnailUrl":"https:\/\/stagpartynight.com\/es\/wp-content\/uploads\/sites\/2\/2020\/01\/Ber-Tasting-Barcelona.jpg","datePublished":"2021-01-06T13:01:45+00:00","dateModified":"2022-12-22T11:29:44+00:00","description":"Tour de cerveza en Varsovia - Descubre las cervezas artesanales de Polonia. Diferentes variedades donde visitar\u00e1s de 3 a 5 lugares con un gu\u00eda profesional.","breadcrumb":{"@id":"https:\/\/stagpartynight.com\/es\/product\/tour-de-cerveza-en-varsovia\/#breadcrumb"},"inLanguage":"es","potentialAction":[{"@type":"ReadAction","target":["https:\/\/stagpartynight.com\/es\/product\/tour-de-cerveza-en-varsovia\/"]}]},{"@type":"ImageObject","inLanguage":"es","@id":"https:\/\/stagpartynight.com\/es\/product\/tour-de-cerveza-en-varsovia\/#primaryimage","url":"https:\/\/stagpartynight.com\/es\/wp-content\/uploads\/sites\/2\/2020\/01\/Ber-Tasting-Barcelona.jpg","contentUrl":"https:\/\/stagpartynight.com\/es\/wp-content\/uploads\/sites\/2\/2020\/01\/Ber-Tasting-Barcelona.jpg","width":630,"height":472},{"@type":"BreadcrumbList","@id":"https:\/\/stagpartynight.com\/es\/product\/tour-de-cerveza-en-varsovia\/#breadcrumb","itemListElement":[{"@type":"ListItem","position":1,"name":"Home","item":"https:\/\/stagpartynight.com\/es\/"},{"@type":"ListItem","position":2,"name":"Tienda","item":"https:\/\/stagpartynight.com\/es\/tienda\/"},{"@type":"ListItem","position":3,"name":"Tour de cerveza en Varsovia"}]},{"@type":"WebSite","@id":"https:\/\/stagpartynight.com\/es\/#website","url":"https:\/\/stagpartynight.com\/es\/","name":"Stag Party Night","description":"Your Stag Party Customized","publisher":{"@id":"https:\/\/stagpartynight.com\/es\/#organization"},"potentialAction":[{"@type":"SearchAction","target":{"@type":"EntryPoint","urlTemplate":"https:\/\/stagpartynight.com\/es\/?s={search_term_string}"},"query-input":{"@type":"PropertyValueSpecification","valueRequired":true,"valueName":"search_term_string"}}],"inLanguage":"es"},{"@type":"Organization","@id":"https:\/\/stagpartynight.com\/es\/#organization","name":"Stag Party Night","url":"https:\/\/stagpartynight.com\/es\/","logo":{"@type":"ImageObject","inLanguage":"es","@id":"https:\/\/stagpartynight.com\/es\/#\/schema\/logo\/image\/","url":"https:\/\/stagpartynight.com\/es\/wp-content\/uploads\/sites\/2\/2019\/12\/stagpartynight-e1578565505687.png","contentUrl":"https:\/\/stagpartynight.com\/es\/wp-content\/uploads\/sites\/2\/2019\/12\/stagpartynight-e1578565505687.png","width":400,"height":400,"caption":"Stag Party Night"},"image":{"@id":"https:\/\/stagpartynight.com\/es\/#\/schema\/logo\/image\/"}}]}},"_links":{"self":[{"href":"https:\/\/stagpartynight.com\/es\/wp-json\/wp\/v2\/product\/1989","targetHints":{"allow":["GET"]}}],"collection":[{"href":"https:\/\/stagpartynight.com\/es\/wp-json\/wp\/v2\/product"}],"about":[{"href":"https:\/\/stagpartynight.com\/es\/wp-json\/wp\/v2\/types\/product"}],"replies":[{"embeddable":true,"href":"https:\/\/stagpartynight.com\/es\/wp-json\/wp\/v2\/comments?post=1989"}],"wp:featuredmedia":[{"embeddable":true,"href":"https:\/\/stagpartynight.com\/es\/wp-json\/wp\/v2\/media\/217"}],"wp:attachment":[{"href":"https:\/\/stagpartynight.com\/es\/wp-json\/wp\/v2\/media?parent=1989"}],"wp:term":[{"taxonomy":"product_brand","embeddable":true,"href":"https:\/\/stagpartynight.com\/es\/wp-json\/wp\/v2\/product_brand?post=1989"},{"taxonomy":"product_cat","embeddable":true,"href":"https:\/\/stagpartynight.com\/es\/wp-json\/wp\/v2\/product_cat?post=1989"},{"taxonomy":"product_tag","embeddable":true,"href":"https:\/\/stagpartynight.com\/es\/wp-json\/wp\/v2\/product_tag?post=1989"}],"curies":[{"name":"wp","href":"https:\/\/api.w.org\/{rel}","templated":true}]}}