{"id":199,"date":"2020-01-08T12:13:28","date_gmt":"2020-01-08T11:13:28","guid":{"rendered":"https:\/\/stagpartynight.com\/es\/?post_type=product&#038;p=199"},"modified":"2022-12-23T16:33:26","modified_gmt":"2022-12-23T15:33:26","slug":"handcuffed-dwarf-barcelona","status":"publish","type":"product","link":"https:\/\/stagpartynight.com\/es\/product\/handcuffed-dwarf-barcelona\/","title":{"rendered":"Enano en Barcelona"},"content":{"rendered":"<p>Esposamos a un enano junto al novio y pasamos 1 hora caminando por las zonas tur\u00edsticas y concurridas de Barcelona, junto con el grupo, donde el animador enano har\u00e1 que todo el mundo le mire y har\u00e1 que el ciervo pase un poco de verg\u00fcenza. Un servicio divertido y respetuoso. <strong>Enano en Barcelona<\/strong><\/p>\n","protected":false},"excerpt":{"rendered":"<p>Esposamos a un enano junto al novio y pasamos 1 hora caminando por las zonas tur\u00edsticas y concurridas de Barcelona, junto con el grupo, donde el animador enano har\u00e1 que todo el mundo le mire y har\u00e1 que el ciervo pase un poco de verg\u00fcenza. Un servicio divertido y respetuoso. <strong>Enano en Barcelona<\/strong><\/p>\n","protected":false},"featured_media":2214,"comment_status":"open","ping_status":"closed","template":"","meta":{"_et_pb_use_builder":"","_et_pb_old_content":"","_et_gb_content_width":""},"product_brand":[],"product_cat":[68],"product_tag":[261,262,263,74],"class_list":{"0":"post-199","1":"product","2":"type-product","3":"status-publish","4":"has-post-thumbnail","6":"product_cat-barcelona","7":"product_tag-enano-animacion","8":"product_tag-enano-esposado","9":"product_tag-enanos-animadores","10":"product_tag-handcuffed-dwarf-barcelona","12":"first","13":"instock","14":"virtual","15":"product-type-simple"},"yoast_head":"<!-- This site is optimized with the Yoast SEO plugin v26.4 - https:\/\/yoast.com\/wordpress\/plugins\/seo\/ -->\n<title>Enano en Barcelona - Enanos en Barcelona - Animaci\u00f3n de enanos<\/title>\n<meta name=\"description\" content=\"Esposamos a un enano junto al novio y pasamos 1 hora caminando por las zonas tur\u00edsticas y concurridas de Barcelona, junto con el grupo, donde el animador enano har\u00e1 que todo el mundo le mire y har\u00e1 que el ciervo pase un poco de verg\u00fcenza. Un servicio divertido y respetuoso.\" \/>\n<meta name=\"robots\" content=\"index, follow, max-snippet:-1, max-image-preview:large, max-video-preview:-1\" \/>\n<link rel=\"canonical\" href=\"https:\/\/stagpartynight.com\/es\/product\/handcuffed-dwarf-barcelona\/\" \/>\n<meta property=\"og:locale\" content=\"es_ES\" \/>\n<meta property=\"og:type\" content=\"article\" \/>\n<meta property=\"og:title\" content=\"Enano en Barcelona - Enanos en Barcelona - Animaci\u00f3n de enanos\" \/>\n<meta property=\"og:description\" content=\"Esposamos a un enano junto al novio y pasamos 1 hora caminando por las zonas tur\u00edsticas y concurridas de Barcelona, junto con el grupo, donde el animador enano har\u00e1 que todo el mundo le mire y har\u00e1 que el ciervo pase un poco de verg\u00fcenza. Un servicio divertido y respetuoso.\" \/>\n<meta property=\"og:url\" content=\"https:\/\/stagpartynight.com\/es\/product\/handcuffed-dwarf-barcelona\/\" \/>\n<meta property=\"og:site_name\" content=\"Despedida de Soltero\" \/>\n<meta property=\"article:modified_time\" content=\"2022-12-23T15:33:26+00:00\" \/>\n<meta property=\"og:image\" content=\"https:\/\/stagpartynight.com\/es\/wp-content\/uploads\/sites\/2\/2020\/01\/WhatsApp-Image-2021-01-15-at-14.39.46-1.jpeg\" \/>\n\t<meta property=\"og:image:width\" content=\"720\" \/>\n\t<meta property=\"og:image:height\" content=\"1124\" \/>\n\t<meta property=\"og:image:type\" content=\"image\/jpeg\" \/>\n<meta name=\"twitter:card\" content=\"summary_large_image\" \/>\n<meta name=\"twitter:label1\" content=\"Tiempo de lectura\" \/>\n\t<meta name=\"twitter:data1\" content=\"1 minuto\" \/>\n<script type=\"application\/ld+json\" class=\"yoast-schema-graph\">{\"@context\":\"https:\/\/schema.org\",\"@graph\":[{\"@type\":\"WebPage\",\"@id\":\"https:\/\/stagpartynight.com\/es\/product\/handcuffed-dwarf-barcelona\/\",\"url\":\"https:\/\/stagpartynight.com\/es\/product\/handcuffed-dwarf-barcelona\/\",\"name\":\"Enano en Barcelona - Enanos en Barcelona - Animaci\u00f3n de enanos\",\"isPartOf\":{\"@id\":\"https:\/\/stagpartynight.com\/es\/#website\"},\"primaryImageOfPage\":{\"@id\":\"https:\/\/stagpartynight.com\/es\/product\/handcuffed-dwarf-barcelona\/#primaryimage\"},\"image\":{\"@id\":\"https:\/\/stagpartynight.com\/es\/product\/handcuffed-dwarf-barcelona\/#primaryimage\"},\"thumbnailUrl\":\"https:\/\/stagpartynight.com\/es\/wp-content\/uploads\/sites\/2\/2020\/01\/WhatsApp-Image-2021-01-15-at-14.39.46-1.jpeg\",\"datePublished\":\"2020-01-08T11:13:28+00:00\",\"dateModified\":\"2022-12-23T15:33:26+00:00\",\"description\":\"Esposamos a un enano junto al novio y pasamos 1 hora caminando por las zonas tur\u00edsticas y concurridas de Barcelona, junto con el grupo, donde el animador enano har\u00e1 que todo el mundo le mire y har\u00e1 que el ciervo pase un poco de verg\u00fcenza. Un servicio divertido y respetuoso.\",\"breadcrumb\":{\"@id\":\"https:\/\/stagpartynight.com\/es\/product\/handcuffed-dwarf-barcelona\/#breadcrumb\"},\"inLanguage\":\"es\",\"potentialAction\":[{\"@type\":\"ReadAction\",\"target\":[\"https:\/\/stagpartynight.com\/es\/product\/handcuffed-dwarf-barcelona\/\"]}]},{\"@type\":\"ImageObject\",\"inLanguage\":\"es\",\"@id\":\"https:\/\/stagpartynight.com\/es\/product\/handcuffed-dwarf-barcelona\/#primaryimage\",\"url\":\"https:\/\/stagpartynight.com\/es\/wp-content\/uploads\/sites\/2\/2020\/01\/WhatsApp-Image-2021-01-15-at-14.39.46-1.jpeg\",\"contentUrl\":\"https:\/\/stagpartynight.com\/es\/wp-content\/uploads\/sites\/2\/2020\/01\/WhatsApp-Image-2021-01-15-at-14.39.46-1.jpeg\",\"width\":720,\"height\":1124,\"caption\":\"Enano Esposado Mallorca\"},{\"@type\":\"BreadcrumbList\",\"@id\":\"https:\/\/stagpartynight.com\/es\/product\/handcuffed-dwarf-barcelona\/#breadcrumb\",\"itemListElement\":[{\"@type\":\"ListItem\",\"position\":1,\"name\":\"Home\",\"item\":\"https:\/\/stagpartynight.com\/es\/\"},{\"@type\":\"ListItem\",\"position\":2,\"name\":\"Tienda\",\"item\":\"https:\/\/stagpartynight.com\/es\/tienda\/\"},{\"@type\":\"ListItem\",\"position\":3,\"name\":\"Enano en Barcelona\"}]},{\"@type\":\"WebSite\",\"@id\":\"https:\/\/stagpartynight.com\/es\/#website\",\"url\":\"https:\/\/stagpartynight.com\/es\/\",\"name\":\"Stag Party Night\",\"description\":\"Your Stag Party Customized\",\"publisher\":{\"@id\":\"https:\/\/stagpartynight.com\/es\/#organization\"},\"potentialAction\":[{\"@type\":\"SearchAction\",\"target\":{\"@type\":\"EntryPoint\",\"urlTemplate\":\"https:\/\/stagpartynight.com\/es\/?s={search_term_string}\"},\"query-input\":{\"@type\":\"PropertyValueSpecification\",\"valueRequired\":true,\"valueName\":\"search_term_string\"}}],\"inLanguage\":\"es\"},{\"@type\":\"Organization\",\"@id\":\"https:\/\/stagpartynight.com\/es\/#organization\",\"name\":\"Stag Party Night\",\"url\":\"https:\/\/stagpartynight.com\/es\/\",\"logo\":{\"@type\":\"ImageObject\",\"inLanguage\":\"es\",\"@id\":\"https:\/\/stagpartynight.com\/es\/#\/schema\/logo\/image\/\",\"url\":\"https:\/\/stagpartynight.com\/es\/wp-content\/uploads\/sites\/2\/2019\/12\/stagpartynight-e1578565505687.png\",\"contentUrl\":\"https:\/\/stagpartynight.com\/es\/wp-content\/uploads\/sites\/2\/2019\/12\/stagpartynight-e1578565505687.png\",\"width\":400,\"height\":400,\"caption\":\"Stag Party Night\"},\"image\":{\"@id\":\"https:\/\/stagpartynight.com\/es\/#\/schema\/logo\/image\/\"}}]}<\/script>\n<!-- \/ Yoast SEO plugin. -->","yoast_head_json":{"title":"Enano en Barcelona - Enanos en Barcelona - Animaci\u00f3n de enanos","description":"Esposamos a un enano junto al novio y pasamos 1 hora caminando por las zonas tur\u00edsticas y concurridas de Barcelona, junto con el grupo, donde el animador enano har\u00e1 que todo el mundo le mire y har\u00e1 que el ciervo pase un poco de verg\u00fcenza. Un servicio divertido y respetuoso.","robots":{"index":"index","follow":"follow","max-snippet":"max-snippet:-1","max-image-preview":"max-image-preview:large","max-video-preview":"max-video-preview:-1"},"canonical":"https:\/\/stagpartynight.com\/es\/product\/handcuffed-dwarf-barcelona\/","og_locale":"es_ES","og_type":"article","og_title":"Enano en Barcelona - Enanos en Barcelona - Animaci\u00f3n de enanos","og_description":"Esposamos a un enano junto al novio y pasamos 1 hora caminando por las zonas tur\u00edsticas y concurridas de Barcelona, junto con el grupo, donde el animador enano har\u00e1 que todo el mundo le mire y har\u00e1 que el ciervo pase un poco de verg\u00fcenza. Un servicio divertido y respetuoso.","og_url":"https:\/\/stagpartynight.com\/es\/product\/handcuffed-dwarf-barcelona\/","og_site_name":"Despedida de Soltero","article_modified_time":"2022-12-23T15:33:26+00:00","og_image":[{"width":720,"height":1124,"url":"https:\/\/stagpartynight.com\/es\/wp-content\/uploads\/sites\/2\/2020\/01\/WhatsApp-Image-2021-01-15-at-14.39.46-1.jpeg","type":"image\/jpeg"}],"twitter_card":"summary_large_image","twitter_misc":{"Tiempo de lectura":"1 minuto"},"schema":{"@context":"https:\/\/schema.org","@graph":[{"@type":"WebPage","@id":"https:\/\/stagpartynight.com\/es\/product\/handcuffed-dwarf-barcelona\/","url":"https:\/\/stagpartynight.com\/es\/product\/handcuffed-dwarf-barcelona\/","name":"Enano en Barcelona - Enanos en Barcelona - Animaci\u00f3n de enanos","isPartOf":{"@id":"https:\/\/stagpartynight.com\/es\/#website"},"primaryImageOfPage":{"@id":"https:\/\/stagpartynight.com\/es\/product\/handcuffed-dwarf-barcelona\/#primaryimage"},"image":{"@id":"https:\/\/stagpartynight.com\/es\/product\/handcuffed-dwarf-barcelona\/#primaryimage"},"thumbnailUrl":"https:\/\/stagpartynight.com\/es\/wp-content\/uploads\/sites\/2\/2020\/01\/WhatsApp-Image-2021-01-15-at-14.39.46-1.jpeg","datePublished":"2020-01-08T11:13:28+00:00","dateModified":"2022-12-23T15:33:26+00:00","description":"Esposamos a un enano junto al novio y pasamos 1 hora caminando por las zonas tur\u00edsticas y concurridas de Barcelona, junto con el grupo, donde el animador enano har\u00e1 que todo el mundo le mire y har\u00e1 que el ciervo pase un poco de verg\u00fcenza. Un servicio divertido y respetuoso.","breadcrumb":{"@id":"https:\/\/stagpartynight.com\/es\/product\/handcuffed-dwarf-barcelona\/#breadcrumb"},"inLanguage":"es","potentialAction":[{"@type":"ReadAction","target":["https:\/\/stagpartynight.com\/es\/product\/handcuffed-dwarf-barcelona\/"]}]},{"@type":"ImageObject","inLanguage":"es","@id":"https:\/\/stagpartynight.com\/es\/product\/handcuffed-dwarf-barcelona\/#primaryimage","url":"https:\/\/stagpartynight.com\/es\/wp-content\/uploads\/sites\/2\/2020\/01\/WhatsApp-Image-2021-01-15-at-14.39.46-1.jpeg","contentUrl":"https:\/\/stagpartynight.com\/es\/wp-content\/uploads\/sites\/2\/2020\/01\/WhatsApp-Image-2021-01-15-at-14.39.46-1.jpeg","width":720,"height":1124,"caption":"Enano Esposado Mallorca"},{"@type":"BreadcrumbList","@id":"https:\/\/stagpartynight.com\/es\/product\/handcuffed-dwarf-barcelona\/#breadcrumb","itemListElement":[{"@type":"ListItem","position":1,"name":"Home","item":"https:\/\/stagpartynight.com\/es\/"},{"@type":"ListItem","position":2,"name":"Tienda","item":"https:\/\/stagpartynight.com\/es\/tienda\/"},{"@type":"ListItem","position":3,"name":"Enano en Barcelona"}]},{"@type":"WebSite","@id":"https:\/\/stagpartynight.com\/es\/#website","url":"https:\/\/stagpartynight.com\/es\/","name":"Stag Party Night","description":"Your Stag Party Customized","publisher":{"@id":"https:\/\/stagpartynight.com\/es\/#organization"},"potentialAction":[{"@type":"SearchAction","target":{"@type":"EntryPoint","urlTemplate":"https:\/\/stagpartynight.com\/es\/?s={search_term_string}"},"query-input":{"@type":"PropertyValueSpecification","valueRequired":true,"valueName":"search_term_string"}}],"inLanguage":"es"},{"@type":"Organization","@id":"https:\/\/stagpartynight.com\/es\/#organization","name":"Stag Party Night","url":"https:\/\/stagpartynight.com\/es\/","logo":{"@type":"ImageObject","inLanguage":"es","@id":"https:\/\/stagpartynight.com\/es\/#\/schema\/logo\/image\/","url":"https:\/\/stagpartynight.com\/es\/wp-content\/uploads\/sites\/2\/2019\/12\/stagpartynight-e1578565505687.png","contentUrl":"https:\/\/stagpartynight.com\/es\/wp-content\/uploads\/sites\/2\/2019\/12\/stagpartynight-e1578565505687.png","width":400,"height":400,"caption":"Stag Party Night"},"image":{"@id":"https:\/\/stagpartynight.com\/es\/#\/schema\/logo\/image\/"}}]}},"_links":{"self":[{"href":"https:\/\/stagpartynight.com\/es\/wp-json\/wp\/v2\/product\/199","targetHints":{"allow":["GET"]}}],"collection":[{"href":"https:\/\/stagpartynight.com\/es\/wp-json\/wp\/v2\/product"}],"about":[{"href":"https:\/\/stagpartynight.com\/es\/wp-json\/wp\/v2\/types\/product"}],"replies":[{"embeddable":true,"href":"https:\/\/stagpartynight.com\/es\/wp-json\/wp\/v2\/comments?post=199"}],"wp:featuredmedia":[{"embeddable":true,"href":"https:\/\/stagpartynight.com\/es\/wp-json\/wp\/v2\/media\/2214"}],"wp:attachment":[{"href":"https:\/\/stagpartynight.com\/es\/wp-json\/wp\/v2\/media?parent=199"}],"wp:term":[{"taxonomy":"product_brand","embeddable":true,"href":"https:\/\/stagpartynight.com\/es\/wp-json\/wp\/v2\/product_brand?post=199"},{"taxonomy":"product_cat","embeddable":true,"href":"https:\/\/stagpartynight.com\/es\/wp-json\/wp\/v2\/product_cat?post=199"},{"taxonomy":"product_tag","embeddable":true,"href":"https:\/\/stagpartynight.com\/es\/wp-json\/wp\/v2\/product_tag?post=199"}],"curies":[{"name":"wp","href":"https:\/\/api.w.org\/{rel}","templated":true}]}}