{"id":214,"date":"2020-01-08T12:35:16","date_gmt":"2020-01-08T11:35:16","guid":{"rendered":"https:\/\/stagpartynight.com\/es\/?post_type=product&#038;p=214"},"modified":"2022-12-23T16:09:19","modified_gmt":"2022-12-23T15:09:19","slug":"wine-tast-barcelona","status":"publish","type":"product","link":"https:\/\/stagpartynight.com\/es\/product\/wine-tast-barcelona\/","title":{"rendered":"Cata de vinos Barcelona"},"content":{"rendered":"<p>Los vinos espa\u00f1oles son conocidos en todo el mundo, descubre sus or\u00edgenes y sus sabores, olores y apariencia. Un experto en vinos te explicar\u00e1 la historia y te ense\u00f1ar\u00e1 a ver y entender la tradici\u00f3n que se obtiene de estos vinos. Prueba y disfruta de un gran d\u00eda. <strong>Cata de vinos Barcelona<\/strong><\/p>\n","protected":false},"excerpt":{"rendered":"<p>Los vinos espa\u00f1oles son conocidos en todo el mundo, descubre sus or\u00edgenes y sus sabores, olores y apariencia. Un experto en vinos te explicar\u00e1 la historia y te ense\u00f1ar\u00e1 a ver y entender la tradici\u00f3n que se obtiene de estos vinos. Prueba y disfruta de un gran d\u00eda. <strong>Cata de vinos Barcelona<\/strong><\/p>\n","protected":false},"featured_media":215,"comment_status":"open","ping_status":"closed","template":"","meta":{"_et_pb_use_builder":"","_et_pb_old_content":"","_et_gb_content_width":""},"product_brand":[],"product_cat":[68],"product_tag":[668,667,84],"class_list":{"0":"post-214","1":"product","2":"type-product","3":"status-publish","4":"has-post-thumbnail","6":"product_cat-barcelona","7":"product_tag-cata-de-vinos-barcelona","8":"product_tag-tour-de-vinos-barcelona","9":"product_tag-wine-tast-barcelona","11":"first","12":"instock","13":"virtual","14":"product-type-simple"},"yoast_head":"<!-- This site is optimized with the Yoast SEO Premium plugin v27.5 (Yoast SEO v27.5) - https:\/\/yoast.com\/product\/yoast-seo-premium-wordpress\/ -->\n<title>Cata de vinos Barcelona - Tour de vinos en Barcelona<\/title>\n<meta name=\"description\" content=\"Cata de vinos Barcelona - Los vinos espa\u00f1oles son conocidos en todo el mundo, descubre sus or\u00edgenes y sus sabores, olores y apariencia. Un experto en vinos te explicar\u00e1 la historia y te ense\u00f1ar\u00e1 a ver y entender la tradici\u00f3n que se obtiene de estos vinos\" \/>\n<meta name=\"robots\" content=\"index, follow, max-snippet:-1, max-image-preview:large, max-video-preview:-1\" \/>\n<link rel=\"canonical\" href=\"https:\/\/stagpartynight.com\/es\/product\/wine-tast-barcelona\/\" \/>\n<meta property=\"og:locale\" content=\"es_ES\" \/>\n<meta property=\"og:type\" content=\"article\" \/>\n<meta property=\"og:title\" content=\"Cata de vinos Barcelona\" \/>\n<meta property=\"og:description\" content=\"Cata de vinos Barcelona - Los vinos espa\u00f1oles son conocidos en todo el mundo, descubre sus or\u00edgenes y sus sabores, olores y apariencia. Un experto en vinos te explicar\u00e1 la historia y te ense\u00f1ar\u00e1 a ver y entender la tradici\u00f3n que se obtiene de estos vinos\" \/>\n<meta property=\"og:url\" content=\"https:\/\/stagpartynight.com\/es\/product\/wine-tast-barcelona\/\" \/>\n<meta property=\"og:site_name\" content=\"Despedida de Soltero\" \/>\n<meta property=\"article:modified_time\" content=\"2022-12-23T15:09:19+00:00\" \/>\n<meta property=\"og:image\" content=\"https:\/\/stagpartynight.com\/es\/wp-content\/uploads\/sites\/2\/2020\/01\/Wine-Tast-Barcelona.jpg\" \/>\n\t<meta property=\"og:image:width\" content=\"1200\" \/>\n\t<meta property=\"og:image:height\" content=\"798\" \/>\n\t<meta property=\"og:image:type\" content=\"image\/jpeg\" \/>\n<meta name=\"twitter:card\" content=\"summary_large_image\" \/>\n<meta name=\"twitter:label1\" content=\"Tiempo de lectura\" \/>\n\t<meta name=\"twitter:data1\" content=\"1 minuto\" \/>\n<script type=\"application\/ld+json\" class=\"yoast-schema-graph\">{\"@context\":\"https:\\\/\\\/schema.org\",\"@graph\":[{\"@type\":\"WebPage\",\"@id\":\"https:\\\/\\\/stagpartynight.com\\\/es\\\/product\\\/wine-tast-barcelona\\\/\",\"url\":\"https:\\\/\\\/stagpartynight.com\\\/es\\\/product\\\/wine-tast-barcelona\\\/\",\"name\":\"Cata de vinos Barcelona - Tour de vinos en Barcelona\",\"isPartOf\":{\"@id\":\"https:\\\/\\\/stagpartynight.com\\\/es\\\/#website\"},\"primaryImageOfPage\":{\"@id\":\"https:\\\/\\\/stagpartynight.com\\\/es\\\/product\\\/wine-tast-barcelona\\\/#primaryimage\"},\"image\":{\"@id\":\"https:\\\/\\\/stagpartynight.com\\\/es\\\/product\\\/wine-tast-barcelona\\\/#primaryimage\"},\"thumbnailUrl\":\"https:\\\/\\\/stagpartynight.com\\\/es\\\/wp-content\\\/uploads\\\/sites\\\/2\\\/2020\\\/01\\\/Wine-Tast-Barcelona.jpg\",\"datePublished\":\"2020-01-08T11:35:16+00:00\",\"dateModified\":\"2022-12-23T15:09:19+00:00\",\"description\":\"Cata de vinos Barcelona - Los vinos espa\u00f1oles son conocidos en todo el mundo, descubre sus or\u00edgenes y sus sabores, olores y apariencia. Un experto en vinos te explicar\u00e1 la historia y te ense\u00f1ar\u00e1 a ver y entender la tradici\u00f3n que se obtiene de estos vinos\",\"breadcrumb\":{\"@id\":\"https:\\\/\\\/stagpartynight.com\\\/es\\\/product\\\/wine-tast-barcelona\\\/#breadcrumb\"},\"inLanguage\":\"es\",\"potentialAction\":[{\"@type\":\"ReadAction\",\"target\":[\"https:\\\/\\\/stagpartynight.com\\\/es\\\/product\\\/wine-tast-barcelona\\\/\"]}]},{\"@type\":\"ImageObject\",\"inLanguage\":\"es\",\"@id\":\"https:\\\/\\\/stagpartynight.com\\\/es\\\/product\\\/wine-tast-barcelona\\\/#primaryimage\",\"url\":\"https:\\\/\\\/stagpartynight.com\\\/es\\\/wp-content\\\/uploads\\\/sites\\\/2\\\/2020\\\/01\\\/Wine-Tast-Barcelona.jpg\",\"contentUrl\":\"https:\\\/\\\/stagpartynight.com\\\/es\\\/wp-content\\\/uploads\\\/sites\\\/2\\\/2020\\\/01\\\/Wine-Tast-Barcelona.jpg\",\"width\":1200,\"height\":798},{\"@type\":\"BreadcrumbList\",\"@id\":\"https:\\\/\\\/stagpartynight.com\\\/es\\\/product\\\/wine-tast-barcelona\\\/#breadcrumb\",\"itemListElement\":[{\"@type\":\"ListItem\",\"position\":1,\"name\":\"Home\",\"item\":\"https:\\\/\\\/stagpartynight.com\\\/es\\\/\"},{\"@type\":\"ListItem\",\"position\":2,\"name\":\"Tienda\",\"item\":\"https:\\\/\\\/stagpartynight.com\\\/es\\\/tienda\\\/\"},{\"@type\":\"ListItem\",\"position\":3,\"name\":\"Cata de vinos Barcelona\"}]},{\"@type\":\"WebSite\",\"@id\":\"https:\\\/\\\/stagpartynight.com\\\/es\\\/#website\",\"url\":\"https:\\\/\\\/stagpartynight.com\\\/es\\\/\",\"name\":\"Stag Party Night\",\"description\":\"Your Stag Party Customized\",\"publisher\":{\"@id\":\"https:\\\/\\\/stagpartynight.com\\\/es\\\/#organization\"},\"potentialAction\":[{\"@type\":\"SearchAction\",\"target\":{\"@type\":\"EntryPoint\",\"urlTemplate\":\"https:\\\/\\\/stagpartynight.com\\\/es\\\/?s={search_term_string}\"},\"query-input\":{\"@type\":\"PropertyValueSpecification\",\"valueRequired\":true,\"valueName\":\"search_term_string\"}}],\"inLanguage\":\"es\"},{\"@type\":\"Organization\",\"@id\":\"https:\\\/\\\/stagpartynight.com\\\/es\\\/#organization\",\"name\":\"Stag Party Night\",\"url\":\"https:\\\/\\\/stagpartynight.com\\\/es\\\/\",\"logo\":{\"@type\":\"ImageObject\",\"inLanguage\":\"es\",\"@id\":\"https:\\\/\\\/stagpartynight.com\\\/es\\\/#\\\/schema\\\/logo\\\/image\\\/\",\"url\":\"https:\\\/\\\/stagpartynight.com\\\/es\\\/wp-content\\\/uploads\\\/sites\\\/2\\\/2019\\\/12\\\/stagpartynight-e1578565505687.png\",\"contentUrl\":\"https:\\\/\\\/stagpartynight.com\\\/es\\\/wp-content\\\/uploads\\\/sites\\\/2\\\/2019\\\/12\\\/stagpartynight-e1578565505687.png\",\"width\":400,\"height\":400,\"caption\":\"Stag Party Night\"},\"image\":{\"@id\":\"https:\\\/\\\/stagpartynight.com\\\/es\\\/#\\\/schema\\\/logo\\\/image\\\/\"}}]}<\/script>\n<!-- \/ Yoast SEO Premium plugin. -->","yoast_head_json":{"title":"Cata de vinos Barcelona - Tour de vinos en Barcelona","description":"Cata de vinos Barcelona - Los vinos espa\u00f1oles son conocidos en todo el mundo, descubre sus or\u00edgenes y sus sabores, olores y apariencia. Un experto en vinos te explicar\u00e1 la historia y te ense\u00f1ar\u00e1 a ver y entender la tradici\u00f3n que se obtiene de estos vinos","robots":{"index":"index","follow":"follow","max-snippet":"max-snippet:-1","max-image-preview":"max-image-preview:large","max-video-preview":"max-video-preview:-1"},"canonical":"https:\/\/stagpartynight.com\/es\/product\/wine-tast-barcelona\/","og_locale":"es_ES","og_type":"article","og_title":"Cata de vinos Barcelona","og_description":"Cata de vinos Barcelona - Los vinos espa\u00f1oles son conocidos en todo el mundo, descubre sus or\u00edgenes y sus sabores, olores y apariencia. Un experto en vinos te explicar\u00e1 la historia y te ense\u00f1ar\u00e1 a ver y entender la tradici\u00f3n que se obtiene de estos vinos","og_url":"https:\/\/stagpartynight.com\/es\/product\/wine-tast-barcelona\/","og_site_name":"Despedida de Soltero","article_modified_time":"2022-12-23T15:09:19+00:00","og_image":[{"width":1200,"height":798,"url":"https:\/\/stagpartynight.com\/es\/wp-content\/uploads\/sites\/2\/2020\/01\/Wine-Tast-Barcelona.jpg","type":"image\/jpeg"}],"twitter_card":"summary_large_image","twitter_misc":{"Tiempo de lectura":"1 minuto"},"schema":{"@context":"https:\/\/schema.org","@graph":[{"@type":"WebPage","@id":"https:\/\/stagpartynight.com\/es\/product\/wine-tast-barcelona\/","url":"https:\/\/stagpartynight.com\/es\/product\/wine-tast-barcelona\/","name":"Cata de vinos Barcelona - Tour de vinos en Barcelona","isPartOf":{"@id":"https:\/\/stagpartynight.com\/es\/#website"},"primaryImageOfPage":{"@id":"https:\/\/stagpartynight.com\/es\/product\/wine-tast-barcelona\/#primaryimage"},"image":{"@id":"https:\/\/stagpartynight.com\/es\/product\/wine-tast-barcelona\/#primaryimage"},"thumbnailUrl":"https:\/\/stagpartynight.com\/es\/wp-content\/uploads\/sites\/2\/2020\/01\/Wine-Tast-Barcelona.jpg","datePublished":"2020-01-08T11:35:16+00:00","dateModified":"2022-12-23T15:09:19+00:00","description":"Cata de vinos Barcelona - Los vinos espa\u00f1oles son conocidos en todo el mundo, descubre sus or\u00edgenes y sus sabores, olores y apariencia. Un experto en vinos te explicar\u00e1 la historia y te ense\u00f1ar\u00e1 a ver y entender la tradici\u00f3n que se obtiene de estos vinos","breadcrumb":{"@id":"https:\/\/stagpartynight.com\/es\/product\/wine-tast-barcelona\/#breadcrumb"},"inLanguage":"es","potentialAction":[{"@type":"ReadAction","target":["https:\/\/stagpartynight.com\/es\/product\/wine-tast-barcelona\/"]}]},{"@type":"ImageObject","inLanguage":"es","@id":"https:\/\/stagpartynight.com\/es\/product\/wine-tast-barcelona\/#primaryimage","url":"https:\/\/stagpartynight.com\/es\/wp-content\/uploads\/sites\/2\/2020\/01\/Wine-Tast-Barcelona.jpg","contentUrl":"https:\/\/stagpartynight.com\/es\/wp-content\/uploads\/sites\/2\/2020\/01\/Wine-Tast-Barcelona.jpg","width":1200,"height":798},{"@type":"BreadcrumbList","@id":"https:\/\/stagpartynight.com\/es\/product\/wine-tast-barcelona\/#breadcrumb","itemListElement":[{"@type":"ListItem","position":1,"name":"Home","item":"https:\/\/stagpartynight.com\/es\/"},{"@type":"ListItem","position":2,"name":"Tienda","item":"https:\/\/stagpartynight.com\/es\/tienda\/"},{"@type":"ListItem","position":3,"name":"Cata de vinos Barcelona"}]},{"@type":"WebSite","@id":"https:\/\/stagpartynight.com\/es\/#website","url":"https:\/\/stagpartynight.com\/es\/","name":"Stag Party Night","description":"Your Stag Party Customized","publisher":{"@id":"https:\/\/stagpartynight.com\/es\/#organization"},"potentialAction":[{"@type":"SearchAction","target":{"@type":"EntryPoint","urlTemplate":"https:\/\/stagpartynight.com\/es\/?s={search_term_string}"},"query-input":{"@type":"PropertyValueSpecification","valueRequired":true,"valueName":"search_term_string"}}],"inLanguage":"es"},{"@type":"Organization","@id":"https:\/\/stagpartynight.com\/es\/#organization","name":"Stag Party Night","url":"https:\/\/stagpartynight.com\/es\/","logo":{"@type":"ImageObject","inLanguage":"es","@id":"https:\/\/stagpartynight.com\/es\/#\/schema\/logo\/image\/","url":"https:\/\/stagpartynight.com\/es\/wp-content\/uploads\/sites\/2\/2019\/12\/stagpartynight-e1578565505687.png","contentUrl":"https:\/\/stagpartynight.com\/es\/wp-content\/uploads\/sites\/2\/2019\/12\/stagpartynight-e1578565505687.png","width":400,"height":400,"caption":"Stag Party Night"},"image":{"@id":"https:\/\/stagpartynight.com\/es\/#\/schema\/logo\/image\/"}}]}},"_links":{"self":[{"href":"https:\/\/stagpartynight.com\/es\/wp-json\/wp\/v2\/product\/214","targetHints":{"allow":["GET"]}}],"collection":[{"href":"https:\/\/stagpartynight.com\/es\/wp-json\/wp\/v2\/product"}],"about":[{"href":"https:\/\/stagpartynight.com\/es\/wp-json\/wp\/v2\/types\/product"}],"replies":[{"embeddable":true,"href":"https:\/\/stagpartynight.com\/es\/wp-json\/wp\/v2\/comments?post=214"}],"wp:featuredmedia":[{"embeddable":true,"href":"https:\/\/stagpartynight.com\/es\/wp-json\/wp\/v2\/media\/215"}],"wp:attachment":[{"href":"https:\/\/stagpartynight.com\/es\/wp-json\/wp\/v2\/media?parent=214"}],"wp:term":[{"taxonomy":"product_brand","embeddable":true,"href":"https:\/\/stagpartynight.com\/es\/wp-json\/wp\/v2\/product_brand?post=214"},{"taxonomy":"product_cat","embeddable":true,"href":"https:\/\/stagpartynight.com\/es\/wp-json\/wp\/v2\/product_cat?post=214"},{"taxonomy":"product_tag","embeddable":true,"href":"https:\/\/stagpartynight.com\/es\/wp-json\/wp\/v2\/product_tag?post=214"}],"curies":[{"name":"wp","href":"https:\/\/api.w.org\/{rel}","templated":true}]}}