{"id":220,"date":"2020-01-08T12:41:36","date_gmt":"2020-01-08T11:41:36","guid":{"rendered":"https:\/\/stagpartynight.com\/es\/?post_type=product&#038;p=220"},"modified":"2022-12-23T17:12:16","modified_gmt":"2022-12-23T16:12:16","slug":"bar-crawl-barcelona","status":"publish","type":"product","link":"https:\/\/stagpartynight.com\/es\/product\/bar-crawl-barcelona\/","title":{"rendered":"Ruta de bares Barcelona"},"content":{"rendered":"<p>Recorrido por 3 bares de Barcelona con un gu\u00eda local y chupitos incluidos en cada uno de ellos, al final de la ruta ten\u00e9is acceso a uno de los mejores clubes de la ciudad. Disponible en varios idiomas. 2 horas de duraci\u00f3n aproximadamente. <strong>Ruta de bares Barcelona<\/strong><\/p>\n","protected":false},"excerpt":{"rendered":"<p>Recorrido por 3 bares de Barcelona con un gu\u00eda local y chupitos incluidos en cada uno de ellos, al final de la ruta ten\u00e9is acceso a uno de los mejores clubes de la ciudad. Disponible en varios idiomas. 2 horas de duraci\u00f3n aproximadamente. <strong>Ruta de bares Barcelona<\/strong><\/p>\n","protected":false},"featured_media":142,"comment_status":"open","ping_status":"closed","template":"","meta":{"_et_pb_use_builder":"","_et_pb_old_content":"","_et_gb_content_width":""},"product_brand":[],"product_cat":[68],"product_tag":[88,662,660,661],"class_list":{"0":"post-220","1":"product","2":"type-product","3":"status-publish","4":"has-post-thumbnail","6":"product_cat-barcelona","7":"product_tag-bar-crawl-barcelona","8":"product_tag-ruta-de-bares-barcelona","9":"product_tag-ruta-de-bares-en-barcelona","10":"product_tag-ruta-de-bares-por-barcelona","12":"first","13":"instock","14":"virtual","15":"product-type-simple"},"yoast_head":"<!-- This site is optimized with the Yoast SEO plugin v26.4 - https:\/\/yoast.com\/wordpress\/plugins\/seo\/ -->\n<title>Ruta de bares Barcelona - Ruta de bares por Barcelona<\/title>\n<meta name=\"description\" content=\"Ruta de bares Barcelona con un gu\u00eda local y chupitos incluidos en cada uno de ellos. Al final de la ruta ten\u00e9is acceso a una discoteca de moda.\" \/>\n<meta name=\"robots\" content=\"index, follow, max-snippet:-1, max-image-preview:large, max-video-preview:-1\" \/>\n<link rel=\"canonical\" href=\"https:\/\/stagpartynight.com\/es\/product\/bar-crawl-barcelona\/\" \/>\n<meta property=\"og:locale\" content=\"es_ES\" \/>\n<meta property=\"og:type\" content=\"article\" \/>\n<meta property=\"og:title\" content=\"Ruta de bares Barcelona - Ruta de bares por Barcelona\" \/>\n<meta property=\"og:description\" content=\"Ruta de bares Barcelona con un gu\u00eda local y chupitos incluidos en cada uno de ellos. Al final de la ruta ten\u00e9is acceso a una discoteca de moda.\" \/>\n<meta property=\"og:url\" content=\"https:\/\/stagpartynight.com\/es\/product\/bar-crawl-barcelona\/\" \/>\n<meta property=\"og:site_name\" content=\"Despedida de Soltero\" \/>\n<meta property=\"article:modified_time\" content=\"2022-12-23T16:12:16+00:00\" \/>\n<meta property=\"og:image\" content=\"https:\/\/stagpartynight.com\/es\/wp-content\/uploads\/sites\/2\/2020\/01\/alcoholic-beverages-1845295_1280.jpg\" \/>\n\t<meta property=\"og:image:width\" content=\"1280\" \/>\n\t<meta property=\"og:image:height\" content=\"961\" \/>\n\t<meta property=\"og:image:type\" content=\"image\/jpeg\" \/>\n<meta name=\"twitter:card\" content=\"summary_large_image\" \/>\n<meta name=\"twitter:label1\" content=\"Tiempo de lectura\" \/>\n\t<meta name=\"twitter:data1\" content=\"1 minuto\" \/>\n<script type=\"application\/ld+json\" class=\"yoast-schema-graph\">{\"@context\":\"https:\/\/schema.org\",\"@graph\":[{\"@type\":\"WebPage\",\"@id\":\"https:\/\/stagpartynight.com\/es\/product\/bar-crawl-barcelona\/\",\"url\":\"https:\/\/stagpartynight.com\/es\/product\/bar-crawl-barcelona\/\",\"name\":\"Ruta de bares Barcelona - Ruta de bares por Barcelona\",\"isPartOf\":{\"@id\":\"https:\/\/stagpartynight.com\/es\/#website\"},\"primaryImageOfPage\":{\"@id\":\"https:\/\/stagpartynight.com\/es\/product\/bar-crawl-barcelona\/#primaryimage\"},\"image\":{\"@id\":\"https:\/\/stagpartynight.com\/es\/product\/bar-crawl-barcelona\/#primaryimage\"},\"thumbnailUrl\":\"https:\/\/stagpartynight.com\/es\/wp-content\/uploads\/sites\/2\/2020\/01\/alcoholic-beverages-1845295_1280.jpg\",\"datePublished\":\"2020-01-08T11:41:36+00:00\",\"dateModified\":\"2022-12-23T16:12:16+00:00\",\"description\":\"Ruta de bares Barcelona con un gu\u00eda local y chupitos incluidos en cada uno de ellos. Al final de la ruta ten\u00e9is acceso a una discoteca de moda.\",\"breadcrumb\":{\"@id\":\"https:\/\/stagpartynight.com\/es\/product\/bar-crawl-barcelona\/#breadcrumb\"},\"inLanguage\":\"es\",\"potentialAction\":[{\"@type\":\"ReadAction\",\"target\":[\"https:\/\/stagpartynight.com\/es\/product\/bar-crawl-barcelona\/\"]}]},{\"@type\":\"ImageObject\",\"inLanguage\":\"es\",\"@id\":\"https:\/\/stagpartynight.com\/es\/product\/bar-crawl-barcelona\/#primaryimage\",\"url\":\"https:\/\/stagpartynight.com\/es\/wp-content\/uploads\/sites\/2\/2020\/01\/alcoholic-beverages-1845295_1280.jpg\",\"contentUrl\":\"https:\/\/stagpartynight.com\/es\/wp-content\/uploads\/sites\/2\/2020\/01\/alcoholic-beverages-1845295_1280.jpg\",\"width\":1280,\"height\":961},{\"@type\":\"BreadcrumbList\",\"@id\":\"https:\/\/stagpartynight.com\/es\/product\/bar-crawl-barcelona\/#breadcrumb\",\"itemListElement\":[{\"@type\":\"ListItem\",\"position\":1,\"name\":\"Home\",\"item\":\"https:\/\/stagpartynight.com\/es\/\"},{\"@type\":\"ListItem\",\"position\":2,\"name\":\"Tienda\",\"item\":\"https:\/\/stagpartynight.com\/es\/tienda\/\"},{\"@type\":\"ListItem\",\"position\":3,\"name\":\"Ruta de bares Barcelona\"}]},{\"@type\":\"WebSite\",\"@id\":\"https:\/\/stagpartynight.com\/es\/#website\",\"url\":\"https:\/\/stagpartynight.com\/es\/\",\"name\":\"Stag Party Night\",\"description\":\"Your Stag Party Customized\",\"publisher\":{\"@id\":\"https:\/\/stagpartynight.com\/es\/#organization\"},\"potentialAction\":[{\"@type\":\"SearchAction\",\"target\":{\"@type\":\"EntryPoint\",\"urlTemplate\":\"https:\/\/stagpartynight.com\/es\/?s={search_term_string}\"},\"query-input\":{\"@type\":\"PropertyValueSpecification\",\"valueRequired\":true,\"valueName\":\"search_term_string\"}}],\"inLanguage\":\"es\"},{\"@type\":\"Organization\",\"@id\":\"https:\/\/stagpartynight.com\/es\/#organization\",\"name\":\"Stag Party Night\",\"url\":\"https:\/\/stagpartynight.com\/es\/\",\"logo\":{\"@type\":\"ImageObject\",\"inLanguage\":\"es\",\"@id\":\"https:\/\/stagpartynight.com\/es\/#\/schema\/logo\/image\/\",\"url\":\"https:\/\/stagpartynight.com\/es\/wp-content\/uploads\/sites\/2\/2019\/12\/stagpartynight-e1578565505687.png\",\"contentUrl\":\"https:\/\/stagpartynight.com\/es\/wp-content\/uploads\/sites\/2\/2019\/12\/stagpartynight-e1578565505687.png\",\"width\":400,\"height\":400,\"caption\":\"Stag Party Night\"},\"image\":{\"@id\":\"https:\/\/stagpartynight.com\/es\/#\/schema\/logo\/image\/\"}}]}<\/script>\n<!-- \/ Yoast SEO plugin. -->","yoast_head_json":{"title":"Ruta de bares Barcelona - Ruta de bares por Barcelona","description":"Ruta de bares Barcelona con un gu\u00eda local y chupitos incluidos en cada uno de ellos. Al final de la ruta ten\u00e9is acceso a una discoteca de moda.","robots":{"index":"index","follow":"follow","max-snippet":"max-snippet:-1","max-image-preview":"max-image-preview:large","max-video-preview":"max-video-preview:-1"},"canonical":"https:\/\/stagpartynight.com\/es\/product\/bar-crawl-barcelona\/","og_locale":"es_ES","og_type":"article","og_title":"Ruta de bares Barcelona - Ruta de bares por Barcelona","og_description":"Ruta de bares Barcelona con un gu\u00eda local y chupitos incluidos en cada uno de ellos. Al final de la ruta ten\u00e9is acceso a una discoteca de moda.","og_url":"https:\/\/stagpartynight.com\/es\/product\/bar-crawl-barcelona\/","og_site_name":"Despedida de Soltero","article_modified_time":"2022-12-23T16:12:16+00:00","og_image":[{"width":1280,"height":961,"url":"https:\/\/stagpartynight.com\/es\/wp-content\/uploads\/sites\/2\/2020\/01\/alcoholic-beverages-1845295_1280.jpg","type":"image\/jpeg"}],"twitter_card":"summary_large_image","twitter_misc":{"Tiempo de lectura":"1 minuto"},"schema":{"@context":"https:\/\/schema.org","@graph":[{"@type":"WebPage","@id":"https:\/\/stagpartynight.com\/es\/product\/bar-crawl-barcelona\/","url":"https:\/\/stagpartynight.com\/es\/product\/bar-crawl-barcelona\/","name":"Ruta de bares Barcelona - Ruta de bares por Barcelona","isPartOf":{"@id":"https:\/\/stagpartynight.com\/es\/#website"},"primaryImageOfPage":{"@id":"https:\/\/stagpartynight.com\/es\/product\/bar-crawl-barcelona\/#primaryimage"},"image":{"@id":"https:\/\/stagpartynight.com\/es\/product\/bar-crawl-barcelona\/#primaryimage"},"thumbnailUrl":"https:\/\/stagpartynight.com\/es\/wp-content\/uploads\/sites\/2\/2020\/01\/alcoholic-beverages-1845295_1280.jpg","datePublished":"2020-01-08T11:41:36+00:00","dateModified":"2022-12-23T16:12:16+00:00","description":"Ruta de bares Barcelona con un gu\u00eda local y chupitos incluidos en cada uno de ellos. Al final de la ruta ten\u00e9is acceso a una discoteca de moda.","breadcrumb":{"@id":"https:\/\/stagpartynight.com\/es\/product\/bar-crawl-barcelona\/#breadcrumb"},"inLanguage":"es","potentialAction":[{"@type":"ReadAction","target":["https:\/\/stagpartynight.com\/es\/product\/bar-crawl-barcelona\/"]}]},{"@type":"ImageObject","inLanguage":"es","@id":"https:\/\/stagpartynight.com\/es\/product\/bar-crawl-barcelona\/#primaryimage","url":"https:\/\/stagpartynight.com\/es\/wp-content\/uploads\/sites\/2\/2020\/01\/alcoholic-beverages-1845295_1280.jpg","contentUrl":"https:\/\/stagpartynight.com\/es\/wp-content\/uploads\/sites\/2\/2020\/01\/alcoholic-beverages-1845295_1280.jpg","width":1280,"height":961},{"@type":"BreadcrumbList","@id":"https:\/\/stagpartynight.com\/es\/product\/bar-crawl-barcelona\/#breadcrumb","itemListElement":[{"@type":"ListItem","position":1,"name":"Home","item":"https:\/\/stagpartynight.com\/es\/"},{"@type":"ListItem","position":2,"name":"Tienda","item":"https:\/\/stagpartynight.com\/es\/tienda\/"},{"@type":"ListItem","position":3,"name":"Ruta de bares Barcelona"}]},{"@type":"WebSite","@id":"https:\/\/stagpartynight.com\/es\/#website","url":"https:\/\/stagpartynight.com\/es\/","name":"Stag Party Night","description":"Your Stag Party Customized","publisher":{"@id":"https:\/\/stagpartynight.com\/es\/#organization"},"potentialAction":[{"@type":"SearchAction","target":{"@type":"EntryPoint","urlTemplate":"https:\/\/stagpartynight.com\/es\/?s={search_term_string}"},"query-input":{"@type":"PropertyValueSpecification","valueRequired":true,"valueName":"search_term_string"}}],"inLanguage":"es"},{"@type":"Organization","@id":"https:\/\/stagpartynight.com\/es\/#organization","name":"Stag Party Night","url":"https:\/\/stagpartynight.com\/es\/","logo":{"@type":"ImageObject","inLanguage":"es","@id":"https:\/\/stagpartynight.com\/es\/#\/schema\/logo\/image\/","url":"https:\/\/stagpartynight.com\/es\/wp-content\/uploads\/sites\/2\/2019\/12\/stagpartynight-e1578565505687.png","contentUrl":"https:\/\/stagpartynight.com\/es\/wp-content\/uploads\/sites\/2\/2019\/12\/stagpartynight-e1578565505687.png","width":400,"height":400,"caption":"Stag Party Night"},"image":{"@id":"https:\/\/stagpartynight.com\/es\/#\/schema\/logo\/image\/"}}]}},"_links":{"self":[{"href":"https:\/\/stagpartynight.com\/es\/wp-json\/wp\/v2\/product\/220","targetHints":{"allow":["GET"]}}],"collection":[{"href":"https:\/\/stagpartynight.com\/es\/wp-json\/wp\/v2\/product"}],"about":[{"href":"https:\/\/stagpartynight.com\/es\/wp-json\/wp\/v2\/types\/product"}],"replies":[{"embeddable":true,"href":"https:\/\/stagpartynight.com\/es\/wp-json\/wp\/v2\/comments?post=220"}],"wp:featuredmedia":[{"embeddable":true,"href":"https:\/\/stagpartynight.com\/es\/wp-json\/wp\/v2\/media\/142"}],"wp:attachment":[{"href":"https:\/\/stagpartynight.com\/es\/wp-json\/wp\/v2\/media?parent=220"}],"wp:term":[{"taxonomy":"product_brand","embeddable":true,"href":"https:\/\/stagpartynight.com\/es\/wp-json\/wp\/v2\/product_brand?post=220"},{"taxonomy":"product_cat","embeddable":true,"href":"https:\/\/stagpartynight.com\/es\/wp-json\/wp\/v2\/product_cat?post=220"},{"taxonomy":"product_tag","embeddable":true,"href":"https:\/\/stagpartynight.com\/es\/wp-json\/wp\/v2\/product_tag?post=220"}],"curies":[{"name":"wp","href":"https:\/\/api.w.org\/{rel}","templated":true}]}}