{"id":226,"date":"2020-01-08T12:47:51","date_gmt":"2020-01-08T11:47:51","guid":{"rendered":"https:\/\/stagpartynight.com\/es\/?post_type=product&#038;p=226"},"modified":"2023-01-04T13:55:10","modified_gmt":"2023-01-04T12:55:10","slug":"velero-en-barcelona","status":"publish","type":"product","link":"https:\/\/stagpartynight.com\/es\/product\/velero-en-barcelona\/","title":{"rendered":"Velero en Barcelona"},"content":{"rendered":"<p>\u00bfEst\u00e1s buscando una manera \u00fanica y relajante de ver la ciudad de Barcelona y sus alrededores? \u00a1Considere un paseo en velero en <a href=\"https:\/\/es.wikipedia.org\/wiki\/Barcelona\">Barcelona<\/a>!<\/p>\n<p>Hay varias paseos en velero en Barcelona y disfrutar de la ciudad desde Mar Mediterr\u00e1neo. Estos paseos ofrecen la oportunidad de ver la costa desde una perspectiva \u00fanica y disfrutar de la brisa del mar mientras se navega por las aguas cristalinas. Adem\u00e1s, en los paseos en velero que suelen durar entre dos y cuatro horas, en funci\u00f3n del tiempo escogido, suelen incluir una parada para nadar o bucear en el mar.<\/p>\n<p>Un paseo en velero es una forma \u00fanica de ver la ciudad desde el mar y disfrutar de la brisa y el sol. Es una actividad perfecta para un d\u00eda de verano con amigos en una despedida de soltero, un cumplea\u00f1os o incluso un viaje rom\u00e1ntico en pareja. Adem\u00e1s, hay muchas opciones disponibles para adaptarse a diferentes presupuestos y preferencias.<\/p>\n<h3>Velero en Barcelona para paseos con cena o con una copa de cava para disfrutar durante el viaje<\/h3>\n<p>Los paseos en velero son una forma divertida y relajante de pasar un d\u00eda en Barcelona y ver la costa desde otro \u00e1ngulo. \u00a1No dudes en <a href=\"https:\/\/stagpartynight.com\/es\/budget-now\/\">contactarnos<\/a> de paseos en velero para disfrutar de esta experiencia \u00fanica durante tu visita a la ciudad! En los paseos podemos incluir todo lo que necesitas, como comidas y bebidas a bordo, material de snorkel, colchonetas y otros extras para tu uso y disfrute. Puedes elegir entre paseos en velero privados o unirte a un grupo en un velero m\u00e1s grande.<\/p>\n<p>\u00bfBuscas una forma \u00fanica de ver la hermosa costa de Barcelona desde el mar? \u00a1Considere un paseo en velero! \u00a1Disfruta de tu paseo en velero y de la hermosa vista de la ciudad desde el mar Mediterr\u00e1neo!<\/p>\n","protected":false},"excerpt":{"rendered":"<p>Navega por el Mediterr\u00e1neo en su velero privado. Ba\u00f1arse en el mar, tomar el sol y relajarse. M\u00e1ximo 11 personas, 2 horas de navegaci\u00f3n. Capit\u00e1n, seguro y gastos ya incluidos. Disponible todo el a\u00f1o. <strong>Velero en Barcelona<\/strong><\/p>\n","protected":false},"featured_media":2203,"comment_status":"open","ping_status":"closed","template":"","meta":{"_et_pb_use_builder":"","_et_pb_old_content":"","_et_gb_content_width":""},"product_brand":[],"product_cat":[68],"product_tag":[599,598,92,600],"class_list":{"0":"post-226","1":"product","2":"type-product","3":"status-publish","4":"has-post-thumbnail","6":"product_cat-barcelona","7":"product_tag-alquilar-un-velero-en-barcelona","8":"product_tag-alquiler-de-veleros-en-barcelona","9":"product_tag-private-sailboat-barcelona","10":"product_tag-velero-barcelona","12":"first","13":"instock","14":"virtual","15":"product-type-simple"},"yoast_head":"<!-- This site is optimized with the Yoast SEO plugin v26.4 - https:\/\/yoast.com\/wordpress\/plugins\/seo\/ -->\n<title>Velero en Barcelona - Alquiler de velero en Barcelona - Alquiler de barcos<\/title>\n<meta name=\"description\" content=\"Alquila un velero en Barcelona navegando por el Mediterr\u00e1neo. Disfruta ba\u00f1andose en el mar, tomar el sol y relajarse - Barcos en Barcelona -Veleros\" \/>\n<meta name=\"robots\" content=\"index, follow, max-snippet:-1, max-image-preview:large, max-video-preview:-1\" \/>\n<link rel=\"canonical\" href=\"https:\/\/stagpartynight.com\/es\/product\/velero-en-barcelona\/\" \/>\n<meta property=\"og:locale\" content=\"es_ES\" \/>\n<meta property=\"og:type\" content=\"article\" \/>\n<meta property=\"og:title\" content=\"Velero en Barcelona - Alquiler de velero en Barcelona - Alquiler de barcos\" \/>\n<meta property=\"og:description\" content=\"Alquila un velero en Barcelona navegando por el Mediterr\u00e1neo. Disfruta ba\u00f1andose en el mar, tomar el sol y relajarse - Barcos en Barcelona -Veleros\" \/>\n<meta property=\"og:url\" content=\"https:\/\/stagpartynight.com\/es\/product\/velero-en-barcelona\/\" \/>\n<meta property=\"og:site_name\" content=\"Despedida de Soltero\" \/>\n<meta property=\"article:modified_time\" content=\"2023-01-04T12:55:10+00:00\" \/>\n<meta property=\"og:image\" content=\"https:\/\/stagpartynight.com\/es\/wp-content\/uploads\/sites\/2\/2020\/01\/boat-1867124_640.jpg\" \/>\n\t<meta property=\"og:image:width\" content=\"640\" \/>\n\t<meta property=\"og:image:height\" content=\"426\" \/>\n\t<meta property=\"og:image:type\" content=\"image\/jpeg\" \/>\n<meta name=\"twitter:card\" content=\"summary_large_image\" \/>\n<meta name=\"twitter:label1\" content=\"Tiempo de lectura\" \/>\n\t<meta name=\"twitter:data1\" content=\"2 minutos\" \/>\n<script type=\"application\/ld+json\" class=\"yoast-schema-graph\">{\"@context\":\"https:\/\/schema.org\",\"@graph\":[{\"@type\":\"WebPage\",\"@id\":\"https:\/\/stagpartynight.com\/es\/product\/velero-en-barcelona\/\",\"url\":\"https:\/\/stagpartynight.com\/es\/product\/velero-en-barcelona\/\",\"name\":\"Velero en Barcelona - Alquiler de velero en Barcelona - Alquiler de barcos\",\"isPartOf\":{\"@id\":\"https:\/\/stagpartynight.com\/es\/#website\"},\"primaryImageOfPage\":{\"@id\":\"https:\/\/stagpartynight.com\/es\/product\/velero-en-barcelona\/#primaryimage\"},\"image\":{\"@id\":\"https:\/\/stagpartynight.com\/es\/product\/velero-en-barcelona\/#primaryimage\"},\"thumbnailUrl\":\"https:\/\/stagpartynight.com\/es\/wp-content\/uploads\/sites\/2\/2020\/01\/boat-1867124_640.jpg\",\"datePublished\":\"2020-01-08T11:47:51+00:00\",\"dateModified\":\"2023-01-04T12:55:10+00:00\",\"description\":\"Alquila un velero en Barcelona navegando por el Mediterr\u00e1neo. Disfruta ba\u00f1andose en el mar, tomar el sol y relajarse - Barcos en Barcelona -Veleros\",\"breadcrumb\":{\"@id\":\"https:\/\/stagpartynight.com\/es\/product\/velero-en-barcelona\/#breadcrumb\"},\"inLanguage\":\"es\",\"potentialAction\":[{\"@type\":\"ReadAction\",\"target\":[\"https:\/\/stagpartynight.com\/es\/product\/velero-en-barcelona\/\"]}]},{\"@type\":\"ImageObject\",\"inLanguage\":\"es\",\"@id\":\"https:\/\/stagpartynight.com\/es\/product\/velero-en-barcelona\/#primaryimage\",\"url\":\"https:\/\/stagpartynight.com\/es\/wp-content\/uploads\/sites\/2\/2020\/01\/boat-1867124_640.jpg\",\"contentUrl\":\"https:\/\/stagpartynight.com\/es\/wp-content\/uploads\/sites\/2\/2020\/01\/boat-1867124_640.jpg\",\"width\":640,\"height\":426},{\"@type\":\"BreadcrumbList\",\"@id\":\"https:\/\/stagpartynight.com\/es\/product\/velero-en-barcelona\/#breadcrumb\",\"itemListElement\":[{\"@type\":\"ListItem\",\"position\":1,\"name\":\"Home\",\"item\":\"https:\/\/stagpartynight.com\/es\/\"},{\"@type\":\"ListItem\",\"position\":2,\"name\":\"Tienda\",\"item\":\"https:\/\/stagpartynight.com\/es\/tienda\/\"},{\"@type\":\"ListItem\",\"position\":3,\"name\":\"Velero en Barcelona\"}]},{\"@type\":\"WebSite\",\"@id\":\"https:\/\/stagpartynight.com\/es\/#website\",\"url\":\"https:\/\/stagpartynight.com\/es\/\",\"name\":\"Stag Party Night\",\"description\":\"Your Stag Party Customized\",\"publisher\":{\"@id\":\"https:\/\/stagpartynight.com\/es\/#organization\"},\"potentialAction\":[{\"@type\":\"SearchAction\",\"target\":{\"@type\":\"EntryPoint\",\"urlTemplate\":\"https:\/\/stagpartynight.com\/es\/?s={search_term_string}\"},\"query-input\":{\"@type\":\"PropertyValueSpecification\",\"valueRequired\":true,\"valueName\":\"search_term_string\"}}],\"inLanguage\":\"es\"},{\"@type\":\"Organization\",\"@id\":\"https:\/\/stagpartynight.com\/es\/#organization\",\"name\":\"Stag Party Night\",\"url\":\"https:\/\/stagpartynight.com\/es\/\",\"logo\":{\"@type\":\"ImageObject\",\"inLanguage\":\"es\",\"@id\":\"https:\/\/stagpartynight.com\/es\/#\/schema\/logo\/image\/\",\"url\":\"https:\/\/stagpartynight.com\/es\/wp-content\/uploads\/sites\/2\/2019\/12\/stagpartynight-e1578565505687.png\",\"contentUrl\":\"https:\/\/stagpartynight.com\/es\/wp-content\/uploads\/sites\/2\/2019\/12\/stagpartynight-e1578565505687.png\",\"width\":400,\"height\":400,\"caption\":\"Stag Party Night\"},\"image\":{\"@id\":\"https:\/\/stagpartynight.com\/es\/#\/schema\/logo\/image\/\"}}]}<\/script>\n<!-- \/ Yoast SEO plugin. -->","yoast_head_json":{"title":"Velero en Barcelona - Alquiler de velero en Barcelona - Alquiler de barcos","description":"Alquila un velero en Barcelona navegando por el Mediterr\u00e1neo. Disfruta ba\u00f1andose en el mar, tomar el sol y relajarse - Barcos en Barcelona -Veleros","robots":{"index":"index","follow":"follow","max-snippet":"max-snippet:-1","max-image-preview":"max-image-preview:large","max-video-preview":"max-video-preview:-1"},"canonical":"https:\/\/stagpartynight.com\/es\/product\/velero-en-barcelona\/","og_locale":"es_ES","og_type":"article","og_title":"Velero en Barcelona - Alquiler de velero en Barcelona - Alquiler de barcos","og_description":"Alquila un velero en Barcelona navegando por el Mediterr\u00e1neo. Disfruta ba\u00f1andose en el mar, tomar el sol y relajarse - Barcos en Barcelona -Veleros","og_url":"https:\/\/stagpartynight.com\/es\/product\/velero-en-barcelona\/","og_site_name":"Despedida de Soltero","article_modified_time":"2023-01-04T12:55:10+00:00","og_image":[{"width":640,"height":426,"url":"https:\/\/stagpartynight.com\/es\/wp-content\/uploads\/sites\/2\/2020\/01\/boat-1867124_640.jpg","type":"image\/jpeg"}],"twitter_card":"summary_large_image","twitter_misc":{"Tiempo de lectura":"2 minutos"},"schema":{"@context":"https:\/\/schema.org","@graph":[{"@type":"WebPage","@id":"https:\/\/stagpartynight.com\/es\/product\/velero-en-barcelona\/","url":"https:\/\/stagpartynight.com\/es\/product\/velero-en-barcelona\/","name":"Velero en Barcelona - Alquiler de velero en Barcelona - Alquiler de barcos","isPartOf":{"@id":"https:\/\/stagpartynight.com\/es\/#website"},"primaryImageOfPage":{"@id":"https:\/\/stagpartynight.com\/es\/product\/velero-en-barcelona\/#primaryimage"},"image":{"@id":"https:\/\/stagpartynight.com\/es\/product\/velero-en-barcelona\/#primaryimage"},"thumbnailUrl":"https:\/\/stagpartynight.com\/es\/wp-content\/uploads\/sites\/2\/2020\/01\/boat-1867124_640.jpg","datePublished":"2020-01-08T11:47:51+00:00","dateModified":"2023-01-04T12:55:10+00:00","description":"Alquila un velero en Barcelona navegando por el Mediterr\u00e1neo. Disfruta ba\u00f1andose en el mar, tomar el sol y relajarse - Barcos en Barcelona -Veleros","breadcrumb":{"@id":"https:\/\/stagpartynight.com\/es\/product\/velero-en-barcelona\/#breadcrumb"},"inLanguage":"es","potentialAction":[{"@type":"ReadAction","target":["https:\/\/stagpartynight.com\/es\/product\/velero-en-barcelona\/"]}]},{"@type":"ImageObject","inLanguage":"es","@id":"https:\/\/stagpartynight.com\/es\/product\/velero-en-barcelona\/#primaryimage","url":"https:\/\/stagpartynight.com\/es\/wp-content\/uploads\/sites\/2\/2020\/01\/boat-1867124_640.jpg","contentUrl":"https:\/\/stagpartynight.com\/es\/wp-content\/uploads\/sites\/2\/2020\/01\/boat-1867124_640.jpg","width":640,"height":426},{"@type":"BreadcrumbList","@id":"https:\/\/stagpartynight.com\/es\/product\/velero-en-barcelona\/#breadcrumb","itemListElement":[{"@type":"ListItem","position":1,"name":"Home","item":"https:\/\/stagpartynight.com\/es\/"},{"@type":"ListItem","position":2,"name":"Tienda","item":"https:\/\/stagpartynight.com\/es\/tienda\/"},{"@type":"ListItem","position":3,"name":"Velero en Barcelona"}]},{"@type":"WebSite","@id":"https:\/\/stagpartynight.com\/es\/#website","url":"https:\/\/stagpartynight.com\/es\/","name":"Stag Party Night","description":"Your Stag Party Customized","publisher":{"@id":"https:\/\/stagpartynight.com\/es\/#organization"},"potentialAction":[{"@type":"SearchAction","target":{"@type":"EntryPoint","urlTemplate":"https:\/\/stagpartynight.com\/es\/?s={search_term_string}"},"query-input":{"@type":"PropertyValueSpecification","valueRequired":true,"valueName":"search_term_string"}}],"inLanguage":"es"},{"@type":"Organization","@id":"https:\/\/stagpartynight.com\/es\/#organization","name":"Stag Party Night","url":"https:\/\/stagpartynight.com\/es\/","logo":{"@type":"ImageObject","inLanguage":"es","@id":"https:\/\/stagpartynight.com\/es\/#\/schema\/logo\/image\/","url":"https:\/\/stagpartynight.com\/es\/wp-content\/uploads\/sites\/2\/2019\/12\/stagpartynight-e1578565505687.png","contentUrl":"https:\/\/stagpartynight.com\/es\/wp-content\/uploads\/sites\/2\/2019\/12\/stagpartynight-e1578565505687.png","width":400,"height":400,"caption":"Stag Party Night"},"image":{"@id":"https:\/\/stagpartynight.com\/es\/#\/schema\/logo\/image\/"}}]}},"_links":{"self":[{"href":"https:\/\/stagpartynight.com\/es\/wp-json\/wp\/v2\/product\/226","targetHints":{"allow":["GET"]}}],"collection":[{"href":"https:\/\/stagpartynight.com\/es\/wp-json\/wp\/v2\/product"}],"about":[{"href":"https:\/\/stagpartynight.com\/es\/wp-json\/wp\/v2\/types\/product"}],"replies":[{"embeddable":true,"href":"https:\/\/stagpartynight.com\/es\/wp-json\/wp\/v2\/comments?post=226"}],"wp:featuredmedia":[{"embeddable":true,"href":"https:\/\/stagpartynight.com\/es\/wp-json\/wp\/v2\/media\/2203"}],"wp:attachment":[{"href":"https:\/\/stagpartynight.com\/es\/wp-json\/wp\/v2\/media?parent=226"}],"wp:term":[{"taxonomy":"product_brand","embeddable":true,"href":"https:\/\/stagpartynight.com\/es\/wp-json\/wp\/v2\/product_brand?post=226"},{"taxonomy":"product_cat","embeddable":true,"href":"https:\/\/stagpartynight.com\/es\/wp-json\/wp\/v2\/product_cat?post=226"},{"taxonomy":"product_tag","embeddable":true,"href":"https:\/\/stagpartynight.com\/es\/wp-json\/wp\/v2\/product_tag?post=226"}],"curies":[{"name":"wp","href":"https:\/\/api.w.org\/{rel}","templated":true}]}}