{"id":2317,"date":"2021-02-01T12:45:08","date_gmt":"2021-02-01T11:45:08","guid":{"rendered":"https:\/\/stagpartynight.com\/es\/?post_type=product&#038;p=2317"},"modified":"2024-01-22T12:01:26","modified_gmt":"2024-01-22T11:01:26","slug":"camarera-sexy-striptease-ibiza","status":"publish","type":"product","link":"https:\/\/stagpartynight.com\/es\/product\/camarera-sexy-striptease-ibiza\/","title":{"rendered":"Camarera sexy + Striptease Ibiza"},"content":{"rendered":"<p>Camarera sexy + Striptease Ibiza. Camareras sexys y explosivas estar\u00e1n 1 hora sirviendo las bebidas, vestidas en ropa interior + espect\u00e1culo de striptease al final.<\/p>\n<div>Las mejores despedidas de soltero y soltera con <a href=\"https:\/\/stagpartynight.com\/\">StagParty<\/a>!<\/div>\n<div><\/div>\n<h2 style=\"text-align: center;\">\ud83c\udf1f Experiencia \u00fanica en Ibiza: \u00a1Una camarera sexy + striper! \ud83c\udf1f<\/h2>\n<div><\/div>\n<div>Has decidido celebrar tu despedida de soltero en Ibiza, el para\u00edso balear? Haz que la experiencia sea a\u00fan m\u00e1s memorable con nuestra oferta exclusiva: \u00a1una camarera sensual dispuesta a hacer que tu fiesta sea inolvidable!<\/div>\n<div><\/div>\n<div>\ud83d\udd25 Nuestra camarera sexy \ud83d\udd25 Imagina una belleza mediterr\u00e1nea, ingeniosa y dispuesta a sorprender. Nuestra camarera es el complemento perfecto para una fiesta desenfadada y divertida. Provocativamente vestida y dispuesta a deleitaros con su profesionalidad y encanto, ser\u00e1 el elemento que haga de vuestra despedida de soltero una experiencia \u00fanica.<\/div>\n<div><\/div>\n<div>\ud83c\udf34 Ibiza, el lugar perfecto \ud83c\udf34 Situada en el coraz\u00f3n del Mediterr\u00e1neo, Ibiza ofrece un escenario impresionante para vuestra fiesta. Playas de arena blanca, aguas cristalinas y una vibrante vida nocturna crean el ambiente perfecto para celebrar ese momento tan especial.<\/div>\n<div>\n<div><\/div>\n<div>\ud83d\udcbc C\u00f3mo funciona \ud83d\udcbc Nuestro servicio es sencillo y personalizado para tu despedida de soltero. Simplemente ponte en contacto con nosotros, facil\u00edtanos los detalles de tu fiesta y d\u00e9janos hacer el resto. Nuestra camarera sexy en Ibiza se encargar\u00e1 de entretener al grupo, asegur\u00e1ndose de que cada momento sea divertido y lleno de sorpresas.<\/div>\n<div><\/div>\n<\/div>\n<h4>\u00bfY LO MEJOR PARA EL FINAL?<\/h4>\n<div>A diferencia del servicio normal Camarera en Topless, este pack ofrece la posibilidad de disfrutar de un striptease al final de la hora. \u00bfSe te ocurre algo mejor que ser servido durante una hora por una preciosa mujer y poder disfrutar de un show er\u00f3tico al final?<\/div>\n<div>\n<div><\/div>\n<div>\u00a1Reserva ya tu fiesta! \ud83d\udcde No pierdas la oportunidad de hacer de tu despedida de soltero un evento \u00fanico. Contacta con nosotros hoy mismo para reservar tu camarera sexy en Ibiza. \u00a1Estamos aqu\u00ed para convertir tu fiesta en un recuerdo inolvidable!<\/div>\n<div><\/div>\n<div>Camarera sexy y explosiva en Ibiza que te servir\u00e1 copas en ropa interior y terminar\u00e1 el servicio en top minus. Servicios por horas.<\/div>\n<div><\/div>\n<div style=\"text-align: center;\">\ud83c\udf89 Fiesta, diversi\u00f3n y sensualidad en <a href=\"https:\/\/es.wikipedia.org\/wiki\/Ibiza\">Ibiza<\/a> &#8211; S\u00f3lo con nosotras: \u00a1despedida de soltero! \ud83c\udf89<\/div>\n<\/div>\n<p>&nbsp;<\/p>\n","protected":false},"excerpt":{"rendered":"<p>Camareras sexys y explosivas estar\u00e1n 1 hora sirviendo las bebidas, vestidas en ropa interior + espect\u00e1culo de striptease al final<\/p>\n","protected":false},"featured_media":1515,"comment_status":"open","ping_status":"closed","template":"","meta":{"_et_pb_use_builder":"","_et_pb_old_content":"","_et_gb_content_width":""},"product_brand":[],"product_cat":[113],"product_tag":[231,788,225,789],"class_list":{"0":"post-2317","1":"product","2":"type-product","3":"status-publish","4":"has-post-thumbnail","6":"product_cat-ibiza","7":"product_tag-camarera-sexy","8":"product_tag-camarera-sexy-striptease-ibiza","9":"product_tag-camareras-sexys","10":"product_tag-streaptease-ibiza","12":"first","13":"instock","14":"virtual","15":"product-type-simple"},"yoast_head":"<!-- This site is optimized with the Yoast SEO plugin v26.4 - https:\/\/yoast.com\/wordpress\/plugins\/seo\/ -->\n<title>Camarera sexy + Striptease Ibiza - Girls en Ibiza - Striper - Stripers<\/title>\n<meta name=\"description\" content=\"Camarera sexy + Striptease Ibiza. Camareras sexys y explosivas estar\u00e1n 1 hora sirviendo las bebidas, vestidas en ropa interior + espect\u00e1culo.\" \/>\n<meta name=\"robots\" content=\"index, follow, max-snippet:-1, max-image-preview:large, max-video-preview:-1\" \/>\n<link rel=\"canonical\" href=\"https:\/\/stagpartynight.com\/es\/product\/camarera-sexy-striptease-ibiza\/\" \/>\n<meta property=\"og:locale\" content=\"es_ES\" \/>\n<meta property=\"og:type\" content=\"article\" \/>\n<meta property=\"og:title\" content=\"Camarera sexy + Striptease Ibiza - Girls en Ibiza - Striper - Stripers\" \/>\n<meta property=\"og:description\" content=\"Camarera sexy + Striptease Ibiza. Camareras sexys y explosivas estar\u00e1n 1 hora sirviendo las bebidas, vestidas en ropa interior + espect\u00e1culo.\" \/>\n<meta property=\"og:url\" content=\"https:\/\/stagpartynight.com\/es\/product\/camarera-sexy-striptease-ibiza\/\" \/>\n<meta property=\"og:site_name\" content=\"Despedida de Soltero\" \/>\n<meta property=\"article:modified_time\" content=\"2024-01-22T11:01:26+00:00\" \/>\n<meta property=\"og:image\" content=\"https:\/\/stagpartynight.com\/es\/wp-content\/uploads\/sites\/2\/2020\/07\/WhatsApp-Image-2020-07-31-at-20.19.46.jpeg\" \/>\n\t<meta property=\"og:image:width\" content=\"750\" \/>\n\t<meta property=\"og:image:height\" content=\"934\" \/>\n\t<meta property=\"og:image:type\" content=\"image\/jpeg\" \/>\n<meta name=\"twitter:card\" content=\"summary_large_image\" \/>\n<meta name=\"twitter:label1\" content=\"Tiempo de lectura\" \/>\n\t<meta name=\"twitter:data1\" content=\"2 minutos\" \/>\n<script type=\"application\/ld+json\" class=\"yoast-schema-graph\">{\"@context\":\"https:\/\/schema.org\",\"@graph\":[{\"@type\":\"WebPage\",\"@id\":\"https:\/\/stagpartynight.com\/es\/product\/camarera-sexy-striptease-ibiza\/\",\"url\":\"https:\/\/stagpartynight.com\/es\/product\/camarera-sexy-striptease-ibiza\/\",\"name\":\"Camarera sexy + Striptease Ibiza - Girls en Ibiza - Striper - Stripers\",\"isPartOf\":{\"@id\":\"https:\/\/stagpartynight.com\/es\/#website\"},\"primaryImageOfPage\":{\"@id\":\"https:\/\/stagpartynight.com\/es\/product\/camarera-sexy-striptease-ibiza\/#primaryimage\"},\"image\":{\"@id\":\"https:\/\/stagpartynight.com\/es\/product\/camarera-sexy-striptease-ibiza\/#primaryimage\"},\"thumbnailUrl\":\"https:\/\/stagpartynight.com\/es\/wp-content\/uploads\/sites\/2\/2020\/07\/WhatsApp-Image-2020-07-31-at-20.19.46.jpeg\",\"datePublished\":\"2021-02-01T11:45:08+00:00\",\"dateModified\":\"2024-01-22T11:01:26+00:00\",\"description\":\"Camarera sexy + Striptease Ibiza. Camareras sexys y explosivas estar\u00e1n 1 hora sirviendo las bebidas, vestidas en ropa interior + espect\u00e1culo.\",\"breadcrumb\":{\"@id\":\"https:\/\/stagpartynight.com\/es\/product\/camarera-sexy-striptease-ibiza\/#breadcrumb\"},\"inLanguage\":\"es\",\"potentialAction\":[{\"@type\":\"ReadAction\",\"target\":[\"https:\/\/stagpartynight.com\/es\/product\/camarera-sexy-striptease-ibiza\/\"]}]},{\"@type\":\"ImageObject\",\"inLanguage\":\"es\",\"@id\":\"https:\/\/stagpartynight.com\/es\/product\/camarera-sexy-striptease-ibiza\/#primaryimage\",\"url\":\"https:\/\/stagpartynight.com\/es\/wp-content\/uploads\/sites\/2\/2020\/07\/WhatsApp-Image-2020-07-31-at-20.19.46.jpeg\",\"contentUrl\":\"https:\/\/stagpartynight.com\/es\/wp-content\/uploads\/sites\/2\/2020\/07\/WhatsApp-Image-2020-07-31-at-20.19.46.jpeg\",\"width\":750,\"height\":934,\"caption\":\"Limusina & Striptease Mallorca\"},{\"@type\":\"BreadcrumbList\",\"@id\":\"https:\/\/stagpartynight.com\/es\/product\/camarera-sexy-striptease-ibiza\/#breadcrumb\",\"itemListElement\":[{\"@type\":\"ListItem\",\"position\":1,\"name\":\"Home\",\"item\":\"https:\/\/stagpartynight.com\/es\/\"},{\"@type\":\"ListItem\",\"position\":2,\"name\":\"Tienda\",\"item\":\"https:\/\/stagpartynight.com\/es\/tienda\/\"},{\"@type\":\"ListItem\",\"position\":3,\"name\":\"Camarera sexy + Striptease Ibiza\"}]},{\"@type\":\"WebSite\",\"@id\":\"https:\/\/stagpartynight.com\/es\/#website\",\"url\":\"https:\/\/stagpartynight.com\/es\/\",\"name\":\"Stag Party Night\",\"description\":\"Your Stag Party Customized\",\"publisher\":{\"@id\":\"https:\/\/stagpartynight.com\/es\/#organization\"},\"potentialAction\":[{\"@type\":\"SearchAction\",\"target\":{\"@type\":\"EntryPoint\",\"urlTemplate\":\"https:\/\/stagpartynight.com\/es\/?s={search_term_string}\"},\"query-input\":{\"@type\":\"PropertyValueSpecification\",\"valueRequired\":true,\"valueName\":\"search_term_string\"}}],\"inLanguage\":\"es\"},{\"@type\":\"Organization\",\"@id\":\"https:\/\/stagpartynight.com\/es\/#organization\",\"name\":\"Stag Party Night\",\"url\":\"https:\/\/stagpartynight.com\/es\/\",\"logo\":{\"@type\":\"ImageObject\",\"inLanguage\":\"es\",\"@id\":\"https:\/\/stagpartynight.com\/es\/#\/schema\/logo\/image\/\",\"url\":\"https:\/\/stagpartynight.com\/es\/wp-content\/uploads\/sites\/2\/2019\/12\/stagpartynight-e1578565505687.png\",\"contentUrl\":\"https:\/\/stagpartynight.com\/es\/wp-content\/uploads\/sites\/2\/2019\/12\/stagpartynight-e1578565505687.png\",\"width\":400,\"height\":400,\"caption\":\"Stag Party Night\"},\"image\":{\"@id\":\"https:\/\/stagpartynight.com\/es\/#\/schema\/logo\/image\/\"}}]}<\/script>\n<!-- \/ Yoast SEO plugin. -->","yoast_head_json":{"title":"Camarera sexy + Striptease Ibiza - Girls en Ibiza - Striper - Stripers","description":"Camarera sexy + Striptease Ibiza. Camareras sexys y explosivas estar\u00e1n 1 hora sirviendo las bebidas, vestidas en ropa interior + espect\u00e1culo.","robots":{"index":"index","follow":"follow","max-snippet":"max-snippet:-1","max-image-preview":"max-image-preview:large","max-video-preview":"max-video-preview:-1"},"canonical":"https:\/\/stagpartynight.com\/es\/product\/camarera-sexy-striptease-ibiza\/","og_locale":"es_ES","og_type":"article","og_title":"Camarera sexy + Striptease Ibiza - Girls en Ibiza - Striper - Stripers","og_description":"Camarera sexy + Striptease Ibiza. Camareras sexys y explosivas estar\u00e1n 1 hora sirviendo las bebidas, vestidas en ropa interior + espect\u00e1culo.","og_url":"https:\/\/stagpartynight.com\/es\/product\/camarera-sexy-striptease-ibiza\/","og_site_name":"Despedida de Soltero","article_modified_time":"2024-01-22T11:01:26+00:00","og_image":[{"width":750,"height":934,"url":"https:\/\/stagpartynight.com\/es\/wp-content\/uploads\/sites\/2\/2020\/07\/WhatsApp-Image-2020-07-31-at-20.19.46.jpeg","type":"image\/jpeg"}],"twitter_card":"summary_large_image","twitter_misc":{"Tiempo de lectura":"2 minutos"},"schema":{"@context":"https:\/\/schema.org","@graph":[{"@type":"WebPage","@id":"https:\/\/stagpartynight.com\/es\/product\/camarera-sexy-striptease-ibiza\/","url":"https:\/\/stagpartynight.com\/es\/product\/camarera-sexy-striptease-ibiza\/","name":"Camarera sexy + Striptease Ibiza - Girls en Ibiza - Striper - Stripers","isPartOf":{"@id":"https:\/\/stagpartynight.com\/es\/#website"},"primaryImageOfPage":{"@id":"https:\/\/stagpartynight.com\/es\/product\/camarera-sexy-striptease-ibiza\/#primaryimage"},"image":{"@id":"https:\/\/stagpartynight.com\/es\/product\/camarera-sexy-striptease-ibiza\/#primaryimage"},"thumbnailUrl":"https:\/\/stagpartynight.com\/es\/wp-content\/uploads\/sites\/2\/2020\/07\/WhatsApp-Image-2020-07-31-at-20.19.46.jpeg","datePublished":"2021-02-01T11:45:08+00:00","dateModified":"2024-01-22T11:01:26+00:00","description":"Camarera sexy + Striptease Ibiza. Camareras sexys y explosivas estar\u00e1n 1 hora sirviendo las bebidas, vestidas en ropa interior + espect\u00e1culo.","breadcrumb":{"@id":"https:\/\/stagpartynight.com\/es\/product\/camarera-sexy-striptease-ibiza\/#breadcrumb"},"inLanguage":"es","potentialAction":[{"@type":"ReadAction","target":["https:\/\/stagpartynight.com\/es\/product\/camarera-sexy-striptease-ibiza\/"]}]},{"@type":"ImageObject","inLanguage":"es","@id":"https:\/\/stagpartynight.com\/es\/product\/camarera-sexy-striptease-ibiza\/#primaryimage","url":"https:\/\/stagpartynight.com\/es\/wp-content\/uploads\/sites\/2\/2020\/07\/WhatsApp-Image-2020-07-31-at-20.19.46.jpeg","contentUrl":"https:\/\/stagpartynight.com\/es\/wp-content\/uploads\/sites\/2\/2020\/07\/WhatsApp-Image-2020-07-31-at-20.19.46.jpeg","width":750,"height":934,"caption":"Limusina & Striptease Mallorca"},{"@type":"BreadcrumbList","@id":"https:\/\/stagpartynight.com\/es\/product\/camarera-sexy-striptease-ibiza\/#breadcrumb","itemListElement":[{"@type":"ListItem","position":1,"name":"Home","item":"https:\/\/stagpartynight.com\/es\/"},{"@type":"ListItem","position":2,"name":"Tienda","item":"https:\/\/stagpartynight.com\/es\/tienda\/"},{"@type":"ListItem","position":3,"name":"Camarera sexy + Striptease Ibiza"}]},{"@type":"WebSite","@id":"https:\/\/stagpartynight.com\/es\/#website","url":"https:\/\/stagpartynight.com\/es\/","name":"Stag Party Night","description":"Your Stag Party Customized","publisher":{"@id":"https:\/\/stagpartynight.com\/es\/#organization"},"potentialAction":[{"@type":"SearchAction","target":{"@type":"EntryPoint","urlTemplate":"https:\/\/stagpartynight.com\/es\/?s={search_term_string}"},"query-input":{"@type":"PropertyValueSpecification","valueRequired":true,"valueName":"search_term_string"}}],"inLanguage":"es"},{"@type":"Organization","@id":"https:\/\/stagpartynight.com\/es\/#organization","name":"Stag Party Night","url":"https:\/\/stagpartynight.com\/es\/","logo":{"@type":"ImageObject","inLanguage":"es","@id":"https:\/\/stagpartynight.com\/es\/#\/schema\/logo\/image\/","url":"https:\/\/stagpartynight.com\/es\/wp-content\/uploads\/sites\/2\/2019\/12\/stagpartynight-e1578565505687.png","contentUrl":"https:\/\/stagpartynight.com\/es\/wp-content\/uploads\/sites\/2\/2019\/12\/stagpartynight-e1578565505687.png","width":400,"height":400,"caption":"Stag Party Night"},"image":{"@id":"https:\/\/stagpartynight.com\/es\/#\/schema\/logo\/image\/"}}]}},"_links":{"self":[{"href":"https:\/\/stagpartynight.com\/es\/wp-json\/wp\/v2\/product\/2317","targetHints":{"allow":["GET"]}}],"collection":[{"href":"https:\/\/stagpartynight.com\/es\/wp-json\/wp\/v2\/product"}],"about":[{"href":"https:\/\/stagpartynight.com\/es\/wp-json\/wp\/v2\/types\/product"}],"replies":[{"embeddable":true,"href":"https:\/\/stagpartynight.com\/es\/wp-json\/wp\/v2\/comments?post=2317"}],"wp:featuredmedia":[{"embeddable":true,"href":"https:\/\/stagpartynight.com\/es\/wp-json\/wp\/v2\/media\/1515"}],"wp:attachment":[{"href":"https:\/\/stagpartynight.com\/es\/wp-json\/wp\/v2\/media?parent=2317"}],"wp:term":[{"taxonomy":"product_brand","embeddable":true,"href":"https:\/\/stagpartynight.com\/es\/wp-json\/wp\/v2\/product_brand?post=2317"},{"taxonomy":"product_cat","embeddable":true,"href":"https:\/\/stagpartynight.com\/es\/wp-json\/wp\/v2\/product_cat?post=2317"},{"taxonomy":"product_tag","embeddable":true,"href":"https:\/\/stagpartynight.com\/es\/wp-json\/wp\/v2\/product_tag?post=2317"}],"curies":[{"name":"wp","href":"https:\/\/api.w.org\/{rel}","templated":true}]}}