{"id":232,"date":"2020-01-08T12:53:01","date_gmt":"2020-01-08T11:53:01","guid":{"rendered":"https:\/\/stagpartynight.com\/es\/?post_type=product&#038;p=232"},"modified":"2022-12-23T17:02:16","modified_gmt":"2022-12-23T16:02:16","slug":"gimkama-humor-amarillo-barcelona","status":"publish","type":"product","link":"https:\/\/stagpartynight.com\/es\/product\/gimkama-humor-amarillo-barcelona\/","title":{"rendered":"Gimkama \/ Humor Amarillo Barcelona"},"content":{"rendered":"<p>Circuito de destreza y mucha diversi\u00f3n. Varias pruebas evaluar\u00e1n las habilidades de cada uno, agilidad, coordinaci\u00f3n y astucia. Disponibles de 7 a 13 pruebas, en funci\u00f3n de la \u00e9poca del a\u00f1o. Algunas de ellas de agua, aptas para todas las edades y personas. Disponibles durante todo el a\u00f1o, m\u00ednimo de pax 8 y con posibilidad de extras como la comida y transporte. <strong>Gimkama \/ Humor Amarillo Barcelona<\/strong><\/p>\n","protected":false},"excerpt":{"rendered":"<p>Circuito de destreza y mucha diversi\u00f3n. Varias pruebas evaluar\u00e1n las habilidades de cada uno, agilidad, coordinaci\u00f3n y astucia. Disponibles de 7 a 13 pruebas, en funci\u00f3n de la \u00e9poca del a\u00f1o. Algunas de ellas de agua, aptas para todas las edades y personas. Disponibles durante todo el a\u00f1o, m\u00ednimo de pax 8 y con posibilidad de extras como la comida y transporte. <strong>Gimkama \/ Humor Amarillo Barcelona<\/strong><\/p>\n","protected":false},"featured_media":233,"comment_status":"open","ping_status":"closed","template":"","meta":{"_et_pb_use_builder":"","_et_pb_old_content":"","_et_gb_content_width":""},"product_brand":[],"product_cat":[68],"product_tag":[95,96,646,645,647],"class_list":{"0":"post-232","1":"product","2":"type-product","3":"status-publish","4":"has-post-thumbnail","6":"product_cat-barcelona","7":"product_tag-gimkama-barcelona","8":"product_tag-humor-amarillo-barcelona","9":"product_tag-humor-amarillo-hostalrich","10":"product_tag-humor-amarillo-sitges","11":"product_tag-humor-azul","13":"first","14":"instock","15":"virtual","16":"product-type-simple"},"yoast_head":"<!-- This site is optimized with the Yoast SEO plugin v26.4 - https:\/\/yoast.com\/wordpress\/plugins\/seo\/ -->\n<title>Gimkama \/ Humor Amarillo Barcelona - Humor amarillo para despedidas<\/title>\n<meta name=\"description\" content=\"Gimkama \/ Humor Amarillo Barcelona - Circuitos de destreza con varias pruebas que evaluar\u00e1n las habilidades de cada uno, agilidad, coordinaci\u00f3n y astucia.\" \/>\n<meta name=\"robots\" content=\"index, follow, max-snippet:-1, max-image-preview:large, max-video-preview:-1\" \/>\n<link rel=\"canonical\" href=\"https:\/\/stagpartynight.com\/es\/product\/gimkama-humor-amarillo-barcelona\/\" \/>\n<meta property=\"og:locale\" content=\"es_ES\" \/>\n<meta property=\"og:type\" content=\"article\" \/>\n<meta property=\"og:title\" content=\"Gimkama \/ Humor Amarillo Barcelona - Humor amarillo para despedidas\" \/>\n<meta property=\"og:description\" content=\"Gimkama \/ Humor Amarillo Barcelona - Circuitos de destreza con varias pruebas que evaluar\u00e1n las habilidades de cada uno, agilidad, coordinaci\u00f3n y astucia.\" \/>\n<meta property=\"og:url\" content=\"https:\/\/stagpartynight.com\/es\/product\/gimkama-humor-amarillo-barcelona\/\" \/>\n<meta property=\"og:site_name\" content=\"Despedida de Soltero\" \/>\n<meta property=\"article:modified_time\" content=\"2022-12-23T16:02:16+00:00\" \/>\n<meta property=\"og:image\" content=\"https:\/\/stagpartynight.com\/es\/wp-content\/uploads\/sites\/2\/2020\/01\/Humor-Amarillo-Barcelona.png\" \/>\n\t<meta property=\"og:image:width\" content=\"600\" \/>\n\t<meta property=\"og:image:height\" content=\"600\" \/>\n\t<meta property=\"og:image:type\" content=\"image\/png\" \/>\n<meta name=\"twitter:card\" content=\"summary_large_image\" \/>\n<meta name=\"twitter:label1\" content=\"Tiempo de lectura\" \/>\n\t<meta name=\"twitter:data1\" content=\"1 minuto\" \/>\n<script type=\"application\/ld+json\" class=\"yoast-schema-graph\">{\"@context\":\"https:\/\/schema.org\",\"@graph\":[{\"@type\":\"WebPage\",\"@id\":\"https:\/\/stagpartynight.com\/es\/product\/gimkama-humor-amarillo-barcelona\/\",\"url\":\"https:\/\/stagpartynight.com\/es\/product\/gimkama-humor-amarillo-barcelona\/\",\"name\":\"Gimkama \/ Humor Amarillo Barcelona - Humor amarillo para despedidas\",\"isPartOf\":{\"@id\":\"https:\/\/stagpartynight.com\/es\/#website\"},\"primaryImageOfPage\":{\"@id\":\"https:\/\/stagpartynight.com\/es\/product\/gimkama-humor-amarillo-barcelona\/#primaryimage\"},\"image\":{\"@id\":\"https:\/\/stagpartynight.com\/es\/product\/gimkama-humor-amarillo-barcelona\/#primaryimage\"},\"thumbnailUrl\":\"https:\/\/stagpartynight.com\/es\/wp-content\/uploads\/sites\/2\/2020\/01\/Humor-Amarillo-Barcelona.png\",\"datePublished\":\"2020-01-08T11:53:01+00:00\",\"dateModified\":\"2022-12-23T16:02:16+00:00\",\"description\":\"Gimkama \/ Humor Amarillo Barcelona - Circuitos de destreza con varias pruebas que evaluar\u00e1n las habilidades de cada uno, agilidad, coordinaci\u00f3n y astucia.\",\"breadcrumb\":{\"@id\":\"https:\/\/stagpartynight.com\/es\/product\/gimkama-humor-amarillo-barcelona\/#breadcrumb\"},\"inLanguage\":\"es\",\"potentialAction\":[{\"@type\":\"ReadAction\",\"target\":[\"https:\/\/stagpartynight.com\/es\/product\/gimkama-humor-amarillo-barcelona\/\"]}]},{\"@type\":\"ImageObject\",\"inLanguage\":\"es\",\"@id\":\"https:\/\/stagpartynight.com\/es\/product\/gimkama-humor-amarillo-barcelona\/#primaryimage\",\"url\":\"https:\/\/stagpartynight.com\/es\/wp-content\/uploads\/sites\/2\/2020\/01\/Humor-Amarillo-Barcelona.png\",\"contentUrl\":\"https:\/\/stagpartynight.com\/es\/wp-content\/uploads\/sites\/2\/2020\/01\/Humor-Amarillo-Barcelona.png\",\"width\":600,\"height\":600},{\"@type\":\"BreadcrumbList\",\"@id\":\"https:\/\/stagpartynight.com\/es\/product\/gimkama-humor-amarillo-barcelona\/#breadcrumb\",\"itemListElement\":[{\"@type\":\"ListItem\",\"position\":1,\"name\":\"Home\",\"item\":\"https:\/\/stagpartynight.com\/es\/\"},{\"@type\":\"ListItem\",\"position\":2,\"name\":\"Tienda\",\"item\":\"https:\/\/stagpartynight.com\/es\/tienda\/\"},{\"@type\":\"ListItem\",\"position\":3,\"name\":\"Gimkama \/ Humor Amarillo Barcelona\"}]},{\"@type\":\"WebSite\",\"@id\":\"https:\/\/stagpartynight.com\/es\/#website\",\"url\":\"https:\/\/stagpartynight.com\/es\/\",\"name\":\"Stag Party Night\",\"description\":\"Your Stag Party Customized\",\"publisher\":{\"@id\":\"https:\/\/stagpartynight.com\/es\/#organization\"},\"potentialAction\":[{\"@type\":\"SearchAction\",\"target\":{\"@type\":\"EntryPoint\",\"urlTemplate\":\"https:\/\/stagpartynight.com\/es\/?s={search_term_string}\"},\"query-input\":{\"@type\":\"PropertyValueSpecification\",\"valueRequired\":true,\"valueName\":\"search_term_string\"}}],\"inLanguage\":\"es\"},{\"@type\":\"Organization\",\"@id\":\"https:\/\/stagpartynight.com\/es\/#organization\",\"name\":\"Stag Party Night\",\"url\":\"https:\/\/stagpartynight.com\/es\/\",\"logo\":{\"@type\":\"ImageObject\",\"inLanguage\":\"es\",\"@id\":\"https:\/\/stagpartynight.com\/es\/#\/schema\/logo\/image\/\",\"url\":\"https:\/\/stagpartynight.com\/es\/wp-content\/uploads\/sites\/2\/2019\/12\/stagpartynight-e1578565505687.png\",\"contentUrl\":\"https:\/\/stagpartynight.com\/es\/wp-content\/uploads\/sites\/2\/2019\/12\/stagpartynight-e1578565505687.png\",\"width\":400,\"height\":400,\"caption\":\"Stag Party Night\"},\"image\":{\"@id\":\"https:\/\/stagpartynight.com\/es\/#\/schema\/logo\/image\/\"}}]}<\/script>\n<!-- \/ Yoast SEO plugin. -->","yoast_head_json":{"title":"Gimkama \/ Humor Amarillo Barcelona - Humor amarillo para despedidas","description":"Gimkama \/ Humor Amarillo Barcelona - Circuitos de destreza con varias pruebas que evaluar\u00e1n las habilidades de cada uno, agilidad, coordinaci\u00f3n y astucia.","robots":{"index":"index","follow":"follow","max-snippet":"max-snippet:-1","max-image-preview":"max-image-preview:large","max-video-preview":"max-video-preview:-1"},"canonical":"https:\/\/stagpartynight.com\/es\/product\/gimkama-humor-amarillo-barcelona\/","og_locale":"es_ES","og_type":"article","og_title":"Gimkama \/ Humor Amarillo Barcelona - Humor amarillo para despedidas","og_description":"Gimkama \/ Humor Amarillo Barcelona - Circuitos de destreza con varias pruebas que evaluar\u00e1n las habilidades de cada uno, agilidad, coordinaci\u00f3n y astucia.","og_url":"https:\/\/stagpartynight.com\/es\/product\/gimkama-humor-amarillo-barcelona\/","og_site_name":"Despedida de Soltero","article_modified_time":"2022-12-23T16:02:16+00:00","og_image":[{"width":600,"height":600,"url":"https:\/\/stagpartynight.com\/es\/wp-content\/uploads\/sites\/2\/2020\/01\/Humor-Amarillo-Barcelona.png","type":"image\/png"}],"twitter_card":"summary_large_image","twitter_misc":{"Tiempo de lectura":"1 minuto"},"schema":{"@context":"https:\/\/schema.org","@graph":[{"@type":"WebPage","@id":"https:\/\/stagpartynight.com\/es\/product\/gimkama-humor-amarillo-barcelona\/","url":"https:\/\/stagpartynight.com\/es\/product\/gimkama-humor-amarillo-barcelona\/","name":"Gimkama \/ Humor Amarillo Barcelona - Humor amarillo para despedidas","isPartOf":{"@id":"https:\/\/stagpartynight.com\/es\/#website"},"primaryImageOfPage":{"@id":"https:\/\/stagpartynight.com\/es\/product\/gimkama-humor-amarillo-barcelona\/#primaryimage"},"image":{"@id":"https:\/\/stagpartynight.com\/es\/product\/gimkama-humor-amarillo-barcelona\/#primaryimage"},"thumbnailUrl":"https:\/\/stagpartynight.com\/es\/wp-content\/uploads\/sites\/2\/2020\/01\/Humor-Amarillo-Barcelona.png","datePublished":"2020-01-08T11:53:01+00:00","dateModified":"2022-12-23T16:02:16+00:00","description":"Gimkama \/ Humor Amarillo Barcelona - Circuitos de destreza con varias pruebas que evaluar\u00e1n las habilidades de cada uno, agilidad, coordinaci\u00f3n y astucia.","breadcrumb":{"@id":"https:\/\/stagpartynight.com\/es\/product\/gimkama-humor-amarillo-barcelona\/#breadcrumb"},"inLanguage":"es","potentialAction":[{"@type":"ReadAction","target":["https:\/\/stagpartynight.com\/es\/product\/gimkama-humor-amarillo-barcelona\/"]}]},{"@type":"ImageObject","inLanguage":"es","@id":"https:\/\/stagpartynight.com\/es\/product\/gimkama-humor-amarillo-barcelona\/#primaryimage","url":"https:\/\/stagpartynight.com\/es\/wp-content\/uploads\/sites\/2\/2020\/01\/Humor-Amarillo-Barcelona.png","contentUrl":"https:\/\/stagpartynight.com\/es\/wp-content\/uploads\/sites\/2\/2020\/01\/Humor-Amarillo-Barcelona.png","width":600,"height":600},{"@type":"BreadcrumbList","@id":"https:\/\/stagpartynight.com\/es\/product\/gimkama-humor-amarillo-barcelona\/#breadcrumb","itemListElement":[{"@type":"ListItem","position":1,"name":"Home","item":"https:\/\/stagpartynight.com\/es\/"},{"@type":"ListItem","position":2,"name":"Tienda","item":"https:\/\/stagpartynight.com\/es\/tienda\/"},{"@type":"ListItem","position":3,"name":"Gimkama \/ Humor Amarillo Barcelona"}]},{"@type":"WebSite","@id":"https:\/\/stagpartynight.com\/es\/#website","url":"https:\/\/stagpartynight.com\/es\/","name":"Stag Party Night","description":"Your Stag Party Customized","publisher":{"@id":"https:\/\/stagpartynight.com\/es\/#organization"},"potentialAction":[{"@type":"SearchAction","target":{"@type":"EntryPoint","urlTemplate":"https:\/\/stagpartynight.com\/es\/?s={search_term_string}"},"query-input":{"@type":"PropertyValueSpecification","valueRequired":true,"valueName":"search_term_string"}}],"inLanguage":"es"},{"@type":"Organization","@id":"https:\/\/stagpartynight.com\/es\/#organization","name":"Stag Party Night","url":"https:\/\/stagpartynight.com\/es\/","logo":{"@type":"ImageObject","inLanguage":"es","@id":"https:\/\/stagpartynight.com\/es\/#\/schema\/logo\/image\/","url":"https:\/\/stagpartynight.com\/es\/wp-content\/uploads\/sites\/2\/2019\/12\/stagpartynight-e1578565505687.png","contentUrl":"https:\/\/stagpartynight.com\/es\/wp-content\/uploads\/sites\/2\/2019\/12\/stagpartynight-e1578565505687.png","width":400,"height":400,"caption":"Stag Party Night"},"image":{"@id":"https:\/\/stagpartynight.com\/es\/#\/schema\/logo\/image\/"}}]}},"_links":{"self":[{"href":"https:\/\/stagpartynight.com\/es\/wp-json\/wp\/v2\/product\/232","targetHints":{"allow":["GET"]}}],"collection":[{"href":"https:\/\/stagpartynight.com\/es\/wp-json\/wp\/v2\/product"}],"about":[{"href":"https:\/\/stagpartynight.com\/es\/wp-json\/wp\/v2\/types\/product"}],"replies":[{"embeddable":true,"href":"https:\/\/stagpartynight.com\/es\/wp-json\/wp\/v2\/comments?post=232"}],"wp:featuredmedia":[{"embeddable":true,"href":"https:\/\/stagpartynight.com\/es\/wp-json\/wp\/v2\/media\/233"}],"wp:attachment":[{"href":"https:\/\/stagpartynight.com\/es\/wp-json\/wp\/v2\/media?parent=232"}],"wp:term":[{"taxonomy":"product_brand","embeddable":true,"href":"https:\/\/stagpartynight.com\/es\/wp-json\/wp\/v2\/product_brand?post=232"},{"taxonomy":"product_cat","embeddable":true,"href":"https:\/\/stagpartynight.com\/es\/wp-json\/wp\/v2\/product_cat?post=232"},{"taxonomy":"product_tag","embeddable":true,"href":"https:\/\/stagpartynight.com\/es\/wp-json\/wp\/v2\/product_tag?post=232"}],"curies":[{"name":"wp","href":"https:\/\/api.w.org\/{rel}","templated":true}]}}