{"id":234,"date":"2020-01-08T12:56:28","date_gmt":"2020-01-08T11:56:28","guid":{"rendered":"https:\/\/stagpartynight.com\/es\/?post_type=product&#038;p=234"},"modified":"2022-12-23T17:01:19","modified_gmt":"2022-12-23T16:01:19","slug":"tour-camp-nou-barcelona","status":"publish","type":"product","link":"https:\/\/stagpartynight.com\/es\/product\/tour-camp-nou-barcelona\/","title":{"rendered":"Tour Camp Nou Barcelona"},"content":{"rendered":"<p>Tour dentro estadio del FC Barcelona. La duraci\u00f3n del servicio es de aproximadamente 1 hora, que incluye una visita al estadio, los vestuarios de los jugadores, el museo de trofeos, la sala de prensa y los bancos al pie del campo de f\u00fatbol. Posibilidad de ir acompa\u00f1ado por un gu\u00eda privado.<strong> Tour Camp Nou Barcelona<\/strong><\/p>\n","protected":false},"excerpt":{"rendered":"<p>Tour dentro estadio del FC Barcelona. La duraci\u00f3n del servicio es de aproximadamente 1 hora, que incluye una visita al estadio, los vestuarios de los jugadores, el museo de trofeos, la sala de prensa y los bancos al pie del campo de f\u00fatbol. Posibilidad de ir acompa\u00f1ado por un gu\u00eda privado. <strong>Tour Camp Nou Barcelona<\/strong><\/p>\n","protected":false},"featured_media":235,"comment_status":"open","ping_status":"closed","template":"","meta":{"_et_pb_use_builder":"","_et_pb_old_content":"","_et_gb_content_width":""},"product_brand":[],"product_cat":[68],"product_tag":[643,97,642,644],"class_list":{"0":"post-234","1":"product","2":"type-product","3":"status-publish","4":"has-post-thumbnail","6":"product_cat-barcelona","7":"product_tag-camp-nou","8":"product_tag-tour-camp-nou-barcelona","9":"product_tag-visita-estadio-barcelona","10":"product_tag-vista-guiada-camp-nou","12":"first","13":"instock","14":"virtual","15":"product-type-simple"},"yoast_head":"<!-- This site is optimized with the Yoast SEO plugin v26.4 - https:\/\/yoast.com\/wordpress\/plugins\/seo\/ -->\n<title>Tour Camp Nou Barcelona - Barcelona Tours - Packs BCN<\/title>\n<meta name=\"description\" content=\"Tour Camp Nou Barcelona - La duraci\u00f3n del servicio es de aproximadamente 1 hora, que incluye una visita al estadio, los vestuarios de los jugadores, el museo de trofeos, la sala de prensa y los bancos al pie del campo de f\u00fatbol. Posibilidad de ir acompa\u00f1ado por un gu\u00eda privado.\" \/>\n<meta name=\"robots\" content=\"index, follow, max-snippet:-1, max-image-preview:large, max-video-preview:-1\" \/>\n<link rel=\"canonical\" href=\"https:\/\/stagpartynight.com\/es\/product\/tour-camp-nou-barcelona\/\" \/>\n<meta property=\"og:locale\" content=\"es_ES\" \/>\n<meta property=\"og:type\" content=\"article\" \/>\n<meta property=\"og:title\" content=\"Tour Camp Nou Barcelona - Barcelona Tours - Packs BCN\" \/>\n<meta property=\"og:description\" content=\"Tour Camp Nou Barcelona - La duraci\u00f3n del servicio es de aproximadamente 1 hora, que incluye una visita al estadio, los vestuarios de los jugadores, el museo de trofeos, la sala de prensa y los bancos al pie del campo de f\u00fatbol. Posibilidad de ir acompa\u00f1ado por un gu\u00eda privado.\" \/>\n<meta property=\"og:url\" content=\"https:\/\/stagpartynight.com\/es\/product\/tour-camp-nou-barcelona\/\" \/>\n<meta property=\"og:site_name\" content=\"Despedida de Soltero\" \/>\n<meta property=\"article:modified_time\" content=\"2022-12-23T16:01:19+00:00\" \/>\n<meta property=\"og:image\" content=\"https:\/\/stagpartynight.com\/es\/wp-content\/uploads\/sites\/2\/2020\/01\/Tour-Camp-Nou-Barcelona.jpg\" \/>\n\t<meta property=\"og:image:width\" content=\"800\" \/>\n\t<meta property=\"og:image:height\" content=\"450\" \/>\n\t<meta property=\"og:image:type\" content=\"image\/jpeg\" \/>\n<meta name=\"twitter:card\" content=\"summary_large_image\" \/>\n<meta name=\"twitter:label1\" content=\"Tiempo de lectura\" \/>\n\t<meta name=\"twitter:data1\" content=\"1 minuto\" \/>\n<script type=\"application\/ld+json\" class=\"yoast-schema-graph\">{\"@context\":\"https:\/\/schema.org\",\"@graph\":[{\"@type\":\"WebPage\",\"@id\":\"https:\/\/stagpartynight.com\/es\/product\/tour-camp-nou-barcelona\/\",\"url\":\"https:\/\/stagpartynight.com\/es\/product\/tour-camp-nou-barcelona\/\",\"name\":\"Tour Camp Nou Barcelona - Barcelona Tours - Packs BCN\",\"isPartOf\":{\"@id\":\"https:\/\/stagpartynight.com\/es\/#website\"},\"primaryImageOfPage\":{\"@id\":\"https:\/\/stagpartynight.com\/es\/product\/tour-camp-nou-barcelona\/#primaryimage\"},\"image\":{\"@id\":\"https:\/\/stagpartynight.com\/es\/product\/tour-camp-nou-barcelona\/#primaryimage\"},\"thumbnailUrl\":\"https:\/\/stagpartynight.com\/es\/wp-content\/uploads\/sites\/2\/2020\/01\/Tour-Camp-Nou-Barcelona.jpg\",\"datePublished\":\"2020-01-08T11:56:28+00:00\",\"dateModified\":\"2022-12-23T16:01:19+00:00\",\"description\":\"Tour Camp Nou Barcelona - La duraci\u00f3n del servicio es de aproximadamente 1 hora, que incluye una visita al estadio, los vestuarios de los jugadores, el museo de trofeos, la sala de prensa y los bancos al pie del campo de f\u00fatbol. Posibilidad de ir acompa\u00f1ado por un gu\u00eda privado.\",\"breadcrumb\":{\"@id\":\"https:\/\/stagpartynight.com\/es\/product\/tour-camp-nou-barcelona\/#breadcrumb\"},\"inLanguage\":\"es\",\"potentialAction\":[{\"@type\":\"ReadAction\",\"target\":[\"https:\/\/stagpartynight.com\/es\/product\/tour-camp-nou-barcelona\/\"]}]},{\"@type\":\"ImageObject\",\"inLanguage\":\"es\",\"@id\":\"https:\/\/stagpartynight.com\/es\/product\/tour-camp-nou-barcelona\/#primaryimage\",\"url\":\"https:\/\/stagpartynight.com\/es\/wp-content\/uploads\/sites\/2\/2020\/01\/Tour-Camp-Nou-Barcelona.jpg\",\"contentUrl\":\"https:\/\/stagpartynight.com\/es\/wp-content\/uploads\/sites\/2\/2020\/01\/Tour-Camp-Nou-Barcelona.jpg\",\"width\":800,\"height\":450},{\"@type\":\"BreadcrumbList\",\"@id\":\"https:\/\/stagpartynight.com\/es\/product\/tour-camp-nou-barcelona\/#breadcrumb\",\"itemListElement\":[{\"@type\":\"ListItem\",\"position\":1,\"name\":\"Home\",\"item\":\"https:\/\/stagpartynight.com\/es\/\"},{\"@type\":\"ListItem\",\"position\":2,\"name\":\"Tienda\",\"item\":\"https:\/\/stagpartynight.com\/es\/tienda\/\"},{\"@type\":\"ListItem\",\"position\":3,\"name\":\"Tour Camp Nou Barcelona\"}]},{\"@type\":\"WebSite\",\"@id\":\"https:\/\/stagpartynight.com\/es\/#website\",\"url\":\"https:\/\/stagpartynight.com\/es\/\",\"name\":\"Stag Party Night\",\"description\":\"Your Stag Party Customized\",\"publisher\":{\"@id\":\"https:\/\/stagpartynight.com\/es\/#organization\"},\"potentialAction\":[{\"@type\":\"SearchAction\",\"target\":{\"@type\":\"EntryPoint\",\"urlTemplate\":\"https:\/\/stagpartynight.com\/es\/?s={search_term_string}\"},\"query-input\":{\"@type\":\"PropertyValueSpecification\",\"valueRequired\":true,\"valueName\":\"search_term_string\"}}],\"inLanguage\":\"es\"},{\"@type\":\"Organization\",\"@id\":\"https:\/\/stagpartynight.com\/es\/#organization\",\"name\":\"Stag Party Night\",\"url\":\"https:\/\/stagpartynight.com\/es\/\",\"logo\":{\"@type\":\"ImageObject\",\"inLanguage\":\"es\",\"@id\":\"https:\/\/stagpartynight.com\/es\/#\/schema\/logo\/image\/\",\"url\":\"https:\/\/stagpartynight.com\/es\/wp-content\/uploads\/sites\/2\/2019\/12\/stagpartynight-e1578565505687.png\",\"contentUrl\":\"https:\/\/stagpartynight.com\/es\/wp-content\/uploads\/sites\/2\/2019\/12\/stagpartynight-e1578565505687.png\",\"width\":400,\"height\":400,\"caption\":\"Stag Party Night\"},\"image\":{\"@id\":\"https:\/\/stagpartynight.com\/es\/#\/schema\/logo\/image\/\"}}]}<\/script>\n<!-- \/ Yoast SEO plugin. -->","yoast_head_json":{"title":"Tour Camp Nou Barcelona - Barcelona Tours - Packs BCN","description":"Tour Camp Nou Barcelona - La duraci\u00f3n del servicio es de aproximadamente 1 hora, que incluye una visita al estadio, los vestuarios de los jugadores, el museo de trofeos, la sala de prensa y los bancos al pie del campo de f\u00fatbol. Posibilidad de ir acompa\u00f1ado por un gu\u00eda privado.","robots":{"index":"index","follow":"follow","max-snippet":"max-snippet:-1","max-image-preview":"max-image-preview:large","max-video-preview":"max-video-preview:-1"},"canonical":"https:\/\/stagpartynight.com\/es\/product\/tour-camp-nou-barcelona\/","og_locale":"es_ES","og_type":"article","og_title":"Tour Camp Nou Barcelona - Barcelona Tours - Packs BCN","og_description":"Tour Camp Nou Barcelona - La duraci\u00f3n del servicio es de aproximadamente 1 hora, que incluye una visita al estadio, los vestuarios de los jugadores, el museo de trofeos, la sala de prensa y los bancos al pie del campo de f\u00fatbol. Posibilidad de ir acompa\u00f1ado por un gu\u00eda privado.","og_url":"https:\/\/stagpartynight.com\/es\/product\/tour-camp-nou-barcelona\/","og_site_name":"Despedida de Soltero","article_modified_time":"2022-12-23T16:01:19+00:00","og_image":[{"width":800,"height":450,"url":"https:\/\/stagpartynight.com\/es\/wp-content\/uploads\/sites\/2\/2020\/01\/Tour-Camp-Nou-Barcelona.jpg","type":"image\/jpeg"}],"twitter_card":"summary_large_image","twitter_misc":{"Tiempo de lectura":"1 minuto"},"schema":{"@context":"https:\/\/schema.org","@graph":[{"@type":"WebPage","@id":"https:\/\/stagpartynight.com\/es\/product\/tour-camp-nou-barcelona\/","url":"https:\/\/stagpartynight.com\/es\/product\/tour-camp-nou-barcelona\/","name":"Tour Camp Nou Barcelona - Barcelona Tours - Packs BCN","isPartOf":{"@id":"https:\/\/stagpartynight.com\/es\/#website"},"primaryImageOfPage":{"@id":"https:\/\/stagpartynight.com\/es\/product\/tour-camp-nou-barcelona\/#primaryimage"},"image":{"@id":"https:\/\/stagpartynight.com\/es\/product\/tour-camp-nou-barcelona\/#primaryimage"},"thumbnailUrl":"https:\/\/stagpartynight.com\/es\/wp-content\/uploads\/sites\/2\/2020\/01\/Tour-Camp-Nou-Barcelona.jpg","datePublished":"2020-01-08T11:56:28+00:00","dateModified":"2022-12-23T16:01:19+00:00","description":"Tour Camp Nou Barcelona - La duraci\u00f3n del servicio es de aproximadamente 1 hora, que incluye una visita al estadio, los vestuarios de los jugadores, el museo de trofeos, la sala de prensa y los bancos al pie del campo de f\u00fatbol. Posibilidad de ir acompa\u00f1ado por un gu\u00eda privado.","breadcrumb":{"@id":"https:\/\/stagpartynight.com\/es\/product\/tour-camp-nou-barcelona\/#breadcrumb"},"inLanguage":"es","potentialAction":[{"@type":"ReadAction","target":["https:\/\/stagpartynight.com\/es\/product\/tour-camp-nou-barcelona\/"]}]},{"@type":"ImageObject","inLanguage":"es","@id":"https:\/\/stagpartynight.com\/es\/product\/tour-camp-nou-barcelona\/#primaryimage","url":"https:\/\/stagpartynight.com\/es\/wp-content\/uploads\/sites\/2\/2020\/01\/Tour-Camp-Nou-Barcelona.jpg","contentUrl":"https:\/\/stagpartynight.com\/es\/wp-content\/uploads\/sites\/2\/2020\/01\/Tour-Camp-Nou-Barcelona.jpg","width":800,"height":450},{"@type":"BreadcrumbList","@id":"https:\/\/stagpartynight.com\/es\/product\/tour-camp-nou-barcelona\/#breadcrumb","itemListElement":[{"@type":"ListItem","position":1,"name":"Home","item":"https:\/\/stagpartynight.com\/es\/"},{"@type":"ListItem","position":2,"name":"Tienda","item":"https:\/\/stagpartynight.com\/es\/tienda\/"},{"@type":"ListItem","position":3,"name":"Tour Camp Nou Barcelona"}]},{"@type":"WebSite","@id":"https:\/\/stagpartynight.com\/es\/#website","url":"https:\/\/stagpartynight.com\/es\/","name":"Stag Party Night","description":"Your Stag Party Customized","publisher":{"@id":"https:\/\/stagpartynight.com\/es\/#organization"},"potentialAction":[{"@type":"SearchAction","target":{"@type":"EntryPoint","urlTemplate":"https:\/\/stagpartynight.com\/es\/?s={search_term_string}"},"query-input":{"@type":"PropertyValueSpecification","valueRequired":true,"valueName":"search_term_string"}}],"inLanguage":"es"},{"@type":"Organization","@id":"https:\/\/stagpartynight.com\/es\/#organization","name":"Stag Party Night","url":"https:\/\/stagpartynight.com\/es\/","logo":{"@type":"ImageObject","inLanguage":"es","@id":"https:\/\/stagpartynight.com\/es\/#\/schema\/logo\/image\/","url":"https:\/\/stagpartynight.com\/es\/wp-content\/uploads\/sites\/2\/2019\/12\/stagpartynight-e1578565505687.png","contentUrl":"https:\/\/stagpartynight.com\/es\/wp-content\/uploads\/sites\/2\/2019\/12\/stagpartynight-e1578565505687.png","width":400,"height":400,"caption":"Stag Party Night"},"image":{"@id":"https:\/\/stagpartynight.com\/es\/#\/schema\/logo\/image\/"}}]}},"_links":{"self":[{"href":"https:\/\/stagpartynight.com\/es\/wp-json\/wp\/v2\/product\/234","targetHints":{"allow":["GET"]}}],"collection":[{"href":"https:\/\/stagpartynight.com\/es\/wp-json\/wp\/v2\/product"}],"about":[{"href":"https:\/\/stagpartynight.com\/es\/wp-json\/wp\/v2\/types\/product"}],"replies":[{"embeddable":true,"href":"https:\/\/stagpartynight.com\/es\/wp-json\/wp\/v2\/comments?post=234"}],"wp:featuredmedia":[{"embeddable":true,"href":"https:\/\/stagpartynight.com\/es\/wp-json\/wp\/v2\/media\/235"}],"wp:attachment":[{"href":"https:\/\/stagpartynight.com\/es\/wp-json\/wp\/v2\/media?parent=234"}],"wp:term":[{"taxonomy":"product_brand","embeddable":true,"href":"https:\/\/stagpartynight.com\/es\/wp-json\/wp\/v2\/product_brand?post=234"},{"taxonomy":"product_cat","embeddable":true,"href":"https:\/\/stagpartynight.com\/es\/wp-json\/wp\/v2\/product_cat?post=234"},{"taxonomy":"product_tag","embeddable":true,"href":"https:\/\/stagpartynight.com\/es\/wp-json\/wp\/v2\/product_tag?post=234"}],"curies":[{"name":"wp","href":"https:\/\/api.w.org\/{rel}","templated":true}]}}