{"id":2642,"date":"2023-12-20T13:13:44","date_gmt":"2023-12-20T12:13:44","guid":{"rendered":"https:\/\/stagpartynight.com\/fr\/?post_type=product&#038;p=2642"},"modified":"2024-01-22T11:24:29","modified_gmt":"2024-01-22T10:24:29","slug":"conducir-buggy-ibiza","status":"publish","type":"product","link":"https:\/\/stagpartynight.com\/es\/product\/conducir-buggy-ibiza\/","title":{"rendered":"Conducir Buggy Ibiza"},"content":{"rendered":"<div>Conducir Buggy Ibiza. Buggy Ibiza. \u00bfTe atreves a conducir un buggy en Ibiza? Seguro, equipo de protecci\u00f3n y agua incluidos.<\/div>\n<div><\/div>\n<div>Las mejores despedidas de soltero con <a href=\"https:\/\/stagpartynight.com\/\">StagParty<\/a>!<\/div>\n<div><\/div>\n<h2 style=\"text-align: center;\">Conducir Buggy Ibiza<\/h2>\n<h4>\ud83c\udfce\ufe0f Aventura todo terreno en Ibiza: \u00a1Explora la isla en Buggy!<\/h4>\n<div>\u00a1Prep\u00e1rate para una emocionante experiencia en Ibiza con nuestra excepcional actividad! Tanto si optas por un paseo de hora y media como por una aventura de tres horas, la isla blanca te reserva descubrimientos inolvidables en cada curva.<\/div>\n<div><\/div>\n<div>A bordo de nuestros veh\u00edculos todoterreno, d\u00e9jese llevar por carreteras pintorescas, caminos sinuosos y panoramas impresionantes. D\u00e9 rienda suelta a su esp\u00edritu aventurero y experimente la emoci\u00f3n de conducir mientras descubre los rincones m\u00e1s v\u00edrgenes de Ibiza.<\/div>\n<div><\/div>\n<div>Cada veh\u00edculo est\u00e1 equipado para garantizar una experiencia c\u00f3moda y segura. Te proporcionamos agua para mantenerte hidratado durante todo el viaje y todo el equipamiento que necesitas para conducir con confianza.<\/div>\n<div><\/div>\n<div>Tanto si le gusta la adrenalina como si es un explorador curioso que busca descubrir los secretos de la isla, nuestra actividad le ofrece una aventura a su medida. Comparta esta experiencia \u00fanica con amigos o emb\u00e1rquese en solitario para descubrir las joyas ocultas de Ibiza.<\/div>\n<div><\/div>\n<div>Reserve ahora y prep\u00e1rese para una aventura inolvidable por los caminos de <a href=\"https:\/\/es.wikipedia.org\/wiki\/Ibiza\">Ibiza<\/a>. La libertad de la carretera abierta, el viento en tu pelo y el esp\u00edritu aventurero te esperan.<\/div>\n<div><\/div>\n<div style=\"text-align: center;\">Emb\u00e1rcate en una experiencia en la que cada curva revela una nueva sorpresa, \u00a1y cada minuto es una escapada todoterreno! \ud83c\udfc1\ud83c\udfdc\ufe0f<\/div>\n","protected":false},"excerpt":{"rendered":"<p>Conducir Buggy Ibiza. Buggy Ibiza. \u00bfTe atreves a conducir un buggy en Ibiza? Seguro, equipo de protecci\u00f3n y agua incluidos.<\/p>\n","protected":false},"featured_media":3786,"comment_status":"open","ping_status":"closed","template":"","meta":{"_et_pb_use_builder":"","_et_pb_old_content":"","_et_gb_content_width":""},"product_brand":[],"product_cat":[113,1313],"product_tag":[],"class_list":{"0":"post-2642","1":"product","2":"type-product","3":"status-publish","4":"has-post-thumbnail","6":"product_cat-ibiza","7":"product_cat-uncategorised","9":"first","10":"instock","11":"shipping-taxable","12":"product-type-simple"},"yoast_head":"<!-- This site is optimized with the Yoast SEO plugin v26.4 - https:\/\/yoast.com\/wordpress\/plugins\/seo\/ -->\n<title>Conducir Buggy Ibiza<\/title>\n<meta name=\"description\" content=\"Conducir Buggy Ibiza. Buggy Ibiza. \u00bfTe atreves a conducir un buggy en Ibiza? Seguro, equipo de protecci\u00f3n y agua incluidos.\" \/>\n<meta name=\"robots\" content=\"index, follow, max-snippet:-1, max-image-preview:large, max-video-preview:-1\" \/>\n<link rel=\"canonical\" href=\"https:\/\/stagpartynight.com\/es\/product\/conducir-buggy-ibiza\/\" \/>\n<meta property=\"og:locale\" content=\"es_ES\" \/>\n<meta property=\"og:type\" content=\"article\" \/>\n<meta property=\"og:title\" content=\"Conducir Buggy Ibiza\" \/>\n<meta property=\"og:description\" content=\"Conducir Buggy Ibiza. Buggy Ibiza. \u00bfTe atreves a conducir un buggy en Ibiza? Seguro, equipo de protecci\u00f3n y agua incluidos.\" \/>\n<meta property=\"og:url\" content=\"https:\/\/stagpartynight.com\/es\/product\/conducir-buggy-ibiza\/\" \/>\n<meta property=\"og:site_name\" content=\"Despedida de Soltero\" \/>\n<meta property=\"article:modified_time\" content=\"2024-01-22T10:24:29+00:00\" \/>\n<meta property=\"og:image\" content=\"https:\/\/stagpartynight.com\/es\/wp-content\/uploads\/sites\/2\/2023\/12\/Conducir-Buggy-Ibiza.jpg\" \/>\n\t<meta property=\"og:image:width\" content=\"640\" \/>\n\t<meta property=\"og:image:height\" content=\"427\" \/>\n\t<meta property=\"og:image:type\" content=\"image\/jpeg\" \/>\n<meta name=\"twitter:card\" content=\"summary_large_image\" \/>\n<meta name=\"twitter:label1\" content=\"Tiempo de lectura\" \/>\n\t<meta name=\"twitter:data1\" content=\"2 minutos\" \/>\n<script type=\"application\/ld+json\" class=\"yoast-schema-graph\">{\"@context\":\"https:\/\/schema.org\",\"@graph\":[{\"@type\":\"WebPage\",\"@id\":\"https:\/\/stagpartynight.com\/es\/product\/conducir-buggy-ibiza\/\",\"url\":\"https:\/\/stagpartynight.com\/es\/product\/conducir-buggy-ibiza\/\",\"name\":\"Conducir Buggy Ibiza\",\"isPartOf\":{\"@id\":\"https:\/\/stagpartynight.com\/es\/#website\"},\"primaryImageOfPage\":{\"@id\":\"https:\/\/stagpartynight.com\/es\/product\/conducir-buggy-ibiza\/#primaryimage\"},\"image\":{\"@id\":\"https:\/\/stagpartynight.com\/es\/product\/conducir-buggy-ibiza\/#primaryimage\"},\"thumbnailUrl\":\"https:\/\/stagpartynight.com\/es\/wp-content\/uploads\/sites\/2\/2023\/12\/Conducir-Buggy-Ibiza.jpg\",\"datePublished\":\"2023-12-20T12:13:44+00:00\",\"dateModified\":\"2024-01-22T10:24:29+00:00\",\"description\":\"Conducir Buggy Ibiza. Buggy Ibiza. \u00bfTe atreves a conducir un buggy en Ibiza? Seguro, equipo de protecci\u00f3n y agua incluidos.\",\"breadcrumb\":{\"@id\":\"https:\/\/stagpartynight.com\/es\/product\/conducir-buggy-ibiza\/#breadcrumb\"},\"inLanguage\":\"es\",\"potentialAction\":[{\"@type\":\"ReadAction\",\"target\":[\"https:\/\/stagpartynight.com\/es\/product\/conducir-buggy-ibiza\/\"]}]},{\"@type\":\"ImageObject\",\"inLanguage\":\"es\",\"@id\":\"https:\/\/stagpartynight.com\/es\/product\/conducir-buggy-ibiza\/#primaryimage\",\"url\":\"https:\/\/stagpartynight.com\/es\/wp-content\/uploads\/sites\/2\/2023\/12\/Conducir-Buggy-Ibiza.jpg\",\"contentUrl\":\"https:\/\/stagpartynight.com\/es\/wp-content\/uploads\/sites\/2\/2023\/12\/Conducir-Buggy-Ibiza.jpg\",\"width\":640,\"height\":427,\"caption\":\"Conducir Buggy Ibiza\"},{\"@type\":\"BreadcrumbList\",\"@id\":\"https:\/\/stagpartynight.com\/es\/product\/conducir-buggy-ibiza\/#breadcrumb\",\"itemListElement\":[{\"@type\":\"ListItem\",\"position\":1,\"name\":\"Home\",\"item\":\"https:\/\/stagpartynight.com\/es\/\"},{\"@type\":\"ListItem\",\"position\":2,\"name\":\"Tienda\",\"item\":\"https:\/\/stagpartynight.com\/es\/tienda\/\"},{\"@type\":\"ListItem\",\"position\":3,\"name\":\"Conducir Buggy Ibiza\"}]},{\"@type\":\"WebSite\",\"@id\":\"https:\/\/stagpartynight.com\/es\/#website\",\"url\":\"https:\/\/stagpartynight.com\/es\/\",\"name\":\"Stag Party Night\",\"description\":\"Your Stag Party Customized\",\"publisher\":{\"@id\":\"https:\/\/stagpartynight.com\/es\/#organization\"},\"potentialAction\":[{\"@type\":\"SearchAction\",\"target\":{\"@type\":\"EntryPoint\",\"urlTemplate\":\"https:\/\/stagpartynight.com\/es\/?s={search_term_string}\"},\"query-input\":{\"@type\":\"PropertyValueSpecification\",\"valueRequired\":true,\"valueName\":\"search_term_string\"}}],\"inLanguage\":\"es\"},{\"@type\":\"Organization\",\"@id\":\"https:\/\/stagpartynight.com\/es\/#organization\",\"name\":\"Stag Party Night\",\"url\":\"https:\/\/stagpartynight.com\/es\/\",\"logo\":{\"@type\":\"ImageObject\",\"inLanguage\":\"es\",\"@id\":\"https:\/\/stagpartynight.com\/es\/#\/schema\/logo\/image\/\",\"url\":\"https:\/\/stagpartynight.com\/es\/wp-content\/uploads\/sites\/2\/2019\/12\/stagpartynight-e1578565505687.png\",\"contentUrl\":\"https:\/\/stagpartynight.com\/es\/wp-content\/uploads\/sites\/2\/2019\/12\/stagpartynight-e1578565505687.png\",\"width\":400,\"height\":400,\"caption\":\"Stag Party Night\"},\"image\":{\"@id\":\"https:\/\/stagpartynight.com\/es\/#\/schema\/logo\/image\/\"}}]}<\/script>\n<!-- \/ Yoast SEO plugin. -->","yoast_head_json":{"title":"Conducir Buggy Ibiza","description":"Conducir Buggy Ibiza. Buggy Ibiza. \u00bfTe atreves a conducir un buggy en Ibiza? Seguro, equipo de protecci\u00f3n y agua incluidos.","robots":{"index":"index","follow":"follow","max-snippet":"max-snippet:-1","max-image-preview":"max-image-preview:large","max-video-preview":"max-video-preview:-1"},"canonical":"https:\/\/stagpartynight.com\/es\/product\/conducir-buggy-ibiza\/","og_locale":"es_ES","og_type":"article","og_title":"Conducir Buggy Ibiza","og_description":"Conducir Buggy Ibiza. Buggy Ibiza. \u00bfTe atreves a conducir un buggy en Ibiza? Seguro, equipo de protecci\u00f3n y agua incluidos.","og_url":"https:\/\/stagpartynight.com\/es\/product\/conducir-buggy-ibiza\/","og_site_name":"Despedida de Soltero","article_modified_time":"2024-01-22T10:24:29+00:00","og_image":[{"width":640,"height":427,"url":"https:\/\/stagpartynight.com\/es\/wp-content\/uploads\/sites\/2\/2023\/12\/Conducir-Buggy-Ibiza.jpg","type":"image\/jpeg"}],"twitter_card":"summary_large_image","twitter_misc":{"Tiempo de lectura":"2 minutos"},"schema":{"@context":"https:\/\/schema.org","@graph":[{"@type":"WebPage","@id":"https:\/\/stagpartynight.com\/es\/product\/conducir-buggy-ibiza\/","url":"https:\/\/stagpartynight.com\/es\/product\/conducir-buggy-ibiza\/","name":"Conducir Buggy Ibiza","isPartOf":{"@id":"https:\/\/stagpartynight.com\/es\/#website"},"primaryImageOfPage":{"@id":"https:\/\/stagpartynight.com\/es\/product\/conducir-buggy-ibiza\/#primaryimage"},"image":{"@id":"https:\/\/stagpartynight.com\/es\/product\/conducir-buggy-ibiza\/#primaryimage"},"thumbnailUrl":"https:\/\/stagpartynight.com\/es\/wp-content\/uploads\/sites\/2\/2023\/12\/Conducir-Buggy-Ibiza.jpg","datePublished":"2023-12-20T12:13:44+00:00","dateModified":"2024-01-22T10:24:29+00:00","description":"Conducir Buggy Ibiza. Buggy Ibiza. \u00bfTe atreves a conducir un buggy en Ibiza? Seguro, equipo de protecci\u00f3n y agua incluidos.","breadcrumb":{"@id":"https:\/\/stagpartynight.com\/es\/product\/conducir-buggy-ibiza\/#breadcrumb"},"inLanguage":"es","potentialAction":[{"@type":"ReadAction","target":["https:\/\/stagpartynight.com\/es\/product\/conducir-buggy-ibiza\/"]}]},{"@type":"ImageObject","inLanguage":"es","@id":"https:\/\/stagpartynight.com\/es\/product\/conducir-buggy-ibiza\/#primaryimage","url":"https:\/\/stagpartynight.com\/es\/wp-content\/uploads\/sites\/2\/2023\/12\/Conducir-Buggy-Ibiza.jpg","contentUrl":"https:\/\/stagpartynight.com\/es\/wp-content\/uploads\/sites\/2\/2023\/12\/Conducir-Buggy-Ibiza.jpg","width":640,"height":427,"caption":"Conducir Buggy Ibiza"},{"@type":"BreadcrumbList","@id":"https:\/\/stagpartynight.com\/es\/product\/conducir-buggy-ibiza\/#breadcrumb","itemListElement":[{"@type":"ListItem","position":1,"name":"Home","item":"https:\/\/stagpartynight.com\/es\/"},{"@type":"ListItem","position":2,"name":"Tienda","item":"https:\/\/stagpartynight.com\/es\/tienda\/"},{"@type":"ListItem","position":3,"name":"Conducir Buggy Ibiza"}]},{"@type":"WebSite","@id":"https:\/\/stagpartynight.com\/es\/#website","url":"https:\/\/stagpartynight.com\/es\/","name":"Stag Party Night","description":"Your Stag Party Customized","publisher":{"@id":"https:\/\/stagpartynight.com\/es\/#organization"},"potentialAction":[{"@type":"SearchAction","target":{"@type":"EntryPoint","urlTemplate":"https:\/\/stagpartynight.com\/es\/?s={search_term_string}"},"query-input":{"@type":"PropertyValueSpecification","valueRequired":true,"valueName":"search_term_string"}}],"inLanguage":"es"},{"@type":"Organization","@id":"https:\/\/stagpartynight.com\/es\/#organization","name":"Stag Party Night","url":"https:\/\/stagpartynight.com\/es\/","logo":{"@type":"ImageObject","inLanguage":"es","@id":"https:\/\/stagpartynight.com\/es\/#\/schema\/logo\/image\/","url":"https:\/\/stagpartynight.com\/es\/wp-content\/uploads\/sites\/2\/2019\/12\/stagpartynight-e1578565505687.png","contentUrl":"https:\/\/stagpartynight.com\/es\/wp-content\/uploads\/sites\/2\/2019\/12\/stagpartynight-e1578565505687.png","width":400,"height":400,"caption":"Stag Party Night"},"image":{"@id":"https:\/\/stagpartynight.com\/es\/#\/schema\/logo\/image\/"}}]}},"_links":{"self":[{"href":"https:\/\/stagpartynight.com\/es\/wp-json\/wp\/v2\/product\/2642","targetHints":{"allow":["GET"]}}],"collection":[{"href":"https:\/\/stagpartynight.com\/es\/wp-json\/wp\/v2\/product"}],"about":[{"href":"https:\/\/stagpartynight.com\/es\/wp-json\/wp\/v2\/types\/product"}],"replies":[{"embeddable":true,"href":"https:\/\/stagpartynight.com\/es\/wp-json\/wp\/v2\/comments?post=2642"}],"wp:featuredmedia":[{"embeddable":true,"href":"https:\/\/stagpartynight.com\/es\/wp-json\/wp\/v2\/media\/3786"}],"wp:attachment":[{"href":"https:\/\/stagpartynight.com\/es\/wp-json\/wp\/v2\/media?parent=2642"}],"wp:term":[{"taxonomy":"product_brand","embeddable":true,"href":"https:\/\/stagpartynight.com\/es\/wp-json\/wp\/v2\/product_brand?post=2642"},{"taxonomy":"product_cat","embeddable":true,"href":"https:\/\/stagpartynight.com\/es\/wp-json\/wp\/v2\/product_cat?post=2642"},{"taxonomy":"product_tag","embeddable":true,"href":"https:\/\/stagpartynight.com\/es\/wp-json\/wp\/v2\/product_tag?post=2642"}],"curies":[{"name":"wp","href":"https:\/\/api.w.org\/{rel}","templated":true}]}}