{"id":2649,"date":"2023-12-20T13:50:55","date_gmt":"2023-12-20T12:50:55","guid":{"rendered":"https:\/\/stagpartynight.com\/fr\/?post_type=product&#038;p=2649"},"modified":"2024-01-22T11:13:45","modified_gmt":"2024-01-22T10:13:45","slug":"tour-en-jeep-ibiza","status":"publish","type":"product","link":"https:\/\/stagpartynight.com\/es\/product\/tour-en-jeep-ibiza\/","title":{"rendered":"Tour en Jeep Ibiza"},"content":{"rendered":"<div>Tour en Jeep Ibiza. Jeep Tour Ibiza. Puedes elegir entre cuatro u ocho horas en este fant\u00e1stico Jeep para descubrir los rincones secretos de Ibiza. Reserva ya esta incre\u00edble aventura<\/div>\n<div><\/div>\n<div>Las mejores despedidas de soltero con <a href=\"https:\/\/stagpartynight.com\/\">StagParty<\/a>!<\/div>\n<div><\/div>\n<h2 style=\"text-align: center;\">Tour en Jeep Ibiza<\/h2>\n<h4>\ud83d\ude99 Exploraci\u00f3n aventurera de Ibiza: \u00a1Tour en Jeep para entusiastas de la adrenalina!<\/h4>\n<div>\u00a1Prep\u00e1rate para una experiencia excepcional en Ibiza con nuestro tour en Jeep dise\u00f1ado especialmente para los amantes de la adrenalina! Durante esta emocionante aventura, descubra la isla de una forma \u00fanica, combinando emociones y descubrimientos.<\/div>\n<div><\/div>\n<div>\ud83c\udfde\ufe0f Suba por una monta\u00f1a vertiginosa que ofrece unas vistas panor\u00e1micas impresionantes. La sensaci\u00f3n de conducir un Jeep por senderos escarpados y sinuosos a\u00f1adir\u00e1 una dosis de emoci\u00f3n a esta escapada.<\/div>\n<div><\/div>\n<div>\ud83e\udd3f Sum\u00e9rgete en las cristalinas aguas de Ibiza en una inolvidable sesi\u00f3n de snorkel. Explore la diversa vida marina y marav\u00edllese ante la belleza del fondo marino.<\/div>\n<div><\/div>\n<div>\ud83c\udfdd\ufe0f Descubra playas secretas accesibles s\u00f3lo en Jeep, donde podr\u00e1 relajarse y nadar en solitarias aguas turquesas. Disfruta del sol mediterr\u00e1neo en playas v\u00edrgenes y crea recuerdos inolvidables.<\/div>\n<div><\/div>\n<div>\n<div>\ud83c\udf0a Nadar bajo misteriosas cuevas a lo largo de la costa de Ibiza, a\u00f1adiendo un toque de aventura a tu d\u00eda. Nuestros experimentados gu\u00edas te conducir\u00e1n a trav\u00e9s de estas impresionantes formaciones rocosas mientras comparten historias fascinantes.<\/div>\n<div><\/div>\n<div>\ud83d\ude99 El tour en Jeep tambi\u00e9n ofrece visitas tur\u00edsticas para descubrir los encantos \u00fanicos de <a href=\"https:\/\/es.wikipedia.org\/wiki\/Ibiza\">Ibiza<\/a>, desde pueblos pintorescos hasta lugares emblem\u00e1ticos de la isla.<\/div>\n<div><\/div>\n<div>Cada momento de este tour est\u00e1 dise\u00f1ado para liberar adrenalina y ofrecer una experiencia ibicenca inolvidable. Reserve ahora y sum\u00e9rjase en un d\u00eda de aventura, exploraci\u00f3n, emoci\u00f3n y diversi\u00f3n.<\/div>\n<div><\/div>\n<div>Viva la aventura definitiva en Ibiza con nuestra excursi\u00f3n en Jeep, donde la emoci\u00f3n se une a la belleza natural de esta isla mediterr\u00e1nea. \u00a1Emb\u00e1rcate en un d\u00eda que recordar\u00e1s durante mucho tiempo! \ud83d\ude99\ud83c\udf34<\/div>\n<\/div>\n","protected":false},"excerpt":{"rendered":"<p>Tour en Jeep Ibiza. Jeep Tour Ibiza. Puedes elegir entre cuatro u ocho horas en este fant\u00e1stico Jeep para descubrir los rincones secretos de Ibiza. Reserva ya esta incre\u00edble aventura<\/p>\n","protected":false},"featured_media":3780,"comment_status":"open","ping_status":"closed","template":"","meta":{"_et_pb_use_builder":"","_et_pb_old_content":"","_et_gb_content_width":""},"product_brand":[],"product_cat":[113,1313],"product_tag":[],"class_list":{"0":"post-2649","1":"product","2":"type-product","3":"status-publish","4":"has-post-thumbnail","6":"product_cat-ibiza","7":"product_cat-uncategorised","9":"first","10":"instock","11":"shipping-taxable","12":"product-type-simple"},"yoast_head":"<!-- This site is optimized with the Yoast SEO plugin v26.4 - https:\/\/yoast.com\/wordpress\/plugins\/seo\/ -->\n<title>Tour en Jeep Ibiza<\/title>\n<meta name=\"description\" content=\"Tour en Jeep Ibiza. Jeep Tour Ibiza. Puedes elegir entre cuatro u ocho horas en este fant\u00e1stico Jeep para descubrir los rincones secretos de Ibiza.\" \/>\n<meta name=\"robots\" content=\"index, follow, max-snippet:-1, max-image-preview:large, max-video-preview:-1\" \/>\n<link rel=\"canonical\" href=\"https:\/\/stagpartynight.com\/es\/product\/tour-en-jeep-ibiza\/\" \/>\n<meta property=\"og:locale\" content=\"es_ES\" \/>\n<meta property=\"og:type\" content=\"article\" \/>\n<meta property=\"og:title\" content=\"Tour en Jeep Ibiza\" \/>\n<meta property=\"og:description\" content=\"Tour en Jeep Ibiza. Jeep Tour Ibiza. Puedes elegir entre cuatro u ocho horas en este fant\u00e1stico Jeep para descubrir los rincones secretos de Ibiza.\" \/>\n<meta property=\"og:url\" content=\"https:\/\/stagpartynight.com\/es\/product\/tour-en-jeep-ibiza\/\" \/>\n<meta property=\"og:site_name\" content=\"Despedida de Soltero\" \/>\n<meta property=\"article:modified_time\" content=\"2024-01-22T10:13:45+00:00\" \/>\n<meta property=\"og:image\" content=\"https:\/\/stagpartynight.com\/es\/wp-content\/uploads\/sites\/2\/2023\/12\/Tour-en-Jeep-Ibiza.jpg\" \/>\n\t<meta property=\"og:image:width\" content=\"1800\" \/>\n\t<meta property=\"og:image:height\" content=\"1350\" \/>\n\t<meta property=\"og:image:type\" content=\"image\/jpeg\" \/>\n<meta name=\"twitter:card\" content=\"summary_large_image\" \/>\n<meta name=\"twitter:label1\" content=\"Tiempo de lectura\" \/>\n\t<meta name=\"twitter:data1\" content=\"2 minutos\" \/>\n<script type=\"application\/ld+json\" class=\"yoast-schema-graph\">{\"@context\":\"https:\/\/schema.org\",\"@graph\":[{\"@type\":\"WebPage\",\"@id\":\"https:\/\/stagpartynight.com\/es\/product\/tour-en-jeep-ibiza\/\",\"url\":\"https:\/\/stagpartynight.com\/es\/product\/tour-en-jeep-ibiza\/\",\"name\":\"Tour en Jeep Ibiza\",\"isPartOf\":{\"@id\":\"https:\/\/stagpartynight.com\/es\/#website\"},\"primaryImageOfPage\":{\"@id\":\"https:\/\/stagpartynight.com\/es\/product\/tour-en-jeep-ibiza\/#primaryimage\"},\"image\":{\"@id\":\"https:\/\/stagpartynight.com\/es\/product\/tour-en-jeep-ibiza\/#primaryimage\"},\"thumbnailUrl\":\"https:\/\/stagpartynight.com\/es\/wp-content\/uploads\/sites\/2\/2023\/12\/Tour-en-Jeep-Ibiza.jpg\",\"datePublished\":\"2023-12-20T12:50:55+00:00\",\"dateModified\":\"2024-01-22T10:13:45+00:00\",\"description\":\"Tour en Jeep Ibiza. Jeep Tour Ibiza. Puedes elegir entre cuatro u ocho horas en este fant\u00e1stico Jeep para descubrir los rincones secretos de Ibiza.\",\"breadcrumb\":{\"@id\":\"https:\/\/stagpartynight.com\/es\/product\/tour-en-jeep-ibiza\/#breadcrumb\"},\"inLanguage\":\"es\",\"potentialAction\":[{\"@type\":\"ReadAction\",\"target\":[\"https:\/\/stagpartynight.com\/es\/product\/tour-en-jeep-ibiza\/\"]}]},{\"@type\":\"ImageObject\",\"inLanguage\":\"es\",\"@id\":\"https:\/\/stagpartynight.com\/es\/product\/tour-en-jeep-ibiza\/#primaryimage\",\"url\":\"https:\/\/stagpartynight.com\/es\/wp-content\/uploads\/sites\/2\/2023\/12\/Tour-en-Jeep-Ibiza.jpg\",\"contentUrl\":\"https:\/\/stagpartynight.com\/es\/wp-content\/uploads\/sites\/2\/2023\/12\/Tour-en-Jeep-Ibiza.jpg\",\"width\":1800,\"height\":1350,\"caption\":\"Tour en Jeep Ibiza\"},{\"@type\":\"BreadcrumbList\",\"@id\":\"https:\/\/stagpartynight.com\/es\/product\/tour-en-jeep-ibiza\/#breadcrumb\",\"itemListElement\":[{\"@type\":\"ListItem\",\"position\":1,\"name\":\"Home\",\"item\":\"https:\/\/stagpartynight.com\/es\/\"},{\"@type\":\"ListItem\",\"position\":2,\"name\":\"Tienda\",\"item\":\"https:\/\/stagpartynight.com\/es\/tienda\/\"},{\"@type\":\"ListItem\",\"position\":3,\"name\":\"Tour en Jeep Ibiza\"}]},{\"@type\":\"WebSite\",\"@id\":\"https:\/\/stagpartynight.com\/es\/#website\",\"url\":\"https:\/\/stagpartynight.com\/es\/\",\"name\":\"Stag Party Night\",\"description\":\"Your Stag Party Customized\",\"publisher\":{\"@id\":\"https:\/\/stagpartynight.com\/es\/#organization\"},\"potentialAction\":[{\"@type\":\"SearchAction\",\"target\":{\"@type\":\"EntryPoint\",\"urlTemplate\":\"https:\/\/stagpartynight.com\/es\/?s={search_term_string}\"},\"query-input\":{\"@type\":\"PropertyValueSpecification\",\"valueRequired\":true,\"valueName\":\"search_term_string\"}}],\"inLanguage\":\"es\"},{\"@type\":\"Organization\",\"@id\":\"https:\/\/stagpartynight.com\/es\/#organization\",\"name\":\"Stag Party Night\",\"url\":\"https:\/\/stagpartynight.com\/es\/\",\"logo\":{\"@type\":\"ImageObject\",\"inLanguage\":\"es\",\"@id\":\"https:\/\/stagpartynight.com\/es\/#\/schema\/logo\/image\/\",\"url\":\"https:\/\/stagpartynight.com\/es\/wp-content\/uploads\/sites\/2\/2019\/12\/stagpartynight-e1578565505687.png\",\"contentUrl\":\"https:\/\/stagpartynight.com\/es\/wp-content\/uploads\/sites\/2\/2019\/12\/stagpartynight-e1578565505687.png\",\"width\":400,\"height\":400,\"caption\":\"Stag Party Night\"},\"image\":{\"@id\":\"https:\/\/stagpartynight.com\/es\/#\/schema\/logo\/image\/\"}}]}<\/script>\n<!-- \/ Yoast SEO plugin. -->","yoast_head_json":{"title":"Tour en Jeep Ibiza","description":"Tour en Jeep Ibiza. Jeep Tour Ibiza. Puedes elegir entre cuatro u ocho horas en este fant\u00e1stico Jeep para descubrir los rincones secretos de Ibiza.","robots":{"index":"index","follow":"follow","max-snippet":"max-snippet:-1","max-image-preview":"max-image-preview:large","max-video-preview":"max-video-preview:-1"},"canonical":"https:\/\/stagpartynight.com\/es\/product\/tour-en-jeep-ibiza\/","og_locale":"es_ES","og_type":"article","og_title":"Tour en Jeep Ibiza","og_description":"Tour en Jeep Ibiza. Jeep Tour Ibiza. Puedes elegir entre cuatro u ocho horas en este fant\u00e1stico Jeep para descubrir los rincones secretos de Ibiza.","og_url":"https:\/\/stagpartynight.com\/es\/product\/tour-en-jeep-ibiza\/","og_site_name":"Despedida de Soltero","article_modified_time":"2024-01-22T10:13:45+00:00","og_image":[{"width":1800,"height":1350,"url":"https:\/\/stagpartynight.com\/es\/wp-content\/uploads\/sites\/2\/2023\/12\/Tour-en-Jeep-Ibiza.jpg","type":"image\/jpeg"}],"twitter_card":"summary_large_image","twitter_misc":{"Tiempo de lectura":"2 minutos"},"schema":{"@context":"https:\/\/schema.org","@graph":[{"@type":"WebPage","@id":"https:\/\/stagpartynight.com\/es\/product\/tour-en-jeep-ibiza\/","url":"https:\/\/stagpartynight.com\/es\/product\/tour-en-jeep-ibiza\/","name":"Tour en Jeep Ibiza","isPartOf":{"@id":"https:\/\/stagpartynight.com\/es\/#website"},"primaryImageOfPage":{"@id":"https:\/\/stagpartynight.com\/es\/product\/tour-en-jeep-ibiza\/#primaryimage"},"image":{"@id":"https:\/\/stagpartynight.com\/es\/product\/tour-en-jeep-ibiza\/#primaryimage"},"thumbnailUrl":"https:\/\/stagpartynight.com\/es\/wp-content\/uploads\/sites\/2\/2023\/12\/Tour-en-Jeep-Ibiza.jpg","datePublished":"2023-12-20T12:50:55+00:00","dateModified":"2024-01-22T10:13:45+00:00","description":"Tour en Jeep Ibiza. Jeep Tour Ibiza. Puedes elegir entre cuatro u ocho horas en este fant\u00e1stico Jeep para descubrir los rincones secretos de Ibiza.","breadcrumb":{"@id":"https:\/\/stagpartynight.com\/es\/product\/tour-en-jeep-ibiza\/#breadcrumb"},"inLanguage":"es","potentialAction":[{"@type":"ReadAction","target":["https:\/\/stagpartynight.com\/es\/product\/tour-en-jeep-ibiza\/"]}]},{"@type":"ImageObject","inLanguage":"es","@id":"https:\/\/stagpartynight.com\/es\/product\/tour-en-jeep-ibiza\/#primaryimage","url":"https:\/\/stagpartynight.com\/es\/wp-content\/uploads\/sites\/2\/2023\/12\/Tour-en-Jeep-Ibiza.jpg","contentUrl":"https:\/\/stagpartynight.com\/es\/wp-content\/uploads\/sites\/2\/2023\/12\/Tour-en-Jeep-Ibiza.jpg","width":1800,"height":1350,"caption":"Tour en Jeep Ibiza"},{"@type":"BreadcrumbList","@id":"https:\/\/stagpartynight.com\/es\/product\/tour-en-jeep-ibiza\/#breadcrumb","itemListElement":[{"@type":"ListItem","position":1,"name":"Home","item":"https:\/\/stagpartynight.com\/es\/"},{"@type":"ListItem","position":2,"name":"Tienda","item":"https:\/\/stagpartynight.com\/es\/tienda\/"},{"@type":"ListItem","position":3,"name":"Tour en Jeep Ibiza"}]},{"@type":"WebSite","@id":"https:\/\/stagpartynight.com\/es\/#website","url":"https:\/\/stagpartynight.com\/es\/","name":"Stag Party Night","description":"Your Stag Party Customized","publisher":{"@id":"https:\/\/stagpartynight.com\/es\/#organization"},"potentialAction":[{"@type":"SearchAction","target":{"@type":"EntryPoint","urlTemplate":"https:\/\/stagpartynight.com\/es\/?s={search_term_string}"},"query-input":{"@type":"PropertyValueSpecification","valueRequired":true,"valueName":"search_term_string"}}],"inLanguage":"es"},{"@type":"Organization","@id":"https:\/\/stagpartynight.com\/es\/#organization","name":"Stag Party Night","url":"https:\/\/stagpartynight.com\/es\/","logo":{"@type":"ImageObject","inLanguage":"es","@id":"https:\/\/stagpartynight.com\/es\/#\/schema\/logo\/image\/","url":"https:\/\/stagpartynight.com\/es\/wp-content\/uploads\/sites\/2\/2019\/12\/stagpartynight-e1578565505687.png","contentUrl":"https:\/\/stagpartynight.com\/es\/wp-content\/uploads\/sites\/2\/2019\/12\/stagpartynight-e1578565505687.png","width":400,"height":400,"caption":"Stag Party Night"},"image":{"@id":"https:\/\/stagpartynight.com\/es\/#\/schema\/logo\/image\/"}}]}},"_links":{"self":[{"href":"https:\/\/stagpartynight.com\/es\/wp-json\/wp\/v2\/product\/2649","targetHints":{"allow":["GET"]}}],"collection":[{"href":"https:\/\/stagpartynight.com\/es\/wp-json\/wp\/v2\/product"}],"about":[{"href":"https:\/\/stagpartynight.com\/es\/wp-json\/wp\/v2\/types\/product"}],"replies":[{"embeddable":true,"href":"https:\/\/stagpartynight.com\/es\/wp-json\/wp\/v2\/comments?post=2649"}],"wp:featuredmedia":[{"embeddable":true,"href":"https:\/\/stagpartynight.com\/es\/wp-json\/wp\/v2\/media\/3780"}],"wp:attachment":[{"href":"https:\/\/stagpartynight.com\/es\/wp-json\/wp\/v2\/media?parent=2649"}],"wp:term":[{"taxonomy":"product_brand","embeddable":true,"href":"https:\/\/stagpartynight.com\/es\/wp-json\/wp\/v2\/product_brand?post=2649"},{"taxonomy":"product_cat","embeddable":true,"href":"https:\/\/stagpartynight.com\/es\/wp-json\/wp\/v2\/product_cat?post=2649"},{"taxonomy":"product_tag","embeddable":true,"href":"https:\/\/stagpartynight.com\/es\/wp-json\/wp\/v2\/product_tag?post=2649"}],"curies":[{"name":"wp","href":"https:\/\/api.w.org\/{rel}","templated":true}]}}