{"id":2657,"date":"2023-12-21T10:51:33","date_gmt":"2023-12-21T09:51:33","guid":{"rendered":"https:\/\/stagpartynight.com\/fr\/?post_type=product&#038;p=2657"},"modified":"2024-01-19T13:49:15","modified_gmt":"2024-01-19T12:49:15","slug":"introduccion-al-submarinismo-ibiza","status":"publish","type":"product","link":"https:\/\/stagpartynight.com\/es\/product\/introduccion-al-submarinismo-ibiza\/","title":{"rendered":"Introducci\u00f3n al Submarinismo Ibiza"},"content":{"rendered":"<div>Introducci\u00f3n al Submarinismo Ibiza. Introducci\u00f3n al buceo en Ibiza. La mejor manera de aprender a bucear: m\u00e1s de tres horas con un instructor.<\/div>\n<div><\/div>\n<div>Las mejores despedidas de soltero con <a href=\"https:\/\/stagpartynight.com\/\">Stagparty<\/a>!<\/div>\n<div><\/div>\n<h2 style=\"text-align: center;\">Introducci\u00f3n al Submarinismo Ibiza<\/h2>\n<h4>\ud83c\udf0a Introducci\u00f3n al buceo en Ibiza: \u00a1Explora los cimientos del mar Mediterr\u00e1neo!<\/h4>\n<div>\ud83d\udc20 Descubre la magia de las profundidades del Mar Mediterr\u00e1neo con nuestro curso de Introducci\u00f3n al Buceo en Ibiza, una experiencia que te abre las puertas a un fascinante mundo submarino.<\/div>\n<div><\/div>\n<div>\ud83e\udd3f M\u00e1s de tres horas de formaci\u00f3n personalizada con nuestro experimentado instructor, que te guiar\u00e1 a trav\u00e9s de los fundamentos del buceo. Te espera una aventura educativa y cautivadora.<\/div>\n<div><\/div>\n<div>\ud83d\udc4c Se proporciona todo el equipo necesario, asegur\u00e1ndote una inmersi\u00f3n sin complicaciones en las aguas cristalinas de Ibiza. Bucea con confianza, equipado con el paquete profesional y seguro.<\/div>\n<div><\/div>\n<div>\ud83c\udf05 Explora el magn\u00edfico fondo marino de Ibiza, revelando colorida vida marina e impresionantes paisajes submarinos. Una experiencia sensorial inolvidable te espera en el coraz\u00f3n del Mediterr\u00e1neo.<\/div>\n<div><\/div>\n<div>\ud83c\udf1e Aprende las t\u00e9cnicas b\u00e1sicas, desde respirar bajo el agua hasta comunicarte con tus compa\u00f1eros de buceo. Nuestro curso de iniciaci\u00f3n est\u00e1 dise\u00f1ado para ofrecerte una introducci\u00f3n completa a este mundo submarino.<\/div>\n<div>\n<div><\/div>\n<div>\ud83d\udc1a \u00bfEst\u00e1s preparado para una inmersi\u00f3n en las cristalinas aguas de Ibiza?<\/div>\n<div><\/div>\n<div style=\"text-align: center;\">\ud83d\udc53Reserva ahora y sum\u00e9rgete en una aventura submarina inolvidable, donde la belleza del mar de <a href=\"https:\/\/es.wikipedia.org\/wiki\/Ibiza\">Ibiza<\/a> te cautivar\u00e1 en todo momento. \ud83c\udf0a<\/div>\n<\/div>\n","protected":false},"excerpt":{"rendered":"<p>Introducci\u00f3n al Submarinismo Ibiza. Introducci\u00f3n al buceo en Ibiza. La mejor manera de aprender a bucear: m\u00e1s de tres horas con un instructor.<\/p>\n","protected":false},"featured_media":3770,"comment_status":"open","ping_status":"closed","template":"","meta":{"_et_pb_use_builder":"","_et_pb_old_content":"","_et_gb_content_width":""},"product_brand":[],"product_cat":[113,1313],"product_tag":[],"class_list":{"0":"post-2657","1":"product","2":"type-product","3":"status-publish","4":"has-post-thumbnail","6":"product_cat-ibiza","7":"product_cat-uncategorised","9":"first","10":"instock","11":"shipping-taxable","12":"product-type-simple"},"yoast_head":"<!-- This site is optimized with the Yoast SEO plugin v26.4 - https:\/\/yoast.com\/wordpress\/plugins\/seo\/ -->\n<title>Introducci\u00f3n al Submarinismo Ibiza<\/title>\n<meta name=\"description\" content=\"Introducci\u00f3n al Submarinismo Ibiza. Introducci\u00f3n al buceo en Ibiza. La mejor manera de aprender a bucear: m\u00e1s de tres horas con un instructor.\" \/>\n<meta name=\"robots\" content=\"index, follow, max-snippet:-1, max-image-preview:large, max-video-preview:-1\" \/>\n<link rel=\"canonical\" href=\"https:\/\/stagpartynight.com\/es\/product\/introduccion-al-submarinismo-ibiza\/\" \/>\n<meta property=\"og:locale\" content=\"es_ES\" \/>\n<meta property=\"og:type\" content=\"article\" \/>\n<meta property=\"og:title\" content=\"Introducci\u00f3n al Submarinismo Ibiza\" \/>\n<meta property=\"og:description\" content=\"Introducci\u00f3n al Submarinismo Ibiza. Introducci\u00f3n al buceo en Ibiza. La mejor manera de aprender a bucear: m\u00e1s de tres horas con un instructor.\" \/>\n<meta property=\"og:url\" content=\"https:\/\/stagpartynight.com\/es\/product\/introduccion-al-submarinismo-ibiza\/\" \/>\n<meta property=\"og:site_name\" content=\"Despedida de Soltero\" \/>\n<meta property=\"article:modified_time\" content=\"2024-01-19T12:49:15+00:00\" \/>\n<meta property=\"og:image\" content=\"https:\/\/stagpartynight.com\/es\/wp-content\/uploads\/sites\/2\/2023\/12\/Introduccion-al-Submarinismo-Ibiza.jpg\" \/>\n\t<meta property=\"og:image:width\" content=\"640\" \/>\n\t<meta property=\"og:image:height\" content=\"480\" \/>\n\t<meta property=\"og:image:type\" content=\"image\/jpeg\" \/>\n<meta name=\"twitter:card\" content=\"summary_large_image\" \/>\n<meta name=\"twitter:label1\" content=\"Tiempo de lectura\" \/>\n\t<meta name=\"twitter:data1\" content=\"2 minutos\" \/>\n<script type=\"application\/ld+json\" class=\"yoast-schema-graph\">{\"@context\":\"https:\/\/schema.org\",\"@graph\":[{\"@type\":\"WebPage\",\"@id\":\"https:\/\/stagpartynight.com\/es\/product\/introduccion-al-submarinismo-ibiza\/\",\"url\":\"https:\/\/stagpartynight.com\/es\/product\/introduccion-al-submarinismo-ibiza\/\",\"name\":\"Introducci\u00f3n al Submarinismo Ibiza\",\"isPartOf\":{\"@id\":\"https:\/\/stagpartynight.com\/es\/#website\"},\"primaryImageOfPage\":{\"@id\":\"https:\/\/stagpartynight.com\/es\/product\/introduccion-al-submarinismo-ibiza\/#primaryimage\"},\"image\":{\"@id\":\"https:\/\/stagpartynight.com\/es\/product\/introduccion-al-submarinismo-ibiza\/#primaryimage\"},\"thumbnailUrl\":\"https:\/\/stagpartynight.com\/es\/wp-content\/uploads\/sites\/2\/2023\/12\/Introduccion-al-Submarinismo-Ibiza.jpg\",\"datePublished\":\"2023-12-21T09:51:33+00:00\",\"dateModified\":\"2024-01-19T12:49:15+00:00\",\"description\":\"Introducci\u00f3n al Submarinismo Ibiza. Introducci\u00f3n al buceo en Ibiza. La mejor manera de aprender a bucear: m\u00e1s de tres horas con un instructor.\",\"breadcrumb\":{\"@id\":\"https:\/\/stagpartynight.com\/es\/product\/introduccion-al-submarinismo-ibiza\/#breadcrumb\"},\"inLanguage\":\"es\",\"potentialAction\":[{\"@type\":\"ReadAction\",\"target\":[\"https:\/\/stagpartynight.com\/es\/product\/introduccion-al-submarinismo-ibiza\/\"]}]},{\"@type\":\"ImageObject\",\"inLanguage\":\"es\",\"@id\":\"https:\/\/stagpartynight.com\/es\/product\/introduccion-al-submarinismo-ibiza\/#primaryimage\",\"url\":\"https:\/\/stagpartynight.com\/es\/wp-content\/uploads\/sites\/2\/2023\/12\/Introduccion-al-Submarinismo-Ibiza.jpg\",\"contentUrl\":\"https:\/\/stagpartynight.com\/es\/wp-content\/uploads\/sites\/2\/2023\/12\/Introduccion-al-Submarinismo-Ibiza.jpg\",\"width\":640,\"height\":480,\"caption\":\"Introducci\u00f3n al Submarinismo Ibiza\"},{\"@type\":\"BreadcrumbList\",\"@id\":\"https:\/\/stagpartynight.com\/es\/product\/introduccion-al-submarinismo-ibiza\/#breadcrumb\",\"itemListElement\":[{\"@type\":\"ListItem\",\"position\":1,\"name\":\"Home\",\"item\":\"https:\/\/stagpartynight.com\/es\/\"},{\"@type\":\"ListItem\",\"position\":2,\"name\":\"Tienda\",\"item\":\"https:\/\/stagpartynight.com\/es\/tienda\/\"},{\"@type\":\"ListItem\",\"position\":3,\"name\":\"Introducci\u00f3n al Submarinismo Ibiza\"}]},{\"@type\":\"WebSite\",\"@id\":\"https:\/\/stagpartynight.com\/es\/#website\",\"url\":\"https:\/\/stagpartynight.com\/es\/\",\"name\":\"Stag Party Night\",\"description\":\"Your Stag Party Customized\",\"publisher\":{\"@id\":\"https:\/\/stagpartynight.com\/es\/#organization\"},\"potentialAction\":[{\"@type\":\"SearchAction\",\"target\":{\"@type\":\"EntryPoint\",\"urlTemplate\":\"https:\/\/stagpartynight.com\/es\/?s={search_term_string}\"},\"query-input\":{\"@type\":\"PropertyValueSpecification\",\"valueRequired\":true,\"valueName\":\"search_term_string\"}}],\"inLanguage\":\"es\"},{\"@type\":\"Organization\",\"@id\":\"https:\/\/stagpartynight.com\/es\/#organization\",\"name\":\"Stag Party Night\",\"url\":\"https:\/\/stagpartynight.com\/es\/\",\"logo\":{\"@type\":\"ImageObject\",\"inLanguage\":\"es\",\"@id\":\"https:\/\/stagpartynight.com\/es\/#\/schema\/logo\/image\/\",\"url\":\"https:\/\/stagpartynight.com\/es\/wp-content\/uploads\/sites\/2\/2019\/12\/stagpartynight-e1578565505687.png\",\"contentUrl\":\"https:\/\/stagpartynight.com\/es\/wp-content\/uploads\/sites\/2\/2019\/12\/stagpartynight-e1578565505687.png\",\"width\":400,\"height\":400,\"caption\":\"Stag Party Night\"},\"image\":{\"@id\":\"https:\/\/stagpartynight.com\/es\/#\/schema\/logo\/image\/\"}}]}<\/script>\n<!-- \/ Yoast SEO plugin. -->","yoast_head_json":{"title":"Introducci\u00f3n al Submarinismo Ibiza","description":"Introducci\u00f3n al Submarinismo Ibiza. Introducci\u00f3n al buceo en Ibiza. La mejor manera de aprender a bucear: m\u00e1s de tres horas con un instructor.","robots":{"index":"index","follow":"follow","max-snippet":"max-snippet:-1","max-image-preview":"max-image-preview:large","max-video-preview":"max-video-preview:-1"},"canonical":"https:\/\/stagpartynight.com\/es\/product\/introduccion-al-submarinismo-ibiza\/","og_locale":"es_ES","og_type":"article","og_title":"Introducci\u00f3n al Submarinismo Ibiza","og_description":"Introducci\u00f3n al Submarinismo Ibiza. Introducci\u00f3n al buceo en Ibiza. La mejor manera de aprender a bucear: m\u00e1s de tres horas con un instructor.","og_url":"https:\/\/stagpartynight.com\/es\/product\/introduccion-al-submarinismo-ibiza\/","og_site_name":"Despedida de Soltero","article_modified_time":"2024-01-19T12:49:15+00:00","og_image":[{"width":640,"height":480,"url":"https:\/\/stagpartynight.com\/es\/wp-content\/uploads\/sites\/2\/2023\/12\/Introduccion-al-Submarinismo-Ibiza.jpg","type":"image\/jpeg"}],"twitter_card":"summary_large_image","twitter_misc":{"Tiempo de lectura":"2 minutos"},"schema":{"@context":"https:\/\/schema.org","@graph":[{"@type":"WebPage","@id":"https:\/\/stagpartynight.com\/es\/product\/introduccion-al-submarinismo-ibiza\/","url":"https:\/\/stagpartynight.com\/es\/product\/introduccion-al-submarinismo-ibiza\/","name":"Introducci\u00f3n al Submarinismo Ibiza","isPartOf":{"@id":"https:\/\/stagpartynight.com\/es\/#website"},"primaryImageOfPage":{"@id":"https:\/\/stagpartynight.com\/es\/product\/introduccion-al-submarinismo-ibiza\/#primaryimage"},"image":{"@id":"https:\/\/stagpartynight.com\/es\/product\/introduccion-al-submarinismo-ibiza\/#primaryimage"},"thumbnailUrl":"https:\/\/stagpartynight.com\/es\/wp-content\/uploads\/sites\/2\/2023\/12\/Introduccion-al-Submarinismo-Ibiza.jpg","datePublished":"2023-12-21T09:51:33+00:00","dateModified":"2024-01-19T12:49:15+00:00","description":"Introducci\u00f3n al Submarinismo Ibiza. Introducci\u00f3n al buceo en Ibiza. La mejor manera de aprender a bucear: m\u00e1s de tres horas con un instructor.","breadcrumb":{"@id":"https:\/\/stagpartynight.com\/es\/product\/introduccion-al-submarinismo-ibiza\/#breadcrumb"},"inLanguage":"es","potentialAction":[{"@type":"ReadAction","target":["https:\/\/stagpartynight.com\/es\/product\/introduccion-al-submarinismo-ibiza\/"]}]},{"@type":"ImageObject","inLanguage":"es","@id":"https:\/\/stagpartynight.com\/es\/product\/introduccion-al-submarinismo-ibiza\/#primaryimage","url":"https:\/\/stagpartynight.com\/es\/wp-content\/uploads\/sites\/2\/2023\/12\/Introduccion-al-Submarinismo-Ibiza.jpg","contentUrl":"https:\/\/stagpartynight.com\/es\/wp-content\/uploads\/sites\/2\/2023\/12\/Introduccion-al-Submarinismo-Ibiza.jpg","width":640,"height":480,"caption":"Introducci\u00f3n al Submarinismo Ibiza"},{"@type":"BreadcrumbList","@id":"https:\/\/stagpartynight.com\/es\/product\/introduccion-al-submarinismo-ibiza\/#breadcrumb","itemListElement":[{"@type":"ListItem","position":1,"name":"Home","item":"https:\/\/stagpartynight.com\/es\/"},{"@type":"ListItem","position":2,"name":"Tienda","item":"https:\/\/stagpartynight.com\/es\/tienda\/"},{"@type":"ListItem","position":3,"name":"Introducci\u00f3n al Submarinismo Ibiza"}]},{"@type":"WebSite","@id":"https:\/\/stagpartynight.com\/es\/#website","url":"https:\/\/stagpartynight.com\/es\/","name":"Stag Party Night","description":"Your Stag Party Customized","publisher":{"@id":"https:\/\/stagpartynight.com\/es\/#organization"},"potentialAction":[{"@type":"SearchAction","target":{"@type":"EntryPoint","urlTemplate":"https:\/\/stagpartynight.com\/es\/?s={search_term_string}"},"query-input":{"@type":"PropertyValueSpecification","valueRequired":true,"valueName":"search_term_string"}}],"inLanguage":"es"},{"@type":"Organization","@id":"https:\/\/stagpartynight.com\/es\/#organization","name":"Stag Party Night","url":"https:\/\/stagpartynight.com\/es\/","logo":{"@type":"ImageObject","inLanguage":"es","@id":"https:\/\/stagpartynight.com\/es\/#\/schema\/logo\/image\/","url":"https:\/\/stagpartynight.com\/es\/wp-content\/uploads\/sites\/2\/2019\/12\/stagpartynight-e1578565505687.png","contentUrl":"https:\/\/stagpartynight.com\/es\/wp-content\/uploads\/sites\/2\/2019\/12\/stagpartynight-e1578565505687.png","width":400,"height":400,"caption":"Stag Party Night"},"image":{"@id":"https:\/\/stagpartynight.com\/es\/#\/schema\/logo\/image\/"}}]}},"_links":{"self":[{"href":"https:\/\/stagpartynight.com\/es\/wp-json\/wp\/v2\/product\/2657","targetHints":{"allow":["GET"]}}],"collection":[{"href":"https:\/\/stagpartynight.com\/es\/wp-json\/wp\/v2\/product"}],"about":[{"href":"https:\/\/stagpartynight.com\/es\/wp-json\/wp\/v2\/types\/product"}],"replies":[{"embeddable":true,"href":"https:\/\/stagpartynight.com\/es\/wp-json\/wp\/v2\/comments?post=2657"}],"wp:featuredmedia":[{"embeddable":true,"href":"https:\/\/stagpartynight.com\/es\/wp-json\/wp\/v2\/media\/3770"}],"wp:attachment":[{"href":"https:\/\/stagpartynight.com\/es\/wp-json\/wp\/v2\/media?parent=2657"}],"wp:term":[{"taxonomy":"product_brand","embeddable":true,"href":"https:\/\/stagpartynight.com\/es\/wp-json\/wp\/v2\/product_brand?post=2657"},{"taxonomy":"product_cat","embeddable":true,"href":"https:\/\/stagpartynight.com\/es\/wp-json\/wp\/v2\/product_cat?post=2657"},{"taxonomy":"product_tag","embeddable":true,"href":"https:\/\/stagpartynight.com\/es\/wp-json\/wp\/v2\/product_tag?post=2657"}],"curies":[{"name":"wp","href":"https:\/\/api.w.org\/{rel}","templated":true}]}}