{"id":2661,"date":"2023-12-21T11:13:07","date_gmt":"2023-12-21T10:13:07","guid":{"rendered":"https:\/\/stagpartynight.com\/fr\/?post_type=product&#038;p=2661"},"modified":"2024-01-19T13:40:32","modified_gmt":"2024-01-19T12:40:32","slug":"barco-al-atardecer-ibiza","status":"publish","type":"product","link":"https:\/\/stagpartynight.com\/es\/product\/barco-al-atardecer-ibiza\/","title":{"rendered":"Barco al Atardecer Ibiza"},"content":{"rendered":"<div>Barco al atardecer en Ibiza. Incluye bebidas ilimitadas, equipo para deportes acu\u00e1ticos y tres paradas.<\/div>\n<div><\/div>\n<div>Las mejores despedidas de soltero con <a href=\"https:\/\/stagpartynight.com\/\">Stagparty<\/a><\/div>\n<div><\/div>\n<h2 style=\"text-align: center;\">Barco al atardecer en Ibiza<\/h2>\n<h4>\u26f5\ufe0f Puesta de sol encantada en Ibiza: Una aventura marina de tres horas<\/h4>\n<div><\/div>\n<div>Emb\u00e1rquese en una experiencia inolvidable en Ibiza con nuestra excursi\u00f3n en barco al atardecer. La excursi\u00f3n de tres horas ofrece la mezcla perfecta de relajaci\u00f3n y aventura, con momentos m\u00e1gicos a cada paso.<\/div>\n<div><\/div>\n<div>Explore el Mediterr\u00e1neo en dos paradas en alta mar, descubriendo calas solitarias y aguas cristalinas. Se incluye equipo completo de snorkel y paddle surf, lo que le permitir\u00e1 sumergirse en la belleza submarina de la Isla Blanca.<\/div>\n<div><\/div>\n<div>\u00bfEl plato fuerte de la noche? Una espectacular pausa para contemplar la puesta de sol ibicenca. Saboree todos los matices del cielo mientras el sol se funde en el horizonte mediterr\u00e1neo.<\/div>\n<div><\/div>\n<div>Y por si fuera poco, disfrute de bebidas ilimitadas a bordo, como cava espumoso, cerveza refrescante, sangr\u00eda espa\u00f1ola, Fanta afrutada o simplemente agua para saciar su sed.<\/div>\n<div><\/div>\n<div>Navegue a bordo de nuestro c\u00f3modo barco, sienta la brisa marina y sum\u00e9rjase en un ambiente relajante. Cree recuerdos inolvidables con sus seres queridos, comparta risas y capture momentos m\u00e1gicos a lo largo de esta excepcional experiencia marina.<\/div>\n<div>\n<div><\/div>\n<div><\/div>\n<div>Reserve ahora una emocionante excursi\u00f3n al atardecer en <a href=\"https:\/\/es.wikipedia.org\/wiki\/Ibiza\">Ibiza<\/a>.<\/div>\n<div>Una aventura donde naturaleza, relax y fiesta se dan cita sobre las olas del Mediterr\u00e1neo. \ud83c\udf05\u26f5\ufe0f\ud83e\udd42<\/div>\n<\/div>\n","protected":false},"excerpt":{"rendered":"<p>Barco al atardecer en Ibiza. Incluye bebidas ilimitadas, equipo para deportes acu\u00e1ticos y tres paradas.<\/p>\n","protected":false},"featured_media":3766,"comment_status":"open","ping_status":"closed","template":"","meta":{"_et_pb_use_builder":"","_et_pb_old_content":"","_et_gb_content_width":""},"product_brand":[],"product_cat":[113,1313],"product_tag":[],"class_list":{"0":"post-2661","1":"product","2":"type-product","3":"status-publish","4":"has-post-thumbnail","6":"product_cat-ibiza","7":"product_cat-uncategorised","9":"first","10":"instock","11":"shipping-taxable","12":"product-type-simple"},"yoast_head":"<!-- This site is optimized with the Yoast SEO plugin v26.4 - https:\/\/yoast.com\/wordpress\/plugins\/seo\/ -->\n<title>Barco al Atardecer Ibiza<\/title>\n<meta name=\"description\" content=\"Barco al atardecer en Ibiza. Incluye bebidas ilimitadas, equipo para deportes acu\u00e1ticos y tres paradas. Experiencia \u00fanica Espa\u00f1a\" \/>\n<meta name=\"robots\" content=\"index, follow, max-snippet:-1, max-image-preview:large, max-video-preview:-1\" \/>\n<link rel=\"canonical\" href=\"https:\/\/stagpartynight.com\/es\/product\/barco-al-atardecer-ibiza\/\" \/>\n<meta property=\"og:locale\" content=\"es_ES\" \/>\n<meta property=\"og:type\" content=\"article\" \/>\n<meta property=\"og:title\" content=\"Barco al Atardecer Ibiza\" \/>\n<meta property=\"og:description\" content=\"Barco al atardecer en Ibiza. Incluye bebidas ilimitadas, equipo para deportes acu\u00e1ticos y tres paradas. Experiencia \u00fanica Espa\u00f1a\" \/>\n<meta property=\"og:url\" content=\"https:\/\/stagpartynight.com\/es\/product\/barco-al-atardecer-ibiza\/\" \/>\n<meta property=\"og:site_name\" content=\"Despedida de Soltero\" \/>\n<meta property=\"article:modified_time\" content=\"2024-01-19T12:40:32+00:00\" \/>\n<meta property=\"og:image\" content=\"https:\/\/stagpartynight.com\/es\/wp-content\/uploads\/sites\/2\/2023\/12\/Barco-al-Atardecer-Ibiza.jpg\" \/>\n\t<meta property=\"og:image:width\" content=\"2016\" \/>\n\t<meta property=\"og:image:height\" content=\"1512\" \/>\n\t<meta property=\"og:image:type\" content=\"image\/jpeg\" \/>\n<meta name=\"twitter:card\" content=\"summary_large_image\" \/>\n<meta name=\"twitter:label1\" content=\"Tiempo de lectura\" \/>\n\t<meta name=\"twitter:data1\" content=\"2 minutos\" \/>\n<script type=\"application\/ld+json\" class=\"yoast-schema-graph\">{\"@context\":\"https:\/\/schema.org\",\"@graph\":[{\"@type\":\"WebPage\",\"@id\":\"https:\/\/stagpartynight.com\/es\/product\/barco-al-atardecer-ibiza\/\",\"url\":\"https:\/\/stagpartynight.com\/es\/product\/barco-al-atardecer-ibiza\/\",\"name\":\"Barco al Atardecer Ibiza\",\"isPartOf\":{\"@id\":\"https:\/\/stagpartynight.com\/es\/#website\"},\"primaryImageOfPage\":{\"@id\":\"https:\/\/stagpartynight.com\/es\/product\/barco-al-atardecer-ibiza\/#primaryimage\"},\"image\":{\"@id\":\"https:\/\/stagpartynight.com\/es\/product\/barco-al-atardecer-ibiza\/#primaryimage\"},\"thumbnailUrl\":\"https:\/\/stagpartynight.com\/es\/wp-content\/uploads\/sites\/2\/2023\/12\/Barco-al-Atardecer-Ibiza.jpg\",\"datePublished\":\"2023-12-21T10:13:07+00:00\",\"dateModified\":\"2024-01-19T12:40:32+00:00\",\"description\":\"Barco al atardecer en Ibiza. Incluye bebidas ilimitadas, equipo para deportes acu\u00e1ticos y tres paradas. Experiencia \u00fanica Espa\u00f1a\",\"breadcrumb\":{\"@id\":\"https:\/\/stagpartynight.com\/es\/product\/barco-al-atardecer-ibiza\/#breadcrumb\"},\"inLanguage\":\"es\",\"potentialAction\":[{\"@type\":\"ReadAction\",\"target\":[\"https:\/\/stagpartynight.com\/es\/product\/barco-al-atardecer-ibiza\/\"]}]},{\"@type\":\"ImageObject\",\"inLanguage\":\"es\",\"@id\":\"https:\/\/stagpartynight.com\/es\/product\/barco-al-atardecer-ibiza\/#primaryimage\",\"url\":\"https:\/\/stagpartynight.com\/es\/wp-content\/uploads\/sites\/2\/2023\/12\/Barco-al-Atardecer-Ibiza.jpg\",\"contentUrl\":\"https:\/\/stagpartynight.com\/es\/wp-content\/uploads\/sites\/2\/2023\/12\/Barco-al-Atardecer-Ibiza.jpg\",\"width\":2016,\"height\":1512,\"caption\":\"Barco al Atardecer Ibiza\"},{\"@type\":\"BreadcrumbList\",\"@id\":\"https:\/\/stagpartynight.com\/es\/product\/barco-al-atardecer-ibiza\/#breadcrumb\",\"itemListElement\":[{\"@type\":\"ListItem\",\"position\":1,\"name\":\"Home\",\"item\":\"https:\/\/stagpartynight.com\/es\/\"},{\"@type\":\"ListItem\",\"position\":2,\"name\":\"Tienda\",\"item\":\"https:\/\/stagpartynight.com\/es\/tienda\/\"},{\"@type\":\"ListItem\",\"position\":3,\"name\":\"Barco al Atardecer Ibiza\"}]},{\"@type\":\"WebSite\",\"@id\":\"https:\/\/stagpartynight.com\/es\/#website\",\"url\":\"https:\/\/stagpartynight.com\/es\/\",\"name\":\"Stag Party Night\",\"description\":\"Your Stag Party Customized\",\"publisher\":{\"@id\":\"https:\/\/stagpartynight.com\/es\/#organization\"},\"potentialAction\":[{\"@type\":\"SearchAction\",\"target\":{\"@type\":\"EntryPoint\",\"urlTemplate\":\"https:\/\/stagpartynight.com\/es\/?s={search_term_string}\"},\"query-input\":{\"@type\":\"PropertyValueSpecification\",\"valueRequired\":true,\"valueName\":\"search_term_string\"}}],\"inLanguage\":\"es\"},{\"@type\":\"Organization\",\"@id\":\"https:\/\/stagpartynight.com\/es\/#organization\",\"name\":\"Stag Party Night\",\"url\":\"https:\/\/stagpartynight.com\/es\/\",\"logo\":{\"@type\":\"ImageObject\",\"inLanguage\":\"es\",\"@id\":\"https:\/\/stagpartynight.com\/es\/#\/schema\/logo\/image\/\",\"url\":\"https:\/\/stagpartynight.com\/es\/wp-content\/uploads\/sites\/2\/2019\/12\/stagpartynight-e1578565505687.png\",\"contentUrl\":\"https:\/\/stagpartynight.com\/es\/wp-content\/uploads\/sites\/2\/2019\/12\/stagpartynight-e1578565505687.png\",\"width\":400,\"height\":400,\"caption\":\"Stag Party Night\"},\"image\":{\"@id\":\"https:\/\/stagpartynight.com\/es\/#\/schema\/logo\/image\/\"}}]}<\/script>\n<!-- \/ Yoast SEO plugin. -->","yoast_head_json":{"title":"Barco al Atardecer Ibiza","description":"Barco al atardecer en Ibiza. Incluye bebidas ilimitadas, equipo para deportes acu\u00e1ticos y tres paradas. Experiencia \u00fanica Espa\u00f1a","robots":{"index":"index","follow":"follow","max-snippet":"max-snippet:-1","max-image-preview":"max-image-preview:large","max-video-preview":"max-video-preview:-1"},"canonical":"https:\/\/stagpartynight.com\/es\/product\/barco-al-atardecer-ibiza\/","og_locale":"es_ES","og_type":"article","og_title":"Barco al Atardecer Ibiza","og_description":"Barco al atardecer en Ibiza. Incluye bebidas ilimitadas, equipo para deportes acu\u00e1ticos y tres paradas. Experiencia \u00fanica Espa\u00f1a","og_url":"https:\/\/stagpartynight.com\/es\/product\/barco-al-atardecer-ibiza\/","og_site_name":"Despedida de Soltero","article_modified_time":"2024-01-19T12:40:32+00:00","og_image":[{"width":2016,"height":1512,"url":"https:\/\/stagpartynight.com\/es\/wp-content\/uploads\/sites\/2\/2023\/12\/Barco-al-Atardecer-Ibiza.jpg","type":"image\/jpeg"}],"twitter_card":"summary_large_image","twitter_misc":{"Tiempo de lectura":"2 minutos"},"schema":{"@context":"https:\/\/schema.org","@graph":[{"@type":"WebPage","@id":"https:\/\/stagpartynight.com\/es\/product\/barco-al-atardecer-ibiza\/","url":"https:\/\/stagpartynight.com\/es\/product\/barco-al-atardecer-ibiza\/","name":"Barco al Atardecer Ibiza","isPartOf":{"@id":"https:\/\/stagpartynight.com\/es\/#website"},"primaryImageOfPage":{"@id":"https:\/\/stagpartynight.com\/es\/product\/barco-al-atardecer-ibiza\/#primaryimage"},"image":{"@id":"https:\/\/stagpartynight.com\/es\/product\/barco-al-atardecer-ibiza\/#primaryimage"},"thumbnailUrl":"https:\/\/stagpartynight.com\/es\/wp-content\/uploads\/sites\/2\/2023\/12\/Barco-al-Atardecer-Ibiza.jpg","datePublished":"2023-12-21T10:13:07+00:00","dateModified":"2024-01-19T12:40:32+00:00","description":"Barco al atardecer en Ibiza. Incluye bebidas ilimitadas, equipo para deportes acu\u00e1ticos y tres paradas. Experiencia \u00fanica Espa\u00f1a","breadcrumb":{"@id":"https:\/\/stagpartynight.com\/es\/product\/barco-al-atardecer-ibiza\/#breadcrumb"},"inLanguage":"es","potentialAction":[{"@type":"ReadAction","target":["https:\/\/stagpartynight.com\/es\/product\/barco-al-atardecer-ibiza\/"]}]},{"@type":"ImageObject","inLanguage":"es","@id":"https:\/\/stagpartynight.com\/es\/product\/barco-al-atardecer-ibiza\/#primaryimage","url":"https:\/\/stagpartynight.com\/es\/wp-content\/uploads\/sites\/2\/2023\/12\/Barco-al-Atardecer-Ibiza.jpg","contentUrl":"https:\/\/stagpartynight.com\/es\/wp-content\/uploads\/sites\/2\/2023\/12\/Barco-al-Atardecer-Ibiza.jpg","width":2016,"height":1512,"caption":"Barco al Atardecer Ibiza"},{"@type":"BreadcrumbList","@id":"https:\/\/stagpartynight.com\/es\/product\/barco-al-atardecer-ibiza\/#breadcrumb","itemListElement":[{"@type":"ListItem","position":1,"name":"Home","item":"https:\/\/stagpartynight.com\/es\/"},{"@type":"ListItem","position":2,"name":"Tienda","item":"https:\/\/stagpartynight.com\/es\/tienda\/"},{"@type":"ListItem","position":3,"name":"Barco al Atardecer Ibiza"}]},{"@type":"WebSite","@id":"https:\/\/stagpartynight.com\/es\/#website","url":"https:\/\/stagpartynight.com\/es\/","name":"Stag Party Night","description":"Your Stag Party Customized","publisher":{"@id":"https:\/\/stagpartynight.com\/es\/#organization"},"potentialAction":[{"@type":"SearchAction","target":{"@type":"EntryPoint","urlTemplate":"https:\/\/stagpartynight.com\/es\/?s={search_term_string}"},"query-input":{"@type":"PropertyValueSpecification","valueRequired":true,"valueName":"search_term_string"}}],"inLanguage":"es"},{"@type":"Organization","@id":"https:\/\/stagpartynight.com\/es\/#organization","name":"Stag Party Night","url":"https:\/\/stagpartynight.com\/es\/","logo":{"@type":"ImageObject","inLanguage":"es","@id":"https:\/\/stagpartynight.com\/es\/#\/schema\/logo\/image\/","url":"https:\/\/stagpartynight.com\/es\/wp-content\/uploads\/sites\/2\/2019\/12\/stagpartynight-e1578565505687.png","contentUrl":"https:\/\/stagpartynight.com\/es\/wp-content\/uploads\/sites\/2\/2019\/12\/stagpartynight-e1578565505687.png","width":400,"height":400,"caption":"Stag Party Night"},"image":{"@id":"https:\/\/stagpartynight.com\/es\/#\/schema\/logo\/image\/"}}]}},"_links":{"self":[{"href":"https:\/\/stagpartynight.com\/es\/wp-json\/wp\/v2\/product\/2661","targetHints":{"allow":["GET"]}}],"collection":[{"href":"https:\/\/stagpartynight.com\/es\/wp-json\/wp\/v2\/product"}],"about":[{"href":"https:\/\/stagpartynight.com\/es\/wp-json\/wp\/v2\/types\/product"}],"replies":[{"embeddable":true,"href":"https:\/\/stagpartynight.com\/es\/wp-json\/wp\/v2\/comments?post=2661"}],"wp:featuredmedia":[{"embeddable":true,"href":"https:\/\/stagpartynight.com\/es\/wp-json\/wp\/v2\/media\/3766"}],"wp:attachment":[{"href":"https:\/\/stagpartynight.com\/es\/wp-json\/wp\/v2\/media?parent=2661"}],"wp:term":[{"taxonomy":"product_brand","embeddable":true,"href":"https:\/\/stagpartynight.com\/es\/wp-json\/wp\/v2\/product_brand?post=2661"},{"taxonomy":"product_cat","embeddable":true,"href":"https:\/\/stagpartynight.com\/es\/wp-json\/wp\/v2\/product_cat?post=2661"},{"taxonomy":"product_tag","embeddable":true,"href":"https:\/\/stagpartynight.com\/es\/wp-json\/wp\/v2\/product_tag?post=2661"}],"curies":[{"name":"wp","href":"https:\/\/api.w.org\/{rel}","templated":true}]}}