{"id":2670,"date":"2023-12-22T11:25:15","date_gmt":"2023-12-22T10:25:15","guid":{"rendered":"https:\/\/stagpartynight.com\/fr\/?post_type=product&#038;p=2670"},"modified":"2024-01-19T13:01:16","modified_gmt":"2024-01-19T12:01:16","slug":"paddle-surf-sup-ibiza","status":"publish","type":"product","link":"https:\/\/stagpartynight.com\/es\/product\/paddle-surf-sup-ibiza\/","title":{"rendered":"Paddle Surf SUP Ibiza"},"content":{"rendered":"<div>Paddle Surf SUP Ibiza. Descubre el lado m\u00e1s natural de la isla durante una hora. S\u00f3lo alquiler, esto no es un tour, vas por tu cuenta.<\/div>\n<div><\/div>\n<div>Las mejores despedidas de soltero con <a href=\"https:\/\/stagpartynight.com\/\">StagParty<\/a>!<\/div>\n<div><\/div>\n<h2 style=\"text-align: center;\">Paddle Surf SUP Ibiza<\/h2>\n<h4>\ud83c\udfc4\u200d\u2642\ufe0f Aventura Stand-Up Paddle (SUP) en Ibiza: \u00a1Explora las aguas cristalinas con total libertad!<\/h4>\n<div><\/div>\n<div>\ud83c\udf0a Descubre la magia de las aguas cristalinas de Ibiza con nuestro alquiler de Stand-Up Paddle (SUP), una aventura sin l\u00edmites. Te imaginas algo mejor que flotar por las aguas de Ibiza con total libertad?<\/div>\n<div><\/div>\n<div>\ud83c\udfdd\ufe0f Durante una hora, s\u00fabete a tu tabla y navega a tu ritmo por las joyas acu\u00e1ticas de la isla.<\/div>\n<div><\/div>\n<div>\ud83d\udc4c Incluyendo todo el equipo necesario, nuestra oferta te garantiza una experiencia de paddleboarding sin complicaciones.<\/div>\n<div><\/div>\n<div>\ud83c\udf05 Disfruta del amanecer o del atardecer, con el relajante sonido de las olas bajo tu tabla.<\/div>\n<div><\/div>\n<div>\ud83e\udd3f Sum\u00e9rgete en calas solitarias, explora rincones escondidos y siente la libertad total del paddleboarding en Ibiza.<\/div>\n<div><\/div>\n<div>\ud83c\udf1e Admira la belleza natural mientras trabajas tu equilibrio y te relajas en las aguas del Mediterr\u00e1neo.<\/div>\n<div><\/div>\n<div>\ud83c\udf34 Reserva ya tu alquiler de SUP en Ibiza, creando recuerdos inolvidables en los mares mediterr\u00e1neos.<\/div>\n<div><\/div>\n<div>\ud83c\udf0a Navega m\u00e1s all\u00e1 de las concurridas playas, descubre zonas solitarias y vive una aventura con total independencia.<\/div>\n<div><\/div>\n<div>\ud83c\udfc4\u200d\u2642\ufe0f Tanto si eres principiante como experimentado, el SUP en Ibiza te ofrece una experiencia \u00fanica, una fusi\u00f3n perfecta de relajaci\u00f3n y deporte.<\/div>\n<div>\n<div><\/div>\n<div>\ud83d\udca6 \u00a1Despierta al aventurero que llevas dentro, alquila tu tabla de paddle y sum\u00e9rgete en una aventura acu\u00e1tica \u00fanica en <a href=\"https:\/\/es.wikipedia.org\/wiki\/Ibiza\">Ibiza<\/a>! \ud83d\udea3\u200d\u2642\ufe0f<\/div>\n<\/div>\n","protected":false},"excerpt":{"rendered":"<p>Paddle Surf SUP Ibiza. Descubre el lado m\u00e1s natural de la isla durante una hora. S\u00f3lo alquiler, esto no es un tour, vas por tu cuenta.<\/p>\n","protected":false},"featured_media":3757,"comment_status":"open","ping_status":"closed","template":"","meta":{"_et_pb_use_builder":"","_et_pb_old_content":"","_et_gb_content_width":""},"product_brand":[],"product_cat":[113,1313],"product_tag":[],"class_list":{"0":"post-2670","1":"product","2":"type-product","3":"status-publish","4":"has-post-thumbnail","6":"product_cat-ibiza","7":"product_cat-uncategorised","9":"first","10":"instock","11":"shipping-taxable","12":"product-type-simple"},"yoast_head":"<!-- This site is optimized with the Yoast SEO plugin v26.4 - https:\/\/yoast.com\/wordpress\/plugins\/seo\/ -->\n<title>Paddle Surf SUP Ibiza<\/title>\n<meta name=\"description\" content=\"Paddle Surf SUP Ibiza. Descubre el lado m\u00e1s natural de la isla durante una hora. S\u00f3lo alquiler, esto no es un tour, vas por tu cuenta.\" \/>\n<meta name=\"robots\" content=\"index, follow, max-snippet:-1, max-image-preview:large, max-video-preview:-1\" \/>\n<link rel=\"canonical\" href=\"https:\/\/stagpartynight.com\/es\/product\/paddle-surf-sup-ibiza\/\" \/>\n<meta property=\"og:locale\" content=\"es_ES\" \/>\n<meta property=\"og:type\" content=\"article\" \/>\n<meta property=\"og:title\" content=\"Paddle Surf SUP Ibiza\" \/>\n<meta property=\"og:description\" content=\"Paddle Surf SUP Ibiza. Descubre el lado m\u00e1s natural de la isla durante una hora. S\u00f3lo alquiler, esto no es un tour, vas por tu cuenta.\" \/>\n<meta property=\"og:url\" content=\"https:\/\/stagpartynight.com\/es\/product\/paddle-surf-sup-ibiza\/\" \/>\n<meta property=\"og:site_name\" content=\"Despedida de Soltero\" \/>\n<meta property=\"article:modified_time\" content=\"2024-01-19T12:01:16+00:00\" \/>\n<meta property=\"og:image\" content=\"https:\/\/stagpartynight.com\/es\/wp-content\/uploads\/sites\/2\/2023\/12\/Paddle-Surf-SUP-Ibiza.jpg\" \/>\n\t<meta property=\"og:image:width\" content=\"576\" \/>\n\t<meta property=\"og:image:height\" content=\"1024\" \/>\n\t<meta property=\"og:image:type\" content=\"image\/jpeg\" \/>\n<meta name=\"twitter:card\" content=\"summary_large_image\" \/>\n<meta name=\"twitter:label1\" content=\"Tiempo de lectura\" \/>\n\t<meta name=\"twitter:data1\" content=\"2 minutos\" \/>\n<script type=\"application\/ld+json\" class=\"yoast-schema-graph\">{\"@context\":\"https:\/\/schema.org\",\"@graph\":[{\"@type\":\"WebPage\",\"@id\":\"https:\/\/stagpartynight.com\/es\/product\/paddle-surf-sup-ibiza\/\",\"url\":\"https:\/\/stagpartynight.com\/es\/product\/paddle-surf-sup-ibiza\/\",\"name\":\"Paddle Surf SUP Ibiza\",\"isPartOf\":{\"@id\":\"https:\/\/stagpartynight.com\/es\/#website\"},\"primaryImageOfPage\":{\"@id\":\"https:\/\/stagpartynight.com\/es\/product\/paddle-surf-sup-ibiza\/#primaryimage\"},\"image\":{\"@id\":\"https:\/\/stagpartynight.com\/es\/product\/paddle-surf-sup-ibiza\/#primaryimage\"},\"thumbnailUrl\":\"https:\/\/stagpartynight.com\/es\/wp-content\/uploads\/sites\/2\/2023\/12\/Paddle-Surf-SUP-Ibiza.jpg\",\"datePublished\":\"2023-12-22T10:25:15+00:00\",\"dateModified\":\"2024-01-19T12:01:16+00:00\",\"description\":\"Paddle Surf SUP Ibiza. Descubre el lado m\u00e1s natural de la isla durante una hora. S\u00f3lo alquiler, esto no es un tour, vas por tu cuenta.\",\"breadcrumb\":{\"@id\":\"https:\/\/stagpartynight.com\/es\/product\/paddle-surf-sup-ibiza\/#breadcrumb\"},\"inLanguage\":\"es\",\"potentialAction\":[{\"@type\":\"ReadAction\",\"target\":[\"https:\/\/stagpartynight.com\/es\/product\/paddle-surf-sup-ibiza\/\"]}]},{\"@type\":\"ImageObject\",\"inLanguage\":\"es\",\"@id\":\"https:\/\/stagpartynight.com\/es\/product\/paddle-surf-sup-ibiza\/#primaryimage\",\"url\":\"https:\/\/stagpartynight.com\/es\/wp-content\/uploads\/sites\/2\/2023\/12\/Paddle-Surf-SUP-Ibiza.jpg\",\"contentUrl\":\"https:\/\/stagpartynight.com\/es\/wp-content\/uploads\/sites\/2\/2023\/12\/Paddle-Surf-SUP-Ibiza.jpg\",\"width\":576,\"height\":1024,\"caption\":\"Paddle Surf SUP Ibiza\"},{\"@type\":\"BreadcrumbList\",\"@id\":\"https:\/\/stagpartynight.com\/es\/product\/paddle-surf-sup-ibiza\/#breadcrumb\",\"itemListElement\":[{\"@type\":\"ListItem\",\"position\":1,\"name\":\"Home\",\"item\":\"https:\/\/stagpartynight.com\/es\/\"},{\"@type\":\"ListItem\",\"position\":2,\"name\":\"Tienda\",\"item\":\"https:\/\/stagpartynight.com\/es\/tienda\/\"},{\"@type\":\"ListItem\",\"position\":3,\"name\":\"Paddle Surf SUP Ibiza\"}]},{\"@type\":\"WebSite\",\"@id\":\"https:\/\/stagpartynight.com\/es\/#website\",\"url\":\"https:\/\/stagpartynight.com\/es\/\",\"name\":\"Stag Party Night\",\"description\":\"Your Stag Party Customized\",\"publisher\":{\"@id\":\"https:\/\/stagpartynight.com\/es\/#organization\"},\"potentialAction\":[{\"@type\":\"SearchAction\",\"target\":{\"@type\":\"EntryPoint\",\"urlTemplate\":\"https:\/\/stagpartynight.com\/es\/?s={search_term_string}\"},\"query-input\":{\"@type\":\"PropertyValueSpecification\",\"valueRequired\":true,\"valueName\":\"search_term_string\"}}],\"inLanguage\":\"es\"},{\"@type\":\"Organization\",\"@id\":\"https:\/\/stagpartynight.com\/es\/#organization\",\"name\":\"Stag Party Night\",\"url\":\"https:\/\/stagpartynight.com\/es\/\",\"logo\":{\"@type\":\"ImageObject\",\"inLanguage\":\"es\",\"@id\":\"https:\/\/stagpartynight.com\/es\/#\/schema\/logo\/image\/\",\"url\":\"https:\/\/stagpartynight.com\/es\/wp-content\/uploads\/sites\/2\/2019\/12\/stagpartynight-e1578565505687.png\",\"contentUrl\":\"https:\/\/stagpartynight.com\/es\/wp-content\/uploads\/sites\/2\/2019\/12\/stagpartynight-e1578565505687.png\",\"width\":400,\"height\":400,\"caption\":\"Stag Party Night\"},\"image\":{\"@id\":\"https:\/\/stagpartynight.com\/es\/#\/schema\/logo\/image\/\"}}]}<\/script>\n<!-- \/ Yoast SEO plugin. -->","yoast_head_json":{"title":"Paddle Surf SUP Ibiza","description":"Paddle Surf SUP Ibiza. Descubre el lado m\u00e1s natural de la isla durante una hora. S\u00f3lo alquiler, esto no es un tour, vas por tu cuenta.","robots":{"index":"index","follow":"follow","max-snippet":"max-snippet:-1","max-image-preview":"max-image-preview:large","max-video-preview":"max-video-preview:-1"},"canonical":"https:\/\/stagpartynight.com\/es\/product\/paddle-surf-sup-ibiza\/","og_locale":"es_ES","og_type":"article","og_title":"Paddle Surf SUP Ibiza","og_description":"Paddle Surf SUP Ibiza. Descubre el lado m\u00e1s natural de la isla durante una hora. S\u00f3lo alquiler, esto no es un tour, vas por tu cuenta.","og_url":"https:\/\/stagpartynight.com\/es\/product\/paddle-surf-sup-ibiza\/","og_site_name":"Despedida de Soltero","article_modified_time":"2024-01-19T12:01:16+00:00","og_image":[{"width":576,"height":1024,"url":"https:\/\/stagpartynight.com\/es\/wp-content\/uploads\/sites\/2\/2023\/12\/Paddle-Surf-SUP-Ibiza.jpg","type":"image\/jpeg"}],"twitter_card":"summary_large_image","twitter_misc":{"Tiempo de lectura":"2 minutos"},"schema":{"@context":"https:\/\/schema.org","@graph":[{"@type":"WebPage","@id":"https:\/\/stagpartynight.com\/es\/product\/paddle-surf-sup-ibiza\/","url":"https:\/\/stagpartynight.com\/es\/product\/paddle-surf-sup-ibiza\/","name":"Paddle Surf SUP Ibiza","isPartOf":{"@id":"https:\/\/stagpartynight.com\/es\/#website"},"primaryImageOfPage":{"@id":"https:\/\/stagpartynight.com\/es\/product\/paddle-surf-sup-ibiza\/#primaryimage"},"image":{"@id":"https:\/\/stagpartynight.com\/es\/product\/paddle-surf-sup-ibiza\/#primaryimage"},"thumbnailUrl":"https:\/\/stagpartynight.com\/es\/wp-content\/uploads\/sites\/2\/2023\/12\/Paddle-Surf-SUP-Ibiza.jpg","datePublished":"2023-12-22T10:25:15+00:00","dateModified":"2024-01-19T12:01:16+00:00","description":"Paddle Surf SUP Ibiza. Descubre el lado m\u00e1s natural de la isla durante una hora. S\u00f3lo alquiler, esto no es un tour, vas por tu cuenta.","breadcrumb":{"@id":"https:\/\/stagpartynight.com\/es\/product\/paddle-surf-sup-ibiza\/#breadcrumb"},"inLanguage":"es","potentialAction":[{"@type":"ReadAction","target":["https:\/\/stagpartynight.com\/es\/product\/paddle-surf-sup-ibiza\/"]}]},{"@type":"ImageObject","inLanguage":"es","@id":"https:\/\/stagpartynight.com\/es\/product\/paddle-surf-sup-ibiza\/#primaryimage","url":"https:\/\/stagpartynight.com\/es\/wp-content\/uploads\/sites\/2\/2023\/12\/Paddle-Surf-SUP-Ibiza.jpg","contentUrl":"https:\/\/stagpartynight.com\/es\/wp-content\/uploads\/sites\/2\/2023\/12\/Paddle-Surf-SUP-Ibiza.jpg","width":576,"height":1024,"caption":"Paddle Surf SUP Ibiza"},{"@type":"BreadcrumbList","@id":"https:\/\/stagpartynight.com\/es\/product\/paddle-surf-sup-ibiza\/#breadcrumb","itemListElement":[{"@type":"ListItem","position":1,"name":"Home","item":"https:\/\/stagpartynight.com\/es\/"},{"@type":"ListItem","position":2,"name":"Tienda","item":"https:\/\/stagpartynight.com\/es\/tienda\/"},{"@type":"ListItem","position":3,"name":"Paddle Surf SUP Ibiza"}]},{"@type":"WebSite","@id":"https:\/\/stagpartynight.com\/es\/#website","url":"https:\/\/stagpartynight.com\/es\/","name":"Stag Party Night","description":"Your Stag Party Customized","publisher":{"@id":"https:\/\/stagpartynight.com\/es\/#organization"},"potentialAction":[{"@type":"SearchAction","target":{"@type":"EntryPoint","urlTemplate":"https:\/\/stagpartynight.com\/es\/?s={search_term_string}"},"query-input":{"@type":"PropertyValueSpecification","valueRequired":true,"valueName":"search_term_string"}}],"inLanguage":"es"},{"@type":"Organization","@id":"https:\/\/stagpartynight.com\/es\/#organization","name":"Stag Party Night","url":"https:\/\/stagpartynight.com\/es\/","logo":{"@type":"ImageObject","inLanguage":"es","@id":"https:\/\/stagpartynight.com\/es\/#\/schema\/logo\/image\/","url":"https:\/\/stagpartynight.com\/es\/wp-content\/uploads\/sites\/2\/2019\/12\/stagpartynight-e1578565505687.png","contentUrl":"https:\/\/stagpartynight.com\/es\/wp-content\/uploads\/sites\/2\/2019\/12\/stagpartynight-e1578565505687.png","width":400,"height":400,"caption":"Stag Party Night"},"image":{"@id":"https:\/\/stagpartynight.com\/es\/#\/schema\/logo\/image\/"}}]}},"_links":{"self":[{"href":"https:\/\/stagpartynight.com\/es\/wp-json\/wp\/v2\/product\/2670","targetHints":{"allow":["GET"]}}],"collection":[{"href":"https:\/\/stagpartynight.com\/es\/wp-json\/wp\/v2\/product"}],"about":[{"href":"https:\/\/stagpartynight.com\/es\/wp-json\/wp\/v2\/types\/product"}],"replies":[{"embeddable":true,"href":"https:\/\/stagpartynight.com\/es\/wp-json\/wp\/v2\/comments?post=2670"}],"wp:featuredmedia":[{"embeddable":true,"href":"https:\/\/stagpartynight.com\/es\/wp-json\/wp\/v2\/media\/3757"}],"wp:attachment":[{"href":"https:\/\/stagpartynight.com\/es\/wp-json\/wp\/v2\/media?parent=2670"}],"wp:term":[{"taxonomy":"product_brand","embeddable":true,"href":"https:\/\/stagpartynight.com\/es\/wp-json\/wp\/v2\/product_brand?post=2670"},{"taxonomy":"product_cat","embeddable":true,"href":"https:\/\/stagpartynight.com\/es\/wp-json\/wp\/v2\/product_cat?post=2670"},{"taxonomy":"product_tag","embeddable":true,"href":"https:\/\/stagpartynight.com\/es\/wp-json\/wp\/v2\/product_tag?post=2670"}],"curies":[{"name":"wp","href":"https:\/\/api.w.org\/{rel}","templated":true}]}}