{"id":2672,"date":"2023-12-22T11:32:30","date_gmt":"2023-12-22T10:32:30","guid":{"rendered":"https:\/\/stagpartynight.com\/fr\/?post_type=product&#038;p=2672"},"modified":"2024-04-19T11:04:54","modified_gmt":"2024-04-19T09:04:54","slug":"paddle-sup-tour-ibiza","status":"publish","type":"product","link":"https:\/\/stagpartynight.com\/es\/product\/paddle-sup-tour-ibiza\/","title":{"rendered":"Paddle Surf Tour Ibiza"},"content":{"rendered":"<div>Paddle Surf Tour Ibiza. Disfruta del paddle surf con un gu\u00eda que te ense\u00f1ar\u00e1 los rincones m\u00e1s bonitos de la isla durante dos horas.<\/div>\n<div><\/div>\n<div>Las mejores despedidas de soltero con <a href=\"https:\/\/stagpartynight.com\/\">StagParty<\/a><\/div>\n<div><\/div>\n<h2 style=\"text-align: center;\">Paddle Surf Tour Ibiza<\/h2>\n<h4>\ud83c\udfc4\u200d\u2642\ufe0f Aventura SUP en Ibiza: \u00a1Explora las brillantes aguas de la isla en un Paddle Surf!<\/h4>\n<div>\ud83c\udf0a Emb\u00e1rcate en una aventura inolvidable con nuestro SUP Tour en Ibiza, una experiencia de paddle surf con todo incluido.<\/div>\n<div><\/div>\n<div>\ud83c\udfdd\ufe0f Durante dos horas, navega encima de tu tabla, explorando las aguas cristalinas de la isla blanca.<\/div>\n<div><\/div>\n<div>\ud83c\udf05 Explora calas solitarias, ad\u00e9ntrate en cuevas misteriosas y siente la magia de los paisajes costeros de Ibiza.<\/div>\n<div><\/div>\n<div>\ud83e\udd3f Entra en acci\u00f3n con las sesiones de snorkel, descubriendo la fascinante vida marina submarina.<\/div>\n<div><\/div>\n<div>\ud83d\udea4 Disfruta de saltos de adrenalina desde alturas impresionantes, a\u00f1adiendo una dosis de aventura a tu excursi\u00f3n.<\/div>\n<div><\/div>\n<div>\ud83c\udf1e Admira las vistas panor\u00e1micas, siente la brisa marina y experimenta el equilibrio perfecto entre relax y aventura.<\/div>\n<div><\/div>\n<div>\ud83c\udf34 Nuestro tour incluye todo el equipo necesario, asegurando una experiencia sin preocupaciones en el coraz\u00f3n del Mediterr\u00e1neo.<\/div>\n<div><\/div>\n<div>\ud83d\udc6b Tanto si eres principiante como experto, nuestro experimentado gu\u00eda te acompa\u00f1ar\u00e1, asegurando una experiencia apta para todos.<\/div>\n<div><\/div>\n<div>\ud83c\udf0a Reserva tu Tour ahora y descubre una faceta \u00fanica de la isla a trav\u00e9s de una inmersiva aventura acu\u00e1tica.<\/div>\n<div><\/div>\n<div>\n<div>\ud83c\udfc4\u200d\u2642\ufe0f \u00a1Vive la emoci\u00f3n del paddleboarding, sum\u00e9rgete en las aguas turquesas y crea recuerdos inolvidables en esta exclusiva excursi\u00f3n por <a href=\"https:\/\/es.wikipedia.org\/wiki\/Ibiza\">Ibiza<\/a>! \ud83d\udea3\u200d\u2642\ufe0f<\/div>\n<\/div>\n","protected":false},"excerpt":{"rendered":"<p>Paddle Surf SUP Tour Ibiza. Disfruta del paddle surf con un gu\u00eda que te ense\u00f1ar\u00e1 los rincones m\u00e1s bonitos de la isla durante dos horas.<\/p>\n","protected":false},"featured_media":3755,"comment_status":"open","ping_status":"closed","template":"","meta":{"_et_pb_use_builder":"","_et_pb_old_content":"","_et_gb_content_width":""},"product_brand":[],"product_cat":[113,1313],"product_tag":[],"class_list":{"0":"post-2672","1":"product","2":"type-product","3":"status-publish","4":"has-post-thumbnail","6":"product_cat-ibiza","7":"product_cat-uncategorised","9":"first","10":"instock","11":"shipping-taxable","12":"product-type-simple"},"yoast_head":"<!-- This site is optimized with the Yoast SEO plugin v26.4 - https:\/\/yoast.com\/wordpress\/plugins\/seo\/ -->\n<title>Paddle Surf Tour Ibiza<\/title>\n<meta name=\"description\" content=\"Paddle Surf Tour Ibiza. Disfruta del paddle surf con un gu\u00eda que te ense\u00f1ar\u00e1 los rincones m\u00e1s bonitos de la isla durante dos horas.\" \/>\n<meta name=\"robots\" content=\"index, follow, max-snippet:-1, max-image-preview:large, max-video-preview:-1\" \/>\n<link rel=\"canonical\" href=\"https:\/\/stagpartynight.com\/es\/product\/paddle-sup-tour-ibiza\/\" \/>\n<meta property=\"og:locale\" content=\"es_ES\" \/>\n<meta property=\"og:type\" content=\"article\" \/>\n<meta property=\"og:title\" content=\"Paddle Surf Tour Ibiza\" \/>\n<meta property=\"og:description\" content=\"Paddle Surf Tour Ibiza. Disfruta del paddle surf con un gu\u00eda que te ense\u00f1ar\u00e1 los rincones m\u00e1s bonitos de la isla durante dos horas.\" \/>\n<meta property=\"og:url\" content=\"https:\/\/stagpartynight.com\/es\/product\/paddle-sup-tour-ibiza\/\" \/>\n<meta property=\"og:site_name\" content=\"Despedida de Soltero\" \/>\n<meta property=\"article:modified_time\" content=\"2024-04-19T09:04:54+00:00\" \/>\n<meta property=\"og:image\" content=\"https:\/\/stagpartynight.com\/es\/wp-content\/uploads\/sites\/2\/2023\/12\/Paddle-Surf-SUP-Tour-Ibiza.png\" \/>\n\t<meta property=\"og:image:width\" content=\"520\" \/>\n\t<meta property=\"og:image:height\" content=\"320\" \/>\n\t<meta property=\"og:image:type\" content=\"image\/png\" \/>\n<meta name=\"twitter:card\" content=\"summary_large_image\" \/>\n<meta name=\"twitter:label1\" content=\"Tiempo de lectura\" \/>\n\t<meta name=\"twitter:data1\" content=\"2 minutos\" \/>\n<script type=\"application\/ld+json\" class=\"yoast-schema-graph\">{\"@context\":\"https:\/\/schema.org\",\"@graph\":[{\"@type\":\"WebPage\",\"@id\":\"https:\/\/stagpartynight.com\/es\/product\/paddle-sup-tour-ibiza\/\",\"url\":\"https:\/\/stagpartynight.com\/es\/product\/paddle-sup-tour-ibiza\/\",\"name\":\"Paddle Surf Tour Ibiza\",\"isPartOf\":{\"@id\":\"https:\/\/stagpartynight.com\/es\/#website\"},\"primaryImageOfPage\":{\"@id\":\"https:\/\/stagpartynight.com\/es\/product\/paddle-sup-tour-ibiza\/#primaryimage\"},\"image\":{\"@id\":\"https:\/\/stagpartynight.com\/es\/product\/paddle-sup-tour-ibiza\/#primaryimage\"},\"thumbnailUrl\":\"https:\/\/stagpartynight.com\/es\/wp-content\/uploads\/sites\/2\/2023\/12\/Paddle-Surf-SUP-Tour-Ibiza.png\",\"datePublished\":\"2023-12-22T10:32:30+00:00\",\"dateModified\":\"2024-04-19T09:04:54+00:00\",\"description\":\"Paddle Surf Tour Ibiza. Disfruta del paddle surf con un gu\u00eda que te ense\u00f1ar\u00e1 los rincones m\u00e1s bonitos de la isla durante dos horas.\",\"breadcrumb\":{\"@id\":\"https:\/\/stagpartynight.com\/es\/product\/paddle-sup-tour-ibiza\/#breadcrumb\"},\"inLanguage\":\"es\",\"potentialAction\":[{\"@type\":\"ReadAction\",\"target\":[\"https:\/\/stagpartynight.com\/es\/product\/paddle-sup-tour-ibiza\/\"]}]},{\"@type\":\"ImageObject\",\"inLanguage\":\"es\",\"@id\":\"https:\/\/stagpartynight.com\/es\/product\/paddle-sup-tour-ibiza\/#primaryimage\",\"url\":\"https:\/\/stagpartynight.com\/es\/wp-content\/uploads\/sites\/2\/2023\/12\/Paddle-Surf-SUP-Tour-Ibiza.png\",\"contentUrl\":\"https:\/\/stagpartynight.com\/es\/wp-content\/uploads\/sites\/2\/2023\/12\/Paddle-Surf-SUP-Tour-Ibiza.png\",\"width\":520,\"height\":320,\"caption\":\"Paddle Surf SUP Tour Ibiza\"},{\"@type\":\"BreadcrumbList\",\"@id\":\"https:\/\/stagpartynight.com\/es\/product\/paddle-sup-tour-ibiza\/#breadcrumb\",\"itemListElement\":[{\"@type\":\"ListItem\",\"position\":1,\"name\":\"Home\",\"item\":\"https:\/\/stagpartynight.com\/es\/\"},{\"@type\":\"ListItem\",\"position\":2,\"name\":\"Tienda\",\"item\":\"https:\/\/stagpartynight.com\/es\/tienda\/\"},{\"@type\":\"ListItem\",\"position\":3,\"name\":\"Paddle Surf Tour Ibiza\"}]},{\"@type\":\"WebSite\",\"@id\":\"https:\/\/stagpartynight.com\/es\/#website\",\"url\":\"https:\/\/stagpartynight.com\/es\/\",\"name\":\"Stag Party Night\",\"description\":\"Your Stag Party Customized\",\"publisher\":{\"@id\":\"https:\/\/stagpartynight.com\/es\/#organization\"},\"potentialAction\":[{\"@type\":\"SearchAction\",\"target\":{\"@type\":\"EntryPoint\",\"urlTemplate\":\"https:\/\/stagpartynight.com\/es\/?s={search_term_string}\"},\"query-input\":{\"@type\":\"PropertyValueSpecification\",\"valueRequired\":true,\"valueName\":\"search_term_string\"}}],\"inLanguage\":\"es\"},{\"@type\":\"Organization\",\"@id\":\"https:\/\/stagpartynight.com\/es\/#organization\",\"name\":\"Stag Party Night\",\"url\":\"https:\/\/stagpartynight.com\/es\/\",\"logo\":{\"@type\":\"ImageObject\",\"inLanguage\":\"es\",\"@id\":\"https:\/\/stagpartynight.com\/es\/#\/schema\/logo\/image\/\",\"url\":\"https:\/\/stagpartynight.com\/es\/wp-content\/uploads\/sites\/2\/2019\/12\/stagpartynight-e1578565505687.png\",\"contentUrl\":\"https:\/\/stagpartynight.com\/es\/wp-content\/uploads\/sites\/2\/2019\/12\/stagpartynight-e1578565505687.png\",\"width\":400,\"height\":400,\"caption\":\"Stag Party Night\"},\"image\":{\"@id\":\"https:\/\/stagpartynight.com\/es\/#\/schema\/logo\/image\/\"}}]}<\/script>\n<!-- \/ Yoast SEO plugin. -->","yoast_head_json":{"title":"Paddle Surf Tour Ibiza","description":"Paddle Surf Tour Ibiza. Disfruta del paddle surf con un gu\u00eda que te ense\u00f1ar\u00e1 los rincones m\u00e1s bonitos de la isla durante dos horas.","robots":{"index":"index","follow":"follow","max-snippet":"max-snippet:-1","max-image-preview":"max-image-preview:large","max-video-preview":"max-video-preview:-1"},"canonical":"https:\/\/stagpartynight.com\/es\/product\/paddle-sup-tour-ibiza\/","og_locale":"es_ES","og_type":"article","og_title":"Paddle Surf Tour Ibiza","og_description":"Paddle Surf Tour Ibiza. Disfruta del paddle surf con un gu\u00eda que te ense\u00f1ar\u00e1 los rincones m\u00e1s bonitos de la isla durante dos horas.","og_url":"https:\/\/stagpartynight.com\/es\/product\/paddle-sup-tour-ibiza\/","og_site_name":"Despedida de Soltero","article_modified_time":"2024-04-19T09:04:54+00:00","og_image":[{"width":520,"height":320,"url":"https:\/\/stagpartynight.com\/es\/wp-content\/uploads\/sites\/2\/2023\/12\/Paddle-Surf-SUP-Tour-Ibiza.png","type":"image\/png"}],"twitter_card":"summary_large_image","twitter_misc":{"Tiempo de lectura":"2 minutos"},"schema":{"@context":"https:\/\/schema.org","@graph":[{"@type":"WebPage","@id":"https:\/\/stagpartynight.com\/es\/product\/paddle-sup-tour-ibiza\/","url":"https:\/\/stagpartynight.com\/es\/product\/paddle-sup-tour-ibiza\/","name":"Paddle Surf Tour Ibiza","isPartOf":{"@id":"https:\/\/stagpartynight.com\/es\/#website"},"primaryImageOfPage":{"@id":"https:\/\/stagpartynight.com\/es\/product\/paddle-sup-tour-ibiza\/#primaryimage"},"image":{"@id":"https:\/\/stagpartynight.com\/es\/product\/paddle-sup-tour-ibiza\/#primaryimage"},"thumbnailUrl":"https:\/\/stagpartynight.com\/es\/wp-content\/uploads\/sites\/2\/2023\/12\/Paddle-Surf-SUP-Tour-Ibiza.png","datePublished":"2023-12-22T10:32:30+00:00","dateModified":"2024-04-19T09:04:54+00:00","description":"Paddle Surf Tour Ibiza. Disfruta del paddle surf con un gu\u00eda que te ense\u00f1ar\u00e1 los rincones m\u00e1s bonitos de la isla durante dos horas.","breadcrumb":{"@id":"https:\/\/stagpartynight.com\/es\/product\/paddle-sup-tour-ibiza\/#breadcrumb"},"inLanguage":"es","potentialAction":[{"@type":"ReadAction","target":["https:\/\/stagpartynight.com\/es\/product\/paddle-sup-tour-ibiza\/"]}]},{"@type":"ImageObject","inLanguage":"es","@id":"https:\/\/stagpartynight.com\/es\/product\/paddle-sup-tour-ibiza\/#primaryimage","url":"https:\/\/stagpartynight.com\/es\/wp-content\/uploads\/sites\/2\/2023\/12\/Paddle-Surf-SUP-Tour-Ibiza.png","contentUrl":"https:\/\/stagpartynight.com\/es\/wp-content\/uploads\/sites\/2\/2023\/12\/Paddle-Surf-SUP-Tour-Ibiza.png","width":520,"height":320,"caption":"Paddle Surf SUP Tour Ibiza"},{"@type":"BreadcrumbList","@id":"https:\/\/stagpartynight.com\/es\/product\/paddle-sup-tour-ibiza\/#breadcrumb","itemListElement":[{"@type":"ListItem","position":1,"name":"Home","item":"https:\/\/stagpartynight.com\/es\/"},{"@type":"ListItem","position":2,"name":"Tienda","item":"https:\/\/stagpartynight.com\/es\/tienda\/"},{"@type":"ListItem","position":3,"name":"Paddle Surf Tour Ibiza"}]},{"@type":"WebSite","@id":"https:\/\/stagpartynight.com\/es\/#website","url":"https:\/\/stagpartynight.com\/es\/","name":"Stag Party Night","description":"Your Stag Party Customized","publisher":{"@id":"https:\/\/stagpartynight.com\/es\/#organization"},"potentialAction":[{"@type":"SearchAction","target":{"@type":"EntryPoint","urlTemplate":"https:\/\/stagpartynight.com\/es\/?s={search_term_string}"},"query-input":{"@type":"PropertyValueSpecification","valueRequired":true,"valueName":"search_term_string"}}],"inLanguage":"es"},{"@type":"Organization","@id":"https:\/\/stagpartynight.com\/es\/#organization","name":"Stag Party Night","url":"https:\/\/stagpartynight.com\/es\/","logo":{"@type":"ImageObject","inLanguage":"es","@id":"https:\/\/stagpartynight.com\/es\/#\/schema\/logo\/image\/","url":"https:\/\/stagpartynight.com\/es\/wp-content\/uploads\/sites\/2\/2019\/12\/stagpartynight-e1578565505687.png","contentUrl":"https:\/\/stagpartynight.com\/es\/wp-content\/uploads\/sites\/2\/2019\/12\/stagpartynight-e1578565505687.png","width":400,"height":400,"caption":"Stag Party Night"},"image":{"@id":"https:\/\/stagpartynight.com\/es\/#\/schema\/logo\/image\/"}}]}},"_links":{"self":[{"href":"https:\/\/stagpartynight.com\/es\/wp-json\/wp\/v2\/product\/2672","targetHints":{"allow":["GET"]}}],"collection":[{"href":"https:\/\/stagpartynight.com\/es\/wp-json\/wp\/v2\/product"}],"about":[{"href":"https:\/\/stagpartynight.com\/es\/wp-json\/wp\/v2\/types\/product"}],"replies":[{"embeddable":true,"href":"https:\/\/stagpartynight.com\/es\/wp-json\/wp\/v2\/comments?post=2672"}],"wp:featuredmedia":[{"embeddable":true,"href":"https:\/\/stagpartynight.com\/es\/wp-json\/wp\/v2\/media\/3755"}],"wp:attachment":[{"href":"https:\/\/stagpartynight.com\/es\/wp-json\/wp\/v2\/media?parent=2672"}],"wp:term":[{"taxonomy":"product_brand","embeddable":true,"href":"https:\/\/stagpartynight.com\/es\/wp-json\/wp\/v2\/product_brand?post=2672"},{"taxonomy":"product_cat","embeddable":true,"href":"https:\/\/stagpartynight.com\/es\/wp-json\/wp\/v2\/product_cat?post=2672"},{"taxonomy":"product_tag","embeddable":true,"href":"https:\/\/stagpartynight.com\/es\/wp-json\/wp\/v2\/product_tag?post=2672"}],"curies":[{"name":"wp","href":"https:\/\/api.w.org\/{rel}","templated":true}]}}