{"id":2678,"date":"2023-12-22T11:56:26","date_gmt":"2023-12-22T10:56:26","guid":{"rendered":"https:\/\/stagpartynight.com\/fr\/?post_type=product&#038;p=2678"},"modified":"2024-01-19T11:31:10","modified_gmt":"2024-01-19T10:31:10","slug":"cena-en-rooftop-ibiza","status":"publish","type":"product","link":"https:\/\/stagpartynight.com\/es\/product\/cena-en-rooftop-ibiza\/","title":{"rendered":"Cena en Rooftop Ibiza"},"content":{"rendered":"<div>Cena en Rooftop Ibiza. Cena con vistas a Ibiza. Disfruta de una cena de entrantes y platos principales con una copa de vino y vistas desde las alturas.<\/div>\n<div><\/div>\n<div>Las mejores despedidas de soltero con <a href=\"https:\/\/stagpartynight.com\/\">Stagparty<\/a>!<\/div>\n<div><\/div>\n<h2 style=\"text-align: center;\">Cena en Rooftop Ibiza<\/h2>\n<h4>\ud83c\udf7d\ufe0f Cena gourmet en Ibiza: \u00a1Sabores espa\u00f1oles en un ambiente acogedor!<\/h4>\n<div><\/div>\n<div>\ud83c\udf05 Reg\u00e1late una aut\u00e9ntica experiencia culinaria en Ibiza, donde la riqueza de la gastronom\u00eda espa\u00f1ola se mezcla con un ambiente acogedor.<\/div>\n<div><\/div>\n<div>\ud83c\udf72 \u00a1Empieza compartiendo unos entrantes t\u00edpicamente espa\u00f1oles! Pan de ajo, aceitunas tradicionales y pimientos de padr\u00f3n, una sinfon\u00eda de sabores mediterr\u00e1neos.<\/div>\n<div><\/div>\n<div>\ud83e\udd58 Para el plato principal, elige entre opciones que te har\u00e1n la boca agua. Opta por la carne a la brasa, la tierna combinaci\u00f3n del pollo con salchichas o la generosidad de una parrillada de verduras y patatas para los amantes de las verduras.<\/div>\n<div><\/div>\n<div>\ud83c\udf77 Acompa\u00f1a este fest\u00edn con una copa de vino, seleccionado para realzar cada bocado y enriquecer la experiencia culinaria.<\/div>\n<div><\/div>\n<div>\ud83c\udf68 Concluye esta aventura gastron\u00f3mica con un exquisito postre, la nota dulce perfecta para terminar la velada por todo lo alto.<\/div>\n<div><\/div>\n<div>\ud83e\udd42 Comparte estas delicias con los tuyos en un ambiente relajado, donde cada plato cuenta una aut\u00e9ntica historia culinaria espa\u00f1ola.<\/div>\n<div><\/div>\n<div>\ud83c\udf34 Reserva ya tu mesa para una cena inolvidable en Ibiza, donde cada momento es una celebraci\u00f3n de la vida, los sabores y la convivencia. Disfrute de una velada de delicias, risas y convivencia en el marco excepcional de la <a href=\"https:\/\/es.wikipedia.org\/wiki\/Ibiza\">isla blanca.<\/a><\/div>\n","protected":false},"excerpt":{"rendered":"<p>Cena en Rooftop Ibiza. Cena con vistas a Ibiza. Disfruta de una cena de entrantes y platos principales con una copa de vino y vistas desde las alturas.<\/p>\n","protected":false},"featured_media":3748,"comment_status":"open","ping_status":"closed","template":"","meta":{"_et_pb_use_builder":"","_et_pb_old_content":"","_et_gb_content_width":""},"product_brand":[],"product_cat":[113,1313],"product_tag":[],"class_list":{"0":"post-2678","1":"product","2":"type-product","3":"status-publish","4":"has-post-thumbnail","6":"product_cat-ibiza","7":"product_cat-uncategorised","9":"first","10":"instock","11":"shipping-taxable","12":"product-type-simple"},"yoast_head":"<!-- This site is optimized with the Yoast SEO plugin v26.4 - https:\/\/yoast.com\/wordpress\/plugins\/seo\/ -->\n<title>Cena en Rooftop Ibiza<\/title>\n<meta name=\"description\" content=\"Cena en Rooftop Ibiza. Cena con vistas a Ibiza. Disfruta de una cena de entrantes y platos principales con una copa de vino y vistas desde las alturas.\" \/>\n<meta name=\"robots\" content=\"index, follow, max-snippet:-1, max-image-preview:large, max-video-preview:-1\" \/>\n<link rel=\"canonical\" href=\"https:\/\/stagpartynight.com\/es\/product\/cena-en-rooftop-ibiza\/\" \/>\n<meta property=\"og:locale\" content=\"es_ES\" \/>\n<meta property=\"og:type\" content=\"article\" \/>\n<meta property=\"og:title\" content=\"Cena en Rooftop Ibiza\" \/>\n<meta property=\"og:description\" content=\"Cena en Rooftop Ibiza. Cena con vistas a Ibiza. Disfruta de una cena de entrantes y platos principales con una copa de vino y vistas desde las alturas.\" \/>\n<meta property=\"og:url\" content=\"https:\/\/stagpartynight.com\/es\/product\/cena-en-rooftop-ibiza\/\" \/>\n<meta property=\"og:site_name\" content=\"Despedida de Soltero\" \/>\n<meta property=\"article:modified_time\" content=\"2024-01-19T10:31:10+00:00\" \/>\n<meta property=\"og:image\" content=\"https:\/\/stagpartynight.com\/es\/wp-content\/uploads\/sites\/2\/2023\/12\/Cena-en-Rooftop-Ibiza.jpg\" \/>\n\t<meta property=\"og:image:width\" content=\"800\" \/>\n\t<meta property=\"og:image:height\" content=\"533\" \/>\n\t<meta property=\"og:image:type\" content=\"image\/jpeg\" \/>\n<meta name=\"twitter:card\" content=\"summary_large_image\" \/>\n<meta name=\"twitter:label1\" content=\"Tiempo de lectura\" \/>\n\t<meta name=\"twitter:data1\" content=\"2 minutos\" \/>\n<script type=\"application\/ld+json\" class=\"yoast-schema-graph\">{\"@context\":\"https:\/\/schema.org\",\"@graph\":[{\"@type\":\"WebPage\",\"@id\":\"https:\/\/stagpartynight.com\/es\/product\/cena-en-rooftop-ibiza\/\",\"url\":\"https:\/\/stagpartynight.com\/es\/product\/cena-en-rooftop-ibiza\/\",\"name\":\"Cena en Rooftop Ibiza\",\"isPartOf\":{\"@id\":\"https:\/\/stagpartynight.com\/es\/#website\"},\"primaryImageOfPage\":{\"@id\":\"https:\/\/stagpartynight.com\/es\/product\/cena-en-rooftop-ibiza\/#primaryimage\"},\"image\":{\"@id\":\"https:\/\/stagpartynight.com\/es\/product\/cena-en-rooftop-ibiza\/#primaryimage\"},\"thumbnailUrl\":\"https:\/\/stagpartynight.com\/es\/wp-content\/uploads\/sites\/2\/2023\/12\/Cena-en-Rooftop-Ibiza.jpg\",\"datePublished\":\"2023-12-22T10:56:26+00:00\",\"dateModified\":\"2024-01-19T10:31:10+00:00\",\"description\":\"Cena en Rooftop Ibiza. Cena con vistas a Ibiza. Disfruta de una cena de entrantes y platos principales con una copa de vino y vistas desde las alturas.\",\"breadcrumb\":{\"@id\":\"https:\/\/stagpartynight.com\/es\/product\/cena-en-rooftop-ibiza\/#breadcrumb\"},\"inLanguage\":\"es\",\"potentialAction\":[{\"@type\":\"ReadAction\",\"target\":[\"https:\/\/stagpartynight.com\/es\/product\/cena-en-rooftop-ibiza\/\"]}]},{\"@type\":\"ImageObject\",\"inLanguage\":\"es\",\"@id\":\"https:\/\/stagpartynight.com\/es\/product\/cena-en-rooftop-ibiza\/#primaryimage\",\"url\":\"https:\/\/stagpartynight.com\/es\/wp-content\/uploads\/sites\/2\/2023\/12\/Cena-en-Rooftop-Ibiza.jpg\",\"contentUrl\":\"https:\/\/stagpartynight.com\/es\/wp-content\/uploads\/sites\/2\/2023\/12\/Cena-en-Rooftop-Ibiza.jpg\",\"width\":800,\"height\":533,\"caption\":\"Cena en Rooftop Ibiza\"},{\"@type\":\"BreadcrumbList\",\"@id\":\"https:\/\/stagpartynight.com\/es\/product\/cena-en-rooftop-ibiza\/#breadcrumb\",\"itemListElement\":[{\"@type\":\"ListItem\",\"position\":1,\"name\":\"Home\",\"item\":\"https:\/\/stagpartynight.com\/es\/\"},{\"@type\":\"ListItem\",\"position\":2,\"name\":\"Tienda\",\"item\":\"https:\/\/stagpartynight.com\/es\/tienda\/\"},{\"@type\":\"ListItem\",\"position\":3,\"name\":\"Cena en Rooftop Ibiza\"}]},{\"@type\":\"WebSite\",\"@id\":\"https:\/\/stagpartynight.com\/es\/#website\",\"url\":\"https:\/\/stagpartynight.com\/es\/\",\"name\":\"Stag Party Night\",\"description\":\"Your Stag Party Customized\",\"publisher\":{\"@id\":\"https:\/\/stagpartynight.com\/es\/#organization\"},\"potentialAction\":[{\"@type\":\"SearchAction\",\"target\":{\"@type\":\"EntryPoint\",\"urlTemplate\":\"https:\/\/stagpartynight.com\/es\/?s={search_term_string}\"},\"query-input\":{\"@type\":\"PropertyValueSpecification\",\"valueRequired\":true,\"valueName\":\"search_term_string\"}}],\"inLanguage\":\"es\"},{\"@type\":\"Organization\",\"@id\":\"https:\/\/stagpartynight.com\/es\/#organization\",\"name\":\"Stag Party Night\",\"url\":\"https:\/\/stagpartynight.com\/es\/\",\"logo\":{\"@type\":\"ImageObject\",\"inLanguage\":\"es\",\"@id\":\"https:\/\/stagpartynight.com\/es\/#\/schema\/logo\/image\/\",\"url\":\"https:\/\/stagpartynight.com\/es\/wp-content\/uploads\/sites\/2\/2019\/12\/stagpartynight-e1578565505687.png\",\"contentUrl\":\"https:\/\/stagpartynight.com\/es\/wp-content\/uploads\/sites\/2\/2019\/12\/stagpartynight-e1578565505687.png\",\"width\":400,\"height\":400,\"caption\":\"Stag Party Night\"},\"image\":{\"@id\":\"https:\/\/stagpartynight.com\/es\/#\/schema\/logo\/image\/\"}}]}<\/script>\n<!-- \/ Yoast SEO plugin. -->","yoast_head_json":{"title":"Cena en Rooftop Ibiza","description":"Cena en Rooftop Ibiza. Cena con vistas a Ibiza. Disfruta de una cena de entrantes y platos principales con una copa de vino y vistas desde las alturas.","robots":{"index":"index","follow":"follow","max-snippet":"max-snippet:-1","max-image-preview":"max-image-preview:large","max-video-preview":"max-video-preview:-1"},"canonical":"https:\/\/stagpartynight.com\/es\/product\/cena-en-rooftop-ibiza\/","og_locale":"es_ES","og_type":"article","og_title":"Cena en Rooftop Ibiza","og_description":"Cena en Rooftop Ibiza. Cena con vistas a Ibiza. Disfruta de una cena de entrantes y platos principales con una copa de vino y vistas desde las alturas.","og_url":"https:\/\/stagpartynight.com\/es\/product\/cena-en-rooftop-ibiza\/","og_site_name":"Despedida de Soltero","article_modified_time":"2024-01-19T10:31:10+00:00","og_image":[{"width":800,"height":533,"url":"https:\/\/stagpartynight.com\/es\/wp-content\/uploads\/sites\/2\/2023\/12\/Cena-en-Rooftop-Ibiza.jpg","type":"image\/jpeg"}],"twitter_card":"summary_large_image","twitter_misc":{"Tiempo de lectura":"2 minutos"},"schema":{"@context":"https:\/\/schema.org","@graph":[{"@type":"WebPage","@id":"https:\/\/stagpartynight.com\/es\/product\/cena-en-rooftop-ibiza\/","url":"https:\/\/stagpartynight.com\/es\/product\/cena-en-rooftop-ibiza\/","name":"Cena en Rooftop Ibiza","isPartOf":{"@id":"https:\/\/stagpartynight.com\/es\/#website"},"primaryImageOfPage":{"@id":"https:\/\/stagpartynight.com\/es\/product\/cena-en-rooftop-ibiza\/#primaryimage"},"image":{"@id":"https:\/\/stagpartynight.com\/es\/product\/cena-en-rooftop-ibiza\/#primaryimage"},"thumbnailUrl":"https:\/\/stagpartynight.com\/es\/wp-content\/uploads\/sites\/2\/2023\/12\/Cena-en-Rooftop-Ibiza.jpg","datePublished":"2023-12-22T10:56:26+00:00","dateModified":"2024-01-19T10:31:10+00:00","description":"Cena en Rooftop Ibiza. Cena con vistas a Ibiza. Disfruta de una cena de entrantes y platos principales con una copa de vino y vistas desde las alturas.","breadcrumb":{"@id":"https:\/\/stagpartynight.com\/es\/product\/cena-en-rooftop-ibiza\/#breadcrumb"},"inLanguage":"es","potentialAction":[{"@type":"ReadAction","target":["https:\/\/stagpartynight.com\/es\/product\/cena-en-rooftop-ibiza\/"]}]},{"@type":"ImageObject","inLanguage":"es","@id":"https:\/\/stagpartynight.com\/es\/product\/cena-en-rooftop-ibiza\/#primaryimage","url":"https:\/\/stagpartynight.com\/es\/wp-content\/uploads\/sites\/2\/2023\/12\/Cena-en-Rooftop-Ibiza.jpg","contentUrl":"https:\/\/stagpartynight.com\/es\/wp-content\/uploads\/sites\/2\/2023\/12\/Cena-en-Rooftop-Ibiza.jpg","width":800,"height":533,"caption":"Cena en Rooftop Ibiza"},{"@type":"BreadcrumbList","@id":"https:\/\/stagpartynight.com\/es\/product\/cena-en-rooftop-ibiza\/#breadcrumb","itemListElement":[{"@type":"ListItem","position":1,"name":"Home","item":"https:\/\/stagpartynight.com\/es\/"},{"@type":"ListItem","position":2,"name":"Tienda","item":"https:\/\/stagpartynight.com\/es\/tienda\/"},{"@type":"ListItem","position":3,"name":"Cena en Rooftop Ibiza"}]},{"@type":"WebSite","@id":"https:\/\/stagpartynight.com\/es\/#website","url":"https:\/\/stagpartynight.com\/es\/","name":"Stag Party Night","description":"Your Stag Party Customized","publisher":{"@id":"https:\/\/stagpartynight.com\/es\/#organization"},"potentialAction":[{"@type":"SearchAction","target":{"@type":"EntryPoint","urlTemplate":"https:\/\/stagpartynight.com\/es\/?s={search_term_string}"},"query-input":{"@type":"PropertyValueSpecification","valueRequired":true,"valueName":"search_term_string"}}],"inLanguage":"es"},{"@type":"Organization","@id":"https:\/\/stagpartynight.com\/es\/#organization","name":"Stag Party Night","url":"https:\/\/stagpartynight.com\/es\/","logo":{"@type":"ImageObject","inLanguage":"es","@id":"https:\/\/stagpartynight.com\/es\/#\/schema\/logo\/image\/","url":"https:\/\/stagpartynight.com\/es\/wp-content\/uploads\/sites\/2\/2019\/12\/stagpartynight-e1578565505687.png","contentUrl":"https:\/\/stagpartynight.com\/es\/wp-content\/uploads\/sites\/2\/2019\/12\/stagpartynight-e1578565505687.png","width":400,"height":400,"caption":"Stag Party Night"},"image":{"@id":"https:\/\/stagpartynight.com\/es\/#\/schema\/logo\/image\/"}}]}},"_links":{"self":[{"href":"https:\/\/stagpartynight.com\/es\/wp-json\/wp\/v2\/product\/2678","targetHints":{"allow":["GET"]}}],"collection":[{"href":"https:\/\/stagpartynight.com\/es\/wp-json\/wp\/v2\/product"}],"about":[{"href":"https:\/\/stagpartynight.com\/es\/wp-json\/wp\/v2\/types\/product"}],"replies":[{"embeddable":true,"href":"https:\/\/stagpartynight.com\/es\/wp-json\/wp\/v2\/comments?post=2678"}],"wp:featuredmedia":[{"embeddable":true,"href":"https:\/\/stagpartynight.com\/es\/wp-json\/wp\/v2\/media\/3748"}],"wp:attachment":[{"href":"https:\/\/stagpartynight.com\/es\/wp-json\/wp\/v2\/media?parent=2678"}],"wp:term":[{"taxonomy":"product_brand","embeddable":true,"href":"https:\/\/stagpartynight.com\/es\/wp-json\/wp\/v2\/product_brand?post=2678"},{"taxonomy":"product_cat","embeddable":true,"href":"https:\/\/stagpartynight.com\/es\/wp-json\/wp\/v2\/product_cat?post=2678"},{"taxonomy":"product_tag","embeddable":true,"href":"https:\/\/stagpartynight.com\/es\/wp-json\/wp\/v2\/product_tag?post=2678"}],"curies":[{"name":"wp","href":"https:\/\/api.w.org\/{rel}","templated":true}]}}