{"id":2686,"date":"2023-12-22T13:28:13","date_gmt":"2023-12-22T12:28:13","guid":{"rendered":"https:\/\/stagpartynight.com\/fr\/?post_type=product&#038;p=2686"},"modified":"2024-01-19T11:00:52","modified_gmt":"2024-01-19T10:00:52","slug":"kayak-al-atardecer-ibiza","status":"publish","type":"product","link":"https:\/\/stagpartynight.com\/es\/product\/kayak-al-atardecer-ibiza\/","title":{"rendered":"Kayak al Atardecer Ibiza"},"content":{"rendered":"<div>Kayak al atardecer Ibiza. Disfruta de una excursi\u00f3n de tres horas para admirar la magn\u00edfica puesta de sol de Ibiza en medio del mar: \u00bfqu\u00e9 puede haber m\u00e1s incre\u00edble?<\/div>\n<div><\/div>\n<div>Las mejores despedidas de soltero con <a href=\"https:\/\/stagpartynight.com\/\">Stagparty<\/a>!<\/div>\n<div><\/div>\n<h2 style=\"text-align: center;\">Kayak al atardecer Ibiza<\/h2>\n<h4>\ud83d\udea3\u200d\u2642\ufe0f Kayak al atardecer en Ibiza: \u00a1una experiencia m\u00e1gica de tres horas!<\/h4>\n<div><\/div>\n<div>\ud83c\udf05 Rema hacia el atardecer en una inolvidable aventura de tres horas para admirar la puesta de sol del Mediterr\u00e1neo.<\/div>\n<div><\/div>\n<div>\ud83c\udfdd\ufe0f Explora la costa de Ibiza, descubre calas escondidas y panoramas impresionantes mientras disfrutas de una bebida refrescante y aperitivos.<\/div>\n<div><\/div>\n<div>\ud83e\uddd8\u200d\u2642\ufe0f D\u00e9jese envolver por la tranquilidad del mar al atardecer, mientras el cielo adquiere tonos c\u00e1lidos y dorados.\u00a0 Una atm\u00f3sfera m\u00e1gica.<\/div>\n<div><\/div>\n<div>\ud83c\udf0a Desl\u00edzate sobre las tranquilas aguas, impregnando cada remada de una experiencia inolvidable en plena naturaleza isle\u00f1a.<\/div>\n<div><\/div>\n<div>\ud83d\udea4 Todo el equipo necesario est\u00e1 incluido, lo que te permitir\u00e1 concentrarte en lo importante: disfrutar al m\u00e1ximo de esta experiencia \u00fanica.<\/div>\n<div><\/div>\n<div>\ud83c\udf34 Reserva ahora para una noche memorable en Ibiza. Combinando aventura, relax y la belleza inigualable de la puesta de sol. Contempla c\u00f3mo el sol desaparece lentamente por el horizonte, creando el tel\u00f3n de fondo perfecto para una velada inolvidable.<\/div>\n<div><\/div>\n<div>\u2728 No pierda esta oportunidad de vivir la puesta de sol de una forma excepcional, mecido por las olas y rodeado del esplendor de la naturaleza.<\/div>\n<div><\/div>\n<div style=\"text-align: center;\">Una experiencia m\u00e1gica: Kayak <a href=\"https:\/\/es.wikipedia.org\/wiki\/Ibiza\">Ibiza<\/a>!<\/div>\n","protected":false},"excerpt":{"rendered":"<p>Kayak al atardecer Ibiza. Disfruta de una excursi\u00f3n de tres horas para admirar la magn\u00edfica puesta de sol de Ibiza en medio del mar: \u00bfqu\u00e9 puede haber m\u00e1s incre\u00edble?<\/p>\n","protected":false},"featured_media":3735,"comment_status":"open","ping_status":"closed","template":"","meta":{"_et_pb_use_builder":"","_et_pb_old_content":"","_et_gb_content_width":""},"product_brand":[],"product_cat":[113,1313],"product_tag":[],"class_list":{"0":"post-2686","1":"product","2":"type-product","3":"status-publish","4":"has-post-thumbnail","6":"product_cat-ibiza","7":"product_cat-uncategorised","9":"first","10":"instock","11":"shipping-taxable","12":"product-type-simple"},"yoast_head":"<!-- This site is optimized with the Yoast SEO plugin v26.4 - https:\/\/yoast.com\/wordpress\/plugins\/seo\/ -->\n<title>Kayak al Atardecer Ibiza<\/title>\n<meta name=\"description\" content=\"Kayak al atardecer Ibiza. Disfruta de una excursi\u00f3n de tres horas para admirar la magn\u00edfica puesta de sol de Ibiza en medio del mar:\" \/>\n<meta name=\"robots\" content=\"index, follow, max-snippet:-1, max-image-preview:large, max-video-preview:-1\" \/>\n<link rel=\"canonical\" href=\"https:\/\/stagpartynight.com\/es\/product\/kayak-al-atardecer-ibiza\/\" \/>\n<meta property=\"og:locale\" content=\"es_ES\" \/>\n<meta property=\"og:type\" content=\"article\" \/>\n<meta property=\"og:title\" content=\"Kayak al Atardecer Ibiza\" \/>\n<meta property=\"og:description\" content=\"Kayak al atardecer Ibiza. Disfruta de una excursi\u00f3n de tres horas para admirar la magn\u00edfica puesta de sol de Ibiza en medio del mar:\" \/>\n<meta property=\"og:url\" content=\"https:\/\/stagpartynight.com\/es\/product\/kayak-al-atardecer-ibiza\/\" \/>\n<meta property=\"og:site_name\" content=\"Despedida de Soltero\" \/>\n<meta property=\"article:modified_time\" content=\"2024-01-19T10:00:52+00:00\" \/>\n<meta property=\"og:image\" content=\"https:\/\/stagpartynight.com\/es\/wp-content\/uploads\/sites\/2\/2023\/12\/Kayak-al-atardecer-Ibiza.jpg\" \/>\n\t<meta property=\"og:image:width\" content=\"1280\" \/>\n\t<meta property=\"og:image:height\" content=\"1920\" \/>\n\t<meta property=\"og:image:type\" content=\"image\/jpeg\" \/>\n<meta name=\"twitter:card\" content=\"summary_large_image\" \/>\n<meta name=\"twitter:label1\" content=\"Tiempo de lectura\" \/>\n\t<meta name=\"twitter:data1\" content=\"2 minutos\" \/>\n<script type=\"application\/ld+json\" class=\"yoast-schema-graph\">{\"@context\":\"https:\/\/schema.org\",\"@graph\":[{\"@type\":\"WebPage\",\"@id\":\"https:\/\/stagpartynight.com\/es\/product\/kayak-al-atardecer-ibiza\/\",\"url\":\"https:\/\/stagpartynight.com\/es\/product\/kayak-al-atardecer-ibiza\/\",\"name\":\"Kayak al Atardecer Ibiza\",\"isPartOf\":{\"@id\":\"https:\/\/stagpartynight.com\/es\/#website\"},\"primaryImageOfPage\":{\"@id\":\"https:\/\/stagpartynight.com\/es\/product\/kayak-al-atardecer-ibiza\/#primaryimage\"},\"image\":{\"@id\":\"https:\/\/stagpartynight.com\/es\/product\/kayak-al-atardecer-ibiza\/#primaryimage\"},\"thumbnailUrl\":\"https:\/\/stagpartynight.com\/es\/wp-content\/uploads\/sites\/2\/2023\/12\/Kayak-al-atardecer-Ibiza.jpg\",\"datePublished\":\"2023-12-22T12:28:13+00:00\",\"dateModified\":\"2024-01-19T10:00:52+00:00\",\"description\":\"Kayak al atardecer Ibiza. Disfruta de una excursi\u00f3n de tres horas para admirar la magn\u00edfica puesta de sol de Ibiza en medio del mar:\",\"breadcrumb\":{\"@id\":\"https:\/\/stagpartynight.com\/es\/product\/kayak-al-atardecer-ibiza\/#breadcrumb\"},\"inLanguage\":\"es\",\"potentialAction\":[{\"@type\":\"ReadAction\",\"target\":[\"https:\/\/stagpartynight.com\/es\/product\/kayak-al-atardecer-ibiza\/\"]}]},{\"@type\":\"ImageObject\",\"inLanguage\":\"es\",\"@id\":\"https:\/\/stagpartynight.com\/es\/product\/kayak-al-atardecer-ibiza\/#primaryimage\",\"url\":\"https:\/\/stagpartynight.com\/es\/wp-content\/uploads\/sites\/2\/2023\/12\/Kayak-al-atardecer-Ibiza.jpg\",\"contentUrl\":\"https:\/\/stagpartynight.com\/es\/wp-content\/uploads\/sites\/2\/2023\/12\/Kayak-al-atardecer-Ibiza.jpg\",\"width\":1280,\"height\":1920,\"caption\":\"Kayak al atardecer Ibiza\"},{\"@type\":\"BreadcrumbList\",\"@id\":\"https:\/\/stagpartynight.com\/es\/product\/kayak-al-atardecer-ibiza\/#breadcrumb\",\"itemListElement\":[{\"@type\":\"ListItem\",\"position\":1,\"name\":\"Home\",\"item\":\"https:\/\/stagpartynight.com\/es\/\"},{\"@type\":\"ListItem\",\"position\":2,\"name\":\"Tienda\",\"item\":\"https:\/\/stagpartynight.com\/es\/tienda\/\"},{\"@type\":\"ListItem\",\"position\":3,\"name\":\"Kayak al Atardecer Ibiza\"}]},{\"@type\":\"WebSite\",\"@id\":\"https:\/\/stagpartynight.com\/es\/#website\",\"url\":\"https:\/\/stagpartynight.com\/es\/\",\"name\":\"Stag Party Night\",\"description\":\"Your Stag Party Customized\",\"publisher\":{\"@id\":\"https:\/\/stagpartynight.com\/es\/#organization\"},\"potentialAction\":[{\"@type\":\"SearchAction\",\"target\":{\"@type\":\"EntryPoint\",\"urlTemplate\":\"https:\/\/stagpartynight.com\/es\/?s={search_term_string}\"},\"query-input\":{\"@type\":\"PropertyValueSpecification\",\"valueRequired\":true,\"valueName\":\"search_term_string\"}}],\"inLanguage\":\"es\"},{\"@type\":\"Organization\",\"@id\":\"https:\/\/stagpartynight.com\/es\/#organization\",\"name\":\"Stag Party Night\",\"url\":\"https:\/\/stagpartynight.com\/es\/\",\"logo\":{\"@type\":\"ImageObject\",\"inLanguage\":\"es\",\"@id\":\"https:\/\/stagpartynight.com\/es\/#\/schema\/logo\/image\/\",\"url\":\"https:\/\/stagpartynight.com\/es\/wp-content\/uploads\/sites\/2\/2019\/12\/stagpartynight-e1578565505687.png\",\"contentUrl\":\"https:\/\/stagpartynight.com\/es\/wp-content\/uploads\/sites\/2\/2019\/12\/stagpartynight-e1578565505687.png\",\"width\":400,\"height\":400,\"caption\":\"Stag Party Night\"},\"image\":{\"@id\":\"https:\/\/stagpartynight.com\/es\/#\/schema\/logo\/image\/\"}}]}<\/script>\n<!-- \/ Yoast SEO plugin. -->","yoast_head_json":{"title":"Kayak al Atardecer Ibiza","description":"Kayak al atardecer Ibiza. Disfruta de una excursi\u00f3n de tres horas para admirar la magn\u00edfica puesta de sol de Ibiza en medio del mar:","robots":{"index":"index","follow":"follow","max-snippet":"max-snippet:-1","max-image-preview":"max-image-preview:large","max-video-preview":"max-video-preview:-1"},"canonical":"https:\/\/stagpartynight.com\/es\/product\/kayak-al-atardecer-ibiza\/","og_locale":"es_ES","og_type":"article","og_title":"Kayak al Atardecer Ibiza","og_description":"Kayak al atardecer Ibiza. Disfruta de una excursi\u00f3n de tres horas para admirar la magn\u00edfica puesta de sol de Ibiza en medio del mar:","og_url":"https:\/\/stagpartynight.com\/es\/product\/kayak-al-atardecer-ibiza\/","og_site_name":"Despedida de Soltero","article_modified_time":"2024-01-19T10:00:52+00:00","og_image":[{"width":1280,"height":1920,"url":"https:\/\/stagpartynight.com\/es\/wp-content\/uploads\/sites\/2\/2023\/12\/Kayak-al-atardecer-Ibiza.jpg","type":"image\/jpeg"}],"twitter_card":"summary_large_image","twitter_misc":{"Tiempo de lectura":"2 minutos"},"schema":{"@context":"https:\/\/schema.org","@graph":[{"@type":"WebPage","@id":"https:\/\/stagpartynight.com\/es\/product\/kayak-al-atardecer-ibiza\/","url":"https:\/\/stagpartynight.com\/es\/product\/kayak-al-atardecer-ibiza\/","name":"Kayak al Atardecer Ibiza","isPartOf":{"@id":"https:\/\/stagpartynight.com\/es\/#website"},"primaryImageOfPage":{"@id":"https:\/\/stagpartynight.com\/es\/product\/kayak-al-atardecer-ibiza\/#primaryimage"},"image":{"@id":"https:\/\/stagpartynight.com\/es\/product\/kayak-al-atardecer-ibiza\/#primaryimage"},"thumbnailUrl":"https:\/\/stagpartynight.com\/es\/wp-content\/uploads\/sites\/2\/2023\/12\/Kayak-al-atardecer-Ibiza.jpg","datePublished":"2023-12-22T12:28:13+00:00","dateModified":"2024-01-19T10:00:52+00:00","description":"Kayak al atardecer Ibiza. Disfruta de una excursi\u00f3n de tres horas para admirar la magn\u00edfica puesta de sol de Ibiza en medio del mar:","breadcrumb":{"@id":"https:\/\/stagpartynight.com\/es\/product\/kayak-al-atardecer-ibiza\/#breadcrumb"},"inLanguage":"es","potentialAction":[{"@type":"ReadAction","target":["https:\/\/stagpartynight.com\/es\/product\/kayak-al-atardecer-ibiza\/"]}]},{"@type":"ImageObject","inLanguage":"es","@id":"https:\/\/stagpartynight.com\/es\/product\/kayak-al-atardecer-ibiza\/#primaryimage","url":"https:\/\/stagpartynight.com\/es\/wp-content\/uploads\/sites\/2\/2023\/12\/Kayak-al-atardecer-Ibiza.jpg","contentUrl":"https:\/\/stagpartynight.com\/es\/wp-content\/uploads\/sites\/2\/2023\/12\/Kayak-al-atardecer-Ibiza.jpg","width":1280,"height":1920,"caption":"Kayak al atardecer Ibiza"},{"@type":"BreadcrumbList","@id":"https:\/\/stagpartynight.com\/es\/product\/kayak-al-atardecer-ibiza\/#breadcrumb","itemListElement":[{"@type":"ListItem","position":1,"name":"Home","item":"https:\/\/stagpartynight.com\/es\/"},{"@type":"ListItem","position":2,"name":"Tienda","item":"https:\/\/stagpartynight.com\/es\/tienda\/"},{"@type":"ListItem","position":3,"name":"Kayak al Atardecer Ibiza"}]},{"@type":"WebSite","@id":"https:\/\/stagpartynight.com\/es\/#website","url":"https:\/\/stagpartynight.com\/es\/","name":"Stag Party Night","description":"Your Stag Party Customized","publisher":{"@id":"https:\/\/stagpartynight.com\/es\/#organization"},"potentialAction":[{"@type":"SearchAction","target":{"@type":"EntryPoint","urlTemplate":"https:\/\/stagpartynight.com\/es\/?s={search_term_string}"},"query-input":{"@type":"PropertyValueSpecification","valueRequired":true,"valueName":"search_term_string"}}],"inLanguage":"es"},{"@type":"Organization","@id":"https:\/\/stagpartynight.com\/es\/#organization","name":"Stag Party Night","url":"https:\/\/stagpartynight.com\/es\/","logo":{"@type":"ImageObject","inLanguage":"es","@id":"https:\/\/stagpartynight.com\/es\/#\/schema\/logo\/image\/","url":"https:\/\/stagpartynight.com\/es\/wp-content\/uploads\/sites\/2\/2019\/12\/stagpartynight-e1578565505687.png","contentUrl":"https:\/\/stagpartynight.com\/es\/wp-content\/uploads\/sites\/2\/2019\/12\/stagpartynight-e1578565505687.png","width":400,"height":400,"caption":"Stag Party Night"},"image":{"@id":"https:\/\/stagpartynight.com\/es\/#\/schema\/logo\/image\/"}}]}},"_links":{"self":[{"href":"https:\/\/stagpartynight.com\/es\/wp-json\/wp\/v2\/product\/2686","targetHints":{"allow":["GET"]}}],"collection":[{"href":"https:\/\/stagpartynight.com\/es\/wp-json\/wp\/v2\/product"}],"about":[{"href":"https:\/\/stagpartynight.com\/es\/wp-json\/wp\/v2\/types\/product"}],"replies":[{"embeddable":true,"href":"https:\/\/stagpartynight.com\/es\/wp-json\/wp\/v2\/comments?post=2686"}],"wp:featuredmedia":[{"embeddable":true,"href":"https:\/\/stagpartynight.com\/es\/wp-json\/wp\/v2\/media\/3735"}],"wp:attachment":[{"href":"https:\/\/stagpartynight.com\/es\/wp-json\/wp\/v2\/media?parent=2686"}],"wp:term":[{"taxonomy":"product_brand","embeddable":true,"href":"https:\/\/stagpartynight.com\/es\/wp-json\/wp\/v2\/product_brand?post=2686"},{"taxonomy":"product_cat","embeddable":true,"href":"https:\/\/stagpartynight.com\/es\/wp-json\/wp\/v2\/product_cat?post=2686"},{"taxonomy":"product_tag","embeddable":true,"href":"https:\/\/stagpartynight.com\/es\/wp-json\/wp\/v2\/product_tag?post=2686"}],"curies":[{"name":"wp","href":"https:\/\/api.w.org\/{rel}","templated":true}]}}