{"id":2711,"date":"2023-12-27T13:07:10","date_gmt":"2023-12-27T12:07:10","guid":{"rendered":"https:\/\/stagpartynight.com\/fr\/?post_type=product&#038;p=2711"},"modified":"2024-01-18T12:33:12","modified_gmt":"2024-01-18T11:33:12","slug":"parque-acuatico-mallorca","status":"publish","type":"product","link":"https:\/\/stagpartynight.com\/es\/product\/parque-acuatico-mallorca\/","title":{"rendered":"Parque Acu\u00e1tico Mallorca"},"content":{"rendered":"<p><strong>Parque Acu\u00e1tico <a href=\"https:\/\/es.wikipedia.org\/wiki\/Mallorca\">Mallorca<\/a>. Hace mucho calor en Mallorca. Disfruta de siete horas de agua y atracciones divertidas.<\/strong><\/p>\n<p><strong>Las mejores despedidas de soltero con <a href=\"https:\/\/stagpartynight.com\/\">StagParty<\/a><\/strong><\/p>\n<h2 style=\"text-align: center;\"><strong>Parque Acu\u00e1tico Mallorca\ud83c\udf0a<\/strong> <strong>\ud83c\udf1e <\/strong><\/h2>\n<h4><strong>Diversi\u00f3n Acu\u00e1tica en Mallorca! \ud83c\udfd6\ufe0f<\/strong><\/h4>\n<p><strong>Refrescate y escapa del calor veraniego en el coraz\u00f3n de Mallorca con nuestro asombroso parque acu\u00e1tico! \ud83c\udf0a<\/strong><\/p>\n<p><strong>Descubre siete horas de diversi\u00f3n interminable en nuestro oasis acu\u00e1tico, donde brillantes piscinas y emocionantes atracciones te esperan.<\/strong><\/p>\n<p><strong>\ud83c\udf34 Haz una merecida pausa de la fiesta y sum\u00e9rgete en un mundo de entretenimiento acu\u00e1tico. Pasa el d\u00eda en nuestro Parque Acu\u00e1tico Mallorca.<\/strong><\/p>\n<p><strong>\ud83c\udfc4 Desl\u00edzate por toboganes espectaculares, flota pac\u00edficamente en el r\u00edo tranquilo o haz olas en la piscina de olas. Nuestras atracciones est\u00e1n dise\u00f1adas para complacer a todas las edades y a todos los aventureros!<\/strong><\/p>\n<p><strong>\ud83c\udf79 Aunque la magia ocurre en el agua, en el interior, una variedad de refrigerios te espera. Desde tentempi\u00e9s hasta refrescos, todo lo que necesitas para recuperar energ\u00edas est\u00e1 al alcance de tu mano.<\/strong><\/p>\n<p><strong>\ud83c\udf1f \u00a1Reserva tu d\u00eda de refrescamiento y diversi\u00f3n ahora mismo!<\/strong><\/p>\n<p><strong>\ud83c\udf89 Nuestro parque acu\u00e1tico es el lugar perfecto para pasar momentos inolvidables en familia o con amigos. \u00a1No pierdas esta oportunidad de convertir el calor del verano en risas y recuerdos memorables! \ud83c\udf1e<\/strong><\/p>\n<p><strong>\u00a1Pasa un d\u00eda divertido en Mallorca!<\/strong><\/p>\n","protected":false},"excerpt":{"rendered":"<p>Parque Acu\u00e1tico Mallorca. Hace mucho calor en Mallorca. Disfruta de siete horas de agua y atracciones divertidas. Las mejores despedidas de soltero con StagParty Parque Acu\u00e1tico Mallorca\ud83c\udf0a \ud83c\udf1e Diversi\u00f3n Acu\u00e1tica en Mallorca! \ud83c\udfd6\ufe0f Refrescate y escapa del calor veraniego en el coraz\u00f3n de Mallorca con nuestro asombroso parque acu\u00e1tico! \ud83c\udf0a Descubre siete horas de diversi\u00f3n [&hellip;]<\/p>\n","protected":false},"featured_media":3579,"comment_status":"open","ping_status":"closed","template":"","meta":{"_et_pb_use_builder":"","_et_pb_old_content":"","_et_gb_content_width":""},"product_brand":[],"product_cat":[342,1313],"product_tag":[],"class_list":{"0":"post-2711","1":"product","2":"type-product","3":"status-publish","4":"has-post-thumbnail","6":"product_cat-mallorca","7":"product_cat-uncategorised","9":"first","10":"instock","11":"shipping-taxable","12":"product-type-simple"},"yoast_head":"<!-- This site is optimized with the Yoast SEO plugin v26.4 - https:\/\/yoast.com\/wordpress\/plugins\/seo\/ -->\n<title>Parque Acu\u00e1tico Mallorca<\/title>\n<meta name=\"description\" content=\"Parque Acu\u00e1tico Mallorca. Hace mucho calor en Mallorca. Disfruta de siete horas de agua y atracciones divertidas. Experiencia Mallorca.\" \/>\n<meta name=\"robots\" content=\"index, follow, max-snippet:-1, max-image-preview:large, max-video-preview:-1\" \/>\n<link rel=\"canonical\" href=\"https:\/\/stagpartynight.com\/es\/product\/parque-acuatico-mallorca\/\" \/>\n<meta property=\"og:locale\" content=\"es_ES\" \/>\n<meta property=\"og:type\" content=\"article\" \/>\n<meta property=\"og:title\" content=\"Parque Acu\u00e1tico Mallorca\" \/>\n<meta property=\"og:description\" content=\"Parque Acu\u00e1tico Mallorca. Hace mucho calor en Mallorca. Disfruta de siete horas de agua y atracciones divertidas. Experiencia Mallorca.\" \/>\n<meta property=\"og:url\" content=\"https:\/\/stagpartynight.com\/es\/product\/parque-acuatico-mallorca\/\" \/>\n<meta property=\"og:site_name\" content=\"Despedida de Soltero\" \/>\n<meta property=\"article:modified_time\" content=\"2024-01-18T11:33:12+00:00\" \/>\n<meta property=\"og:image\" content=\"https:\/\/stagpartynight.com\/es\/wp-content\/uploads\/sites\/2\/2023\/12\/Parque-Acuatico-Mallorca.jpg\" \/>\n\t<meta property=\"og:image:width\" content=\"1280\" \/>\n\t<meta property=\"og:image:height\" content=\"853\" \/>\n\t<meta property=\"og:image:type\" content=\"image\/jpeg\" \/>\n<meta name=\"twitter:card\" content=\"summary_large_image\" \/>\n<meta name=\"twitter:label1\" content=\"Tiempo de lectura\" \/>\n\t<meta name=\"twitter:data1\" content=\"2 minutos\" \/>\n<script type=\"application\/ld+json\" class=\"yoast-schema-graph\">{\"@context\":\"https:\/\/schema.org\",\"@graph\":[{\"@type\":\"WebPage\",\"@id\":\"https:\/\/stagpartynight.com\/es\/product\/parque-acuatico-mallorca\/\",\"url\":\"https:\/\/stagpartynight.com\/es\/product\/parque-acuatico-mallorca\/\",\"name\":\"Parque Acu\u00e1tico Mallorca\",\"isPartOf\":{\"@id\":\"https:\/\/stagpartynight.com\/es\/#website\"},\"primaryImageOfPage\":{\"@id\":\"https:\/\/stagpartynight.com\/es\/product\/parque-acuatico-mallorca\/#primaryimage\"},\"image\":{\"@id\":\"https:\/\/stagpartynight.com\/es\/product\/parque-acuatico-mallorca\/#primaryimage\"},\"thumbnailUrl\":\"https:\/\/stagpartynight.com\/es\/wp-content\/uploads\/sites\/2\/2023\/12\/Parque-Acuatico-Mallorca.jpg\",\"datePublished\":\"2023-12-27T12:07:10+00:00\",\"dateModified\":\"2024-01-18T11:33:12+00:00\",\"description\":\"Parque Acu\u00e1tico Mallorca. Hace mucho calor en Mallorca. Disfruta de siete horas de agua y atracciones divertidas. Experiencia Mallorca.\",\"breadcrumb\":{\"@id\":\"https:\/\/stagpartynight.com\/es\/product\/parque-acuatico-mallorca\/#breadcrumb\"},\"inLanguage\":\"es\",\"potentialAction\":[{\"@type\":\"ReadAction\",\"target\":[\"https:\/\/stagpartynight.com\/es\/product\/parque-acuatico-mallorca\/\"]}]},{\"@type\":\"ImageObject\",\"inLanguage\":\"es\",\"@id\":\"https:\/\/stagpartynight.com\/es\/product\/parque-acuatico-mallorca\/#primaryimage\",\"url\":\"https:\/\/stagpartynight.com\/es\/wp-content\/uploads\/sites\/2\/2023\/12\/Parque-Acuatico-Mallorca.jpg\",\"contentUrl\":\"https:\/\/stagpartynight.com\/es\/wp-content\/uploads\/sites\/2\/2023\/12\/Parque-Acuatico-Mallorca.jpg\",\"width\":1280,\"height\":853,\"caption\":\"Parque Acu\u00e1tico Mallorca\"},{\"@type\":\"BreadcrumbList\",\"@id\":\"https:\/\/stagpartynight.com\/es\/product\/parque-acuatico-mallorca\/#breadcrumb\",\"itemListElement\":[{\"@type\":\"ListItem\",\"position\":1,\"name\":\"Home\",\"item\":\"https:\/\/stagpartynight.com\/es\/\"},{\"@type\":\"ListItem\",\"position\":2,\"name\":\"Tienda\",\"item\":\"https:\/\/stagpartynight.com\/es\/tienda\/\"},{\"@type\":\"ListItem\",\"position\":3,\"name\":\"Parque Acu\u00e1tico Mallorca\"}]},{\"@type\":\"WebSite\",\"@id\":\"https:\/\/stagpartynight.com\/es\/#website\",\"url\":\"https:\/\/stagpartynight.com\/es\/\",\"name\":\"Stag Party Night\",\"description\":\"Your Stag Party Customized\",\"publisher\":{\"@id\":\"https:\/\/stagpartynight.com\/es\/#organization\"},\"potentialAction\":[{\"@type\":\"SearchAction\",\"target\":{\"@type\":\"EntryPoint\",\"urlTemplate\":\"https:\/\/stagpartynight.com\/es\/?s={search_term_string}\"},\"query-input\":{\"@type\":\"PropertyValueSpecification\",\"valueRequired\":true,\"valueName\":\"search_term_string\"}}],\"inLanguage\":\"es\"},{\"@type\":\"Organization\",\"@id\":\"https:\/\/stagpartynight.com\/es\/#organization\",\"name\":\"Stag Party Night\",\"url\":\"https:\/\/stagpartynight.com\/es\/\",\"logo\":{\"@type\":\"ImageObject\",\"inLanguage\":\"es\",\"@id\":\"https:\/\/stagpartynight.com\/es\/#\/schema\/logo\/image\/\",\"url\":\"https:\/\/stagpartynight.com\/es\/wp-content\/uploads\/sites\/2\/2019\/12\/stagpartynight-e1578565505687.png\",\"contentUrl\":\"https:\/\/stagpartynight.com\/es\/wp-content\/uploads\/sites\/2\/2019\/12\/stagpartynight-e1578565505687.png\",\"width\":400,\"height\":400,\"caption\":\"Stag Party Night\"},\"image\":{\"@id\":\"https:\/\/stagpartynight.com\/es\/#\/schema\/logo\/image\/\"}}]}<\/script>\n<!-- \/ Yoast SEO plugin. -->","yoast_head_json":{"title":"Parque Acu\u00e1tico Mallorca","description":"Parque Acu\u00e1tico Mallorca. Hace mucho calor en Mallorca. Disfruta de siete horas de agua y atracciones divertidas. Experiencia Mallorca.","robots":{"index":"index","follow":"follow","max-snippet":"max-snippet:-1","max-image-preview":"max-image-preview:large","max-video-preview":"max-video-preview:-1"},"canonical":"https:\/\/stagpartynight.com\/es\/product\/parque-acuatico-mallorca\/","og_locale":"es_ES","og_type":"article","og_title":"Parque Acu\u00e1tico Mallorca","og_description":"Parque Acu\u00e1tico Mallorca. Hace mucho calor en Mallorca. Disfruta de siete horas de agua y atracciones divertidas. Experiencia Mallorca.","og_url":"https:\/\/stagpartynight.com\/es\/product\/parque-acuatico-mallorca\/","og_site_name":"Despedida de Soltero","article_modified_time":"2024-01-18T11:33:12+00:00","og_image":[{"width":1280,"height":853,"url":"https:\/\/stagpartynight.com\/es\/wp-content\/uploads\/sites\/2\/2023\/12\/Parque-Acuatico-Mallorca.jpg","type":"image\/jpeg"}],"twitter_card":"summary_large_image","twitter_misc":{"Tiempo de lectura":"2 minutos"},"schema":{"@context":"https:\/\/schema.org","@graph":[{"@type":"WebPage","@id":"https:\/\/stagpartynight.com\/es\/product\/parque-acuatico-mallorca\/","url":"https:\/\/stagpartynight.com\/es\/product\/parque-acuatico-mallorca\/","name":"Parque Acu\u00e1tico Mallorca","isPartOf":{"@id":"https:\/\/stagpartynight.com\/es\/#website"},"primaryImageOfPage":{"@id":"https:\/\/stagpartynight.com\/es\/product\/parque-acuatico-mallorca\/#primaryimage"},"image":{"@id":"https:\/\/stagpartynight.com\/es\/product\/parque-acuatico-mallorca\/#primaryimage"},"thumbnailUrl":"https:\/\/stagpartynight.com\/es\/wp-content\/uploads\/sites\/2\/2023\/12\/Parque-Acuatico-Mallorca.jpg","datePublished":"2023-12-27T12:07:10+00:00","dateModified":"2024-01-18T11:33:12+00:00","description":"Parque Acu\u00e1tico Mallorca. Hace mucho calor en Mallorca. Disfruta de siete horas de agua y atracciones divertidas. Experiencia Mallorca.","breadcrumb":{"@id":"https:\/\/stagpartynight.com\/es\/product\/parque-acuatico-mallorca\/#breadcrumb"},"inLanguage":"es","potentialAction":[{"@type":"ReadAction","target":["https:\/\/stagpartynight.com\/es\/product\/parque-acuatico-mallorca\/"]}]},{"@type":"ImageObject","inLanguage":"es","@id":"https:\/\/stagpartynight.com\/es\/product\/parque-acuatico-mallorca\/#primaryimage","url":"https:\/\/stagpartynight.com\/es\/wp-content\/uploads\/sites\/2\/2023\/12\/Parque-Acuatico-Mallorca.jpg","contentUrl":"https:\/\/stagpartynight.com\/es\/wp-content\/uploads\/sites\/2\/2023\/12\/Parque-Acuatico-Mallorca.jpg","width":1280,"height":853,"caption":"Parque Acu\u00e1tico Mallorca"},{"@type":"BreadcrumbList","@id":"https:\/\/stagpartynight.com\/es\/product\/parque-acuatico-mallorca\/#breadcrumb","itemListElement":[{"@type":"ListItem","position":1,"name":"Home","item":"https:\/\/stagpartynight.com\/es\/"},{"@type":"ListItem","position":2,"name":"Tienda","item":"https:\/\/stagpartynight.com\/es\/tienda\/"},{"@type":"ListItem","position":3,"name":"Parque Acu\u00e1tico Mallorca"}]},{"@type":"WebSite","@id":"https:\/\/stagpartynight.com\/es\/#website","url":"https:\/\/stagpartynight.com\/es\/","name":"Stag Party Night","description":"Your Stag Party Customized","publisher":{"@id":"https:\/\/stagpartynight.com\/es\/#organization"},"potentialAction":[{"@type":"SearchAction","target":{"@type":"EntryPoint","urlTemplate":"https:\/\/stagpartynight.com\/es\/?s={search_term_string}"},"query-input":{"@type":"PropertyValueSpecification","valueRequired":true,"valueName":"search_term_string"}}],"inLanguage":"es"},{"@type":"Organization","@id":"https:\/\/stagpartynight.com\/es\/#organization","name":"Stag Party Night","url":"https:\/\/stagpartynight.com\/es\/","logo":{"@type":"ImageObject","inLanguage":"es","@id":"https:\/\/stagpartynight.com\/es\/#\/schema\/logo\/image\/","url":"https:\/\/stagpartynight.com\/es\/wp-content\/uploads\/sites\/2\/2019\/12\/stagpartynight-e1578565505687.png","contentUrl":"https:\/\/stagpartynight.com\/es\/wp-content\/uploads\/sites\/2\/2019\/12\/stagpartynight-e1578565505687.png","width":400,"height":400,"caption":"Stag Party Night"},"image":{"@id":"https:\/\/stagpartynight.com\/es\/#\/schema\/logo\/image\/"}}]}},"_links":{"self":[{"href":"https:\/\/stagpartynight.com\/es\/wp-json\/wp\/v2\/product\/2711","targetHints":{"allow":["GET"]}}],"collection":[{"href":"https:\/\/stagpartynight.com\/es\/wp-json\/wp\/v2\/product"}],"about":[{"href":"https:\/\/stagpartynight.com\/es\/wp-json\/wp\/v2\/types\/product"}],"replies":[{"embeddable":true,"href":"https:\/\/stagpartynight.com\/es\/wp-json\/wp\/v2\/comments?post=2711"}],"wp:featuredmedia":[{"embeddable":true,"href":"https:\/\/stagpartynight.com\/es\/wp-json\/wp\/v2\/media\/3579"}],"wp:attachment":[{"href":"https:\/\/stagpartynight.com\/es\/wp-json\/wp\/v2\/media?parent=2711"}],"wp:term":[{"taxonomy":"product_brand","embeddable":true,"href":"https:\/\/stagpartynight.com\/es\/wp-json\/wp\/v2\/product_brand?post=2711"},{"taxonomy":"product_cat","embeddable":true,"href":"https:\/\/stagpartynight.com\/es\/wp-json\/wp\/v2\/product_cat?post=2711"},{"taxonomy":"product_tag","embeddable":true,"href":"https:\/\/stagpartynight.com\/es\/wp-json\/wp\/v2\/product_tag?post=2711"}],"curies":[{"name":"wp","href":"https:\/\/api.w.org\/{rel}","templated":true}]}}