{"id":2720,"date":"2023-12-27T15:52:32","date_gmt":"2023-12-27T14:52:32","guid":{"rendered":"https:\/\/stagpartynight.com\/fr\/?post_type=product&#038;p=2720"},"modified":"2024-01-18T12:33:08","modified_gmt":"2024-01-18T11:33:08","slug":"moto-de-agua-mallorca","status":"publish","type":"product","link":"https:\/\/stagpartynight.com\/es\/product\/moto-de-agua-mallorca\/","title":{"rendered":"Moto de Agua Mallorca"},"content":{"rendered":"<p>Moto de agua <a href=\"https:\/\/es.wikipedia.org\/wiki\/Mallorca\">Mallorca<\/a>. Experimenta la Adrenalina Acu\u00e1tica en Magaluf o Arenal!<\/p>\n<p>Las mejores despedidas con <a href=\"https:\/\/stagpartynight.com\/\">Stagparty<\/a>!<\/p>\n<h2 style=\"text-align: center;\">\ud83c\udf0aMoto de Agua Mallorca\ud83c\udf0a<\/h2>\n<p>\ud83c\udf0aVive treinta minutos de emociones inolvidables en las cristalinas aguas de Mallorca con nuestra incre\u00edble actividad de moto acu\u00e1tica. \ud83c\udf34<\/p>\n<p>Elige entre Magaluf y Arenal para esta aventura \u00fanica. S\u00fabete a tu moto acu\u00e1tica y siente la emoci\u00f3n de cortar las olas del Mediterr\u00e1neo.<\/p>\n<p>\ud83d\udc6c Ya sea que prefieras la independencia de una experiencia individual o el compartir una aventura en pareja, tienes la libertad de elegir. Las parejas pueden alternar el rol de conductor para duplicar la diversi\u00f3n mientras experimentan la emoci\u00f3n de conducir en el mar.<\/p>\n<p>\ud83d\udca8 Desl\u00edzate a toda velocidad, siente el viento en tu cabello y disfruta cada momento de esta emocionante experiencia acu\u00e1tica. Con la esplendorosa Mallorca como tel\u00f3n de fondo, cada giro se convierte en una aventura inolvidable.<\/p>\n<p>\ud83c\udf05 \u00a1Reserva ahora para una experiencia acu\u00e1tica memorable!<\/p>\n<p>\ud83c\udf1f Date el gusto de treinta minutos de diversi\u00f3n bajo el sol de Mallorca. Deja que el mar te gu\u00ede en una aventura llena de risas, emoci\u00f3n y recuerdos inolvidables. \u00a1Emb\u00e1rcate en una experiencia de moto acu\u00e1tica que perdurar\u00e1 en tu memoria! \ud83c\udfc4\u200d\u2642\ufe0f\ud83c\udfc4\u200d\u2640\ufe0f<\/p>\n<p style=\"text-align: center;\">Elige entre Arenal y Magaluf (precios variables).<\/p>\n","protected":false},"excerpt":{"rendered":"<p>Moto de agua Mallorca. Experimenta la Adrenalina Acu\u00e1tica en Magaluf o Arenal! Las mejores despedidas con Stagparty! \ud83c\udf0aMoto de Agua Mallorca\ud83c\udf0a \ud83c\udf0aVive treinta minutos de emociones inolvidables en las cristalinas aguas de Mallorca con nuestra incre\u00edble actividad de moto acu\u00e1tica. \ud83c\udf34 Elige entre Magaluf y Arenal para esta aventura \u00fanica. S\u00fabete a tu moto acu\u00e1tica [&hellip;]<\/p>\n","protected":false},"featured_media":3571,"comment_status":"open","ping_status":"closed","template":"","meta":{"_et_pb_use_builder":"","_et_pb_old_content":"","_et_gb_content_width":""},"product_brand":[],"product_cat":[342,1313],"product_tag":[],"class_list":{"0":"post-2720","1":"product","2":"type-product","3":"status-publish","4":"has-post-thumbnail","6":"product_cat-mallorca","7":"product_cat-uncategorised","9":"first","10":"instock","11":"shipping-taxable","12":"product-type-simple"},"yoast_head":"<!-- This site is optimized with the Yoast SEO plugin v26.4 - https:\/\/yoast.com\/wordpress\/plugins\/seo\/ -->\n<title>Moto de Agua Mallorca<\/title>\n<meta name=\"description\" content=\"Moto de Agua Mallorca. Experiencia acu\u00e1tica \u00fanica en Mallorca. Experimenta la Adrenalina Acu\u00e1tica en Magaluf o Arenal! Reserva.\" \/>\n<meta name=\"robots\" content=\"index, follow, max-snippet:-1, max-image-preview:large, max-video-preview:-1\" \/>\n<link rel=\"canonical\" href=\"https:\/\/stagpartynight.com\/es\/product\/moto-de-agua-mallorca\/\" \/>\n<meta property=\"og:locale\" content=\"es_ES\" \/>\n<meta property=\"og:type\" content=\"article\" \/>\n<meta property=\"og:title\" content=\"Moto de Agua Mallorca\" \/>\n<meta property=\"og:description\" content=\"Moto de Agua Mallorca. Experiencia acu\u00e1tica \u00fanica en Mallorca. Experimenta la Adrenalina Acu\u00e1tica en Magaluf o Arenal! Reserva.\" \/>\n<meta property=\"og:url\" content=\"https:\/\/stagpartynight.com\/es\/product\/moto-de-agua-mallorca\/\" \/>\n<meta property=\"og:site_name\" content=\"Despedida de Soltero\" \/>\n<meta property=\"article:modified_time\" content=\"2024-01-18T11:33:08+00:00\" \/>\n<meta property=\"og:image\" content=\"https:\/\/stagpartynight.com\/es\/wp-content\/uploads\/sites\/2\/2023\/12\/Moto-de-Agua-Mallorca.jpg\" \/>\n\t<meta property=\"og:image:width\" content=\"1280\" \/>\n\t<meta property=\"og:image:height\" content=\"865\" \/>\n\t<meta property=\"og:image:type\" content=\"image\/jpeg\" \/>\n<meta name=\"twitter:card\" content=\"summary_large_image\" \/>\n<meta name=\"twitter:label1\" content=\"Tiempo de lectura\" \/>\n\t<meta name=\"twitter:data1\" content=\"2 minutos\" \/>\n<script type=\"application\/ld+json\" class=\"yoast-schema-graph\">{\"@context\":\"https:\/\/schema.org\",\"@graph\":[{\"@type\":\"WebPage\",\"@id\":\"https:\/\/stagpartynight.com\/es\/product\/moto-de-agua-mallorca\/\",\"url\":\"https:\/\/stagpartynight.com\/es\/product\/moto-de-agua-mallorca\/\",\"name\":\"Moto de Agua Mallorca\",\"isPartOf\":{\"@id\":\"https:\/\/stagpartynight.com\/es\/#website\"},\"primaryImageOfPage\":{\"@id\":\"https:\/\/stagpartynight.com\/es\/product\/moto-de-agua-mallorca\/#primaryimage\"},\"image\":{\"@id\":\"https:\/\/stagpartynight.com\/es\/product\/moto-de-agua-mallorca\/#primaryimage\"},\"thumbnailUrl\":\"https:\/\/stagpartynight.com\/es\/wp-content\/uploads\/sites\/2\/2023\/12\/Moto-de-Agua-Mallorca.jpg\",\"datePublished\":\"2023-12-27T14:52:32+00:00\",\"dateModified\":\"2024-01-18T11:33:08+00:00\",\"description\":\"Moto de Agua Mallorca. Experiencia acu\u00e1tica \u00fanica en Mallorca. Experimenta la Adrenalina Acu\u00e1tica en Magaluf o Arenal! Reserva.\",\"breadcrumb\":{\"@id\":\"https:\/\/stagpartynight.com\/es\/product\/moto-de-agua-mallorca\/#breadcrumb\"},\"inLanguage\":\"es\",\"potentialAction\":[{\"@type\":\"ReadAction\",\"target\":[\"https:\/\/stagpartynight.com\/es\/product\/moto-de-agua-mallorca\/\"]}]},{\"@type\":\"ImageObject\",\"inLanguage\":\"es\",\"@id\":\"https:\/\/stagpartynight.com\/es\/product\/moto-de-agua-mallorca\/#primaryimage\",\"url\":\"https:\/\/stagpartynight.com\/es\/wp-content\/uploads\/sites\/2\/2023\/12\/Moto-de-Agua-Mallorca.jpg\",\"contentUrl\":\"https:\/\/stagpartynight.com\/es\/wp-content\/uploads\/sites\/2\/2023\/12\/Moto-de-Agua-Mallorca.jpg\",\"width\":1280,\"height\":865,\"caption\":\"Moto de Agua Mallorca\"},{\"@type\":\"BreadcrumbList\",\"@id\":\"https:\/\/stagpartynight.com\/es\/product\/moto-de-agua-mallorca\/#breadcrumb\",\"itemListElement\":[{\"@type\":\"ListItem\",\"position\":1,\"name\":\"Home\",\"item\":\"https:\/\/stagpartynight.com\/es\/\"},{\"@type\":\"ListItem\",\"position\":2,\"name\":\"Tienda\",\"item\":\"https:\/\/stagpartynight.com\/es\/tienda\/\"},{\"@type\":\"ListItem\",\"position\":3,\"name\":\"Moto de Agua Mallorca\"}]},{\"@type\":\"WebSite\",\"@id\":\"https:\/\/stagpartynight.com\/es\/#website\",\"url\":\"https:\/\/stagpartynight.com\/es\/\",\"name\":\"Stag Party Night\",\"description\":\"Your Stag Party Customized\",\"publisher\":{\"@id\":\"https:\/\/stagpartynight.com\/es\/#organization\"},\"potentialAction\":[{\"@type\":\"SearchAction\",\"target\":{\"@type\":\"EntryPoint\",\"urlTemplate\":\"https:\/\/stagpartynight.com\/es\/?s={search_term_string}\"},\"query-input\":{\"@type\":\"PropertyValueSpecification\",\"valueRequired\":true,\"valueName\":\"search_term_string\"}}],\"inLanguage\":\"es\"},{\"@type\":\"Organization\",\"@id\":\"https:\/\/stagpartynight.com\/es\/#organization\",\"name\":\"Stag Party Night\",\"url\":\"https:\/\/stagpartynight.com\/es\/\",\"logo\":{\"@type\":\"ImageObject\",\"inLanguage\":\"es\",\"@id\":\"https:\/\/stagpartynight.com\/es\/#\/schema\/logo\/image\/\",\"url\":\"https:\/\/stagpartynight.com\/es\/wp-content\/uploads\/sites\/2\/2019\/12\/stagpartynight-e1578565505687.png\",\"contentUrl\":\"https:\/\/stagpartynight.com\/es\/wp-content\/uploads\/sites\/2\/2019\/12\/stagpartynight-e1578565505687.png\",\"width\":400,\"height\":400,\"caption\":\"Stag Party Night\"},\"image\":{\"@id\":\"https:\/\/stagpartynight.com\/es\/#\/schema\/logo\/image\/\"}}]}<\/script>\n<!-- \/ Yoast SEO plugin. -->","yoast_head_json":{"title":"Moto de Agua Mallorca","description":"Moto de Agua Mallorca. Experiencia acu\u00e1tica \u00fanica en Mallorca. Experimenta la Adrenalina Acu\u00e1tica en Magaluf o Arenal! Reserva.","robots":{"index":"index","follow":"follow","max-snippet":"max-snippet:-1","max-image-preview":"max-image-preview:large","max-video-preview":"max-video-preview:-1"},"canonical":"https:\/\/stagpartynight.com\/es\/product\/moto-de-agua-mallorca\/","og_locale":"es_ES","og_type":"article","og_title":"Moto de Agua Mallorca","og_description":"Moto de Agua Mallorca. Experiencia acu\u00e1tica \u00fanica en Mallorca. Experimenta la Adrenalina Acu\u00e1tica en Magaluf o Arenal! Reserva.","og_url":"https:\/\/stagpartynight.com\/es\/product\/moto-de-agua-mallorca\/","og_site_name":"Despedida de Soltero","article_modified_time":"2024-01-18T11:33:08+00:00","og_image":[{"width":1280,"height":865,"url":"https:\/\/stagpartynight.com\/es\/wp-content\/uploads\/sites\/2\/2023\/12\/Moto-de-Agua-Mallorca.jpg","type":"image\/jpeg"}],"twitter_card":"summary_large_image","twitter_misc":{"Tiempo de lectura":"2 minutos"},"schema":{"@context":"https:\/\/schema.org","@graph":[{"@type":"WebPage","@id":"https:\/\/stagpartynight.com\/es\/product\/moto-de-agua-mallorca\/","url":"https:\/\/stagpartynight.com\/es\/product\/moto-de-agua-mallorca\/","name":"Moto de Agua Mallorca","isPartOf":{"@id":"https:\/\/stagpartynight.com\/es\/#website"},"primaryImageOfPage":{"@id":"https:\/\/stagpartynight.com\/es\/product\/moto-de-agua-mallorca\/#primaryimage"},"image":{"@id":"https:\/\/stagpartynight.com\/es\/product\/moto-de-agua-mallorca\/#primaryimage"},"thumbnailUrl":"https:\/\/stagpartynight.com\/es\/wp-content\/uploads\/sites\/2\/2023\/12\/Moto-de-Agua-Mallorca.jpg","datePublished":"2023-12-27T14:52:32+00:00","dateModified":"2024-01-18T11:33:08+00:00","description":"Moto de Agua Mallorca. Experiencia acu\u00e1tica \u00fanica en Mallorca. Experimenta la Adrenalina Acu\u00e1tica en Magaluf o Arenal! Reserva.","breadcrumb":{"@id":"https:\/\/stagpartynight.com\/es\/product\/moto-de-agua-mallorca\/#breadcrumb"},"inLanguage":"es","potentialAction":[{"@type":"ReadAction","target":["https:\/\/stagpartynight.com\/es\/product\/moto-de-agua-mallorca\/"]}]},{"@type":"ImageObject","inLanguage":"es","@id":"https:\/\/stagpartynight.com\/es\/product\/moto-de-agua-mallorca\/#primaryimage","url":"https:\/\/stagpartynight.com\/es\/wp-content\/uploads\/sites\/2\/2023\/12\/Moto-de-Agua-Mallorca.jpg","contentUrl":"https:\/\/stagpartynight.com\/es\/wp-content\/uploads\/sites\/2\/2023\/12\/Moto-de-Agua-Mallorca.jpg","width":1280,"height":865,"caption":"Moto de Agua Mallorca"},{"@type":"BreadcrumbList","@id":"https:\/\/stagpartynight.com\/es\/product\/moto-de-agua-mallorca\/#breadcrumb","itemListElement":[{"@type":"ListItem","position":1,"name":"Home","item":"https:\/\/stagpartynight.com\/es\/"},{"@type":"ListItem","position":2,"name":"Tienda","item":"https:\/\/stagpartynight.com\/es\/tienda\/"},{"@type":"ListItem","position":3,"name":"Moto de Agua Mallorca"}]},{"@type":"WebSite","@id":"https:\/\/stagpartynight.com\/es\/#website","url":"https:\/\/stagpartynight.com\/es\/","name":"Stag Party Night","description":"Your Stag Party Customized","publisher":{"@id":"https:\/\/stagpartynight.com\/es\/#organization"},"potentialAction":[{"@type":"SearchAction","target":{"@type":"EntryPoint","urlTemplate":"https:\/\/stagpartynight.com\/es\/?s={search_term_string}"},"query-input":{"@type":"PropertyValueSpecification","valueRequired":true,"valueName":"search_term_string"}}],"inLanguage":"es"},{"@type":"Organization","@id":"https:\/\/stagpartynight.com\/es\/#organization","name":"Stag Party Night","url":"https:\/\/stagpartynight.com\/es\/","logo":{"@type":"ImageObject","inLanguage":"es","@id":"https:\/\/stagpartynight.com\/es\/#\/schema\/logo\/image\/","url":"https:\/\/stagpartynight.com\/es\/wp-content\/uploads\/sites\/2\/2019\/12\/stagpartynight-e1578565505687.png","contentUrl":"https:\/\/stagpartynight.com\/es\/wp-content\/uploads\/sites\/2\/2019\/12\/stagpartynight-e1578565505687.png","width":400,"height":400,"caption":"Stag Party Night"},"image":{"@id":"https:\/\/stagpartynight.com\/es\/#\/schema\/logo\/image\/"}}]}},"_links":{"self":[{"href":"https:\/\/stagpartynight.com\/es\/wp-json\/wp\/v2\/product\/2720","targetHints":{"allow":["GET"]}}],"collection":[{"href":"https:\/\/stagpartynight.com\/es\/wp-json\/wp\/v2\/product"}],"about":[{"href":"https:\/\/stagpartynight.com\/es\/wp-json\/wp\/v2\/types\/product"}],"replies":[{"embeddable":true,"href":"https:\/\/stagpartynight.com\/es\/wp-json\/wp\/v2\/comments?post=2720"}],"wp:featuredmedia":[{"embeddable":true,"href":"https:\/\/stagpartynight.com\/es\/wp-json\/wp\/v2\/media\/3571"}],"wp:attachment":[{"href":"https:\/\/stagpartynight.com\/es\/wp-json\/wp\/v2\/media?parent=2720"}],"wp:term":[{"taxonomy":"product_brand","embeddable":true,"href":"https:\/\/stagpartynight.com\/es\/wp-json\/wp\/v2\/product_brand?post=2720"},{"taxonomy":"product_cat","embeddable":true,"href":"https:\/\/stagpartynight.com\/es\/wp-json\/wp\/v2\/product_cat?post=2720"},{"taxonomy":"product_tag","embeddable":true,"href":"https:\/\/stagpartynight.com\/es\/wp-json\/wp\/v2\/product_tag?post=2720"}],"curies":[{"name":"wp","href":"https:\/\/api.w.org\/{rel}","templated":true}]}}