{"id":274,"date":"2020-01-08T14:43:43","date_gmt":"2020-01-08T13:43:43","guid":{"rendered":"https:\/\/stagpartynight.com\/es\/?post_type=product&#038;p=274"},"modified":"2024-01-22T12:31:00","modified_gmt":"2024-01-22T11:31:00","slug":"mesa-vip-discoteca-ibiza","status":"publish","type":"product","link":"https:\/\/stagpartynight.com\/es\/product\/mesa-vip-discoteca-ibiza\/","title":{"rendered":"Mesa VIP Discoteca Ibiza"},"content":{"rendered":"<p>Mesa VIP Discoteca Ibiza. Reserva una mesa con una botella en la zona VIP de los mejores clubes de la isla. Cada 5 personas una mesa. Informaci\u00f3n personalizada.<\/p>\n<p>Las mejores despedidas de soltero con <a href=\"https:\/\/stagpartynight.com\/\">Stagparty<\/a>!<\/p>\n<h2 style=\"text-align: center;\">Mesa VIP Discoteca Ibiza<\/h2>\n<h4 style=\"text-align: left;\"><strong>\u00a1Vive una noche VIP en Ibiza!<\/strong> \ud83c\udf89\ud83c\udf7e<\/h4>\n<p data-sourcepos=\"5:1-5:186\">\u00bfEst\u00e1s planeando una noche de fiesta en Ibiza? \u00bfQuieres disfrutar de la mejor m\u00fasica, el mejor ambiente y el mejor servicio? \u00a1Reserva tu mesa VIP en uno de los mejores clubes de la isla!<\/p>\n<p data-sourcepos=\"9:1-9:77\">\ud83c\udf89Nuestras mesas VIP te ofrecen una experiencia \u00fanica en Ibiza. Disfrutar\u00e1s de:<\/p>\n<ul data-sourcepos=\"11:1-14:0\">\n<li data-sourcepos=\"11:1-11:122\"><strong>Una ubicaci\u00f3n privilegiada en la zona VIP del club.<\/strong>\u00a0Tendr\u00e1s las mejores vistas de la pista de baile y del escenario.<\/li>\n<li data-sourcepos=\"12:1-12:121\"><strong>Una botella de tu bebida favorita incluida.<\/strong>\u00a0No tendr\u00e1s que preocuparte por pagar por bebidas durante toda la noche.<\/li>\n<li data-sourcepos=\"13:1-14:0\"><strong>Un servicio personalizado de nuestros camareros VIP.<\/strong>\u00a0Ellos se encargar\u00e1n de que no te falte de nada.<\/li>\n<\/ul>\n<p data-sourcepos=\"15:1-15:15\">\ud83c\udf7e<strong>Beneficios:<\/strong><\/p>\n<ul data-sourcepos=\"17:1-21:0\">\n<li data-sourcepos=\"17:1-17:42\"><strong>Vive una noche inolvidable en Ibiza.<\/strong><\/li>\n<li data-sourcepos=\"18:1-18:54\"><strong>Disfruta de la mejor m\u00fasica y el mejor ambiente.<\/strong><\/li>\n<li data-sourcepos=\"19:1-19:65\"><strong>Recibe un servicio personalizado de nuestros camareros VIP.<\/strong><\/li>\n<li data-sourcepos=\"20:1-21:0\"><strong>No tendr\u00e1s que preocuparte por pagar por bebidas durante toda la noche.<\/strong><\/li>\n<\/ul>\n<p data-sourcepos=\"22:1-22:24\"><strong>Llamado a la acci\u00f3n:<\/strong><\/p>\n<p data-sourcepos=\"30:1-30:30\"><strong>Informaci\u00f3n :<\/strong><\/p>\n<p data-sourcepos=\"32:1-32:277\">En Ibiza encontrar\u00e1s mesas VIP en los mejores clubes de la isla, como Privilege, Amnesia, Pacha, Ushua\u00efa y H\u00ef Ibiza. El precio de las mesas VIP var\u00eda en funci\u00f3n del club, la fecha y la hora. En general, el precio de la mesa suele incluir una botella de vodka, whisky o champ\u00e1n.<\/p>\n<p style=\"text-align: center;\"><span style=\"text-align: center;\">\u00a1Reserva tu mesa VIP hoy mismo y vive una noche VIP en <a href=\"https:\/\/es.wikipedia.org\/wiki\/Ibiza\">Ibiza<\/a>!\u2728<\/span><\/p>\n","protected":false},"excerpt":{"rendered":"<p>Reserva una mesa con una botella en la zona VIP de los mejores clubes de la isla. Cada 5 personas una mesa. Informaci\u00f3n personalizada <strong>Mesa VIP en discoteca de Ibiza<\/strong><\/p>\n","protected":false},"featured_media":148,"comment_status":"open","ping_status":"closed","template":"","meta":{"_et_pb_use_builder":"","_et_pb_old_content":"","_et_gb_content_width":""},"product_brand":[],"product_cat":[113],"product_tag":[569,570,132,571],"class_list":{"0":"post-274","1":"product","2":"type-product","3":"status-publish","4":"has-post-thumbnail","6":"product_cat-ibiza","7":"product_tag-reserva-mesa-ibiza","8":"product_tag-reserva-vip-ibiza","9":"product_tag-vip-table-discoteque-ibiza","10":"product_tag-zona-vip-discos-ibiza","12":"first","13":"instock","14":"virtual","15":"product-type-simple"},"yoast_head":"<!-- This site is optimized with the Yoast SEO plugin v26.4 - https:\/\/yoast.com\/wordpress\/plugins\/seo\/ -->\n<title>Mesa VIP Discoteca Ibiza<\/title>\n<meta name=\"description\" content=\"Mesa VIP en discoteca de Ibiza. Reserva una mesa con una botella en la zona VIP de los mejores clubes de la isla. Cada 5 personas una mesa.\" \/>\n<meta name=\"robots\" content=\"index, follow, max-snippet:-1, max-image-preview:large, max-video-preview:-1\" \/>\n<link rel=\"canonical\" href=\"https:\/\/stagpartynight.com\/es\/product\/mesa-vip-discoteca-ibiza\/\" \/>\n<meta property=\"og:locale\" content=\"es_ES\" \/>\n<meta property=\"og:type\" content=\"article\" \/>\n<meta property=\"og:title\" content=\"Mesa VIP Discoteca Ibiza\" \/>\n<meta property=\"og:description\" content=\"Mesa VIP en discoteca de Ibiza. Reserva una mesa con una botella en la zona VIP de los mejores clubes de la isla. Cada 5 personas una mesa.\" \/>\n<meta property=\"og:url\" content=\"https:\/\/stagpartynight.com\/es\/product\/mesa-vip-discoteca-ibiza\/\" \/>\n<meta property=\"og:site_name\" content=\"Despedida de Soltero\" \/>\n<meta property=\"article:modified_time\" content=\"2024-01-22T11:31:00+00:00\" \/>\n<meta property=\"og:image\" content=\"https:\/\/stagpartynight.com\/es\/wp-content\/uploads\/sites\/2\/2020\/01\/Vip-Zone-scaled.jpg\" \/>\n\t<meta property=\"og:image:width\" content=\"2560\" \/>\n\t<meta property=\"og:image:height\" content=\"1707\" \/>\n\t<meta property=\"og:image:type\" content=\"image\/jpeg\" \/>\n<meta name=\"twitter:card\" content=\"summary_large_image\" \/>\n<meta name=\"twitter:label1\" content=\"Tiempo de lectura\" \/>\n\t<meta name=\"twitter:data1\" content=\"2 minutos\" \/>\n<script type=\"application\/ld+json\" class=\"yoast-schema-graph\">{\"@context\":\"https:\/\/schema.org\",\"@graph\":[{\"@type\":\"WebPage\",\"@id\":\"https:\/\/stagpartynight.com\/es\/product\/mesa-vip-discoteca-ibiza\/\",\"url\":\"https:\/\/stagpartynight.com\/es\/product\/mesa-vip-discoteca-ibiza\/\",\"name\":\"Mesa VIP Discoteca Ibiza\",\"isPartOf\":{\"@id\":\"https:\/\/stagpartynight.com\/es\/#website\"},\"primaryImageOfPage\":{\"@id\":\"https:\/\/stagpartynight.com\/es\/product\/mesa-vip-discoteca-ibiza\/#primaryimage\"},\"image\":{\"@id\":\"https:\/\/stagpartynight.com\/es\/product\/mesa-vip-discoteca-ibiza\/#primaryimage\"},\"thumbnailUrl\":\"https:\/\/stagpartynight.com\/es\/wp-content\/uploads\/sites\/2\/2020\/01\/Vip-Zone-scaled.jpg\",\"datePublished\":\"2020-01-08T13:43:43+00:00\",\"dateModified\":\"2024-01-22T11:31:00+00:00\",\"description\":\"Mesa VIP en discoteca de Ibiza. Reserva una mesa con una botella en la zona VIP de los mejores clubes de la isla. Cada 5 personas una mesa.\",\"breadcrumb\":{\"@id\":\"https:\/\/stagpartynight.com\/es\/product\/mesa-vip-discoteca-ibiza\/#breadcrumb\"},\"inLanguage\":\"es\",\"potentialAction\":[{\"@type\":\"ReadAction\",\"target\":[\"https:\/\/stagpartynight.com\/es\/product\/mesa-vip-discoteca-ibiza\/\"]}]},{\"@type\":\"ImageObject\",\"inLanguage\":\"es\",\"@id\":\"https:\/\/stagpartynight.com\/es\/product\/mesa-vip-discoteca-ibiza\/#primaryimage\",\"url\":\"https:\/\/stagpartynight.com\/es\/wp-content\/uploads\/sites\/2\/2020\/01\/Vip-Zone-scaled.jpg\",\"contentUrl\":\"https:\/\/stagpartynight.com\/es\/wp-content\/uploads\/sites\/2\/2020\/01\/Vip-Zone-scaled.jpg\",\"width\":2560,\"height\":1707,\"caption\":\"Mesa VIP Discoteca Ibiza\"},{\"@type\":\"BreadcrumbList\",\"@id\":\"https:\/\/stagpartynight.com\/es\/product\/mesa-vip-discoteca-ibiza\/#breadcrumb\",\"itemListElement\":[{\"@type\":\"ListItem\",\"position\":1,\"name\":\"Home\",\"item\":\"https:\/\/stagpartynight.com\/es\/\"},{\"@type\":\"ListItem\",\"position\":2,\"name\":\"Tienda\",\"item\":\"https:\/\/stagpartynight.com\/es\/tienda\/\"},{\"@type\":\"ListItem\",\"position\":3,\"name\":\"Mesa VIP Discoteca Ibiza\"}]},{\"@type\":\"WebSite\",\"@id\":\"https:\/\/stagpartynight.com\/es\/#website\",\"url\":\"https:\/\/stagpartynight.com\/es\/\",\"name\":\"Stag Party Night\",\"description\":\"Your Stag Party Customized\",\"publisher\":{\"@id\":\"https:\/\/stagpartynight.com\/es\/#organization\"},\"potentialAction\":[{\"@type\":\"SearchAction\",\"target\":{\"@type\":\"EntryPoint\",\"urlTemplate\":\"https:\/\/stagpartynight.com\/es\/?s={search_term_string}\"},\"query-input\":{\"@type\":\"PropertyValueSpecification\",\"valueRequired\":true,\"valueName\":\"search_term_string\"}}],\"inLanguage\":\"es\"},{\"@type\":\"Organization\",\"@id\":\"https:\/\/stagpartynight.com\/es\/#organization\",\"name\":\"Stag Party Night\",\"url\":\"https:\/\/stagpartynight.com\/es\/\",\"logo\":{\"@type\":\"ImageObject\",\"inLanguage\":\"es\",\"@id\":\"https:\/\/stagpartynight.com\/es\/#\/schema\/logo\/image\/\",\"url\":\"https:\/\/stagpartynight.com\/es\/wp-content\/uploads\/sites\/2\/2019\/12\/stagpartynight-e1578565505687.png\",\"contentUrl\":\"https:\/\/stagpartynight.com\/es\/wp-content\/uploads\/sites\/2\/2019\/12\/stagpartynight-e1578565505687.png\",\"width\":400,\"height\":400,\"caption\":\"Stag Party Night\"},\"image\":{\"@id\":\"https:\/\/stagpartynight.com\/es\/#\/schema\/logo\/image\/\"}}]}<\/script>\n<!-- \/ Yoast SEO plugin. -->","yoast_head_json":{"title":"Mesa VIP Discoteca Ibiza","description":"Mesa VIP en discoteca de Ibiza. Reserva una mesa con una botella en la zona VIP de los mejores clubes de la isla. Cada 5 personas una mesa.","robots":{"index":"index","follow":"follow","max-snippet":"max-snippet:-1","max-image-preview":"max-image-preview:large","max-video-preview":"max-video-preview:-1"},"canonical":"https:\/\/stagpartynight.com\/es\/product\/mesa-vip-discoteca-ibiza\/","og_locale":"es_ES","og_type":"article","og_title":"Mesa VIP Discoteca Ibiza","og_description":"Mesa VIP en discoteca de Ibiza. Reserva una mesa con una botella en la zona VIP de los mejores clubes de la isla. Cada 5 personas una mesa.","og_url":"https:\/\/stagpartynight.com\/es\/product\/mesa-vip-discoteca-ibiza\/","og_site_name":"Despedida de Soltero","article_modified_time":"2024-01-22T11:31:00+00:00","og_image":[{"width":2560,"height":1707,"url":"https:\/\/stagpartynight.com\/es\/wp-content\/uploads\/sites\/2\/2020\/01\/Vip-Zone-scaled.jpg","type":"image\/jpeg"}],"twitter_card":"summary_large_image","twitter_misc":{"Tiempo de lectura":"2 minutos"},"schema":{"@context":"https:\/\/schema.org","@graph":[{"@type":"WebPage","@id":"https:\/\/stagpartynight.com\/es\/product\/mesa-vip-discoteca-ibiza\/","url":"https:\/\/stagpartynight.com\/es\/product\/mesa-vip-discoteca-ibiza\/","name":"Mesa VIP Discoteca Ibiza","isPartOf":{"@id":"https:\/\/stagpartynight.com\/es\/#website"},"primaryImageOfPage":{"@id":"https:\/\/stagpartynight.com\/es\/product\/mesa-vip-discoteca-ibiza\/#primaryimage"},"image":{"@id":"https:\/\/stagpartynight.com\/es\/product\/mesa-vip-discoteca-ibiza\/#primaryimage"},"thumbnailUrl":"https:\/\/stagpartynight.com\/es\/wp-content\/uploads\/sites\/2\/2020\/01\/Vip-Zone-scaled.jpg","datePublished":"2020-01-08T13:43:43+00:00","dateModified":"2024-01-22T11:31:00+00:00","description":"Mesa VIP en discoteca de Ibiza. Reserva una mesa con una botella en la zona VIP de los mejores clubes de la isla. Cada 5 personas una mesa.","breadcrumb":{"@id":"https:\/\/stagpartynight.com\/es\/product\/mesa-vip-discoteca-ibiza\/#breadcrumb"},"inLanguage":"es","potentialAction":[{"@type":"ReadAction","target":["https:\/\/stagpartynight.com\/es\/product\/mesa-vip-discoteca-ibiza\/"]}]},{"@type":"ImageObject","inLanguage":"es","@id":"https:\/\/stagpartynight.com\/es\/product\/mesa-vip-discoteca-ibiza\/#primaryimage","url":"https:\/\/stagpartynight.com\/es\/wp-content\/uploads\/sites\/2\/2020\/01\/Vip-Zone-scaled.jpg","contentUrl":"https:\/\/stagpartynight.com\/es\/wp-content\/uploads\/sites\/2\/2020\/01\/Vip-Zone-scaled.jpg","width":2560,"height":1707,"caption":"Mesa VIP Discoteca Ibiza"},{"@type":"BreadcrumbList","@id":"https:\/\/stagpartynight.com\/es\/product\/mesa-vip-discoteca-ibiza\/#breadcrumb","itemListElement":[{"@type":"ListItem","position":1,"name":"Home","item":"https:\/\/stagpartynight.com\/es\/"},{"@type":"ListItem","position":2,"name":"Tienda","item":"https:\/\/stagpartynight.com\/es\/tienda\/"},{"@type":"ListItem","position":3,"name":"Mesa VIP Discoteca Ibiza"}]},{"@type":"WebSite","@id":"https:\/\/stagpartynight.com\/es\/#website","url":"https:\/\/stagpartynight.com\/es\/","name":"Stag Party Night","description":"Your Stag Party Customized","publisher":{"@id":"https:\/\/stagpartynight.com\/es\/#organization"},"potentialAction":[{"@type":"SearchAction","target":{"@type":"EntryPoint","urlTemplate":"https:\/\/stagpartynight.com\/es\/?s={search_term_string}"},"query-input":{"@type":"PropertyValueSpecification","valueRequired":true,"valueName":"search_term_string"}}],"inLanguage":"es"},{"@type":"Organization","@id":"https:\/\/stagpartynight.com\/es\/#organization","name":"Stag Party Night","url":"https:\/\/stagpartynight.com\/es\/","logo":{"@type":"ImageObject","inLanguage":"es","@id":"https:\/\/stagpartynight.com\/es\/#\/schema\/logo\/image\/","url":"https:\/\/stagpartynight.com\/es\/wp-content\/uploads\/sites\/2\/2019\/12\/stagpartynight-e1578565505687.png","contentUrl":"https:\/\/stagpartynight.com\/es\/wp-content\/uploads\/sites\/2\/2019\/12\/stagpartynight-e1578565505687.png","width":400,"height":400,"caption":"Stag Party Night"},"image":{"@id":"https:\/\/stagpartynight.com\/es\/#\/schema\/logo\/image\/"}}]}},"_links":{"self":[{"href":"https:\/\/stagpartynight.com\/es\/wp-json\/wp\/v2\/product\/274","targetHints":{"allow":["GET"]}}],"collection":[{"href":"https:\/\/stagpartynight.com\/es\/wp-json\/wp\/v2\/product"}],"about":[{"href":"https:\/\/stagpartynight.com\/es\/wp-json\/wp\/v2\/types\/product"}],"replies":[{"embeddable":true,"href":"https:\/\/stagpartynight.com\/es\/wp-json\/wp\/v2\/comments?post=274"}],"wp:featuredmedia":[{"embeddable":true,"href":"https:\/\/stagpartynight.com\/es\/wp-json\/wp\/v2\/media\/148"}],"wp:attachment":[{"href":"https:\/\/stagpartynight.com\/es\/wp-json\/wp\/v2\/media?parent=274"}],"wp:term":[{"taxonomy":"product_brand","embeddable":true,"href":"https:\/\/stagpartynight.com\/es\/wp-json\/wp\/v2\/product_brand?post=274"},{"taxonomy":"product_cat","embeddable":true,"href":"https:\/\/stagpartynight.com\/es\/wp-json\/wp\/v2\/product_cat?post=274"},{"taxonomy":"product_tag","embeddable":true,"href":"https:\/\/stagpartynight.com\/es\/wp-json\/wp\/v2\/product_tag?post=274"}],"curies":[{"name":"wp","href":"https:\/\/api.w.org\/{rel}","templated":true}]}}