{"id":2747,"date":"2024-01-02T10:40:29","date_gmt":"2024-01-02T09:40:29","guid":{"rendered":"https:\/\/stagpartynight.com\/fr\/?post_type=product&#038;p=2747"},"modified":"2024-01-18T12:33:01","modified_gmt":"2024-01-18T11:33:01","slug":"conducir-buggy-mallorca","status":"publish","type":"product","link":"https:\/\/stagpartynight.com\/es\/product\/conducir-buggy-mallorca\/","title":{"rendered":"Conducir Buggy Mallorca"},"content":{"rendered":"<p>Conducir Buggy Mallorca. Disfrute de una excursi\u00f3n guiada de cuatro horas en buggy por Cala Millor. Conducci\u00f3n de Buugy Palma de <a href=\"https:\/\/es.wikipedia.org\/wiki\/Mallorca\">Mallorca<\/a>.<\/p>\n<p>\u00a1Las mejores despedidas de soltero con <a href=\"https:\/\/stagpartynight.com\/\">Stagparty<\/a>!<\/p>\n<h2 style=\"text-align: center;\">Conducir Buggy Mallorca\ud83c\udfce\ufe0f<\/h2>\n<h4>\n\ud83c\udfce\ufe0f Descubre la aventura en Buggy: \u00a1Explora Cala Millor como nunca antes! \ud83c\udf1f<\/h4>\n<p>\u00a1Prep\u00e1rate para una experiencia \u00e9pica con nuestra excursi\u00f3n de cuatro horas en buggy con salida desde Cala Millor!<\/p>\n<p>\ud83c\udfdc\ufe0f Sum\u00e9rgete en la emoci\u00f3n de conducir tu propio buggy a trav\u00e9s de los hermosos paisajes de Mallorca, ofreciendo una experiencia \u00fanica y memorable.<\/p>\n<p>Tu aventura comienza cuando tomas el control de tu buggy todoterreno, listo para conquistar las pintorescas carreteras y los cautivadores senderos de Cala Millor. Nuestro completo paquete incluye todo el equipamiento que necesita, garantiz\u00e1ndole una experiencia sin preocupaciones. Cascos, gafas y un briefing detallado: nos aseguramos de que est\u00e9s listo para la acci\u00f3n. \ud83d\uded1\ud83d\udd27<\/p>\n<p>Durante cuatro horas, explore los rincones m\u00e1s secretos de la isla, descubra vistas impresionantes y disfrute de una experiencia envolvente en plena naturaleza mediterr\u00e1nea. Nuestro itinerario, cuidadosamente planificado, garantiza una gran variedad de terrenos, desde playas doradas hasta senderos monta\u00f1osos, ofreciendo la mezcla perfecta de aventura y descubrimiento. \ud83c\udfde\ufe0f\ud83c\udf05<\/p>\n<p>\u00danete a nosotros para vivir una experiencia inolvidable en buggy, combinando adrenalina, exploraci\u00f3n y paisajes espectaculares. \u00a1Atr\u00e9vete a conducir un buggy mallorqu\u00edn!<\/p>\n<p style=\"text-align: center;\">Reserva ahora y prep\u00e1rate-experiencia \u00fanica<\/p>\n","protected":false},"excerpt":{"rendered":"<p>Conducir Buggy Mallorca. Disfrute de una excursi\u00f3n guiada de cuatro horas en buggy por Cala Millor. Conducci\u00f3n de Buugy Palma de Mallorca. \u00a1Las mejores despedidas de soltero con Stagparty! Conducir Buggy Mallorca\ud83c\udfce\ufe0f \ud83c\udfce\ufe0f Descubre la aventura en Buggy: \u00a1Explora Cala Millor como nunca antes! \ud83c\udf1f \u00a1Prep\u00e1rate para una experiencia \u00e9pica con nuestra excursi\u00f3n de cuatro [&hellip;]<\/p>\n","protected":false},"featured_media":3547,"comment_status":"open","ping_status":"closed","template":"","meta":{"_et_pb_use_builder":"","_et_pb_old_content":"","_et_gb_content_width":""},"product_brand":[],"product_cat":[342,1313],"product_tag":[],"class_list":{"0":"post-2747","1":"product","2":"type-product","3":"status-publish","4":"has-post-thumbnail","6":"product_cat-mallorca","7":"product_cat-uncategorised","9":"first","10":"instock","11":"shipping-taxable","12":"product-type-simple"},"yoast_head":"<!-- This site is optimized with the Yoast SEO plugin v26.4 - https:\/\/yoast.com\/wordpress\/plugins\/seo\/ -->\n<title>Conducir Buggy Mallorca<\/title>\n<meta name=\"description\" content=\"Conducir Buggy Mallorca. Disfrute de una excursi\u00f3n guiada de cuatro horas en buggy por Cala Millor. Conducci\u00f3n de Buugy Palma de Mallorca.\" \/>\n<meta name=\"robots\" content=\"index, follow, max-snippet:-1, max-image-preview:large, max-video-preview:-1\" \/>\n<link rel=\"canonical\" href=\"https:\/\/stagpartynight.com\/es\/product\/conducir-buggy-mallorca\/\" \/>\n<meta property=\"og:locale\" content=\"es_ES\" \/>\n<meta property=\"og:type\" content=\"article\" \/>\n<meta property=\"og:title\" content=\"Conducir Buggy Mallorca\" \/>\n<meta property=\"og:description\" content=\"Conducir Buggy Mallorca. Disfrute de una excursi\u00f3n guiada de cuatro horas en buggy por Cala Millor. Conducci\u00f3n de Buugy Palma de Mallorca.\" \/>\n<meta property=\"og:url\" content=\"https:\/\/stagpartynight.com\/es\/product\/conducir-buggy-mallorca\/\" \/>\n<meta property=\"og:site_name\" content=\"Despedida de Soltero\" \/>\n<meta property=\"article:modified_time\" content=\"2024-01-18T11:33:01+00:00\" \/>\n<meta property=\"og:image\" content=\"https:\/\/stagpartynight.com\/es\/wp-content\/uploads\/sites\/2\/2024\/01\/Conducir-Buggy-Mallorca.jpg\" \/>\n\t<meta property=\"og:image:width\" content=\"1280\" \/>\n\t<meta property=\"og:image:height\" content=\"1920\" \/>\n\t<meta property=\"og:image:type\" content=\"image\/jpeg\" \/>\n<meta name=\"twitter:card\" content=\"summary_large_image\" \/>\n<meta name=\"twitter:label1\" content=\"Tiempo de lectura\" \/>\n\t<meta name=\"twitter:data1\" content=\"2 minutos\" \/>\n<script type=\"application\/ld+json\" class=\"yoast-schema-graph\">{\"@context\":\"https:\/\/schema.org\",\"@graph\":[{\"@type\":\"WebPage\",\"@id\":\"https:\/\/stagpartynight.com\/es\/product\/conducir-buggy-mallorca\/\",\"url\":\"https:\/\/stagpartynight.com\/es\/product\/conducir-buggy-mallorca\/\",\"name\":\"Conducir Buggy Mallorca\",\"isPartOf\":{\"@id\":\"https:\/\/stagpartynight.com\/es\/#website\"},\"primaryImageOfPage\":{\"@id\":\"https:\/\/stagpartynight.com\/es\/product\/conducir-buggy-mallorca\/#primaryimage\"},\"image\":{\"@id\":\"https:\/\/stagpartynight.com\/es\/product\/conducir-buggy-mallorca\/#primaryimage\"},\"thumbnailUrl\":\"https:\/\/stagpartynight.com\/es\/wp-content\/uploads\/sites\/2\/2024\/01\/Conducir-Buggy-Mallorca.jpg\",\"datePublished\":\"2024-01-02T09:40:29+00:00\",\"dateModified\":\"2024-01-18T11:33:01+00:00\",\"description\":\"Conducir Buggy Mallorca. Disfrute de una excursi\u00f3n guiada de cuatro horas en buggy por Cala Millor. Conducci\u00f3n de Buugy Palma de Mallorca.\",\"breadcrumb\":{\"@id\":\"https:\/\/stagpartynight.com\/es\/product\/conducir-buggy-mallorca\/#breadcrumb\"},\"inLanguage\":\"es\",\"potentialAction\":[{\"@type\":\"ReadAction\",\"target\":[\"https:\/\/stagpartynight.com\/es\/product\/conducir-buggy-mallorca\/\"]}]},{\"@type\":\"ImageObject\",\"inLanguage\":\"es\",\"@id\":\"https:\/\/stagpartynight.com\/es\/product\/conducir-buggy-mallorca\/#primaryimage\",\"url\":\"https:\/\/stagpartynight.com\/es\/wp-content\/uploads\/sites\/2\/2024\/01\/Conducir-Buggy-Mallorca.jpg\",\"contentUrl\":\"https:\/\/stagpartynight.com\/es\/wp-content\/uploads\/sites\/2\/2024\/01\/Conducir-Buggy-Mallorca.jpg\",\"width\":1280,\"height\":1920,\"caption\":\"Conducir Buggy Mallorca\"},{\"@type\":\"BreadcrumbList\",\"@id\":\"https:\/\/stagpartynight.com\/es\/product\/conducir-buggy-mallorca\/#breadcrumb\",\"itemListElement\":[{\"@type\":\"ListItem\",\"position\":1,\"name\":\"Home\",\"item\":\"https:\/\/stagpartynight.com\/es\/\"},{\"@type\":\"ListItem\",\"position\":2,\"name\":\"Tienda\",\"item\":\"https:\/\/stagpartynight.com\/es\/tienda\/\"},{\"@type\":\"ListItem\",\"position\":3,\"name\":\"Conducir Buggy Mallorca\"}]},{\"@type\":\"WebSite\",\"@id\":\"https:\/\/stagpartynight.com\/es\/#website\",\"url\":\"https:\/\/stagpartynight.com\/es\/\",\"name\":\"Stag Party Night\",\"description\":\"Your Stag Party Customized\",\"publisher\":{\"@id\":\"https:\/\/stagpartynight.com\/es\/#organization\"},\"potentialAction\":[{\"@type\":\"SearchAction\",\"target\":{\"@type\":\"EntryPoint\",\"urlTemplate\":\"https:\/\/stagpartynight.com\/es\/?s={search_term_string}\"},\"query-input\":{\"@type\":\"PropertyValueSpecification\",\"valueRequired\":true,\"valueName\":\"search_term_string\"}}],\"inLanguage\":\"es\"},{\"@type\":\"Organization\",\"@id\":\"https:\/\/stagpartynight.com\/es\/#organization\",\"name\":\"Stag Party Night\",\"url\":\"https:\/\/stagpartynight.com\/es\/\",\"logo\":{\"@type\":\"ImageObject\",\"inLanguage\":\"es\",\"@id\":\"https:\/\/stagpartynight.com\/es\/#\/schema\/logo\/image\/\",\"url\":\"https:\/\/stagpartynight.com\/es\/wp-content\/uploads\/sites\/2\/2019\/12\/stagpartynight-e1578565505687.png\",\"contentUrl\":\"https:\/\/stagpartynight.com\/es\/wp-content\/uploads\/sites\/2\/2019\/12\/stagpartynight-e1578565505687.png\",\"width\":400,\"height\":400,\"caption\":\"Stag Party Night\"},\"image\":{\"@id\":\"https:\/\/stagpartynight.com\/es\/#\/schema\/logo\/image\/\"}}]}<\/script>\n<!-- \/ Yoast SEO plugin. -->","yoast_head_json":{"title":"Conducir Buggy Mallorca","description":"Conducir Buggy Mallorca. Disfrute de una excursi\u00f3n guiada de cuatro horas en buggy por Cala Millor. Conducci\u00f3n de Buugy Palma de Mallorca.","robots":{"index":"index","follow":"follow","max-snippet":"max-snippet:-1","max-image-preview":"max-image-preview:large","max-video-preview":"max-video-preview:-1"},"canonical":"https:\/\/stagpartynight.com\/es\/product\/conducir-buggy-mallorca\/","og_locale":"es_ES","og_type":"article","og_title":"Conducir Buggy Mallorca","og_description":"Conducir Buggy Mallorca. Disfrute de una excursi\u00f3n guiada de cuatro horas en buggy por Cala Millor. Conducci\u00f3n de Buugy Palma de Mallorca.","og_url":"https:\/\/stagpartynight.com\/es\/product\/conducir-buggy-mallorca\/","og_site_name":"Despedida de Soltero","article_modified_time":"2024-01-18T11:33:01+00:00","og_image":[{"width":1280,"height":1920,"url":"https:\/\/stagpartynight.com\/es\/wp-content\/uploads\/sites\/2\/2024\/01\/Conducir-Buggy-Mallorca.jpg","type":"image\/jpeg"}],"twitter_card":"summary_large_image","twitter_misc":{"Tiempo de lectura":"2 minutos"},"schema":{"@context":"https:\/\/schema.org","@graph":[{"@type":"WebPage","@id":"https:\/\/stagpartynight.com\/es\/product\/conducir-buggy-mallorca\/","url":"https:\/\/stagpartynight.com\/es\/product\/conducir-buggy-mallorca\/","name":"Conducir Buggy Mallorca","isPartOf":{"@id":"https:\/\/stagpartynight.com\/es\/#website"},"primaryImageOfPage":{"@id":"https:\/\/stagpartynight.com\/es\/product\/conducir-buggy-mallorca\/#primaryimage"},"image":{"@id":"https:\/\/stagpartynight.com\/es\/product\/conducir-buggy-mallorca\/#primaryimage"},"thumbnailUrl":"https:\/\/stagpartynight.com\/es\/wp-content\/uploads\/sites\/2\/2024\/01\/Conducir-Buggy-Mallorca.jpg","datePublished":"2024-01-02T09:40:29+00:00","dateModified":"2024-01-18T11:33:01+00:00","description":"Conducir Buggy Mallorca. Disfrute de una excursi\u00f3n guiada de cuatro horas en buggy por Cala Millor. Conducci\u00f3n de Buugy Palma de Mallorca.","breadcrumb":{"@id":"https:\/\/stagpartynight.com\/es\/product\/conducir-buggy-mallorca\/#breadcrumb"},"inLanguage":"es","potentialAction":[{"@type":"ReadAction","target":["https:\/\/stagpartynight.com\/es\/product\/conducir-buggy-mallorca\/"]}]},{"@type":"ImageObject","inLanguage":"es","@id":"https:\/\/stagpartynight.com\/es\/product\/conducir-buggy-mallorca\/#primaryimage","url":"https:\/\/stagpartynight.com\/es\/wp-content\/uploads\/sites\/2\/2024\/01\/Conducir-Buggy-Mallorca.jpg","contentUrl":"https:\/\/stagpartynight.com\/es\/wp-content\/uploads\/sites\/2\/2024\/01\/Conducir-Buggy-Mallorca.jpg","width":1280,"height":1920,"caption":"Conducir Buggy Mallorca"},{"@type":"BreadcrumbList","@id":"https:\/\/stagpartynight.com\/es\/product\/conducir-buggy-mallorca\/#breadcrumb","itemListElement":[{"@type":"ListItem","position":1,"name":"Home","item":"https:\/\/stagpartynight.com\/es\/"},{"@type":"ListItem","position":2,"name":"Tienda","item":"https:\/\/stagpartynight.com\/es\/tienda\/"},{"@type":"ListItem","position":3,"name":"Conducir Buggy Mallorca"}]},{"@type":"WebSite","@id":"https:\/\/stagpartynight.com\/es\/#website","url":"https:\/\/stagpartynight.com\/es\/","name":"Stag Party Night","description":"Your Stag Party Customized","publisher":{"@id":"https:\/\/stagpartynight.com\/es\/#organization"},"potentialAction":[{"@type":"SearchAction","target":{"@type":"EntryPoint","urlTemplate":"https:\/\/stagpartynight.com\/es\/?s={search_term_string}"},"query-input":{"@type":"PropertyValueSpecification","valueRequired":true,"valueName":"search_term_string"}}],"inLanguage":"es"},{"@type":"Organization","@id":"https:\/\/stagpartynight.com\/es\/#organization","name":"Stag Party Night","url":"https:\/\/stagpartynight.com\/es\/","logo":{"@type":"ImageObject","inLanguage":"es","@id":"https:\/\/stagpartynight.com\/es\/#\/schema\/logo\/image\/","url":"https:\/\/stagpartynight.com\/es\/wp-content\/uploads\/sites\/2\/2019\/12\/stagpartynight-e1578565505687.png","contentUrl":"https:\/\/stagpartynight.com\/es\/wp-content\/uploads\/sites\/2\/2019\/12\/stagpartynight-e1578565505687.png","width":400,"height":400,"caption":"Stag Party Night"},"image":{"@id":"https:\/\/stagpartynight.com\/es\/#\/schema\/logo\/image\/"}}]}},"_links":{"self":[{"href":"https:\/\/stagpartynight.com\/es\/wp-json\/wp\/v2\/product\/2747","targetHints":{"allow":["GET"]}}],"collection":[{"href":"https:\/\/stagpartynight.com\/es\/wp-json\/wp\/v2\/product"}],"about":[{"href":"https:\/\/stagpartynight.com\/es\/wp-json\/wp\/v2\/types\/product"}],"replies":[{"embeddable":true,"href":"https:\/\/stagpartynight.com\/es\/wp-json\/wp\/v2\/comments?post=2747"}],"wp:featuredmedia":[{"embeddable":true,"href":"https:\/\/stagpartynight.com\/es\/wp-json\/wp\/v2\/media\/3547"}],"wp:attachment":[{"href":"https:\/\/stagpartynight.com\/es\/wp-json\/wp\/v2\/media?parent=2747"}],"wp:term":[{"taxonomy":"product_brand","embeddable":true,"href":"https:\/\/stagpartynight.com\/es\/wp-json\/wp\/v2\/product_brand?post=2747"},{"taxonomy":"product_cat","embeddable":true,"href":"https:\/\/stagpartynight.com\/es\/wp-json\/wp\/v2\/product_cat?post=2747"},{"taxonomy":"product_tag","embeddable":true,"href":"https:\/\/stagpartynight.com\/es\/wp-json\/wp\/v2\/product_tag?post=2747"}],"curies":[{"name":"wp","href":"https:\/\/api.w.org\/{rel}","templated":true}]}}