{"id":2753,"date":"2024-01-02T11:07:28","date_gmt":"2024-01-02T10:07:28","guid":{"rendered":"https:\/\/stagpartynight.com\/fr\/?post_type=product&#038;p=2753"},"modified":"2024-01-18T12:32:58","modified_gmt":"2024-01-18T11:32:58","slug":"chicas-en-biquini-mallorca","status":"publish","type":"product","link":"https:\/\/stagpartynight.com\/es\/product\/chicas-en-biquini-mallorca\/","title":{"rendered":"Chicas en Biquini Mallorca"},"content":{"rendered":"<p>Chicas en Biquini Mallorca. Si est\u00e1s pensando en alquilar un barco en Mallorca, \u00a1no te puedes perder a las chicas en bikini!<\/p>\n<p>\u00a1Las mejores despedidas de soltero con <a href=\"https:\/\/stagpartynight.com\/\">Stagparty<\/a>!<\/p>\n<h2 style=\"text-align: center;\">Chicas en Biquini Mallorca\ud83d\udc59<\/h2>\n<p>\u00a1La mejor experiencia mar\u00edtima de Mallorca te espera con nuestro servicio exclusivo de encantadoras azafatas en bikini para mejorar tu viaje en barco! \u26f5<\/p>\n<p>Imag\u00ednate navegando por las cristalinas aguas de Mallorca&#8230;. Rodeado de impresionantes paisajes, en compa\u00f1\u00eda de bellas azafatas vestidas con sexys bikinis.<\/p>\n<p>Nuestras profesionales y atentas azafatas har\u00e1n que su d\u00eda en el mar sea a\u00fan m\u00e1s especial. Le acompa\u00f1ar\u00e1n en todo momento. Saca fotos y haz que tu experiencia en el barco sea inolvidable.<\/p>\n<p>Ya sea una excursi\u00f3n con amigos, una celebraci\u00f3n especial o simplemente un d\u00eda de relax en el mar, nuestras chicas en bikini a\u00f1adir\u00e1n un toque de sensualidad y diversi\u00f3n a su aventura en el mar. Su notable presencia y su impecable imagen le ayudar\u00e1n a relajarse y disfrutar de cada momento.<\/p>\n<p>Reserve ahora una exclusiva experiencia de navegaci\u00f3n en Mallorca, donde el lujo, la sensualidad y un servicio excepcional se combinan para crear recuerdos inolvidables. Emb\u00e1rcate con nosotros para pasar un d\u00eda de ensue\u00f1o en el mar, rodeado de belleza y bikinis. \ud83c\udf1e\u26f5\ud83d\udc59<\/p>\n<p>Te atreves a navegar rodeado de chicas sexys?<\/p>\n<p style=\"text-align: center;\">\u00a1Disfruta de las chicas en bikini de <a href=\"https:\/\/es.wikipedia.org\/wiki\/Mallorca\">Mallorca<\/a>!<\/p>\n","protected":false},"excerpt":{"rendered":"<p>Chicas en Biquini Mallorca. Si est\u00e1s pensando en alquilar un barco en Mallorca, \u00a1no te puedes perder a las chicas en bikini! \u00a1Las mejores despedidas de soltero con Stagparty! Chicas en Biquini Mallorca\ud83d\udc59 \u00a1La mejor experiencia mar\u00edtima de Mallorca te espera con nuestro servicio exclusivo de encantadoras azafatas en bikini para mejorar tu viaje en [&hellip;]<\/p>\n","protected":false},"featured_media":3541,"comment_status":"open","ping_status":"closed","template":"","meta":{"_et_pb_use_builder":"","_et_pb_old_content":"","_et_gb_content_width":""},"product_brand":[],"product_cat":[342,1313],"product_tag":[],"class_list":{"0":"post-2753","1":"product","2":"type-product","3":"status-publish","4":"has-post-thumbnail","6":"product_cat-mallorca","7":"product_cat-uncategorised","9":"first","10":"instock","11":"shipping-taxable","12":"product-type-simple"},"yoast_head":"<!-- This site is optimized with the Yoast SEO plugin v26.4 - https:\/\/yoast.com\/wordpress\/plugins\/seo\/ -->\n<title>Chicas en Biquini Mallorca<\/title>\n<meta name=\"description\" content=\"Chicas en Biquini Mallorca. Si est\u00e1s pensando en alquilar un barco en Mallorca, \u00a1no te puedes perder a las chicas en bikini!\" \/>\n<meta name=\"robots\" content=\"index, follow, max-snippet:-1, max-image-preview:large, max-video-preview:-1\" \/>\n<link rel=\"canonical\" href=\"https:\/\/stagpartynight.com\/es\/product\/chicas-en-biquini-mallorca\/\" \/>\n<meta property=\"og:locale\" content=\"es_ES\" \/>\n<meta property=\"og:type\" content=\"article\" \/>\n<meta property=\"og:title\" content=\"Chicas en Biquini Mallorca\" \/>\n<meta property=\"og:description\" content=\"Chicas en Biquini Mallorca. Si est\u00e1s pensando en alquilar un barco en Mallorca, \u00a1no te puedes perder a las chicas en bikini!\" \/>\n<meta property=\"og:url\" content=\"https:\/\/stagpartynight.com\/es\/product\/chicas-en-biquini-mallorca\/\" \/>\n<meta property=\"og:site_name\" content=\"Despedida de Soltero\" \/>\n<meta property=\"article:modified_time\" content=\"2024-01-18T11:32:58+00:00\" \/>\n<meta property=\"og:image\" content=\"https:\/\/stagpartynight.com\/es\/wp-content\/uploads\/sites\/2\/2024\/01\/Chicas-en-Biquini-Mallorca.jpg\" \/>\n\t<meta property=\"og:image:width\" content=\"1280\" \/>\n\t<meta property=\"og:image:height\" content=\"720\" \/>\n\t<meta property=\"og:image:type\" content=\"image\/jpeg\" \/>\n<meta name=\"twitter:card\" content=\"summary_large_image\" \/>\n<meta name=\"twitter:label1\" content=\"Tiempo de lectura\" \/>\n\t<meta name=\"twitter:data1\" content=\"2 minutos\" \/>\n<script type=\"application\/ld+json\" class=\"yoast-schema-graph\">{\"@context\":\"https:\/\/schema.org\",\"@graph\":[{\"@type\":\"WebPage\",\"@id\":\"https:\/\/stagpartynight.com\/es\/product\/chicas-en-biquini-mallorca\/\",\"url\":\"https:\/\/stagpartynight.com\/es\/product\/chicas-en-biquini-mallorca\/\",\"name\":\"Chicas en Biquini Mallorca\",\"isPartOf\":{\"@id\":\"https:\/\/stagpartynight.com\/es\/#website\"},\"primaryImageOfPage\":{\"@id\":\"https:\/\/stagpartynight.com\/es\/product\/chicas-en-biquini-mallorca\/#primaryimage\"},\"image\":{\"@id\":\"https:\/\/stagpartynight.com\/es\/product\/chicas-en-biquini-mallorca\/#primaryimage\"},\"thumbnailUrl\":\"https:\/\/stagpartynight.com\/es\/wp-content\/uploads\/sites\/2\/2024\/01\/Chicas-en-Biquini-Mallorca.jpg\",\"datePublished\":\"2024-01-02T10:07:28+00:00\",\"dateModified\":\"2024-01-18T11:32:58+00:00\",\"description\":\"Chicas en Biquini Mallorca. Si est\u00e1s pensando en alquilar un barco en Mallorca, \u00a1no te puedes perder a las chicas en bikini!\",\"breadcrumb\":{\"@id\":\"https:\/\/stagpartynight.com\/es\/product\/chicas-en-biquini-mallorca\/#breadcrumb\"},\"inLanguage\":\"es\",\"potentialAction\":[{\"@type\":\"ReadAction\",\"target\":[\"https:\/\/stagpartynight.com\/es\/product\/chicas-en-biquini-mallorca\/\"]}]},{\"@type\":\"ImageObject\",\"inLanguage\":\"es\",\"@id\":\"https:\/\/stagpartynight.com\/es\/product\/chicas-en-biquini-mallorca\/#primaryimage\",\"url\":\"https:\/\/stagpartynight.com\/es\/wp-content\/uploads\/sites\/2\/2024\/01\/Chicas-en-Biquini-Mallorca.jpg\",\"contentUrl\":\"https:\/\/stagpartynight.com\/es\/wp-content\/uploads\/sites\/2\/2024\/01\/Chicas-en-Biquini-Mallorca.jpg\",\"width\":1280,\"height\":720,\"caption\":\"Chicas en Biquini Mallorca\"},{\"@type\":\"BreadcrumbList\",\"@id\":\"https:\/\/stagpartynight.com\/es\/product\/chicas-en-biquini-mallorca\/#breadcrumb\",\"itemListElement\":[{\"@type\":\"ListItem\",\"position\":1,\"name\":\"Home\",\"item\":\"https:\/\/stagpartynight.com\/es\/\"},{\"@type\":\"ListItem\",\"position\":2,\"name\":\"Tienda\",\"item\":\"https:\/\/stagpartynight.com\/es\/tienda\/\"},{\"@type\":\"ListItem\",\"position\":3,\"name\":\"Chicas en Biquini Mallorca\"}]},{\"@type\":\"WebSite\",\"@id\":\"https:\/\/stagpartynight.com\/es\/#website\",\"url\":\"https:\/\/stagpartynight.com\/es\/\",\"name\":\"Stag Party Night\",\"description\":\"Your Stag Party Customized\",\"publisher\":{\"@id\":\"https:\/\/stagpartynight.com\/es\/#organization\"},\"potentialAction\":[{\"@type\":\"SearchAction\",\"target\":{\"@type\":\"EntryPoint\",\"urlTemplate\":\"https:\/\/stagpartynight.com\/es\/?s={search_term_string}\"},\"query-input\":{\"@type\":\"PropertyValueSpecification\",\"valueRequired\":true,\"valueName\":\"search_term_string\"}}],\"inLanguage\":\"es\"},{\"@type\":\"Organization\",\"@id\":\"https:\/\/stagpartynight.com\/es\/#organization\",\"name\":\"Stag Party Night\",\"url\":\"https:\/\/stagpartynight.com\/es\/\",\"logo\":{\"@type\":\"ImageObject\",\"inLanguage\":\"es\",\"@id\":\"https:\/\/stagpartynight.com\/es\/#\/schema\/logo\/image\/\",\"url\":\"https:\/\/stagpartynight.com\/es\/wp-content\/uploads\/sites\/2\/2019\/12\/stagpartynight-e1578565505687.png\",\"contentUrl\":\"https:\/\/stagpartynight.com\/es\/wp-content\/uploads\/sites\/2\/2019\/12\/stagpartynight-e1578565505687.png\",\"width\":400,\"height\":400,\"caption\":\"Stag Party Night\"},\"image\":{\"@id\":\"https:\/\/stagpartynight.com\/es\/#\/schema\/logo\/image\/\"}}]}<\/script>\n<!-- \/ Yoast SEO plugin. -->","yoast_head_json":{"title":"Chicas en Biquini Mallorca","description":"Chicas en Biquini Mallorca. Si est\u00e1s pensando en alquilar un barco en Mallorca, \u00a1no te puedes perder a las chicas en bikini!","robots":{"index":"index","follow":"follow","max-snippet":"max-snippet:-1","max-image-preview":"max-image-preview:large","max-video-preview":"max-video-preview:-1"},"canonical":"https:\/\/stagpartynight.com\/es\/product\/chicas-en-biquini-mallorca\/","og_locale":"es_ES","og_type":"article","og_title":"Chicas en Biquini Mallorca","og_description":"Chicas en Biquini Mallorca. Si est\u00e1s pensando en alquilar un barco en Mallorca, \u00a1no te puedes perder a las chicas en bikini!","og_url":"https:\/\/stagpartynight.com\/es\/product\/chicas-en-biquini-mallorca\/","og_site_name":"Despedida de Soltero","article_modified_time":"2024-01-18T11:32:58+00:00","og_image":[{"width":1280,"height":720,"url":"https:\/\/stagpartynight.com\/es\/wp-content\/uploads\/sites\/2\/2024\/01\/Chicas-en-Biquini-Mallorca.jpg","type":"image\/jpeg"}],"twitter_card":"summary_large_image","twitter_misc":{"Tiempo de lectura":"2 minutos"},"schema":{"@context":"https:\/\/schema.org","@graph":[{"@type":"WebPage","@id":"https:\/\/stagpartynight.com\/es\/product\/chicas-en-biquini-mallorca\/","url":"https:\/\/stagpartynight.com\/es\/product\/chicas-en-biquini-mallorca\/","name":"Chicas en Biquini Mallorca","isPartOf":{"@id":"https:\/\/stagpartynight.com\/es\/#website"},"primaryImageOfPage":{"@id":"https:\/\/stagpartynight.com\/es\/product\/chicas-en-biquini-mallorca\/#primaryimage"},"image":{"@id":"https:\/\/stagpartynight.com\/es\/product\/chicas-en-biquini-mallorca\/#primaryimage"},"thumbnailUrl":"https:\/\/stagpartynight.com\/es\/wp-content\/uploads\/sites\/2\/2024\/01\/Chicas-en-Biquini-Mallorca.jpg","datePublished":"2024-01-02T10:07:28+00:00","dateModified":"2024-01-18T11:32:58+00:00","description":"Chicas en Biquini Mallorca. Si est\u00e1s pensando en alquilar un barco en Mallorca, \u00a1no te puedes perder a las chicas en bikini!","breadcrumb":{"@id":"https:\/\/stagpartynight.com\/es\/product\/chicas-en-biquini-mallorca\/#breadcrumb"},"inLanguage":"es","potentialAction":[{"@type":"ReadAction","target":["https:\/\/stagpartynight.com\/es\/product\/chicas-en-biquini-mallorca\/"]}]},{"@type":"ImageObject","inLanguage":"es","@id":"https:\/\/stagpartynight.com\/es\/product\/chicas-en-biquini-mallorca\/#primaryimage","url":"https:\/\/stagpartynight.com\/es\/wp-content\/uploads\/sites\/2\/2024\/01\/Chicas-en-Biquini-Mallorca.jpg","contentUrl":"https:\/\/stagpartynight.com\/es\/wp-content\/uploads\/sites\/2\/2024\/01\/Chicas-en-Biquini-Mallorca.jpg","width":1280,"height":720,"caption":"Chicas en Biquini Mallorca"},{"@type":"BreadcrumbList","@id":"https:\/\/stagpartynight.com\/es\/product\/chicas-en-biquini-mallorca\/#breadcrumb","itemListElement":[{"@type":"ListItem","position":1,"name":"Home","item":"https:\/\/stagpartynight.com\/es\/"},{"@type":"ListItem","position":2,"name":"Tienda","item":"https:\/\/stagpartynight.com\/es\/tienda\/"},{"@type":"ListItem","position":3,"name":"Chicas en Biquini Mallorca"}]},{"@type":"WebSite","@id":"https:\/\/stagpartynight.com\/es\/#website","url":"https:\/\/stagpartynight.com\/es\/","name":"Stag Party Night","description":"Your Stag Party Customized","publisher":{"@id":"https:\/\/stagpartynight.com\/es\/#organization"},"potentialAction":[{"@type":"SearchAction","target":{"@type":"EntryPoint","urlTemplate":"https:\/\/stagpartynight.com\/es\/?s={search_term_string}"},"query-input":{"@type":"PropertyValueSpecification","valueRequired":true,"valueName":"search_term_string"}}],"inLanguage":"es"},{"@type":"Organization","@id":"https:\/\/stagpartynight.com\/es\/#organization","name":"Stag Party Night","url":"https:\/\/stagpartynight.com\/es\/","logo":{"@type":"ImageObject","inLanguage":"es","@id":"https:\/\/stagpartynight.com\/es\/#\/schema\/logo\/image\/","url":"https:\/\/stagpartynight.com\/es\/wp-content\/uploads\/sites\/2\/2019\/12\/stagpartynight-e1578565505687.png","contentUrl":"https:\/\/stagpartynight.com\/es\/wp-content\/uploads\/sites\/2\/2019\/12\/stagpartynight-e1578565505687.png","width":400,"height":400,"caption":"Stag Party Night"},"image":{"@id":"https:\/\/stagpartynight.com\/es\/#\/schema\/logo\/image\/"}}]}},"_links":{"self":[{"href":"https:\/\/stagpartynight.com\/es\/wp-json\/wp\/v2\/product\/2753","targetHints":{"allow":["GET"]}}],"collection":[{"href":"https:\/\/stagpartynight.com\/es\/wp-json\/wp\/v2\/product"}],"about":[{"href":"https:\/\/stagpartynight.com\/es\/wp-json\/wp\/v2\/types\/product"}],"replies":[{"embeddable":true,"href":"https:\/\/stagpartynight.com\/es\/wp-json\/wp\/v2\/comments?post=2753"}],"wp:featuredmedia":[{"embeddable":true,"href":"https:\/\/stagpartynight.com\/es\/wp-json\/wp\/v2\/media\/3541"}],"wp:attachment":[{"href":"https:\/\/stagpartynight.com\/es\/wp-json\/wp\/v2\/media?parent=2753"}],"wp:term":[{"taxonomy":"product_brand","embeddable":true,"href":"https:\/\/stagpartynight.com\/es\/wp-json\/wp\/v2\/product_brand?post=2753"},{"taxonomy":"product_cat","embeddable":true,"href":"https:\/\/stagpartynight.com\/es\/wp-json\/wp\/v2\/product_cat?post=2753"},{"taxonomy":"product_tag","embeddable":true,"href":"https:\/\/stagpartynight.com\/es\/wp-json\/wp\/v2\/product_tag?post=2753"}],"curies":[{"name":"wp","href":"https:\/\/api.w.org\/{rel}","templated":true}]}}