{"id":2759,"date":"2024-01-02T11:20:31","date_gmt":"2024-01-02T10:20:31","guid":{"rendered":"https:\/\/stagpartynight.com\/fr\/?post_type=product&#038;p=2759"},"modified":"2024-01-18T12:32:57","modified_gmt":"2024-01-18T11:32:57","slug":"banana-boat-mallorca","status":"publish","type":"product","link":"https:\/\/stagpartynight.com\/es\/product\/banana-boat-mallorca\/","title":{"rendered":"Banana Boat Mallorca"},"content":{"rendered":"<div>Banana boat Mallorca. Una divertida experiencia acu\u00e1tica, \u00bflograr\u00e1s no caerte por la borda?<\/div>\n<div><\/div>\n<div>\u00a1Las mejores despedidas de soltero con <a href=\"https:\/\/stagpartynight.com\/\">Stagparty<\/a>!<\/div>\n<div><\/div>\n<h2 style=\"text-align: center;\">Banana Boat Mallorca\ud83c\udf4c<\/h2>\n<div><\/div>\n<h4>\ud83c\udf0a Banana Boat en Palma de Mallorca: \u00a1Ilum\u00ednate sobre las olas de cristal! \ud83c\udf4c<\/h4>\n<div><\/div>\n<div>\u00a1Prep\u00e1rate para una aventura acu\u00e1tica inolvidable en Palma de Mallorca con nuestra experiencia Banana Boat! \ud83d\udea4<\/div>\n<div><\/div>\n<div>\u00danete a nosotros en una aventura llena de risas y desaf\u00edos mientras intentas mantener el equilibrio en nuestro barco banana hinchable mientras te deslizas por las aguas cristalinas de Palma.<\/div>\n<div><\/div>\n<div>Emb\u00e1rcate con tus amigos en una experiencia emocionante, donde la diversi\u00f3n y la emoci\u00f3n se encuentran con el ritmo de las olas del Mediterr\u00e1neo. La pregunta es: \u00bfpodr\u00e1s aguantar y evitar caer en las refrescantes aguas de Palma? \ud83c\udf1e.<\/div>\n<div><\/div>\n<div>Nuestro experimentado equipo velar\u00e1 por tu seguridad a la vez que te garantiza la m\u00e1xima dosis de diversi\u00f3n. Ya sea en familia, con amigos o en grupo, el Banana Boat ofrece una aventura acu\u00e1tica apta para todos los niveles de habilidad.<\/div>\n<div><\/div>\n<div>Reserve ahora para disfrutar de un d\u00eda de risas, competici\u00f3n amistosa y recuerdos inolvidables. No pierda esta oportunidad de divertirse con sus seres queridos en las brillantes aguas de Palma de Mallorca. \u00a1Prep\u00e1rate para risas y emociones en nuestra experiencia acu\u00e1tica! \ud83c\udf0a\ud83c\udf4c<\/div>\n<div><\/div>\n<div style=\"text-align: center;\">\u00a1Reserva ya la experiencia Banana <a href=\"https:\/\/es.wikipedia.org\/wiki\/Mallorca\">Mallorca<\/a>!<\/div>\n","protected":false},"excerpt":{"rendered":"<p>Banana boat Mallorca. Una divertida experiencia acu\u00e1tica, \u00bflograr\u00e1s no caerte por la borda? \u00a1Las mejores despedidas de soltero con Stagparty! Banana Boat Mallorca\ud83c\udf4c \ud83c\udf0a Banana Boat en Palma de Mallorca: \u00a1Ilum\u00ednate sobre las olas de cristal! \ud83c\udf4c \u00a1Prep\u00e1rate para una aventura acu\u00e1tica inolvidable en Palma de Mallorca con nuestra experiencia Banana Boat! \ud83d\udea4 \u00danete a [&hellip;]<\/p>\n","protected":false},"featured_media":3538,"comment_status":"open","ping_status":"closed","template":"","meta":{"_et_pb_use_builder":"","_et_pb_old_content":"","_et_gb_content_width":""},"product_brand":[],"product_cat":[342,1313],"product_tag":[],"class_list":{"0":"post-2759","1":"product","2":"type-product","3":"status-publish","4":"has-post-thumbnail","6":"product_cat-mallorca","7":"product_cat-uncategorised","9":"first","10":"instock","11":"shipping-taxable","12":"product-type-simple"},"yoast_head":"<!-- This site is optimized with the Yoast SEO plugin v26.4 - https:\/\/yoast.com\/wordpress\/plugins\/seo\/ -->\n<title>Banana Boat Mallorca<\/title>\n<meta name=\"description\" content=\"Banana Boat Mallorca. Una divertida experiencia acu\u00e1tica, \u00bflograr\u00e1s no caerte por la borda? Experiencia acu\u00e1tica \u00fanica en Mallorca.\" \/>\n<meta name=\"robots\" content=\"index, follow, max-snippet:-1, max-image-preview:large, max-video-preview:-1\" \/>\n<link rel=\"canonical\" href=\"https:\/\/stagpartynight.com\/es\/product\/banana-boat-mallorca\/\" \/>\n<meta property=\"og:locale\" content=\"es_ES\" \/>\n<meta property=\"og:type\" content=\"article\" \/>\n<meta property=\"og:title\" content=\"Banana Boat Mallorca\" \/>\n<meta property=\"og:description\" content=\"Banana Boat Mallorca. Una divertida experiencia acu\u00e1tica, \u00bflograr\u00e1s no caerte por la borda? Experiencia acu\u00e1tica \u00fanica en Mallorca.\" \/>\n<meta property=\"og:url\" content=\"https:\/\/stagpartynight.com\/es\/product\/banana-boat-mallorca\/\" \/>\n<meta property=\"og:site_name\" content=\"Despedida de Soltero\" \/>\n<meta property=\"article:modified_time\" content=\"2024-01-18T11:32:57+00:00\" \/>\n<meta property=\"og:image\" content=\"https:\/\/stagpartynight.com\/es\/wp-content\/uploads\/sites\/2\/2024\/01\/Banana-Boat-Mallorca.jpg\" \/>\n\t<meta property=\"og:image:width\" content=\"2560\" \/>\n\t<meta property=\"og:image:height\" content=\"1707\" \/>\n\t<meta property=\"og:image:type\" content=\"image\/jpeg\" \/>\n<meta name=\"twitter:card\" content=\"summary_large_image\" \/>\n<meta name=\"twitter:label1\" content=\"Tiempo de lectura\" \/>\n\t<meta name=\"twitter:data1\" content=\"2 minutos\" \/>\n<script type=\"application\/ld+json\" class=\"yoast-schema-graph\">{\"@context\":\"https:\/\/schema.org\",\"@graph\":[{\"@type\":\"WebPage\",\"@id\":\"https:\/\/stagpartynight.com\/es\/product\/banana-boat-mallorca\/\",\"url\":\"https:\/\/stagpartynight.com\/es\/product\/banana-boat-mallorca\/\",\"name\":\"Banana Boat Mallorca\",\"isPartOf\":{\"@id\":\"https:\/\/stagpartynight.com\/es\/#website\"},\"primaryImageOfPage\":{\"@id\":\"https:\/\/stagpartynight.com\/es\/product\/banana-boat-mallorca\/#primaryimage\"},\"image\":{\"@id\":\"https:\/\/stagpartynight.com\/es\/product\/banana-boat-mallorca\/#primaryimage\"},\"thumbnailUrl\":\"https:\/\/stagpartynight.com\/es\/wp-content\/uploads\/sites\/2\/2024\/01\/Banana-Boat-Mallorca.jpg\",\"datePublished\":\"2024-01-02T10:20:31+00:00\",\"dateModified\":\"2024-01-18T11:32:57+00:00\",\"description\":\"Banana Boat Mallorca. Una divertida experiencia acu\u00e1tica, \u00bflograr\u00e1s no caerte por la borda? Experiencia acu\u00e1tica \u00fanica en Mallorca.\",\"breadcrumb\":{\"@id\":\"https:\/\/stagpartynight.com\/es\/product\/banana-boat-mallorca\/#breadcrumb\"},\"inLanguage\":\"es\",\"potentialAction\":[{\"@type\":\"ReadAction\",\"target\":[\"https:\/\/stagpartynight.com\/es\/product\/banana-boat-mallorca\/\"]}]},{\"@type\":\"ImageObject\",\"inLanguage\":\"es\",\"@id\":\"https:\/\/stagpartynight.com\/es\/product\/banana-boat-mallorca\/#primaryimage\",\"url\":\"https:\/\/stagpartynight.com\/es\/wp-content\/uploads\/sites\/2\/2024\/01\/Banana-Boat-Mallorca.jpg\",\"contentUrl\":\"https:\/\/stagpartynight.com\/es\/wp-content\/uploads\/sites\/2\/2024\/01\/Banana-Boat-Mallorca.jpg\",\"width\":2560,\"height\":1707,\"caption\":\"Banana Boat Mallorca\"},{\"@type\":\"BreadcrumbList\",\"@id\":\"https:\/\/stagpartynight.com\/es\/product\/banana-boat-mallorca\/#breadcrumb\",\"itemListElement\":[{\"@type\":\"ListItem\",\"position\":1,\"name\":\"Home\",\"item\":\"https:\/\/stagpartynight.com\/es\/\"},{\"@type\":\"ListItem\",\"position\":2,\"name\":\"Tienda\",\"item\":\"https:\/\/stagpartynight.com\/es\/tienda\/\"},{\"@type\":\"ListItem\",\"position\":3,\"name\":\"Banana Boat Mallorca\"}]},{\"@type\":\"WebSite\",\"@id\":\"https:\/\/stagpartynight.com\/es\/#website\",\"url\":\"https:\/\/stagpartynight.com\/es\/\",\"name\":\"Stag Party Night\",\"description\":\"Your Stag Party Customized\",\"publisher\":{\"@id\":\"https:\/\/stagpartynight.com\/es\/#organization\"},\"potentialAction\":[{\"@type\":\"SearchAction\",\"target\":{\"@type\":\"EntryPoint\",\"urlTemplate\":\"https:\/\/stagpartynight.com\/es\/?s={search_term_string}\"},\"query-input\":{\"@type\":\"PropertyValueSpecification\",\"valueRequired\":true,\"valueName\":\"search_term_string\"}}],\"inLanguage\":\"es\"},{\"@type\":\"Organization\",\"@id\":\"https:\/\/stagpartynight.com\/es\/#organization\",\"name\":\"Stag Party Night\",\"url\":\"https:\/\/stagpartynight.com\/es\/\",\"logo\":{\"@type\":\"ImageObject\",\"inLanguage\":\"es\",\"@id\":\"https:\/\/stagpartynight.com\/es\/#\/schema\/logo\/image\/\",\"url\":\"https:\/\/stagpartynight.com\/es\/wp-content\/uploads\/sites\/2\/2019\/12\/stagpartynight-e1578565505687.png\",\"contentUrl\":\"https:\/\/stagpartynight.com\/es\/wp-content\/uploads\/sites\/2\/2019\/12\/stagpartynight-e1578565505687.png\",\"width\":400,\"height\":400,\"caption\":\"Stag Party Night\"},\"image\":{\"@id\":\"https:\/\/stagpartynight.com\/es\/#\/schema\/logo\/image\/\"}}]}<\/script>\n<!-- \/ Yoast SEO plugin. -->","yoast_head_json":{"title":"Banana Boat Mallorca","description":"Banana Boat Mallorca. Una divertida experiencia acu\u00e1tica, \u00bflograr\u00e1s no caerte por la borda? Experiencia acu\u00e1tica \u00fanica en Mallorca.","robots":{"index":"index","follow":"follow","max-snippet":"max-snippet:-1","max-image-preview":"max-image-preview:large","max-video-preview":"max-video-preview:-1"},"canonical":"https:\/\/stagpartynight.com\/es\/product\/banana-boat-mallorca\/","og_locale":"es_ES","og_type":"article","og_title":"Banana Boat Mallorca","og_description":"Banana Boat Mallorca. Una divertida experiencia acu\u00e1tica, \u00bflograr\u00e1s no caerte por la borda? Experiencia acu\u00e1tica \u00fanica en Mallorca.","og_url":"https:\/\/stagpartynight.com\/es\/product\/banana-boat-mallorca\/","og_site_name":"Despedida de Soltero","article_modified_time":"2024-01-18T11:32:57+00:00","og_image":[{"width":2560,"height":1707,"url":"https:\/\/stagpartynight.com\/es\/wp-content\/uploads\/sites\/2\/2024\/01\/Banana-Boat-Mallorca.jpg","type":"image\/jpeg"}],"twitter_card":"summary_large_image","twitter_misc":{"Tiempo de lectura":"2 minutos"},"schema":{"@context":"https:\/\/schema.org","@graph":[{"@type":"WebPage","@id":"https:\/\/stagpartynight.com\/es\/product\/banana-boat-mallorca\/","url":"https:\/\/stagpartynight.com\/es\/product\/banana-boat-mallorca\/","name":"Banana Boat Mallorca","isPartOf":{"@id":"https:\/\/stagpartynight.com\/es\/#website"},"primaryImageOfPage":{"@id":"https:\/\/stagpartynight.com\/es\/product\/banana-boat-mallorca\/#primaryimage"},"image":{"@id":"https:\/\/stagpartynight.com\/es\/product\/banana-boat-mallorca\/#primaryimage"},"thumbnailUrl":"https:\/\/stagpartynight.com\/es\/wp-content\/uploads\/sites\/2\/2024\/01\/Banana-Boat-Mallorca.jpg","datePublished":"2024-01-02T10:20:31+00:00","dateModified":"2024-01-18T11:32:57+00:00","description":"Banana Boat Mallorca. Una divertida experiencia acu\u00e1tica, \u00bflograr\u00e1s no caerte por la borda? Experiencia acu\u00e1tica \u00fanica en Mallorca.","breadcrumb":{"@id":"https:\/\/stagpartynight.com\/es\/product\/banana-boat-mallorca\/#breadcrumb"},"inLanguage":"es","potentialAction":[{"@type":"ReadAction","target":["https:\/\/stagpartynight.com\/es\/product\/banana-boat-mallorca\/"]}]},{"@type":"ImageObject","inLanguage":"es","@id":"https:\/\/stagpartynight.com\/es\/product\/banana-boat-mallorca\/#primaryimage","url":"https:\/\/stagpartynight.com\/es\/wp-content\/uploads\/sites\/2\/2024\/01\/Banana-Boat-Mallorca.jpg","contentUrl":"https:\/\/stagpartynight.com\/es\/wp-content\/uploads\/sites\/2\/2024\/01\/Banana-Boat-Mallorca.jpg","width":2560,"height":1707,"caption":"Banana Boat Mallorca"},{"@type":"BreadcrumbList","@id":"https:\/\/stagpartynight.com\/es\/product\/banana-boat-mallorca\/#breadcrumb","itemListElement":[{"@type":"ListItem","position":1,"name":"Home","item":"https:\/\/stagpartynight.com\/es\/"},{"@type":"ListItem","position":2,"name":"Tienda","item":"https:\/\/stagpartynight.com\/es\/tienda\/"},{"@type":"ListItem","position":3,"name":"Banana Boat Mallorca"}]},{"@type":"WebSite","@id":"https:\/\/stagpartynight.com\/es\/#website","url":"https:\/\/stagpartynight.com\/es\/","name":"Stag Party Night","description":"Your Stag Party Customized","publisher":{"@id":"https:\/\/stagpartynight.com\/es\/#organization"},"potentialAction":[{"@type":"SearchAction","target":{"@type":"EntryPoint","urlTemplate":"https:\/\/stagpartynight.com\/es\/?s={search_term_string}"},"query-input":{"@type":"PropertyValueSpecification","valueRequired":true,"valueName":"search_term_string"}}],"inLanguage":"es"},{"@type":"Organization","@id":"https:\/\/stagpartynight.com\/es\/#organization","name":"Stag Party Night","url":"https:\/\/stagpartynight.com\/es\/","logo":{"@type":"ImageObject","inLanguage":"es","@id":"https:\/\/stagpartynight.com\/es\/#\/schema\/logo\/image\/","url":"https:\/\/stagpartynight.com\/es\/wp-content\/uploads\/sites\/2\/2019\/12\/stagpartynight-e1578565505687.png","contentUrl":"https:\/\/stagpartynight.com\/es\/wp-content\/uploads\/sites\/2\/2019\/12\/stagpartynight-e1578565505687.png","width":400,"height":400,"caption":"Stag Party Night"},"image":{"@id":"https:\/\/stagpartynight.com\/es\/#\/schema\/logo\/image\/"}}]}},"_links":{"self":[{"href":"https:\/\/stagpartynight.com\/es\/wp-json\/wp\/v2\/product\/2759","targetHints":{"allow":["GET"]}}],"collection":[{"href":"https:\/\/stagpartynight.com\/es\/wp-json\/wp\/v2\/product"}],"about":[{"href":"https:\/\/stagpartynight.com\/es\/wp-json\/wp\/v2\/types\/product"}],"replies":[{"embeddable":true,"href":"https:\/\/stagpartynight.com\/es\/wp-json\/wp\/v2\/comments?post=2759"}],"wp:featuredmedia":[{"embeddable":true,"href":"https:\/\/stagpartynight.com\/es\/wp-json\/wp\/v2\/media\/3538"}],"wp:attachment":[{"href":"https:\/\/stagpartynight.com\/es\/wp-json\/wp\/v2\/media?parent=2759"}],"wp:term":[{"taxonomy":"product_brand","embeddable":true,"href":"https:\/\/stagpartynight.com\/es\/wp-json\/wp\/v2\/product_brand?post=2759"},{"taxonomy":"product_cat","embeddable":true,"href":"https:\/\/stagpartynight.com\/es\/wp-json\/wp\/v2\/product_cat?post=2759"},{"taxonomy":"product_tag","embeddable":true,"href":"https:\/\/stagpartynight.com\/es\/wp-json\/wp\/v2\/product_tag?post=2759"}],"curies":[{"name":"wp","href":"https:\/\/api.w.org\/{rel}","templated":true}]}}