{"id":2761,"date":"2024-01-02T11:26:35","date_gmt":"2024-01-02T10:26:35","guid":{"rendered":"https:\/\/stagpartynight.com\/fr\/?post_type=product&#038;p=2761"},"modified":"2024-01-18T12:32:57","modified_gmt":"2024-01-18T11:32:57","slug":"parasailing-mallorca","status":"publish","type":"product","link":"https:\/\/stagpartynight.com\/es\/product\/parasailing-mallorca\/","title":{"rendered":"Parasailing Mallorca"},"content":{"rendered":"<p>Parasailing Mallorca. Sobrevuela Palma a m\u00e1s de cincuenta metros sobre el agua. \u00a1Puedes hacerlo al atardecer!<\/p>\n<p>\u00a1Las mejores despedidas de soltero con <a href=\"https:\/\/stagpartynight.com\/\">Stagparty<\/a>!<\/p>\n<h2 style=\"text-align: center;\">Parasailing Mallorca\ud83e\ude82<\/h2>\n<h4>\n\ud83c\udf0a Parasailing en Palma de Mallorca: \u00a1Vive la emoci\u00f3n de los cielos mediterr\u00e1neos! \ud83e\ude82<\/h4>\n<p>\u00a1Prep\u00e1rate para una sensacional aventura a\u00e9rea en Palma de Mallorca con nuestra experiencia de parasailing!<\/p>\n<p>\ud83c\udf1e \u00danete a nosotros para vivir una experiencia \u00fanica en la que sobrevolar\u00e1s las cristalinas aguas de Palma a 50 metros de altura durante diez minutos, ofreciendo inolvidables vistas panor\u00e1micas de la belleza mediterr\u00e1nea.<\/p>\n<p>Aferrado a su paraca\u00eddas, d\u00e9jese llevar por la brisa marina mientras disfruta de la sensaci\u00f3n de pura libertad. Las brillantes aguas de Palma se revelar\u00e1n bajo sus pies, creando recuerdos imborrables de esta excepcional experiencia a\u00e9rea.<\/p>\n<p>Nuestro equipo cualificado garantizar\u00e1 su seguridad durante toda la aventura, permiti\u00e9ndole relajarse y dejarse llevar por la emoci\u00f3n. Tanto si busca emociones en solitario, en pareja o en grupo, el parasailing es una experiencia para todos.<\/p>\n<p>Reserve ahora para vivir una experiencia inolvidable, donde la adrenalina, la tranquilidad y la belleza se funden en los cielos de Palma de Mallorca.<\/p>\n<p>\u00a1No te pierdas esta oportunidad \u00fanica de tocar las nubes y crear recuerdos a\u00e9reos inolvidables! \ud83c\udf0a\ud83e\ude82\ud83c\udf1f<\/p>\n<p style=\"text-align: center;\">Reserva ahora Parasailing <a href=\"https:\/\/es.wikipedia.org\/wiki\/Mallorca\">Mallorca<\/a><\/p>\n","protected":false},"excerpt":{"rendered":"<p>Parasailing Mallorca. Sobrevuela Palma a m\u00e1s de cincuenta metros sobre el agua. \u00a1Puedes hacerlo al atardecer! \u00a1Las mejores despedidas de soltero con Stagparty! Parasailing Mallorca\ud83e\ude82 \ud83c\udf0a Parasailing en Palma de Mallorca: \u00a1Vive la emoci\u00f3n de los cielos mediterr\u00e1neos! \ud83e\ude82 \u00a1Prep\u00e1rate para una sensacional aventura a\u00e9rea en Palma de Mallorca con nuestra experiencia de parasailing! \ud83c\udf1e [&hellip;]<\/p>\n","protected":false},"featured_media":3535,"comment_status":"open","ping_status":"closed","template":"","meta":{"_et_pb_use_builder":"","_et_pb_old_content":"","_et_gb_content_width":""},"product_brand":[],"product_cat":[342,1313],"product_tag":[],"class_list":{"0":"post-2761","1":"product","2":"type-product","3":"status-publish","4":"has-post-thumbnail","6":"product_cat-mallorca","7":"product_cat-uncategorised","9":"first","10":"instock","11":"shipping-taxable","12":"product-type-simple"},"yoast_head":"<!-- This site is optimized with the Yoast SEO plugin v26.4 - https:\/\/yoast.com\/wordpress\/plugins\/seo\/ -->\n<title>Parasailing Mallorca<\/title>\n<meta name=\"description\" content=\"Parasailing Mallorca. Sobrevuela Palma a m\u00e1s de cincuenta metros sobre el agua. \u00a1Puedes hacerlo al atardecer! Experiencia \u00fanica Mallorca.\" \/>\n<meta name=\"robots\" content=\"index, follow, max-snippet:-1, max-image-preview:large, max-video-preview:-1\" \/>\n<link rel=\"canonical\" href=\"https:\/\/stagpartynight.com\/es\/product\/parasailing-mallorca\/\" \/>\n<meta property=\"og:locale\" content=\"es_ES\" \/>\n<meta property=\"og:type\" content=\"article\" \/>\n<meta property=\"og:title\" content=\"Parasailing Mallorca\" \/>\n<meta property=\"og:description\" content=\"Parasailing Mallorca. Sobrevuela Palma a m\u00e1s de cincuenta metros sobre el agua. \u00a1Puedes hacerlo al atardecer! Experiencia \u00fanica Mallorca.\" \/>\n<meta property=\"og:url\" content=\"https:\/\/stagpartynight.com\/es\/product\/parasailing-mallorca\/\" \/>\n<meta property=\"og:site_name\" content=\"Despedida de Soltero\" \/>\n<meta property=\"article:modified_time\" content=\"2024-01-18T11:32:57+00:00\" \/>\n<meta property=\"og:image\" content=\"https:\/\/stagpartynight.com\/es\/wp-content\/uploads\/sites\/2\/2024\/01\/Parasailing-Mallorca.jpg\" \/>\n\t<meta property=\"og:image:width\" content=\"1620\" \/>\n\t<meta property=\"og:image:height\" content=\"1080\" \/>\n\t<meta property=\"og:image:type\" content=\"image\/jpeg\" \/>\n<meta name=\"twitter:card\" content=\"summary_large_image\" \/>\n<meta name=\"twitter:label1\" content=\"Tiempo de lectura\" \/>\n\t<meta name=\"twitter:data1\" content=\"2 minutos\" \/>\n<script type=\"application\/ld+json\" class=\"yoast-schema-graph\">{\"@context\":\"https:\/\/schema.org\",\"@graph\":[{\"@type\":\"WebPage\",\"@id\":\"https:\/\/stagpartynight.com\/es\/product\/parasailing-mallorca\/\",\"url\":\"https:\/\/stagpartynight.com\/es\/product\/parasailing-mallorca\/\",\"name\":\"Parasailing Mallorca\",\"isPartOf\":{\"@id\":\"https:\/\/stagpartynight.com\/es\/#website\"},\"primaryImageOfPage\":{\"@id\":\"https:\/\/stagpartynight.com\/es\/product\/parasailing-mallorca\/#primaryimage\"},\"image\":{\"@id\":\"https:\/\/stagpartynight.com\/es\/product\/parasailing-mallorca\/#primaryimage\"},\"thumbnailUrl\":\"https:\/\/stagpartynight.com\/es\/wp-content\/uploads\/sites\/2\/2024\/01\/Parasailing-Mallorca.jpg\",\"datePublished\":\"2024-01-02T10:26:35+00:00\",\"dateModified\":\"2024-01-18T11:32:57+00:00\",\"description\":\"Parasailing Mallorca. Sobrevuela Palma a m\u00e1s de cincuenta metros sobre el agua. \u00a1Puedes hacerlo al atardecer! Experiencia \u00fanica Mallorca.\",\"breadcrumb\":{\"@id\":\"https:\/\/stagpartynight.com\/es\/product\/parasailing-mallorca\/#breadcrumb\"},\"inLanguage\":\"es\",\"potentialAction\":[{\"@type\":\"ReadAction\",\"target\":[\"https:\/\/stagpartynight.com\/es\/product\/parasailing-mallorca\/\"]}]},{\"@type\":\"ImageObject\",\"inLanguage\":\"es\",\"@id\":\"https:\/\/stagpartynight.com\/es\/product\/parasailing-mallorca\/#primaryimage\",\"url\":\"https:\/\/stagpartynight.com\/es\/wp-content\/uploads\/sites\/2\/2024\/01\/Parasailing-Mallorca.jpg\",\"contentUrl\":\"https:\/\/stagpartynight.com\/es\/wp-content\/uploads\/sites\/2\/2024\/01\/Parasailing-Mallorca.jpg\",\"width\":1620,\"height\":1080,\"caption\":\"Parasailing Mallorca\"},{\"@type\":\"BreadcrumbList\",\"@id\":\"https:\/\/stagpartynight.com\/es\/product\/parasailing-mallorca\/#breadcrumb\",\"itemListElement\":[{\"@type\":\"ListItem\",\"position\":1,\"name\":\"Home\",\"item\":\"https:\/\/stagpartynight.com\/es\/\"},{\"@type\":\"ListItem\",\"position\":2,\"name\":\"Tienda\",\"item\":\"https:\/\/stagpartynight.com\/es\/tienda\/\"},{\"@type\":\"ListItem\",\"position\":3,\"name\":\"Parasailing Mallorca\"}]},{\"@type\":\"WebSite\",\"@id\":\"https:\/\/stagpartynight.com\/es\/#website\",\"url\":\"https:\/\/stagpartynight.com\/es\/\",\"name\":\"Stag Party Night\",\"description\":\"Your Stag Party Customized\",\"publisher\":{\"@id\":\"https:\/\/stagpartynight.com\/es\/#organization\"},\"potentialAction\":[{\"@type\":\"SearchAction\",\"target\":{\"@type\":\"EntryPoint\",\"urlTemplate\":\"https:\/\/stagpartynight.com\/es\/?s={search_term_string}\"},\"query-input\":{\"@type\":\"PropertyValueSpecification\",\"valueRequired\":true,\"valueName\":\"search_term_string\"}}],\"inLanguage\":\"es\"},{\"@type\":\"Organization\",\"@id\":\"https:\/\/stagpartynight.com\/es\/#organization\",\"name\":\"Stag Party Night\",\"url\":\"https:\/\/stagpartynight.com\/es\/\",\"logo\":{\"@type\":\"ImageObject\",\"inLanguage\":\"es\",\"@id\":\"https:\/\/stagpartynight.com\/es\/#\/schema\/logo\/image\/\",\"url\":\"https:\/\/stagpartynight.com\/es\/wp-content\/uploads\/sites\/2\/2019\/12\/stagpartynight-e1578565505687.png\",\"contentUrl\":\"https:\/\/stagpartynight.com\/es\/wp-content\/uploads\/sites\/2\/2019\/12\/stagpartynight-e1578565505687.png\",\"width\":400,\"height\":400,\"caption\":\"Stag Party Night\"},\"image\":{\"@id\":\"https:\/\/stagpartynight.com\/es\/#\/schema\/logo\/image\/\"}}]}<\/script>\n<!-- \/ Yoast SEO plugin. -->","yoast_head_json":{"title":"Parasailing Mallorca","description":"Parasailing Mallorca. Sobrevuela Palma a m\u00e1s de cincuenta metros sobre el agua. \u00a1Puedes hacerlo al atardecer! Experiencia \u00fanica Mallorca.","robots":{"index":"index","follow":"follow","max-snippet":"max-snippet:-1","max-image-preview":"max-image-preview:large","max-video-preview":"max-video-preview:-1"},"canonical":"https:\/\/stagpartynight.com\/es\/product\/parasailing-mallorca\/","og_locale":"es_ES","og_type":"article","og_title":"Parasailing Mallorca","og_description":"Parasailing Mallorca. Sobrevuela Palma a m\u00e1s de cincuenta metros sobre el agua. \u00a1Puedes hacerlo al atardecer! Experiencia \u00fanica Mallorca.","og_url":"https:\/\/stagpartynight.com\/es\/product\/parasailing-mallorca\/","og_site_name":"Despedida de Soltero","article_modified_time":"2024-01-18T11:32:57+00:00","og_image":[{"width":1620,"height":1080,"url":"https:\/\/stagpartynight.com\/es\/wp-content\/uploads\/sites\/2\/2024\/01\/Parasailing-Mallorca.jpg","type":"image\/jpeg"}],"twitter_card":"summary_large_image","twitter_misc":{"Tiempo de lectura":"2 minutos"},"schema":{"@context":"https:\/\/schema.org","@graph":[{"@type":"WebPage","@id":"https:\/\/stagpartynight.com\/es\/product\/parasailing-mallorca\/","url":"https:\/\/stagpartynight.com\/es\/product\/parasailing-mallorca\/","name":"Parasailing Mallorca","isPartOf":{"@id":"https:\/\/stagpartynight.com\/es\/#website"},"primaryImageOfPage":{"@id":"https:\/\/stagpartynight.com\/es\/product\/parasailing-mallorca\/#primaryimage"},"image":{"@id":"https:\/\/stagpartynight.com\/es\/product\/parasailing-mallorca\/#primaryimage"},"thumbnailUrl":"https:\/\/stagpartynight.com\/es\/wp-content\/uploads\/sites\/2\/2024\/01\/Parasailing-Mallorca.jpg","datePublished":"2024-01-02T10:26:35+00:00","dateModified":"2024-01-18T11:32:57+00:00","description":"Parasailing Mallorca. Sobrevuela Palma a m\u00e1s de cincuenta metros sobre el agua. \u00a1Puedes hacerlo al atardecer! Experiencia \u00fanica Mallorca.","breadcrumb":{"@id":"https:\/\/stagpartynight.com\/es\/product\/parasailing-mallorca\/#breadcrumb"},"inLanguage":"es","potentialAction":[{"@type":"ReadAction","target":["https:\/\/stagpartynight.com\/es\/product\/parasailing-mallorca\/"]}]},{"@type":"ImageObject","inLanguage":"es","@id":"https:\/\/stagpartynight.com\/es\/product\/parasailing-mallorca\/#primaryimage","url":"https:\/\/stagpartynight.com\/es\/wp-content\/uploads\/sites\/2\/2024\/01\/Parasailing-Mallorca.jpg","contentUrl":"https:\/\/stagpartynight.com\/es\/wp-content\/uploads\/sites\/2\/2024\/01\/Parasailing-Mallorca.jpg","width":1620,"height":1080,"caption":"Parasailing Mallorca"},{"@type":"BreadcrumbList","@id":"https:\/\/stagpartynight.com\/es\/product\/parasailing-mallorca\/#breadcrumb","itemListElement":[{"@type":"ListItem","position":1,"name":"Home","item":"https:\/\/stagpartynight.com\/es\/"},{"@type":"ListItem","position":2,"name":"Tienda","item":"https:\/\/stagpartynight.com\/es\/tienda\/"},{"@type":"ListItem","position":3,"name":"Parasailing Mallorca"}]},{"@type":"WebSite","@id":"https:\/\/stagpartynight.com\/es\/#website","url":"https:\/\/stagpartynight.com\/es\/","name":"Stag Party Night","description":"Your Stag Party Customized","publisher":{"@id":"https:\/\/stagpartynight.com\/es\/#organization"},"potentialAction":[{"@type":"SearchAction","target":{"@type":"EntryPoint","urlTemplate":"https:\/\/stagpartynight.com\/es\/?s={search_term_string}"},"query-input":{"@type":"PropertyValueSpecification","valueRequired":true,"valueName":"search_term_string"}}],"inLanguage":"es"},{"@type":"Organization","@id":"https:\/\/stagpartynight.com\/es\/#organization","name":"Stag Party Night","url":"https:\/\/stagpartynight.com\/es\/","logo":{"@type":"ImageObject","inLanguage":"es","@id":"https:\/\/stagpartynight.com\/es\/#\/schema\/logo\/image\/","url":"https:\/\/stagpartynight.com\/es\/wp-content\/uploads\/sites\/2\/2019\/12\/stagpartynight-e1578565505687.png","contentUrl":"https:\/\/stagpartynight.com\/es\/wp-content\/uploads\/sites\/2\/2019\/12\/stagpartynight-e1578565505687.png","width":400,"height":400,"caption":"Stag Party Night"},"image":{"@id":"https:\/\/stagpartynight.com\/es\/#\/schema\/logo\/image\/"}}]}},"_links":{"self":[{"href":"https:\/\/stagpartynight.com\/es\/wp-json\/wp\/v2\/product\/2761","targetHints":{"allow":["GET"]}}],"collection":[{"href":"https:\/\/stagpartynight.com\/es\/wp-json\/wp\/v2\/product"}],"about":[{"href":"https:\/\/stagpartynight.com\/es\/wp-json\/wp\/v2\/types\/product"}],"replies":[{"embeddable":true,"href":"https:\/\/stagpartynight.com\/es\/wp-json\/wp\/v2\/comments?post=2761"}],"wp:featuredmedia":[{"embeddable":true,"href":"https:\/\/stagpartynight.com\/es\/wp-json\/wp\/v2\/media\/3535"}],"wp:attachment":[{"href":"https:\/\/stagpartynight.com\/es\/wp-json\/wp\/v2\/media?parent=2761"}],"wp:term":[{"taxonomy":"product_brand","embeddable":true,"href":"https:\/\/stagpartynight.com\/es\/wp-json\/wp\/v2\/product_brand?post=2761"},{"taxonomy":"product_cat","embeddable":true,"href":"https:\/\/stagpartynight.com\/es\/wp-json\/wp\/v2\/product_cat?post=2761"},{"taxonomy":"product_tag","embeddable":true,"href":"https:\/\/stagpartynight.com\/es\/wp-json\/wp\/v2\/product_tag?post=2761"}],"curies":[{"name":"wp","href":"https:\/\/api.w.org\/{rel}","templated":true}]}}