{"id":2772,"date":"2024-01-02T12:07:04","date_gmt":"2024-01-02T11:07:04","guid":{"rendered":"https:\/\/stagpartynight.com\/fr\/?post_type=product&#038;p=2772"},"modified":"2024-01-18T12:32:55","modified_gmt":"2024-01-18T11:32:55","slug":"crazy-sofa-mallorca","status":"publish","type":"product","link":"https:\/\/stagpartynight.com\/es\/product\/crazy-sofa-mallorca\/","title":{"rendered":"Crazy Sofa Mallorca"},"content":{"rendered":"<p>Crazy Sofa Mallorca. Si te gusta el agua, la diversi\u00f3n y la adrenalina, el Crazy Sofa es tu elecci\u00f3n. \u00a1Rompe las olas con velocidad en Mallorca!<\/p>\n<p>\u00a1Las mejores despedidas de soltero con <a href=\"https:\/\/stagpartynight.com\/\">Stagparty<\/a>!<\/p>\n<h2 style=\"text-align: center;\">Crazy Sofa Mallorca\ud83c\udf0a<\/h2>\n<h4>\n\ud83c\udf0a Crazy Sofa en Palma de Mallorca o Magaluf: \u00a1Desaf\u00eda las olas con alegr\u00eda! \ud83c\udfd6\ufe0f<\/h4>\n<p>\u00a1Prep\u00e1rate para una experiencia acu\u00e1tica salvaje en Palma de Mallorca o Magaluf con nuestra aventura Crazy Sofa! \ud83e\udd2a<\/p>\n<p>Reservada a los amantes de la adrenalina y la diversi\u00f3n en estado puro, esta colchoneta hinchable te invita a desafiar a las olas durante diez estimulantes minutos, garantizados para arrancar carcajadas y recuerdos inolvidables.<\/p>\n<p>Ag\u00e1rrate fuerte con tu grupo de cinco en nuestro Crazy Sofa y prep\u00e1rate para surcar las olas del Mediterr\u00e1neo. Quienes busquen combinar la sensaci\u00f3n de volar sobre el agua con risas desenfrenadas quedar\u00e1n encantados con esta experiencia \u00fanica.<\/p>\n<p>Tanto si elige Palma de Mallorca como Magaluf, la emoci\u00f3n est\u00e1 garantizada. Nuestra colchoneta ofrece la experiencia perfecta para grupos de amigos que buscan una salvaje aventura acu\u00e1tica.<\/p>\n<p>Reserve ahora para una escapada mar\u00edtima que combina adrenalina y diversi\u00f3n. Sube a bordo de nuestro Sof\u00e1 Loco para vivir una experiencia que te har\u00e1 saltar de alegr\u00eda con cada ola.<\/p>\n<p>\u00a1Prep\u00e1rate para re\u00edr, botar y crear recuerdos imborrables! \ud83c\udf0a\ud83e\udd2a\ud83d\udea4<\/p>\n<p style=\"text-align: center;\">\u00a1Reserva ya en Sofa Loco <a href=\"https:\/\/es.wikipedia.org\/wiki\/Mallorca\">Mallorca<\/a>!<\/p>\n","protected":false},"excerpt":{"rendered":"<p>Crazy Sofa Mallorca. Si te gusta el agua, la diversi\u00f3n y la adrenalina, el Crazy Sofa es tu elecci\u00f3n. \u00a1Rompe las olas con velocidad en Mallorca! \u00a1Las mejores despedidas de soltero con Stagparty! Crazy Sofa Mallorca\ud83c\udf0a \ud83c\udf0a Crazy Sofa en Palma de Mallorca o Magaluf: \u00a1Desaf\u00eda las olas con alegr\u00eda! \ud83c\udfd6\ufe0f \u00a1Prep\u00e1rate para una experiencia [&hellip;]<\/p>\n","protected":false},"featured_media":3530,"comment_status":"open","ping_status":"closed","template":"","meta":{"_et_pb_use_builder":"","_et_pb_old_content":"","_et_gb_content_width":""},"product_brand":[],"product_cat":[342,1313],"product_tag":[],"class_list":{"0":"post-2772","1":"product","2":"type-product","3":"status-publish","4":"has-post-thumbnail","6":"product_cat-mallorca","7":"product_cat-uncategorised","9":"first","10":"instock","11":"shipping-taxable","12":"product-type-simple"},"yoast_head":"<!-- This site is optimized with the Yoast SEO plugin v26.4 - https:\/\/yoast.com\/wordpress\/plugins\/seo\/ -->\n<title>Crazy Sofa Mallorca<\/title>\n<meta name=\"description\" content=\"Crazy Sofa Mallorca. Si te gusta el agua, la diversi\u00f3n y la adrenalina, el Crazy Sofa es tu elecci\u00f3n. \u00a1Rompe las olas con velocidad en Mallorca!\" \/>\n<meta name=\"robots\" content=\"index, follow, max-snippet:-1, max-image-preview:large, max-video-preview:-1\" \/>\n<link rel=\"canonical\" href=\"https:\/\/stagpartynight.com\/es\/product\/crazy-sofa-mallorca\/\" \/>\n<meta property=\"og:locale\" content=\"es_ES\" \/>\n<meta property=\"og:type\" content=\"article\" \/>\n<meta property=\"og:title\" content=\"Crazy Sofa Mallorca\" \/>\n<meta property=\"og:description\" content=\"Crazy Sofa Mallorca. Si te gusta el agua, la diversi\u00f3n y la adrenalina, el Crazy Sofa es tu elecci\u00f3n. \u00a1Rompe las olas con velocidad en Mallorca!\" \/>\n<meta property=\"og:url\" content=\"https:\/\/stagpartynight.com\/es\/product\/crazy-sofa-mallorca\/\" \/>\n<meta property=\"og:site_name\" content=\"Despedida de Soltero\" \/>\n<meta property=\"article:modified_time\" content=\"2024-01-18T11:32:55+00:00\" \/>\n<meta property=\"og:image\" content=\"https:\/\/stagpartynight.com\/es\/wp-content\/uploads\/sites\/2\/2024\/01\/Crazy-Sofa-Mallorca.jpg\" \/>\n\t<meta property=\"og:image:width\" content=\"600\" \/>\n\t<meta property=\"og:image:height\" content=\"400\" \/>\n\t<meta property=\"og:image:type\" content=\"image\/jpeg\" \/>\n<meta name=\"twitter:card\" content=\"summary_large_image\" \/>\n<meta name=\"twitter:label1\" content=\"Tiempo de lectura\" \/>\n\t<meta name=\"twitter:data1\" content=\"2 minutos\" \/>\n<script type=\"application\/ld+json\" class=\"yoast-schema-graph\">{\"@context\":\"https:\/\/schema.org\",\"@graph\":[{\"@type\":\"WebPage\",\"@id\":\"https:\/\/stagpartynight.com\/es\/product\/crazy-sofa-mallorca\/\",\"url\":\"https:\/\/stagpartynight.com\/es\/product\/crazy-sofa-mallorca\/\",\"name\":\"Crazy Sofa Mallorca\",\"isPartOf\":{\"@id\":\"https:\/\/stagpartynight.com\/es\/#website\"},\"primaryImageOfPage\":{\"@id\":\"https:\/\/stagpartynight.com\/es\/product\/crazy-sofa-mallorca\/#primaryimage\"},\"image\":{\"@id\":\"https:\/\/stagpartynight.com\/es\/product\/crazy-sofa-mallorca\/#primaryimage\"},\"thumbnailUrl\":\"https:\/\/stagpartynight.com\/es\/wp-content\/uploads\/sites\/2\/2024\/01\/Crazy-Sofa-Mallorca.jpg\",\"datePublished\":\"2024-01-02T11:07:04+00:00\",\"dateModified\":\"2024-01-18T11:32:55+00:00\",\"description\":\"Crazy Sofa Mallorca. Si te gusta el agua, la diversi\u00f3n y la adrenalina, el Crazy Sofa es tu elecci\u00f3n. \u00a1Rompe las olas con velocidad en Mallorca!\",\"breadcrumb\":{\"@id\":\"https:\/\/stagpartynight.com\/es\/product\/crazy-sofa-mallorca\/#breadcrumb\"},\"inLanguage\":\"es\",\"potentialAction\":[{\"@type\":\"ReadAction\",\"target\":[\"https:\/\/stagpartynight.com\/es\/product\/crazy-sofa-mallorca\/\"]}]},{\"@type\":\"ImageObject\",\"inLanguage\":\"es\",\"@id\":\"https:\/\/stagpartynight.com\/es\/product\/crazy-sofa-mallorca\/#primaryimage\",\"url\":\"https:\/\/stagpartynight.com\/es\/wp-content\/uploads\/sites\/2\/2024\/01\/Crazy-Sofa-Mallorca.jpg\",\"contentUrl\":\"https:\/\/stagpartynight.com\/es\/wp-content\/uploads\/sites\/2\/2024\/01\/Crazy-Sofa-Mallorca.jpg\",\"width\":600,\"height\":400,\"caption\":\"Crazy Sofa Mallorca\"},{\"@type\":\"BreadcrumbList\",\"@id\":\"https:\/\/stagpartynight.com\/es\/product\/crazy-sofa-mallorca\/#breadcrumb\",\"itemListElement\":[{\"@type\":\"ListItem\",\"position\":1,\"name\":\"Home\",\"item\":\"https:\/\/stagpartynight.com\/es\/\"},{\"@type\":\"ListItem\",\"position\":2,\"name\":\"Tienda\",\"item\":\"https:\/\/stagpartynight.com\/es\/tienda\/\"},{\"@type\":\"ListItem\",\"position\":3,\"name\":\"Crazy Sofa Mallorca\"}]},{\"@type\":\"WebSite\",\"@id\":\"https:\/\/stagpartynight.com\/es\/#website\",\"url\":\"https:\/\/stagpartynight.com\/es\/\",\"name\":\"Stag Party Night\",\"description\":\"Your Stag Party Customized\",\"publisher\":{\"@id\":\"https:\/\/stagpartynight.com\/es\/#organization\"},\"potentialAction\":[{\"@type\":\"SearchAction\",\"target\":{\"@type\":\"EntryPoint\",\"urlTemplate\":\"https:\/\/stagpartynight.com\/es\/?s={search_term_string}\"},\"query-input\":{\"@type\":\"PropertyValueSpecification\",\"valueRequired\":true,\"valueName\":\"search_term_string\"}}],\"inLanguage\":\"es\"},{\"@type\":\"Organization\",\"@id\":\"https:\/\/stagpartynight.com\/es\/#organization\",\"name\":\"Stag Party Night\",\"url\":\"https:\/\/stagpartynight.com\/es\/\",\"logo\":{\"@type\":\"ImageObject\",\"inLanguage\":\"es\",\"@id\":\"https:\/\/stagpartynight.com\/es\/#\/schema\/logo\/image\/\",\"url\":\"https:\/\/stagpartynight.com\/es\/wp-content\/uploads\/sites\/2\/2019\/12\/stagpartynight-e1578565505687.png\",\"contentUrl\":\"https:\/\/stagpartynight.com\/es\/wp-content\/uploads\/sites\/2\/2019\/12\/stagpartynight-e1578565505687.png\",\"width\":400,\"height\":400,\"caption\":\"Stag Party Night\"},\"image\":{\"@id\":\"https:\/\/stagpartynight.com\/es\/#\/schema\/logo\/image\/\"}}]}<\/script>\n<!-- \/ Yoast SEO plugin. -->","yoast_head_json":{"title":"Crazy Sofa Mallorca","description":"Crazy Sofa Mallorca. Si te gusta el agua, la diversi\u00f3n y la adrenalina, el Crazy Sofa es tu elecci\u00f3n. \u00a1Rompe las olas con velocidad en Mallorca!","robots":{"index":"index","follow":"follow","max-snippet":"max-snippet:-1","max-image-preview":"max-image-preview:large","max-video-preview":"max-video-preview:-1"},"canonical":"https:\/\/stagpartynight.com\/es\/product\/crazy-sofa-mallorca\/","og_locale":"es_ES","og_type":"article","og_title":"Crazy Sofa Mallorca","og_description":"Crazy Sofa Mallorca. Si te gusta el agua, la diversi\u00f3n y la adrenalina, el Crazy Sofa es tu elecci\u00f3n. \u00a1Rompe las olas con velocidad en Mallorca!","og_url":"https:\/\/stagpartynight.com\/es\/product\/crazy-sofa-mallorca\/","og_site_name":"Despedida de Soltero","article_modified_time":"2024-01-18T11:32:55+00:00","og_image":[{"width":600,"height":400,"url":"https:\/\/stagpartynight.com\/es\/wp-content\/uploads\/sites\/2\/2024\/01\/Crazy-Sofa-Mallorca.jpg","type":"image\/jpeg"}],"twitter_card":"summary_large_image","twitter_misc":{"Tiempo de lectura":"2 minutos"},"schema":{"@context":"https:\/\/schema.org","@graph":[{"@type":"WebPage","@id":"https:\/\/stagpartynight.com\/es\/product\/crazy-sofa-mallorca\/","url":"https:\/\/stagpartynight.com\/es\/product\/crazy-sofa-mallorca\/","name":"Crazy Sofa Mallorca","isPartOf":{"@id":"https:\/\/stagpartynight.com\/es\/#website"},"primaryImageOfPage":{"@id":"https:\/\/stagpartynight.com\/es\/product\/crazy-sofa-mallorca\/#primaryimage"},"image":{"@id":"https:\/\/stagpartynight.com\/es\/product\/crazy-sofa-mallorca\/#primaryimage"},"thumbnailUrl":"https:\/\/stagpartynight.com\/es\/wp-content\/uploads\/sites\/2\/2024\/01\/Crazy-Sofa-Mallorca.jpg","datePublished":"2024-01-02T11:07:04+00:00","dateModified":"2024-01-18T11:32:55+00:00","description":"Crazy Sofa Mallorca. Si te gusta el agua, la diversi\u00f3n y la adrenalina, el Crazy Sofa es tu elecci\u00f3n. \u00a1Rompe las olas con velocidad en Mallorca!","breadcrumb":{"@id":"https:\/\/stagpartynight.com\/es\/product\/crazy-sofa-mallorca\/#breadcrumb"},"inLanguage":"es","potentialAction":[{"@type":"ReadAction","target":["https:\/\/stagpartynight.com\/es\/product\/crazy-sofa-mallorca\/"]}]},{"@type":"ImageObject","inLanguage":"es","@id":"https:\/\/stagpartynight.com\/es\/product\/crazy-sofa-mallorca\/#primaryimage","url":"https:\/\/stagpartynight.com\/es\/wp-content\/uploads\/sites\/2\/2024\/01\/Crazy-Sofa-Mallorca.jpg","contentUrl":"https:\/\/stagpartynight.com\/es\/wp-content\/uploads\/sites\/2\/2024\/01\/Crazy-Sofa-Mallorca.jpg","width":600,"height":400,"caption":"Crazy Sofa Mallorca"},{"@type":"BreadcrumbList","@id":"https:\/\/stagpartynight.com\/es\/product\/crazy-sofa-mallorca\/#breadcrumb","itemListElement":[{"@type":"ListItem","position":1,"name":"Home","item":"https:\/\/stagpartynight.com\/es\/"},{"@type":"ListItem","position":2,"name":"Tienda","item":"https:\/\/stagpartynight.com\/es\/tienda\/"},{"@type":"ListItem","position":3,"name":"Crazy Sofa Mallorca"}]},{"@type":"WebSite","@id":"https:\/\/stagpartynight.com\/es\/#website","url":"https:\/\/stagpartynight.com\/es\/","name":"Stag Party Night","description":"Your Stag Party Customized","publisher":{"@id":"https:\/\/stagpartynight.com\/es\/#organization"},"potentialAction":[{"@type":"SearchAction","target":{"@type":"EntryPoint","urlTemplate":"https:\/\/stagpartynight.com\/es\/?s={search_term_string}"},"query-input":{"@type":"PropertyValueSpecification","valueRequired":true,"valueName":"search_term_string"}}],"inLanguage":"es"},{"@type":"Organization","@id":"https:\/\/stagpartynight.com\/es\/#organization","name":"Stag Party Night","url":"https:\/\/stagpartynight.com\/es\/","logo":{"@type":"ImageObject","inLanguage":"es","@id":"https:\/\/stagpartynight.com\/es\/#\/schema\/logo\/image\/","url":"https:\/\/stagpartynight.com\/es\/wp-content\/uploads\/sites\/2\/2019\/12\/stagpartynight-e1578565505687.png","contentUrl":"https:\/\/stagpartynight.com\/es\/wp-content\/uploads\/sites\/2\/2019\/12\/stagpartynight-e1578565505687.png","width":400,"height":400,"caption":"Stag Party Night"},"image":{"@id":"https:\/\/stagpartynight.com\/es\/#\/schema\/logo\/image\/"}}]}},"_links":{"self":[{"href":"https:\/\/stagpartynight.com\/es\/wp-json\/wp\/v2\/product\/2772","targetHints":{"allow":["GET"]}}],"collection":[{"href":"https:\/\/stagpartynight.com\/es\/wp-json\/wp\/v2\/product"}],"about":[{"href":"https:\/\/stagpartynight.com\/es\/wp-json\/wp\/v2\/types\/product"}],"replies":[{"embeddable":true,"href":"https:\/\/stagpartynight.com\/es\/wp-json\/wp\/v2\/comments?post=2772"}],"wp:featuredmedia":[{"embeddable":true,"href":"https:\/\/stagpartynight.com\/es\/wp-json\/wp\/v2\/media\/3530"}],"wp:attachment":[{"href":"https:\/\/stagpartynight.com\/es\/wp-json\/wp\/v2\/media?parent=2772"}],"wp:term":[{"taxonomy":"product_brand","embeddable":true,"href":"https:\/\/stagpartynight.com\/es\/wp-json\/wp\/v2\/product_brand?post=2772"},{"taxonomy":"product_cat","embeddable":true,"href":"https:\/\/stagpartynight.com\/es\/wp-json\/wp\/v2\/product_cat?post=2772"},{"taxonomy":"product_tag","embeddable":true,"href":"https:\/\/stagpartynight.com\/es\/wp-json\/wp\/v2\/product_tag?post=2772"}],"curies":[{"name":"wp","href":"https:\/\/api.w.org\/{rel}","templated":true}]}}