{"id":2775,"date":"2024-01-02T12:12:41","date_gmt":"2024-01-02T11:12:41","guid":{"rendered":"https:\/\/stagpartynight.com\/fr\/?post_type=product&#038;p=2775"},"modified":"2024-01-18T12:32:54","modified_gmt":"2024-01-18T11:32:54","slug":"discoteca-bcm-mallorca","status":"publish","type":"product","link":"https:\/\/stagpartynight.com\/es\/product\/discoteca-bcm-mallorca\/","title":{"rendered":"Discoteca BCM Mallorca"},"content":{"rendered":"<p>Discoteca BCM Mallorca. Una noche en Mallorca es imprescindible. Reserva tus entradas para la BCM, \u00a1con bebidas incluidas!<\/p>\n<p>\u00a1Las mejores despedidas de soltero con <a href=\"https:\/\/stagpartynight.com\/\">Stagparty<\/a>!<\/p>\n<h2 style=\"text-align: center;\">Discoteca BCM Mallorca \ud83c\udf89<\/h2>\n<h4>\n\ud83c\udf89 \u00a1Sum\u00e9rgete en la noche el\u00e9ctrica de Mallorca en BCM! \ud83c\udf34<\/h4>\n<p>Prep\u00e1rate para una experiencia nocturna inolvidable en BCM, \u00a1la discoteca ic\u00f3nica de Mallorca! \ud83d\udd7a<\/p>\n<p>Reserva con nosotros para una entrada anticipada que incluye acceso VIP privilegiado y bebidas incluidas, garantiz\u00e1ndote una noche memorable en uno de los destinos m\u00e1s populares de la vida nocturna mediterr\u00e1nea.<\/p>\n<p>BCM es famosa por su ambiente el\u00e9ctrico, los mejores DJ y los espect\u00e1culos en directo que hacen arder la pista de baile. Con nuestra oferta especial, podr\u00e1 participar en la fiesta desde el principio, evitando las colas y disfrutando de un trato VIP exclusivo.<\/p>\n<p>Su velada estar\u00e1 marcada por los ritmos animados de DJ internacionales, que crear\u00e1n un ambiente vibrante y ardiente. Baile al ritmo de los \u00faltimos \u00e9xitos y de los cl\u00e1sicos atemporales, rodeado de un p\u00fablico din\u00e1mico y entusiasta.<\/p>\n<p>Reserva ya tu experiencia BCM y prep\u00e1rate para una noche de fiesta inolvidable. BCM es mucho m\u00e1s que una discoteca, es un verdadero destino donde la m\u00fasica, la energ\u00eda y la emoci\u00f3n se fusionan para crear recuerdos nocturnos excepcionales.<\/p>\n<p>No pierdas la oportunidad de formar parte de esta aventura festiva.<\/p>\n<p style=\"text-align: center;\">\ud83c\udf89Reserva ahora BCM <a href=\"https:\/\/es.wikipedia.org\/wiki\/Mallorca\">Mallorca<\/a>!\ud83c\udf89<\/p>\n<p>&nbsp;<\/p>\n","protected":false},"excerpt":{"rendered":"<p>Discoteca BCM Mallorca. Una noche en Mallorca es imprescindible. Reserva tus entradas para la BCM, \u00a1con bebidas incluidas! \u00a1Las mejores despedidas de soltero con Stagparty! Discoteca BCM Mallorca \ud83c\udf89 \ud83c\udf89 \u00a1Sum\u00e9rgete en la noche el\u00e9ctrica de Mallorca en BCM! \ud83c\udf34 Prep\u00e1rate para una experiencia nocturna inolvidable en BCM, \u00a1la discoteca ic\u00f3nica de Mallorca! \ud83d\udd7a Reserva [&hellip;]<\/p>\n","protected":false},"featured_media":3529,"comment_status":"open","ping_status":"closed","template":"","meta":{"_et_pb_use_builder":"","_et_pb_old_content":"","_et_gb_content_width":""},"product_brand":[],"product_cat":[342,1313],"product_tag":[],"class_list":{"0":"post-2775","1":"product","2":"type-product","3":"status-publish","4":"has-post-thumbnail","6":"product_cat-mallorca","7":"product_cat-uncategorised","9":"first","10":"instock","11":"shipping-taxable","12":"product-type-simple"},"yoast_head":"<!-- This site is optimized with the Yoast SEO plugin v26.4 - https:\/\/yoast.com\/wordpress\/plugins\/seo\/ -->\n<title>Discoteca BCM Mallorca<\/title>\n<meta name=\"description\" content=\"Discoteca BCM Mallorca. Una noche en Mallorca es imprescindible. Reserva tus entradas para la BCM, \u00a1con bebidas incluidas!\" \/>\n<meta name=\"robots\" content=\"index, follow, max-snippet:-1, max-image-preview:large, max-video-preview:-1\" \/>\n<link rel=\"canonical\" href=\"https:\/\/stagpartynight.com\/es\/product\/discoteca-bcm-mallorca\/\" \/>\n<meta property=\"og:locale\" content=\"es_ES\" \/>\n<meta property=\"og:type\" content=\"article\" \/>\n<meta property=\"og:title\" content=\"Discoteca BCM Mallorca\" \/>\n<meta property=\"og:description\" content=\"Discoteca BCM Mallorca. Una noche en Mallorca es imprescindible. Reserva tus entradas para la BCM, \u00a1con bebidas incluidas!\" \/>\n<meta property=\"og:url\" content=\"https:\/\/stagpartynight.com\/es\/product\/discoteca-bcm-mallorca\/\" \/>\n<meta property=\"og:site_name\" content=\"Despedida de Soltero\" \/>\n<meta property=\"article:modified_time\" content=\"2024-01-18T11:32:54+00:00\" \/>\n<meta property=\"og:image\" content=\"https:\/\/stagpartynight.com\/es\/wp-content\/uploads\/sites\/2\/2024\/01\/Discoteca-BCM-Mallorca.jpg\" \/>\n\t<meta property=\"og:image:width\" content=\"955\" \/>\n\t<meta property=\"og:image:height\" content=\"505\" \/>\n\t<meta property=\"og:image:type\" content=\"image\/jpeg\" \/>\n<meta name=\"twitter:card\" content=\"summary_large_image\" \/>\n<meta name=\"twitter:label1\" content=\"Tiempo de lectura\" \/>\n\t<meta name=\"twitter:data1\" content=\"2 minutos\" \/>\n<script type=\"application\/ld+json\" class=\"yoast-schema-graph\">{\"@context\":\"https:\/\/schema.org\",\"@graph\":[{\"@type\":\"WebPage\",\"@id\":\"https:\/\/stagpartynight.com\/es\/product\/discoteca-bcm-mallorca\/\",\"url\":\"https:\/\/stagpartynight.com\/es\/product\/discoteca-bcm-mallorca\/\",\"name\":\"Discoteca BCM Mallorca\",\"isPartOf\":{\"@id\":\"https:\/\/stagpartynight.com\/es\/#website\"},\"primaryImageOfPage\":{\"@id\":\"https:\/\/stagpartynight.com\/es\/product\/discoteca-bcm-mallorca\/#primaryimage\"},\"image\":{\"@id\":\"https:\/\/stagpartynight.com\/es\/product\/discoteca-bcm-mallorca\/#primaryimage\"},\"thumbnailUrl\":\"https:\/\/stagpartynight.com\/es\/wp-content\/uploads\/sites\/2\/2024\/01\/Discoteca-BCM-Mallorca.jpg\",\"datePublished\":\"2024-01-02T11:12:41+00:00\",\"dateModified\":\"2024-01-18T11:32:54+00:00\",\"description\":\"Discoteca BCM Mallorca. Una noche en Mallorca es imprescindible. Reserva tus entradas para la BCM, \u00a1con bebidas incluidas!\",\"breadcrumb\":{\"@id\":\"https:\/\/stagpartynight.com\/es\/product\/discoteca-bcm-mallorca\/#breadcrumb\"},\"inLanguage\":\"es\",\"potentialAction\":[{\"@type\":\"ReadAction\",\"target\":[\"https:\/\/stagpartynight.com\/es\/product\/discoteca-bcm-mallorca\/\"]}]},{\"@type\":\"ImageObject\",\"inLanguage\":\"es\",\"@id\":\"https:\/\/stagpartynight.com\/es\/product\/discoteca-bcm-mallorca\/#primaryimage\",\"url\":\"https:\/\/stagpartynight.com\/es\/wp-content\/uploads\/sites\/2\/2024\/01\/Discoteca-BCM-Mallorca.jpg\",\"contentUrl\":\"https:\/\/stagpartynight.com\/es\/wp-content\/uploads\/sites\/2\/2024\/01\/Discoteca-BCM-Mallorca.jpg\",\"width\":955,\"height\":505,\"caption\":\"Discoteca BCM Mallorca\"},{\"@type\":\"BreadcrumbList\",\"@id\":\"https:\/\/stagpartynight.com\/es\/product\/discoteca-bcm-mallorca\/#breadcrumb\",\"itemListElement\":[{\"@type\":\"ListItem\",\"position\":1,\"name\":\"Home\",\"item\":\"https:\/\/stagpartynight.com\/es\/\"},{\"@type\":\"ListItem\",\"position\":2,\"name\":\"Tienda\",\"item\":\"https:\/\/stagpartynight.com\/es\/tienda\/\"},{\"@type\":\"ListItem\",\"position\":3,\"name\":\"Discoteca BCM Mallorca\"}]},{\"@type\":\"WebSite\",\"@id\":\"https:\/\/stagpartynight.com\/es\/#website\",\"url\":\"https:\/\/stagpartynight.com\/es\/\",\"name\":\"Stag Party Night\",\"description\":\"Your Stag Party Customized\",\"publisher\":{\"@id\":\"https:\/\/stagpartynight.com\/es\/#organization\"},\"potentialAction\":[{\"@type\":\"SearchAction\",\"target\":{\"@type\":\"EntryPoint\",\"urlTemplate\":\"https:\/\/stagpartynight.com\/es\/?s={search_term_string}\"},\"query-input\":{\"@type\":\"PropertyValueSpecification\",\"valueRequired\":true,\"valueName\":\"search_term_string\"}}],\"inLanguage\":\"es\"},{\"@type\":\"Organization\",\"@id\":\"https:\/\/stagpartynight.com\/es\/#organization\",\"name\":\"Stag Party Night\",\"url\":\"https:\/\/stagpartynight.com\/es\/\",\"logo\":{\"@type\":\"ImageObject\",\"inLanguage\":\"es\",\"@id\":\"https:\/\/stagpartynight.com\/es\/#\/schema\/logo\/image\/\",\"url\":\"https:\/\/stagpartynight.com\/es\/wp-content\/uploads\/sites\/2\/2019\/12\/stagpartynight-e1578565505687.png\",\"contentUrl\":\"https:\/\/stagpartynight.com\/es\/wp-content\/uploads\/sites\/2\/2019\/12\/stagpartynight-e1578565505687.png\",\"width\":400,\"height\":400,\"caption\":\"Stag Party Night\"},\"image\":{\"@id\":\"https:\/\/stagpartynight.com\/es\/#\/schema\/logo\/image\/\"}}]}<\/script>\n<!-- \/ Yoast SEO plugin. -->","yoast_head_json":{"title":"Discoteca BCM Mallorca","description":"Discoteca BCM Mallorca. Una noche en Mallorca es imprescindible. Reserva tus entradas para la BCM, \u00a1con bebidas incluidas!","robots":{"index":"index","follow":"follow","max-snippet":"max-snippet:-1","max-image-preview":"max-image-preview:large","max-video-preview":"max-video-preview:-1"},"canonical":"https:\/\/stagpartynight.com\/es\/product\/discoteca-bcm-mallorca\/","og_locale":"es_ES","og_type":"article","og_title":"Discoteca BCM Mallorca","og_description":"Discoteca BCM Mallorca. Una noche en Mallorca es imprescindible. Reserva tus entradas para la BCM, \u00a1con bebidas incluidas!","og_url":"https:\/\/stagpartynight.com\/es\/product\/discoteca-bcm-mallorca\/","og_site_name":"Despedida de Soltero","article_modified_time":"2024-01-18T11:32:54+00:00","og_image":[{"width":955,"height":505,"url":"https:\/\/stagpartynight.com\/es\/wp-content\/uploads\/sites\/2\/2024\/01\/Discoteca-BCM-Mallorca.jpg","type":"image\/jpeg"}],"twitter_card":"summary_large_image","twitter_misc":{"Tiempo de lectura":"2 minutos"},"schema":{"@context":"https:\/\/schema.org","@graph":[{"@type":"WebPage","@id":"https:\/\/stagpartynight.com\/es\/product\/discoteca-bcm-mallorca\/","url":"https:\/\/stagpartynight.com\/es\/product\/discoteca-bcm-mallorca\/","name":"Discoteca BCM Mallorca","isPartOf":{"@id":"https:\/\/stagpartynight.com\/es\/#website"},"primaryImageOfPage":{"@id":"https:\/\/stagpartynight.com\/es\/product\/discoteca-bcm-mallorca\/#primaryimage"},"image":{"@id":"https:\/\/stagpartynight.com\/es\/product\/discoteca-bcm-mallorca\/#primaryimage"},"thumbnailUrl":"https:\/\/stagpartynight.com\/es\/wp-content\/uploads\/sites\/2\/2024\/01\/Discoteca-BCM-Mallorca.jpg","datePublished":"2024-01-02T11:12:41+00:00","dateModified":"2024-01-18T11:32:54+00:00","description":"Discoteca BCM Mallorca. Una noche en Mallorca es imprescindible. Reserva tus entradas para la BCM, \u00a1con bebidas incluidas!","breadcrumb":{"@id":"https:\/\/stagpartynight.com\/es\/product\/discoteca-bcm-mallorca\/#breadcrumb"},"inLanguage":"es","potentialAction":[{"@type":"ReadAction","target":["https:\/\/stagpartynight.com\/es\/product\/discoteca-bcm-mallorca\/"]}]},{"@type":"ImageObject","inLanguage":"es","@id":"https:\/\/stagpartynight.com\/es\/product\/discoteca-bcm-mallorca\/#primaryimage","url":"https:\/\/stagpartynight.com\/es\/wp-content\/uploads\/sites\/2\/2024\/01\/Discoteca-BCM-Mallorca.jpg","contentUrl":"https:\/\/stagpartynight.com\/es\/wp-content\/uploads\/sites\/2\/2024\/01\/Discoteca-BCM-Mallorca.jpg","width":955,"height":505,"caption":"Discoteca BCM Mallorca"},{"@type":"BreadcrumbList","@id":"https:\/\/stagpartynight.com\/es\/product\/discoteca-bcm-mallorca\/#breadcrumb","itemListElement":[{"@type":"ListItem","position":1,"name":"Home","item":"https:\/\/stagpartynight.com\/es\/"},{"@type":"ListItem","position":2,"name":"Tienda","item":"https:\/\/stagpartynight.com\/es\/tienda\/"},{"@type":"ListItem","position":3,"name":"Discoteca BCM Mallorca"}]},{"@type":"WebSite","@id":"https:\/\/stagpartynight.com\/es\/#website","url":"https:\/\/stagpartynight.com\/es\/","name":"Stag Party Night","description":"Your Stag Party Customized","publisher":{"@id":"https:\/\/stagpartynight.com\/es\/#organization"},"potentialAction":[{"@type":"SearchAction","target":{"@type":"EntryPoint","urlTemplate":"https:\/\/stagpartynight.com\/es\/?s={search_term_string}"},"query-input":{"@type":"PropertyValueSpecification","valueRequired":true,"valueName":"search_term_string"}}],"inLanguage":"es"},{"@type":"Organization","@id":"https:\/\/stagpartynight.com\/es\/#organization","name":"Stag Party Night","url":"https:\/\/stagpartynight.com\/es\/","logo":{"@type":"ImageObject","inLanguage":"es","@id":"https:\/\/stagpartynight.com\/es\/#\/schema\/logo\/image\/","url":"https:\/\/stagpartynight.com\/es\/wp-content\/uploads\/sites\/2\/2019\/12\/stagpartynight-e1578565505687.png","contentUrl":"https:\/\/stagpartynight.com\/es\/wp-content\/uploads\/sites\/2\/2019\/12\/stagpartynight-e1578565505687.png","width":400,"height":400,"caption":"Stag Party Night"},"image":{"@id":"https:\/\/stagpartynight.com\/es\/#\/schema\/logo\/image\/"}}]}},"_links":{"self":[{"href":"https:\/\/stagpartynight.com\/es\/wp-json\/wp\/v2\/product\/2775","targetHints":{"allow":["GET"]}}],"collection":[{"href":"https:\/\/stagpartynight.com\/es\/wp-json\/wp\/v2\/product"}],"about":[{"href":"https:\/\/stagpartynight.com\/es\/wp-json\/wp\/v2\/types\/product"}],"replies":[{"embeddable":true,"href":"https:\/\/stagpartynight.com\/es\/wp-json\/wp\/v2\/comments?post=2775"}],"wp:featuredmedia":[{"embeddable":true,"href":"https:\/\/stagpartynight.com\/es\/wp-json\/wp\/v2\/media\/3529"}],"wp:attachment":[{"href":"https:\/\/stagpartynight.com\/es\/wp-json\/wp\/v2\/media?parent=2775"}],"wp:term":[{"taxonomy":"product_brand","embeddable":true,"href":"https:\/\/stagpartynight.com\/es\/wp-json\/wp\/v2\/product_brand?post=2775"},{"taxonomy":"product_cat","embeddable":true,"href":"https:\/\/stagpartynight.com\/es\/wp-json\/wp\/v2\/product_cat?post=2775"},{"taxonomy":"product_tag","embeddable":true,"href":"https:\/\/stagpartynight.com\/es\/wp-json\/wp\/v2\/product_tag?post=2775"}],"curies":[{"name":"wp","href":"https:\/\/api.w.org\/{rel}","templated":true}]}}