{"id":2779,"date":"2024-01-02T12:20:02","date_gmt":"2024-01-02T11:20:02","guid":{"rendered":"https:\/\/stagpartynight.com\/fr\/?post_type=product&#038;p=2779"},"modified":"2024-01-18T12:32:52","modified_gmt":"2024-01-18T11:32:52","slug":"discoteca-vip-magaluf-mallorca","status":"publish","type":"product","link":"https:\/\/stagpartynight.com\/es\/product\/discoteca-vip-magaluf-mallorca\/","title":{"rendered":"Discoteca VIP Magaluf Mallorca"},"content":{"rendered":"<p>Discoteca VIP Magaluf Mallorca. Una noche en Magaluf es una necesidad. \u00a1Reserva ya tus entradas con bebidas incluidas (mesa VIP disponible)!<\/p>\n<p>\u00a1Las mejores despedidas de soltero con <a href=\"https:\/\/stagpartynight.com\/\">Stagparty<\/a>!<\/p>\n<h2 style=\"text-align: center;\">Discoteca VIP Magaluf Mallorca\ud83c\udf89<\/h2>\n<h4>\n\u00a1Sum\u00e9rgete en el resplandor de la noche de Magaluf! \u00a1Reserva tu noche VIP! \ud83c\udf34<\/h4>\n<p>\u00a1Descubre la esencia de la noche de Magaluf! \u00a1Con nuestra oferta exclusiva de entrada a una de las discotecas de moda de la ciudad! \ud83d\udd7a<\/p>\n<p>Reserva con nosotros para disfrutar de una entrada anticipada, que incluye acceso privilegiado y bebidas gratis, prometi\u00e9ndote una noche de fiesta inolvidable en este emblem\u00e1tico destino.<\/p>\n<p>D\u00e9jate llevar por la electrizante energ\u00eda de la pista de baile, animada por DJs en directo que te har\u00e1n bailar toda la noche. Nuestra oferta tambi\u00e9n incluye la posibilidad de reservar una mesa VIP con una botella exclusiva para cada grupo de cuatro personas, lo que le proporcionar\u00e1 una experiencia a\u00fan m\u00e1s lujosa y personalizada.<\/p>\n<p>Emp\u00e1pese del ambiente vibrante, donde la m\u00fasica animada y las luces hechizantes crean una experiencia sensorial \u00fanica. Disfrute de la noche magalufa en la comodidad de nuestra zona VIP o en la animada pista de baile.<\/p>\n<p>Reserva ahora para garantizar tu plaza en esta meca de la fiesta de Magaluf.<\/p>\n<p>Reg\u00e1lese una velada excepcional, con amigos o amantes, en un ambiente ardiente.<\/p>\n<p style=\"text-align: center;\">\ud83c\udf89\u00a1Reserva Discoteca VIP Magaluf <a href=\"https:\/\/es.wikipedia.org\/wiki\/Mallorca\">Mallorca<\/a>!\ud83c\udf89<\/p>\n","protected":false},"excerpt":{"rendered":"<p>Discoteca VIP Magaluf Mallorca. Una noche en Magaluf es una necesidad. \u00a1Reserva ya tus entradas con bebidas incluidas (mesa VIP disponible)! \u00a1Las mejores despedidas de soltero con Stagparty! Discoteca VIP Magaluf Mallorca\ud83c\udf89 \u00a1Sum\u00e9rgete en el resplandor de la noche de Magaluf! \u00a1Reserva tu noche VIP! \ud83c\udf34 \u00a1Descubre la esencia de la noche de Magaluf! \u00a1Con [&hellip;]<\/p>\n","protected":false},"featured_media":3525,"comment_status":"open","ping_status":"closed","template":"","meta":{"_et_pb_use_builder":"","_et_pb_old_content":"","_et_gb_content_width":""},"product_brand":[],"product_cat":[342,1313],"product_tag":[],"class_list":{"0":"post-2779","1":"product","2":"type-product","3":"status-publish","4":"has-post-thumbnail","6":"product_cat-mallorca","7":"product_cat-uncategorised","9":"first","10":"instock","11":"shipping-taxable","12":"product-type-simple"},"yoast_head":"<!-- This site is optimized with the Yoast SEO plugin v26.4 - https:\/\/yoast.com\/wordpress\/plugins\/seo\/ -->\n<title>Discoteca VIP Magaluf Mallorca<\/title>\n<meta name=\"description\" content=\"Discoteca VIP Magaluf Mallorca. Una noche en Magaluf es una necesidad. \u00a1Reserva ya tus entradas con bebidas incluidas (mesa VIP disponible)!\" \/>\n<meta name=\"robots\" content=\"index, follow, max-snippet:-1, max-image-preview:large, max-video-preview:-1\" \/>\n<link rel=\"canonical\" href=\"https:\/\/stagpartynight.com\/es\/product\/discoteca-vip-magaluf-mallorca\/\" \/>\n<meta property=\"og:locale\" content=\"es_ES\" \/>\n<meta property=\"og:type\" content=\"article\" \/>\n<meta property=\"og:title\" content=\"Discoteca VIP Magaluf Mallorca\" \/>\n<meta property=\"og:description\" content=\"Discoteca VIP Magaluf Mallorca. Una noche en Magaluf es una necesidad. \u00a1Reserva ya tus entradas con bebidas incluidas (mesa VIP disponible)!\" \/>\n<meta property=\"og:url\" content=\"https:\/\/stagpartynight.com\/es\/product\/discoteca-vip-magaluf-mallorca\/\" \/>\n<meta property=\"og:site_name\" content=\"Despedida de Soltero\" \/>\n<meta property=\"article:modified_time\" content=\"2024-01-18T11:32:52+00:00\" \/>\n<meta property=\"og:image\" content=\"https:\/\/stagpartynight.com\/es\/wp-content\/uploads\/sites\/2\/2024\/01\/Discoteca-VIP-Magaluf-Mallorca.jpg\" \/>\n\t<meta property=\"og:image:width\" content=\"800\" \/>\n\t<meta property=\"og:image:height\" content=\"533\" \/>\n\t<meta property=\"og:image:type\" content=\"image\/jpeg\" \/>\n<meta name=\"twitter:card\" content=\"summary_large_image\" \/>\n<meta name=\"twitter:label1\" content=\"Tiempo de lectura\" \/>\n\t<meta name=\"twitter:data1\" content=\"2 minutos\" \/>\n<script type=\"application\/ld+json\" class=\"yoast-schema-graph\">{\"@context\":\"https:\/\/schema.org\",\"@graph\":[{\"@type\":\"WebPage\",\"@id\":\"https:\/\/stagpartynight.com\/es\/product\/discoteca-vip-magaluf-mallorca\/\",\"url\":\"https:\/\/stagpartynight.com\/es\/product\/discoteca-vip-magaluf-mallorca\/\",\"name\":\"Discoteca VIP Magaluf Mallorca\",\"isPartOf\":{\"@id\":\"https:\/\/stagpartynight.com\/es\/#website\"},\"primaryImageOfPage\":{\"@id\":\"https:\/\/stagpartynight.com\/es\/product\/discoteca-vip-magaluf-mallorca\/#primaryimage\"},\"image\":{\"@id\":\"https:\/\/stagpartynight.com\/es\/product\/discoteca-vip-magaluf-mallorca\/#primaryimage\"},\"thumbnailUrl\":\"https:\/\/stagpartynight.com\/es\/wp-content\/uploads\/sites\/2\/2024\/01\/Discoteca-VIP-Magaluf-Mallorca.jpg\",\"datePublished\":\"2024-01-02T11:20:02+00:00\",\"dateModified\":\"2024-01-18T11:32:52+00:00\",\"description\":\"Discoteca VIP Magaluf Mallorca. Una noche en Magaluf es una necesidad. \u00a1Reserva ya tus entradas con bebidas incluidas (mesa VIP disponible)!\",\"breadcrumb\":{\"@id\":\"https:\/\/stagpartynight.com\/es\/product\/discoteca-vip-magaluf-mallorca\/#breadcrumb\"},\"inLanguage\":\"es\",\"potentialAction\":[{\"@type\":\"ReadAction\",\"target\":[\"https:\/\/stagpartynight.com\/es\/product\/discoteca-vip-magaluf-mallorca\/\"]}]},{\"@type\":\"ImageObject\",\"inLanguage\":\"es\",\"@id\":\"https:\/\/stagpartynight.com\/es\/product\/discoteca-vip-magaluf-mallorca\/#primaryimage\",\"url\":\"https:\/\/stagpartynight.com\/es\/wp-content\/uploads\/sites\/2\/2024\/01\/Discoteca-VIP-Magaluf-Mallorca.jpg\",\"contentUrl\":\"https:\/\/stagpartynight.com\/es\/wp-content\/uploads\/sites\/2\/2024\/01\/Discoteca-VIP-Magaluf-Mallorca.jpg\",\"width\":800,\"height\":533,\"caption\":\"Discoteca VIP Magaluf Mallorca\"},{\"@type\":\"BreadcrumbList\",\"@id\":\"https:\/\/stagpartynight.com\/es\/product\/discoteca-vip-magaluf-mallorca\/#breadcrumb\",\"itemListElement\":[{\"@type\":\"ListItem\",\"position\":1,\"name\":\"Home\",\"item\":\"https:\/\/stagpartynight.com\/es\/\"},{\"@type\":\"ListItem\",\"position\":2,\"name\":\"Tienda\",\"item\":\"https:\/\/stagpartynight.com\/es\/tienda\/\"},{\"@type\":\"ListItem\",\"position\":3,\"name\":\"Discoteca VIP Magaluf Mallorca\"}]},{\"@type\":\"WebSite\",\"@id\":\"https:\/\/stagpartynight.com\/es\/#website\",\"url\":\"https:\/\/stagpartynight.com\/es\/\",\"name\":\"Stag Party Night\",\"description\":\"Your Stag Party Customized\",\"publisher\":{\"@id\":\"https:\/\/stagpartynight.com\/es\/#organization\"},\"potentialAction\":[{\"@type\":\"SearchAction\",\"target\":{\"@type\":\"EntryPoint\",\"urlTemplate\":\"https:\/\/stagpartynight.com\/es\/?s={search_term_string}\"},\"query-input\":{\"@type\":\"PropertyValueSpecification\",\"valueRequired\":true,\"valueName\":\"search_term_string\"}}],\"inLanguage\":\"es\"},{\"@type\":\"Organization\",\"@id\":\"https:\/\/stagpartynight.com\/es\/#organization\",\"name\":\"Stag Party Night\",\"url\":\"https:\/\/stagpartynight.com\/es\/\",\"logo\":{\"@type\":\"ImageObject\",\"inLanguage\":\"es\",\"@id\":\"https:\/\/stagpartynight.com\/es\/#\/schema\/logo\/image\/\",\"url\":\"https:\/\/stagpartynight.com\/es\/wp-content\/uploads\/sites\/2\/2019\/12\/stagpartynight-e1578565505687.png\",\"contentUrl\":\"https:\/\/stagpartynight.com\/es\/wp-content\/uploads\/sites\/2\/2019\/12\/stagpartynight-e1578565505687.png\",\"width\":400,\"height\":400,\"caption\":\"Stag Party Night\"},\"image\":{\"@id\":\"https:\/\/stagpartynight.com\/es\/#\/schema\/logo\/image\/\"}}]}<\/script>\n<!-- \/ Yoast SEO plugin. -->","yoast_head_json":{"title":"Discoteca VIP Magaluf Mallorca","description":"Discoteca VIP Magaluf Mallorca. Una noche en Magaluf es una necesidad. \u00a1Reserva ya tus entradas con bebidas incluidas (mesa VIP disponible)!","robots":{"index":"index","follow":"follow","max-snippet":"max-snippet:-1","max-image-preview":"max-image-preview:large","max-video-preview":"max-video-preview:-1"},"canonical":"https:\/\/stagpartynight.com\/es\/product\/discoteca-vip-magaluf-mallorca\/","og_locale":"es_ES","og_type":"article","og_title":"Discoteca VIP Magaluf Mallorca","og_description":"Discoteca VIP Magaluf Mallorca. Una noche en Magaluf es una necesidad. \u00a1Reserva ya tus entradas con bebidas incluidas (mesa VIP disponible)!","og_url":"https:\/\/stagpartynight.com\/es\/product\/discoteca-vip-magaluf-mallorca\/","og_site_name":"Despedida de Soltero","article_modified_time":"2024-01-18T11:32:52+00:00","og_image":[{"width":800,"height":533,"url":"https:\/\/stagpartynight.com\/es\/wp-content\/uploads\/sites\/2\/2024\/01\/Discoteca-VIP-Magaluf-Mallorca.jpg","type":"image\/jpeg"}],"twitter_card":"summary_large_image","twitter_misc":{"Tiempo de lectura":"2 minutos"},"schema":{"@context":"https:\/\/schema.org","@graph":[{"@type":"WebPage","@id":"https:\/\/stagpartynight.com\/es\/product\/discoteca-vip-magaluf-mallorca\/","url":"https:\/\/stagpartynight.com\/es\/product\/discoteca-vip-magaluf-mallorca\/","name":"Discoteca VIP Magaluf Mallorca","isPartOf":{"@id":"https:\/\/stagpartynight.com\/es\/#website"},"primaryImageOfPage":{"@id":"https:\/\/stagpartynight.com\/es\/product\/discoteca-vip-magaluf-mallorca\/#primaryimage"},"image":{"@id":"https:\/\/stagpartynight.com\/es\/product\/discoteca-vip-magaluf-mallorca\/#primaryimage"},"thumbnailUrl":"https:\/\/stagpartynight.com\/es\/wp-content\/uploads\/sites\/2\/2024\/01\/Discoteca-VIP-Magaluf-Mallorca.jpg","datePublished":"2024-01-02T11:20:02+00:00","dateModified":"2024-01-18T11:32:52+00:00","description":"Discoteca VIP Magaluf Mallorca. Una noche en Magaluf es una necesidad. \u00a1Reserva ya tus entradas con bebidas incluidas (mesa VIP disponible)!","breadcrumb":{"@id":"https:\/\/stagpartynight.com\/es\/product\/discoteca-vip-magaluf-mallorca\/#breadcrumb"},"inLanguage":"es","potentialAction":[{"@type":"ReadAction","target":["https:\/\/stagpartynight.com\/es\/product\/discoteca-vip-magaluf-mallorca\/"]}]},{"@type":"ImageObject","inLanguage":"es","@id":"https:\/\/stagpartynight.com\/es\/product\/discoteca-vip-magaluf-mallorca\/#primaryimage","url":"https:\/\/stagpartynight.com\/es\/wp-content\/uploads\/sites\/2\/2024\/01\/Discoteca-VIP-Magaluf-Mallorca.jpg","contentUrl":"https:\/\/stagpartynight.com\/es\/wp-content\/uploads\/sites\/2\/2024\/01\/Discoteca-VIP-Magaluf-Mallorca.jpg","width":800,"height":533,"caption":"Discoteca VIP Magaluf Mallorca"},{"@type":"BreadcrumbList","@id":"https:\/\/stagpartynight.com\/es\/product\/discoteca-vip-magaluf-mallorca\/#breadcrumb","itemListElement":[{"@type":"ListItem","position":1,"name":"Home","item":"https:\/\/stagpartynight.com\/es\/"},{"@type":"ListItem","position":2,"name":"Tienda","item":"https:\/\/stagpartynight.com\/es\/tienda\/"},{"@type":"ListItem","position":3,"name":"Discoteca VIP Magaluf Mallorca"}]},{"@type":"WebSite","@id":"https:\/\/stagpartynight.com\/es\/#website","url":"https:\/\/stagpartynight.com\/es\/","name":"Stag Party Night","description":"Your Stag Party Customized","publisher":{"@id":"https:\/\/stagpartynight.com\/es\/#organization"},"potentialAction":[{"@type":"SearchAction","target":{"@type":"EntryPoint","urlTemplate":"https:\/\/stagpartynight.com\/es\/?s={search_term_string}"},"query-input":{"@type":"PropertyValueSpecification","valueRequired":true,"valueName":"search_term_string"}}],"inLanguage":"es"},{"@type":"Organization","@id":"https:\/\/stagpartynight.com\/es\/#organization","name":"Stag Party Night","url":"https:\/\/stagpartynight.com\/es\/","logo":{"@type":"ImageObject","inLanguage":"es","@id":"https:\/\/stagpartynight.com\/es\/#\/schema\/logo\/image\/","url":"https:\/\/stagpartynight.com\/es\/wp-content\/uploads\/sites\/2\/2019\/12\/stagpartynight-e1578565505687.png","contentUrl":"https:\/\/stagpartynight.com\/es\/wp-content\/uploads\/sites\/2\/2019\/12\/stagpartynight-e1578565505687.png","width":400,"height":400,"caption":"Stag Party Night"},"image":{"@id":"https:\/\/stagpartynight.com\/es\/#\/schema\/logo\/image\/"}}]}},"_links":{"self":[{"href":"https:\/\/stagpartynight.com\/es\/wp-json\/wp\/v2\/product\/2779","targetHints":{"allow":["GET"]}}],"collection":[{"href":"https:\/\/stagpartynight.com\/es\/wp-json\/wp\/v2\/product"}],"about":[{"href":"https:\/\/stagpartynight.com\/es\/wp-json\/wp\/v2\/types\/product"}],"replies":[{"embeddable":true,"href":"https:\/\/stagpartynight.com\/es\/wp-json\/wp\/v2\/comments?post=2779"}],"wp:featuredmedia":[{"embeddable":true,"href":"https:\/\/stagpartynight.com\/es\/wp-json\/wp\/v2\/media\/3525"}],"wp:attachment":[{"href":"https:\/\/stagpartynight.com\/es\/wp-json\/wp\/v2\/media?parent=2779"}],"wp:term":[{"taxonomy":"product_brand","embeddable":true,"href":"https:\/\/stagpartynight.com\/es\/wp-json\/wp\/v2\/product_brand?post=2779"},{"taxonomy":"product_cat","embeddable":true,"href":"https:\/\/stagpartynight.com\/es\/wp-json\/wp\/v2\/product_cat?post=2779"},{"taxonomy":"product_tag","embeddable":true,"href":"https:\/\/stagpartynight.com\/es\/wp-json\/wp\/v2\/product_tag?post=2779"}],"curies":[{"name":"wp","href":"https:\/\/api.w.org\/{rel}","templated":true}]}}