{"id":278,"date":"2020-01-08T14:48:10","date_gmt":"2020-01-08T13:48:10","guid":{"rendered":"https:\/\/stagpartynight.com\/es\/?post_type=product&#038;p=278"},"modified":"2024-01-22T12:22:40","modified_gmt":"2024-01-22T11:22:40","slug":"transporte-privado-en-ibiza","status":"publish","type":"product","link":"https:\/\/stagpartynight.com\/es\/product\/transporte-privado-en-ibiza\/","title":{"rendered":"Transporte privado en Ibiza"},"content":{"rendered":"<div>Transporte Privado en Ibiza. Transporte privado para su grupo en Ibiza. M\u00e1s servicios disponibles.<\/div>\n<div><\/div>\n<div>\u00a1Las mejores despedidas de soltero con <a href=\"https:\/\/stagpartynight.com\/\">StagParty<\/a>!<\/div>\n<div><\/div>\n<h2 style=\"text-align: center;\">\ud83c\udf1f Transporte Privado en Ibiza! \u00a1Viaja con estilo! \ud83d\ude97<\/h2>\n<div>Cansado del estr\u00e9s de conducir en vacaciones? \u00a1D\u00e9janos coger el volante! Con nuestra agencia, descubre el mejor transporte privado para ti y tu grupo en Ibiza.<\/div>\n<div><\/div>\n<div>\ud83c\udf34 Olv\u00eddate del estr\u00e9s de conducir: Las vacaciones son para relajarse, no para preocuparse por el tr\u00e1fico. Reserva nuestros traslados privados y deja que te llevemos, ya sea desde el aeropuerto de Ibiza a tu alojamiento o a las discotecas y actividades imprescindibles de la isla.<\/div>\n<div><\/div>\n<div>\u2708\ufe0fDu Terminal a su destino: Desde el momento en que aterrice, nuestro equipo especializado estar\u00e1 listo para darle la bienvenida. Evite las molestias y perm\u00edtanos organizar su transporte, desde elegantes coches hasta espaciosos autobuses, dependiendo del tama\u00f1o de su grupo.<\/div>\n<div><\/div>\n<div>\ud83c\udf1f Comodidad y conveniencia: No se preocupe m\u00e1s por la log\u00edstica. Con nuestros servicios de transporte privado, podr\u00e1 centrarse en lo que realmente importa: disfrutar de sus vacaciones. \u00a1Reserva ahora para un viaje a Ibiza sin estr\u00e9s!<\/div>\n<div><\/div>\n<div>\ud83d\ude97 Veh\u00edculos adaptados a tus necesidades: Tanto si viajas con un grupo peque\u00f1o como con uno grande, tenemos la soluci\u00f3n perfecta. Opta por la comodidad y la tranquilidad con nuestro transporte privado.<\/div>\n<div><\/div>\n<div>\n<div><\/div>\n<div>Prep\u00e1rese para explorar Ibiza con toda tranquilidad.<\/div>\n<div><\/div>\n<div>Reserva hoy y disfruta de unas vacaciones sin preocupaciones con nuestros servicios de transporte privado de calidad. \ud83c\udf34<\/div>\n<div><\/div>\n<div style=\"text-align: center;\">\u00a1Reserva Transporte <a href=\"https:\/\/es.wikipedia.org\/wiki\/Ibiza\">Ibiza<\/a>!<\/div>\n<\/div>\n","protected":false},"excerpt":{"rendered":"<p>Transporte privado desde el aeropuerto hasta su alojamiento, ida y vuelta. Tambi\u00e9n para trasladarse a alguna actividad por la isla. Precios a consultar <strong>Transporte privado en Ibiza<\/strong><\/p>\n","protected":false},"featured_media":49,"comment_status":"open","ping_status":"closed","template":"","meta":{"_et_pb_use_builder":"","_et_pb_old_content":"","_et_gb_content_width":""},"product_brand":[],"product_cat":[113],"product_tag":[562,563,137,138],"class_list":{"0":"post-278","1":"product","2":"type-product","3":"status-publish","4":"has-post-thumbnail","6":"product_cat-ibiza","7":"product_tag-autobuses-para-despedidas-en-ibiza","8":"product_tag-tarnsporte-para-grupos-ibiza","9":"product_tag-transfers-ibiza","10":"product_tag-transports-ibiza","12":"first","13":"instock","14":"virtual","15":"product-type-simple"},"yoast_head":"<!-- This site is optimized with the Yoast SEO Premium plugin v27.5 (Yoast SEO v27.5) - https:\/\/yoast.com\/product\/yoast-seo-premium-wordpress\/ -->\n<title>Transporte privado en Ibiza<\/title>\n<meta name=\"description\" content=\"Transporte Privado en Ibiza. Transporte privado para su grupo en Ibiza. M\u00e1s servicios disponibles. Reserva ya para moverte tranquilo por la isla.\" \/>\n<meta name=\"robots\" content=\"index, follow, max-snippet:-1, max-image-preview:large, max-video-preview:-1\" \/>\n<link rel=\"canonical\" href=\"https:\/\/stagpartynight.com\/es\/product\/transporte-privado-en-ibiza\/\" \/>\n<meta property=\"og:locale\" content=\"es_ES\" \/>\n<meta property=\"og:type\" content=\"article\" \/>\n<meta property=\"og:title\" content=\"Transporte privado en Ibiza\" \/>\n<meta property=\"og:description\" content=\"Transporte Privado en Ibiza. Transporte privado para su grupo en Ibiza. M\u00e1s servicios disponibles. Reserva ya para moverte tranquilo por la isla.\" \/>\n<meta property=\"og:url\" content=\"https:\/\/stagpartynight.com\/es\/product\/transporte-privado-en-ibiza\/\" \/>\n<meta property=\"og:site_name\" content=\"Despedida de Soltero\" \/>\n<meta property=\"article:modified_time\" content=\"2024-01-22T11:22:40+00:00\" \/>\n<meta property=\"og:image\" content=\"https:\/\/stagpartynight.com\/es\/wp-content\/uploads\/sites\/2\/2019\/12\/transportation-services-09.png\" \/>\n\t<meta property=\"og:image:width\" content=\"1920\" \/>\n\t<meta property=\"og:image:height\" content=\"796\" \/>\n\t<meta property=\"og:image:type\" content=\"image\/png\" \/>\n<meta name=\"twitter:card\" content=\"summary_large_image\" \/>\n<meta name=\"twitter:label1\" content=\"Tiempo de lectura\" \/>\n\t<meta name=\"twitter:data1\" content=\"2 minutos\" \/>\n<script type=\"application\/ld+json\" class=\"yoast-schema-graph\">{\"@context\":\"https:\\\/\\\/schema.org\",\"@graph\":[{\"@type\":\"WebPage\",\"@id\":\"https:\\\/\\\/stagpartynight.com\\\/es\\\/product\\\/transporte-privado-en-ibiza\\\/\",\"url\":\"https:\\\/\\\/stagpartynight.com\\\/es\\\/product\\\/transporte-privado-en-ibiza\\\/\",\"name\":\"Transporte privado en Ibiza\",\"isPartOf\":{\"@id\":\"https:\\\/\\\/stagpartynight.com\\\/es\\\/#website\"},\"primaryImageOfPage\":{\"@id\":\"https:\\\/\\\/stagpartynight.com\\\/es\\\/product\\\/transporte-privado-en-ibiza\\\/#primaryimage\"},\"image\":{\"@id\":\"https:\\\/\\\/stagpartynight.com\\\/es\\\/product\\\/transporte-privado-en-ibiza\\\/#primaryimage\"},\"thumbnailUrl\":\"https:\\\/\\\/stagpartynight.com\\\/es\\\/wp-content\\\/uploads\\\/sites\\\/2\\\/2019\\\/12\\\/transportation-services-09.png\",\"datePublished\":\"2020-01-08T13:48:10+00:00\",\"dateModified\":\"2024-01-22T11:22:40+00:00\",\"description\":\"Transporte Privado en Ibiza. Transporte privado para su grupo en Ibiza. M\u00e1s servicios disponibles. Reserva ya para moverte tranquilo por la isla.\",\"breadcrumb\":{\"@id\":\"https:\\\/\\\/stagpartynight.com\\\/es\\\/product\\\/transporte-privado-en-ibiza\\\/#breadcrumb\"},\"inLanguage\":\"es\",\"potentialAction\":[{\"@type\":\"ReadAction\",\"target\":[\"https:\\\/\\\/stagpartynight.com\\\/es\\\/product\\\/transporte-privado-en-ibiza\\\/\"]}]},{\"@type\":\"ImageObject\",\"inLanguage\":\"es\",\"@id\":\"https:\\\/\\\/stagpartynight.com\\\/es\\\/product\\\/transporte-privado-en-ibiza\\\/#primaryimage\",\"url\":\"https:\\\/\\\/stagpartynight.com\\\/es\\\/wp-content\\\/uploads\\\/sites\\\/2\\\/2019\\\/12\\\/transportation-services-09.png\",\"contentUrl\":\"https:\\\/\\\/stagpartynight.com\\\/es\\\/wp-content\\\/uploads\\\/sites\\\/2\\\/2019\\\/12\\\/transportation-services-09.png\",\"width\":1920,\"height\":796,\"caption\":\"Transporte privado en Ibiza\"},{\"@type\":\"BreadcrumbList\",\"@id\":\"https:\\\/\\\/stagpartynight.com\\\/es\\\/product\\\/transporte-privado-en-ibiza\\\/#breadcrumb\",\"itemListElement\":[{\"@type\":\"ListItem\",\"position\":1,\"name\":\"Home\",\"item\":\"https:\\\/\\\/stagpartynight.com\\\/es\\\/\"},{\"@type\":\"ListItem\",\"position\":2,\"name\":\"Tienda\",\"item\":\"https:\\\/\\\/stagpartynight.com\\\/es\\\/tienda\\\/\"},{\"@type\":\"ListItem\",\"position\":3,\"name\":\"Transporte privado en Ibiza\"}]},{\"@type\":\"WebSite\",\"@id\":\"https:\\\/\\\/stagpartynight.com\\\/es\\\/#website\",\"url\":\"https:\\\/\\\/stagpartynight.com\\\/es\\\/\",\"name\":\"Stag Party Night\",\"description\":\"Your Stag Party Customized\",\"publisher\":{\"@id\":\"https:\\\/\\\/stagpartynight.com\\\/es\\\/#organization\"},\"potentialAction\":[{\"@type\":\"SearchAction\",\"target\":{\"@type\":\"EntryPoint\",\"urlTemplate\":\"https:\\\/\\\/stagpartynight.com\\\/es\\\/?s={search_term_string}\"},\"query-input\":{\"@type\":\"PropertyValueSpecification\",\"valueRequired\":true,\"valueName\":\"search_term_string\"}}],\"inLanguage\":\"es\"},{\"@type\":\"Organization\",\"@id\":\"https:\\\/\\\/stagpartynight.com\\\/es\\\/#organization\",\"name\":\"Stag Party Night\",\"url\":\"https:\\\/\\\/stagpartynight.com\\\/es\\\/\",\"logo\":{\"@type\":\"ImageObject\",\"inLanguage\":\"es\",\"@id\":\"https:\\\/\\\/stagpartynight.com\\\/es\\\/#\\\/schema\\\/logo\\\/image\\\/\",\"url\":\"https:\\\/\\\/stagpartynight.com\\\/es\\\/wp-content\\\/uploads\\\/sites\\\/2\\\/2019\\\/12\\\/stagpartynight-e1578565505687.png\",\"contentUrl\":\"https:\\\/\\\/stagpartynight.com\\\/es\\\/wp-content\\\/uploads\\\/sites\\\/2\\\/2019\\\/12\\\/stagpartynight-e1578565505687.png\",\"width\":400,\"height\":400,\"caption\":\"Stag Party Night\"},\"image\":{\"@id\":\"https:\\\/\\\/stagpartynight.com\\\/es\\\/#\\\/schema\\\/logo\\\/image\\\/\"}}]}<\/script>\n<!-- \/ Yoast SEO Premium plugin. -->","yoast_head_json":{"title":"Transporte privado en Ibiza","description":"Transporte Privado en Ibiza. Transporte privado para su grupo en Ibiza. M\u00e1s servicios disponibles. Reserva ya para moverte tranquilo por la isla.","robots":{"index":"index","follow":"follow","max-snippet":"max-snippet:-1","max-image-preview":"max-image-preview:large","max-video-preview":"max-video-preview:-1"},"canonical":"https:\/\/stagpartynight.com\/es\/product\/transporte-privado-en-ibiza\/","og_locale":"es_ES","og_type":"article","og_title":"Transporte privado en Ibiza","og_description":"Transporte Privado en Ibiza. Transporte privado para su grupo en Ibiza. M\u00e1s servicios disponibles. Reserva ya para moverte tranquilo por la isla.","og_url":"https:\/\/stagpartynight.com\/es\/product\/transporte-privado-en-ibiza\/","og_site_name":"Despedida de Soltero","article_modified_time":"2024-01-22T11:22:40+00:00","og_image":[{"width":1920,"height":796,"url":"https:\/\/stagpartynight.com\/es\/wp-content\/uploads\/sites\/2\/2019\/12\/transportation-services-09.png","type":"image\/png"}],"twitter_card":"summary_large_image","twitter_misc":{"Tiempo de lectura":"2 minutos"},"schema":{"@context":"https:\/\/schema.org","@graph":[{"@type":"WebPage","@id":"https:\/\/stagpartynight.com\/es\/product\/transporte-privado-en-ibiza\/","url":"https:\/\/stagpartynight.com\/es\/product\/transporte-privado-en-ibiza\/","name":"Transporte privado en Ibiza","isPartOf":{"@id":"https:\/\/stagpartynight.com\/es\/#website"},"primaryImageOfPage":{"@id":"https:\/\/stagpartynight.com\/es\/product\/transporte-privado-en-ibiza\/#primaryimage"},"image":{"@id":"https:\/\/stagpartynight.com\/es\/product\/transporte-privado-en-ibiza\/#primaryimage"},"thumbnailUrl":"https:\/\/stagpartynight.com\/es\/wp-content\/uploads\/sites\/2\/2019\/12\/transportation-services-09.png","datePublished":"2020-01-08T13:48:10+00:00","dateModified":"2024-01-22T11:22:40+00:00","description":"Transporte Privado en Ibiza. Transporte privado para su grupo en Ibiza. M\u00e1s servicios disponibles. Reserva ya para moverte tranquilo por la isla.","breadcrumb":{"@id":"https:\/\/stagpartynight.com\/es\/product\/transporte-privado-en-ibiza\/#breadcrumb"},"inLanguage":"es","potentialAction":[{"@type":"ReadAction","target":["https:\/\/stagpartynight.com\/es\/product\/transporte-privado-en-ibiza\/"]}]},{"@type":"ImageObject","inLanguage":"es","@id":"https:\/\/stagpartynight.com\/es\/product\/transporte-privado-en-ibiza\/#primaryimage","url":"https:\/\/stagpartynight.com\/es\/wp-content\/uploads\/sites\/2\/2019\/12\/transportation-services-09.png","contentUrl":"https:\/\/stagpartynight.com\/es\/wp-content\/uploads\/sites\/2\/2019\/12\/transportation-services-09.png","width":1920,"height":796,"caption":"Transporte privado en Ibiza"},{"@type":"BreadcrumbList","@id":"https:\/\/stagpartynight.com\/es\/product\/transporte-privado-en-ibiza\/#breadcrumb","itemListElement":[{"@type":"ListItem","position":1,"name":"Home","item":"https:\/\/stagpartynight.com\/es\/"},{"@type":"ListItem","position":2,"name":"Tienda","item":"https:\/\/stagpartynight.com\/es\/tienda\/"},{"@type":"ListItem","position":3,"name":"Transporte privado en Ibiza"}]},{"@type":"WebSite","@id":"https:\/\/stagpartynight.com\/es\/#website","url":"https:\/\/stagpartynight.com\/es\/","name":"Stag Party Night","description":"Your Stag Party Customized","publisher":{"@id":"https:\/\/stagpartynight.com\/es\/#organization"},"potentialAction":[{"@type":"SearchAction","target":{"@type":"EntryPoint","urlTemplate":"https:\/\/stagpartynight.com\/es\/?s={search_term_string}"},"query-input":{"@type":"PropertyValueSpecification","valueRequired":true,"valueName":"search_term_string"}}],"inLanguage":"es"},{"@type":"Organization","@id":"https:\/\/stagpartynight.com\/es\/#organization","name":"Stag Party Night","url":"https:\/\/stagpartynight.com\/es\/","logo":{"@type":"ImageObject","inLanguage":"es","@id":"https:\/\/stagpartynight.com\/es\/#\/schema\/logo\/image\/","url":"https:\/\/stagpartynight.com\/es\/wp-content\/uploads\/sites\/2\/2019\/12\/stagpartynight-e1578565505687.png","contentUrl":"https:\/\/stagpartynight.com\/es\/wp-content\/uploads\/sites\/2\/2019\/12\/stagpartynight-e1578565505687.png","width":400,"height":400,"caption":"Stag Party Night"},"image":{"@id":"https:\/\/stagpartynight.com\/es\/#\/schema\/logo\/image\/"}}]}},"_links":{"self":[{"href":"https:\/\/stagpartynight.com\/es\/wp-json\/wp\/v2\/product\/278","targetHints":{"allow":["GET"]}}],"collection":[{"href":"https:\/\/stagpartynight.com\/es\/wp-json\/wp\/v2\/product"}],"about":[{"href":"https:\/\/stagpartynight.com\/es\/wp-json\/wp\/v2\/types\/product"}],"replies":[{"embeddable":true,"href":"https:\/\/stagpartynight.com\/es\/wp-json\/wp\/v2\/comments?post=278"}],"wp:featuredmedia":[{"embeddable":true,"href":"https:\/\/stagpartynight.com\/es\/wp-json\/wp\/v2\/media\/49"}],"wp:attachment":[{"href":"https:\/\/stagpartynight.com\/es\/wp-json\/wp\/v2\/media?parent=278"}],"wp:term":[{"taxonomy":"product_brand","embeddable":true,"href":"https:\/\/stagpartynight.com\/es\/wp-json\/wp\/v2\/product_brand?post=278"},{"taxonomy":"product_cat","embeddable":true,"href":"https:\/\/stagpartynight.com\/es\/wp-json\/wp\/v2\/product_cat?post=278"},{"taxonomy":"product_tag","embeddable":true,"href":"https:\/\/stagpartynight.com\/es\/wp-json\/wp\/v2\/product_tag?post=278"}],"curies":[{"name":"wp","href":"https:\/\/api.w.org\/{rel}","templated":true}]}}