{"id":293,"date":"2020-01-08T15:18:47","date_gmt":"2020-01-08T14:18:47","guid":{"rendered":"https:\/\/stagpartynight.com\/es\/?post_type=product&#038;p=293"},"modified":"2022-12-27T12:41:17","modified_gmt":"2022-12-27T11:41:17","slug":"search-for-the-lisbon-treasure","status":"publish","type":"product","link":"https:\/\/stagpartynight.com\/es\/product\/search-for-the-lisbon-treasure\/","title":{"rendered":"Busqueda del tesoro en Lisboa"},"content":{"rendered":"<p>Busca el tesoro, descubre los lugares hist\u00f3ricos de la ciudad. Te damos un mapa y te dejamos pistas para que descubras el tesoro. Actividad con gu\u00edas que te ayudar\u00e1n a encontrar las aguas del tesoro incluidas. Duraci\u00f3n aproximada de 3 horas.<\/p>\n","protected":false},"excerpt":{"rendered":"<p>Busca el tesoro, descubre los lugares hist\u00f3ricos de la ciudad. Te damos un mapa y te dejamos pistas para que descubras el tesoro. Actividad con gu\u00edas que te ayudar\u00e1n a encontrar las aguas del tesoro incluidas. Duraci\u00f3n aproximada de 3 horas.<\/p>\n","protected":false},"featured_media":164,"comment_status":"open","ping_status":"closed","template":"","meta":{"_et_pb_use_builder":"","_et_pb_old_content":"","_et_gb_content_width":""},"product_brand":[],"product_cat":[148],"product_tag":[511,510,512,155],"class_list":{"0":"post-293","1":"product","2":"type-product","3":"status-publish","4":"has-post-thumbnail","6":"product_cat-lisboa","7":"product_tag-busqueda-del-tesoro-lisboa","8":"product_tag-la-busqueda-del-tesoro-en-lisboa","9":"product_tag-peddy-paper-en-lisboa","10":"product_tag-search-for-the-lisbon-treasure","12":"first","13":"instock","14":"virtual","15":"product-type-simple"},"yoast_head":"<!-- This site is optimized with the Yoast SEO plugin v26.4 - https:\/\/yoast.com\/wordpress\/plugins\/seo\/ -->\n<title>Busqueda del tesoro en Lisboa - Peddy Paper Lisboa<\/title>\n<meta name=\"description\" content=\"Busqueda del tesoro en Lisboa - Descubre los lugares hist\u00f3ricos de la ciudad. Te damos un mapa y te dejamos pistas para que descubras el tesoro. Actividad con gu\u00edas que te ayudar\u00e1n a encontrar las aguas del tesoro incluidas. Duraci\u00f3n aproximada de 3 horas.\" \/>\n<meta name=\"robots\" content=\"index, follow, max-snippet:-1, max-image-preview:large, max-video-preview:-1\" \/>\n<link rel=\"canonical\" href=\"https:\/\/stagpartynight.com\/es\/product\/search-for-the-lisbon-treasure\/\" \/>\n<meta property=\"og:locale\" content=\"es_ES\" \/>\n<meta property=\"og:type\" content=\"article\" \/>\n<meta property=\"og:title\" content=\"Busqueda del tesoro en Lisboa - Peddy Paper Lisboa\" \/>\n<meta property=\"og:description\" content=\"Busqueda del tesoro en Lisboa - Descubre los lugares hist\u00f3ricos de la ciudad. Te damos un mapa y te dejamos pistas para que descubras el tesoro. Actividad con gu\u00edas que te ayudar\u00e1n a encontrar las aguas del tesoro incluidas. Duraci\u00f3n aproximada de 3 horas.\" \/>\n<meta property=\"og:url\" content=\"https:\/\/stagpartynight.com\/es\/product\/search-for-the-lisbon-treasure\/\" \/>\n<meta property=\"og:site_name\" content=\"Despedida de Soltero\" \/>\n<meta property=\"article:modified_time\" content=\"2022-12-27T11:41:17+00:00\" \/>\n<meta property=\"og:image\" content=\"https:\/\/stagpartynight.com\/es\/wp-content\/uploads\/sites\/2\/2020\/01\/Discovery-Treasure-Hunt-Oporto.jpg\" \/>\n\t<meta property=\"og:image:width\" content=\"600\" \/>\n\t<meta property=\"og:image:height\" content=\"400\" \/>\n\t<meta property=\"og:image:type\" content=\"image\/jpeg\" \/>\n<meta name=\"twitter:card\" content=\"summary_large_image\" \/>\n<script type=\"application\/ld+json\" class=\"yoast-schema-graph\">{\"@context\":\"https:\/\/schema.org\",\"@graph\":[{\"@type\":\"WebPage\",\"@id\":\"https:\/\/stagpartynight.com\/es\/product\/search-for-the-lisbon-treasure\/\",\"url\":\"https:\/\/stagpartynight.com\/es\/product\/search-for-the-lisbon-treasure\/\",\"name\":\"Busqueda del tesoro en Lisboa - Peddy Paper Lisboa\",\"isPartOf\":{\"@id\":\"https:\/\/stagpartynight.com\/es\/#website\"},\"primaryImageOfPage\":{\"@id\":\"https:\/\/stagpartynight.com\/es\/product\/search-for-the-lisbon-treasure\/#primaryimage\"},\"image\":{\"@id\":\"https:\/\/stagpartynight.com\/es\/product\/search-for-the-lisbon-treasure\/#primaryimage\"},\"thumbnailUrl\":\"https:\/\/stagpartynight.com\/es\/wp-content\/uploads\/sites\/2\/2020\/01\/Discovery-Treasure-Hunt-Oporto.jpg\",\"datePublished\":\"2020-01-08T14:18:47+00:00\",\"dateModified\":\"2022-12-27T11:41:17+00:00\",\"description\":\"Busqueda del tesoro en Lisboa - Descubre los lugares hist\u00f3ricos de la ciudad. Te damos un mapa y te dejamos pistas para que descubras el tesoro. Actividad con gu\u00edas que te ayudar\u00e1n a encontrar las aguas del tesoro incluidas. Duraci\u00f3n aproximada de 3 horas.\",\"breadcrumb\":{\"@id\":\"https:\/\/stagpartynight.com\/es\/product\/search-for-the-lisbon-treasure\/#breadcrumb\"},\"inLanguage\":\"es\",\"potentialAction\":[{\"@type\":\"ReadAction\",\"target\":[\"https:\/\/stagpartynight.com\/es\/product\/search-for-the-lisbon-treasure\/\"]}]},{\"@type\":\"ImageObject\",\"inLanguage\":\"es\",\"@id\":\"https:\/\/stagpartynight.com\/es\/product\/search-for-the-lisbon-treasure\/#primaryimage\",\"url\":\"https:\/\/stagpartynight.com\/es\/wp-content\/uploads\/sites\/2\/2020\/01\/Discovery-Treasure-Hunt-Oporto.jpg\",\"contentUrl\":\"https:\/\/stagpartynight.com\/es\/wp-content\/uploads\/sites\/2\/2020\/01\/Discovery-Treasure-Hunt-Oporto.jpg\",\"width\":600,\"height\":400},{\"@type\":\"BreadcrumbList\",\"@id\":\"https:\/\/stagpartynight.com\/es\/product\/search-for-the-lisbon-treasure\/#breadcrumb\",\"itemListElement\":[{\"@type\":\"ListItem\",\"position\":1,\"name\":\"Home\",\"item\":\"https:\/\/stagpartynight.com\/es\/\"},{\"@type\":\"ListItem\",\"position\":2,\"name\":\"Tienda\",\"item\":\"https:\/\/stagpartynight.com\/es\/tienda\/\"},{\"@type\":\"ListItem\",\"position\":3,\"name\":\"Busqueda del tesoro en Lisboa\"}]},{\"@type\":\"WebSite\",\"@id\":\"https:\/\/stagpartynight.com\/es\/#website\",\"url\":\"https:\/\/stagpartynight.com\/es\/\",\"name\":\"Stag Party Night\",\"description\":\"Your Stag Party Customized\",\"publisher\":{\"@id\":\"https:\/\/stagpartynight.com\/es\/#organization\"},\"potentialAction\":[{\"@type\":\"SearchAction\",\"target\":{\"@type\":\"EntryPoint\",\"urlTemplate\":\"https:\/\/stagpartynight.com\/es\/?s={search_term_string}\"},\"query-input\":{\"@type\":\"PropertyValueSpecification\",\"valueRequired\":true,\"valueName\":\"search_term_string\"}}],\"inLanguage\":\"es\"},{\"@type\":\"Organization\",\"@id\":\"https:\/\/stagpartynight.com\/es\/#organization\",\"name\":\"Stag Party Night\",\"url\":\"https:\/\/stagpartynight.com\/es\/\",\"logo\":{\"@type\":\"ImageObject\",\"inLanguage\":\"es\",\"@id\":\"https:\/\/stagpartynight.com\/es\/#\/schema\/logo\/image\/\",\"url\":\"https:\/\/stagpartynight.com\/es\/wp-content\/uploads\/sites\/2\/2019\/12\/stagpartynight-e1578565505687.png\",\"contentUrl\":\"https:\/\/stagpartynight.com\/es\/wp-content\/uploads\/sites\/2\/2019\/12\/stagpartynight-e1578565505687.png\",\"width\":400,\"height\":400,\"caption\":\"Stag Party Night\"},\"image\":{\"@id\":\"https:\/\/stagpartynight.com\/es\/#\/schema\/logo\/image\/\"}}]}<\/script>\n<!-- \/ Yoast SEO plugin. -->","yoast_head_json":{"title":"Busqueda del tesoro en Lisboa - Peddy Paper Lisboa","description":"Busqueda del tesoro en Lisboa - Descubre los lugares hist\u00f3ricos de la ciudad. Te damos un mapa y te dejamos pistas para que descubras el tesoro. Actividad con gu\u00edas que te ayudar\u00e1n a encontrar las aguas del tesoro incluidas. Duraci\u00f3n aproximada de 3 horas.","robots":{"index":"index","follow":"follow","max-snippet":"max-snippet:-1","max-image-preview":"max-image-preview:large","max-video-preview":"max-video-preview:-1"},"canonical":"https:\/\/stagpartynight.com\/es\/product\/search-for-the-lisbon-treasure\/","og_locale":"es_ES","og_type":"article","og_title":"Busqueda del tesoro en Lisboa - Peddy Paper Lisboa","og_description":"Busqueda del tesoro en Lisboa - Descubre los lugares hist\u00f3ricos de la ciudad. Te damos un mapa y te dejamos pistas para que descubras el tesoro. Actividad con gu\u00edas que te ayudar\u00e1n a encontrar las aguas del tesoro incluidas. Duraci\u00f3n aproximada de 3 horas.","og_url":"https:\/\/stagpartynight.com\/es\/product\/search-for-the-lisbon-treasure\/","og_site_name":"Despedida de Soltero","article_modified_time":"2022-12-27T11:41:17+00:00","og_image":[{"width":600,"height":400,"url":"https:\/\/stagpartynight.com\/es\/wp-content\/uploads\/sites\/2\/2020\/01\/Discovery-Treasure-Hunt-Oporto.jpg","type":"image\/jpeg"}],"twitter_card":"summary_large_image","schema":{"@context":"https:\/\/schema.org","@graph":[{"@type":"WebPage","@id":"https:\/\/stagpartynight.com\/es\/product\/search-for-the-lisbon-treasure\/","url":"https:\/\/stagpartynight.com\/es\/product\/search-for-the-lisbon-treasure\/","name":"Busqueda del tesoro en Lisboa - Peddy Paper Lisboa","isPartOf":{"@id":"https:\/\/stagpartynight.com\/es\/#website"},"primaryImageOfPage":{"@id":"https:\/\/stagpartynight.com\/es\/product\/search-for-the-lisbon-treasure\/#primaryimage"},"image":{"@id":"https:\/\/stagpartynight.com\/es\/product\/search-for-the-lisbon-treasure\/#primaryimage"},"thumbnailUrl":"https:\/\/stagpartynight.com\/es\/wp-content\/uploads\/sites\/2\/2020\/01\/Discovery-Treasure-Hunt-Oporto.jpg","datePublished":"2020-01-08T14:18:47+00:00","dateModified":"2022-12-27T11:41:17+00:00","description":"Busqueda del tesoro en Lisboa - Descubre los lugares hist\u00f3ricos de la ciudad. Te damos un mapa y te dejamos pistas para que descubras el tesoro. Actividad con gu\u00edas que te ayudar\u00e1n a encontrar las aguas del tesoro incluidas. Duraci\u00f3n aproximada de 3 horas.","breadcrumb":{"@id":"https:\/\/stagpartynight.com\/es\/product\/search-for-the-lisbon-treasure\/#breadcrumb"},"inLanguage":"es","potentialAction":[{"@type":"ReadAction","target":["https:\/\/stagpartynight.com\/es\/product\/search-for-the-lisbon-treasure\/"]}]},{"@type":"ImageObject","inLanguage":"es","@id":"https:\/\/stagpartynight.com\/es\/product\/search-for-the-lisbon-treasure\/#primaryimage","url":"https:\/\/stagpartynight.com\/es\/wp-content\/uploads\/sites\/2\/2020\/01\/Discovery-Treasure-Hunt-Oporto.jpg","contentUrl":"https:\/\/stagpartynight.com\/es\/wp-content\/uploads\/sites\/2\/2020\/01\/Discovery-Treasure-Hunt-Oporto.jpg","width":600,"height":400},{"@type":"BreadcrumbList","@id":"https:\/\/stagpartynight.com\/es\/product\/search-for-the-lisbon-treasure\/#breadcrumb","itemListElement":[{"@type":"ListItem","position":1,"name":"Home","item":"https:\/\/stagpartynight.com\/es\/"},{"@type":"ListItem","position":2,"name":"Tienda","item":"https:\/\/stagpartynight.com\/es\/tienda\/"},{"@type":"ListItem","position":3,"name":"Busqueda del tesoro en Lisboa"}]},{"@type":"WebSite","@id":"https:\/\/stagpartynight.com\/es\/#website","url":"https:\/\/stagpartynight.com\/es\/","name":"Stag Party Night","description":"Your Stag Party Customized","publisher":{"@id":"https:\/\/stagpartynight.com\/es\/#organization"},"potentialAction":[{"@type":"SearchAction","target":{"@type":"EntryPoint","urlTemplate":"https:\/\/stagpartynight.com\/es\/?s={search_term_string}"},"query-input":{"@type":"PropertyValueSpecification","valueRequired":true,"valueName":"search_term_string"}}],"inLanguage":"es"},{"@type":"Organization","@id":"https:\/\/stagpartynight.com\/es\/#organization","name":"Stag Party Night","url":"https:\/\/stagpartynight.com\/es\/","logo":{"@type":"ImageObject","inLanguage":"es","@id":"https:\/\/stagpartynight.com\/es\/#\/schema\/logo\/image\/","url":"https:\/\/stagpartynight.com\/es\/wp-content\/uploads\/sites\/2\/2019\/12\/stagpartynight-e1578565505687.png","contentUrl":"https:\/\/stagpartynight.com\/es\/wp-content\/uploads\/sites\/2\/2019\/12\/stagpartynight-e1578565505687.png","width":400,"height":400,"caption":"Stag Party Night"},"image":{"@id":"https:\/\/stagpartynight.com\/es\/#\/schema\/logo\/image\/"}}]}},"_links":{"self":[{"href":"https:\/\/stagpartynight.com\/es\/wp-json\/wp\/v2\/product\/293","targetHints":{"allow":["GET"]}}],"collection":[{"href":"https:\/\/stagpartynight.com\/es\/wp-json\/wp\/v2\/product"}],"about":[{"href":"https:\/\/stagpartynight.com\/es\/wp-json\/wp\/v2\/types\/product"}],"replies":[{"embeddable":true,"href":"https:\/\/stagpartynight.com\/es\/wp-json\/wp\/v2\/comments?post=293"}],"wp:featuredmedia":[{"embeddable":true,"href":"https:\/\/stagpartynight.com\/es\/wp-json\/wp\/v2\/media\/164"}],"wp:attachment":[{"href":"https:\/\/stagpartynight.com\/es\/wp-json\/wp\/v2\/media?parent=293"}],"wp:term":[{"taxonomy":"product_brand","embeddable":true,"href":"https:\/\/stagpartynight.com\/es\/wp-json\/wp\/v2\/product_brand?post=293"},{"taxonomy":"product_cat","embeddable":true,"href":"https:\/\/stagpartynight.com\/es\/wp-json\/wp\/v2\/product_cat?post=293"},{"taxonomy":"product_tag","embeddable":true,"href":"https:\/\/stagpartynight.com\/es\/wp-json\/wp\/v2\/product_tag?post=293"}],"curies":[{"name":"wp","href":"https:\/\/api.w.org\/{rel}","templated":true}]}}