{"id":296,"date":"2020-01-08T15:22:11","date_gmt":"2020-01-08T14:22:11","guid":{"rendered":"https:\/\/stagpartynight.com\/es\/?post_type=product&#038;p=296"},"modified":"2022-12-27T12:38:52","modified_gmt":"2022-12-27T11:38:52","slug":"wine-tour-lisboa","status":"publish","type":"product","link":"https:\/\/stagpartynight.com\/es\/product\/wine-tour-lisboa\/","title":{"rendered":"Tour de vino en Lisboa"},"content":{"rendered":"<p>Visita guiada con un experto en vinos, degustando las variedades de vinos t\u00edpicos portugueses, tintos, blancos, verdes, rosados, oporto y moscatel. Visita a 3 o m\u00e1s bares y cuevas tradicionales de Portuguesas pie y degustaci\u00f3n de sus variedades de vino. Actividad recomendada.<\/p>\n","protected":false},"excerpt":{"rendered":"<p>Visita guiada con un experto en vinos, degustando las variedades de vinos t\u00edpicos portugueses, tintos, blancos, verdes, rosados, oporto y moscatel. Visita a 3 o m\u00e1s bares y cuevas tradicionales de Portuguesas pie y degustaci\u00f3n de sus variedades de vino. Actividad recomendada.<\/p>\n","protected":false},"featured_media":145,"comment_status":"open","ping_status":"closed","template":"","meta":{"_et_pb_use_builder":"","_et_pb_old_content":"","_et_gb_content_width":""},"product_brand":[],"product_cat":[148],"product_tag":[514,515,513,31,157],"class_list":{"0":"post-296","1":"product","2":"type-product","3":"status-publish","4":"has-post-thumbnail","6":"product_cat-lisboa","7":"product_tag-cata-de-vino-en-lisboa","8":"product_tag-degustacion-de-vino-en-lisboa","9":"product_tag-tour-de-vino-en-lisboa","10":"product_tag-wine-tour","11":"product_tag-wine-tour-lisboa","13":"first","14":"instock","15":"virtual","16":"product-type-simple"},"yoast_head":"<!-- This site is optimized with the Yoast SEO plugin v26.4 - https:\/\/yoast.com\/wordpress\/plugins\/seo\/ -->\n<title>Tour de vino en Lisboa - Cata de vino en Lisboa - Degustacion de vino<\/title>\n<meta name=\"description\" content=\"Tour de vino en Lisboa - Visita guiada con un experto en vinos, degustando las variedades de vinos t\u00edpicos portugueses, tintos, blancos, verdes, rosados, oporto y moscatel.\" \/>\n<meta name=\"robots\" content=\"index, follow, max-snippet:-1, max-image-preview:large, max-video-preview:-1\" \/>\n<link rel=\"canonical\" href=\"https:\/\/stagpartynight.com\/es\/product\/wine-tour-lisboa\/\" \/>\n<meta property=\"og:locale\" content=\"es_ES\" \/>\n<meta property=\"og:type\" content=\"article\" \/>\n<meta property=\"og:title\" content=\"Tour de vino en Lisboa - Cata de vino en Lisboa - Degustacion de vino\" \/>\n<meta property=\"og:description\" content=\"Tour de vino en Lisboa - Visita guiada con un experto en vinos, degustando las variedades de vinos t\u00edpicos portugueses, tintos, blancos, verdes, rosados, oporto y moscatel.\" \/>\n<meta property=\"og:url\" content=\"https:\/\/stagpartynight.com\/es\/product\/wine-tour-lisboa\/\" \/>\n<meta property=\"og:site_name\" content=\"Despedida de Soltero\" \/>\n<meta property=\"article:modified_time\" content=\"2022-12-27T11:38:52+00:00\" \/>\n<meta property=\"og:image\" content=\"https:\/\/stagpartynight.com\/es\/wp-content\/uploads\/sites\/2\/2020\/01\/wine-1761613_1280.jpg\" \/>\n\t<meta property=\"og:image:width\" content=\"1280\" \/>\n\t<meta property=\"og:image:height\" content=\"854\" \/>\n\t<meta property=\"og:image:type\" content=\"image\/jpeg\" \/>\n<meta name=\"twitter:card\" content=\"summary_large_image\" \/>\n<script type=\"application\/ld+json\" class=\"yoast-schema-graph\">{\"@context\":\"https:\/\/schema.org\",\"@graph\":[{\"@type\":\"WebPage\",\"@id\":\"https:\/\/stagpartynight.com\/es\/product\/wine-tour-lisboa\/\",\"url\":\"https:\/\/stagpartynight.com\/es\/product\/wine-tour-lisboa\/\",\"name\":\"Tour de vino en Lisboa - Cata de vino en Lisboa - Degustacion de vino\",\"isPartOf\":{\"@id\":\"https:\/\/stagpartynight.com\/es\/#website\"},\"primaryImageOfPage\":{\"@id\":\"https:\/\/stagpartynight.com\/es\/product\/wine-tour-lisboa\/#primaryimage\"},\"image\":{\"@id\":\"https:\/\/stagpartynight.com\/es\/product\/wine-tour-lisboa\/#primaryimage\"},\"thumbnailUrl\":\"https:\/\/stagpartynight.com\/es\/wp-content\/uploads\/sites\/2\/2020\/01\/wine-1761613_1280.jpg\",\"datePublished\":\"2020-01-08T14:22:11+00:00\",\"dateModified\":\"2022-12-27T11:38:52+00:00\",\"description\":\"Tour de vino en Lisboa - Visita guiada con un experto en vinos, degustando las variedades de vinos t\u00edpicos portugueses, tintos, blancos, verdes, rosados, oporto y moscatel.\",\"breadcrumb\":{\"@id\":\"https:\/\/stagpartynight.com\/es\/product\/wine-tour-lisboa\/#breadcrumb\"},\"inLanguage\":\"es\",\"potentialAction\":[{\"@type\":\"ReadAction\",\"target\":[\"https:\/\/stagpartynight.com\/es\/product\/wine-tour-lisboa\/\"]}]},{\"@type\":\"ImageObject\",\"inLanguage\":\"es\",\"@id\":\"https:\/\/stagpartynight.com\/es\/product\/wine-tour-lisboa\/#primaryimage\",\"url\":\"https:\/\/stagpartynight.com\/es\/wp-content\/uploads\/sites\/2\/2020\/01\/wine-1761613_1280.jpg\",\"contentUrl\":\"https:\/\/stagpartynight.com\/es\/wp-content\/uploads\/sites\/2\/2020\/01\/wine-1761613_1280.jpg\",\"width\":1280,\"height\":854},{\"@type\":\"BreadcrumbList\",\"@id\":\"https:\/\/stagpartynight.com\/es\/product\/wine-tour-lisboa\/#breadcrumb\",\"itemListElement\":[{\"@type\":\"ListItem\",\"position\":1,\"name\":\"Home\",\"item\":\"https:\/\/stagpartynight.com\/es\/\"},{\"@type\":\"ListItem\",\"position\":2,\"name\":\"Tienda\",\"item\":\"https:\/\/stagpartynight.com\/es\/tienda\/\"},{\"@type\":\"ListItem\",\"position\":3,\"name\":\"Tour de vino en Lisboa\"}]},{\"@type\":\"WebSite\",\"@id\":\"https:\/\/stagpartynight.com\/es\/#website\",\"url\":\"https:\/\/stagpartynight.com\/es\/\",\"name\":\"Stag Party Night\",\"description\":\"Your Stag Party Customized\",\"publisher\":{\"@id\":\"https:\/\/stagpartynight.com\/es\/#organization\"},\"potentialAction\":[{\"@type\":\"SearchAction\",\"target\":{\"@type\":\"EntryPoint\",\"urlTemplate\":\"https:\/\/stagpartynight.com\/es\/?s={search_term_string}\"},\"query-input\":{\"@type\":\"PropertyValueSpecification\",\"valueRequired\":true,\"valueName\":\"search_term_string\"}}],\"inLanguage\":\"es\"},{\"@type\":\"Organization\",\"@id\":\"https:\/\/stagpartynight.com\/es\/#organization\",\"name\":\"Stag Party Night\",\"url\":\"https:\/\/stagpartynight.com\/es\/\",\"logo\":{\"@type\":\"ImageObject\",\"inLanguage\":\"es\",\"@id\":\"https:\/\/stagpartynight.com\/es\/#\/schema\/logo\/image\/\",\"url\":\"https:\/\/stagpartynight.com\/es\/wp-content\/uploads\/sites\/2\/2019\/12\/stagpartynight-e1578565505687.png\",\"contentUrl\":\"https:\/\/stagpartynight.com\/es\/wp-content\/uploads\/sites\/2\/2019\/12\/stagpartynight-e1578565505687.png\",\"width\":400,\"height\":400,\"caption\":\"Stag Party Night\"},\"image\":{\"@id\":\"https:\/\/stagpartynight.com\/es\/#\/schema\/logo\/image\/\"}}]}<\/script>\n<!-- \/ Yoast SEO plugin. -->","yoast_head_json":{"title":"Tour de vino en Lisboa - Cata de vino en Lisboa - Degustacion de vino","description":"Tour de vino en Lisboa - Visita guiada con un experto en vinos, degustando las variedades de vinos t\u00edpicos portugueses, tintos, blancos, verdes, rosados, oporto y moscatel.","robots":{"index":"index","follow":"follow","max-snippet":"max-snippet:-1","max-image-preview":"max-image-preview:large","max-video-preview":"max-video-preview:-1"},"canonical":"https:\/\/stagpartynight.com\/es\/product\/wine-tour-lisboa\/","og_locale":"es_ES","og_type":"article","og_title":"Tour de vino en Lisboa - Cata de vino en Lisboa - Degustacion de vino","og_description":"Tour de vino en Lisboa - Visita guiada con un experto en vinos, degustando las variedades de vinos t\u00edpicos portugueses, tintos, blancos, verdes, rosados, oporto y moscatel.","og_url":"https:\/\/stagpartynight.com\/es\/product\/wine-tour-lisboa\/","og_site_name":"Despedida de Soltero","article_modified_time":"2022-12-27T11:38:52+00:00","og_image":[{"width":1280,"height":854,"url":"https:\/\/stagpartynight.com\/es\/wp-content\/uploads\/sites\/2\/2020\/01\/wine-1761613_1280.jpg","type":"image\/jpeg"}],"twitter_card":"summary_large_image","schema":{"@context":"https:\/\/schema.org","@graph":[{"@type":"WebPage","@id":"https:\/\/stagpartynight.com\/es\/product\/wine-tour-lisboa\/","url":"https:\/\/stagpartynight.com\/es\/product\/wine-tour-lisboa\/","name":"Tour de vino en Lisboa - Cata de vino en Lisboa - Degustacion de vino","isPartOf":{"@id":"https:\/\/stagpartynight.com\/es\/#website"},"primaryImageOfPage":{"@id":"https:\/\/stagpartynight.com\/es\/product\/wine-tour-lisboa\/#primaryimage"},"image":{"@id":"https:\/\/stagpartynight.com\/es\/product\/wine-tour-lisboa\/#primaryimage"},"thumbnailUrl":"https:\/\/stagpartynight.com\/es\/wp-content\/uploads\/sites\/2\/2020\/01\/wine-1761613_1280.jpg","datePublished":"2020-01-08T14:22:11+00:00","dateModified":"2022-12-27T11:38:52+00:00","description":"Tour de vino en Lisboa - Visita guiada con un experto en vinos, degustando las variedades de vinos t\u00edpicos portugueses, tintos, blancos, verdes, rosados, oporto y moscatel.","breadcrumb":{"@id":"https:\/\/stagpartynight.com\/es\/product\/wine-tour-lisboa\/#breadcrumb"},"inLanguage":"es","potentialAction":[{"@type":"ReadAction","target":["https:\/\/stagpartynight.com\/es\/product\/wine-tour-lisboa\/"]}]},{"@type":"ImageObject","inLanguage":"es","@id":"https:\/\/stagpartynight.com\/es\/product\/wine-tour-lisboa\/#primaryimage","url":"https:\/\/stagpartynight.com\/es\/wp-content\/uploads\/sites\/2\/2020\/01\/wine-1761613_1280.jpg","contentUrl":"https:\/\/stagpartynight.com\/es\/wp-content\/uploads\/sites\/2\/2020\/01\/wine-1761613_1280.jpg","width":1280,"height":854},{"@type":"BreadcrumbList","@id":"https:\/\/stagpartynight.com\/es\/product\/wine-tour-lisboa\/#breadcrumb","itemListElement":[{"@type":"ListItem","position":1,"name":"Home","item":"https:\/\/stagpartynight.com\/es\/"},{"@type":"ListItem","position":2,"name":"Tienda","item":"https:\/\/stagpartynight.com\/es\/tienda\/"},{"@type":"ListItem","position":3,"name":"Tour de vino en Lisboa"}]},{"@type":"WebSite","@id":"https:\/\/stagpartynight.com\/es\/#website","url":"https:\/\/stagpartynight.com\/es\/","name":"Stag Party Night","description":"Your Stag Party Customized","publisher":{"@id":"https:\/\/stagpartynight.com\/es\/#organization"},"potentialAction":[{"@type":"SearchAction","target":{"@type":"EntryPoint","urlTemplate":"https:\/\/stagpartynight.com\/es\/?s={search_term_string}"},"query-input":{"@type":"PropertyValueSpecification","valueRequired":true,"valueName":"search_term_string"}}],"inLanguage":"es"},{"@type":"Organization","@id":"https:\/\/stagpartynight.com\/es\/#organization","name":"Stag Party Night","url":"https:\/\/stagpartynight.com\/es\/","logo":{"@type":"ImageObject","inLanguage":"es","@id":"https:\/\/stagpartynight.com\/es\/#\/schema\/logo\/image\/","url":"https:\/\/stagpartynight.com\/es\/wp-content\/uploads\/sites\/2\/2019\/12\/stagpartynight-e1578565505687.png","contentUrl":"https:\/\/stagpartynight.com\/es\/wp-content\/uploads\/sites\/2\/2019\/12\/stagpartynight-e1578565505687.png","width":400,"height":400,"caption":"Stag Party Night"},"image":{"@id":"https:\/\/stagpartynight.com\/es\/#\/schema\/logo\/image\/"}}]}},"_links":{"self":[{"href":"https:\/\/stagpartynight.com\/es\/wp-json\/wp\/v2\/product\/296","targetHints":{"allow":["GET"]}}],"collection":[{"href":"https:\/\/stagpartynight.com\/es\/wp-json\/wp\/v2\/product"}],"about":[{"href":"https:\/\/stagpartynight.com\/es\/wp-json\/wp\/v2\/types\/product"}],"replies":[{"embeddable":true,"href":"https:\/\/stagpartynight.com\/es\/wp-json\/wp\/v2\/comments?post=296"}],"wp:featuredmedia":[{"embeddable":true,"href":"https:\/\/stagpartynight.com\/es\/wp-json\/wp\/v2\/media\/145"}],"wp:attachment":[{"href":"https:\/\/stagpartynight.com\/es\/wp-json\/wp\/v2\/media?parent=296"}],"wp:term":[{"taxonomy":"product_brand","embeddable":true,"href":"https:\/\/stagpartynight.com\/es\/wp-json\/wp\/v2\/product_brand?post=296"},{"taxonomy":"product_cat","embeddable":true,"href":"https:\/\/stagpartynight.com\/es\/wp-json\/wp\/v2\/product_cat?post=296"},{"taxonomy":"product_tag","embeddable":true,"href":"https:\/\/stagpartynight.com\/es\/wp-json\/wp\/v2\/product_tag?post=296"}],"curies":[{"name":"wp","href":"https:\/\/api.w.org\/{rel}","templated":true}]}}