{"id":3027,"date":"2021-08-11T14:23:07","date_gmt":"2021-08-11T12:23:07","guid":{"rendered":"https:\/\/stagpartynight.com\/es\/?post_type=product&#038;p=3027"},"modified":"2022-12-22T12:10:51","modified_gmt":"2022-12-22T11:10:51","slug":"strip-club-benidorm","status":"publish","type":"product","link":"https:\/\/stagpartynight.com\/es\/product\/strip-club-benidorm\/","title":{"rendered":"Strip Club Benidorm"},"content":{"rendered":"<p>Disfruta bebiendo y viendo a varias strippers bailando en la barra de baile en un strip club con m\u00e1s de 80 chicas. Entrada con una o varias consumici\u00f3n incluidas. Adem\u00e1s ten\u00e9is la posibilidad de transporte privado.<\/p>\n","protected":false},"excerpt":{"rendered":"<p>Disfruta bebiendo y viendo a varias strippers bailando en la barra de baile en un strip club con m\u00e1s de 80 chicas. Entrada con una o varias consumici\u00f3n incluidas. Adem\u00e1s ten\u00e9is la posibilidad de transporte privado.<\/p>\n","protected":false},"featured_media":2212,"comment_status":"open","ping_status":"closed","template":"","meta":{"_et_pb_use_builder":"","_et_pb_old_content":"","_et_gb_content_width":""},"product_brand":[],"product_cat":[793],"product_tag":[817,815,816],"class_list":{"0":"post-3027","1":"product","2":"type-product","3":"status-publish","4":"has-post-thumbnail","6":"product_cat-bendirom","7":"product_tag-lap-dance-benidorm","8":"product_tag-strip-club-benidorm","9":"product_tag-stripclub-en-benidorm","11":"first","12":"instock","13":"virtual","14":"product-type-simple"},"yoast_head":"<!-- This site is optimized with the Yoast SEO plugin v26.4 - https:\/\/yoast.com\/wordpress\/plugins\/seo\/ -->\n<title>Strip Club Benidorm - Stripclub en Benidorm - Lap Dance<\/title>\n<meta name=\"description\" content=\"Strip Club Benidorm con m\u00e1s de 80 chicas. Entrada con una o varias consumici\u00f3n incluidas. Adem\u00e1s ten\u00e9is la posibilidad de transporte privado.\" \/>\n<meta name=\"robots\" content=\"index, follow, max-snippet:-1, max-image-preview:large, max-video-preview:-1\" \/>\n<link rel=\"canonical\" href=\"https:\/\/stagpartynight.com\/es\/product\/strip-club-benidorm\/\" \/>\n<meta property=\"og:locale\" content=\"es_ES\" \/>\n<meta property=\"og:type\" content=\"article\" \/>\n<meta property=\"og:title\" content=\"Strip Club Benidorm - Stripclub en Benidorm - Lap Dance\" \/>\n<meta property=\"og:description\" content=\"Strip Club Benidorm con m\u00e1s de 80 chicas. Entrada con una o varias consumici\u00f3n incluidas. Adem\u00e1s ten\u00e9is la posibilidad de transporte privado.\" \/>\n<meta property=\"og:url\" content=\"https:\/\/stagpartynight.com\/es\/product\/strip-club-benidorm\/\" \/>\n<meta property=\"og:site_name\" content=\"Despedida de Soltero\" \/>\n<meta property=\"article:modified_time\" content=\"2022-12-22T11:10:51+00:00\" \/>\n<meta property=\"og:image\" content=\"https:\/\/stagpartynight.com\/es\/wp-content\/uploads\/sites\/2\/2020\/01\/WhatsApp-Image-2021-01-15-at-15.38.25-1.jpeg\" \/>\n\t<meta property=\"og:image:width\" content=\"720\" \/>\n\t<meta property=\"og:image:height\" content=\"1846\" \/>\n\t<meta property=\"og:image:type\" content=\"image\/jpeg\" \/>\n<meta name=\"twitter:card\" content=\"summary_large_image\" \/>\n<script type=\"application\/ld+json\" class=\"yoast-schema-graph\">{\"@context\":\"https:\/\/schema.org\",\"@graph\":[{\"@type\":\"WebPage\",\"@id\":\"https:\/\/stagpartynight.com\/es\/product\/strip-club-benidorm\/\",\"url\":\"https:\/\/stagpartynight.com\/es\/product\/strip-club-benidorm\/\",\"name\":\"Strip Club Benidorm - Stripclub en Benidorm - Lap Dance\",\"isPartOf\":{\"@id\":\"https:\/\/stagpartynight.com\/es\/#website\"},\"primaryImageOfPage\":{\"@id\":\"https:\/\/stagpartynight.com\/es\/product\/strip-club-benidorm\/#primaryimage\"},\"image\":{\"@id\":\"https:\/\/stagpartynight.com\/es\/product\/strip-club-benidorm\/#primaryimage\"},\"thumbnailUrl\":\"https:\/\/stagpartynight.com\/es\/wp-content\/uploads\/sites\/2\/2020\/01\/WhatsApp-Image-2021-01-15-at-15.38.25-1.jpeg\",\"datePublished\":\"2021-08-11T12:23:07+00:00\",\"dateModified\":\"2022-12-22T11:10:51+00:00\",\"description\":\"Strip Club Benidorm con m\u00e1s de 80 chicas. Entrada con una o varias consumici\u00f3n incluidas. Adem\u00e1s ten\u00e9is la posibilidad de transporte privado.\",\"breadcrumb\":{\"@id\":\"https:\/\/stagpartynight.com\/es\/product\/strip-club-benidorm\/#breadcrumb\"},\"inLanguage\":\"es\",\"potentialAction\":[{\"@type\":\"ReadAction\",\"target\":[\"https:\/\/stagpartynight.com\/es\/product\/strip-club-benidorm\/\"]}]},{\"@type\":\"ImageObject\",\"inLanguage\":\"es\",\"@id\":\"https:\/\/stagpartynight.com\/es\/product\/strip-club-benidorm\/#primaryimage\",\"url\":\"https:\/\/stagpartynight.com\/es\/wp-content\/uploads\/sites\/2\/2020\/01\/WhatsApp-Image-2021-01-15-at-15.38.25-1.jpeg\",\"contentUrl\":\"https:\/\/stagpartynight.com\/es\/wp-content\/uploads\/sites\/2\/2020\/01\/WhatsApp-Image-2021-01-15-at-15.38.25-1.jpeg\",\"width\":720,\"height\":1846},{\"@type\":\"BreadcrumbList\",\"@id\":\"https:\/\/stagpartynight.com\/es\/product\/strip-club-benidorm\/#breadcrumb\",\"itemListElement\":[{\"@type\":\"ListItem\",\"position\":1,\"name\":\"Home\",\"item\":\"https:\/\/stagpartynight.com\/es\/\"},{\"@type\":\"ListItem\",\"position\":2,\"name\":\"Tienda\",\"item\":\"https:\/\/stagpartynight.com\/es\/tienda\/\"},{\"@type\":\"ListItem\",\"position\":3,\"name\":\"Strip Club Benidorm\"}]},{\"@type\":\"WebSite\",\"@id\":\"https:\/\/stagpartynight.com\/es\/#website\",\"url\":\"https:\/\/stagpartynight.com\/es\/\",\"name\":\"Stag Party Night\",\"description\":\"Your Stag Party Customized\",\"publisher\":{\"@id\":\"https:\/\/stagpartynight.com\/es\/#organization\"},\"potentialAction\":[{\"@type\":\"SearchAction\",\"target\":{\"@type\":\"EntryPoint\",\"urlTemplate\":\"https:\/\/stagpartynight.com\/es\/?s={search_term_string}\"},\"query-input\":{\"@type\":\"PropertyValueSpecification\",\"valueRequired\":true,\"valueName\":\"search_term_string\"}}],\"inLanguage\":\"es\"},{\"@type\":\"Organization\",\"@id\":\"https:\/\/stagpartynight.com\/es\/#organization\",\"name\":\"Stag Party Night\",\"url\":\"https:\/\/stagpartynight.com\/es\/\",\"logo\":{\"@type\":\"ImageObject\",\"inLanguage\":\"es\",\"@id\":\"https:\/\/stagpartynight.com\/es\/#\/schema\/logo\/image\/\",\"url\":\"https:\/\/stagpartynight.com\/es\/wp-content\/uploads\/sites\/2\/2019\/12\/stagpartynight-e1578565505687.png\",\"contentUrl\":\"https:\/\/stagpartynight.com\/es\/wp-content\/uploads\/sites\/2\/2019\/12\/stagpartynight-e1578565505687.png\",\"width\":400,\"height\":400,\"caption\":\"Stag Party Night\"},\"image\":{\"@id\":\"https:\/\/stagpartynight.com\/es\/#\/schema\/logo\/image\/\"}}]}<\/script>\n<!-- \/ Yoast SEO plugin. -->","yoast_head_json":{"title":"Strip Club Benidorm - Stripclub en Benidorm - Lap Dance","description":"Strip Club Benidorm con m\u00e1s de 80 chicas. Entrada con una o varias consumici\u00f3n incluidas. Adem\u00e1s ten\u00e9is la posibilidad de transporte privado.","robots":{"index":"index","follow":"follow","max-snippet":"max-snippet:-1","max-image-preview":"max-image-preview:large","max-video-preview":"max-video-preview:-1"},"canonical":"https:\/\/stagpartynight.com\/es\/product\/strip-club-benidorm\/","og_locale":"es_ES","og_type":"article","og_title":"Strip Club Benidorm - Stripclub en Benidorm - Lap Dance","og_description":"Strip Club Benidorm con m\u00e1s de 80 chicas. Entrada con una o varias consumici\u00f3n incluidas. Adem\u00e1s ten\u00e9is la posibilidad de transporte privado.","og_url":"https:\/\/stagpartynight.com\/es\/product\/strip-club-benidorm\/","og_site_name":"Despedida de Soltero","article_modified_time":"2022-12-22T11:10:51+00:00","og_image":[{"width":720,"height":1846,"url":"https:\/\/stagpartynight.com\/es\/wp-content\/uploads\/sites\/2\/2020\/01\/WhatsApp-Image-2021-01-15-at-15.38.25-1.jpeg","type":"image\/jpeg"}],"twitter_card":"summary_large_image","schema":{"@context":"https:\/\/schema.org","@graph":[{"@type":"WebPage","@id":"https:\/\/stagpartynight.com\/es\/product\/strip-club-benidorm\/","url":"https:\/\/stagpartynight.com\/es\/product\/strip-club-benidorm\/","name":"Strip Club Benidorm - Stripclub en Benidorm - Lap Dance","isPartOf":{"@id":"https:\/\/stagpartynight.com\/es\/#website"},"primaryImageOfPage":{"@id":"https:\/\/stagpartynight.com\/es\/product\/strip-club-benidorm\/#primaryimage"},"image":{"@id":"https:\/\/stagpartynight.com\/es\/product\/strip-club-benidorm\/#primaryimage"},"thumbnailUrl":"https:\/\/stagpartynight.com\/es\/wp-content\/uploads\/sites\/2\/2020\/01\/WhatsApp-Image-2021-01-15-at-15.38.25-1.jpeg","datePublished":"2021-08-11T12:23:07+00:00","dateModified":"2022-12-22T11:10:51+00:00","description":"Strip Club Benidorm con m\u00e1s de 80 chicas. Entrada con una o varias consumici\u00f3n incluidas. Adem\u00e1s ten\u00e9is la posibilidad de transporte privado.","breadcrumb":{"@id":"https:\/\/stagpartynight.com\/es\/product\/strip-club-benidorm\/#breadcrumb"},"inLanguage":"es","potentialAction":[{"@type":"ReadAction","target":["https:\/\/stagpartynight.com\/es\/product\/strip-club-benidorm\/"]}]},{"@type":"ImageObject","inLanguage":"es","@id":"https:\/\/stagpartynight.com\/es\/product\/strip-club-benidorm\/#primaryimage","url":"https:\/\/stagpartynight.com\/es\/wp-content\/uploads\/sites\/2\/2020\/01\/WhatsApp-Image-2021-01-15-at-15.38.25-1.jpeg","contentUrl":"https:\/\/stagpartynight.com\/es\/wp-content\/uploads\/sites\/2\/2020\/01\/WhatsApp-Image-2021-01-15-at-15.38.25-1.jpeg","width":720,"height":1846},{"@type":"BreadcrumbList","@id":"https:\/\/stagpartynight.com\/es\/product\/strip-club-benidorm\/#breadcrumb","itemListElement":[{"@type":"ListItem","position":1,"name":"Home","item":"https:\/\/stagpartynight.com\/es\/"},{"@type":"ListItem","position":2,"name":"Tienda","item":"https:\/\/stagpartynight.com\/es\/tienda\/"},{"@type":"ListItem","position":3,"name":"Strip Club Benidorm"}]},{"@type":"WebSite","@id":"https:\/\/stagpartynight.com\/es\/#website","url":"https:\/\/stagpartynight.com\/es\/","name":"Stag Party Night","description":"Your Stag Party Customized","publisher":{"@id":"https:\/\/stagpartynight.com\/es\/#organization"},"potentialAction":[{"@type":"SearchAction","target":{"@type":"EntryPoint","urlTemplate":"https:\/\/stagpartynight.com\/es\/?s={search_term_string}"},"query-input":{"@type":"PropertyValueSpecification","valueRequired":true,"valueName":"search_term_string"}}],"inLanguage":"es"},{"@type":"Organization","@id":"https:\/\/stagpartynight.com\/es\/#organization","name":"Stag Party Night","url":"https:\/\/stagpartynight.com\/es\/","logo":{"@type":"ImageObject","inLanguage":"es","@id":"https:\/\/stagpartynight.com\/es\/#\/schema\/logo\/image\/","url":"https:\/\/stagpartynight.com\/es\/wp-content\/uploads\/sites\/2\/2019\/12\/stagpartynight-e1578565505687.png","contentUrl":"https:\/\/stagpartynight.com\/es\/wp-content\/uploads\/sites\/2\/2019\/12\/stagpartynight-e1578565505687.png","width":400,"height":400,"caption":"Stag Party Night"},"image":{"@id":"https:\/\/stagpartynight.com\/es\/#\/schema\/logo\/image\/"}}]}},"_links":{"self":[{"href":"https:\/\/stagpartynight.com\/es\/wp-json\/wp\/v2\/product\/3027","targetHints":{"allow":["GET"]}}],"collection":[{"href":"https:\/\/stagpartynight.com\/es\/wp-json\/wp\/v2\/product"}],"about":[{"href":"https:\/\/stagpartynight.com\/es\/wp-json\/wp\/v2\/types\/product"}],"replies":[{"embeddable":true,"href":"https:\/\/stagpartynight.com\/es\/wp-json\/wp\/v2\/comments?post=3027"}],"wp:featuredmedia":[{"embeddable":true,"href":"https:\/\/stagpartynight.com\/es\/wp-json\/wp\/v2\/media\/2212"}],"wp:attachment":[{"href":"https:\/\/stagpartynight.com\/es\/wp-json\/wp\/v2\/media?parent=3027"}],"wp:term":[{"taxonomy":"product_brand","embeddable":true,"href":"https:\/\/stagpartynight.com\/es\/wp-json\/wp\/v2\/product_brand?post=3027"},{"taxonomy":"product_cat","embeddable":true,"href":"https:\/\/stagpartynight.com\/es\/wp-json\/wp\/v2\/product_cat?post=3027"},{"taxonomy":"product_tag","embeddable":true,"href":"https:\/\/stagpartynight.com\/es\/wp-json\/wp\/v2\/product_tag?post=3027"}],"curies":[{"name":"wp","href":"https:\/\/api.w.org\/{rel}","templated":true}]}}