{"id":3111,"date":"2022-12-22T11:32:42","date_gmt":"2022-12-22T10:32:42","guid":{"rendered":"https:\/\/stagpartynight.com\/es\/?post_type=product&#038;p=3111"},"modified":"2022-12-22T11:35:47","modified_gmt":"2022-12-22T10:35:47","slug":"cena-striptease-discoteca-lloret-de-mar","status":"publish","type":"product","link":"https:\/\/stagpartynight.com\/es\/product\/cena-striptease-discoteca-lloret-de-mar\/","title":{"rendered":"Cena + Striptease + Discoteca Lloret de Mar"},"content":{"rendered":"<p>Cena en restaurante con men\u00fa para grupo con entradas, plato principal, postres y bebidas. Espect\u00e1culo de striptease en privado. Entrada en discoteca con consumici\u00f3n.<\/p>\n","protected":false},"excerpt":{"rendered":"<p>Cena en restaurante con men\u00fa para grupo con entradas, plato principal, postres y bebidas + espect\u00e1culo de striptease en privado + entrada en discoteca con consumici\u00f3n.<\/p>\n","protected":false},"featured_media":1511,"comment_status":"open","ping_status":"closed","template":"","meta":{"_et_pb_use_builder":"","_et_pb_old_content":"","_et_gb_content_width":""},"product_brand":[],"product_cat":[832],"product_tag":[842,840,841],"class_list":{"0":"post-3111","1":"product","2":"type-product","3":"status-publish","4":"has-post-thumbnail","6":"product_cat-lloret-de-mar","7":"product_tag-cena-striptease-discoteca-lloret-de-mar","8":"product_tag-discotecas-lloret","9":"product_tag-packs-lloret-de-mar","11":"first","12":"instock","13":"virtual","14":"product-type-simple"},"yoast_head":"<!-- This site is optimized with the Yoast SEO plugin v26.4 - https:\/\/yoast.com\/wordpress\/plugins\/seo\/ -->\n<title>Cena + Striptease + Discoteca Lloret de Mar - Despedidas de soltero<\/title>\n<meta name=\"description\" content=\"Packs para grupos de despedida de soltero en Lloret con Stagpartynight - Incluye Cena + Striptease + Discoteca Lloret de Mar\" \/>\n<meta name=\"robots\" content=\"index, follow, max-snippet:-1, max-image-preview:large, max-video-preview:-1\" \/>\n<link rel=\"canonical\" href=\"https:\/\/stagpartynight.com\/es\/product\/cena-striptease-discoteca-lloret-de-mar\/\" \/>\n<meta property=\"og:locale\" content=\"es_ES\" \/>\n<meta property=\"og:type\" content=\"article\" \/>\n<meta property=\"og:title\" content=\"Cena + Striptease + Discoteca Lloret de Mar - Despedidas de soltero\" \/>\n<meta property=\"og:description\" content=\"Packs para grupos de despedida de soltero en Lloret con Stagpartynight - Incluye Cena + Striptease + Discoteca Lloret de Mar\" \/>\n<meta property=\"og:url\" content=\"https:\/\/stagpartynight.com\/es\/product\/cena-striptease-discoteca-lloret-de-mar\/\" \/>\n<meta property=\"og:site_name\" content=\"Despedida de Soltero\" \/>\n<meta property=\"article:modified_time\" content=\"2022-12-22T10:35:47+00:00\" \/>\n<meta property=\"og:image\" content=\"https:\/\/stagpartynight.com\/es\/wp-content\/uploads\/sites\/2\/2020\/07\/girl.jpg\" \/>\n\t<meta property=\"og:image:width\" content=\"1124\" \/>\n\t<meta property=\"og:image:height\" content=\"1440\" \/>\n\t<meta property=\"og:image:type\" content=\"image\/jpeg\" \/>\n<meta name=\"twitter:card\" content=\"summary_large_image\" \/>\n<meta name=\"twitter:label1\" content=\"Tiempo de lectura\" \/>\n\t<meta name=\"twitter:data1\" content=\"1 minuto\" \/>\n<script type=\"application\/ld+json\" class=\"yoast-schema-graph\">{\"@context\":\"https:\/\/schema.org\",\"@graph\":[{\"@type\":\"WebPage\",\"@id\":\"https:\/\/stagpartynight.com\/es\/product\/cena-striptease-discoteca-lloret-de-mar\/\",\"url\":\"https:\/\/stagpartynight.com\/es\/product\/cena-striptease-discoteca-lloret-de-mar\/\",\"name\":\"Cena + Striptease + Discoteca Lloret de Mar - Despedidas de soltero\",\"isPartOf\":{\"@id\":\"https:\/\/stagpartynight.com\/es\/#website\"},\"primaryImageOfPage\":{\"@id\":\"https:\/\/stagpartynight.com\/es\/product\/cena-striptease-discoteca-lloret-de-mar\/#primaryimage\"},\"image\":{\"@id\":\"https:\/\/stagpartynight.com\/es\/product\/cena-striptease-discoteca-lloret-de-mar\/#primaryimage\"},\"thumbnailUrl\":\"https:\/\/stagpartynight.com\/es\/wp-content\/uploads\/sites\/2\/2020\/07\/girl.jpg\",\"datePublished\":\"2022-12-22T10:32:42+00:00\",\"dateModified\":\"2022-12-22T10:35:47+00:00\",\"description\":\"Packs para grupos de despedida de soltero en Lloret con Stagpartynight - Incluye Cena + Striptease + Discoteca Lloret de Mar\",\"breadcrumb\":{\"@id\":\"https:\/\/stagpartynight.com\/es\/product\/cena-striptease-discoteca-lloret-de-mar\/#breadcrumb\"},\"inLanguage\":\"es\",\"potentialAction\":[{\"@type\":\"ReadAction\",\"target\":[\"https:\/\/stagpartynight.com\/es\/product\/cena-striptease-discoteca-lloret-de-mar\/\"]}]},{\"@type\":\"ImageObject\",\"inLanguage\":\"es\",\"@id\":\"https:\/\/stagpartynight.com\/es\/product\/cena-striptease-discoteca-lloret-de-mar\/#primaryimage\",\"url\":\"https:\/\/stagpartynight.com\/es\/wp-content\/uploads\/sites\/2\/2020\/07\/girl.jpg\",\"contentUrl\":\"https:\/\/stagpartynight.com\/es\/wp-content\/uploads\/sites\/2\/2020\/07\/girl.jpg\",\"width\":1124,\"height\":1440,\"caption\":\"Strippers\"},{\"@type\":\"BreadcrumbList\",\"@id\":\"https:\/\/stagpartynight.com\/es\/product\/cena-striptease-discoteca-lloret-de-mar\/#breadcrumb\",\"itemListElement\":[{\"@type\":\"ListItem\",\"position\":1,\"name\":\"Home\",\"item\":\"https:\/\/stagpartynight.com\/es\/\"},{\"@type\":\"ListItem\",\"position\":2,\"name\":\"Tienda\",\"item\":\"https:\/\/stagpartynight.com\/es\/tienda\/\"},{\"@type\":\"ListItem\",\"position\":3,\"name\":\"Cena + Striptease + Discoteca Lloret de Mar\"}]},{\"@type\":\"WebSite\",\"@id\":\"https:\/\/stagpartynight.com\/es\/#website\",\"url\":\"https:\/\/stagpartynight.com\/es\/\",\"name\":\"Stag Party Night\",\"description\":\"Your Stag Party Customized\",\"publisher\":{\"@id\":\"https:\/\/stagpartynight.com\/es\/#organization\"},\"potentialAction\":[{\"@type\":\"SearchAction\",\"target\":{\"@type\":\"EntryPoint\",\"urlTemplate\":\"https:\/\/stagpartynight.com\/es\/?s={search_term_string}\"},\"query-input\":{\"@type\":\"PropertyValueSpecification\",\"valueRequired\":true,\"valueName\":\"search_term_string\"}}],\"inLanguage\":\"es\"},{\"@type\":\"Organization\",\"@id\":\"https:\/\/stagpartynight.com\/es\/#organization\",\"name\":\"Stag Party Night\",\"url\":\"https:\/\/stagpartynight.com\/es\/\",\"logo\":{\"@type\":\"ImageObject\",\"inLanguage\":\"es\",\"@id\":\"https:\/\/stagpartynight.com\/es\/#\/schema\/logo\/image\/\",\"url\":\"https:\/\/stagpartynight.com\/es\/wp-content\/uploads\/sites\/2\/2019\/12\/stagpartynight-e1578565505687.png\",\"contentUrl\":\"https:\/\/stagpartynight.com\/es\/wp-content\/uploads\/sites\/2\/2019\/12\/stagpartynight-e1578565505687.png\",\"width\":400,\"height\":400,\"caption\":\"Stag Party Night\"},\"image\":{\"@id\":\"https:\/\/stagpartynight.com\/es\/#\/schema\/logo\/image\/\"}}]}<\/script>\n<!-- \/ Yoast SEO plugin. -->","yoast_head_json":{"title":"Cena + Striptease + Discoteca Lloret de Mar - Despedidas de soltero","description":"Packs para grupos de despedida de soltero en Lloret con Stagpartynight - Incluye Cena + Striptease + Discoteca Lloret de Mar","robots":{"index":"index","follow":"follow","max-snippet":"max-snippet:-1","max-image-preview":"max-image-preview:large","max-video-preview":"max-video-preview:-1"},"canonical":"https:\/\/stagpartynight.com\/es\/product\/cena-striptease-discoteca-lloret-de-mar\/","og_locale":"es_ES","og_type":"article","og_title":"Cena + Striptease + Discoteca Lloret de Mar - Despedidas de soltero","og_description":"Packs para grupos de despedida de soltero en Lloret con Stagpartynight - Incluye Cena + Striptease + Discoteca Lloret de Mar","og_url":"https:\/\/stagpartynight.com\/es\/product\/cena-striptease-discoteca-lloret-de-mar\/","og_site_name":"Despedida de Soltero","article_modified_time":"2022-12-22T10:35:47+00:00","og_image":[{"width":1124,"height":1440,"url":"https:\/\/stagpartynight.com\/es\/wp-content\/uploads\/sites\/2\/2020\/07\/girl.jpg","type":"image\/jpeg"}],"twitter_card":"summary_large_image","twitter_misc":{"Tiempo de lectura":"1 minuto"},"schema":{"@context":"https:\/\/schema.org","@graph":[{"@type":"WebPage","@id":"https:\/\/stagpartynight.com\/es\/product\/cena-striptease-discoteca-lloret-de-mar\/","url":"https:\/\/stagpartynight.com\/es\/product\/cena-striptease-discoteca-lloret-de-mar\/","name":"Cena + Striptease + Discoteca Lloret de Mar - Despedidas de soltero","isPartOf":{"@id":"https:\/\/stagpartynight.com\/es\/#website"},"primaryImageOfPage":{"@id":"https:\/\/stagpartynight.com\/es\/product\/cena-striptease-discoteca-lloret-de-mar\/#primaryimage"},"image":{"@id":"https:\/\/stagpartynight.com\/es\/product\/cena-striptease-discoteca-lloret-de-mar\/#primaryimage"},"thumbnailUrl":"https:\/\/stagpartynight.com\/es\/wp-content\/uploads\/sites\/2\/2020\/07\/girl.jpg","datePublished":"2022-12-22T10:32:42+00:00","dateModified":"2022-12-22T10:35:47+00:00","description":"Packs para grupos de despedida de soltero en Lloret con Stagpartynight - Incluye Cena + Striptease + Discoteca Lloret de Mar","breadcrumb":{"@id":"https:\/\/stagpartynight.com\/es\/product\/cena-striptease-discoteca-lloret-de-mar\/#breadcrumb"},"inLanguage":"es","potentialAction":[{"@type":"ReadAction","target":["https:\/\/stagpartynight.com\/es\/product\/cena-striptease-discoteca-lloret-de-mar\/"]}]},{"@type":"ImageObject","inLanguage":"es","@id":"https:\/\/stagpartynight.com\/es\/product\/cena-striptease-discoteca-lloret-de-mar\/#primaryimage","url":"https:\/\/stagpartynight.com\/es\/wp-content\/uploads\/sites\/2\/2020\/07\/girl.jpg","contentUrl":"https:\/\/stagpartynight.com\/es\/wp-content\/uploads\/sites\/2\/2020\/07\/girl.jpg","width":1124,"height":1440,"caption":"Strippers"},{"@type":"BreadcrumbList","@id":"https:\/\/stagpartynight.com\/es\/product\/cena-striptease-discoteca-lloret-de-mar\/#breadcrumb","itemListElement":[{"@type":"ListItem","position":1,"name":"Home","item":"https:\/\/stagpartynight.com\/es\/"},{"@type":"ListItem","position":2,"name":"Tienda","item":"https:\/\/stagpartynight.com\/es\/tienda\/"},{"@type":"ListItem","position":3,"name":"Cena + Striptease + Discoteca Lloret de Mar"}]},{"@type":"WebSite","@id":"https:\/\/stagpartynight.com\/es\/#website","url":"https:\/\/stagpartynight.com\/es\/","name":"Stag Party Night","description":"Your Stag Party Customized","publisher":{"@id":"https:\/\/stagpartynight.com\/es\/#organization"},"potentialAction":[{"@type":"SearchAction","target":{"@type":"EntryPoint","urlTemplate":"https:\/\/stagpartynight.com\/es\/?s={search_term_string}"},"query-input":{"@type":"PropertyValueSpecification","valueRequired":true,"valueName":"search_term_string"}}],"inLanguage":"es"},{"@type":"Organization","@id":"https:\/\/stagpartynight.com\/es\/#organization","name":"Stag Party Night","url":"https:\/\/stagpartynight.com\/es\/","logo":{"@type":"ImageObject","inLanguage":"es","@id":"https:\/\/stagpartynight.com\/es\/#\/schema\/logo\/image\/","url":"https:\/\/stagpartynight.com\/es\/wp-content\/uploads\/sites\/2\/2019\/12\/stagpartynight-e1578565505687.png","contentUrl":"https:\/\/stagpartynight.com\/es\/wp-content\/uploads\/sites\/2\/2019\/12\/stagpartynight-e1578565505687.png","width":400,"height":400,"caption":"Stag Party Night"},"image":{"@id":"https:\/\/stagpartynight.com\/es\/#\/schema\/logo\/image\/"}}]}},"_links":{"self":[{"href":"https:\/\/stagpartynight.com\/es\/wp-json\/wp\/v2\/product\/3111","targetHints":{"allow":["GET"]}}],"collection":[{"href":"https:\/\/stagpartynight.com\/es\/wp-json\/wp\/v2\/product"}],"about":[{"href":"https:\/\/stagpartynight.com\/es\/wp-json\/wp\/v2\/types\/product"}],"replies":[{"embeddable":true,"href":"https:\/\/stagpartynight.com\/es\/wp-json\/wp\/v2\/comments?post=3111"}],"wp:featuredmedia":[{"embeddable":true,"href":"https:\/\/stagpartynight.com\/es\/wp-json\/wp\/v2\/media\/1511"}],"wp:attachment":[{"href":"https:\/\/stagpartynight.com\/es\/wp-json\/wp\/v2\/media?parent=3111"}],"wp:term":[{"taxonomy":"product_brand","embeddable":true,"href":"https:\/\/stagpartynight.com\/es\/wp-json\/wp\/v2\/product_brand?post=3111"},{"taxonomy":"product_cat","embeddable":true,"href":"https:\/\/stagpartynight.com\/es\/wp-json\/wp\/v2\/product_cat?post=3111"},{"taxonomy":"product_tag","embeddable":true,"href":"https:\/\/stagpartynight.com\/es\/wp-json\/wp\/v2\/product_tag?post=3111"}],"curies":[{"name":"wp","href":"https:\/\/api.w.org\/{rel}","templated":true}]}}