{"id":330,"date":"2020-01-08T18:05:32","date_gmt":"2020-01-08T17:05:32","guid":{"rendered":"https:\/\/stagpartynight.com\/es\/?post_type=product&#038;p=330"},"modified":"2025-04-14T02:22:59","modified_gmt":"2025-04-14T00:22:59","slug":"lincoln-limousine-madrid","status":"publish","type":"product","link":"https:\/\/stagpartynight.com\/es\/product\/lincoln-limousine-madrid\/","title":{"rendered":"Limusina Lincoln Madrid"},"content":{"rendered":"<p><strong>Limusina Lincoln Madrid.<\/strong> Un paseo en limusina es una forma lujosa y divertida de ver y disfrutar de una ciudad de <a href=\"https:\/\/es.wikipedia.org\/wiki\/Madrid\">Madrid<\/a>.<\/p>\n<ul>\n<li>\u00bfPor qu\u00e9 elegir una limusina? Una limusina ofrece una comodidad y un estilo que no se pueden encontrar en otros medios de transporte. Adem\u00e1s, viajar en limusina es una experiencia \u00fanica y especial que muchas personas disfrutan.<\/li>\n<li>Opciones de limusina: hay muchas opciones de limusinas disponibles, desde limusinas Lincoln, Hummer o Chrysler. Desde las mas tradicionales hasta veh\u00edculos m\u00e1s modernos y futuristas. Algunas limusinas incluso tienen caracter\u00edsticas especiales como luces de ne\u00f3n, m\u00e1quinas de humo o sistemas de sonido de alta calidad.<\/li>\n<li>Recorridos por la ciudad: un paseo en limusina puede incluir un recorrido por los lugares m\u00e1s emblem\u00e1ticos y populares de la ciudad, como monumentos hist\u00f3ricos, parques, edificios emblem\u00e1ticos o barrios animados. Un conductor profesional le guiar\u00e1 por la ciudad y le proporcionar\u00e1 informaci\u00f3n sobre los lugares que visita.<\/li>\n<li>Eventos especiales: una limusina es una forma elegante y memorable de llegar a eventos especiales, como bodas,\u00a0<a href=\"https:\/\/stagpartynight.com\/es\/despedidas\/madrid\/\">despedidas de soltero en Madrid<\/a>, fiestas de graduaci\u00f3n o eventos corporativos. Un conductor profesional se encargar\u00e1 de llevarlo y recogerlo del evento, lo que le permite relajarse y disfrutar de la ocasi\u00f3n sin preocuparse por conducir o aparcar.<\/li>\n<\/ul>\n<h3>Visita los lugares mas especiales con la Limusina Lincoln Madrid<\/h3>\n<ol>\n<li>El Museo del Prado: uno de los museos m\u00e1s famosos del mundo, con una impresionante colecci\u00f3n de arte espa\u00f1ol e internacional.<\/li>\n<li>El Palacio Real: un impresionante palacio del siglo XVIII que es la residencia oficial del Rey de Espa\u00f1a.<\/li>\n<li>El Parque del Retiro: un hermoso parque en el coraz\u00f3n de la ciudad que es perfecto para un paseo o para relajarse en un d\u00eda soleado.<\/li>\n<li>La Gran V\u00eda: una famosa calle llena de tiendas, teatros y restaurantes.<\/li>\n<li>El Mercado de San Miguel: un animado mercado de comestibles que tambi\u00e9n ofrece excelentes opciones de comida y bebida.<\/li>\n<\/ol>\n<p>\u00a1Descubre algunos de los muchos lugares especiales que encontrar\u00e1s en Limusina Lincoln Madrid!<\/p>\n","protected":false},"excerpt":{"rendered":"<p>1 hora de tour en limusina Lincoln por Madrid con 2 botellas de cava incluidas. Recogida y destino a vuestra elecci\u00f3n, capacidad para 8 asientos. <strong>Limusina Lincoln Madrid<\/strong><\/p>\n","protected":false},"featured_media":331,"comment_status":"open","ping_status":"closed","template":"","meta":{"_et_pb_use_builder":"","_et_pb_old_content":"","_et_gb_content_width":""},"product_brand":[],"product_cat":[180],"product_tag":[420,421,425,424,423,422,189],"class_list":{"0":"post-330","1":"product","2":"type-product","3":"status-publish","4":"has-post-thumbnail","6":"product_cat-madrid","7":"product_tag-limos","8":"product_tag-limosinas-en-madrid","9":"product_tag-limusina-chrystler","10":"product_tag-limusina-hummer","11":"product_tag-limusina-lincoln","12":"product_tag-limusinas-en-madrid","13":"product_tag-lincoln-limousine-madrid","15":"first","16":"instock","17":"virtual","18":"product-type-simple"},"yoast_head":"<!-- This site is optimized with the Yoast SEO plugin v26.4 - https:\/\/yoast.com\/wordpress\/plugins\/seo\/ -->\n<title>Limusina Lincoln Madrid - Limusinas en Madrid - Limos<\/title>\n<meta name=\"description\" content=\"Limousine - 1 hora de tour en limusina Lincoln con 2 botellas de cava incluidas. Limos - Limusinas - Limosinas - Lincoln - Hummer - Chrysler\" \/>\n<meta name=\"robots\" content=\"index, follow, max-snippet:-1, max-image-preview:large, max-video-preview:-1\" \/>\n<link rel=\"canonical\" href=\"https:\/\/stagpartynight.com\/es\/product\/lincoln-limousine-madrid\/\" \/>\n<meta property=\"og:locale\" content=\"es_ES\" \/>\n<meta property=\"og:type\" content=\"article\" \/>\n<meta property=\"og:title\" content=\"Limusina Lincoln Madrid - Limusinas en Madrid - Limos\" \/>\n<meta property=\"og:description\" content=\"Limousine - 1 hora de tour en limusina Lincoln con 2 botellas de cava incluidas. Limos - Limusinas - Limosinas - Lincoln - Hummer - Chrysler\" \/>\n<meta property=\"og:url\" content=\"https:\/\/stagpartynight.com\/es\/product\/lincoln-limousine-madrid\/\" \/>\n<meta property=\"og:site_name\" content=\"Despedida de Soltero\" \/>\n<meta property=\"article:modified_time\" content=\"2025-04-14T00:22:59+00:00\" \/>\n<meta property=\"og:image\" content=\"https:\/\/stagpartynight.com\/es\/wp-content\/uploads\/sites\/2\/2020\/01\/Lincoln-Limousine-Madrid.jpg\" \/>\n\t<meta property=\"og:image:width\" content=\"702\" \/>\n\t<meta property=\"og:image:height\" content=\"480\" \/>\n\t<meta property=\"og:image:type\" content=\"image\/jpeg\" \/>\n<meta name=\"twitter:card\" content=\"summary_large_image\" \/>\n<meta name=\"twitter:label1\" content=\"Tiempo de lectura\" \/>\n\t<meta name=\"twitter:data1\" content=\"2 minutos\" \/>\n<script type=\"application\/ld+json\" class=\"yoast-schema-graph\">{\"@context\":\"https:\/\/schema.org\",\"@graph\":[{\"@type\":\"WebPage\",\"@id\":\"https:\/\/stagpartynight.com\/es\/product\/lincoln-limousine-madrid\/\",\"url\":\"https:\/\/stagpartynight.com\/es\/product\/lincoln-limousine-madrid\/\",\"name\":\"Limusina Lincoln Madrid - Limusinas en Madrid - Limos\",\"isPartOf\":{\"@id\":\"https:\/\/stagpartynight.com\/es\/#website\"},\"primaryImageOfPage\":{\"@id\":\"https:\/\/stagpartynight.com\/es\/product\/lincoln-limousine-madrid\/#primaryimage\"},\"image\":{\"@id\":\"https:\/\/stagpartynight.com\/es\/product\/lincoln-limousine-madrid\/#primaryimage\"},\"thumbnailUrl\":\"https:\/\/stagpartynight.com\/es\/wp-content\/uploads\/sites\/2\/2020\/01\/Lincoln-Limousine-Madrid.jpg\",\"datePublished\":\"2020-01-08T17:05:32+00:00\",\"dateModified\":\"2025-04-14T00:22:59+00:00\",\"description\":\"Limousine - 1 hora de tour en limusina Lincoln con 2 botellas de cava incluidas. Limos - Limusinas - Limosinas - Lincoln - Hummer - Chrysler\",\"breadcrumb\":{\"@id\":\"https:\/\/stagpartynight.com\/es\/product\/lincoln-limousine-madrid\/#breadcrumb\"},\"inLanguage\":\"es\",\"potentialAction\":[{\"@type\":\"ReadAction\",\"target\":[\"https:\/\/stagpartynight.com\/es\/product\/lincoln-limousine-madrid\/\"]}]},{\"@type\":\"ImageObject\",\"inLanguage\":\"es\",\"@id\":\"https:\/\/stagpartynight.com\/es\/product\/lincoln-limousine-madrid\/#primaryimage\",\"url\":\"https:\/\/stagpartynight.com\/es\/wp-content\/uploads\/sites\/2\/2020\/01\/Lincoln-Limousine-Madrid.jpg\",\"contentUrl\":\"https:\/\/stagpartynight.com\/es\/wp-content\/uploads\/sites\/2\/2020\/01\/Lincoln-Limousine-Madrid.jpg\",\"width\":702,\"height\":480},{\"@type\":\"BreadcrumbList\",\"@id\":\"https:\/\/stagpartynight.com\/es\/product\/lincoln-limousine-madrid\/#breadcrumb\",\"itemListElement\":[{\"@type\":\"ListItem\",\"position\":1,\"name\":\"Home\",\"item\":\"https:\/\/stagpartynight.com\/es\/\"},{\"@type\":\"ListItem\",\"position\":2,\"name\":\"Tienda\",\"item\":\"https:\/\/stagpartynight.com\/es\/tienda\/\"},{\"@type\":\"ListItem\",\"position\":3,\"name\":\"Limusina Lincoln Madrid\"}]},{\"@type\":\"WebSite\",\"@id\":\"https:\/\/stagpartynight.com\/es\/#website\",\"url\":\"https:\/\/stagpartynight.com\/es\/\",\"name\":\"Stag Party Night\",\"description\":\"Your Stag Party Customized\",\"publisher\":{\"@id\":\"https:\/\/stagpartynight.com\/es\/#organization\"},\"potentialAction\":[{\"@type\":\"SearchAction\",\"target\":{\"@type\":\"EntryPoint\",\"urlTemplate\":\"https:\/\/stagpartynight.com\/es\/?s={search_term_string}\"},\"query-input\":{\"@type\":\"PropertyValueSpecification\",\"valueRequired\":true,\"valueName\":\"search_term_string\"}}],\"inLanguage\":\"es\"},{\"@type\":\"Organization\",\"@id\":\"https:\/\/stagpartynight.com\/es\/#organization\",\"name\":\"Stag Party Night\",\"url\":\"https:\/\/stagpartynight.com\/es\/\",\"logo\":{\"@type\":\"ImageObject\",\"inLanguage\":\"es\",\"@id\":\"https:\/\/stagpartynight.com\/es\/#\/schema\/logo\/image\/\",\"url\":\"https:\/\/stagpartynight.com\/es\/wp-content\/uploads\/sites\/2\/2019\/12\/stagpartynight-e1578565505687.png\",\"contentUrl\":\"https:\/\/stagpartynight.com\/es\/wp-content\/uploads\/sites\/2\/2019\/12\/stagpartynight-e1578565505687.png\",\"width\":400,\"height\":400,\"caption\":\"Stag Party Night\"},\"image\":{\"@id\":\"https:\/\/stagpartynight.com\/es\/#\/schema\/logo\/image\/\"}}]}<\/script>\n<!-- \/ Yoast SEO plugin. -->","yoast_head_json":{"title":"Limusina Lincoln Madrid - Limusinas en Madrid - Limos","description":"Limousine - 1 hora de tour en limusina Lincoln con 2 botellas de cava incluidas. Limos - Limusinas - Limosinas - Lincoln - Hummer - Chrysler","robots":{"index":"index","follow":"follow","max-snippet":"max-snippet:-1","max-image-preview":"max-image-preview:large","max-video-preview":"max-video-preview:-1"},"canonical":"https:\/\/stagpartynight.com\/es\/product\/lincoln-limousine-madrid\/","og_locale":"es_ES","og_type":"article","og_title":"Limusina Lincoln Madrid - Limusinas en Madrid - Limos","og_description":"Limousine - 1 hora de tour en limusina Lincoln con 2 botellas de cava incluidas. Limos - Limusinas - Limosinas - Lincoln - Hummer - Chrysler","og_url":"https:\/\/stagpartynight.com\/es\/product\/lincoln-limousine-madrid\/","og_site_name":"Despedida de Soltero","article_modified_time":"2025-04-14T00:22:59+00:00","og_image":[{"width":702,"height":480,"url":"https:\/\/stagpartynight.com\/es\/wp-content\/uploads\/sites\/2\/2020\/01\/Lincoln-Limousine-Madrid.jpg","type":"image\/jpeg"}],"twitter_card":"summary_large_image","twitter_misc":{"Tiempo de lectura":"2 minutos"},"schema":{"@context":"https:\/\/schema.org","@graph":[{"@type":"WebPage","@id":"https:\/\/stagpartynight.com\/es\/product\/lincoln-limousine-madrid\/","url":"https:\/\/stagpartynight.com\/es\/product\/lincoln-limousine-madrid\/","name":"Limusina Lincoln Madrid - Limusinas en Madrid - Limos","isPartOf":{"@id":"https:\/\/stagpartynight.com\/es\/#website"},"primaryImageOfPage":{"@id":"https:\/\/stagpartynight.com\/es\/product\/lincoln-limousine-madrid\/#primaryimage"},"image":{"@id":"https:\/\/stagpartynight.com\/es\/product\/lincoln-limousine-madrid\/#primaryimage"},"thumbnailUrl":"https:\/\/stagpartynight.com\/es\/wp-content\/uploads\/sites\/2\/2020\/01\/Lincoln-Limousine-Madrid.jpg","datePublished":"2020-01-08T17:05:32+00:00","dateModified":"2025-04-14T00:22:59+00:00","description":"Limousine - 1 hora de tour en limusina Lincoln con 2 botellas de cava incluidas. Limos - Limusinas - Limosinas - Lincoln - Hummer - Chrysler","breadcrumb":{"@id":"https:\/\/stagpartynight.com\/es\/product\/lincoln-limousine-madrid\/#breadcrumb"},"inLanguage":"es","potentialAction":[{"@type":"ReadAction","target":["https:\/\/stagpartynight.com\/es\/product\/lincoln-limousine-madrid\/"]}]},{"@type":"ImageObject","inLanguage":"es","@id":"https:\/\/stagpartynight.com\/es\/product\/lincoln-limousine-madrid\/#primaryimage","url":"https:\/\/stagpartynight.com\/es\/wp-content\/uploads\/sites\/2\/2020\/01\/Lincoln-Limousine-Madrid.jpg","contentUrl":"https:\/\/stagpartynight.com\/es\/wp-content\/uploads\/sites\/2\/2020\/01\/Lincoln-Limousine-Madrid.jpg","width":702,"height":480},{"@type":"BreadcrumbList","@id":"https:\/\/stagpartynight.com\/es\/product\/lincoln-limousine-madrid\/#breadcrumb","itemListElement":[{"@type":"ListItem","position":1,"name":"Home","item":"https:\/\/stagpartynight.com\/es\/"},{"@type":"ListItem","position":2,"name":"Tienda","item":"https:\/\/stagpartynight.com\/es\/tienda\/"},{"@type":"ListItem","position":3,"name":"Limusina Lincoln Madrid"}]},{"@type":"WebSite","@id":"https:\/\/stagpartynight.com\/es\/#website","url":"https:\/\/stagpartynight.com\/es\/","name":"Stag Party Night","description":"Your Stag Party Customized","publisher":{"@id":"https:\/\/stagpartynight.com\/es\/#organization"},"potentialAction":[{"@type":"SearchAction","target":{"@type":"EntryPoint","urlTemplate":"https:\/\/stagpartynight.com\/es\/?s={search_term_string}"},"query-input":{"@type":"PropertyValueSpecification","valueRequired":true,"valueName":"search_term_string"}}],"inLanguage":"es"},{"@type":"Organization","@id":"https:\/\/stagpartynight.com\/es\/#organization","name":"Stag Party Night","url":"https:\/\/stagpartynight.com\/es\/","logo":{"@type":"ImageObject","inLanguage":"es","@id":"https:\/\/stagpartynight.com\/es\/#\/schema\/logo\/image\/","url":"https:\/\/stagpartynight.com\/es\/wp-content\/uploads\/sites\/2\/2019\/12\/stagpartynight-e1578565505687.png","contentUrl":"https:\/\/stagpartynight.com\/es\/wp-content\/uploads\/sites\/2\/2019\/12\/stagpartynight-e1578565505687.png","width":400,"height":400,"caption":"Stag Party Night"},"image":{"@id":"https:\/\/stagpartynight.com\/es\/#\/schema\/logo\/image\/"}}]}},"_links":{"self":[{"href":"https:\/\/stagpartynight.com\/es\/wp-json\/wp\/v2\/product\/330","targetHints":{"allow":["GET"]}}],"collection":[{"href":"https:\/\/stagpartynight.com\/es\/wp-json\/wp\/v2\/product"}],"about":[{"href":"https:\/\/stagpartynight.com\/es\/wp-json\/wp\/v2\/types\/product"}],"replies":[{"embeddable":true,"href":"https:\/\/stagpartynight.com\/es\/wp-json\/wp\/v2\/comments?post=330"}],"wp:featuredmedia":[{"embeddable":true,"href":"https:\/\/stagpartynight.com\/es\/wp-json\/wp\/v2\/media\/331"}],"wp:attachment":[{"href":"https:\/\/stagpartynight.com\/es\/wp-json\/wp\/v2\/media?parent=330"}],"wp:term":[{"taxonomy":"product_brand","embeddable":true,"href":"https:\/\/stagpartynight.com\/es\/wp-json\/wp\/v2\/product_brand?post=330"},{"taxonomy":"product_cat","embeddable":true,"href":"https:\/\/stagpartynight.com\/es\/wp-json\/wp\/v2\/product_cat?post=330"},{"taxonomy":"product_tag","embeddable":true,"href":"https:\/\/stagpartynight.com\/es\/wp-json\/wp\/v2\/product_tag?post=330"}],"curies":[{"name":"wp","href":"https:\/\/api.w.org\/{rel}","templated":true}]}}