{"id":3306,"date":"2020-01-06T11:48:31","date_gmt":"2020-01-06T10:48:31","guid":{"rendered":"https:\/\/stagpartynight.com\/fr\/?post_type=product&amp;p=149"},"modified":"2020-01-06T11:48:31","modified_gmt":"2020-01-06T10:48:31","slug":"limousinas-oporto-2","status":"publish","type":"product","link":"https:\/\/stagpartynight.com\/es\/product\/limousinas-oporto-2\/","title":{"rendered":"Limousine \u00e0 Porto"},"content":{"rendered":"<p>Profitez d\u2019une visite d\u2019une heure en limousine. D\u00e9couvrez Porto et ses lieux les plus embl\u00e9matiques. Comprend 1 bouteille de cava.<\/p>\n","protected":false},"excerpt":{"rendered":"<p>Profitez d\u2019une visite d\u2019une heure en limousine. D\u00e9couvrez Porto et ses lieux les plus embl\u00e9matiques. Comprend 1 bouteille de cava.<\/p>\n","protected":false},"featured_media":150,"comment_status":"open","ping_status":"closed","template":"","meta":{"_et_pb_use_builder":"","_et_pb_old_content":"","_et_gb_content_width":""},"product_brand":[],"product_cat":[20],"product_tag":[34,931],"class_list":{"0":"post-3306","1":"product","2":"type-product","3":"status-publish","4":"has-post-thumbnail","6":"product_cat-oporto","7":"product_tag-limousinas","8":"product_tag-limousine-a-porto","10":"first","11":"instock","12":"virtual","13":"product-type-simple"},"yoast_head":"<!-- This site is optimized with the Yoast SEO plugin v26.4 - https:\/\/yoast.com\/wordpress\/plugins\/seo\/ -->\n<title>Limousine \u00e0 Porto - Location de limousine \u00e0 Oporto - Limos Oporto<\/title>\n<meta name=\"description\" content=\"Limousine \u00e0 Porto - Profitez d\u2019une visite d\u2019une heure en limousine. D\u00e9couvrez Porto et ses lieux les plus embl\u00e9matiques. Comprend 1 bouteille de cava.\" \/>\n<meta name=\"robots\" content=\"index, follow, max-snippet:-1, max-image-preview:large, max-video-preview:-1\" \/>\n<link rel=\"canonical\" href=\"https:\/\/stagpartynight.com\/es\/product\/limousinas-oporto-2\/\" \/>\n<meta property=\"og:locale\" content=\"es_ES\" \/>\n<meta property=\"og:type\" content=\"article\" \/>\n<meta property=\"og:title\" content=\"Limousine \u00e0 Porto - Location de limousine \u00e0 Oporto - Limos Oporto\" \/>\n<meta property=\"og:description\" content=\"Limousine \u00e0 Porto - Profitez d\u2019une visite d\u2019une heure en limousine. D\u00e9couvrez Porto et ses lieux les plus embl\u00e9matiques. Comprend 1 bouteille de cava.\" \/>\n<meta property=\"og:url\" content=\"https:\/\/stagpartynight.com\/es\/product\/limousinas-oporto-2\/\" \/>\n<meta property=\"og:site_name\" content=\"Despedida de Soltero\" \/>\n<meta property=\"og:image\" content=\"https:\/\/stagpartynight.com\/es\/wp-content\/uploads\/sites\/2\/2020\/01\/limousine-601462_1280.jpg\" \/>\n\t<meta property=\"og:image:width\" content=\"1280\" \/>\n\t<meta property=\"og:image:height\" content=\"960\" \/>\n\t<meta property=\"og:image:type\" content=\"image\/jpeg\" \/>\n<meta name=\"twitter:card\" content=\"summary_large_image\" \/>\n<script type=\"application\/ld+json\" class=\"yoast-schema-graph\">{\"@context\":\"https:\/\/schema.org\",\"@graph\":[{\"@type\":\"WebPage\",\"@id\":\"https:\/\/stagpartynight.com\/es\/product\/limousinas-oporto-2\/\",\"url\":\"https:\/\/stagpartynight.com\/es\/product\/limousinas-oporto-2\/\",\"name\":\"Limousine \u00e0 Porto - Location de limousine \u00e0 Oporto - Limos Oporto\",\"isPartOf\":{\"@id\":\"https:\/\/stagpartynight.com\/es\/#website\"},\"primaryImageOfPage\":{\"@id\":\"https:\/\/stagpartynight.com\/es\/product\/limousinas-oporto-2\/#primaryimage\"},\"image\":{\"@id\":\"https:\/\/stagpartynight.com\/es\/product\/limousinas-oporto-2\/#primaryimage\"},\"thumbnailUrl\":\"https:\/\/stagpartynight.com\/es\/wp-content\/uploads\/sites\/2\/2020\/01\/limousine-601462_1280.jpg\",\"datePublished\":\"2020-01-06T10:48:31+00:00\",\"description\":\"Limousine \u00e0 Porto - Profitez d\u2019une visite d\u2019une heure en limousine. D\u00e9couvrez Porto et ses lieux les plus embl\u00e9matiques. Comprend 1 bouteille de cava.\",\"breadcrumb\":{\"@id\":\"https:\/\/stagpartynight.com\/es\/product\/limousinas-oporto-2\/#breadcrumb\"},\"inLanguage\":\"es\",\"potentialAction\":[{\"@type\":\"ReadAction\",\"target\":[\"https:\/\/stagpartynight.com\/es\/product\/limousinas-oporto-2\/\"]}]},{\"@type\":\"ImageObject\",\"inLanguage\":\"es\",\"@id\":\"https:\/\/stagpartynight.com\/es\/product\/limousinas-oporto-2\/#primaryimage\",\"url\":\"https:\/\/stagpartynight.com\/es\/wp-content\/uploads\/sites\/2\/2020\/01\/limousine-601462_1280.jpg\",\"contentUrl\":\"https:\/\/stagpartynight.com\/es\/wp-content\/uploads\/sites\/2\/2020\/01\/limousine-601462_1280.jpg\",\"width\":1280,\"height\":960},{\"@type\":\"BreadcrumbList\",\"@id\":\"https:\/\/stagpartynight.com\/es\/product\/limousinas-oporto-2\/#breadcrumb\",\"itemListElement\":[{\"@type\":\"ListItem\",\"position\":1,\"name\":\"Home\",\"item\":\"https:\/\/stagpartynight.com\/es\/\"},{\"@type\":\"ListItem\",\"position\":2,\"name\":\"Tienda\",\"item\":\"https:\/\/stagpartynight.com\/es\/tienda\/\"},{\"@type\":\"ListItem\",\"position\":3,\"name\":\"Limousine \u00e0 Porto\"}]},{\"@type\":\"WebSite\",\"@id\":\"https:\/\/stagpartynight.com\/es\/#website\",\"url\":\"https:\/\/stagpartynight.com\/es\/\",\"name\":\"Stag Party Night\",\"description\":\"Your Stag Party Customized\",\"publisher\":{\"@id\":\"https:\/\/stagpartynight.com\/es\/#organization\"},\"potentialAction\":[{\"@type\":\"SearchAction\",\"target\":{\"@type\":\"EntryPoint\",\"urlTemplate\":\"https:\/\/stagpartynight.com\/es\/?s={search_term_string}\"},\"query-input\":{\"@type\":\"PropertyValueSpecification\",\"valueRequired\":true,\"valueName\":\"search_term_string\"}}],\"inLanguage\":\"es\"},{\"@type\":\"Organization\",\"@id\":\"https:\/\/stagpartynight.com\/es\/#organization\",\"name\":\"Stag Party Night\",\"url\":\"https:\/\/stagpartynight.com\/es\/\",\"logo\":{\"@type\":\"ImageObject\",\"inLanguage\":\"es\",\"@id\":\"https:\/\/stagpartynight.com\/es\/#\/schema\/logo\/image\/\",\"url\":\"https:\/\/stagpartynight.com\/es\/wp-content\/uploads\/sites\/2\/2019\/12\/stagpartynight-e1578565505687.png\",\"contentUrl\":\"https:\/\/stagpartynight.com\/es\/wp-content\/uploads\/sites\/2\/2019\/12\/stagpartynight-e1578565505687.png\",\"width\":400,\"height\":400,\"caption\":\"Stag Party Night\"},\"image\":{\"@id\":\"https:\/\/stagpartynight.com\/es\/#\/schema\/logo\/image\/\"}}]}<\/script>\n<!-- \/ Yoast SEO plugin. -->","yoast_head_json":{"title":"Limousine \u00e0 Porto - Location de limousine \u00e0 Oporto - Limos Oporto","description":"Limousine \u00e0 Porto - Profitez d\u2019une visite d\u2019une heure en limousine. D\u00e9couvrez Porto et ses lieux les plus embl\u00e9matiques. Comprend 1 bouteille de cava.","robots":{"index":"index","follow":"follow","max-snippet":"max-snippet:-1","max-image-preview":"max-image-preview:large","max-video-preview":"max-video-preview:-1"},"canonical":"https:\/\/stagpartynight.com\/es\/product\/limousinas-oporto-2\/","og_locale":"es_ES","og_type":"article","og_title":"Limousine \u00e0 Porto - Location de limousine \u00e0 Oporto - Limos Oporto","og_description":"Limousine \u00e0 Porto - Profitez d\u2019une visite d\u2019une heure en limousine. D\u00e9couvrez Porto et ses lieux les plus embl\u00e9matiques. Comprend 1 bouteille de cava.","og_url":"https:\/\/stagpartynight.com\/es\/product\/limousinas-oporto-2\/","og_site_name":"Despedida de Soltero","og_image":[{"width":1280,"height":960,"url":"https:\/\/stagpartynight.com\/es\/wp-content\/uploads\/sites\/2\/2020\/01\/limousine-601462_1280.jpg","type":"image\/jpeg"}],"twitter_card":"summary_large_image","schema":{"@context":"https:\/\/schema.org","@graph":[{"@type":"WebPage","@id":"https:\/\/stagpartynight.com\/es\/product\/limousinas-oporto-2\/","url":"https:\/\/stagpartynight.com\/es\/product\/limousinas-oporto-2\/","name":"Limousine \u00e0 Porto - Location de limousine \u00e0 Oporto - Limos Oporto","isPartOf":{"@id":"https:\/\/stagpartynight.com\/es\/#website"},"primaryImageOfPage":{"@id":"https:\/\/stagpartynight.com\/es\/product\/limousinas-oporto-2\/#primaryimage"},"image":{"@id":"https:\/\/stagpartynight.com\/es\/product\/limousinas-oporto-2\/#primaryimage"},"thumbnailUrl":"https:\/\/stagpartynight.com\/es\/wp-content\/uploads\/sites\/2\/2020\/01\/limousine-601462_1280.jpg","datePublished":"2020-01-06T10:48:31+00:00","description":"Limousine \u00e0 Porto - Profitez d\u2019une visite d\u2019une heure en limousine. D\u00e9couvrez Porto et ses lieux les plus embl\u00e9matiques. Comprend 1 bouteille de cava.","breadcrumb":{"@id":"https:\/\/stagpartynight.com\/es\/product\/limousinas-oporto-2\/#breadcrumb"},"inLanguage":"es","potentialAction":[{"@type":"ReadAction","target":["https:\/\/stagpartynight.com\/es\/product\/limousinas-oporto-2\/"]}]},{"@type":"ImageObject","inLanguage":"es","@id":"https:\/\/stagpartynight.com\/es\/product\/limousinas-oporto-2\/#primaryimage","url":"https:\/\/stagpartynight.com\/es\/wp-content\/uploads\/sites\/2\/2020\/01\/limousine-601462_1280.jpg","contentUrl":"https:\/\/stagpartynight.com\/es\/wp-content\/uploads\/sites\/2\/2020\/01\/limousine-601462_1280.jpg","width":1280,"height":960},{"@type":"BreadcrumbList","@id":"https:\/\/stagpartynight.com\/es\/product\/limousinas-oporto-2\/#breadcrumb","itemListElement":[{"@type":"ListItem","position":1,"name":"Home","item":"https:\/\/stagpartynight.com\/es\/"},{"@type":"ListItem","position":2,"name":"Tienda","item":"https:\/\/stagpartynight.com\/es\/tienda\/"},{"@type":"ListItem","position":3,"name":"Limousine \u00e0 Porto"}]},{"@type":"WebSite","@id":"https:\/\/stagpartynight.com\/es\/#website","url":"https:\/\/stagpartynight.com\/es\/","name":"Stag Party Night","description":"Your Stag Party Customized","publisher":{"@id":"https:\/\/stagpartynight.com\/es\/#organization"},"potentialAction":[{"@type":"SearchAction","target":{"@type":"EntryPoint","urlTemplate":"https:\/\/stagpartynight.com\/es\/?s={search_term_string}"},"query-input":{"@type":"PropertyValueSpecification","valueRequired":true,"valueName":"search_term_string"}}],"inLanguage":"es"},{"@type":"Organization","@id":"https:\/\/stagpartynight.com\/es\/#organization","name":"Stag Party Night","url":"https:\/\/stagpartynight.com\/es\/","logo":{"@type":"ImageObject","inLanguage":"es","@id":"https:\/\/stagpartynight.com\/es\/#\/schema\/logo\/image\/","url":"https:\/\/stagpartynight.com\/es\/wp-content\/uploads\/sites\/2\/2019\/12\/stagpartynight-e1578565505687.png","contentUrl":"https:\/\/stagpartynight.com\/es\/wp-content\/uploads\/sites\/2\/2019\/12\/stagpartynight-e1578565505687.png","width":400,"height":400,"caption":"Stag Party Night"},"image":{"@id":"https:\/\/stagpartynight.com\/es\/#\/schema\/logo\/image\/"}}]}},"_links":{"self":[{"href":"https:\/\/stagpartynight.com\/es\/wp-json\/wp\/v2\/product\/3306","targetHints":{"allow":["GET"]}}],"collection":[{"href":"https:\/\/stagpartynight.com\/es\/wp-json\/wp\/v2\/product"}],"about":[{"href":"https:\/\/stagpartynight.com\/es\/wp-json\/wp\/v2\/types\/product"}],"replies":[{"embeddable":true,"href":"https:\/\/stagpartynight.com\/es\/wp-json\/wp\/v2\/comments?post=3306"}],"wp:featuredmedia":[{"embeddable":true,"href":"https:\/\/stagpartynight.com\/es\/wp-json\/wp\/v2\/media\/150"}],"wp:attachment":[{"href":"https:\/\/stagpartynight.com\/es\/wp-json\/wp\/v2\/media?parent=3306"}],"wp:term":[{"taxonomy":"product_brand","embeddable":true,"href":"https:\/\/stagpartynight.com\/es\/wp-json\/wp\/v2\/product_brand?post=3306"},{"taxonomy":"product_cat","embeddable":true,"href":"https:\/\/stagpartynight.com\/es\/wp-json\/wp\/v2\/product_cat?post=3306"},{"taxonomy":"product_tag","embeddable":true,"href":"https:\/\/stagpartynight.com\/es\/wp-json\/wp\/v2\/product_tag?post=3306"}],"curies":[{"name":"wp","href":"https:\/\/api.w.org\/{rel}","templated":true}]}}