{"id":3358,"date":"2020-01-08T14:20:20","date_gmt":"2020-01-08T13:20:20","guid":{"rendered":"https:\/\/stagpartynight.com\/fr\/?post_type=product&#038;p=253"},"modified":"2024-01-19T12:51:57","modified_gmt":"2024-01-19T11:51:57","slug":"pelea-chicas-en-barro-ibiza","status":"publish","type":"product","link":"https:\/\/stagpartynight.com\/es\/product\/pelea-chicas-en-barro-ibiza\/","title":{"rendered":"Pelea Chicas en Barro Ibiza"},"content":{"rendered":"<div>Pelea Chicas en Barro Ibiza. Pelea sexy en Ibiza. Una colosal y sexy pelea entre dos mujeres en una piscina de chocolate. Participaci\u00f3n del prometido y de los miembros del grupo que lo deseen. Nos trasladamos a su villa\/apartamento.<\/div>\n<div><\/div>\n<div>Las mejores despedidas de soltero con <a href=\"https:\/\/stagpartynight.com\/\">StagParty<\/a>!<\/div>\n<div><\/div>\n<h2 style=\"text-align: center;\">Pelea Chicas en Barro Ibiza<\/h2>\n<div>Imagina vivir el sue\u00f1o de todo hombre. Dos bellas y atrevidas mujeres se enfrentan en una batalla sin cuartel. El barro las cubre, haci\u00e9ndolas a\u00fan m\u00e1s sexys y provocativas. Una batalla entre dos chicas explosivas en bikini en una piscina de agua y chocolate. El novio, protagonista de nuestra despedida de soltero, estar\u00e1 dentro de la piscina. Aunque la pelea empieza con las dos chicas en bikini, terminar\u00e1 sin la parte de arriba.<\/div>\n<div><\/div>\n<div>Todos sabemos que en una pelea hay mucho toqueteo, mucho roce&#8230;. \u00bfQu\u00e9 puede haber mejor que ver a estas preciosas chicas frot\u00e1ndose la una contra la otra?<\/div>\n<div>Reserva con tu grupo y no te pierdas esta experiencia er\u00f3tica y divertida.<\/div>\n<div><\/div>\n<div>La lucha es intensa y apasionada. Las dos mujeres luchan con todas sus fuerzas, creando un espect\u00e1culo espectacular lleno de adrenalina,<\/div>\n<div><\/div>\n<div>La lucha en el barro es un espect\u00e1culo \u00fanico y salvaje. Pi\u00e9nselo antes de ir, le dejar\u00e1 sin aliento.<\/div>\n<div><\/div>\n<div style=\"text-align: center;\">\u00bfSe te ocurre una forma mejor de celebrar tu despedida de soltero que un encuentro sexy en la capital del pecado, <a href=\"https:\/\/es.wikipedia.org\/wiki\/Ibiza\">Ibiza<\/a>?<\/div>\n","protected":false},"excerpt":{"rendered":"<p>Pelea sexy en Ibiza. Una colosal y sexy pelea entre dos mujeres en una piscina de chocolate. Participaci\u00f3n del prometido y de los miembros del grupo que lo deseen. Nos trasladamos a su villa\/apartamento.<\/p>\n","protected":false},"featured_media":1039,"comment_status":"open","ping_status":"closed","template":"","meta":{"_et_pb_use_builder":"","_et_pb_old_content":"","_et_gb_content_width":""},"product_brand":[],"product_cat":[113],"product_tag":[1329],"class_list":{"0":"post-3358","1":"product","2":"type-product","3":"status-publish","4":"has-post-thumbnail","6":"product_cat-ibiza","7":"product_tag-pelea-chicas-en-barro-ibiza","9":"first","10":"instock","11":"virtual","12":"product-type-simple"},"yoast_head":"<!-- This site is optimized with the Yoast SEO plugin v26.4 - https:\/\/yoast.com\/wordpress\/plugins\/seo\/ -->\n<title>Pelea Chicas en Barro Ibiza<\/title>\n<meta name=\"description\" content=\"Pelea Chicas en Barro Ibiza. Una colosal y sexy pelea entre dos mujeres en una piscina de chocolate. Participaci\u00f3n del prometido y grupo.\" \/>\n<meta name=\"robots\" content=\"index, follow, max-snippet:-1, max-image-preview:large, max-video-preview:-1\" \/>\n<link rel=\"canonical\" href=\"https:\/\/stagpartynight.com\/es\/product\/pelea-chicas-en-barro-ibiza\/\" \/>\n<meta property=\"og:locale\" content=\"es_ES\" \/>\n<meta property=\"og:type\" content=\"article\" \/>\n<meta property=\"og:title\" content=\"Pelea Chicas en Barro Ibiza\" \/>\n<meta property=\"og:description\" content=\"Pelea Chicas en Barro Ibiza. Una colosal y sexy pelea entre dos mujeres en una piscina de chocolate. Participaci\u00f3n del prometido y grupo.\" \/>\n<meta property=\"og:url\" content=\"https:\/\/stagpartynight.com\/es\/product\/pelea-chicas-en-barro-ibiza\/\" \/>\n<meta property=\"og:site_name\" content=\"Despedida de Soltero\" \/>\n<meta property=\"article:modified_time\" content=\"2024-01-19T11:51:57+00:00\" \/>\n<meta property=\"og:image\" content=\"https:\/\/stagpartynight.com\/es\/wp-content\/uploads\/sites\/2\/2020\/05\/beach-bikini-fashion-female-1104062-scaled.jpg\" \/>\n\t<meta property=\"og:image:width\" content=\"1786\" \/>\n\t<meta property=\"og:image:height\" content=\"2560\" \/>\n\t<meta property=\"og:image:type\" content=\"image\/jpeg\" \/>\n<meta name=\"twitter:card\" content=\"summary_large_image\" \/>\n<meta name=\"twitter:label1\" content=\"Tiempo de lectura\" \/>\n\t<meta name=\"twitter:data1\" content=\"2 minutos\" \/>\n<script type=\"application\/ld+json\" class=\"yoast-schema-graph\">{\"@context\":\"https:\/\/schema.org\",\"@graph\":[{\"@type\":\"WebPage\",\"@id\":\"https:\/\/stagpartynight.com\/es\/product\/pelea-chicas-en-barro-ibiza\/\",\"url\":\"https:\/\/stagpartynight.com\/es\/product\/pelea-chicas-en-barro-ibiza\/\",\"name\":\"Pelea Chicas en Barro Ibiza\",\"isPartOf\":{\"@id\":\"https:\/\/stagpartynight.com\/es\/#website\"},\"primaryImageOfPage\":{\"@id\":\"https:\/\/stagpartynight.com\/es\/product\/pelea-chicas-en-barro-ibiza\/#primaryimage\"},\"image\":{\"@id\":\"https:\/\/stagpartynight.com\/es\/product\/pelea-chicas-en-barro-ibiza\/#primaryimage\"},\"thumbnailUrl\":\"https:\/\/stagpartynight.com\/es\/wp-content\/uploads\/sites\/2\/2020\/05\/beach-bikini-fashion-female-1104062-scaled.jpg\",\"datePublished\":\"2020-01-08T13:20:20+00:00\",\"dateModified\":\"2024-01-19T11:51:57+00:00\",\"description\":\"Pelea Chicas en Barro Ibiza. Una colosal y sexy pelea entre dos mujeres en una piscina de chocolate. Participaci\u00f3n del prometido y grupo.\",\"breadcrumb\":{\"@id\":\"https:\/\/stagpartynight.com\/es\/product\/pelea-chicas-en-barro-ibiza\/#breadcrumb\"},\"inLanguage\":\"es\",\"potentialAction\":[{\"@type\":\"ReadAction\",\"target\":[\"https:\/\/stagpartynight.com\/es\/product\/pelea-chicas-en-barro-ibiza\/\"]}]},{\"@type\":\"ImageObject\",\"inLanguage\":\"es\",\"@id\":\"https:\/\/stagpartynight.com\/es\/product\/pelea-chicas-en-barro-ibiza\/#primaryimage\",\"url\":\"https:\/\/stagpartynight.com\/es\/wp-content\/uploads\/sites\/2\/2020\/05\/beach-bikini-fashion-female-1104062-scaled.jpg\",\"contentUrl\":\"https:\/\/stagpartynight.com\/es\/wp-content\/uploads\/sites\/2\/2020\/05\/beach-bikini-fashion-female-1104062-scaled.jpg\",\"width\":1786,\"height\":2560,\"caption\":\"Pelea Chicas en Barro Ibiza\"},{\"@type\":\"BreadcrumbList\",\"@id\":\"https:\/\/stagpartynight.com\/es\/product\/pelea-chicas-en-barro-ibiza\/#breadcrumb\",\"itemListElement\":[{\"@type\":\"ListItem\",\"position\":1,\"name\":\"Home\",\"item\":\"https:\/\/stagpartynight.com\/es\/\"},{\"@type\":\"ListItem\",\"position\":2,\"name\":\"Tienda\",\"item\":\"https:\/\/stagpartynight.com\/es\/tienda\/\"},{\"@type\":\"ListItem\",\"position\":3,\"name\":\"Pelea Chicas en Barro Ibiza\"}]},{\"@type\":\"WebSite\",\"@id\":\"https:\/\/stagpartynight.com\/es\/#website\",\"url\":\"https:\/\/stagpartynight.com\/es\/\",\"name\":\"Stag Party Night\",\"description\":\"Your Stag Party Customized\",\"publisher\":{\"@id\":\"https:\/\/stagpartynight.com\/es\/#organization\"},\"potentialAction\":[{\"@type\":\"SearchAction\",\"target\":{\"@type\":\"EntryPoint\",\"urlTemplate\":\"https:\/\/stagpartynight.com\/es\/?s={search_term_string}\"},\"query-input\":{\"@type\":\"PropertyValueSpecification\",\"valueRequired\":true,\"valueName\":\"search_term_string\"}}],\"inLanguage\":\"es\"},{\"@type\":\"Organization\",\"@id\":\"https:\/\/stagpartynight.com\/es\/#organization\",\"name\":\"Stag Party Night\",\"url\":\"https:\/\/stagpartynight.com\/es\/\",\"logo\":{\"@type\":\"ImageObject\",\"inLanguage\":\"es\",\"@id\":\"https:\/\/stagpartynight.com\/es\/#\/schema\/logo\/image\/\",\"url\":\"https:\/\/stagpartynight.com\/es\/wp-content\/uploads\/sites\/2\/2019\/12\/stagpartynight-e1578565505687.png\",\"contentUrl\":\"https:\/\/stagpartynight.com\/es\/wp-content\/uploads\/sites\/2\/2019\/12\/stagpartynight-e1578565505687.png\",\"width\":400,\"height\":400,\"caption\":\"Stag Party Night\"},\"image\":{\"@id\":\"https:\/\/stagpartynight.com\/es\/#\/schema\/logo\/image\/\"}}]}<\/script>\n<!-- \/ Yoast SEO plugin. -->","yoast_head_json":{"title":"Pelea Chicas en Barro Ibiza","description":"Pelea Chicas en Barro Ibiza. Una colosal y sexy pelea entre dos mujeres en una piscina de chocolate. Participaci\u00f3n del prometido y grupo.","robots":{"index":"index","follow":"follow","max-snippet":"max-snippet:-1","max-image-preview":"max-image-preview:large","max-video-preview":"max-video-preview:-1"},"canonical":"https:\/\/stagpartynight.com\/es\/product\/pelea-chicas-en-barro-ibiza\/","og_locale":"es_ES","og_type":"article","og_title":"Pelea Chicas en Barro Ibiza","og_description":"Pelea Chicas en Barro Ibiza. Una colosal y sexy pelea entre dos mujeres en una piscina de chocolate. Participaci\u00f3n del prometido y grupo.","og_url":"https:\/\/stagpartynight.com\/es\/product\/pelea-chicas-en-barro-ibiza\/","og_site_name":"Despedida de Soltero","article_modified_time":"2024-01-19T11:51:57+00:00","og_image":[{"width":1786,"height":2560,"url":"https:\/\/stagpartynight.com\/es\/wp-content\/uploads\/sites\/2\/2020\/05\/beach-bikini-fashion-female-1104062-scaled.jpg","type":"image\/jpeg"}],"twitter_card":"summary_large_image","twitter_misc":{"Tiempo de lectura":"2 minutos"},"schema":{"@context":"https:\/\/schema.org","@graph":[{"@type":"WebPage","@id":"https:\/\/stagpartynight.com\/es\/product\/pelea-chicas-en-barro-ibiza\/","url":"https:\/\/stagpartynight.com\/es\/product\/pelea-chicas-en-barro-ibiza\/","name":"Pelea Chicas en Barro Ibiza","isPartOf":{"@id":"https:\/\/stagpartynight.com\/es\/#website"},"primaryImageOfPage":{"@id":"https:\/\/stagpartynight.com\/es\/product\/pelea-chicas-en-barro-ibiza\/#primaryimage"},"image":{"@id":"https:\/\/stagpartynight.com\/es\/product\/pelea-chicas-en-barro-ibiza\/#primaryimage"},"thumbnailUrl":"https:\/\/stagpartynight.com\/es\/wp-content\/uploads\/sites\/2\/2020\/05\/beach-bikini-fashion-female-1104062-scaled.jpg","datePublished":"2020-01-08T13:20:20+00:00","dateModified":"2024-01-19T11:51:57+00:00","description":"Pelea Chicas en Barro Ibiza. Una colosal y sexy pelea entre dos mujeres en una piscina de chocolate. Participaci\u00f3n del prometido y grupo.","breadcrumb":{"@id":"https:\/\/stagpartynight.com\/es\/product\/pelea-chicas-en-barro-ibiza\/#breadcrumb"},"inLanguage":"es","potentialAction":[{"@type":"ReadAction","target":["https:\/\/stagpartynight.com\/es\/product\/pelea-chicas-en-barro-ibiza\/"]}]},{"@type":"ImageObject","inLanguage":"es","@id":"https:\/\/stagpartynight.com\/es\/product\/pelea-chicas-en-barro-ibiza\/#primaryimage","url":"https:\/\/stagpartynight.com\/es\/wp-content\/uploads\/sites\/2\/2020\/05\/beach-bikini-fashion-female-1104062-scaled.jpg","contentUrl":"https:\/\/stagpartynight.com\/es\/wp-content\/uploads\/sites\/2\/2020\/05\/beach-bikini-fashion-female-1104062-scaled.jpg","width":1786,"height":2560,"caption":"Pelea Chicas en Barro Ibiza"},{"@type":"BreadcrumbList","@id":"https:\/\/stagpartynight.com\/es\/product\/pelea-chicas-en-barro-ibiza\/#breadcrumb","itemListElement":[{"@type":"ListItem","position":1,"name":"Home","item":"https:\/\/stagpartynight.com\/es\/"},{"@type":"ListItem","position":2,"name":"Tienda","item":"https:\/\/stagpartynight.com\/es\/tienda\/"},{"@type":"ListItem","position":3,"name":"Pelea Chicas en Barro Ibiza"}]},{"@type":"WebSite","@id":"https:\/\/stagpartynight.com\/es\/#website","url":"https:\/\/stagpartynight.com\/es\/","name":"Stag Party Night","description":"Your Stag Party Customized","publisher":{"@id":"https:\/\/stagpartynight.com\/es\/#organization"},"potentialAction":[{"@type":"SearchAction","target":{"@type":"EntryPoint","urlTemplate":"https:\/\/stagpartynight.com\/es\/?s={search_term_string}"},"query-input":{"@type":"PropertyValueSpecification","valueRequired":true,"valueName":"search_term_string"}}],"inLanguage":"es"},{"@type":"Organization","@id":"https:\/\/stagpartynight.com\/es\/#organization","name":"Stag Party Night","url":"https:\/\/stagpartynight.com\/es\/","logo":{"@type":"ImageObject","inLanguage":"es","@id":"https:\/\/stagpartynight.com\/es\/#\/schema\/logo\/image\/","url":"https:\/\/stagpartynight.com\/es\/wp-content\/uploads\/sites\/2\/2019\/12\/stagpartynight-e1578565505687.png","contentUrl":"https:\/\/stagpartynight.com\/es\/wp-content\/uploads\/sites\/2\/2019\/12\/stagpartynight-e1578565505687.png","width":400,"height":400,"caption":"Stag Party Night"},"image":{"@id":"https:\/\/stagpartynight.com\/es\/#\/schema\/logo\/image\/"}}]}},"_links":{"self":[{"href":"https:\/\/stagpartynight.com\/es\/wp-json\/wp\/v2\/product\/3358","targetHints":{"allow":["GET"]}}],"collection":[{"href":"https:\/\/stagpartynight.com\/es\/wp-json\/wp\/v2\/product"}],"about":[{"href":"https:\/\/stagpartynight.com\/es\/wp-json\/wp\/v2\/types\/product"}],"replies":[{"embeddable":true,"href":"https:\/\/stagpartynight.com\/es\/wp-json\/wp\/v2\/comments?post=3358"}],"wp:featuredmedia":[{"embeddable":true,"href":"https:\/\/stagpartynight.com\/es\/wp-json\/wp\/v2\/media\/1039"}],"wp:attachment":[{"href":"https:\/\/stagpartynight.com\/es\/wp-json\/wp\/v2\/media?parent=3358"}],"wp:term":[{"taxonomy":"product_brand","embeddable":true,"href":"https:\/\/stagpartynight.com\/es\/wp-json\/wp\/v2\/product_brand?post=3358"},{"taxonomy":"product_cat","embeddable":true,"href":"https:\/\/stagpartynight.com\/es\/wp-json\/wp\/v2\/product_cat?post=3358"},{"taxonomy":"product_tag","embeddable":true,"href":"https:\/\/stagpartynight.com\/es\/wp-json\/wp\/v2\/product_tag?post=3358"}],"curies":[{"name":"wp","href":"https:\/\/api.w.org\/{rel}","templated":true}]}}