{"id":3361,"date":"2020-01-08T14:24:53","date_gmt":"2020-01-08T13:24:53","guid":{"rendered":"https:\/\/stagpartynight.com\/fr\/?post_type=product&#038;p=258"},"modified":"2024-04-19T11:04:51","modified_gmt":"2024-04-19T09:04:51","slug":"club-de-striptease-ibiza","status":"publish","type":"product","link":"https:\/\/stagpartynight.com\/es\/product\/club-de-striptease-ibiza\/","title":{"rendered":"Club de Striptease Ibiza"},"content":{"rendered":"<p data-sourcepos=\"1:1-1:62\">Club de Striptease Ibiza. Pasa la noche en Ibiza en un club muy exclusivo lleno de incre\u00edbles mujeres.<\/p>\n<p data-sourcepos=\"1:1-1:62\">Las mejores despedidas de soltero con <a href=\"https:\/\/stagpartynight.com\/\">Stagparty<\/a>!<\/p>\n<h2 style=\"text-align: center;\" data-sourcepos=\"1:1-1:62\">Club de Striptease Ibiza<\/h2>\n<h4 style=\"text-align: left;\" data-sourcepos=\"1:1-1:62\">\u00a0<strong>\u00a1La noche perfecta para hombres en Ibiza!<\/strong> \ud83c\udf89\ud83c\udf7e<\/h4>\n<p data-sourcepos=\"5:1-5:258\">\u00bfEst\u00e1s buscando una noche de diversi\u00f3n y entretenimiento en Ibiza? \u00bfQuieres disfrutar de la mejor m\u00fasica, el mejor ambiente y la compa\u00f1\u00eda de hermosas bailarinas? \u00a1No busques m\u00e1s! Nuestro club para hombres con bailarinas en Ibiza es el lugar perfecto para ti.<\/p>\n<p data-sourcepos=\"7:1-7:11\">En nuestro club, encontrar\u00e1s:<\/p>\n<ul data-sourcepos=\"11:1-14:0\">\n<li data-sourcepos=\"11:1-11:138\"><strong>Una gran variedad de bailarinas sexys y profesionales.<\/strong>\u00a0Las bailarinas est\u00e1n disponibles para bailar, conversar y brindarte compa\u00f1\u00eda.<\/li>\n<li data-sourcepos=\"12:1-12:128\"><strong>La mejor m\u00fasica para bailar y disfrutar.<\/strong>\u00a0Nuestras DJ&#8217;s pinchan los mejores \u00e9xitos del momento para que no pares de bailar.<\/li>\n<li data-sourcepos=\"13:1-14:0\"><strong>Un ambiente \u00fanico y exclusivo.<\/strong>\u00a0Nuestro club es el lugar perfecto para relajarte y disfrutar de una noche inolvidable.<\/li>\n<\/ul>\n<p data-sourcepos=\"15:1-15:15\"><strong>Beneficios:<\/strong><\/p>\n<ul data-sourcepos=\"17:1-20:0\">\n<li data-sourcepos=\"17:1-17:53\"><strong>Disfruta de la compa\u00f1\u00eda de hermosas bailarinas.<\/strong><\/li>\n<li data-sourcepos=\"18:1-18:46\"><strong>Baila toda la noche con la mejor m\u00fasica.<\/strong><\/li>\n<li data-sourcepos=\"19:1-20:0\"><strong>Rel\u00e1jate y disfruta de un ambiente \u00fanico.<\/strong><\/li>\n<\/ul>\n<p data-sourcepos=\"21:1-21:24\"><strong>Llamado a la acci\u00f3n:<\/strong><\/p>\n<p style=\"text-align: center;\" data-sourcepos=\"23:1-23:84\">\u00a1Reserva tu entrada hoy mismo y disfruta de la noche perfecta para hombres en <a href=\"https:\/\/es.wikipedia.org\/wiki\/Ibiza\">Ibiza<\/a>!\u2728<\/p>\n<p>&nbsp;<\/p>\n","protected":false},"excerpt":{"rendered":"<p>Club de Striptease Ibiza. Pasa la noche en Ibiza en un club muy exclusivo lleno de incre\u00edbles mujeres.\u00a0Copas, mujeres preciosas e IBIZA!<\/p>\n","protected":false},"featured_media":3631,"comment_status":"open","ping_status":"closed","template":"","meta":{"_et_pb_use_builder":"","_et_pb_old_content":"","_et_gb_content_width":""},"product_brand":[],"product_cat":[113],"product_tag":[1039,1040,121],"class_list":{"0":"post-3361","1":"product","2":"type-product","3":"status-publish","4":"has-post-thumbnail","6":"product_cat-ibiza","7":"product_tag-club-de-strip-tease-a-ibiza","8":"product_tag-strip-club-a-ibiza","9":"product_tag-stripclub-ibiza","11":"first","12":"instock","13":"virtual","14":"product-type-simple"},"yoast_head":"<!-- This site is optimized with the Yoast SEO plugin v26.4 - https:\/\/yoast.com\/wordpress\/plugins\/seo\/ -->\n<title>Club de Striptease Ibiza<\/title>\n<meta name=\"description\" content=\"Club de Striptease Ibiza. Pasa la noche en Ibiza en un club muy exclusivo lleno de incre\u00edbles mujeres.\u00a0Copas, mujeres preciosas e IBIZA!\" \/>\n<meta name=\"robots\" content=\"index, follow, max-snippet:-1, max-image-preview:large, max-video-preview:-1\" \/>\n<link rel=\"canonical\" href=\"https:\/\/stagpartynight.com\/es\/product\/club-de-striptease-ibiza\/\" \/>\n<meta property=\"og:locale\" content=\"es_ES\" \/>\n<meta property=\"og:type\" content=\"article\" \/>\n<meta property=\"og:title\" content=\"Club de Striptease Ibiza\" \/>\n<meta property=\"og:description\" content=\"Club de Striptease Ibiza. Pasa la noche en Ibiza en un club muy exclusivo lleno de incre\u00edbles mujeres.\u00a0Copas, mujeres preciosas e IBIZA!\" \/>\n<meta property=\"og:url\" content=\"https:\/\/stagpartynight.com\/es\/product\/club-de-striptease-ibiza\/\" \/>\n<meta property=\"og:site_name\" content=\"Despedida de Soltero\" \/>\n<meta property=\"article:modified_time\" content=\"2024-04-19T09:04:51+00:00\" \/>\n<meta property=\"og:image\" content=\"https:\/\/stagpartynight.com\/es\/wp-content\/uploads\/sites\/2\/2024\/01\/WhatsApp-Image-2021-01-15-at-15.38.25-1.jpeg\" \/>\n\t<meta property=\"og:image:width\" content=\"720\" \/>\n\t<meta property=\"og:image:height\" content=\"1846\" \/>\n\t<meta property=\"og:image:type\" content=\"image\/jpeg\" \/>\n<meta name=\"twitter:card\" content=\"summary_large_image\" \/>\n<meta name=\"twitter:label1\" content=\"Tiempo de lectura\" \/>\n\t<meta name=\"twitter:data1\" content=\"2 minutos\" \/>\n<script type=\"application\/ld+json\" class=\"yoast-schema-graph\">{\"@context\":\"https:\/\/schema.org\",\"@graph\":[{\"@type\":\"WebPage\",\"@id\":\"https:\/\/stagpartynight.com\/es\/product\/club-de-striptease-ibiza\/\",\"url\":\"https:\/\/stagpartynight.com\/es\/product\/club-de-striptease-ibiza\/\",\"name\":\"Club de Striptease Ibiza\",\"isPartOf\":{\"@id\":\"https:\/\/stagpartynight.com\/es\/#website\"},\"primaryImageOfPage\":{\"@id\":\"https:\/\/stagpartynight.com\/es\/product\/club-de-striptease-ibiza\/#primaryimage\"},\"image\":{\"@id\":\"https:\/\/stagpartynight.com\/es\/product\/club-de-striptease-ibiza\/#primaryimage\"},\"thumbnailUrl\":\"https:\/\/stagpartynight.com\/es\/wp-content\/uploads\/sites\/2\/2024\/01\/WhatsApp-Image-2021-01-15-at-15.38.25-1.jpeg\",\"datePublished\":\"2020-01-08T13:24:53+00:00\",\"dateModified\":\"2024-04-19T09:04:51+00:00\",\"description\":\"Club de Striptease Ibiza. Pasa la noche en Ibiza en un club muy exclusivo lleno de incre\u00edbles mujeres.\u00a0Copas, mujeres preciosas e IBIZA!\",\"breadcrumb\":{\"@id\":\"https:\/\/stagpartynight.com\/es\/product\/club-de-striptease-ibiza\/#breadcrumb\"},\"inLanguage\":\"es\",\"potentialAction\":[{\"@type\":\"ReadAction\",\"target\":[\"https:\/\/stagpartynight.com\/es\/product\/club-de-striptease-ibiza\/\"]}]},{\"@type\":\"ImageObject\",\"inLanguage\":\"es\",\"@id\":\"https:\/\/stagpartynight.com\/es\/product\/club-de-striptease-ibiza\/#primaryimage\",\"url\":\"https:\/\/stagpartynight.com\/es\/wp-content\/uploads\/sites\/2\/2024\/01\/WhatsApp-Image-2021-01-15-at-15.38.25-1.jpeg\",\"contentUrl\":\"https:\/\/stagpartynight.com\/es\/wp-content\/uploads\/sites\/2\/2024\/01\/WhatsApp-Image-2021-01-15-at-15.38.25-1.jpeg\",\"width\":720,\"height\":1846,\"caption\":\"Club de Striptease Ibiza\"},{\"@type\":\"BreadcrumbList\",\"@id\":\"https:\/\/stagpartynight.com\/es\/product\/club-de-striptease-ibiza\/#breadcrumb\",\"itemListElement\":[{\"@type\":\"ListItem\",\"position\":1,\"name\":\"Home\",\"item\":\"https:\/\/stagpartynight.com\/es\/\"},{\"@type\":\"ListItem\",\"position\":2,\"name\":\"Tienda\",\"item\":\"https:\/\/stagpartynight.com\/es\/tienda\/\"},{\"@type\":\"ListItem\",\"position\":3,\"name\":\"Club de Striptease Ibiza\"}]},{\"@type\":\"WebSite\",\"@id\":\"https:\/\/stagpartynight.com\/es\/#website\",\"url\":\"https:\/\/stagpartynight.com\/es\/\",\"name\":\"Stag Party Night\",\"description\":\"Your Stag Party Customized\",\"publisher\":{\"@id\":\"https:\/\/stagpartynight.com\/es\/#organization\"},\"potentialAction\":[{\"@type\":\"SearchAction\",\"target\":{\"@type\":\"EntryPoint\",\"urlTemplate\":\"https:\/\/stagpartynight.com\/es\/?s={search_term_string}\"},\"query-input\":{\"@type\":\"PropertyValueSpecification\",\"valueRequired\":true,\"valueName\":\"search_term_string\"}}],\"inLanguage\":\"es\"},{\"@type\":\"Organization\",\"@id\":\"https:\/\/stagpartynight.com\/es\/#organization\",\"name\":\"Stag Party Night\",\"url\":\"https:\/\/stagpartynight.com\/es\/\",\"logo\":{\"@type\":\"ImageObject\",\"inLanguage\":\"es\",\"@id\":\"https:\/\/stagpartynight.com\/es\/#\/schema\/logo\/image\/\",\"url\":\"https:\/\/stagpartynight.com\/es\/wp-content\/uploads\/sites\/2\/2019\/12\/stagpartynight-e1578565505687.png\",\"contentUrl\":\"https:\/\/stagpartynight.com\/es\/wp-content\/uploads\/sites\/2\/2019\/12\/stagpartynight-e1578565505687.png\",\"width\":400,\"height\":400,\"caption\":\"Stag Party Night\"},\"image\":{\"@id\":\"https:\/\/stagpartynight.com\/es\/#\/schema\/logo\/image\/\"}}]}<\/script>\n<!-- \/ Yoast SEO plugin. -->","yoast_head_json":{"title":"Club de Striptease Ibiza","description":"Club de Striptease Ibiza. Pasa la noche en Ibiza en un club muy exclusivo lleno de incre\u00edbles mujeres.\u00a0Copas, mujeres preciosas e IBIZA!","robots":{"index":"index","follow":"follow","max-snippet":"max-snippet:-1","max-image-preview":"max-image-preview:large","max-video-preview":"max-video-preview:-1"},"canonical":"https:\/\/stagpartynight.com\/es\/product\/club-de-striptease-ibiza\/","og_locale":"es_ES","og_type":"article","og_title":"Club de Striptease Ibiza","og_description":"Club de Striptease Ibiza. Pasa la noche en Ibiza en un club muy exclusivo lleno de incre\u00edbles mujeres.\u00a0Copas, mujeres preciosas e IBIZA!","og_url":"https:\/\/stagpartynight.com\/es\/product\/club-de-striptease-ibiza\/","og_site_name":"Despedida de Soltero","article_modified_time":"2024-04-19T09:04:51+00:00","og_image":[{"width":720,"height":1846,"url":"https:\/\/stagpartynight.com\/es\/wp-content\/uploads\/sites\/2\/2024\/01\/WhatsApp-Image-2021-01-15-at-15.38.25-1.jpeg","type":"image\/jpeg"}],"twitter_card":"summary_large_image","twitter_misc":{"Tiempo de lectura":"2 minutos"},"schema":{"@context":"https:\/\/schema.org","@graph":[{"@type":"WebPage","@id":"https:\/\/stagpartynight.com\/es\/product\/club-de-striptease-ibiza\/","url":"https:\/\/stagpartynight.com\/es\/product\/club-de-striptease-ibiza\/","name":"Club de Striptease Ibiza","isPartOf":{"@id":"https:\/\/stagpartynight.com\/es\/#website"},"primaryImageOfPage":{"@id":"https:\/\/stagpartynight.com\/es\/product\/club-de-striptease-ibiza\/#primaryimage"},"image":{"@id":"https:\/\/stagpartynight.com\/es\/product\/club-de-striptease-ibiza\/#primaryimage"},"thumbnailUrl":"https:\/\/stagpartynight.com\/es\/wp-content\/uploads\/sites\/2\/2024\/01\/WhatsApp-Image-2021-01-15-at-15.38.25-1.jpeg","datePublished":"2020-01-08T13:24:53+00:00","dateModified":"2024-04-19T09:04:51+00:00","description":"Club de Striptease Ibiza. Pasa la noche en Ibiza en un club muy exclusivo lleno de incre\u00edbles mujeres.\u00a0Copas, mujeres preciosas e IBIZA!","breadcrumb":{"@id":"https:\/\/stagpartynight.com\/es\/product\/club-de-striptease-ibiza\/#breadcrumb"},"inLanguage":"es","potentialAction":[{"@type":"ReadAction","target":["https:\/\/stagpartynight.com\/es\/product\/club-de-striptease-ibiza\/"]}]},{"@type":"ImageObject","inLanguage":"es","@id":"https:\/\/stagpartynight.com\/es\/product\/club-de-striptease-ibiza\/#primaryimage","url":"https:\/\/stagpartynight.com\/es\/wp-content\/uploads\/sites\/2\/2024\/01\/WhatsApp-Image-2021-01-15-at-15.38.25-1.jpeg","contentUrl":"https:\/\/stagpartynight.com\/es\/wp-content\/uploads\/sites\/2\/2024\/01\/WhatsApp-Image-2021-01-15-at-15.38.25-1.jpeg","width":720,"height":1846,"caption":"Club de Striptease Ibiza"},{"@type":"BreadcrumbList","@id":"https:\/\/stagpartynight.com\/es\/product\/club-de-striptease-ibiza\/#breadcrumb","itemListElement":[{"@type":"ListItem","position":1,"name":"Home","item":"https:\/\/stagpartynight.com\/es\/"},{"@type":"ListItem","position":2,"name":"Tienda","item":"https:\/\/stagpartynight.com\/es\/tienda\/"},{"@type":"ListItem","position":3,"name":"Club de Striptease Ibiza"}]},{"@type":"WebSite","@id":"https:\/\/stagpartynight.com\/es\/#website","url":"https:\/\/stagpartynight.com\/es\/","name":"Stag Party Night","description":"Your Stag Party Customized","publisher":{"@id":"https:\/\/stagpartynight.com\/es\/#organization"},"potentialAction":[{"@type":"SearchAction","target":{"@type":"EntryPoint","urlTemplate":"https:\/\/stagpartynight.com\/es\/?s={search_term_string}"},"query-input":{"@type":"PropertyValueSpecification","valueRequired":true,"valueName":"search_term_string"}}],"inLanguage":"es"},{"@type":"Organization","@id":"https:\/\/stagpartynight.com\/es\/#organization","name":"Stag Party Night","url":"https:\/\/stagpartynight.com\/es\/","logo":{"@type":"ImageObject","inLanguage":"es","@id":"https:\/\/stagpartynight.com\/es\/#\/schema\/logo\/image\/","url":"https:\/\/stagpartynight.com\/es\/wp-content\/uploads\/sites\/2\/2019\/12\/stagpartynight-e1578565505687.png","contentUrl":"https:\/\/stagpartynight.com\/es\/wp-content\/uploads\/sites\/2\/2019\/12\/stagpartynight-e1578565505687.png","width":400,"height":400,"caption":"Stag Party Night"},"image":{"@id":"https:\/\/stagpartynight.com\/es\/#\/schema\/logo\/image\/"}}]}},"_links":{"self":[{"href":"https:\/\/stagpartynight.com\/es\/wp-json\/wp\/v2\/product\/3361","targetHints":{"allow":["GET"]}}],"collection":[{"href":"https:\/\/stagpartynight.com\/es\/wp-json\/wp\/v2\/product"}],"about":[{"href":"https:\/\/stagpartynight.com\/es\/wp-json\/wp\/v2\/types\/product"}],"replies":[{"embeddable":true,"href":"https:\/\/stagpartynight.com\/es\/wp-json\/wp\/v2\/comments?post=3361"}],"wp:featuredmedia":[{"embeddable":true,"href":"https:\/\/stagpartynight.com\/es\/wp-json\/wp\/v2\/media\/3631"}],"wp:attachment":[{"href":"https:\/\/stagpartynight.com\/es\/wp-json\/wp\/v2\/media?parent=3361"}],"wp:term":[{"taxonomy":"product_brand","embeddable":true,"href":"https:\/\/stagpartynight.com\/es\/wp-json\/wp\/v2\/product_brand?post=3361"},{"taxonomy":"product_cat","embeddable":true,"href":"https:\/\/stagpartynight.com\/es\/wp-json\/wp\/v2\/product_cat?post=3361"},{"taxonomy":"product_tag","embeddable":true,"href":"https:\/\/stagpartynight.com\/es\/wp-json\/wp\/v2\/product_tag?post=3361"}],"curies":[{"name":"wp","href":"https:\/\/api.w.org\/{rel}","templated":true}]}}