{"id":3367,"date":"2020-01-08T14:36:13","date_gmt":"2020-01-08T13:36:13","guid":{"rendered":"https:\/\/stagpartynight.com\/fr\/?post_type=product&#038;p=267"},"modified":"2024-01-23T10:12:29","modified_gmt":"2024-01-23T09:12:29","slug":"velero-en-ibiza","status":"publish","type":"product","link":"https:\/\/stagpartynight.com\/es\/product\/velero-en-ibiza\/","title":{"rendered":"Velero en Ibiza"},"content":{"rendered":"<div>Velero en Ibiza. Navegar en Ibiza. Recorrido privado por el mar Mediterr\u00e1neo. Descubra las calas de la isla de Ibiza. Posibilidad de extras de comida y bebida.<\/div>\n<div><\/div>\n<div>Las mejores despedidas de soltero con <a href=\"https:\/\/stagpartynight.com\/\">StagParty<\/a>!<\/div>\n<div><\/div>\n<h2 style=\"text-align: center;\">Velero en Ibiza<\/h2>\n<h4>\ud83c\udf0a Escapada al mar: alquiler de velero privado con amigos en Ibiza<\/h4>\n<div><\/div>\n<div>\u00a1Vive una aventura mar\u00edtima inolvidable con tus amigos alquilando nuestro velero privado en Ibiza! Ya sea durante 4 horas o un d\u00eda completo de 8 horas, emb\u00e1rcate en una exclusiva escapada por las cristalinas aguas del Mediterr\u00e1neo.<\/div>\n<div><\/div>\n<div>A bordo, descubrir\u00e1 una completa gama de equipos para actividades acu\u00e1ticas, desde snorkel hasta buceo y paddle boarding. Nuestro yate es su patio de recreo personal, que le permite explorar calas solitarias y sumergirse en la belleza marina.\ud83c\udf1e<\/div>\n<div><\/div>\n<div>Su escapada estar\u00e1 dirigida por nuestro experimentado capit\u00e1n.\u00a0 Garantizando un viaje tranquilo y seguro mientras comparte an\u00e9cdotas sobre las maravillas de la costa ib\u00e9rica. Las paradas planificadas para refrescantes chapuzones en aguas transl\u00facidas a\u00f1aden un toque de aventura a su d\u00eda en el mar.<\/div>\n<div><\/div>\n<div>Cree el ambiente perfecto con nuestro sistema de audio a bordo. Permita que su grupo ponga su propia m\u00fasica y baile bajo el sol ibicenco. \u00a1Es su propia fiesta privada en alta mar!<\/div>\n<div><\/div>\n<div>\n<div><\/div>\n<div>Ya sea para celebrar una ocasi\u00f3n especial, explorar los rincones secretos de la isla o simplemente relajarse en compa\u00f1\u00eda de sus seres queridos, nuestro alquiler de yates privados le ofrece una experiencia a su medida. Reserve ahora y prep\u00e1rese para navegar hacia recuerdos inolvidables. Emb\u00e1rquese en una exclusiva aventura mar\u00edtima con sus amigos, \u00a1donde reinan la libertad, la diversi\u00f3n y la el placer de <a href=\"https:\/\/es.wikipedia.org\/wiki\/Ibiza\">Ibiza<\/a>! \u26f5<\/div>\n<\/div>\n","protected":false},"excerpt":{"rendered":"<p>Velero en Ibiza. Navegar en Ibiza. Recorrido privado por el mar Mediterr\u00e1neo. Descubra las calas de la isla de Ibiza. Posibilidad de extras de comida y bebida.<\/p>\n","protected":false},"featured_media":3794,"comment_status":"open","ping_status":"closed","template":"","meta":{"_et_pb_use_builder":"","_et_pb_old_content":"","_et_gb_content_width":""},"product_brand":[],"product_cat":[113],"product_tag":[1051,128,1052],"class_list":{"0":"post-3367","1":"product","2":"type-product","3":"status-publish","4":"has-post-thumbnail","6":"product_cat-ibiza","7":"product_tag-location-de-voilier-a-ibiza","8":"product_tag-private-velero-ibiza","9":"product_tag-voilier-a-ibiza","11":"first","12":"instock","13":"virtual","14":"product-type-simple"},"yoast_head":"<!-- This site is optimized with the Yoast SEO plugin v26.4 - https:\/\/yoast.com\/wordpress\/plugins\/seo\/ -->\n<title>Velero en Ibiza<\/title>\n<meta name=\"description\" content=\"Velero en Ibiza. Navegar en Ibiza. Recorrido privado por el mar Mediterr\u00e1neo. Descubra las calas de la isla de Ibiza. Posibilidad de extras.\" \/>\n<meta name=\"robots\" content=\"index, follow, max-snippet:-1, max-image-preview:large, max-video-preview:-1\" \/>\n<link rel=\"canonical\" href=\"https:\/\/stagpartynight.com\/es\/product\/velero-en-ibiza\/\" \/>\n<meta property=\"og:locale\" content=\"es_ES\" \/>\n<meta property=\"og:type\" content=\"article\" \/>\n<meta property=\"og:title\" content=\"Velero en Ibiza\" \/>\n<meta property=\"og:description\" content=\"Velero en Ibiza. Navegar en Ibiza. Recorrido privado por el mar Mediterr\u00e1neo. Descubra las calas de la isla de Ibiza. Posibilidad de extras.\" \/>\n<meta property=\"og:url\" content=\"https:\/\/stagpartynight.com\/es\/product\/velero-en-ibiza\/\" \/>\n<meta property=\"og:site_name\" content=\"Despedida de Soltero\" \/>\n<meta property=\"article:modified_time\" content=\"2024-01-23T09:12:29+00:00\" \/>\n<meta property=\"og:image\" content=\"https:\/\/stagpartynight.com\/es\/wp-content\/uploads\/sites\/2\/2020\/01\/Velero-en-Ibiza.jpg\" \/>\n\t<meta property=\"og:image:width\" content=\"640\" \/>\n\t<meta property=\"og:image:height\" content=\"427\" \/>\n\t<meta property=\"og:image:type\" content=\"image\/jpeg\" \/>\n<meta name=\"twitter:card\" content=\"summary_large_image\" \/>\n<meta name=\"twitter:label1\" content=\"Tiempo de lectura\" \/>\n\t<meta name=\"twitter:data1\" content=\"2 minutos\" \/>\n<script type=\"application\/ld+json\" class=\"yoast-schema-graph\">{\"@context\":\"https:\/\/schema.org\",\"@graph\":[{\"@type\":\"WebPage\",\"@id\":\"https:\/\/stagpartynight.com\/es\/product\/velero-en-ibiza\/\",\"url\":\"https:\/\/stagpartynight.com\/es\/product\/velero-en-ibiza\/\",\"name\":\"Velero en Ibiza\",\"isPartOf\":{\"@id\":\"https:\/\/stagpartynight.com\/es\/#website\"},\"primaryImageOfPage\":{\"@id\":\"https:\/\/stagpartynight.com\/es\/product\/velero-en-ibiza\/#primaryimage\"},\"image\":{\"@id\":\"https:\/\/stagpartynight.com\/es\/product\/velero-en-ibiza\/#primaryimage\"},\"thumbnailUrl\":\"https:\/\/stagpartynight.com\/es\/wp-content\/uploads\/sites\/2\/2020\/01\/Velero-en-Ibiza.jpg\",\"datePublished\":\"2020-01-08T13:36:13+00:00\",\"dateModified\":\"2024-01-23T09:12:29+00:00\",\"description\":\"Velero en Ibiza. Navegar en Ibiza. Recorrido privado por el mar Mediterr\u00e1neo. Descubra las calas de la isla de Ibiza. Posibilidad de extras.\",\"breadcrumb\":{\"@id\":\"https:\/\/stagpartynight.com\/es\/product\/velero-en-ibiza\/#breadcrumb\"},\"inLanguage\":\"es\",\"potentialAction\":[{\"@type\":\"ReadAction\",\"target\":[\"https:\/\/stagpartynight.com\/es\/product\/velero-en-ibiza\/\"]}]},{\"@type\":\"ImageObject\",\"inLanguage\":\"es\",\"@id\":\"https:\/\/stagpartynight.com\/es\/product\/velero-en-ibiza\/#primaryimage\",\"url\":\"https:\/\/stagpartynight.com\/es\/wp-content\/uploads\/sites\/2\/2020\/01\/Velero-en-Ibiza.jpg\",\"contentUrl\":\"https:\/\/stagpartynight.com\/es\/wp-content\/uploads\/sites\/2\/2020\/01\/Velero-en-Ibiza.jpg\",\"width\":640,\"height\":427,\"caption\":\"Velero en Ibiza\"},{\"@type\":\"BreadcrumbList\",\"@id\":\"https:\/\/stagpartynight.com\/es\/product\/velero-en-ibiza\/#breadcrumb\",\"itemListElement\":[{\"@type\":\"ListItem\",\"position\":1,\"name\":\"Home\",\"item\":\"https:\/\/stagpartynight.com\/es\/\"},{\"@type\":\"ListItem\",\"position\":2,\"name\":\"Tienda\",\"item\":\"https:\/\/stagpartynight.com\/es\/tienda\/\"},{\"@type\":\"ListItem\",\"position\":3,\"name\":\"Velero en Ibiza\"}]},{\"@type\":\"WebSite\",\"@id\":\"https:\/\/stagpartynight.com\/es\/#website\",\"url\":\"https:\/\/stagpartynight.com\/es\/\",\"name\":\"Stag Party Night\",\"description\":\"Your Stag Party Customized\",\"publisher\":{\"@id\":\"https:\/\/stagpartynight.com\/es\/#organization\"},\"potentialAction\":[{\"@type\":\"SearchAction\",\"target\":{\"@type\":\"EntryPoint\",\"urlTemplate\":\"https:\/\/stagpartynight.com\/es\/?s={search_term_string}\"},\"query-input\":{\"@type\":\"PropertyValueSpecification\",\"valueRequired\":true,\"valueName\":\"search_term_string\"}}],\"inLanguage\":\"es\"},{\"@type\":\"Organization\",\"@id\":\"https:\/\/stagpartynight.com\/es\/#organization\",\"name\":\"Stag Party Night\",\"url\":\"https:\/\/stagpartynight.com\/es\/\",\"logo\":{\"@type\":\"ImageObject\",\"inLanguage\":\"es\",\"@id\":\"https:\/\/stagpartynight.com\/es\/#\/schema\/logo\/image\/\",\"url\":\"https:\/\/stagpartynight.com\/es\/wp-content\/uploads\/sites\/2\/2019\/12\/stagpartynight-e1578565505687.png\",\"contentUrl\":\"https:\/\/stagpartynight.com\/es\/wp-content\/uploads\/sites\/2\/2019\/12\/stagpartynight-e1578565505687.png\",\"width\":400,\"height\":400,\"caption\":\"Stag Party Night\"},\"image\":{\"@id\":\"https:\/\/stagpartynight.com\/es\/#\/schema\/logo\/image\/\"}}]}<\/script>\n<!-- \/ Yoast SEO plugin. -->","yoast_head_json":{"title":"Velero en Ibiza","description":"Velero en Ibiza. Navegar en Ibiza. Recorrido privado por el mar Mediterr\u00e1neo. Descubra las calas de la isla de Ibiza. Posibilidad de extras.","robots":{"index":"index","follow":"follow","max-snippet":"max-snippet:-1","max-image-preview":"max-image-preview:large","max-video-preview":"max-video-preview:-1"},"canonical":"https:\/\/stagpartynight.com\/es\/product\/velero-en-ibiza\/","og_locale":"es_ES","og_type":"article","og_title":"Velero en Ibiza","og_description":"Velero en Ibiza. Navegar en Ibiza. Recorrido privado por el mar Mediterr\u00e1neo. Descubra las calas de la isla de Ibiza. Posibilidad de extras.","og_url":"https:\/\/stagpartynight.com\/es\/product\/velero-en-ibiza\/","og_site_name":"Despedida de Soltero","article_modified_time":"2024-01-23T09:12:29+00:00","og_image":[{"width":640,"height":427,"url":"https:\/\/stagpartynight.com\/es\/wp-content\/uploads\/sites\/2\/2020\/01\/Velero-en-Ibiza.jpg","type":"image\/jpeg"}],"twitter_card":"summary_large_image","twitter_misc":{"Tiempo de lectura":"2 minutos"},"schema":{"@context":"https:\/\/schema.org","@graph":[{"@type":"WebPage","@id":"https:\/\/stagpartynight.com\/es\/product\/velero-en-ibiza\/","url":"https:\/\/stagpartynight.com\/es\/product\/velero-en-ibiza\/","name":"Velero en Ibiza","isPartOf":{"@id":"https:\/\/stagpartynight.com\/es\/#website"},"primaryImageOfPage":{"@id":"https:\/\/stagpartynight.com\/es\/product\/velero-en-ibiza\/#primaryimage"},"image":{"@id":"https:\/\/stagpartynight.com\/es\/product\/velero-en-ibiza\/#primaryimage"},"thumbnailUrl":"https:\/\/stagpartynight.com\/es\/wp-content\/uploads\/sites\/2\/2020\/01\/Velero-en-Ibiza.jpg","datePublished":"2020-01-08T13:36:13+00:00","dateModified":"2024-01-23T09:12:29+00:00","description":"Velero en Ibiza. Navegar en Ibiza. Recorrido privado por el mar Mediterr\u00e1neo. Descubra las calas de la isla de Ibiza. Posibilidad de extras.","breadcrumb":{"@id":"https:\/\/stagpartynight.com\/es\/product\/velero-en-ibiza\/#breadcrumb"},"inLanguage":"es","potentialAction":[{"@type":"ReadAction","target":["https:\/\/stagpartynight.com\/es\/product\/velero-en-ibiza\/"]}]},{"@type":"ImageObject","inLanguage":"es","@id":"https:\/\/stagpartynight.com\/es\/product\/velero-en-ibiza\/#primaryimage","url":"https:\/\/stagpartynight.com\/es\/wp-content\/uploads\/sites\/2\/2020\/01\/Velero-en-Ibiza.jpg","contentUrl":"https:\/\/stagpartynight.com\/es\/wp-content\/uploads\/sites\/2\/2020\/01\/Velero-en-Ibiza.jpg","width":640,"height":427,"caption":"Velero en Ibiza"},{"@type":"BreadcrumbList","@id":"https:\/\/stagpartynight.com\/es\/product\/velero-en-ibiza\/#breadcrumb","itemListElement":[{"@type":"ListItem","position":1,"name":"Home","item":"https:\/\/stagpartynight.com\/es\/"},{"@type":"ListItem","position":2,"name":"Tienda","item":"https:\/\/stagpartynight.com\/es\/tienda\/"},{"@type":"ListItem","position":3,"name":"Velero en Ibiza"}]},{"@type":"WebSite","@id":"https:\/\/stagpartynight.com\/es\/#website","url":"https:\/\/stagpartynight.com\/es\/","name":"Stag Party Night","description":"Your Stag Party Customized","publisher":{"@id":"https:\/\/stagpartynight.com\/es\/#organization"},"potentialAction":[{"@type":"SearchAction","target":{"@type":"EntryPoint","urlTemplate":"https:\/\/stagpartynight.com\/es\/?s={search_term_string}"},"query-input":{"@type":"PropertyValueSpecification","valueRequired":true,"valueName":"search_term_string"}}],"inLanguage":"es"},{"@type":"Organization","@id":"https:\/\/stagpartynight.com\/es\/#organization","name":"Stag Party Night","url":"https:\/\/stagpartynight.com\/es\/","logo":{"@type":"ImageObject","inLanguage":"es","@id":"https:\/\/stagpartynight.com\/es\/#\/schema\/logo\/image\/","url":"https:\/\/stagpartynight.com\/es\/wp-content\/uploads\/sites\/2\/2019\/12\/stagpartynight-e1578565505687.png","contentUrl":"https:\/\/stagpartynight.com\/es\/wp-content\/uploads\/sites\/2\/2019\/12\/stagpartynight-e1578565505687.png","width":400,"height":400,"caption":"Stag Party Night"},"image":{"@id":"https:\/\/stagpartynight.com\/es\/#\/schema\/logo\/image\/"}}]}},"_links":{"self":[{"href":"https:\/\/stagpartynight.com\/es\/wp-json\/wp\/v2\/product\/3367","targetHints":{"allow":["GET"]}}],"collection":[{"href":"https:\/\/stagpartynight.com\/es\/wp-json\/wp\/v2\/product"}],"about":[{"href":"https:\/\/stagpartynight.com\/es\/wp-json\/wp\/v2\/types\/product"}],"replies":[{"embeddable":true,"href":"https:\/\/stagpartynight.com\/es\/wp-json\/wp\/v2\/comments?post=3367"}],"wp:featuredmedia":[{"embeddable":true,"href":"https:\/\/stagpartynight.com\/es\/wp-json\/wp\/v2\/media\/3794"}],"wp:attachment":[{"href":"https:\/\/stagpartynight.com\/es\/wp-json\/wp\/v2\/media?parent=3367"}],"wp:term":[{"taxonomy":"product_brand","embeddable":true,"href":"https:\/\/stagpartynight.com\/es\/wp-json\/wp\/v2\/product_brand?post=3367"},{"taxonomy":"product_cat","embeddable":true,"href":"https:\/\/stagpartynight.com\/es\/wp-json\/wp\/v2\/product_cat?post=3367"},{"taxonomy":"product_tag","embeddable":true,"href":"https:\/\/stagpartynight.com\/es\/wp-json\/wp\/v2\/product_tag?post=3367"}],"curies":[{"name":"wp","href":"https:\/\/api.w.org\/{rel}","templated":true}]}}