{"id":340,"date":"2020-01-08T18:20:24","date_gmt":"2020-01-08T17:20:24","guid":{"rendered":"https:\/\/stagpartynight.com\/es\/?post_type=product&#038;p=340"},"modified":"2022-12-22T15:24:09","modified_gmt":"2022-12-22T14:24:09","slug":"alojamiento-madrid","status":"publish","type":"product","link":"https:\/\/stagpartynight.com\/es\/product\/alojamiento-madrid\/","title":{"rendered":"Alojamiento Madrid"},"content":{"rendered":"<p>Descubra la oferta de apartamentos tur\u00edsticos, hoteles y villas en Madrid. Nos adaptamos a sus necesidades. El precio var\u00eda seg\u00fan la \u00e9poca del a\u00f1o. <strong>Alojamiento Madrid<\/strong><\/p>\n","protected":false},"excerpt":{"rendered":"<p>Descubra la oferta de apartamentos tur\u00edsticos, hoteles y villas en Madrid. Nos adaptamos a sus necesidades. El precio var\u00eda seg\u00fan la \u00e9poca del a\u00f1o. <strong>Alojamiento Madrid<\/strong><\/p>\n","protected":false},"featured_media":341,"comment_status":"open","ping_status":"closed","template":"","meta":{"_et_pb_use_builder":"","_et_pb_old_content":"","_et_gb_content_width":""},"product_brand":[],"product_cat":[180],"product_tag":[198,394,396,864,395,393,392],"class_list":{"0":"post-340","1":"product","2":"type-product","3":"status-publish","4":"has-post-thumbnail","6":"product_cat-madrid","7":"product_tag-accommodation-madrid","8":"product_tag-airbnb-madrid","9":"product_tag-alojamiento-en-madrid","10":"product_tag-alojamiento-madrid","11":"product_tag-apartamentos-turisticos-en-madrid","12":"product_tag-hotel-madrid","13":"product_tag-hoteles-madrid","15":"first","16":"instock","17":"virtual","18":"product-type-simple"},"yoast_head":"<!-- This site is optimized with the Yoast SEO plugin v26.4 - https:\/\/yoast.com\/wordpress\/plugins\/seo\/ -->\n<title>Alojamiento Madrid - Hoteles - Apartamantos - Villas<\/title>\n<meta name=\"description\" content=\"Alojamiento Madrid - Descubra la oferta de apartamentos tur\u00edsticos, hoteles y villas en Madrid. Nos adaptamos a sus necesidades.\" \/>\n<meta name=\"robots\" content=\"index, follow, max-snippet:-1, max-image-preview:large, max-video-preview:-1\" \/>\n<link rel=\"canonical\" href=\"https:\/\/stagpartynight.com\/es\/product\/alojamiento-madrid\/\" \/>\n<meta property=\"og:locale\" content=\"es_ES\" \/>\n<meta property=\"og:type\" content=\"article\" \/>\n<meta property=\"og:title\" content=\"Alojamiento Madrid - Hoteles - Apartamantos - Villas\" \/>\n<meta property=\"og:description\" content=\"Alojamiento Madrid - Descubra la oferta de apartamentos tur\u00edsticos, hoteles y villas en Madrid. Nos adaptamos a sus necesidades.\" \/>\n<meta property=\"og:url\" content=\"https:\/\/stagpartynight.com\/es\/product\/alojamiento-madrid\/\" \/>\n<meta property=\"og:site_name\" content=\"Despedida de Soltero\" \/>\n<meta property=\"article:modified_time\" content=\"2022-12-22T14:24:09+00:00\" \/>\n<meta property=\"og:image\" content=\"https:\/\/stagpartynight.com\/es\/wp-content\/uploads\/sites\/2\/2020\/01\/Accommodation-Madrid.jpg\" \/>\n\t<meta property=\"og:image:width\" content=\"1030\" \/>\n\t<meta property=\"og:image:height\" content=\"600\" \/>\n\t<meta property=\"og:image:type\" content=\"image\/jpeg\" \/>\n<meta name=\"twitter:card\" content=\"summary_large_image\" \/>\n<meta name=\"twitter:label1\" content=\"Tiempo de lectura\" \/>\n\t<meta name=\"twitter:data1\" content=\"1 minuto\" \/>\n<script type=\"application\/ld+json\" class=\"yoast-schema-graph\">{\"@context\":\"https:\/\/schema.org\",\"@graph\":[{\"@type\":\"WebPage\",\"@id\":\"https:\/\/stagpartynight.com\/es\/product\/alojamiento-madrid\/\",\"url\":\"https:\/\/stagpartynight.com\/es\/product\/alojamiento-madrid\/\",\"name\":\"Alojamiento Madrid - Hoteles - Apartamantos - Villas\",\"isPartOf\":{\"@id\":\"https:\/\/stagpartynight.com\/es\/#website\"},\"primaryImageOfPage\":{\"@id\":\"https:\/\/stagpartynight.com\/es\/product\/alojamiento-madrid\/#primaryimage\"},\"image\":{\"@id\":\"https:\/\/stagpartynight.com\/es\/product\/alojamiento-madrid\/#primaryimage\"},\"thumbnailUrl\":\"https:\/\/stagpartynight.com\/es\/wp-content\/uploads\/sites\/2\/2020\/01\/Accommodation-Madrid.jpg\",\"datePublished\":\"2020-01-08T17:20:24+00:00\",\"dateModified\":\"2022-12-22T14:24:09+00:00\",\"description\":\"Alojamiento Madrid - Descubra la oferta de apartamentos tur\u00edsticos, hoteles y villas en Madrid. Nos adaptamos a sus necesidades.\",\"breadcrumb\":{\"@id\":\"https:\/\/stagpartynight.com\/es\/product\/alojamiento-madrid\/#breadcrumb\"},\"inLanguage\":\"es\",\"potentialAction\":[{\"@type\":\"ReadAction\",\"target\":[\"https:\/\/stagpartynight.com\/es\/product\/alojamiento-madrid\/\"]}]},{\"@type\":\"ImageObject\",\"inLanguage\":\"es\",\"@id\":\"https:\/\/stagpartynight.com\/es\/product\/alojamiento-madrid\/#primaryimage\",\"url\":\"https:\/\/stagpartynight.com\/es\/wp-content\/uploads\/sites\/2\/2020\/01\/Accommodation-Madrid.jpg\",\"contentUrl\":\"https:\/\/stagpartynight.com\/es\/wp-content\/uploads\/sites\/2\/2020\/01\/Accommodation-Madrid.jpg\",\"width\":1030,\"height\":600},{\"@type\":\"BreadcrumbList\",\"@id\":\"https:\/\/stagpartynight.com\/es\/product\/alojamiento-madrid\/#breadcrumb\",\"itemListElement\":[{\"@type\":\"ListItem\",\"position\":1,\"name\":\"Home\",\"item\":\"https:\/\/stagpartynight.com\/es\/\"},{\"@type\":\"ListItem\",\"position\":2,\"name\":\"Tienda\",\"item\":\"https:\/\/stagpartynight.com\/es\/tienda\/\"},{\"@type\":\"ListItem\",\"position\":3,\"name\":\"Alojamiento Madrid\"}]},{\"@type\":\"WebSite\",\"@id\":\"https:\/\/stagpartynight.com\/es\/#website\",\"url\":\"https:\/\/stagpartynight.com\/es\/\",\"name\":\"Stag Party Night\",\"description\":\"Your Stag Party Customized\",\"publisher\":{\"@id\":\"https:\/\/stagpartynight.com\/es\/#organization\"},\"potentialAction\":[{\"@type\":\"SearchAction\",\"target\":{\"@type\":\"EntryPoint\",\"urlTemplate\":\"https:\/\/stagpartynight.com\/es\/?s={search_term_string}\"},\"query-input\":{\"@type\":\"PropertyValueSpecification\",\"valueRequired\":true,\"valueName\":\"search_term_string\"}}],\"inLanguage\":\"es\"},{\"@type\":\"Organization\",\"@id\":\"https:\/\/stagpartynight.com\/es\/#organization\",\"name\":\"Stag Party Night\",\"url\":\"https:\/\/stagpartynight.com\/es\/\",\"logo\":{\"@type\":\"ImageObject\",\"inLanguage\":\"es\",\"@id\":\"https:\/\/stagpartynight.com\/es\/#\/schema\/logo\/image\/\",\"url\":\"https:\/\/stagpartynight.com\/es\/wp-content\/uploads\/sites\/2\/2019\/12\/stagpartynight-e1578565505687.png\",\"contentUrl\":\"https:\/\/stagpartynight.com\/es\/wp-content\/uploads\/sites\/2\/2019\/12\/stagpartynight-e1578565505687.png\",\"width\":400,\"height\":400,\"caption\":\"Stag Party Night\"},\"image\":{\"@id\":\"https:\/\/stagpartynight.com\/es\/#\/schema\/logo\/image\/\"}}]}<\/script>\n<!-- \/ Yoast SEO plugin. -->","yoast_head_json":{"title":"Alojamiento Madrid - Hoteles - Apartamantos - Villas","description":"Alojamiento Madrid - Descubra la oferta de apartamentos tur\u00edsticos, hoteles y villas en Madrid. Nos adaptamos a sus necesidades.","robots":{"index":"index","follow":"follow","max-snippet":"max-snippet:-1","max-image-preview":"max-image-preview:large","max-video-preview":"max-video-preview:-1"},"canonical":"https:\/\/stagpartynight.com\/es\/product\/alojamiento-madrid\/","og_locale":"es_ES","og_type":"article","og_title":"Alojamiento Madrid - Hoteles - Apartamantos - Villas","og_description":"Alojamiento Madrid - Descubra la oferta de apartamentos tur\u00edsticos, hoteles y villas en Madrid. Nos adaptamos a sus necesidades.","og_url":"https:\/\/stagpartynight.com\/es\/product\/alojamiento-madrid\/","og_site_name":"Despedida de Soltero","article_modified_time":"2022-12-22T14:24:09+00:00","og_image":[{"width":1030,"height":600,"url":"https:\/\/stagpartynight.com\/es\/wp-content\/uploads\/sites\/2\/2020\/01\/Accommodation-Madrid.jpg","type":"image\/jpeg"}],"twitter_card":"summary_large_image","twitter_misc":{"Tiempo de lectura":"1 minuto"},"schema":{"@context":"https:\/\/schema.org","@graph":[{"@type":"WebPage","@id":"https:\/\/stagpartynight.com\/es\/product\/alojamiento-madrid\/","url":"https:\/\/stagpartynight.com\/es\/product\/alojamiento-madrid\/","name":"Alojamiento Madrid - Hoteles - Apartamantos - Villas","isPartOf":{"@id":"https:\/\/stagpartynight.com\/es\/#website"},"primaryImageOfPage":{"@id":"https:\/\/stagpartynight.com\/es\/product\/alojamiento-madrid\/#primaryimage"},"image":{"@id":"https:\/\/stagpartynight.com\/es\/product\/alojamiento-madrid\/#primaryimage"},"thumbnailUrl":"https:\/\/stagpartynight.com\/es\/wp-content\/uploads\/sites\/2\/2020\/01\/Accommodation-Madrid.jpg","datePublished":"2020-01-08T17:20:24+00:00","dateModified":"2022-12-22T14:24:09+00:00","description":"Alojamiento Madrid - Descubra la oferta de apartamentos tur\u00edsticos, hoteles y villas en Madrid. Nos adaptamos a sus necesidades.","breadcrumb":{"@id":"https:\/\/stagpartynight.com\/es\/product\/alojamiento-madrid\/#breadcrumb"},"inLanguage":"es","potentialAction":[{"@type":"ReadAction","target":["https:\/\/stagpartynight.com\/es\/product\/alojamiento-madrid\/"]}]},{"@type":"ImageObject","inLanguage":"es","@id":"https:\/\/stagpartynight.com\/es\/product\/alojamiento-madrid\/#primaryimage","url":"https:\/\/stagpartynight.com\/es\/wp-content\/uploads\/sites\/2\/2020\/01\/Accommodation-Madrid.jpg","contentUrl":"https:\/\/stagpartynight.com\/es\/wp-content\/uploads\/sites\/2\/2020\/01\/Accommodation-Madrid.jpg","width":1030,"height":600},{"@type":"BreadcrumbList","@id":"https:\/\/stagpartynight.com\/es\/product\/alojamiento-madrid\/#breadcrumb","itemListElement":[{"@type":"ListItem","position":1,"name":"Home","item":"https:\/\/stagpartynight.com\/es\/"},{"@type":"ListItem","position":2,"name":"Tienda","item":"https:\/\/stagpartynight.com\/es\/tienda\/"},{"@type":"ListItem","position":3,"name":"Alojamiento Madrid"}]},{"@type":"WebSite","@id":"https:\/\/stagpartynight.com\/es\/#website","url":"https:\/\/stagpartynight.com\/es\/","name":"Stag Party Night","description":"Your Stag Party Customized","publisher":{"@id":"https:\/\/stagpartynight.com\/es\/#organization"},"potentialAction":[{"@type":"SearchAction","target":{"@type":"EntryPoint","urlTemplate":"https:\/\/stagpartynight.com\/es\/?s={search_term_string}"},"query-input":{"@type":"PropertyValueSpecification","valueRequired":true,"valueName":"search_term_string"}}],"inLanguage":"es"},{"@type":"Organization","@id":"https:\/\/stagpartynight.com\/es\/#organization","name":"Stag Party Night","url":"https:\/\/stagpartynight.com\/es\/","logo":{"@type":"ImageObject","inLanguage":"es","@id":"https:\/\/stagpartynight.com\/es\/#\/schema\/logo\/image\/","url":"https:\/\/stagpartynight.com\/es\/wp-content\/uploads\/sites\/2\/2019\/12\/stagpartynight-e1578565505687.png","contentUrl":"https:\/\/stagpartynight.com\/es\/wp-content\/uploads\/sites\/2\/2019\/12\/stagpartynight-e1578565505687.png","width":400,"height":400,"caption":"Stag Party Night"},"image":{"@id":"https:\/\/stagpartynight.com\/es\/#\/schema\/logo\/image\/"}}]}},"_links":{"self":[{"href":"https:\/\/stagpartynight.com\/es\/wp-json\/wp\/v2\/product\/340","targetHints":{"allow":["GET"]}}],"collection":[{"href":"https:\/\/stagpartynight.com\/es\/wp-json\/wp\/v2\/product"}],"about":[{"href":"https:\/\/stagpartynight.com\/es\/wp-json\/wp\/v2\/types\/product"}],"replies":[{"embeddable":true,"href":"https:\/\/stagpartynight.com\/es\/wp-json\/wp\/v2\/comments?post=340"}],"wp:featuredmedia":[{"embeddable":true,"href":"https:\/\/stagpartynight.com\/es\/wp-json\/wp\/v2\/media\/341"}],"wp:attachment":[{"href":"https:\/\/stagpartynight.com\/es\/wp-json\/wp\/v2\/media?parent=340"}],"wp:term":[{"taxonomy":"product_brand","embeddable":true,"href":"https:\/\/stagpartynight.com\/es\/wp-json\/wp\/v2\/product_brand?post=340"},{"taxonomy":"product_cat","embeddable":true,"href":"https:\/\/stagpartynight.com\/es\/wp-json\/wp\/v2\/product_cat?post=340"},{"taxonomy":"product_tag","embeddable":true,"href":"https:\/\/stagpartynight.com\/es\/wp-json\/wp\/v2\/product_tag?post=340"}],"curies":[{"name":"wp","href":"https:\/\/api.w.org\/{rel}","templated":true}]}}