{"id":3407,"date":"2020-01-08T17:58:11","date_gmt":"2020-01-08T16:58:11","guid":{"rendered":"https:\/\/stagpartynight.com\/fr\/?post_type=product&amp;p=324"},"modified":"2020-01-08T17:58:11","modified_gmt":"2020-01-08T16:58:11","slug":"handcuffed-dwarf-madrid-2","status":"publish","type":"product","link":"https:\/\/stagpartynight.com\/es\/product\/handcuffed-dwarf-madrid-2\/","title":{"rendered":"Nain \u00e0 Madrid"},"content":{"rendered":"<p>Animation dans laquelle un nain met des menottes au mari\u00e9. Ils se prom\u00e8nent dans la ville avec tout le groupe.<\/p>\n","protected":false},"excerpt":{"rendered":"<p>Animation dans laquelle un nain met des menottes au mari\u00e9. Ils se prom\u00e8nent dans la ville avec tout le groupe.<\/p>\n","protected":false},"featured_media":1762,"comment_status":"open","ping_status":"closed","template":"","meta":{"_et_pb_use_builder":"","_et_pb_old_content":"","_et_gb_content_width":""},"product_brand":[],"product_cat":[180],"product_tag":[1129,1130,1131,1132],"class_list":{"0":"post-3407","1":"product","2":"type-product","3":"status-publish","4":"has-post-thumbnail","6":"product_cat-madrid","7":"product_tag-animation-de-nains-a-madrid","8":"product_tag-miniboys","9":"product_tag-miniboys-a-madrid","10":"product_tag-nain-a-madrid","12":"first","13":"instock","14":"virtual","15":"product-type-simple"},"yoast_head":"<!-- This site is optimized with the Yoast SEO plugin v26.4 - https:\/\/yoast.com\/wordpress\/plugins\/seo\/ -->\n<title>Nain \u00e0 Madrid - Animation de nains \u00e0 Madrid - Miniboys<\/title>\n<meta name=\"description\" content=\"Nain \u00e0 Madrid - Animation dans laquelle un nain met des menottes au mari\u00e9. Ils se prom\u00e8nent dans la ville avec tout le groupe - Miniboys\" \/>\n<meta name=\"robots\" content=\"index, follow, max-snippet:-1, max-image-preview:large, max-video-preview:-1\" \/>\n<link rel=\"canonical\" href=\"https:\/\/stagpartynight.com\/es\/product\/handcuffed-dwarf-madrid-2\/\" \/>\n<meta property=\"og:locale\" content=\"es_ES\" \/>\n<meta property=\"og:type\" content=\"article\" \/>\n<meta property=\"og:title\" content=\"Nain \u00e0 Madrid - Animation de nains \u00e0 Madrid - Miniboys\" \/>\n<meta property=\"og:description\" content=\"Nain \u00e0 Madrid - Animation dans laquelle un nain met des menottes au mari\u00e9. Ils se prom\u00e8nent dans la ville avec tout le groupe - Miniboys\" \/>\n<meta property=\"og:url\" content=\"https:\/\/stagpartynight.com\/es\/product\/handcuffed-dwarf-madrid-2\/\" \/>\n<meta property=\"og:site_name\" content=\"Despedida de Soltero\" \/>\n<meta name=\"twitter:card\" content=\"summary_large_image\" \/>\n<script type=\"application\/ld+json\" class=\"yoast-schema-graph\">{\"@context\":\"https:\/\/schema.org\",\"@graph\":[{\"@type\":\"WebPage\",\"@id\":\"https:\/\/stagpartynight.com\/es\/product\/handcuffed-dwarf-madrid-2\/\",\"url\":\"https:\/\/stagpartynight.com\/es\/product\/handcuffed-dwarf-madrid-2\/\",\"name\":\"Nain \u00e0 Madrid - Animation de nains \u00e0 Madrid - Miniboys\",\"isPartOf\":{\"@id\":\"https:\/\/stagpartynight.com\/es\/#website\"},\"primaryImageOfPage\":{\"@id\":\"https:\/\/stagpartynight.com\/es\/product\/handcuffed-dwarf-madrid-2\/#primaryimage\"},\"image\":{\"@id\":\"https:\/\/stagpartynight.com\/es\/product\/handcuffed-dwarf-madrid-2\/#primaryimage\"},\"thumbnailUrl\":\"\",\"datePublished\":\"2020-01-08T16:58:11+00:00\",\"description\":\"Nain \u00e0 Madrid - Animation dans laquelle un nain met des menottes au mari\u00e9. Ils se prom\u00e8nent dans la ville avec tout le groupe - Miniboys\",\"breadcrumb\":{\"@id\":\"https:\/\/stagpartynight.com\/es\/product\/handcuffed-dwarf-madrid-2\/#breadcrumb\"},\"inLanguage\":\"es\",\"potentialAction\":[{\"@type\":\"ReadAction\",\"target\":[\"https:\/\/stagpartynight.com\/es\/product\/handcuffed-dwarf-madrid-2\/\"]}]},{\"@type\":\"ImageObject\",\"inLanguage\":\"es\",\"@id\":\"https:\/\/stagpartynight.com\/es\/product\/handcuffed-dwarf-madrid-2\/#primaryimage\",\"url\":\"\",\"contentUrl\":\"\"},{\"@type\":\"BreadcrumbList\",\"@id\":\"https:\/\/stagpartynight.com\/es\/product\/handcuffed-dwarf-madrid-2\/#breadcrumb\",\"itemListElement\":[{\"@type\":\"ListItem\",\"position\":1,\"name\":\"Home\",\"item\":\"https:\/\/stagpartynight.com\/es\/\"},{\"@type\":\"ListItem\",\"position\":2,\"name\":\"Tienda\",\"item\":\"https:\/\/stagpartynight.com\/es\/tienda\/\"},{\"@type\":\"ListItem\",\"position\":3,\"name\":\"Nain \u00e0 Madrid\"}]},{\"@type\":\"WebSite\",\"@id\":\"https:\/\/stagpartynight.com\/es\/#website\",\"url\":\"https:\/\/stagpartynight.com\/es\/\",\"name\":\"Stag Party Night\",\"description\":\"Your Stag Party Customized\",\"publisher\":{\"@id\":\"https:\/\/stagpartynight.com\/es\/#organization\"},\"potentialAction\":[{\"@type\":\"SearchAction\",\"target\":{\"@type\":\"EntryPoint\",\"urlTemplate\":\"https:\/\/stagpartynight.com\/es\/?s={search_term_string}\"},\"query-input\":{\"@type\":\"PropertyValueSpecification\",\"valueRequired\":true,\"valueName\":\"search_term_string\"}}],\"inLanguage\":\"es\"},{\"@type\":\"Organization\",\"@id\":\"https:\/\/stagpartynight.com\/es\/#organization\",\"name\":\"Stag Party Night\",\"url\":\"https:\/\/stagpartynight.com\/es\/\",\"logo\":{\"@type\":\"ImageObject\",\"inLanguage\":\"es\",\"@id\":\"https:\/\/stagpartynight.com\/es\/#\/schema\/logo\/image\/\",\"url\":\"https:\/\/stagpartynight.com\/es\/wp-content\/uploads\/sites\/2\/2019\/12\/stagpartynight-e1578565505687.png\",\"contentUrl\":\"https:\/\/stagpartynight.com\/es\/wp-content\/uploads\/sites\/2\/2019\/12\/stagpartynight-e1578565505687.png\",\"width\":400,\"height\":400,\"caption\":\"Stag Party Night\"},\"image\":{\"@id\":\"https:\/\/stagpartynight.com\/es\/#\/schema\/logo\/image\/\"}}]}<\/script>\n<!-- \/ Yoast SEO plugin. -->","yoast_head_json":{"title":"Nain \u00e0 Madrid - Animation de nains \u00e0 Madrid - Miniboys","description":"Nain \u00e0 Madrid - Animation dans laquelle un nain met des menottes au mari\u00e9. Ils se prom\u00e8nent dans la ville avec tout le groupe - Miniboys","robots":{"index":"index","follow":"follow","max-snippet":"max-snippet:-1","max-image-preview":"max-image-preview:large","max-video-preview":"max-video-preview:-1"},"canonical":"https:\/\/stagpartynight.com\/es\/product\/handcuffed-dwarf-madrid-2\/","og_locale":"es_ES","og_type":"article","og_title":"Nain \u00e0 Madrid - Animation de nains \u00e0 Madrid - Miniboys","og_description":"Nain \u00e0 Madrid - Animation dans laquelle un nain met des menottes au mari\u00e9. Ils se prom\u00e8nent dans la ville avec tout le groupe - Miniboys","og_url":"https:\/\/stagpartynight.com\/es\/product\/handcuffed-dwarf-madrid-2\/","og_site_name":"Despedida de Soltero","twitter_card":"summary_large_image","schema":{"@context":"https:\/\/schema.org","@graph":[{"@type":"WebPage","@id":"https:\/\/stagpartynight.com\/es\/product\/handcuffed-dwarf-madrid-2\/","url":"https:\/\/stagpartynight.com\/es\/product\/handcuffed-dwarf-madrid-2\/","name":"Nain \u00e0 Madrid - Animation de nains \u00e0 Madrid - Miniboys","isPartOf":{"@id":"https:\/\/stagpartynight.com\/es\/#website"},"primaryImageOfPage":{"@id":"https:\/\/stagpartynight.com\/es\/product\/handcuffed-dwarf-madrid-2\/#primaryimage"},"image":{"@id":"https:\/\/stagpartynight.com\/es\/product\/handcuffed-dwarf-madrid-2\/#primaryimage"},"thumbnailUrl":"","datePublished":"2020-01-08T16:58:11+00:00","description":"Nain \u00e0 Madrid - Animation dans laquelle un nain met des menottes au mari\u00e9. Ils se prom\u00e8nent dans la ville avec tout le groupe - Miniboys","breadcrumb":{"@id":"https:\/\/stagpartynight.com\/es\/product\/handcuffed-dwarf-madrid-2\/#breadcrumb"},"inLanguage":"es","potentialAction":[{"@type":"ReadAction","target":["https:\/\/stagpartynight.com\/es\/product\/handcuffed-dwarf-madrid-2\/"]}]},{"@type":"ImageObject","inLanguage":"es","@id":"https:\/\/stagpartynight.com\/es\/product\/handcuffed-dwarf-madrid-2\/#primaryimage","url":"","contentUrl":""},{"@type":"BreadcrumbList","@id":"https:\/\/stagpartynight.com\/es\/product\/handcuffed-dwarf-madrid-2\/#breadcrumb","itemListElement":[{"@type":"ListItem","position":1,"name":"Home","item":"https:\/\/stagpartynight.com\/es\/"},{"@type":"ListItem","position":2,"name":"Tienda","item":"https:\/\/stagpartynight.com\/es\/tienda\/"},{"@type":"ListItem","position":3,"name":"Nain \u00e0 Madrid"}]},{"@type":"WebSite","@id":"https:\/\/stagpartynight.com\/es\/#website","url":"https:\/\/stagpartynight.com\/es\/","name":"Stag Party Night","description":"Your Stag Party Customized","publisher":{"@id":"https:\/\/stagpartynight.com\/es\/#organization"},"potentialAction":[{"@type":"SearchAction","target":{"@type":"EntryPoint","urlTemplate":"https:\/\/stagpartynight.com\/es\/?s={search_term_string}"},"query-input":{"@type":"PropertyValueSpecification","valueRequired":true,"valueName":"search_term_string"}}],"inLanguage":"es"},{"@type":"Organization","@id":"https:\/\/stagpartynight.com\/es\/#organization","name":"Stag Party Night","url":"https:\/\/stagpartynight.com\/es\/","logo":{"@type":"ImageObject","inLanguage":"es","@id":"https:\/\/stagpartynight.com\/es\/#\/schema\/logo\/image\/","url":"https:\/\/stagpartynight.com\/es\/wp-content\/uploads\/sites\/2\/2019\/12\/stagpartynight-e1578565505687.png","contentUrl":"https:\/\/stagpartynight.com\/es\/wp-content\/uploads\/sites\/2\/2019\/12\/stagpartynight-e1578565505687.png","width":400,"height":400,"caption":"Stag Party Night"},"image":{"@id":"https:\/\/stagpartynight.com\/es\/#\/schema\/logo\/image\/"}}]}},"_links":{"self":[{"href":"https:\/\/stagpartynight.com\/es\/wp-json\/wp\/v2\/product\/3407","targetHints":{"allow":["GET"]}}],"collection":[{"href":"https:\/\/stagpartynight.com\/es\/wp-json\/wp\/v2\/product"}],"about":[{"href":"https:\/\/stagpartynight.com\/es\/wp-json\/wp\/v2\/types\/product"}],"replies":[{"embeddable":true,"href":"https:\/\/stagpartynight.com\/es\/wp-json\/wp\/v2\/comments?post=3407"}],"wp:featuredmedia":[{"embeddable":true,"href":"https:\/\/stagpartynight.com\/es\/wp-json\/"}],"wp:attachment":[{"href":"https:\/\/stagpartynight.com\/es\/wp-json\/wp\/v2\/media?parent=3407"}],"wp:term":[{"taxonomy":"product_brand","embeddable":true,"href":"https:\/\/stagpartynight.com\/es\/wp-json\/wp\/v2\/product_brand?post=3407"},{"taxonomy":"product_cat","embeddable":true,"href":"https:\/\/stagpartynight.com\/es\/wp-json\/wp\/v2\/product_cat?post=3407"},{"taxonomy":"product_tag","embeddable":true,"href":"https:\/\/stagpartynight.com\/es\/wp-json\/wp\/v2\/product_tag?post=3407"}],"curies":[{"name":"wp","href":"https:\/\/api.w.org\/{rel}","templated":true}]}}