{"id":3420,"date":"2020-01-08T18:20:24","date_gmt":"2020-01-08T17:20:24","guid":{"rendered":"https:\/\/stagpartynight.com\/fr\/?post_type=product&amp;p=340"},"modified":"2020-01-08T18:20:24","modified_gmt":"2020-01-08T17:20:24","slug":"accommodation-madrid","status":"publish","type":"product","link":"https:\/\/stagpartynight.com\/es\/product\/accommodation-madrid\/","title":{"rendered":"H\u00e9bergement Madrid"},"content":{"rendered":"<p style=\"font-weight: 400\">Discover the offer of tourist apartments and hotels in Madrid. We adapt to your needs. The price varies according to the time of year.<\/p>\n","protected":false},"excerpt":{"rendered":"<p>Discover the offer of tourist apartments and hotels in Madrid. We adapt to your needs. The price varies according to the time of year.<\/p>\n","protected":false},"featured_media":341,"comment_status":"open","ping_status":"closed","template":"","meta":{"_et_pb_use_builder":"","_et_pb_old_content":"","_et_gb_content_width":""},"product_brand":[],"product_cat":[180],"product_tag":[198,1060,1150,1151],"class_list":{"0":"post-3420","1":"product","2":"type-product","3":"status-publish","4":"has-post-thumbnail","6":"product_cat-madrid","7":"product_tag-accommodation-madrid","8":"product_tag-appartements-touristiques","9":"product_tag-hebergement-madrid","10":"product_tag-hotels-a-madrid","12":"first","13":"instock","14":"virtual","15":"product-type-simple"},"yoast_head":"<!-- This site is optimized with the Yoast SEO plugin v26.4 - https:\/\/yoast.com\/wordpress\/plugins\/seo\/ -->\n<title>H\u00f4tels \u00e0 Madrid - Appartements Touristiques - H\u00e9bergement Madrid<\/title>\n<meta name=\"description\" content=\"D\u00e9couvrez l&#039;offre d&#039;appartements et d&#039;h\u00f4tels touristiques \u00e0 Madrid. Nous nous adaptons \u00e0 vos besoins - H\u00e9bergement Madrid - H\u00f4tels \u00e0 Madrid\" \/>\n<meta name=\"robots\" content=\"index, follow, max-snippet:-1, max-image-preview:large, max-video-preview:-1\" \/>\n<link rel=\"canonical\" href=\"https:\/\/stagpartynight.com\/es\/product\/accommodation-madrid\/\" \/>\n<meta property=\"og:locale\" content=\"es_ES\" \/>\n<meta property=\"og:type\" content=\"article\" \/>\n<meta property=\"og:title\" content=\"H\u00f4tels \u00e0 Madrid - Appartements Touristiques - H\u00e9bergement Madrid\" \/>\n<meta property=\"og:description\" content=\"D\u00e9couvrez l&#039;offre d&#039;appartements et d&#039;h\u00f4tels touristiques \u00e0 Madrid. Nous nous adaptons \u00e0 vos besoins - H\u00e9bergement Madrid - H\u00f4tels \u00e0 Madrid\" \/>\n<meta property=\"og:url\" content=\"https:\/\/stagpartynight.com\/es\/product\/accommodation-madrid\/\" \/>\n<meta property=\"og:site_name\" content=\"Despedida de Soltero\" \/>\n<meta property=\"og:image\" content=\"https:\/\/stagpartynight.com\/es\/wp-content\/uploads\/sites\/2\/2020\/01\/Accommodation-Madrid.jpg\" \/>\n\t<meta property=\"og:image:width\" content=\"1030\" \/>\n\t<meta property=\"og:image:height\" content=\"600\" \/>\n\t<meta property=\"og:image:type\" content=\"image\/jpeg\" \/>\n<meta name=\"twitter:card\" content=\"summary_large_image\" \/>\n<script type=\"application\/ld+json\" class=\"yoast-schema-graph\">{\"@context\":\"https:\/\/schema.org\",\"@graph\":[{\"@type\":\"WebPage\",\"@id\":\"https:\/\/stagpartynight.com\/es\/product\/accommodation-madrid\/\",\"url\":\"https:\/\/stagpartynight.com\/es\/product\/accommodation-madrid\/\",\"name\":\"H\u00f4tels \u00e0 Madrid - Appartements Touristiques - H\u00e9bergement Madrid\",\"isPartOf\":{\"@id\":\"https:\/\/stagpartynight.com\/es\/#website\"},\"primaryImageOfPage\":{\"@id\":\"https:\/\/stagpartynight.com\/es\/product\/accommodation-madrid\/#primaryimage\"},\"image\":{\"@id\":\"https:\/\/stagpartynight.com\/es\/product\/accommodation-madrid\/#primaryimage\"},\"thumbnailUrl\":\"https:\/\/stagpartynight.com\/es\/wp-content\/uploads\/sites\/2\/2020\/01\/Accommodation-Madrid.jpg\",\"datePublished\":\"2020-01-08T17:20:24+00:00\",\"description\":\"D\u00e9couvrez l'offre d'appartements et d'h\u00f4tels touristiques \u00e0 Madrid. Nous nous adaptons \u00e0 vos besoins - H\u00e9bergement Madrid - H\u00f4tels \u00e0 Madrid\",\"breadcrumb\":{\"@id\":\"https:\/\/stagpartynight.com\/es\/product\/accommodation-madrid\/#breadcrumb\"},\"inLanguage\":\"es\",\"potentialAction\":[{\"@type\":\"ReadAction\",\"target\":[\"https:\/\/stagpartynight.com\/es\/product\/accommodation-madrid\/\"]}]},{\"@type\":\"ImageObject\",\"inLanguage\":\"es\",\"@id\":\"https:\/\/stagpartynight.com\/es\/product\/accommodation-madrid\/#primaryimage\",\"url\":\"https:\/\/stagpartynight.com\/es\/wp-content\/uploads\/sites\/2\/2020\/01\/Accommodation-Madrid.jpg\",\"contentUrl\":\"https:\/\/stagpartynight.com\/es\/wp-content\/uploads\/sites\/2\/2020\/01\/Accommodation-Madrid.jpg\",\"width\":1030,\"height\":600},{\"@type\":\"BreadcrumbList\",\"@id\":\"https:\/\/stagpartynight.com\/es\/product\/accommodation-madrid\/#breadcrumb\",\"itemListElement\":[{\"@type\":\"ListItem\",\"position\":1,\"name\":\"Home\",\"item\":\"https:\/\/stagpartynight.com\/es\/\"},{\"@type\":\"ListItem\",\"position\":2,\"name\":\"Tienda\",\"item\":\"https:\/\/stagpartynight.com\/es\/tienda\/\"},{\"@type\":\"ListItem\",\"position\":3,\"name\":\"H\u00e9bergement Madrid\"}]},{\"@type\":\"WebSite\",\"@id\":\"https:\/\/stagpartynight.com\/es\/#website\",\"url\":\"https:\/\/stagpartynight.com\/es\/\",\"name\":\"Stag Party Night\",\"description\":\"Your Stag Party Customized\",\"publisher\":{\"@id\":\"https:\/\/stagpartynight.com\/es\/#organization\"},\"potentialAction\":[{\"@type\":\"SearchAction\",\"target\":{\"@type\":\"EntryPoint\",\"urlTemplate\":\"https:\/\/stagpartynight.com\/es\/?s={search_term_string}\"},\"query-input\":{\"@type\":\"PropertyValueSpecification\",\"valueRequired\":true,\"valueName\":\"search_term_string\"}}],\"inLanguage\":\"es\"},{\"@type\":\"Organization\",\"@id\":\"https:\/\/stagpartynight.com\/es\/#organization\",\"name\":\"Stag Party Night\",\"url\":\"https:\/\/stagpartynight.com\/es\/\",\"logo\":{\"@type\":\"ImageObject\",\"inLanguage\":\"es\",\"@id\":\"https:\/\/stagpartynight.com\/es\/#\/schema\/logo\/image\/\",\"url\":\"https:\/\/stagpartynight.com\/es\/wp-content\/uploads\/sites\/2\/2019\/12\/stagpartynight-e1578565505687.png\",\"contentUrl\":\"https:\/\/stagpartynight.com\/es\/wp-content\/uploads\/sites\/2\/2019\/12\/stagpartynight-e1578565505687.png\",\"width\":400,\"height\":400,\"caption\":\"Stag Party Night\"},\"image\":{\"@id\":\"https:\/\/stagpartynight.com\/es\/#\/schema\/logo\/image\/\"}}]}<\/script>\n<!-- \/ Yoast SEO plugin. -->","yoast_head_json":{"title":"H\u00f4tels \u00e0 Madrid - Appartements Touristiques - H\u00e9bergement Madrid","description":"D\u00e9couvrez l'offre d'appartements et d'h\u00f4tels touristiques \u00e0 Madrid. Nous nous adaptons \u00e0 vos besoins - H\u00e9bergement Madrid - H\u00f4tels \u00e0 Madrid","robots":{"index":"index","follow":"follow","max-snippet":"max-snippet:-1","max-image-preview":"max-image-preview:large","max-video-preview":"max-video-preview:-1"},"canonical":"https:\/\/stagpartynight.com\/es\/product\/accommodation-madrid\/","og_locale":"es_ES","og_type":"article","og_title":"H\u00f4tels \u00e0 Madrid - Appartements Touristiques - H\u00e9bergement Madrid","og_description":"D\u00e9couvrez l'offre d'appartements et d'h\u00f4tels touristiques \u00e0 Madrid. Nous nous adaptons \u00e0 vos besoins - H\u00e9bergement Madrid - H\u00f4tels \u00e0 Madrid","og_url":"https:\/\/stagpartynight.com\/es\/product\/accommodation-madrid\/","og_site_name":"Despedida de Soltero","og_image":[{"width":1030,"height":600,"url":"https:\/\/stagpartynight.com\/es\/wp-content\/uploads\/sites\/2\/2020\/01\/Accommodation-Madrid.jpg","type":"image\/jpeg"}],"twitter_card":"summary_large_image","schema":{"@context":"https:\/\/schema.org","@graph":[{"@type":"WebPage","@id":"https:\/\/stagpartynight.com\/es\/product\/accommodation-madrid\/","url":"https:\/\/stagpartynight.com\/es\/product\/accommodation-madrid\/","name":"H\u00f4tels \u00e0 Madrid - Appartements Touristiques - H\u00e9bergement Madrid","isPartOf":{"@id":"https:\/\/stagpartynight.com\/es\/#website"},"primaryImageOfPage":{"@id":"https:\/\/stagpartynight.com\/es\/product\/accommodation-madrid\/#primaryimage"},"image":{"@id":"https:\/\/stagpartynight.com\/es\/product\/accommodation-madrid\/#primaryimage"},"thumbnailUrl":"https:\/\/stagpartynight.com\/es\/wp-content\/uploads\/sites\/2\/2020\/01\/Accommodation-Madrid.jpg","datePublished":"2020-01-08T17:20:24+00:00","description":"D\u00e9couvrez l'offre d'appartements et d'h\u00f4tels touristiques \u00e0 Madrid. Nous nous adaptons \u00e0 vos besoins - H\u00e9bergement Madrid - H\u00f4tels \u00e0 Madrid","breadcrumb":{"@id":"https:\/\/stagpartynight.com\/es\/product\/accommodation-madrid\/#breadcrumb"},"inLanguage":"es","potentialAction":[{"@type":"ReadAction","target":["https:\/\/stagpartynight.com\/es\/product\/accommodation-madrid\/"]}]},{"@type":"ImageObject","inLanguage":"es","@id":"https:\/\/stagpartynight.com\/es\/product\/accommodation-madrid\/#primaryimage","url":"https:\/\/stagpartynight.com\/es\/wp-content\/uploads\/sites\/2\/2020\/01\/Accommodation-Madrid.jpg","contentUrl":"https:\/\/stagpartynight.com\/es\/wp-content\/uploads\/sites\/2\/2020\/01\/Accommodation-Madrid.jpg","width":1030,"height":600},{"@type":"BreadcrumbList","@id":"https:\/\/stagpartynight.com\/es\/product\/accommodation-madrid\/#breadcrumb","itemListElement":[{"@type":"ListItem","position":1,"name":"Home","item":"https:\/\/stagpartynight.com\/es\/"},{"@type":"ListItem","position":2,"name":"Tienda","item":"https:\/\/stagpartynight.com\/es\/tienda\/"},{"@type":"ListItem","position":3,"name":"H\u00e9bergement Madrid"}]},{"@type":"WebSite","@id":"https:\/\/stagpartynight.com\/es\/#website","url":"https:\/\/stagpartynight.com\/es\/","name":"Stag Party Night","description":"Your Stag Party Customized","publisher":{"@id":"https:\/\/stagpartynight.com\/es\/#organization"},"potentialAction":[{"@type":"SearchAction","target":{"@type":"EntryPoint","urlTemplate":"https:\/\/stagpartynight.com\/es\/?s={search_term_string}"},"query-input":{"@type":"PropertyValueSpecification","valueRequired":true,"valueName":"search_term_string"}}],"inLanguage":"es"},{"@type":"Organization","@id":"https:\/\/stagpartynight.com\/es\/#organization","name":"Stag Party Night","url":"https:\/\/stagpartynight.com\/es\/","logo":{"@type":"ImageObject","inLanguage":"es","@id":"https:\/\/stagpartynight.com\/es\/#\/schema\/logo\/image\/","url":"https:\/\/stagpartynight.com\/es\/wp-content\/uploads\/sites\/2\/2019\/12\/stagpartynight-e1578565505687.png","contentUrl":"https:\/\/stagpartynight.com\/es\/wp-content\/uploads\/sites\/2\/2019\/12\/stagpartynight-e1578565505687.png","width":400,"height":400,"caption":"Stag Party Night"},"image":{"@id":"https:\/\/stagpartynight.com\/es\/#\/schema\/logo\/image\/"}}]}},"_links":{"self":[{"href":"https:\/\/stagpartynight.com\/es\/wp-json\/wp\/v2\/product\/3420","targetHints":{"allow":["GET"]}}],"collection":[{"href":"https:\/\/stagpartynight.com\/es\/wp-json\/wp\/v2\/product"}],"about":[{"href":"https:\/\/stagpartynight.com\/es\/wp-json\/wp\/v2\/types\/product"}],"replies":[{"embeddable":true,"href":"https:\/\/stagpartynight.com\/es\/wp-json\/wp\/v2\/comments?post=3420"}],"wp:featuredmedia":[{"embeddable":true,"href":"https:\/\/stagpartynight.com\/es\/wp-json\/wp\/v2\/media\/341"}],"wp:attachment":[{"href":"https:\/\/stagpartynight.com\/es\/wp-json\/wp\/v2\/media?parent=3420"}],"wp:term":[{"taxonomy":"product_brand","embeddable":true,"href":"https:\/\/stagpartynight.com\/es\/wp-json\/wp\/v2\/product_brand?post=3420"},{"taxonomy":"product_cat","embeddable":true,"href":"https:\/\/stagpartynight.com\/es\/wp-json\/wp\/v2\/product_cat?post=3420"},{"taxonomy":"product_tag","embeddable":true,"href":"https:\/\/stagpartynight.com\/es\/wp-json\/wp\/v2\/product_tag?post=3420"}],"curies":[{"name":"wp","href":"https:\/\/api.w.org\/{rel}","templated":true}]}}