{"id":3432,"date":"2021-02-05T11:23:22","date_gmt":"2021-02-05T10:23:22","guid":{"rendered":"https:\/\/stagpartynight.com\/fr\/?post_type=product&#038;p=1978"},"modified":"2024-01-18T12:33:19","modified_gmt":"2024-01-18T11:33:19","slug":"striper-mujer-mallorca","status":"publish","type":"product","link":"https:\/\/stagpartynight.com\/es\/product\/striper-mujer-mallorca\/","title":{"rendered":"Striper Mujer Mallorca"},"content":{"rendered":"<div>Striper Mujer Mallorca. Chica Stripper Mallorca. Striptease privado. Participa con tu grupo en un evento er\u00f3tico y sensual. Posibilidad de actuar en piso, pub, restaurante con sala privada o limusina.<\/div>\n<div><\/div>\n<div>\u00a1Las mejores despedidas de soltero con <a href=\"https:\/\/stagpartynight.com\/\">StagParty<\/a>!<\/div>\n<h2 style=\"text-align: center;\">Striper Mujer Mallorca\ud83d\udd25<\/h2>\n<div><\/div>\n<h4>Vive la sensualidad y la diversi\u00f3n: \u00a1un show er\u00f3tico de quince minutos! \ud83c\udfb6<\/h4>\n<div><\/div>\n<div>Reserva un momento de puro erotismo y placer con nuestro exclusivo espect\u00e1culo de baile sensual de quince minutos. Una bailarina profesional actuar\u00e1 en exclusiva para ti, aportando un toque de sensualidad y diversi\u00f3n donde desees, acompa\u00f1ada de su m\u00fasica elegida para la ocasi\u00f3n.<\/div>\n<div><\/div>\n<div>\ud83c\udf1f Un espect\u00e1culo sensual del m\u00e1s alto nivel:<\/div>\n<div><\/div>\n<div>Disfruta de quince intensos minutos de puro entretenimiento sensual mientras una experimentada bailarina entretiene y encanta con su talento y gracia. Cada movimiento es un arte, cada paso una invitaci\u00f3n a la pasi\u00f3n y el placer.<\/div>\n<div><\/div>\n<div>\ud83c\udfb6 Tu m\u00fasica, su ritmo :<\/div>\n<div><\/div>\n<div>Deja que la bailarina aporte su encanto y energ\u00eda actuando al ritmo de tu m\u00fasica favorita. Puedes personalizar la experiencia eligiendo la banda sonora perfecta para acompa\u00f1ar su actuaci\u00f3n, haciendo que cada momento sea a\u00fan m\u00e1s especial.<\/div>\n<div>\n<div><\/div>\n<div>\ud83d\udc83 Una experiencia a tu medida:<\/div>\n<div><\/div>\n<div>Este espect\u00e1culo gira en torno a ti. La bailarina se mover\u00e1 donde t\u00fa quieras, garantiz\u00e1ndote una experiencia personalizada y \u00fanica. Ya sea en un ambiente \u00edntimo en casa o en un lugar especial, prep\u00e1rate para ser la estrella de un espect\u00e1culo inolvidable.<\/div>\n<div><\/div>\n<div>\ud83d\udd25 Un espect\u00e1culo que deja huella:<\/div>\n<div><\/div>\n<div>La atm\u00f3sfera sensual y el arte de la bailarina crean una experiencia que va m\u00e1s all\u00e1 del entretenimiento tradicional. Cada movimiento est\u00e1 dise\u00f1ado para evocar emociones, creando un v\u00ednculo \u00fanico entre espectador e int\u00e9rprete.<\/div>\n<div><\/div>\n<div>\ud83d\udcf8 Momentos para inmortalizar:<\/div>\n<div><\/div>\n<div>Capta la esencia de la experiencia con la oportunidad de inmortalizar los momentos m\u00e1s memorables. Haz fotos para recordar este espect\u00e1culo \u00fanico y guardar recuerdos imborrables.<\/div>\n<div><\/div>\n<div>\ud83c\udf89 Reserva ya tu espect\u00e1culo de baile sensual:<\/div>\n<div><\/div>\n<div style=\"text-align: center;\">Si quieres una experiencia de entretenimiento sensual y personalizada, reserva ya tu espect\u00e1culo de baile de quince minutos. D\u00e9jate transportar a un mundo de sensualidad, arte y placer, \u00a1donde la estrella eres t\u00fa! \ud83d\udc8b\ud83d\udcab #BaileSensual #PalmadeMallorca#<a href=\"https:\/\/es.wikipedia.org\/wiki\/Mallorca\">Mallorca<\/a><\/div>\n<\/div>\n","protected":false},"excerpt":{"rendered":"<p>Strip-tease priv\u00e9. Participez avec votre groupe \u00e0 un \u00e9v\u00e9nement \u00e9rotique et sensuel. Possibilit\u00e9 de se produire dans un appartement, un pub, un restaurant avec salle priv\u00e9e ou une limousine.<\/p>\n","protected":false},"featured_media":3624,"comment_status":"open","ping_status":"closed","template":"","meta":{"_et_pb_use_builder":"","_et_pb_old_content":"","_et_gb_content_width":""},"product_brand":[],"product_cat":[342],"product_tag":[1324,1323],"class_list":{"0":"post-3432","1":"product","2":"type-product","3":"status-publish","4":"has-post-thumbnail","6":"product_cat-mallorca","7":"product_tag-chicas-mallorca","8":"product_tag-striper-mujer-mallorca","10":"first","11":"instock","12":"virtual","13":"product-type-simple"},"yoast_head":"<!-- This site is optimized with the Yoast SEO plugin v26.4 - https:\/\/yoast.com\/wordpress\/plugins\/seo\/ -->\n<title>Striper Mujer Mallorca<\/title>\n<meta name=\"description\" content=\"Striper Mujer Mallorca. Striptease privado. Participa con tu grupo en un evento er\u00f3tico y sensual. Posibilidad de actuar en piso, sala privada o limusina\" \/>\n<meta name=\"robots\" content=\"index, follow, max-snippet:-1, max-image-preview:large, max-video-preview:-1\" \/>\n<link rel=\"canonical\" href=\"https:\/\/stagpartynight.com\/es\/product\/striper-mujer-mallorca\/\" \/>\n<meta property=\"og:locale\" content=\"es_ES\" \/>\n<meta property=\"og:type\" content=\"article\" \/>\n<meta property=\"og:title\" content=\"Striper Mujer Mallorca\" \/>\n<meta property=\"og:description\" content=\"Striper Mujer Mallorca. Striptease privado. Participa con tu grupo en un evento er\u00f3tico y sensual. Posibilidad de actuar en piso, sala privada o limusina\" \/>\n<meta property=\"og:url\" content=\"https:\/\/stagpartynight.com\/es\/product\/striper-mujer-mallorca\/\" \/>\n<meta property=\"og:site_name\" content=\"Despedida de Soltero\" \/>\n<meta property=\"article:modified_time\" content=\"2024-01-18T11:33:19+00:00\" \/>\n<meta property=\"og:image\" content=\"https:\/\/stagpartynight.com\/es\/wp-content\/uploads\/sites\/2\/2024\/01\/Girls-5.jpeg\" \/>\n\t<meta property=\"og:image:width\" content=\"738\" \/>\n\t<meta property=\"og:image:height\" content=\"1070\" \/>\n\t<meta property=\"og:image:type\" content=\"image\/jpeg\" \/>\n<meta name=\"twitter:card\" content=\"summary_large_image\" \/>\n<meta name=\"twitter:label1\" content=\"Tiempo de lectura\" \/>\n\t<meta name=\"twitter:data1\" content=\"2 minutos\" \/>\n<script type=\"application\/ld+json\" class=\"yoast-schema-graph\">{\"@context\":\"https:\/\/schema.org\",\"@graph\":[{\"@type\":\"WebPage\",\"@id\":\"https:\/\/stagpartynight.com\/es\/product\/striper-mujer-mallorca\/\",\"url\":\"https:\/\/stagpartynight.com\/es\/product\/striper-mujer-mallorca\/\",\"name\":\"Striper Mujer Mallorca\",\"isPartOf\":{\"@id\":\"https:\/\/stagpartynight.com\/es\/#website\"},\"primaryImageOfPage\":{\"@id\":\"https:\/\/stagpartynight.com\/es\/product\/striper-mujer-mallorca\/#primaryimage\"},\"image\":{\"@id\":\"https:\/\/stagpartynight.com\/es\/product\/striper-mujer-mallorca\/#primaryimage\"},\"thumbnailUrl\":\"https:\/\/stagpartynight.com\/es\/wp-content\/uploads\/sites\/2\/2024\/01\/Girls-5.jpeg\",\"datePublished\":\"2021-02-05T10:23:22+00:00\",\"dateModified\":\"2024-01-18T11:33:19+00:00\",\"description\":\"Striper Mujer Mallorca. Striptease privado. Participa con tu grupo en un evento er\u00f3tico y sensual. Posibilidad de actuar en piso, sala privada o limusina\",\"breadcrumb\":{\"@id\":\"https:\/\/stagpartynight.com\/es\/product\/striper-mujer-mallorca\/#breadcrumb\"},\"inLanguage\":\"es\",\"potentialAction\":[{\"@type\":\"ReadAction\",\"target\":[\"https:\/\/stagpartynight.com\/es\/product\/striper-mujer-mallorca\/\"]}]},{\"@type\":\"ImageObject\",\"inLanguage\":\"es\",\"@id\":\"https:\/\/stagpartynight.com\/es\/product\/striper-mujer-mallorca\/#primaryimage\",\"url\":\"https:\/\/stagpartynight.com\/es\/wp-content\/uploads\/sites\/2\/2024\/01\/Girls-5.jpeg\",\"contentUrl\":\"https:\/\/stagpartynight.com\/es\/wp-content\/uploads\/sites\/2\/2024\/01\/Girls-5.jpeg\",\"width\":738,\"height\":1070,\"caption\":\"Striper Mujer Mallorca\"},{\"@type\":\"BreadcrumbList\",\"@id\":\"https:\/\/stagpartynight.com\/es\/product\/striper-mujer-mallorca\/#breadcrumb\",\"itemListElement\":[{\"@type\":\"ListItem\",\"position\":1,\"name\":\"Home\",\"item\":\"https:\/\/stagpartynight.com\/es\/\"},{\"@type\":\"ListItem\",\"position\":2,\"name\":\"Tienda\",\"item\":\"https:\/\/stagpartynight.com\/es\/tienda\/\"},{\"@type\":\"ListItem\",\"position\":3,\"name\":\"Striper Mujer Mallorca\"}]},{\"@type\":\"WebSite\",\"@id\":\"https:\/\/stagpartynight.com\/es\/#website\",\"url\":\"https:\/\/stagpartynight.com\/es\/\",\"name\":\"Stag Party Night\",\"description\":\"Your Stag Party Customized\",\"publisher\":{\"@id\":\"https:\/\/stagpartynight.com\/es\/#organization\"},\"potentialAction\":[{\"@type\":\"SearchAction\",\"target\":{\"@type\":\"EntryPoint\",\"urlTemplate\":\"https:\/\/stagpartynight.com\/es\/?s={search_term_string}\"},\"query-input\":{\"@type\":\"PropertyValueSpecification\",\"valueRequired\":true,\"valueName\":\"search_term_string\"}}],\"inLanguage\":\"es\"},{\"@type\":\"Organization\",\"@id\":\"https:\/\/stagpartynight.com\/es\/#organization\",\"name\":\"Stag Party Night\",\"url\":\"https:\/\/stagpartynight.com\/es\/\",\"logo\":{\"@type\":\"ImageObject\",\"inLanguage\":\"es\",\"@id\":\"https:\/\/stagpartynight.com\/es\/#\/schema\/logo\/image\/\",\"url\":\"https:\/\/stagpartynight.com\/es\/wp-content\/uploads\/sites\/2\/2019\/12\/stagpartynight-e1578565505687.png\",\"contentUrl\":\"https:\/\/stagpartynight.com\/es\/wp-content\/uploads\/sites\/2\/2019\/12\/stagpartynight-e1578565505687.png\",\"width\":400,\"height\":400,\"caption\":\"Stag Party Night\"},\"image\":{\"@id\":\"https:\/\/stagpartynight.com\/es\/#\/schema\/logo\/image\/\"}}]}<\/script>\n<!-- \/ Yoast SEO plugin. -->","yoast_head_json":{"title":"Striper Mujer Mallorca","description":"Striper Mujer Mallorca. Striptease privado. Participa con tu grupo en un evento er\u00f3tico y sensual. Posibilidad de actuar en piso, sala privada o limusina","robots":{"index":"index","follow":"follow","max-snippet":"max-snippet:-1","max-image-preview":"max-image-preview:large","max-video-preview":"max-video-preview:-1"},"canonical":"https:\/\/stagpartynight.com\/es\/product\/striper-mujer-mallorca\/","og_locale":"es_ES","og_type":"article","og_title":"Striper Mujer Mallorca","og_description":"Striper Mujer Mallorca. Striptease privado. Participa con tu grupo en un evento er\u00f3tico y sensual. Posibilidad de actuar en piso, sala privada o limusina","og_url":"https:\/\/stagpartynight.com\/es\/product\/striper-mujer-mallorca\/","og_site_name":"Despedida de Soltero","article_modified_time":"2024-01-18T11:33:19+00:00","og_image":[{"width":738,"height":1070,"url":"https:\/\/stagpartynight.com\/es\/wp-content\/uploads\/sites\/2\/2024\/01\/Girls-5.jpeg","type":"image\/jpeg"}],"twitter_card":"summary_large_image","twitter_misc":{"Tiempo de lectura":"2 minutos"},"schema":{"@context":"https:\/\/schema.org","@graph":[{"@type":"WebPage","@id":"https:\/\/stagpartynight.com\/es\/product\/striper-mujer-mallorca\/","url":"https:\/\/stagpartynight.com\/es\/product\/striper-mujer-mallorca\/","name":"Striper Mujer Mallorca","isPartOf":{"@id":"https:\/\/stagpartynight.com\/es\/#website"},"primaryImageOfPage":{"@id":"https:\/\/stagpartynight.com\/es\/product\/striper-mujer-mallorca\/#primaryimage"},"image":{"@id":"https:\/\/stagpartynight.com\/es\/product\/striper-mujer-mallorca\/#primaryimage"},"thumbnailUrl":"https:\/\/stagpartynight.com\/es\/wp-content\/uploads\/sites\/2\/2024\/01\/Girls-5.jpeg","datePublished":"2021-02-05T10:23:22+00:00","dateModified":"2024-01-18T11:33:19+00:00","description":"Striper Mujer Mallorca. Striptease privado. Participa con tu grupo en un evento er\u00f3tico y sensual. Posibilidad de actuar en piso, sala privada o limusina","breadcrumb":{"@id":"https:\/\/stagpartynight.com\/es\/product\/striper-mujer-mallorca\/#breadcrumb"},"inLanguage":"es","potentialAction":[{"@type":"ReadAction","target":["https:\/\/stagpartynight.com\/es\/product\/striper-mujer-mallorca\/"]}]},{"@type":"ImageObject","inLanguage":"es","@id":"https:\/\/stagpartynight.com\/es\/product\/striper-mujer-mallorca\/#primaryimage","url":"https:\/\/stagpartynight.com\/es\/wp-content\/uploads\/sites\/2\/2024\/01\/Girls-5.jpeg","contentUrl":"https:\/\/stagpartynight.com\/es\/wp-content\/uploads\/sites\/2\/2024\/01\/Girls-5.jpeg","width":738,"height":1070,"caption":"Striper Mujer Mallorca"},{"@type":"BreadcrumbList","@id":"https:\/\/stagpartynight.com\/es\/product\/striper-mujer-mallorca\/#breadcrumb","itemListElement":[{"@type":"ListItem","position":1,"name":"Home","item":"https:\/\/stagpartynight.com\/es\/"},{"@type":"ListItem","position":2,"name":"Tienda","item":"https:\/\/stagpartynight.com\/es\/tienda\/"},{"@type":"ListItem","position":3,"name":"Striper Mujer Mallorca"}]},{"@type":"WebSite","@id":"https:\/\/stagpartynight.com\/es\/#website","url":"https:\/\/stagpartynight.com\/es\/","name":"Stag Party Night","description":"Your Stag Party Customized","publisher":{"@id":"https:\/\/stagpartynight.com\/es\/#organization"},"potentialAction":[{"@type":"SearchAction","target":{"@type":"EntryPoint","urlTemplate":"https:\/\/stagpartynight.com\/es\/?s={search_term_string}"},"query-input":{"@type":"PropertyValueSpecification","valueRequired":true,"valueName":"search_term_string"}}],"inLanguage":"es"},{"@type":"Organization","@id":"https:\/\/stagpartynight.com\/es\/#organization","name":"Stag Party Night","url":"https:\/\/stagpartynight.com\/es\/","logo":{"@type":"ImageObject","inLanguage":"es","@id":"https:\/\/stagpartynight.com\/es\/#\/schema\/logo\/image\/","url":"https:\/\/stagpartynight.com\/es\/wp-content\/uploads\/sites\/2\/2019\/12\/stagpartynight-e1578565505687.png","contentUrl":"https:\/\/stagpartynight.com\/es\/wp-content\/uploads\/sites\/2\/2019\/12\/stagpartynight-e1578565505687.png","width":400,"height":400,"caption":"Stag Party Night"},"image":{"@id":"https:\/\/stagpartynight.com\/es\/#\/schema\/logo\/image\/"}}]}},"_links":{"self":[{"href":"https:\/\/stagpartynight.com\/es\/wp-json\/wp\/v2\/product\/3432","targetHints":{"allow":["GET"]}}],"collection":[{"href":"https:\/\/stagpartynight.com\/es\/wp-json\/wp\/v2\/product"}],"about":[{"href":"https:\/\/stagpartynight.com\/es\/wp-json\/wp\/v2\/types\/product"}],"replies":[{"embeddable":true,"href":"https:\/\/stagpartynight.com\/es\/wp-json\/wp\/v2\/comments?post=3432"}],"wp:featuredmedia":[{"embeddable":true,"href":"https:\/\/stagpartynight.com\/es\/wp-json\/wp\/v2\/media\/3624"}],"wp:attachment":[{"href":"https:\/\/stagpartynight.com\/es\/wp-json\/wp\/v2\/media?parent=3432"}],"wp:term":[{"taxonomy":"product_brand","embeddable":true,"href":"https:\/\/stagpartynight.com\/es\/wp-json\/wp\/v2\/product_brand?post=3432"},{"taxonomy":"product_cat","embeddable":true,"href":"https:\/\/stagpartynight.com\/es\/wp-json\/wp\/v2\/product_cat?post=3432"},{"taxonomy":"product_tag","embeddable":true,"href":"https:\/\/stagpartynight.com\/es\/wp-json\/wp\/v2\/product_tag?post=3432"}],"curies":[{"name":"wp","href":"https:\/\/api.w.org\/{rel}","templated":true}]}}