{"id":3433,"date":"2021-02-05T11:27:19","date_gmt":"2021-02-05T10:27:19","guid":{"rendered":"https:\/\/stagpartynight.com\/fr\/?post_type=product&#038;p=1981"},"modified":"2024-01-18T12:33:19","modified_gmt":"2024-01-18T11:33:19","slug":"traslados-mallorca","status":"publish","type":"product","link":"https:\/\/stagpartynight.com\/es\/product\/traslados-mallorca\/","title":{"rendered":"Traslados Mallorca"},"content":{"rendered":"<div>Traslados Mallorca. Transporte Privado Mallorca. Transporte privado para su grupo en Mallorca. M\u00e1s servicios disponibles.<\/div>\n<div><\/div>\n<div>\u00a1Las mejores despedidas de soltero con <a href=\"https:\/\/stagpartynight.com\/\">StagParty<\/a>!<\/div>\n<div><\/div>\n<h2 style=\"text-align: center;\">\ud83c\udf1f Transporte Privado Mallorca<\/h2>\n<h4>\u00a1Trasl\u00e1date con estilo en Mallorca! \ud83d\ude97<\/h4>\n<div>Cansado del estr\u00e9s de conducir en vacaciones? \u00a1D\u00e9janos coger el volante! Con nuestra agencia, descubre el mejor transporte privado para ti y tu grupo en Mallorca.<\/div>\n<div><\/div>\n<div>\ud83c\udf34 Olv\u00eddate del estr\u00e9s de conducir: Las vacaciones son para relajarse, no para preocuparse por el tr\u00e1fico. Reserva nuestros traslados privados y deja que te llevemos, ya sea desde el aeropuerto de Mallorca a tu alojamiento o a las discotecas y actividades imprescindibles de la isla.<\/div>\n<div><\/div>\n<div>\u2708\ufe0fDu Terminal a su destino: Desde el momento en que aterrice, nuestro equipo especializado estar\u00e1 listo para darle la bienvenida. Evite las molestias y perm\u00edtanos organizar su transporte, desde elegantes coches hasta espaciosos autobuses, dependiendo del tama\u00f1o de su grupo.<\/div>\n<div><\/div>\n<div>\ud83c\udf1f Comodidad y conveniencia: No se preocupe m\u00e1s por la log\u00edstica. Con nuestros servicios de transporte privado, podr\u00e1 centrarse en lo que realmente importa: disfrutar de sus vacaciones. \u00a1Reserva ahora para un viaje a Mallorca sin estr\u00e9s!<\/div>\n<div><\/div>\n<div>\ud83d\ude97 Veh\u00edculos adaptados a tus necesidades: Tanto si viajas con un grupo peque\u00f1o como con uno grande, tenemos la soluci\u00f3n perfecta. Opta por la comodidad y la tranquilidad con nuestro transporte privado.<\/div>\n<div><\/div>\n<div>\n<div><\/div>\n<div>Prep\u00e1rese para explorar Mallorca con toda tranquilidad.<\/div>\n<div><\/div>\n<div>Reserva hoy y disfruta de unas vacaciones sin preocupaciones con nuestros servicios de transporte privado de calidad. \ud83c\udf34<\/div>\n<div><\/div>\n<div style=\"text-align: center;\">\u00a1Reserva Transporte Privado <a href=\"https:\/\/es.wikipedia.org\/wiki\/Mallorca\">Mallorca<\/a>!<\/div>\n<\/div>\n","protected":false},"excerpt":{"rendered":"<p>Traslados Mallorca. Transporte Privado Mallorca. Transporte privado para su grupo en Mallorca. M\u00e1s servicios disponibles.<\/p>\n","protected":false},"featured_media":49,"comment_status":"open","ping_status":"closed","template":"","meta":{"_et_pb_use_builder":"","_et_pb_old_content":"","_et_gb_content_width":""},"product_brand":[],"product_cat":[342],"product_tag":[1191,1192,1193],"class_list":{"0":"post-3433","1":"product","2":"type-product","3":"status-publish","4":"has-post-thumbnail","6":"product_cat-mallorca","7":"product_tag-transferts-majorque","8":"product_tag-transport-de-groupe-a-majorque","9":"product_tag-transport-prive-a-mallorca","11":"first","12":"instock","13":"virtual","14":"product-type-simple"},"yoast_head":"<!-- This site is optimized with the Yoast SEO plugin v26.4 - https:\/\/yoast.com\/wordpress\/plugins\/seo\/ -->\n<title>Traslados Mallorca<\/title>\n<meta name=\"description\" content=\"Traslados Mallorca. Transporte Privado Mallorca. Transporte privado para su grupo en Mallorca. M\u00e1s servicios disponibles.\" \/>\n<meta name=\"robots\" content=\"index, follow, max-snippet:-1, max-image-preview:large, max-video-preview:-1\" \/>\n<link rel=\"canonical\" href=\"https:\/\/stagpartynight.com\/es\/product\/traslados-mallorca\/\" \/>\n<meta property=\"og:locale\" content=\"es_ES\" \/>\n<meta property=\"og:type\" content=\"article\" \/>\n<meta property=\"og:title\" content=\"Traslados Mallorca\" \/>\n<meta property=\"og:description\" content=\"Traslados Mallorca. Transporte Privado Mallorca. Transporte privado para su grupo en Mallorca. M\u00e1s servicios disponibles.\" \/>\n<meta property=\"og:url\" content=\"https:\/\/stagpartynight.com\/es\/product\/traslados-mallorca\/\" \/>\n<meta property=\"og:site_name\" content=\"Despedida de Soltero\" \/>\n<meta property=\"article:modified_time\" content=\"2024-01-18T11:33:19+00:00\" \/>\n<meta property=\"og:image\" content=\"https:\/\/stagpartynight.com\/es\/wp-content\/uploads\/sites\/2\/2019\/12\/transportation-services-09.png\" \/>\n\t<meta property=\"og:image:width\" content=\"1920\" \/>\n\t<meta property=\"og:image:height\" content=\"796\" \/>\n\t<meta property=\"og:image:type\" content=\"image\/png\" \/>\n<meta name=\"twitter:card\" content=\"summary_large_image\" \/>\n<meta name=\"twitter:label1\" content=\"Tiempo de lectura\" \/>\n\t<meta name=\"twitter:data1\" content=\"2 minutos\" \/>\n<script type=\"application\/ld+json\" class=\"yoast-schema-graph\">{\"@context\":\"https:\/\/schema.org\",\"@graph\":[{\"@type\":\"WebPage\",\"@id\":\"https:\/\/stagpartynight.com\/es\/product\/traslados-mallorca\/\",\"url\":\"https:\/\/stagpartynight.com\/es\/product\/traslados-mallorca\/\",\"name\":\"Traslados Mallorca\",\"isPartOf\":{\"@id\":\"https:\/\/stagpartynight.com\/es\/#website\"},\"primaryImageOfPage\":{\"@id\":\"https:\/\/stagpartynight.com\/es\/product\/traslados-mallorca\/#primaryimage\"},\"image\":{\"@id\":\"https:\/\/stagpartynight.com\/es\/product\/traslados-mallorca\/#primaryimage\"},\"thumbnailUrl\":\"https:\/\/stagpartynight.com\/es\/wp-content\/uploads\/sites\/2\/2019\/12\/transportation-services-09.png\",\"datePublished\":\"2021-02-05T10:27:19+00:00\",\"dateModified\":\"2024-01-18T11:33:19+00:00\",\"description\":\"Traslados Mallorca. Transporte Privado Mallorca. Transporte privado para su grupo en Mallorca. M\u00e1s servicios disponibles.\",\"breadcrumb\":{\"@id\":\"https:\/\/stagpartynight.com\/es\/product\/traslados-mallorca\/#breadcrumb\"},\"inLanguage\":\"es\",\"potentialAction\":[{\"@type\":\"ReadAction\",\"target\":[\"https:\/\/stagpartynight.com\/es\/product\/traslados-mallorca\/\"]}]},{\"@type\":\"ImageObject\",\"inLanguage\":\"es\",\"@id\":\"https:\/\/stagpartynight.com\/es\/product\/traslados-mallorca\/#primaryimage\",\"url\":\"https:\/\/stagpartynight.com\/es\/wp-content\/uploads\/sites\/2\/2019\/12\/transportation-services-09.png\",\"contentUrl\":\"https:\/\/stagpartynight.com\/es\/wp-content\/uploads\/sites\/2\/2019\/12\/transportation-services-09.png\",\"width\":1920,\"height\":796,\"caption\":\"Transporte privado en Ibiza\"},{\"@type\":\"BreadcrumbList\",\"@id\":\"https:\/\/stagpartynight.com\/es\/product\/traslados-mallorca\/#breadcrumb\",\"itemListElement\":[{\"@type\":\"ListItem\",\"position\":1,\"name\":\"Home\",\"item\":\"https:\/\/stagpartynight.com\/es\/\"},{\"@type\":\"ListItem\",\"position\":2,\"name\":\"Tienda\",\"item\":\"https:\/\/stagpartynight.com\/es\/tienda\/\"},{\"@type\":\"ListItem\",\"position\":3,\"name\":\"Traslados Mallorca\"}]},{\"@type\":\"WebSite\",\"@id\":\"https:\/\/stagpartynight.com\/es\/#website\",\"url\":\"https:\/\/stagpartynight.com\/es\/\",\"name\":\"Stag Party Night\",\"description\":\"Your Stag Party Customized\",\"publisher\":{\"@id\":\"https:\/\/stagpartynight.com\/es\/#organization\"},\"potentialAction\":[{\"@type\":\"SearchAction\",\"target\":{\"@type\":\"EntryPoint\",\"urlTemplate\":\"https:\/\/stagpartynight.com\/es\/?s={search_term_string}\"},\"query-input\":{\"@type\":\"PropertyValueSpecification\",\"valueRequired\":true,\"valueName\":\"search_term_string\"}}],\"inLanguage\":\"es\"},{\"@type\":\"Organization\",\"@id\":\"https:\/\/stagpartynight.com\/es\/#organization\",\"name\":\"Stag Party Night\",\"url\":\"https:\/\/stagpartynight.com\/es\/\",\"logo\":{\"@type\":\"ImageObject\",\"inLanguage\":\"es\",\"@id\":\"https:\/\/stagpartynight.com\/es\/#\/schema\/logo\/image\/\",\"url\":\"https:\/\/stagpartynight.com\/es\/wp-content\/uploads\/sites\/2\/2019\/12\/stagpartynight-e1578565505687.png\",\"contentUrl\":\"https:\/\/stagpartynight.com\/es\/wp-content\/uploads\/sites\/2\/2019\/12\/stagpartynight-e1578565505687.png\",\"width\":400,\"height\":400,\"caption\":\"Stag Party Night\"},\"image\":{\"@id\":\"https:\/\/stagpartynight.com\/es\/#\/schema\/logo\/image\/\"}}]}<\/script>\n<!-- \/ Yoast SEO plugin. -->","yoast_head_json":{"title":"Traslados Mallorca","description":"Traslados Mallorca. Transporte Privado Mallorca. Transporte privado para su grupo en Mallorca. M\u00e1s servicios disponibles.","robots":{"index":"index","follow":"follow","max-snippet":"max-snippet:-1","max-image-preview":"max-image-preview:large","max-video-preview":"max-video-preview:-1"},"canonical":"https:\/\/stagpartynight.com\/es\/product\/traslados-mallorca\/","og_locale":"es_ES","og_type":"article","og_title":"Traslados Mallorca","og_description":"Traslados Mallorca. Transporte Privado Mallorca. Transporte privado para su grupo en Mallorca. M\u00e1s servicios disponibles.","og_url":"https:\/\/stagpartynight.com\/es\/product\/traslados-mallorca\/","og_site_name":"Despedida de Soltero","article_modified_time":"2024-01-18T11:33:19+00:00","og_image":[{"width":1920,"height":796,"url":"https:\/\/stagpartynight.com\/es\/wp-content\/uploads\/sites\/2\/2019\/12\/transportation-services-09.png","type":"image\/png"}],"twitter_card":"summary_large_image","twitter_misc":{"Tiempo de lectura":"2 minutos"},"schema":{"@context":"https:\/\/schema.org","@graph":[{"@type":"WebPage","@id":"https:\/\/stagpartynight.com\/es\/product\/traslados-mallorca\/","url":"https:\/\/stagpartynight.com\/es\/product\/traslados-mallorca\/","name":"Traslados Mallorca","isPartOf":{"@id":"https:\/\/stagpartynight.com\/es\/#website"},"primaryImageOfPage":{"@id":"https:\/\/stagpartynight.com\/es\/product\/traslados-mallorca\/#primaryimage"},"image":{"@id":"https:\/\/stagpartynight.com\/es\/product\/traslados-mallorca\/#primaryimage"},"thumbnailUrl":"https:\/\/stagpartynight.com\/es\/wp-content\/uploads\/sites\/2\/2019\/12\/transportation-services-09.png","datePublished":"2021-02-05T10:27:19+00:00","dateModified":"2024-01-18T11:33:19+00:00","description":"Traslados Mallorca. Transporte Privado Mallorca. Transporte privado para su grupo en Mallorca. M\u00e1s servicios disponibles.","breadcrumb":{"@id":"https:\/\/stagpartynight.com\/es\/product\/traslados-mallorca\/#breadcrumb"},"inLanguage":"es","potentialAction":[{"@type":"ReadAction","target":["https:\/\/stagpartynight.com\/es\/product\/traslados-mallorca\/"]}]},{"@type":"ImageObject","inLanguage":"es","@id":"https:\/\/stagpartynight.com\/es\/product\/traslados-mallorca\/#primaryimage","url":"https:\/\/stagpartynight.com\/es\/wp-content\/uploads\/sites\/2\/2019\/12\/transportation-services-09.png","contentUrl":"https:\/\/stagpartynight.com\/es\/wp-content\/uploads\/sites\/2\/2019\/12\/transportation-services-09.png","width":1920,"height":796,"caption":"Transporte privado en Ibiza"},{"@type":"BreadcrumbList","@id":"https:\/\/stagpartynight.com\/es\/product\/traslados-mallorca\/#breadcrumb","itemListElement":[{"@type":"ListItem","position":1,"name":"Home","item":"https:\/\/stagpartynight.com\/es\/"},{"@type":"ListItem","position":2,"name":"Tienda","item":"https:\/\/stagpartynight.com\/es\/tienda\/"},{"@type":"ListItem","position":3,"name":"Traslados Mallorca"}]},{"@type":"WebSite","@id":"https:\/\/stagpartynight.com\/es\/#website","url":"https:\/\/stagpartynight.com\/es\/","name":"Stag Party Night","description":"Your Stag Party Customized","publisher":{"@id":"https:\/\/stagpartynight.com\/es\/#organization"},"potentialAction":[{"@type":"SearchAction","target":{"@type":"EntryPoint","urlTemplate":"https:\/\/stagpartynight.com\/es\/?s={search_term_string}"},"query-input":{"@type":"PropertyValueSpecification","valueRequired":true,"valueName":"search_term_string"}}],"inLanguage":"es"},{"@type":"Organization","@id":"https:\/\/stagpartynight.com\/es\/#organization","name":"Stag Party Night","url":"https:\/\/stagpartynight.com\/es\/","logo":{"@type":"ImageObject","inLanguage":"es","@id":"https:\/\/stagpartynight.com\/es\/#\/schema\/logo\/image\/","url":"https:\/\/stagpartynight.com\/es\/wp-content\/uploads\/sites\/2\/2019\/12\/stagpartynight-e1578565505687.png","contentUrl":"https:\/\/stagpartynight.com\/es\/wp-content\/uploads\/sites\/2\/2019\/12\/stagpartynight-e1578565505687.png","width":400,"height":400,"caption":"Stag Party Night"},"image":{"@id":"https:\/\/stagpartynight.com\/es\/#\/schema\/logo\/image\/"}}]}},"_links":{"self":[{"href":"https:\/\/stagpartynight.com\/es\/wp-json\/wp\/v2\/product\/3433","targetHints":{"allow":["GET"]}}],"collection":[{"href":"https:\/\/stagpartynight.com\/es\/wp-json\/wp\/v2\/product"}],"about":[{"href":"https:\/\/stagpartynight.com\/es\/wp-json\/wp\/v2\/types\/product"}],"replies":[{"embeddable":true,"href":"https:\/\/stagpartynight.com\/es\/wp-json\/wp\/v2\/comments?post=3433"}],"wp:featuredmedia":[{"embeddable":true,"href":"https:\/\/stagpartynight.com\/es\/wp-json\/wp\/v2\/media\/49"}],"wp:attachment":[{"href":"https:\/\/stagpartynight.com\/es\/wp-json\/wp\/v2\/media?parent=3433"}],"wp:term":[{"taxonomy":"product_brand","embeddable":true,"href":"https:\/\/stagpartynight.com\/es\/wp-json\/wp\/v2\/product_brand?post=3433"},{"taxonomy":"product_cat","embeddable":true,"href":"https:\/\/stagpartynight.com\/es\/wp-json\/wp\/v2\/product_cat?post=3433"},{"taxonomy":"product_tag","embeddable":true,"href":"https:\/\/stagpartynight.com\/es\/wp-json\/wp\/v2\/product_tag?post=3433"}],"curies":[{"name":"wp","href":"https:\/\/api.w.org\/{rel}","templated":true}]}}