{"id":3434,"date":"2021-02-05T11:32:25","date_gmt":"2021-02-05T10:32:25","guid":{"rendered":"https:\/\/stagpartynight.com\/fr\/?post_type=product&#038;p=1983"},"modified":"2024-01-18T12:33:18","modified_gmt":"2024-01-18T11:33:18","slug":"show-lesbico-mallorca","status":"publish","type":"product","link":"https:\/\/stagpartynight.com\/es\/product\/show-lesbico-mallorca\/","title":{"rendered":"Show L\u00e9sbico Mallorca"},"content":{"rendered":"<div>Show L\u00e9sbico Mallorca. Striptease l\u00e9sbico en Mallorca. Sorprende al novio con un show l\u00e9sbico \u00fanico y especial. Espect\u00e1culo er\u00f3tico, divertido y participativo. Posibilidad de elegir las strippers. Posibilidad de desplazamiento a tu piso, chalet, restaurante, bar con sal\u00f3n privado o incluso en limusina.<\/div>\n<div><\/div>\n<div>\u00a1Las mejores despedidas de soltero <a href=\"https:\/\/stagpartynight.com\/\">StagParty<\/a>!<\/div>\n<div><\/div>\n<h2 style=\"text-align: center;\">Show L\u00e9sbico Mallorca\ud83d\udd25<\/h2>\n<h4>Experimenta la sensualidad y la diversi\u00f3n: \u00a1un striptease no de una chica, sino de dos! \ud83d\udd25<\/h4>\n<div>Reserva un momento de puro erotismo y placer con nuestro exclusivo espect\u00e1culo de baile sensual de quince minutos. Dos bailarinas en exclusiva para ti, aportando un toque de sensualidad y placer donde t\u00fa quieras, acompa\u00f1adas de su m\u00fasica elegida para la ocasi\u00f3n.<\/div>\n<div><\/div>\n<div>Si una es sexy, las dos juntas son erotismo en estado puro:<\/div>\n<div><\/div>\n<div>Todos sabemos lo sexy que es un striptease y c\u00f3mo sube la temperatura con la bailarina, imag\u00ednate c\u00f3mo es con dos. Son muy cari\u00f1osos entre ellos, se tocan, se rozan, incluso se ayudan a desnudarse&#8230;..<\/div>\n<div><\/div>\n<div>\ud83d\udc83 Una experiencia a tu medida:<\/div>\n<div><\/div>\n<div>Este espect\u00e1culo gira en torno al novio. Los bailarines se mueven donde t\u00fa quieras, garantizando una experiencia personalizada y \u00fanica. En un ambiente \u00edntimo en casa o en un lugar especial, prep\u00e1rate para ser la estrella de un espect\u00e1culo inolvidable.<\/div>\n<div>\n<div><\/div>\n<div><\/div>\n<div>\ud83d\udd25 Un espect\u00e1culo que deja huella:<\/div>\n<div><\/div>\n<div>El ambiente sensual, la temperatura subiendo y todos tus amigos maravillados por la calidad del baile y el cari\u00f1o de las bailarinas. Cada movimiento est\u00e1 dise\u00f1ado para excitar&#8230; \u00a1<\/div>\n<div>\u00a1Disfruta del pecado en Palma de Mallorca o Magaluf!<\/div>\n<div><\/div>\n<div style=\"text-align: center;\">\u00a1Reserva ya nuestro Show Lesbico <a href=\"https:\/\/es.wikipedia.org\/wiki\/Mallorca\">Mallorca<\/a>!<\/div>\n<\/div>\n","protected":false},"excerpt":{"rendered":"<p><span style=\"vertical-align: inherit;\"><span style=\"vertical-align: inherit;\">Haz que el evento de tu mejor amigo sea especial y \u00fanico. <\/span><span style=\"vertical-align: inherit;\">El striptease l\u00e9sbico es un espect\u00e1culo sensual, er\u00f3tico, festivo y participativo. <\/span><span style=\"vertical-align: inherit;\">Disfruta el momento y guarda el recuerdo para siempre.<\/span><\/span><\/p>\n","protected":false},"featured_media":3718,"comment_status":"open","ping_status":"closed","template":"","meta":{"_et_pb_use_builder":"","_et_pb_old_content":"","_et_gb_content_width":""},"product_brand":[],"product_cat":[342],"product_tag":[1322],"class_list":{"0":"post-3434","1":"product","2":"type-product","3":"status-publish","4":"has-post-thumbnail","6":"product_cat-mallorca","7":"product_tag-show-lesbico-mallorca","9":"first","10":"instock","11":"virtual","12":"product-type-simple"},"yoast_head":"<!-- This site is optimized with the Yoast SEO plugin v26.4 - https:\/\/yoast.com\/wordpress\/plugins\/seo\/ -->\n<title>Show L\u00e9sbico Mallorca<\/title>\n<meta name=\"description\" content=\"Show L\u00e9sbico Mallorca. El striptease l\u00e9sbico es un espect\u00e1culo sensual, er\u00f3tico, festivo y participativo - Streaptease lesbico - Hot Girls - Mallorc\" \/>\n<meta name=\"robots\" content=\"index, follow, max-snippet:-1, max-image-preview:large, max-video-preview:-1\" \/>\n<link rel=\"canonical\" href=\"https:\/\/stagpartynight.com\/es\/product\/show-lesbico-mallorca\/\" \/>\n<meta property=\"og:locale\" content=\"es_ES\" \/>\n<meta property=\"og:type\" content=\"article\" \/>\n<meta property=\"og:title\" content=\"Show L\u00e9sbico Mallorca\" \/>\n<meta property=\"og:description\" content=\"Show L\u00e9sbico Mallorca. El striptease l\u00e9sbico es un espect\u00e1culo sensual, er\u00f3tico, festivo y participativo - Streaptease lesbico - Hot Girls - Mallorc\" \/>\n<meta property=\"og:url\" content=\"https:\/\/stagpartynight.com\/es\/product\/show-lesbico-mallorca\/\" \/>\n<meta property=\"og:site_name\" content=\"Despedida de Soltero\" \/>\n<meta property=\"article:modified_time\" content=\"2024-01-18T11:33:18+00:00\" \/>\n<meta property=\"og:image\" content=\"https:\/\/stagpartynight.com\/es\/wp-content\/uploads\/sites\/2\/2021\/02\/Show-Lesbico-Mallorca.jpg\" \/>\n\t<meta property=\"og:image:width\" content=\"809\" \/>\n\t<meta property=\"og:image:height\" content=\"1300\" \/>\n\t<meta property=\"og:image:type\" content=\"image\/jpeg\" \/>\n<meta name=\"twitter:card\" content=\"summary_large_image\" \/>\n<meta name=\"twitter:label1\" content=\"Tiempo de lectura\" \/>\n\t<meta name=\"twitter:data1\" content=\"2 minutos\" \/>\n<script type=\"application\/ld+json\" class=\"yoast-schema-graph\">{\"@context\":\"https:\/\/schema.org\",\"@graph\":[{\"@type\":\"WebPage\",\"@id\":\"https:\/\/stagpartynight.com\/es\/product\/show-lesbico-mallorca\/\",\"url\":\"https:\/\/stagpartynight.com\/es\/product\/show-lesbico-mallorca\/\",\"name\":\"Show L\u00e9sbico Mallorca\",\"isPartOf\":{\"@id\":\"https:\/\/stagpartynight.com\/es\/#website\"},\"primaryImageOfPage\":{\"@id\":\"https:\/\/stagpartynight.com\/es\/product\/show-lesbico-mallorca\/#primaryimage\"},\"image\":{\"@id\":\"https:\/\/stagpartynight.com\/es\/product\/show-lesbico-mallorca\/#primaryimage\"},\"thumbnailUrl\":\"https:\/\/stagpartynight.com\/es\/wp-content\/uploads\/sites\/2\/2021\/02\/Show-Lesbico-Mallorca.jpg\",\"datePublished\":\"2021-02-05T10:32:25+00:00\",\"dateModified\":\"2024-01-18T11:33:18+00:00\",\"description\":\"Show L\u00e9sbico Mallorca. El striptease l\u00e9sbico es un espect\u00e1culo sensual, er\u00f3tico, festivo y participativo - Streaptease lesbico - Hot Girls - Mallorc\",\"breadcrumb\":{\"@id\":\"https:\/\/stagpartynight.com\/es\/product\/show-lesbico-mallorca\/#breadcrumb\"},\"inLanguage\":\"es\",\"potentialAction\":[{\"@type\":\"ReadAction\",\"target\":[\"https:\/\/stagpartynight.com\/es\/product\/show-lesbico-mallorca\/\"]}]},{\"@type\":\"ImageObject\",\"inLanguage\":\"es\",\"@id\":\"https:\/\/stagpartynight.com\/es\/product\/show-lesbico-mallorca\/#primaryimage\",\"url\":\"https:\/\/stagpartynight.com\/es\/wp-content\/uploads\/sites\/2\/2021\/02\/Show-Lesbico-Mallorca.jpg\",\"contentUrl\":\"https:\/\/stagpartynight.com\/es\/wp-content\/uploads\/sites\/2\/2021\/02\/Show-Lesbico-Mallorca.jpg\",\"width\":809,\"height\":1300,\"caption\":\"Show L\u00e9sbico Mallorca\"},{\"@type\":\"BreadcrumbList\",\"@id\":\"https:\/\/stagpartynight.com\/es\/product\/show-lesbico-mallorca\/#breadcrumb\",\"itemListElement\":[{\"@type\":\"ListItem\",\"position\":1,\"name\":\"Home\",\"item\":\"https:\/\/stagpartynight.com\/es\/\"},{\"@type\":\"ListItem\",\"position\":2,\"name\":\"Tienda\",\"item\":\"https:\/\/stagpartynight.com\/es\/tienda\/\"},{\"@type\":\"ListItem\",\"position\":3,\"name\":\"Show L\u00e9sbico Mallorca\"}]},{\"@type\":\"WebSite\",\"@id\":\"https:\/\/stagpartynight.com\/es\/#website\",\"url\":\"https:\/\/stagpartynight.com\/es\/\",\"name\":\"Stag Party Night\",\"description\":\"Your Stag Party Customized\",\"publisher\":{\"@id\":\"https:\/\/stagpartynight.com\/es\/#organization\"},\"potentialAction\":[{\"@type\":\"SearchAction\",\"target\":{\"@type\":\"EntryPoint\",\"urlTemplate\":\"https:\/\/stagpartynight.com\/es\/?s={search_term_string}\"},\"query-input\":{\"@type\":\"PropertyValueSpecification\",\"valueRequired\":true,\"valueName\":\"search_term_string\"}}],\"inLanguage\":\"es\"},{\"@type\":\"Organization\",\"@id\":\"https:\/\/stagpartynight.com\/es\/#organization\",\"name\":\"Stag Party Night\",\"url\":\"https:\/\/stagpartynight.com\/es\/\",\"logo\":{\"@type\":\"ImageObject\",\"inLanguage\":\"es\",\"@id\":\"https:\/\/stagpartynight.com\/es\/#\/schema\/logo\/image\/\",\"url\":\"https:\/\/stagpartynight.com\/es\/wp-content\/uploads\/sites\/2\/2019\/12\/stagpartynight-e1578565505687.png\",\"contentUrl\":\"https:\/\/stagpartynight.com\/es\/wp-content\/uploads\/sites\/2\/2019\/12\/stagpartynight-e1578565505687.png\",\"width\":400,\"height\":400,\"caption\":\"Stag Party Night\"},\"image\":{\"@id\":\"https:\/\/stagpartynight.com\/es\/#\/schema\/logo\/image\/\"}}]}<\/script>\n<!-- \/ Yoast SEO plugin. -->","yoast_head_json":{"title":"Show L\u00e9sbico Mallorca","description":"Show L\u00e9sbico Mallorca. El striptease l\u00e9sbico es un espect\u00e1culo sensual, er\u00f3tico, festivo y participativo - Streaptease lesbico - Hot Girls - Mallorc","robots":{"index":"index","follow":"follow","max-snippet":"max-snippet:-1","max-image-preview":"max-image-preview:large","max-video-preview":"max-video-preview:-1"},"canonical":"https:\/\/stagpartynight.com\/es\/product\/show-lesbico-mallorca\/","og_locale":"es_ES","og_type":"article","og_title":"Show L\u00e9sbico Mallorca","og_description":"Show L\u00e9sbico Mallorca. El striptease l\u00e9sbico es un espect\u00e1culo sensual, er\u00f3tico, festivo y participativo - Streaptease lesbico - Hot Girls - Mallorc","og_url":"https:\/\/stagpartynight.com\/es\/product\/show-lesbico-mallorca\/","og_site_name":"Despedida de Soltero","article_modified_time":"2024-01-18T11:33:18+00:00","og_image":[{"width":809,"height":1300,"url":"https:\/\/stagpartynight.com\/es\/wp-content\/uploads\/sites\/2\/2021\/02\/Show-Lesbico-Mallorca.jpg","type":"image\/jpeg"}],"twitter_card":"summary_large_image","twitter_misc":{"Tiempo de lectura":"2 minutos"},"schema":{"@context":"https:\/\/schema.org","@graph":[{"@type":"WebPage","@id":"https:\/\/stagpartynight.com\/es\/product\/show-lesbico-mallorca\/","url":"https:\/\/stagpartynight.com\/es\/product\/show-lesbico-mallorca\/","name":"Show L\u00e9sbico Mallorca","isPartOf":{"@id":"https:\/\/stagpartynight.com\/es\/#website"},"primaryImageOfPage":{"@id":"https:\/\/stagpartynight.com\/es\/product\/show-lesbico-mallorca\/#primaryimage"},"image":{"@id":"https:\/\/stagpartynight.com\/es\/product\/show-lesbico-mallorca\/#primaryimage"},"thumbnailUrl":"https:\/\/stagpartynight.com\/es\/wp-content\/uploads\/sites\/2\/2021\/02\/Show-Lesbico-Mallorca.jpg","datePublished":"2021-02-05T10:32:25+00:00","dateModified":"2024-01-18T11:33:18+00:00","description":"Show L\u00e9sbico Mallorca. El striptease l\u00e9sbico es un espect\u00e1culo sensual, er\u00f3tico, festivo y participativo - Streaptease lesbico - Hot Girls - Mallorc","breadcrumb":{"@id":"https:\/\/stagpartynight.com\/es\/product\/show-lesbico-mallorca\/#breadcrumb"},"inLanguage":"es","potentialAction":[{"@type":"ReadAction","target":["https:\/\/stagpartynight.com\/es\/product\/show-lesbico-mallorca\/"]}]},{"@type":"ImageObject","inLanguage":"es","@id":"https:\/\/stagpartynight.com\/es\/product\/show-lesbico-mallorca\/#primaryimage","url":"https:\/\/stagpartynight.com\/es\/wp-content\/uploads\/sites\/2\/2021\/02\/Show-Lesbico-Mallorca.jpg","contentUrl":"https:\/\/stagpartynight.com\/es\/wp-content\/uploads\/sites\/2\/2021\/02\/Show-Lesbico-Mallorca.jpg","width":809,"height":1300,"caption":"Show L\u00e9sbico Mallorca"},{"@type":"BreadcrumbList","@id":"https:\/\/stagpartynight.com\/es\/product\/show-lesbico-mallorca\/#breadcrumb","itemListElement":[{"@type":"ListItem","position":1,"name":"Home","item":"https:\/\/stagpartynight.com\/es\/"},{"@type":"ListItem","position":2,"name":"Tienda","item":"https:\/\/stagpartynight.com\/es\/tienda\/"},{"@type":"ListItem","position":3,"name":"Show L\u00e9sbico Mallorca"}]},{"@type":"WebSite","@id":"https:\/\/stagpartynight.com\/es\/#website","url":"https:\/\/stagpartynight.com\/es\/","name":"Stag Party Night","description":"Your Stag Party Customized","publisher":{"@id":"https:\/\/stagpartynight.com\/es\/#organization"},"potentialAction":[{"@type":"SearchAction","target":{"@type":"EntryPoint","urlTemplate":"https:\/\/stagpartynight.com\/es\/?s={search_term_string}"},"query-input":{"@type":"PropertyValueSpecification","valueRequired":true,"valueName":"search_term_string"}}],"inLanguage":"es"},{"@type":"Organization","@id":"https:\/\/stagpartynight.com\/es\/#organization","name":"Stag Party Night","url":"https:\/\/stagpartynight.com\/es\/","logo":{"@type":"ImageObject","inLanguage":"es","@id":"https:\/\/stagpartynight.com\/es\/#\/schema\/logo\/image\/","url":"https:\/\/stagpartynight.com\/es\/wp-content\/uploads\/sites\/2\/2019\/12\/stagpartynight-e1578565505687.png","contentUrl":"https:\/\/stagpartynight.com\/es\/wp-content\/uploads\/sites\/2\/2019\/12\/stagpartynight-e1578565505687.png","width":400,"height":400,"caption":"Stag Party Night"},"image":{"@id":"https:\/\/stagpartynight.com\/es\/#\/schema\/logo\/image\/"}}]}},"_links":{"self":[{"href":"https:\/\/stagpartynight.com\/es\/wp-json\/wp\/v2\/product\/3434","targetHints":{"allow":["GET"]}}],"collection":[{"href":"https:\/\/stagpartynight.com\/es\/wp-json\/wp\/v2\/product"}],"about":[{"href":"https:\/\/stagpartynight.com\/es\/wp-json\/wp\/v2\/types\/product"}],"replies":[{"embeddable":true,"href":"https:\/\/stagpartynight.com\/es\/wp-json\/wp\/v2\/comments?post=3434"}],"wp:featuredmedia":[{"embeddable":true,"href":"https:\/\/stagpartynight.com\/es\/wp-json\/wp\/v2\/media\/3718"}],"wp:attachment":[{"href":"https:\/\/stagpartynight.com\/es\/wp-json\/wp\/v2\/media?parent=3434"}],"wp:term":[{"taxonomy":"product_brand","embeddable":true,"href":"https:\/\/stagpartynight.com\/es\/wp-json\/wp\/v2\/product_brand?post=3434"},{"taxonomy":"product_cat","embeddable":true,"href":"https:\/\/stagpartynight.com\/es\/wp-json\/wp\/v2\/product_cat?post=3434"},{"taxonomy":"product_tag","embeddable":true,"href":"https:\/\/stagpartynight.com\/es\/wp-json\/wp\/v2\/product_tag?post=3434"}],"curies":[{"name":"wp","href":"https:\/\/api.w.org\/{rel}","templated":true}]}}